{"id":3567,"date":"2023-01-12T18:16:04","date_gmt":"2023-01-12T18:16:04","guid":{"rendered":"https:\/\/livinghome.vn\/thiet-bi\/?post_type=product&#038;p=3567"},"modified":"2024-11-29T14:20:18","modified_gmt":"2024-11-29T07:20:18","slug":"bo-3-loi-loc-nuoc-geyser-ecotar-5-cong-nghe-nano","status":"publish","type":"product","link":"https:\/\/livinghome.vn\/thiet-bi\/bo-3-loi-loc-nuoc-geyser-ecotar-5-cong-nghe-nano\/","title":{"rendered":"B\u1ed9 3 l\u00f5i l\u1ecdc n\u01b0\u1edbc Geyser Ecotar 5 c\u00f4ng ngh\u1ec7 nano"},"content":{"rendered":"<h2><strong>S\u1ea3n ph\u1ea9m B\u1ed9 3 l\u00f5i l\u1ecdc n\u01b0\u1edbc Geyser Ecotar 5 c\u00f4ng ngh\u1ec7 nano<\/strong><\/h2>\n<p><strong>B\u1ed9 3 l\u00f5i l\u1ecdc n\u01b0\u1edbc Geyser Ecotar 5<\/strong>\u00a0l\u00e0 d\u00f2ng s\u1ea3n ph\u1ea9m nh\u1eadp kh\u1ea9u c\u1ea5u t\u1ea1o 3 l\u00f5i l\u1ecdc nguy\u00ean kh\u1ed1i g\u1ed3m l\u00f5i l\u1ecdc Aquasoft 5, l\u00f5i l\u1ecdc Aragon 5, l\u00f5i l\u1ecdc CBC 5.<\/p>\n<p><strong>B\u1ed9 3 l\u00f5i l\u1ecdc n\u01b0\u1edbc Geyser Ecotar 5<\/strong>\u00a0c\u00f3 kh\u1ea3 n\u0103ng lo\u1ea1i b\u1ecf hi\u1ec7u qu\u1ea3 c\u00e1c t\u1ed3n d\u01b0 h\u00f3a ch\u1ea5t, \u0111\u1ed9c t\u1ed1, kim lo\u1ea1i n\u1eb7ng v\u00e0 c\u00e1c vi khu\u1ea9n c\u00f3 trong n\u01b0\u1edbc.\u00a0<strong>B\u1ed9 3 l\u00f5i l\u1ecdc<\/strong>\u00a0l\u00e0 s\u1ea3n ph\u1ea9m gi\u00fap l\u00e0m s\u1ea1ch ngu\u1ed3n n\u01b0\u1edbc, ph\u00f9 h\u1ee3p v\u1edbi m\u00f4i tr\u01b0\u1eddng c\u00f3 ngu\u1ed3n n\u01b0\u1edbc nhi\u1ec1u thu\u1ed9c t\u00ednh ph\u1ee9c t\u1ea1p nh\u01b0 Vi\u1ec7t Nam hi\u1ec7n nay.<\/p>\n<figure id=\"attachment_65878\" aria-describedby=\"caption-attachment-65878\" style=\"width: 800px\" class=\"wp-caption alignnone\"><img loading=\"lazy\" decoding=\"async\" class=\"size-large wp-image-65878\" src=\"https:\/\/livinghome.vn\/thiet-bi\/wp-content\/uploads\/loc-nuoc\/geyser\/bo-3-loi-loc-nuoc-geyser\/bo-3-loi-loc-nuoc-geyser-ecotar-5\/bo-3-loi-loc-nuoc-geyser-ecotar-5-1-800x800.jpg\" alt=\"B\u1ed9 3 l\u00f5i l\u1ecdc n\u01b0\u1edbc Geyser Ecotar 5 c\u00f4ng ngh\u1ec7 nano\" width=\"800\" height=\"800\" title=\"\"><figcaption id=\"caption-attachment-65878\" class=\"wp-caption-text\">B\u1ed9 3 l\u00f5i l\u1ecdc thay th\u1ebf m\u00e1y Geyser Ecotar 5<\/figcaption><\/figure>\n<h3><strong>T\u00ednh n\u0103ng n\u1ed5i b\u1eadt<\/strong><\/h3>\n<p><strong>B\u1ed9 3 l\u00f5i l\u1ecdc n\u01b0\u1edbc Geyser Ecotar 5<\/strong>\u00a0l\u00e0m nhi\u1ec7m v\u1ee5 t\u1ea1o n\u00ean ngu\u1ed3n n\u01b0\u1edbc s\u1ea1ch, \u0111\u1ea3m b\u1ea3o an to\u00e0n cho s\u1ee9c kh\u1ecfe ng\u01b0\u1eddi d\u00f9ng, c\u1ee5 th\u1ec3:<\/p>\n<ul>\n<li>H\u1ea5p ph\u1ee5 v\u00e0 lo\u1ea1i b\u1ecf t\u1ea5t c\u1ea3 c\u00e1c \u0111\u1ed9c t\u1ed1, kim lo\u1ea1i n\u1eb7ng c\u00f3 trong n\u01b0\u1edbc<\/li>\n<li>Trao \u0111\u1ed5i ion lo\u1ea1i b\u1ecf hi\u1ec7n t\u01b0\u1ee3ng b\u00e1m c\u1eb7n khi \u0111un n\u1ea5u v\u00e0 l\u00e0m m\u1ec1m n\u01b0\u1edbc c\u1ee9ng<\/li>\n<li>Di\u1ec7t khu\u1ea9n: Ti\u00eau di\u1ec7t c\u00e1c lo\u1ea1i vi khu\u1ea9n c\u00f3 h\u1ea1i t\u1ed3n t\u1ea1i trong n\u01b0\u1edbc, mang \u0111\u1ebfn ngu\u1ed3n n\u01b0\u1edbc s\u1ea1ch c\u00f3 th\u1ec3 u\u1ed1ng ngay m\u00e0 kh\u00f4ng c\u1ea7n \u0111un s\u00f4i<\/li>\n<li>T\u1ea1o kho\u00e1ng: S\u1ea3n ph\u1ea9m c\u00f3 kh\u1ea3 n\u0103ng t\u1ea1o kho\u00e1ng Zeolit t\u1ed1t cho s\u1ee9c kh\u1ecfe<\/li>\n<li>N\u01b0\u1edbc sau khi l\u1ecdc \u0111\u1ea1t chu\u1ea9n an to\u00e0n, c\u00f3 th\u1ec3 n\u01b0\u1edbc u\u1ed1ng tr\u1ef1c ti\u1ebfp m\u00e0 kh\u00f4ng c\u1ea7n \u0111un s\u00f4i theo ti\u00eau c\u1ee7a B\u1ed9 Y T\u1ebf<\/li>\n<\/ul>\n<h3><strong>C\u1ea5u t\u1ea1o<\/strong><\/h3>\n<p><strong>B\u1ed9 3 l\u00f5i l\u1ecdc n\u01b0\u1edbc Geyser Ecotar 5<\/strong>\u00a0l\u00e0 d\u00f2ng nh\u1eadp kh\u1ea9u nguy\u00ean chi\u1ebfc t\u1ea1i LB Nga v\u1edbi c\u1ea5u t\u1ea1o 3 l\u00f5i l\u1ecdc nguy\u00ean kh\u1ed1i g\u1ed3m l\u00f5i l\u1ecdc Aquasoft 5, l\u00f5i l\u1ecdc Aragon 5, l\u00f5i l\u1ecdc CBC 5.<\/p>\n<figure id=\"attachment_65880\" aria-describedby=\"caption-attachment-65880\" style=\"width: 800px\" class=\"wp-caption alignnone\"><img loading=\"lazy\" decoding=\"async\" class=\"size-large wp-image-65880\" src=\"https:\/\/livinghome.vn\/thiet-bi\/wp-content\/uploads\/loc-nuoc\/geyser\/bo-3-loi-loc-nuoc-geyser\/bo-3-loi-loc-nuoc-geyser-ecotar-5\/bo-3-loi-loc-nuoc-geyser-ecotar-5-2-800x800.jpg\" alt=\"B\u1ed9 3 l\u00f5i l\u1ecdc n\u01b0\u1edbc Geyser Ecotar 5 c\u00f4ng ngh\u1ec7 nano\" width=\"800\" height=\"800\" title=\"\"><figcaption id=\"caption-attachment-65880\" class=\"wp-caption-text\">C\u1ea5u t\u1ea1o c\u1ee7a B\u1ed9 3 l\u00f5i l\u1ecdc n\u01b0\u1edbc Geyser Ecotar 5<\/figcaption><\/figure>\n<h4><strong>L\u00f5i l\u1ecdc 1: L\u00f5i l\u1ecdc Aquasoft 5<\/strong><\/h4>\n<ul>\n<li>T\u00ednh n\u0103ng: L\u00f5i l\u1ecdc Aquasoft 5 l\u00e0m nhi\u1ec7m v\u1ee5 lo\u1ea1i b\u1ecf ho\u00e0n to\u00e0n c\u00e1c lo\u1ea1i kim lo\u1ea1i n\u1eb7ng, mu\u1ed1i s\u1eaft tan v\u00e0 kh\u00f4ng tan, clo, h\u1ee3p ch\u1ea5t h\u1eefu c\u01a1 v\u00e0 vi khu\u1ea9n.<\/li>\n<li>Th\u1eddi gian thay th\u1ebf: 12 th\u00e1ng ho\u1eb7c 7000 l\u00edt n\u01b0\u1edbc, t\u00f9y \u0111i\u1ec1u ki\u1ec7n n\u00e0o tr\u01b0\u1edbc.<\/li>\n<\/ul>\n<figure id=\"attachment_65879\" aria-describedby=\"caption-attachment-65879\" style=\"width: 800px\" class=\"wp-caption alignnone\"><img loading=\"lazy\" decoding=\"async\" class=\"size-large wp-image-65879\" src=\"https:\/\/livinghome.vn\/thiet-bi\/wp-content\/uploads\/loc-nuoc\/geyser\/bo-3-loi-loc-nuoc-geyser\/bo-3-loi-loc-nuoc-geyser-ecotar-5\/bo-3-loi-loc-nuoc-geyser-ecotar-5-3-800x800.jpg\" alt=\"B\u1ed9 3 l\u00f5i l\u1ecdc n\u01b0\u1edbc Geyser Ecotar 5 c\u00f4ng ngh\u1ec7 nano\" width=\"800\" height=\"800\" title=\"\"><figcaption id=\"caption-attachment-65879\" class=\"wp-caption-text\">L\u00f5i l\u1ecdc Aquasoft 5<\/figcaption><\/figure>\n<h4><strong>L\u00f5i l\u1ecdc 2: L\u00f5i l\u1ecdc Aragon 5<\/strong><\/h4>\n<ul>\n<li>T\u00ednh n\u0103ng:\n<ol>\n<li><strong>L\u00f5i l\u1ecdc Aragon<\/strong>\u00a05 c\u00f3 kh\u1ea3 n\u0103ng l\u00e0m m\u1ec1m n\u01b0\u1edbc c\u1ee9ng, gi\u00fap lo\u1ea1i b\u1ecf ho\u00e0n to\u00e0n c\u00e1c h\u1ee3p ch\u1ea5t h\u1eefu c\u01a1, clo ho\u1ea1t t\u00ednh v\u00e0 c\u00e1c kim lo\u1ea1i n\u1eb7ng.<\/li>\n<li>S\u1ea3n ph\u1ea9m \u1ee9ng d\u1ee5ng c\u00f4ng ngh\u1ec7 chuy\u1ec3n \u0111\u1ed5i c\u1ea5u tr\u00fac tinh th\u1ec3 Aragonite, c\u00f3 t\u00e1c d\u1ee5ng chuy\u1ec3n h\u00f3a canxi sang th\u1ec3 ion canxi Aragonite. Nh\u1edd \u0111\u00f3 gi\u00fap c\u01a1 th\u1ec3 h\u1ea5p th\u1ee5 ngu\u1ed3n n\u01b0\u1edbc m\u1ed9t c\u00e1ch d\u1ec5 d\u00e0ng h\u01a1n.<\/li>\n<\/ol>\n<\/li>\n<li>Th\u1eddi gian thay th\u1ebf: 12 th\u00e1ng ho\u1eb7c 7000 l\u00edt n\u01b0\u1edbc, t\u00f9y theo \u0111i\u1ec1u ki\u1ec7n n\u00e0o \u0111\u1ebfn tr\u01b0\u1edbc<\/li>\n<\/ul>\n<figure id=\"attachment_65881\" aria-describedby=\"caption-attachment-65881\" style=\"width: 800px\" class=\"wp-caption alignnone\"><img loading=\"lazy\" decoding=\"async\" class=\"size-large wp-image-65881\" src=\"https:\/\/livinghome.vn\/thiet-bi\/wp-content\/uploads\/loc-nuoc\/geyser\/bo-3-loi-loc-nuoc-geyser\/bo-3-loi-loc-nuoc-geyser-ecotar-5\/bo-3-loi-loc-nuoc-geyser-ecotar-5-4-800x800.jpg\" alt=\"B\u1ed9 3 l\u00f5i l\u1ecdc n\u01b0\u1edbc Geyser Ecotar 5 c\u00f4ng ngh\u1ec7 nano\" width=\"800\" height=\"800\" title=\"\"><figcaption id=\"caption-attachment-65881\" class=\"wp-caption-text\">L\u00f5i l\u1ecdc Aragon 5<\/figcaption><\/figure>\n<h4><strong>L\u00f5i l\u1ecdc 3: L\u00f5i l\u1ecdc CBC 5<\/strong><\/h4>\n<ul>\n<li>T\u00ednh n\u0103ng: L\u00f5i l\u1ecdc CBC 5 nano b\u1ea1c \u0111\u01b0\u1ee3c c\u1ea5u t\u1ea1o b\u1edfi than ho\u1ea1t t\u00ednh d\u1ea1ng kh\u1ed1i ch\u1ea5t l\u01b0\u1ee3ng cao. L\u00f5i l\u1ecdc CBC 5 trong b\u1ed9 3 l\u00f5i l\u1ecdc n\u01b0\u1edbc Geyser Ecotar 5 l\u00e0m vi\u1ec7c hi\u1ec7u qu\u1ea3 khi lo\u1ea1i b\u1ecf c\u00e1c h\u1ee3p ch\u1ea5t h\u1eefu c\u01a1, \u0111\u1ed3ng th\u1eddi c\u1ea3i thi\u1ec7n h\u01b0\u01a1ng v\u1ecb cho n\u01b0\u1edbc \u0111\u1ea7u ra.<\/li>\n<li>Th\u1eddi gian thay th\u1ebf: 12 th\u00e1ng ho\u1eb7c 7000l l\u00edt n\u01b0\u1edbc, t\u00f9y \u0111i\u1ec1u ki\u1ec7n n\u00e0o \u0111\u1ebfn tr\u01b0\u1edbc.<\/li>\n<\/ul>\n<figure id=\"attachment_65882\" aria-describedby=\"caption-attachment-65882\" style=\"width: 800px\" class=\"wp-caption alignnone\"><img loading=\"lazy\" decoding=\"async\" class=\"size-large wp-image-65882\" src=\"https:\/\/livinghome.vn\/thiet-bi\/wp-content\/uploads\/loc-nuoc\/geyser\/bo-3-loi-loc-nuoc-geyser\/bo-3-loi-loc-nuoc-geyser-ecotar-5\/bo-3-loi-loc-nuoc-geyser-ecotar-5-5-800x800.jpg\" alt=\"B\u1ed9 3 l\u00f5i l\u1ecdc n\u01b0\u1edbc Geyser Ecotar 5 c\u00f4ng ngh\u1ec7 nano\" width=\"800\" height=\"800\" title=\"\"><figcaption id=\"caption-attachment-65882\" class=\"wp-caption-text\">L\u00f5i l\u1ecdc CBC 5<\/figcaption><\/figure>\n<h3><strong>Th\u00f4ng s\u1ed1 k\u1ef9 thu\u1eadt<\/strong><\/h3>\n<table>\n<tbody>\n<tr>\n<td>Th\u01b0\u01a1ng hi\u1ec7u<\/td>\n<td>Geyser<\/td>\n<\/tr>\n<tr>\n<td>\u1ee8ng d\u1ee5ng<\/td>\n<td>L\u1ecdc n\u01b0\u1edbc u\u1ed1ng \u0103n u\u1ed1ng tr\u1ef1c ti\u1ebfp, kh\u00f4ng c\u1ea7n \u0111un s\u00f4i<\/td>\n<\/tr>\n<tr>\n<td>T\u00ednh n\u0103ng \u0111\u1eb7c bi\u1ec7t<\/td>\n<td>Ch\u1ed1ng b\u00e1m c\u1eb7n<\/td>\n<\/tr>\n<tr>\n<td>Tu\u1ed5i th\u1ecd l\u00f5i l\u1ecdc<\/td>\n<td>12 th\u00e1ng ho\u1eb7c 7000l n\u01b0\u1edbc (theo \u0111i\u1ec1u ki\u1ec7n \u0111\u1ebfn tr\u01b0\u1edbc)<\/td>\n<\/tr>\n<tr>\n<td>C\u00f4ng ngh\u1ec7<\/td>\n<td>Nano<\/td>\n<\/tr>\n<tr>\n<td>T\u00ednh n\u0103ng<\/td>\n<td>L\u00f5i l\u1ecdc n\u01b0\u1edbc<\/td>\n<\/tr>\n<\/tbody>\n<\/table>\n<h3><strong>\u01afu \u0111i\u1ec3m<\/strong><\/h3>\n<ul>\n<li><b>B\u1ed9 3 l\u00f5i l\u1ecdc n\u01b0\u1edbc Geyser Ecotar 5 <\/b>v\u1edbi c\u01a1 ch\u1ebf t\u00edch h\u1ee3p 15 t\u1ea7ng l\u1ecdc, gi\u00fap l\u1ecdc s\u1ea1ch ngu\u1ed3n n\u01b0\u1edbc m\u1ed9t c\u00e1ch hi\u1ec7u qu\u1ea3.<\/li>\n<li>S\u1ea3n ph\u1ea9m d\u1ec5 d\u00e0ng l\u1eafp \u0111\u1eb7t v\u00e0o ch\u1eadu r\u1eeda, kh\u00f4ng chi\u1ebfm nhi\u1ec1u di\u1ec7n t\u00edch v\u00e0 r\u1ea5t ti\u1ec7n l\u1ee3i khi s\u1eed d\u1ee5ng.<\/li>\n<li>G\u1ed3m \u0111\u1ea7y \u0111\u1ee7 c\u00e1c ph\u1ee5 ki\u1ec7n nh\u01b0 v\u00f2i n\u01b0\u1edbc, th\u00e2n m\u00e1y, g\u00f4ng v\u1eb7n c\u1ed1c, b\u1ed9 chia n\u01b0\u1edbc. Ng\u01b0\u1eddi d\u00f9ng c\u00f3 th\u1ec3 l\u1eafp \u0111\u1eb7t t\u1ea1i nh\u00e0 m\u00e0 kh\u00f4ng c\u1ea7n mua th\u00eam ph\u1ee5 ki\u1ec7n.<\/li>\n<li>S\u1ea3n ph\u1ea9m c\u00f3 th\u00f4ng s\u1ed1 r\u00f5 r\u00e0ng, l\u00e0m b\u1eb1ng ch\u1ea5t li\u1ec7u nh\u1ef1a nguy\u00ean sinh cao c\u1ea5p, \u0111\u1ea3m b\u1ea3o an to\u00e0n tuy\u1ec7t \u0111\u1ed1i v\u00e0 kh\u00f4ng b\u1ecb t\u00e1i nhi\u1ec5m trong th\u1eddi gian s\u1eed d\u1ee5ng.<\/li>\n<li>C\u1ed1c l\u1ecdc \u0111\u1ea1t ch\u1ea5t l\u01b0\u1ee3ng t\u1ed1t, ren chu\u1ea9n. S\u1ea3n ph\u1ea9m kh\u00f4ng x\u1ea3y ra hi\u1ec7n t\u01b0\u1ee3ng x\u00ec n\u01b0\u1edbc ho\u1eb7c cong v\u00eanh nh\u01b0 c\u00e1c s\u1ea3n ph\u1ea9m kh\u00e1c tr\u00ean th\u1ecb tr\u01b0\u1eddng.<\/li>\n<li>C\u00e1c l\u00f5i l\u1ecdc Geyser Ecotar 5 \u0111\u1ec1u \u0111\u01b0\u1ee3c nh\u1eadp kh\u1ea9u t\u1eeb Nga s\u1ea3n xu\u1ea5t, \u0111\u1ea1t ch\u1ea5t l\u01b0\u1ee3ng cao, an to\u00e0n. Ngo\u00e0i ra c\u00f2n t\u00edch h\u1ee3p th\u00eam nhi\u1ec1u t\u1ea7ng l\u1ecdc, gi\u00fap qu\u00e1 tr\u00ecnh l\u1ecdc n\u01b0\u1edbc hi\u1ec7u qu\u1ea3 t\u1ed1i \u01b0u.<\/li>\n<li>B\u1ed9 l\u00f5i l\u1ecdc v\u00e0 c\u1ed1c l\u1ecdc thi\u1ebft k\u1ebf d\u1ef1a tr\u00ean ti\u00eau chu\u1ea9n qu\u1ed1c t\u1ebf, k\u00edch th\u01b0\u1edbc \u0111\u1ed3ng \u0111\u1ec1u, v\u00e0 c\u00f4ng n\u0103ng l\u1ecdc n\u01b0\u1edbc \u0111\u1ea3m b\u1ea3o.<\/li>\n<li>Gi\u00fap lo\u1ea1i b\u1ecf ho\u00e0n to\u00e0n c\u00e1c ch\u1ea5t \u0111\u1ed9c h\u1ea1i, vi khu\u1ea9n trong n\u01b0\u1edbc, nh\u01b0ng v\u1eabn gi\u1eef l\u1ea1i c\u00e1c kho\u00e1ng ch\u1ea5t thi\u1ebft y\u1ebfu cho c\u01a1 th\u1ec3.<\/li>\n<\/ul>\n<h3><strong>\u1ee8ng d\u1ee5ng<\/strong><\/h3>\n<p><strong>B\u1ed9 3 l\u00f5i l\u1ecdc n\u01b0\u1edbc Geyser Ecotar 5<\/strong>\u00a0c\u00f3 th\u1ec3 s\u1eed d\u1ee5ng l\u1ecdc n\u01b0\u1edbc cho c\u00e1c ngu\u1ed3n n\u01b0\u1edbc m\u00e1y, n\u01b0\u1edbc m\u01b0a, n\u01b0\u1edbc s\u00f4ng, n\u01b0\u1edbc gi\u1ebfng \u0111\u00e3 qua x\u1eed l\u00fd th\u00f4, n\u01b0\u1edbc s\u00f4ng ho\u1eb7c c\u00e1c ngu\u1ed3n n\u01b0\u1edbc ch\u01b0a \u0111\u1ea1t ti\u00eau chu\u1ea9n n\u01b0\u1edbc sinh ho\u1ea1t.<\/p>\n<blockquote class=\"b\u1ed9_ba_l\u00f5i_l\u1ecdc_nh\u1eadp_kh\u1ea9u_Nga\" cite=\"https:\/\/www.geyser.com.vn\/san-pham\/bo-3-loi-loc-geyser-ecotar-5\/#B%E1%BB%99_3_l%C3%B5i_l%E1%BB%8Dc_nano_geyser_Ecotar_5_nh%E1%BA%ADp_kh%E1%BA%A9u_t%E1%BB%AB_Nga\"><p><strong>B\u1ed9 3 l\u00f5i l\u1ecdc n\u01b0\u1edbc Geyser Ecotar 5<\/strong>\u00a0g\u1ed3m Aquasoft 5, Aragon 5, CBC 5 s\u1eed d\u1ee5ng thay th\u1ebf cho m\u00e1y l\u1ecdc n\u01b0\u1edbc nano Geyser Ecotar 5. \u0110\u00e2y l\u00e0 s\u1ea3n ph\u1ea9m gi\u00fap mang l\u1ea1i ngu\u1ed3n n\u01b0\u1edbc s\u1ea1ch cho gia \u0111\u00ecnh, cho nh\u00e0 x\u01b0\u1edfng, c\u00f4ng ty, v\u0103n ph\u00f2ng ho\u1eb7c nh\u1eefng n\u01a1i c\u00f4ng c\u1ed9ng c\u1ea7n ngu\u1ed3n.<\/p><\/blockquote>\n<p>L\u1ef1a ch\u1ecdn s\u1ea3n ph\u1ea9m, b\u1ea1n c\u00f3 th\u1ec3 d\u00f9ng trong th\u1eddi gian 12 th\u00e1ng ho\u1eb7c \u0111\u1ebfn khi d\u00f9ng 7000 l\u00edt n\u01b0\u1edbc m\u1edbi c\u1ea7n thay th\u1ebf, t\u00f9y \u0111i\u1ec1u ki\u1ec7n n\u00e0o \u0111\u1ebfn tr\u01b0\u1edbc.<\/p>\n<p>&nbsp;<\/p>\n<p>&nbsp;<\/p>\n","protected":false},"excerpt":{"rendered":"<p style=\"text-align: left;\"><strong>B\u1ed9 3 l\u00f5i l\u1ecdc n\u01b0\u1edbc Geyser Ecotar 5<\/strong>\u00a0g\u1ed3m Aquasoft 5, Aragon 5, CBC 5 thay th\u1ebf cho m\u00e1y l\u1ecdc n\u01b0\u1edbc nano Geyser Ecotar 5. Th\u1eddi gian thay th\u1ebf tr\u1ecdn b\u1ed9 l\u00f5i l\u1ecdc l\u00e0 12 th\u00e1ng.<\/p>\n<p style=\"text-align: left;\">Gi\u00fap l\u00e0m s\u1ea1ch ngu\u1ed3n n\u01b0\u1edbc b\u1eb1ng c\u01a1 ch\u1ebf l\u1ecdc b\u1ecf ho\u00e0n to\u00e0n kim lo\u1ea1i n\u1eb7ng, \u0111\u1ed9c t\u1ed1 v\u00e0 vi khu\u1ea9n trong n\u01b0\u1edbc. S\u1eed d\u1ee5ng s\u1ea3n ph\u1ea9m mang l\u1ea1i ngu\u1ed3n n\u01b0\u1edbc s\u1ea1ch \u0111\u1ea1t chu\u1ea9n an to\u00e0n theo B\u1ed9 Y T\u1ebf quy \u0111\u1ecbnh. B\u1ed9 l\u00f5i l\u1ecdc th\u00edch h\u1ee3p l\u1ecdc cho nhi\u1ec1u ngu\u1ed3n n\u01b0\u1edbc kh\u00e1c nhau nh\u01b0 n\u01b0\u1edbc m\u01b0a, n\u01b0\u1edbc s\u00f4ng, n\u01b0\u1edbc gi\u1ebfng,\u2026<br \/>\nS\u1ea3n ph\u1ea9m \u0111\u01b0\u1ee3c nh\u1eadp kh\u1ea9u ch\u00ednh h\u00e3ng nguy\u00ean chi\u1ebfc t\u1ea1i LB Nga.<\/p>\n","protected":false},"featured_media":3601,"comment_status":"open","ping_status":"closed","template":"","meta":[],"product_brand":[],"product_cat":[399,412,413],"product_tag":[418,417,419,420,404],"class_list":{"0":"post-3567","1":"product","2":"type-product","3":"status-publish","4":"has-post-thumbnail","6":"product_cat-may-loc-nuoc","7":"product_cat-may-loc-nuoc-geyser","8":"product_cat-thuong-hieu-geyser","9":"product_tag-bo-3-loi-loc-nuoc","10":"product_tag-geyser","11":"product_tag-loi-loc-nuoc","12":"product_tag-loi-loc-nuoc-geyser","13":"product_tag-may-loc-nuoc","15":"first","16":"instock","17":"shipping-taxable","18":"purchasable","19":"product-type-simple"},"_links":{"self":[{"href":"https:\/\/livinghome.vn\/thiet-bi\/wp-json\/wp\/v2\/product\/3567","targetHints":{"allow":["GET"]}}],"collection":[{"href":"https:\/\/livinghome.vn\/thiet-bi\/wp-json\/wp\/v2\/product"}],"about":[{"href":"https:\/\/livinghome.vn\/thiet-bi\/wp-json\/wp\/v2\/types\/product"}],"replies":[{"embeddable":true,"href":"https:\/\/livinghome.vn\/thiet-bi\/wp-json\/wp\/v2\/comments?post=3567"}],"wp:featuredmedia":[{"embeddable":true,"href":"https:\/\/livinghome.vn\/thiet-bi\/wp-json\/wp\/v2\/media\/3601"}],"wp:attachment":[{"href":"https:\/\/livinghome.vn\/thiet-bi\/wp-json\/wp\/v2\/media?parent=3567"}],"wp:term":[{"taxonomy":"product_brand","embeddable":true,"href":"https:\/\/livinghome.vn\/thiet-bi\/wp-json\/wp\/v2\/product_brand?post=3567"},{"taxonomy":"product_cat","embeddable":true,"href":"https:\/\/livinghome.vn\/thiet-bi\/wp-json\/wp\/v2\/product_cat?post=3567"},{"taxonomy":"product_tag","embeddable":true,"href":"https:\/\/livinghome.vn\/thiet-bi\/wp-json\/wp\/v2\/product_tag?post=3567"}],"curies":[{"name":"wp","href":"https:\/\/api.w.org\/{rel}","templated":true}]}}