{"id":3566,"date":"2023-01-12T18:16:04","date_gmt":"2023-01-12T18:16:04","guid":{"rendered":"https:\/\/livinghome.vn\/thiet-bi\/?post_type=product&#038;p=3566"},"modified":"2024-11-29T14:20:18","modified_gmt":"2024-11-29T07:20:18","slug":"bo-3-loi-loc-nuoc-123-euroaqua-b-cho-may-loc-nuoc-ro","status":"publish","type":"product","link":"https:\/\/livinghome.vn\/thiet-bi\/bo-3-loi-loc-nuoc-123-euroaqua-b-cho-may-loc-nuoc-ro\/","title":{"rendered":"B\u1ed9 3 l\u00f5i l\u1ecdc n\u01b0\u1edbc 123 EuroAqua B cho m\u00e1y l\u1ecdc n\u01b0\u1edbc RO"},"content":{"rendered":"<h2><strong>S\u1ea3n ph\u1ea9m B\u1ed9 3 l\u00f5i l\u1ecdc n\u01b0\u1edbc 123 EuroAqua B<\/strong><strong>\u00a0m\u00e1y l\u1ecdc n\u01b0\u1edbc RO<\/strong><\/h2>\n<p><strong>B\u1ed9 3 l\u00f5i l\u1ecdc n\u01b0\u1edbc 123 EuroAqua B <\/strong>th\u01b0\u01a1ng hi\u1ec7u Geyser Nga \u0111\u1ea1t ti\u00eau chu\u1ea9n c\u1ee7a Ch\u00e2u \u00c2u. S\u1ea3n ph\u1ea9m \u0111\u01b0\u1ee3c nh\u1eadp kh\u1ea9u tr\u1ecdn b\u1ed9, \u0111\u01b0\u1ee3c \u0111\u00f3ng g\u00f3i theo \u0111\u00fang quy c\u00e1ch, \u0111\u1ea3m b\u1ea3o 100% ch\u1ea5t l\u01b0\u1ee3ng. D\u00f9 \u0111ang s\u1eed d\u1ee5ng s\u1ea3n ph\u1ea9m m\u00e1y l\u1ecdc n\u01b0\u1edbc RO n\u00e0o c\u1ee7a th\u01b0\u01a1ng hi\u1ec7u Vi\u1ec7t Nam hay n\u01b0\u1edbc ngo\u00e0i, th\u00ec b\u1ed9 3 l\u00f5i l\u1ecdc n\u00e0y c\u0169ng l\u00e0 l\u1ef1a ch\u1ecdn ph\u00f9 h\u1ee3p.<\/p>\n<figure id=\"attachment_65875\" aria-describedby=\"caption-attachment-65875\" style=\"width: 800px\" class=\"wp-caption alignnone\"><img loading=\"lazy\" decoding=\"async\" class=\"size-large wp-image-65875\" src=\"https:\/\/livinghome.vn\/thiet-bi\/wp-content\/uploads\/loc-nuoc\/geyser\/bo-3-loi-loc-nuoc-geyser\/bo-3-loi-loc-nuoc-geyser-123-euroaqua-b\/bo-3-loi-loc-nuoc-geyser-123-euroaqua-b-1-800x800.jpg\" alt=\"B\u1ed9 3 l\u00f5i l\u1ecdc n\u01b0\u1edbc 123 EuroAqua B cho m\u00e1y l\u1ecdc n\u01b0\u1edbc RO\" width=\"800\" height=\"800\" title=\"\"><figcaption id=\"caption-attachment-65875\" class=\"wp-caption-text\">B\u1ed9 3 l\u00f5i l\u1ecdc n\u01b0\u1edbc 123 EuroAqua B<\/figcaption><\/figure>\n<p><strong>B\u1ed9 3 l\u00f5i l\u1ecdc n\u01b0\u1edbc 123 EuroAqua B<\/strong> c\u1ee7a t\u1eadp \u0111o\u00e0n Geyser Nga \u0111\u01b0\u1ee3c cung c\u1ea5p nh\u1eb1m m\u1ee5c \u0111\u00edch thay th\u1ebf cho \u0111a ph\u1ea7n c\u00e1c m\u00e1y l\u1ecdc n\u01b0\u1edbc RO tr\u00ean th\u1ecb tr\u01b0\u1eddng. B\u1ed9 l\u1ecdc l\u00e0m nhi\u1ec7m v\u1ee5 l\u1ecdc s\u1ea1ch ngu\u1ed3n n\u01b0\u1edbc \u0111\u1ea7u ra \u0111\u1ea1t chu\u1ea9n an to\u00e0n theo quy \u0111\u1ecbnh.<\/p>\n<p>Nhi\u1ec7m v\u1ee5 ch\u00ednh c\u1ee7a b\u1ed9 l\u00f5i n\u00e0y l\u00e0 lo\u1ea1i b\u1ecf c\u00e1c c\u1eb7n b\u1ea9n, t\u1ea1p ch\u1ea5t, g\u1ec9 s\u1eaft, rong r\u00eau,\u2026 trong n\u01b0\u1edbc, gi\u00fap b\u1ea3o v\u1ec7 m\u00e0ng RO \u0111\u1ec3 n\u00e2ng cao hi\u1ec7u qu\u1ea3 c\u1ee7a m\u00e1y l\u1ecdc n\u01b0\u1edbc RO. M\u00e0ng l\u1ecdc RO gi\u1eef vai tr\u00f2 \u0111\u1eb7c bi\u1ec7t quan tr\u1ecdng trong m\u1ecdi m\u00e1y l\u1ecdc n\u01b0\u1edbc gia \u0111\u00ecnh nh\u01b0ng d\u1ec5 b\u1ecb ph\u00e1 h\u1ee7y m\u1ed9t c\u00e1ch nhanh ch\u00f3ng, nh\u1ea5t l\u00e0 khi ti\u1ebfp x\u00fac v\u1edbi Clo. Clo l\u00e0 h\u00f3a ch\u1ea5t c\u00f3 trong m\u1ecdi ngu\u1ed3n n\u01b0\u1edbc m\u00e1y \u1edf c\u00e1c th\u00e0nh ph\u1ed1 l\u1edbn, v\u00ec th\u1ebf, <strong>B\u1ed9 3 l\u00f5i l\u1ecdc n\u01b0\u1edbc 123 EuroAqua B\u00a0<\/strong>c\u00f3 vai tr\u00f2 l\u00e0m m\u00e0ng ng\u0103n, kh\u00f4ng cho c\u00e1c t\u1ea1p ch\u1ea5t l\u1edbn l\u00e0m \u00e1ch t\u1eafc m\u00e0ng RO.<\/p>\n<p>Ngo\u00e0i ra,<strong> B\u1ed9 3 l\u00f5i l\u1ecdc n\u01b0\u1edbc 123 EuroAqua B<\/strong><strong>\u00a0<\/strong>c\u00f2n c\u00f3 ch\u1ee9c n\u0103ng kh\u1eed clo, g\u00f3p ph\u1ea7n \u0111\u1ea3m b\u1ea3o ch\u1ea5t l\u01b0\u1ee3ng n\u01b0\u1edbc sau l\u1ecdc.<\/p>\n<figure id=\"attachment_65874\" aria-describedby=\"caption-attachment-65874\" style=\"width: 800px\" class=\"wp-caption alignnone\"><img loading=\"lazy\" decoding=\"async\" class=\"size-large wp-image-65874\" src=\"https:\/\/livinghome.vn\/thiet-bi\/wp-content\/uploads\/loc-nuoc\/geyser\/bo-3-loi-loc-nuoc-geyser\/bo-3-loi-loc-nuoc-geyser-123-euroaqua-b\/bo-3-loi-loc-nuoc-geyser-123-euroaqua-b-3-800x800.jpg\" alt=\"B\u1ed9 3 l\u00f5i l\u1ecdc n\u01b0\u1edbc 123 EuroAqua B cho m\u00e1y l\u1ecdc n\u01b0\u1edbc RO\" width=\"800\" height=\"800\" title=\"\"><figcaption id=\"caption-attachment-65874\" class=\"wp-caption-text\">B\u1ed9 3 l\u00f5i l\u1ecdc n\u01b0\u1edbc 123 EuroAqua B \u0111\u1ea1t ti\u00eau chu\u1ea9n ch\u00e2u \u00c2u<\/figcaption><\/figure>\n<h3><strong>C\u1ea5u t\u1ea1o c\u1ee7a B\u1ed9 3 l\u00f5i l\u1ecdc n\u01b0\u1edbc 123 EuroAqua B<\/strong><\/h3>\n<h4><strong>1. L\u00f5i l\u1ecdc 1: PP 5 micron<\/strong><\/h4>\n<p>L\u00f5i PP 5 micron l\u00e0 l\u00f5i l\u1ecdc \u0111\u1ea7u trong <strong>B\u1ed9 3 l\u00f5i l\u1ecdc n\u01b0\u1edbc 123 EuroAqua B<\/strong>, l\u00e0 n\u01a1i ngu\u1ed3n n\u01b0\u1edbc \u0111\u1ea7u v\u00e0o ti\u1ebfp x\u00fac \u0111\u1ea7u ti\u00ean.<\/p>\n<p>L\u00f5i \u0111\u01b0\u1ee3c l\u00e0m t\u1eeb ch\u1ea5t li\u1ec7u 100% Polypropylene nguy\u00ean ch\u1ea5t.<\/p>\n<p>Ch\u1ea5t li\u1ec7u n\u00e0y \u0111\u00e3 \u0111\u1ea1t ch\u1ee9ng ch\u1ec9 NFS.<\/p>\n<p>K\u00edch th\u01b0\u1edbc m\u00e0ng l\u1ecdc si\u00eau nh\u1ecf, ch\u1ec9 5 micron c\u00f3 t\u00e1c d\u1ee5ng gi\u1eef l\u1ea1i c\u00e1c t\u1ea1p ch\u1ea5t, b\u1ee5i b\u1ea9n, ch\u1ea5t l\u01a1 l\u1eedng c\u00f3 k\u00edch th\u01b0\u1edbc l\u1edbn.<\/p>\n<p>N\u01b0\u1edbc sau khi qua l\u00f5i l\u1ecdc 1 tr\u1edf n\u00ean s\u1ea1ch h\u01a1n, gi\u00fap t\u0103ng hi\u1ec7u qu\u1ea3 l\u1ecdc c\u1ee7a c\u00e1c l\u00f5i c\u00f2n l\u1ea1i. \u0110\u1ed3ng th\u1eddi \u0111i\u1ec1u n\u00e0y c\u00f2n gi\u00fap t\u0103ng tu\u1ed5i th\u1ecd l\u00f5i l\u1ecdc, m\u00e0ng RO v\u00e0 ch\u1ea5t l\u01b0\u1ee3ng n\u01b0\u1edbc.<\/p>\n<p><strong>Th\u1eddi gian thay th\u1ebf<\/strong><\/p>\n<p>T\u00f9y thu\u1ed9c v\u00e0o ngu\u1ed3n n\u01b0\u1edbc v\u00e0 l\u01b0\u1ee3ng n\u01b0\u1edbc s\u1eed d\u1ee5ng c\u1ee7a gia \u0111\u00ecnh.\u00a0<strong>T\u1ed1i \u0111a l\u00e0 3 th\u00e1ng<\/strong>.<\/p>\n<p><strong>Ti\u00eau chu\u1ea9n l\u00f5i l\u1ecdc<\/strong><\/p>\n<ul>\n<li>C\u1ea5u t\u1ea1o l\u00f5i \u0111\u01b0\u1ee3c l\u00e0m t\u1eeb nguy\u00ean li\u1ec7u \u0111\u1ea1t ch\u1ee9ng ch\u1ec9 NFS.<\/li>\n<li>L\u1ecdc s\u1ea1ch ngu\u1ed3n n\u01b0\u1edbc \u0111\u1ea1t ti\u00eau chu\u1ea9n n\u01b0\u1edbc u\u1ed1ng tr\u1ef1c ti\u1ebfp QCVN6-1:2010\/BYT.<\/li>\n<\/ul>\n<h4><strong>2. L\u00f5i l\u1ecdc 2: L\u00f5i l\u1ecdc CBC<\/strong><\/h4>\n<p>L\u00f5i l\u1ecdc CBC \u0111\u01b0\u1ee3c c\u1ea5u t\u1ea1o t\u1eeb v\u1eadt li\u1ec7u than ho\u1ea1t t\u00ednh g\u00e1o d\u1eeba.<\/p>\n<p>Than ho\u1ea1t t\u00ednh c\u00f3 c\u00e1c l\u1ed7 l\u1ecdc si\u00eau nh\u1ecf 50% so v\u1edbi c\u00e1c lo\u1ea1i than th\u00f4ng th\u01b0\u1eddng, \u0111em l\u1ea1i kh\u1ea3 n\u0103ng h\u1ea5p ph\u1ee5 cao nh\u1ea5t hi\u1ec7n nay trong c\u00e1c l\u00f5i l\u1ecdc.<\/p>\n<p>Trong b\u1ed9 3 l\u00f5i l\u1ecdc Euro Aqua B th\u00ec l\u00f5i l\u1ecdc CBC gi\u00fap l\u1ecdc s\u1ea1ch c\u00e1c kim lo\u1ea1i n\u1eb7ng nh\u01b0: asen, \u0111\u1ed3ng, ch\u00ec, thu\u1ef7 ng\u00e2n, \u2026; ch\u1ea5t h\u1eefu c\u01a1; clo; thu\u1ed1c tr\u1eeb s\u00e2u;\u2026 ra kh\u1ecfi ngu\u1ed3n n\u01b0\u1edbc.<\/p>\n<p>N\u01b0\u1edbc sau khi qua l\u00f5i l\u1ecdc CBC s\u1ea1ch, \u0111\u1ea3m b\u1ea3o an to\u00e0n.<\/p>\n<p>Ngo\u00e0i ra, l\u00f5i l\u1ecdc c\u00f2n x\u1eed l\u00fd m\u00f9i v\u00e0 m\u00e0u, gi\u00fap t\u0103ng h\u01b0\u01a1ng v\u1ecb c\u1ee7a n\u01b0\u1edbc.<\/p>\n<p><strong>Th\u1eddi gian thay th\u1ebf<\/strong><\/p>\n<p>T\u00f9y thu\u1ed9c v\u00e0o ngu\u1ed3n n\u01b0\u1edbc v\u00e0 l\u01b0\u1ee3ng n\u01b0\u1edbc s\u1eed d\u1ee5ng c\u1ee7a gia \u0111\u00ecnh.\u00a0<strong>T\u1ed1i \u0111a l\u00e0 12 th\u00e1ng<\/strong>.<\/p>\n<p><strong>Ti\u00eau chu\u1ea9n l\u00f5i l\u1ecdc<\/strong><\/p>\n<ul>\n<li>L\u00f5i l\u1ecdc \u0111\u01b0\u1ee3c s\u1ea3n xu\u1ea5t d\u01b0\u1edbi c\u00f4ng ngh\u1ec7 ti\u00ean ti\u1ebfn c\u1ee7a n\u01b0\u1edbc Nga.<\/li>\n<li>L\u1ecdc s\u1ea1ch ngu\u1ed3n n\u01b0\u1edbc \u0111\u1ea1t ti\u00eau chu\u1ea9n n\u01b0\u1edbc u\u1ed1ng tr\u1ef1c ti\u1ebfp QCVN6-1:2010\/BYT.<\/li>\n<\/ul>\n<h4><strong>3. L\u00f5i l\u1ecdc 3: L\u00f5i l\u1ecdc CBC<\/strong><\/h4>\n<p>T\u01b0\u01a1ng t\u1ef1 nh\u01b0 l\u00f5i l\u1ecdc 2, n\u01b0\u1edbc qua l\u00f5i l\u1ecdc s\u1ed1 3 ti\u1ebfp t\u1ee5c \u0111\u01b0\u1ee3c lo\u1ea1i b\u1ecf c\u00e1c kim lo\u1ea1i n\u1eb7ng, clo d\u01b0, kh\u1eed m\u00f9i v\u00e0 kh\u1eed m\u00e0u.<\/p>\n<p>N\u01b0\u1edbc sau khi qua l\u00f5i l\u1ecdc CBC c\u00f3 th\u1ec3 d\u00f9ng u\u1ed1ng tr\u1ef1c ti\u1ebfp, kh\u00f4ng c\u1ea7n \u0111un s\u00f4i.<\/p>\n<p><strong>Th\u1eddi gian thay th\u1ebf<\/strong><\/p>\n<p>T\u00f9y thu\u1ed9c v\u00e0o ngu\u1ed3n n\u01b0\u1edbc v\u00e0 l\u01b0\u1ee3ng n\u01b0\u1edbc s\u1eed d\u1ee5ng c\u1ee7a gia \u0111\u00ecnh.\u00a0<strong>T\u1ed1i \u0111a l\u00e0 12 th\u00e1ng<\/strong>.<\/p>\n<figure id=\"attachment_65876\" aria-describedby=\"caption-attachment-65876\" style=\"width: 800px\" class=\"wp-caption alignnone\"><img loading=\"lazy\" decoding=\"async\" class=\"size-large wp-image-65876\" src=\"https:\/\/livinghome.vn\/thiet-bi\/wp-content\/uploads\/loc-nuoc\/geyser\/bo-3-loi-loc-nuoc-geyser\/bo-3-loi-loc-nuoc-geyser-123-euroaqua-b\/bo-3-loi-loc-nuoc-geyser-123-euroaqua-b-5-800x800.jpg\" alt=\"B\u1ed9 3 l\u00f5i l\u1ecdc n\u01b0\u1edbc 123 EuroAqua B cho m\u00e1y l\u1ecdc n\u01b0\u1edbc RO\" width=\"800\" height=\"800\" title=\"\"><figcaption id=\"caption-attachment-65876\" class=\"wp-caption-text\">C\u1ea5u t\u1ea1o b\u1ed9 3 l\u00f5i l\u1ecdc n\u01b0\u1edbc 123 EuroAqua B<\/figcaption><\/figure>\n<p>&nbsp;<\/p>\n<p><strong>B\u1ed9 3 l\u00f5i l\u1ecdc<\/strong>\u00a0thay th\u1ebf m\u00e1y l\u1ecdc n\u01b0\u1edbc RO EuroAqua B \u0111\u01b0\u1ee3c thi\u1ebft k\u1ebf \u0111\u1ef1ng trong h\u1ed9p Carton c\u00f3 quai x\u00e1ch.<\/p>\n<p>C\u1ea3 3 l\u00f5i \u0111\u1ec1u \u0111\u01b0\u1ee3c qu\u1ea5n m\u00e0ng co, tr\u00e1nh vi\u1ec7c nhi\u1ec5m khu\u1ea9n khi di chuy\u1ec3n.<\/p>\n<p>C\u00e1c l\u00f5i l\u1ecdc \u0111\u1ec1u c\u00f3 tem nh\u00e3n v\u00e0 m\u00e3 v\u1ea1ch gi\u00fap nh\u1eadn bi\u1ebft ch\u00ednh h\u00e3ng t\u1eeb nh\u00e0 s\u1ea3n xu\u1ea5t.<\/p>\n<p>Nh\u00e0 s\u1ea3n xu\u1ea5t khuy\u1ebfn kh\u00edch n\u00ean thay 3 l\u00f5i l\u1ecdc 1, 2, 3 c\u00f9ng l\u00fac \u0111\u1ec3 \u0111\u1ea3m b\u1ea3o \u0111\u01b0\u1ee3c ch\u1ea5t l\u01b0\u1ee3ng c\u0169ng nh\u01b0 hi\u1ec7u qu\u1ea3 ho\u1ea1t \u0111\u1ed9ng c\u1ee7a m\u00e1y.<\/p>\n<h3><strong>Th\u00f4ng s\u1ed1 k\u1ef9 thu\u1eadt<\/strong><\/h3>\n<table>\n<tbody>\n<tr>\n<td>Th\u01b0\u01a1ng hi\u1ec7u<\/td>\n<td>EuroAqua B<\/td>\n<\/tr>\n<tr>\n<td>Xu\u1ea5t x\u1ee9<\/td>\n<td>Geyser Li\u00ean Bang Nga<\/td>\n<\/tr>\n<tr>\n<td>M\u00e3<\/td>\n<td>Geyser-EuroAqua-B<\/td>\n<\/tr>\n<tr>\n<td>Quy c\u00e1ch<\/td>\n<td>\u0110\u00f3ng m\u00e0ng co b\u1ed9 3 l\u00f5i<\/td>\n<\/tr>\n<tr>\n<td>T\u00ednh n\u0103ng<\/td>\n<td>L\u00f5i l\u1ecdc n\u01b0\u1edbc<\/td>\n<\/tr>\n<tr>\n<td>V\u1ecb tr\u00ed l\u1eafp \u0111\u1eb7t<\/td>\n<td>Tr\u01b0\u1edbc m\u00e0ng l\u1ecdc RO<\/td>\n<\/tr>\n<tr>\n<td>K\u00edch th\u01b0\u1edbc<\/td>\n<td>10 inch<\/td>\n<\/tr>\n<tr>\n<td>Tu\u1ed5i th\u1ecd l\u00f5i l\u1ecdc<\/td>\n<td>3 th\u00e1ng<\/td>\n<\/tr>\n<tr>\n<td>\u1ee8ng d\u1ee5ng<\/td>\n<td>M\u00e1y RO, 10 l\u00edt\/ gi\u1edd<\/td>\n<\/tr>\n<tr>\n<td>Th\u1eddi gian b\u1ea3o h\u00e0nh<\/td>\n<td>3 th\u00e1ng<\/td>\n<\/tr>\n<\/tbody>\n<\/table>\n<h3><strong>\u01afu \u0111i\u1ec3m<\/strong><\/h3>\n<ul>\n<li>C\u1ea5u t\u1ea1o 3 l\u00f5i l\u1ecdc v\u1edbi \u0111i\u1ec3m nh\u1ea5n l\u00e0 ch\u1ea5t li\u1ec7u than ho\u1ea1t t\u00ednh g\u00e1o d\u1eeba, h\u1ea5p th\u1ee5 t\u1ed1t clo v\u00e0 t\u1ea1p ch\u1ea5t.<\/li>\n<li>Ph\u00f9 h\u1ee3p v\u1edbi kho\u1ea3ng 90% c\u00e1c s\u1ea3n ph\u1ea9m m\u00e1y l\u1ecdc RO tr\u00ean th\u1ecb tr\u01b0\u1eddng.<\/li>\n<li>\u0110\u1ebfn t\u1eeb th\u01b0\u01a1ng hi\u1ec7u m\u00e1y l\u1ecdc n\u01b0\u1edbc Geyser n\u1ed5i ti\u1ebfng c\u1ee7a Nga.<\/li>\n<li>S\u1ea3n ph\u1ea9m d\u1ec5 d\u00e0ng thay th\u1ebf, l\u1eafp \u0111\u1eb7t.<\/li>\n<\/ul>\n<h3><strong>\u1ee8ng d\u1ee5ng<\/strong><\/h3>\n<p><strong>B\u1ed9 3 l\u00f5i l\u1ecdc n\u01b0\u1edbc 123 EuroAqua B <\/strong>ph\u00f9 h\u1ee3p v\u1edbi h\u01a1n 90% c\u00e1c d\u00f2ng m\u00e1y l\u1ecdc n\u01b0\u1edbc RO \u0111ang hi\u1ec7n c\u00f3 tr\u00ean th\u1ecb tr\u01b0\u1eddng, tr\u1eeb c\u00e1c s\u1ea3n ph\u1ea9m m\u00e1y l\u1ecdc n\u01b0\u1edbc c\u00f3 b\u1ed9 l\u1ecdc nguy\u00ean kh\u1ed1i.<\/p>\n<blockquote class=\"loi_loc_nuoc_tot_nhat\" cite=\"https:\/\/www.geyser.com.vn\/san-pham\/bo-loi-loc-123-ro-euroaqua-b\/#loi_loc_nuoc_sach_tot_nhat\/\"><p>V\u1edbi c\u1ea5u t\u1ea1o g\u1ed3m 3 m\u00e0ng l\u1ecdc k\u00e8m ch\u1ea5t li\u1ec7u \u0111\u1eb7c bi\u1ec7t, s\u1ea3n ph\u1ea9m mang \u0111\u1ebfn kh\u1ea3 n\u0103ng l\u1ecdc b\u1ecf c\u00e1c t\u1ea1p ch\u1ea5t h\u1eefu c\u01a1, b\u1ee5i b\u1ea9n, rong r\u00eau, vi khu\u1ea9n v\u00e0 c\u00e1c ch\u1ea5t \u0111\u1ed9c h\u1ea1i trong n\u01b0\u1edbc v\u01b0\u1ee3t tr\u1ed9i h\u01a1n h\u1eb3n c\u00e1c lo\u1ea1i l\u00f5i l\u1ecdc n\u01b0\u1edbc kh\u00e1c tr\u00ean th\u1ecb tr\u01b0\u1eddng.<\/p><\/blockquote>\n<figure id=\"attachment_65872\" aria-describedby=\"caption-attachment-65872\" style=\"width: 800px\" class=\"wp-caption alignnone\"><img loading=\"lazy\" decoding=\"async\" class=\"size-large wp-image-65872\" src=\"https:\/\/livinghome.vn\/thiet-bi\/wp-content\/uploads\/loc-nuoc\/geyser\/bo-3-loi-loc-nuoc-geyser\/bo-3-loi-loc-nuoc-geyser-123-euroaqua-b\/bo-3-loi-loc-nuoc-geyser-123-euroaqua-b-4-800x800.jpg\" alt=\"B\u1ed9 3 l\u00f5i l\u1ecdc n\u01b0\u1edbc 123 EuroAqua B cho m\u00e1y l\u1ecdc n\u01b0\u1edbc RO\" width=\"800\" height=\"800\" title=\"\"><figcaption id=\"caption-attachment-65872\" class=\"wp-caption-text\">B\u1ed9 3 l\u00f5i l\u1ecdc n\u01b0\u1edbc 123 EuroAqua B ph\u00f9 h\u1ee3p 90% lo\u1ea1i m\u00e1y RO<\/figcaption><\/figure>\n<p>N\u1ebfu b\u1ea1n \u0111ang s\u1eed d\u1ee5ng m\u00e1y l\u1ecdc n\u01b0\u1edbc RO c\u1ee7a b\u1ea5t k\u1ef3 m\u1ed9t th\u01b0\u01a1ng hi\u1ec7u n\u00e0o kh\u00e1c t\u1eeb Vi\u1ec7t Nam hay n\u01b0\u1edbc ngo\u00e0i, th\u00ec b\u1ed9 l\u00f5i l\u1ecdc n\u00e0y r\u1ea5t ph\u00f9 h\u1ee3p cho b\u1ea1n.<\/p>\n<p>\u0110\u01b0\u1ee3c s\u1ea3n xu\u1ea5t \u0111\u1ea1t ti\u00eau chu\u1ea9n Ch\u00e2u \u00c2u v\u00e0 nh\u1eadp kh\u1ea9u nguy\u00ean b\u1ed9, \u0111\u00f3ng g\u00f3i \u0111\u00fang quy c\u00e1ch n\u00ean b\u1ea1n c\u00f3 th\u1ec3 y\u00ean t\u00e2m v\u1ec1 ch\u1ea5t l\u01b0\u1ee3ng.<\/p>\n","protected":false},"excerpt":{"rendered":"<p style=\"text-align: left;\"><strong>B\u1ed9 3 l\u00f5i l\u1ecdc n\u01b0\u1edbc 123 EuroAqua B<\/strong> l\u00e0 s\u1ea3n ph\u1ea9m c\u1ee7a th\u01b0\u01a1ng hi\u1ec7u Geyser, d\u00f9ng thay th\u1ebf cho c\u00e1c m\u00e1y l\u1ecdc n\u01b0\u1edbc RO. B\u1ed9 l\u00f5i c\u00f3 c\u1ea5u t\u1ea1o 3 l\u00f5i l\u00e0m b\u1eb1ng ch\u1ea5t li\u1ec7u than ho\u1ea1t t\u00ednh g\u00e1o d\u1eeba v\u00e0 Polypropylene, gi\u00fap lo\u1ea1i b\u1ecf g\u1ec9 s\u1eaft, t\u1ea1p ch\u1ea5t, c\u1eb7n b\u1ea9n,\u2026 mang \u0111\u1ebfn ngu\u1ed3n n\u01b0\u1edbc s\u1ea1ch v\u00e0 ch\u1ea5t l\u01b0\u1ee3ng.<\/p>\n<p style=\"text-align: left;\">S\u1ea3n ph\u1ea9m \u0111\u01b0\u1ee3c nh\u1eadp kh\u1ea9u ch\u00ednh h\u00e3ng nguy\u00ean chi\u1ebfc t\u1ea1i LB Nga.<\/p>\n","protected":false},"featured_media":3596,"comment_status":"open","ping_status":"closed","template":"","meta":[],"product_brand":[],"product_cat":[399,412,413],"product_tag":[418,417,419,420,404],"class_list":{"0":"post-3566","1":"product","2":"type-product","3":"status-publish","4":"has-post-thumbnail","6":"product_cat-may-loc-nuoc","7":"product_cat-may-loc-nuoc-geyser","8":"product_cat-thuong-hieu-geyser","9":"product_tag-bo-3-loi-loc-nuoc","10":"product_tag-geyser","11":"product_tag-loi-loc-nuoc","12":"product_tag-loi-loc-nuoc-geyser","13":"product_tag-may-loc-nuoc","15":"first","16":"instock","17":"shipping-taxable","18":"purchasable","19":"product-type-simple"},"_links":{"self":[{"href":"https:\/\/livinghome.vn\/thiet-bi\/wp-json\/wp\/v2\/product\/3566","targetHints":{"allow":["GET"]}}],"collection":[{"href":"https:\/\/livinghome.vn\/thiet-bi\/wp-json\/wp\/v2\/product"}],"about":[{"href":"https:\/\/livinghome.vn\/thiet-bi\/wp-json\/wp\/v2\/types\/product"}],"replies":[{"embeddable":true,"href":"https:\/\/livinghome.vn\/thiet-bi\/wp-json\/wp\/v2\/comments?post=3566"}],"wp:featuredmedia":[{"embeddable":true,"href":"https:\/\/livinghome.vn\/thiet-bi\/wp-json\/wp\/v2\/media\/3596"}],"wp:attachment":[{"href":"https:\/\/livinghome.vn\/thiet-bi\/wp-json\/wp\/v2\/media?parent=3566"}],"wp:term":[{"taxonomy":"product_brand","embeddable":true,"href":"https:\/\/livinghome.vn\/thiet-bi\/wp-json\/wp\/v2\/product_brand?post=3566"},{"taxonomy":"product_cat","embeddable":true,"href":"https:\/\/livinghome.vn\/thiet-bi\/wp-json\/wp\/v2\/product_cat?post=3566"},{"taxonomy":"product_tag","embeddable":true,"href":"https:\/\/livinghome.vn\/thiet-bi\/wp-json\/wp\/v2\/product_tag?post=3566"}],"curies":[{"name":"wp","href":"https:\/\/api.w.org\/{rel}","templated":true}]}}