{"id":3565,"date":"2023-01-12T18:16:04","date_gmt":"2023-01-12T18:16:04","guid":{"rendered":"https:\/\/livinghome.vn\/thiet-bi\/?post_type=product&#038;p=3565"},"modified":"2024-11-29T14:20:18","modified_gmt":"2024-11-29T07:20:18","slug":"binh-loc-nuoc-khang-khuan-nano-geyser-mattise-chrome-4-0lit","status":"publish","type":"product","link":"https:\/\/livinghome.vn\/thiet-bi\/binh-loc-nuoc-khang-khuan-nano-geyser-mattise-chrome-4-0lit\/","title":{"rendered":"B\u00ecnh l\u1ecdc n\u01b0\u1edbc kh\u00e1ng khu\u1ea9n nano Geyser Mattise Chrome 4.0l\u00edt"},"content":{"rendered":"<h2><strong>S\u1ea3n ph\u1ea9m b\u00ecnh l\u1ecdc n\u01b0\u1edbc kh\u00e1ng khu\u1ea9n nano Geyser Mattise Chrome 4.0l\u00edt<\/strong><\/h2>\n<p><strong>B\u00ecnh l\u1ecdc n\u01b0\u1edbc kh\u00e1ng khu\u1ea9n nano Geyser Mattise Chrome 4.0l\u00edt<\/strong>\u00a0v\u1edbi kh\u1ea3 n\u0103ng l\u1ecdc n\u01b0\u1edbc si\u00eau s\u1ea1ch v\u00e0 kh\u00e1ng khu\u1ea9n tr\u1ef1c ti\u1ebfp mang \u0111\u1ebfn cho ng\u01b0\u1eddi d\u00f9ng ngu\u1ed3n n\u01b0\u1edbc c\u00f3 v\u1ecb ngon t\u1ef1 nhi\u00ean, \u0111\u1ea1t \u0111\u1ee7 ti\u00eau chu\u1ea9n n\u01b0\u1edbc s\u1ea1ch.<\/p>\n<figure id=\"attachment_65869\" aria-describedby=\"caption-attachment-65869\" style=\"width: 800px\" class=\"wp-caption alignnone\"><img loading=\"lazy\" decoding=\"async\" class=\"size-large wp-image-65869\" src=\"https:\/\/livinghome.vn\/thiet-bi\/wp-content\/uploads\/loc-nuoc\/geyser\/binh-loc-nuoc-nano-khang-khuan-geyser\/binh-loc-nuoc-nano-khang-khuan-geyser-mattise-chrome\/binh-loc-nuoc-nano-khang-khuan-geyser-mattise-chrome-9-800x800.jpg\" alt=\"B\u00ecnh l\u1ecdc n\u01b0\u1edbc kh\u00e1ng khu\u1ea9n nano Geyser Mattise Chrome 4.0l\u00edt\" width=\"800\" height=\"800\" title=\"\"><figcaption id=\"caption-attachment-65869\" class=\"wp-caption-text\">Geyser Mattise Chrome<\/figcaption><\/figure>\n<p>Ngo\u00e0i ra s\u1ea3n ph\u1ea9m\u00a0<strong>b\u00ecnh l\u1ecdc n\u01b0\u1edbc Nano<\/strong>\u00a0n\u00e0y c\u00f2n c\u00f3 c\u01a1 ch\u1ebf ch\u1ed1ng t\u00e1i nhi\u1ec5m khu\u1ea9n v\u00e0 c\u00e1c t\u1ea1p ch\u1ea5t kh\u00e1c trong qu\u00e1 tr\u00ecnh s\u1eed d\u1ee5ng.<\/p>\n<figure id=\"attachment_65863\" aria-describedby=\"caption-attachment-65863\" style=\"width: 800px\" class=\"wp-caption alignnone\"><img loading=\"lazy\" decoding=\"async\" class=\"size-large wp-image-65863\" src=\"https:\/\/livinghome.vn\/thiet-bi\/wp-content\/uploads\/loc-nuoc\/geyser\/binh-loc-nuoc-nano-khang-khuan-geyser\/binh-loc-nuoc-nano-khang-khuan-geyser-mattise-chrome\/binh-loc-nuoc-nano-khang-khuan-geyser-mattise-chrome-1-800x800.jpg\" alt=\"B\u00ecnh l\u1ecdc n\u01b0\u1edbc kh\u00e1ng khu\u1ea9n nano Geyser Mattise Chrome 4.0l\u00edt\" width=\"800\" height=\"800\" title=\"\"><figcaption id=\"caption-attachment-65863\" class=\"wp-caption-text\">Dung t\u00edch b\u00ecnh l\u1ecdc n\u01b0\u1edbc kh\u00e1ng khu\u1ea9n \u0111\u1ec3 b\u00e0n dung t\u00edch 4.0l\u00edt<\/figcaption><\/figure>\n<p>C\u00f4ng ngh\u1ec7 b\u00ecnh l\u1ecdc n\u01b0\u1edbc kh\u00e1ng khu\u1ea9n nano Geyser Mattise Chrome 4.0l\u00edt cung c\u1ea5p cung c\u1ea5p cho gia \u0111\u00ecnh b\u1ea1n ngu\u1ed3n n\u01b0\u1edbc s\u1ea1ch v\u00e0 t\u1ed1t m\u1ed7i ng\u00e0y.\u00a0\u00a0B\u00ecnh l\u1ecdc Geyser \u0111\u01b0\u1ee3c thi\u1ebft k\u1ebf d\u00f9ng l\u00e0m n\u01b0\u1edbc u\u1ed1ng tr\u1ef1c ti\u1ebfp v\u1edbi n\u01b0\u1edbc gi\u1ebfng v\u00e0 n\u01b0\u1edbc m\u00e1y th\u00e0nh ph\u1ed1. S\u1ea3n ph\u1ea9m \u0111\u00e3 \u0111\u01b0\u1ee3c lo\u1ea1i b\u1ecf r\u1ec9 s\u00e9t, s\u1eaft mu\u1ed1i, kim lo\u1ea1i n\u1eb7ng, clo, c\u00e1c h\u1ee3p ch\u1ea5t h\u1eefu c\u01a1 v\u00e0 c\u00e1c t\u1ea1p ch\u1ea5t kh\u00e1c t\u1eeb ngu\u1ed3n n\u01b0\u1edbc.<\/p>\n<figure id=\"attachment_65861\" aria-describedby=\"caption-attachment-65861\" style=\"width: 1020px\" class=\"wp-caption alignnone\"><img loading=\"lazy\" decoding=\"async\" class=\"size-large wp-image-65861\" src=\"https:\/\/livinghome.vn\/thiet-bi\/wp-content\/uploads\/loc-nuoc\/geyser\/binh-loc-nuoc-nano-khang-khuan-geyser\/binh-loc-nuoc-nano-khang-khuan-geyser-mattise-chrome\/binh-loc-nuoc-nano-khang-khuan-geyser-mattise-chrome-7-1067x800.jpg\" alt=\"B\u00ecnh l\u1ecdc n\u01b0\u1edbc kh\u00e1ng khu\u1ea9n nano Geyser Mattise Chrome 4.0l\u00edt\" width=\"1020\" height=\"765\" title=\"\"><figcaption id=\"caption-attachment-65861\" class=\"wp-caption-text\">L\u00f5i l\u1ecdc B\u00ecnh l\u1ecdc n\u01b0\u1edbc kh\u00e1ng khu\u1ea9n nano Geyser Matties Chrome 4.0l\u00edt<\/figcaption><\/figure>\n<p>Kh\u00f4ng nh\u1eefng th\u1ebf thi\u1ebft b\u1ecb c\u00f2n c\u00f3 kh\u1ea3 n\u0103ng c\u1ea3i thi\u1ec7n v\u1ecb n\u01b0\u1edbc v\u00e0 kh\u1eed m\u00f9i h\u00f4i trong n\u01b0\u1edbc. L\u00f5i l\u1ecdc c\u1ee7a b\u00ecnh l\u1ecdc n\u01b0\u1edbc kh\u00e1ng khu\u1ea9n nano Geyser Mattise Chrome 4.0l\u00edt s\u1eed d\u1ee5ng c\u00f4ng ngh\u1ec7\u00a0 Catalon \u2013 v\u1eadt li\u1ec7u th\u1ebf h\u1ec7 m\u1edbi trao \u0111\u1ed5i ion d\u1ea1ng s\u1ee3i (b\u1eb1ng s\u00e1ng ch\u1ebf \u2116 2531829, 01.09.2014), t\u00e1c d\u1ee5ng h\u1ea5p th\u1ee5 l\u1ecdc lo\u1ea1i b\u1ecf virus trong n\u01b0\u1edbc m\u00e0 kh\u00f4ng c\u1ea7n s\u1eed d\u1ee5ng ch\u1ea5t kh\u00e1ng khu\u1ea9n, thu\u1ed1c th\u1eed, tia c\u1ef1c t\u00edm ho\u1eb7c m\u00e0ng l\u1ecdc.<\/p>\n<h3><strong>T\u00ednh n\u0103ng n\u1ed5i b\u1eadt<\/strong><\/h3>\n<ul>\n<li>\u1ee8ng d\u1ee5ng c\u00f4ng ngh\u1ec7 Catalon th\u1ebf h\u1ec7 m\u1edbi, s\u1ea3n ph\u1ea9m\u00a0<strong>B\u00ecnh l\u1ecdc n\u01b0\u1edbc kh\u00e1ng khu\u1ea9n nano Geyser Mattise Chrome 4.0l\u00edt<\/strong>\u00a0ho\u00e0n to\u00e0n c\u00f3 th\u1ec3 ti\u00eau di\u1ec7t 100% vi khu\u1ea9n trong ngu\u1ed3n n\u01b0\u1edbc v\u00e0 ch\u1ed1ng vi khu\u1ea9n x\u00e2m nh\u1eadp tr\u1edf l\u1ea1i v\u00f4 c\u00f9ng hi\u1ec7u qu\u1ea3.<br \/>\n<blockquote class=\"b\u00ecnh_l\u1ecdc_n\u01b0\u1edbc_s\u1ea1ch_nh\u1ecf_g\u1ecdn\" cite=\"https:\/\/www.geyser.com.vn\/san-pham\/binh-loc-nuoc-khang-khuan-nano-geyser-mattise-chrome-4-0\/#binh_loc_nuoc_sach_hieu_qua\/\"><p>Ngo\u00e0i ra s\u1ea3n ph\u1ea9m c\u00f2n c\u00f3 th\u1ec3 t\u0103ng h\u01b0\u01a1ng v\u1ecb ngon t\u1ef1 nhi\u00ean v\u00e0 kh\u1eed m\u00f9i cho ngu\u1ed3n n\u01b0\u1edbc, lo\u1ea1i b\u1ecf kim lo\u1ea1i n\u1eb7ng, \u0111\u1ed3ng, cadimi, ch\u00ec v\u00e0 s\u1eaft ra kh\u1ecfi n\u01b0\u1edbc mang l\u1ea1i ngu\u1ed3n n\u01b0\u1edbc s\u1ea1ch v\u00e0 gi\u00e0u kho\u00e1ng ch\u1ea5t c\u1ea7n thi\u1ebft cho c\u01a1 th\u1ec3.<\/p><\/blockquote>\n<\/li>\n<\/ul>\n<figure id=\"attachment_65862\" aria-describedby=\"caption-attachment-65862\" style=\"width: 800px\" class=\"wp-caption alignnone\"><img loading=\"lazy\" decoding=\"async\" class=\"size-large wp-image-65862\" src=\"https:\/\/livinghome.vn\/thiet-bi\/wp-content\/uploads\/loc-nuoc\/geyser\/binh-loc-nuoc-nano-khang-khuan-geyser\/binh-loc-nuoc-nano-khang-khuan-geyser-mattise-chrome\/binh-loc-nuoc-nano-khang-khuan-geyser-mattise-chrome-2-800x800.jpg\" alt=\"B\u00ecnh l\u1ecdc n\u01b0\u1edbc kh\u00e1ng khu\u1ea9n nano Geyser Mattise Chrome 4.0l\u00edt\" width=\"800\" height=\"800\" title=\"\"><figcaption id=\"caption-attachment-65862\" class=\"wp-caption-text\">B\u00ecnh l\u1ecdc \u0111\u01b0\u1ee3c thi\u1ebft k\u1ebf th\u00f4ng minh \u0111\u1ec3 ng\u0103n ch\u1eb7n vi khu\u1ea9n x\u00e2m nh\u1eadp l\u1ea1i<\/figcaption><\/figure>\n<h3><strong>Th\u00f4ng s\u1ed1 k\u1ef9 thu\u1eadt<\/strong><\/h3>\n<table>\n<tbody>\n<tr>\n<td>T\u00ednh n\u0103ng<\/td>\n<td>B\u00ecnh l\u1ecdc n\u01b0\u1edbc<\/td>\n<\/tr>\n<tr>\n<td>Nhi\u1ec7t \u0111\u1ed9 n\u01b0\u1edbc l\u1ecdc t\u1ed1i \u0111a<\/td>\n<td>4 &#8211; 40oC<\/td>\n<\/tr>\n<tr>\n<td>C\u00f4ng d\u1ee5ng<\/td>\n<td>N\u01b0\u1edbc an to\u00e0n , \u0111\u1ea3m b\u1ea3o<\/td>\n<\/tr>\n<tr>\n<td>C\u00f4ng ngh\u1ec7<\/td>\n<td>Catalon 3 in 1<\/td>\n<\/tr>\n<tr>\n<td>\u1ee8ng d\u1ee5ng<\/td>\n<td>Thay th\u1ebf b\u00ecnh ch\u1ee9a n\u01b0\u1edbc th\u00f4ng th\u01b0\u1eddng, ch\u1ed1ng t\u00e1i nhi\u1ec5m khu\u1ea9n, cho v\u1ecb n\u01b0\u1edbc ngon<\/td>\n<\/tr>\n<tr>\n<td>T\u00ednh n\u0103ng \u0111\u1eb7c bi\u1ec7t<\/td>\n<td>Ti\u00eau di\u1ec7t v\u00e0 ch\u1ed1ng l\u1ea1i s\u1ef1 x\u00e2m nh\u1eadp c\u1ee7a vi khu\u1ea9n<\/td>\n<\/tr>\n<tr>\n<td>Ngu\u1ed3n n\u01b0\u1edbc \u0111\u1ea7u v\u00e0o<\/td>\n<td>N\u01b0\u1edbc qua m\u00e1y l\u1ecdc n\u01b0\u1edbc<\/td>\n<\/tr>\n<tr>\n<td>Dung t\u00edch b\u00ecnh l\u1ecdc<\/td>\n<td>4 l\u00edt<\/td>\n<\/tr>\n<tr>\n<td>S\u1ed1 l\u00f5i l\u1ecdc<\/td>\n<td>1 l\u00f5i ( L\u00f5i l\u1ecdc: 301).<\/td>\n<\/tr>\n<tr>\n<td>Xu\u1ea5t x\u1ee9<\/td>\n<td>Li\u00ean Bang Nga<\/td>\n<\/tr>\n<tr>\n<td>Th\u1eddi gian thay th\u1ebf<\/td>\n<td>20-60 ng\u00e0y t\u00f9y ng\u01b0\u1eddi s\u1eed d\u1ee5ng<\/td>\n<\/tr>\n<tr>\n<td>Tr\u1ecdng l\u01b0\u1ee3ng<\/td>\n<td>1 kg<\/td>\n<\/tr>\n<tr>\n<td>V\u1ecb tr\u00ed l\u1eafp \u0111\u1eb7t<\/td>\n<td>\u0110\u1ec3 tr\u00ean b\u00e0n, di \u0111\u1ed9ng<\/td>\n<\/tr>\n<tr>\n<td>M\u00e0u s\u1eafc<\/td>\n<td>xanh d\u01b0\u01a1ng, xanh l\u00e1 c\u00e2y, \u0111\u1ecf, t\u00edm, cam.<\/td>\n<\/tr>\n<\/tbody>\n<\/table>\n<h3><strong>\u01afu \u0111i\u1ec3m<\/strong><\/h3>\n<h4><strong>C\u00f4ng ngh\u1ec7 hi\u1ec7n \u0111\u1ea1i<\/strong><\/h4>\n<p><strong>B\u00ecnh l\u1ecdc n\u01b0\u1edbc kh\u00e1ng khu\u1ea9n nano Geyser Mattise Chrome 4.0l\u00edt<\/strong>\u00a0s\u1eed d\u1ee5ng c\u00f4ng ngh\u1ec7 l\u1ecdc Catalon m\u1edbi gi\u00fap trao \u0111\u1ed5i ion d\u1ea1ng s\u1ee3i, l\u1ecdc h\u1ea5p ph\u1ee5 t\u1eeb \u0111\u00f3 lo\u1ea1i b\u1ecf h\u1ea7u h\u1ebft c\u00e1c ch\u1ea5t \u0111\u1ed9c h\u1ea1i, virus, vi khu\u1ea9n g\u00e2y b\u1ec7nh v\u00e0 c\u00e1c h\u1ee3p ch\u1ea5t th\u1eeba kh\u00e1c m\u00e0 kh\u00f4ng c\u1ea7n ph\u1ea3i d\u00f9ng \u0111\u1ebfn c\u00e1c ch\u1ea5t kh\u00e1ng khu\u1ea9n, thu\u1ed1c th\u1eed, tia c\u1ef1c t\u00edm hay m\u00e0ng l\u1ecdc.<\/p>\n<p><strong>Thi\u1ebft k\u1ebf ti\u1ec7n l\u1ee3i<\/strong><\/p>\n<p>Thi\u1ebft k\u1ebf\u00a0 gi\u00e1 \u0111\u1ee1 cao su \u1edf \u0111\u00e1y gi\u00fap\u00a0<strong>B\u00ecnh l\u1ecdc n\u01b0\u1edbc kh\u00e1ng khu\u1ea9n nano Geyser Mattise Chrome 4.0l\u00edt<\/strong>\u00a0\u0111\u01b0\u1ee3c gi\u1eef c\u1ed1 \u0111\u1ecbnh tr\u00ean b\u1ec1 m\u1eb7t s\u00e0n c\u00f3 l\u00e1t g\u1ea1ch ho\u1eb7c c\u1ea3 b\u1ec1 m\u1eb7t \u1ea9m \u01b0\u1edbt m\u00e0 kh\u00f4ng s\u1ee3 tr\u01a1n tr\u01b0\u1ee3t, \u0111\u1ed5 ng\u00e3. Ngo\u00e0i ra, s\u1ea3n ph\u1ea9m c\u00f3 thi\u1ebft k\u1ebf van \u0111\u1eb7c bi\u1ec7t gi\u00fap b\u1ea1n thu\u1eadn ti\u1ec7n h\u01a1n trong qu\u00e1 tr\u00ecnh l\u1ea5y n\u01b0\u1edbc. B\u1ea1n kh\u00f4ng c\u1ea7n ph\u1ea3i m\u1edf n\u1eafp m\u00e0 ch\u1ec9 vi\u1ec7c \u0111\u01b0a b\u00ecnh l\u00ean d\u00f2ng n\u01b0\u1edbc, sau \u0111\u00f3 trong kho\u1ea3ng th\u1eddi gian ng\u1eafn n\u01b0\u1edbc s\u1ebd \u0111\u01b0\u1ee3c b\u01a1m \u0111\u1ea7y b\u00ecnh v\u00e0 ti\u1ebfn h\u00e0nh l\u1ecdc kh\u00e1ng khu\u1ea9n.<\/p>\n<figure id=\"attachment_65866\" aria-describedby=\"caption-attachment-65866\" style=\"width: 800px\" class=\"wp-caption alignnone\"><img loading=\"lazy\" decoding=\"async\" class=\"size-large wp-image-65866\" src=\"https:\/\/livinghome.vn\/thiet-bi\/wp-content\/uploads\/loc-nuoc\/geyser\/binh-loc-nuoc-nano-khang-khuan-geyser\/binh-loc-nuoc-nano-khang-khuan-geyser-mattise-chrome\/binh-loc-nuoc-nano-khang-khuan-geyser-mattise-chrome-8-800x800.jpg\" alt=\"B\u00ecnh l\u1ecdc n\u01b0\u1edbc kh\u00e1ng khu\u1ea9n nano Geyser Mattise Chrome 4.0l\u00edt\" width=\"800\" height=\"800\" title=\"\"><figcaption id=\"caption-attachment-65866\" class=\"wp-caption-text\">Thi\u1ebft k\u1ebf ch\u1ed1ng tr\u01a1n tr\u01b0\u1ee3t c\u1ee7a b\u00ecnh l\u1ecdc n\u01b0\u1edbc kh\u00e1ng khu\u1ea9n nano Geyser Mattise Chrome 4.0l\u00edt<\/figcaption><\/figure>\n<h4><strong>Dung t\u00edch l\u1edbn<\/strong><\/h4>\n<p>Dung t\u00edch 4 l\u00edt c\u1ee7a\u00a0<strong>Geyser Mattise Chrome<\/strong>\u00a0cho ph\u00e9p s\u1ea3n ph\u1ea9m cung c\u1ea5p m\u1ed9t l\u01b0\u1ee3ng n\u01b0\u1edbc s\u1ea1ch \u0111\u1ee7 \u0111\u00e1p \u1ee9ng nhu c\u1ea7u cho c\u00e1c gia \u0111\u00ecnh t\u1eeb 4 \u2013 6 ng\u01b0\u1eddi. \u0110\u00e2y l\u00e0 m\u1ed9t trong nh\u1eefng s\u1ea3n ph\u1ea9m b\u00ecnh l\u1ecdc n\u01b0\u1edbc kh\u00e1ng khu\u1ea9n c\u00f3 dung t\u00edch l\u1edbn nh\u1ea5t c\u1ee7a Geyser.<\/p>\n<h4><strong>T\u00ednh th\u1ea9m m\u1ef9 cao<\/strong><\/h4>\n<p>C\u00f3 th\u1ec3 s\u1eed d\u1ee5ng\u00a0<strong>B\u00ecnh l\u1ecdc n\u01b0\u1edbc kh\u00e1ng khu\u1ea9n nano Geyser Mattise Chrome <\/strong>nh\u01b0 m\u1ed9t v\u1eadt d\u1ee5ng trang tr\u00ed cho kh\u00f4ng gian nh\u00e0 \u1edf, v\u0103n ph\u00f2ng c\u1ee7a b\u1ea1n b\u1edfi ki\u1ec3u d\u00e1ng trang tr\u1ecdng, tinh t\u1ebf, k\u00edch th\u01b0\u1edbc\u00a0m\u00e1y l\u1ecdc n\u01b0\u1edbc \u0111\u1ec3 b\u00e0n\u00a0nh\u1ecf g\u1ecdn. S\u1ea3n ph\u1ea9m ho\u00e0n to\u00e0n c\u00f3 th\u1ec3 thay th\u1ebf c\u00e1c b\u00ecnh \u0111\u1ef1ng n\u01b0\u1edbc th\u00f4ng th\u01b0\u1eddng gi\u00fap ph\u1ee5c v\u1ee5 nhu c\u1ea7u gi\u1ea3i kh\u00e1t c\u1ee7a b\u1ea1n ngay l\u1eadp t\u1ee9c v\u1edbi ngu\u1ed3n n\u01b0\u1edbc s\u1ea1ch khu\u1ea9n v\u00e0 gi\u00e0u kho\u00e1ng.<\/p>\n<h3><strong>H\u01b0\u1edbng d\u1eabn s\u1eed d\u1ee5ng<\/strong><\/h3>\n<ol>\n<li>L\u1ea5y b\u00ecnh kh\u00e1ng khu\u1ea9n ra kh\u1ecfi h\u1ed9p v\u00e0 th\u00e1o bao b\u00ec<\/li>\n<li>R\u1eeda t\u1ea5t c\u1ea3 c\u00e1c b\u1ed9 ph\u1eadn c\u1ee7a b\u1ed9 l\u1ecdc (nh\u01b0ng kh\u00f4ng r\u1eeda h\u1ed9p m\u1ef1c) b\u1eb1ng n\u01b0\u1edbc x\u00e0 ph\u00f2ng nh\u1eb9, r\u1eeda b\u1eb1ng n\u01b0\u1edbc s\u1ea1ch v\u00e0 lau kh\u00f4. Kh\u00f4ng s\u1eed d\u1ee5ng ch\u1ea5t t\u1ea9y r\u1eeda \u0103n m\u00f2n.<\/li>\n<li>M\u1edf g\u00f3i ri\u00eang l\u1ebb v\u00e0 th\u00e1o l\u00f5i l\u1ecdc ra.<\/li>\n<li>V\u1eb7n l\u00f5i l\u1ecdc v\u00e0o ph\u1ec5u theo chi\u1ec1u kim \u0111\u1ed3ng h\u1ed3 kh\u00f4ng d\u00f9ng l\u1ef1c qu\u00e1 m\u1ea1nh.<\/li>\n<li>C\u0103n ch\u1ec9nh ch\u1ec9 b\u00e1o l\u1ecbch v\u1ec1 ng\u00e0y thay l\u00f5i l\u1ecdc theo b\u1ea3ng (\u0111\u1ed1i v\u1edbi c\u00e1c ki\u1ec3u m\u00e1y c\u00f3 b\u1ed9 \u0111\u1ebfm c\u01a1), ho\u1eb7c nh\u1ea5n \u00ab\u0110\u1eb7t\u00bb tr\u00ean b\u1ed9 \u0111\u1ebfm \u0111i\u1ec7n t\u1eed.<\/li>\n<li>X\u1ea3 2-4 l\u00edt n\u01b0\u1edbc qua b\u1ed9 l\u1ecdc \u0111\u1ec3 lo\u1ea1i b\u1ecf b\u1ee5i carbon v\u00e0 k\u00edch ho\u1ea1t l\u00f5i l\u1ecdc (cho \u0111\u1ebfn khi n\u01b0\u1edbc ch\u1ea3y trong).<\/li>\n<\/ol>\n","protected":false},"excerpt":{"rendered":"<p style=\"text-align: left;\"><strong>B\u00ecnh l\u1ecdc n\u01b0\u1edbc kh\u00e1ng khu\u1ea9n nano Geyser Mattise Chrome 4.0l\u00edt<\/strong> s\u1eed d\u1ee5ng c\u00f4ng ngh\u1ec7 di\u1ec7t khu\u1ea9n, cho ngu\u1ed3n n\u01b0\u1edbc u\u1ed1ng tr\u1ef1c ti\u1ebfp s\u1ea1ch khu\u1ea9n, gi\u00e0u kho\u00e1ng v\u1edbi v\u1ecb ngon t\u1ef1 nhi\u00ean v\u00f4 c\u00f9ng c\u00f3 l\u1ee3i cho s\u1ee9c kh\u1ecfe ng\u01b0\u1eddi d\u00f9ng.<br \/>\nS\u1ea3n ph\u1ea9m \u0111\u01b0\u1ee3c nh\u1eadp kh\u1ea9u ch\u00ednh h\u00e3ng nguy\u00ean chi\u1ebfc t\u1ea1i LB Nga.<\/p>\n","protected":false},"featured_media":3591,"comment_status":"open","ping_status":"closed","template":"","meta":[],"product_brand":[],"product_cat":[399,412,413],"product_tag":[414,415,416,417],"class_list":{"0":"post-3565","1":"product","2":"type-product","3":"status-publish","4":"has-post-thumbnail","6":"product_cat-may-loc-nuoc","7":"product_cat-may-loc-nuoc-geyser","8":"product_cat-thuong-hieu-geyser","9":"product_tag-binh-loc-nuoc","10":"product_tag-binh-loc-nuoc-geyser","11":"product_tag-binh-loc-nuoc-khang-khuan","12":"product_tag-geyser","14":"first","15":"instock","16":"shipping-taxable","17":"purchasable","18":"product-type-simple"},"_links":{"self":[{"href":"https:\/\/livinghome.vn\/thiet-bi\/wp-json\/wp\/v2\/product\/3565","targetHints":{"allow":["GET"]}}],"collection":[{"href":"https:\/\/livinghome.vn\/thiet-bi\/wp-json\/wp\/v2\/product"}],"about":[{"href":"https:\/\/livinghome.vn\/thiet-bi\/wp-json\/wp\/v2\/types\/product"}],"replies":[{"embeddable":true,"href":"https:\/\/livinghome.vn\/thiet-bi\/wp-json\/wp\/v2\/comments?post=3565"}],"wp:featuredmedia":[{"embeddable":true,"href":"https:\/\/livinghome.vn\/thiet-bi\/wp-json\/wp\/v2\/media\/3591"}],"wp:attachment":[{"href":"https:\/\/livinghome.vn\/thiet-bi\/wp-json\/wp\/v2\/media?parent=3565"}],"wp:term":[{"taxonomy":"product_brand","embeddable":true,"href":"https:\/\/livinghome.vn\/thiet-bi\/wp-json\/wp\/v2\/product_brand?post=3565"},{"taxonomy":"product_cat","embeddable":true,"href":"https:\/\/livinghome.vn\/thiet-bi\/wp-json\/wp\/v2\/product_cat?post=3565"},{"taxonomy":"product_tag","embeddable":true,"href":"https:\/\/livinghome.vn\/thiet-bi\/wp-json\/wp\/v2\/product_tag?post=3565"}],"curies":[{"name":"wp","href":"https:\/\/api.w.org\/{rel}","templated":true}]}}