{"id":3564,"date":"2023-01-12T18:16:04","date_gmt":"2023-01-12T18:16:04","guid":{"rendered":"https:\/\/livinghome.vn\/thiet-bi\/?post_type=product&#038;p=3564"},"modified":"2024-11-29T14:20:18","modified_gmt":"2024-11-29T07:20:18","slug":"binh-loc-nuoc-khang-khuan-nano-geyser-dolphin-3-0lit","status":"publish","type":"product","link":"https:\/\/livinghome.vn\/thiet-bi\/binh-loc-nuoc-khang-khuan-nano-geyser-dolphin-3-0lit\/","title":{"rendered":"B\u00ecnh l\u1ecdc n\u01b0\u1edbc kh\u00e1ng khu\u1ea9n nano Geyser Dolphin 3.0l\u00edt"},"content":{"rendered":"<h2><strong>S\u1ea3n ph\u1ea9m b\u00ecnh l\u1ecdc n\u01b0\u1edbc kh\u00e1ng khu\u1ea9n nano Geyser Dolphin \u2013 3.0l\u00edt<\/strong><\/h2>\n<p><strong>B\u00ecnh l\u1ecdc n\u01b0\u1edbc kh\u00e1ng khu\u1ea9n nano Geyser Dolphin 3.0l\u00edt<\/strong>\u00a0\u0111\u01b0\u1ee3c nh\u1eadp kh\u1ea9u ch\u00ednh h\u00e3ng 100% t\u1eeb Nga. S\u1ea3n ph\u1ea9m \u0111\u01b0\u1ee3c s\u1ea3n xu\u1ea5t t\u1eeb ch\u1ea5t li\u1ec7u nh\u1ef1a cao c\u1ea5p, an to\u00e0n cho s\u1ee9c kh\u1ecfe ng\u01b0\u1eddi d\u00f9ng, \u1ee9ng d\u1ee5ng c\u00f4ng ngh\u1ec7 hi\u1ec7n \u0111\u1ea1i mang \u0111\u1ebfn ngu\u1ed3n n\u01b0\u1edbc s\u1ea1ch khu\u1ea9n 100%, ch\u1ed1ng t\u00e1i nhi\u1ec5m khu\u1ea9n v\u00e0 c\u00f3 thi\u1ebft k\u1ebf th\u00e2n thi\u1ec7n v\u1edbi ng\u01b0\u1eddi d\u00f9ng, ph\u00f9 h\u1ee3p \u0111\u1eb7t \u1edf m\u1ecdi kh\u00f4ng gian nh\u00e0 \u1edf, v\u0103n ph\u00f2ng.<\/p>\n<figure id=\"attachment_65857\" aria-describedby=\"caption-attachment-65857\" style=\"width: 800px\" class=\"wp-caption alignnone\"><img loading=\"lazy\" decoding=\"async\" class=\"size-large wp-image-65857\" src=\"https:\/\/livinghome.vn\/thiet-bi\/wp-content\/uploads\/loc-nuoc\/geyser\/binh-loc-nuoc-nano-khang-khuan-geyser\/binh-loc-nuoc-nano-khang-khuan-geyser-dolphin\/binh-loc-nuoc-nano-khang-khuan-geyser-dolphin-1-800x800.jpg\" alt=\"B\u00ecnh l\u1ecdc n\u01b0\u1edbc kh\u00e1ng khu\u1ea9n nano Geyser Dolphin 3.0l\u00edt\" width=\"800\" height=\"800\" title=\"\"><figcaption id=\"caption-attachment-65857\" class=\"wp-caption-text\">B\u00ecnh l\u1ecdc n\u01b0\u1edbc kh\u00e1ng khu\u1ea9n nano Geyser Dolphin 3.0l\u00edt<\/figcaption><\/figure>\n<h3><strong>T\u00ednh n\u0103ng n\u1ed5i b\u1eadt<\/strong><\/h3>\n<ul>\n<li>B\u00ecnh l\u1ecdc ti\u00eau di\u1ec7t 100% vi khu\u1ea9n, vi r\u00fat c\u00f3 h\u1ea1i c\u00f3 th\u1ec3 x\u00e2m nh\u1eadp v\u00e0o ngu\u1ed3n n\u01b0\u1edbc trong qu\u00e1 tr\u00ecnh s\u1eed d\u1ee5ng, l\u01b0u tr\u1eef \u0111\u1ea3m b\u1ea3o n\u01b0\u1edbc u\u1ed1ng tr\u1ef1c ti\u1ebfp kh\u00f4ng c\u1ea7n \u0111un s\u00f4i.<\/li>\n<li>Ng\u0103n ch\u1eb7n s\u1ef1 t\u00e1i nhi\u1ec5m khu\u1ea9n ngu\u1ed3n n\u01b0\u1edbc<\/li>\n<\/ul>\n<blockquote class=\"b\u00ecnh_l\u1ecdc_n\u01b0\u1edbc_s\u1ea1ch_t\u1ed1i_\u01b0u\" cite=\"https:\/\/www.geyser.com.vn\/san-pham\/binh-loc-nuoc-khang-khuan-nano-geyser-dolphin-3-0l\/#loc_nuoc_tien_loi\/\"><p>C\u1ea5u tr\u00fac n\u1eafp \u0111\u1eady k\u00edn ng\u0103n ch\u1eb7n vi khu\u1ea9n x\u00e2m nh\u1eadp tr\u1edf l\u1ea1i trong th\u1eddi gian d\u00e0i. B\u1ea1n c\u00f3 th\u1ec3 b\u1ea3o qu\u1ea3n n\u01b0\u1edbc trong b\u00ecnh kho\u1ea3ng 1 tu\u1ea7n \u0111\u1ec3 u\u1ed1ng m\u00e0 kh\u00f4ng lo vi khu\u1ea9n x\u00e2m nh\u1eadp l\u1ea1i.<\/p><\/blockquote>\n<h3><strong>Th\u00f4ng s\u1ed1 k\u1ef9 thu\u1eadt<\/strong><\/h3>\n<table>\n<tbody>\n<tr>\n<td>T\u00ednh n\u0103ng<\/td>\n<td>B\u00ecnh l\u1ecdc n\u01b0\u1edbc<\/td>\n<\/tr>\n<tr>\n<td>Nhi\u1ec7t \u0111\u1ed9 n\u01b0\u1edbc l\u1ecdc t\u1ed1i \u0111a<\/td>\n<td>4 &#8211; 40oC<\/td>\n<\/tr>\n<tr>\n<td>L\u01b0u l\u01b0\u1ee3ng l\u1ecdc<\/td>\n<td>250 l\u00edt<\/td>\n<\/tr>\n<tr>\n<td>Tu\u1ed5i th\u1ecd l\u00f5i l\u1ecdc<\/td>\n<td>6 th\u00e1ng<\/td>\n<\/tr>\n<tr>\n<td>Xu\u1ea5t x\u1ee9<\/td>\n<td>Li\u00ean Bang Nga<\/td>\n<\/tr>\n<tr>\n<td>\u1ee8ng d\u1ee5ng<\/td>\n<td>B\u1ed9 3 l\u00f5i 301 \u0111\u01b0\u1ee3c s\u1eed d\u1ee5ng \u0111\u1ec3 thay th\u1ebf cho c\u00e1c lo\u1ea1i b\u00ecnh l\u1ecdc n\u01b0\u1edbc kh\u00e1ng khu\u1ea9n Dolphin, Alpha, Mini.<\/td>\n<\/tr>\n<tr>\n<td>C\u00f4ng ngh\u1ec7<\/td>\n<td>L\u1ecdc di\u1ec7t khu\u1ea9n<\/td>\n<\/tr>\n<tr>\n<td>C\u00f4ng d\u1ee5ng<\/td>\n<td>Di\u1ec7t khu\u1ea9n u\u1ed1ng tr\u1ef1c ti\u1ebfp<\/td>\n<\/tr>\n<tr>\n<td>T\u00ednh n\u0103ng \u0111\u1eb7c bi\u1ec7t<\/td>\n<td>Ti\u00eau di\u1ec7t v\u00e0 ch\u1ed1ng l\u1ea1i s\u1ef1 x\u00e2m nh\u1eadp c\u1ee7a vi khu\u1ea9n<\/td>\n<\/tr>\n<tr>\n<td>Ngu\u1ed3n n\u01b0\u1edbc \u0111\u1ea7u v\u00e0o<\/td>\n<td>N\u01b0\u1edbc qua m\u00e1y l\u1ecdc n\u01b0\u1edbc<\/td>\n<\/tr>\n<tr>\n<td>Dung t\u00edch b\u00ecnh l\u1ecdc<\/td>\n<td>3.0L<\/td>\n<\/tr>\n<tr>\n<td>S\u1ed1 l\u00f5i l\u1ecdc<\/td>\n<td>1 l\u00f5i ( L\u00f5i l\u1ecdc: 301).<\/td>\n<\/tr>\n<tr>\n<td>C\u00f4ng su\u1ea5t<\/td>\n<td>100L\/gi\u1edd<\/td>\n<\/tr>\n<tr>\n<td>Tr\u1ecdng l\u01b0\u1ee3ng<\/td>\n<td>1 kg<\/td>\n<\/tr>\n<tr>\n<td>V\u1ecb tr\u00ed l\u1eafp \u0111\u1eb7t<\/td>\n<td>\u0110\u1ec3 tr\u00ean b\u00e0n, di \u0111\u1ed9ng<\/td>\n<\/tr>\n<tr>\n<td>M\u00e0u s\u1eafc<\/td>\n<td>xanh d\u01b0\u01a1ng, xanh l\u00e1 c\u00e2y, \u0111\u1ecf, t\u00edm, cam.<\/td>\n<\/tr>\n<\/tbody>\n<\/table>\n<h3><strong>\u01afu \u0111i\u1ec3m<\/strong><\/h3>\n<h4><strong>Dung t\u00edch l\u1edbn<\/strong><\/h4>\n<p>Dung l\u01b0\u1ee3ng ph\u1ec5u c\u1ee7a <strong>B\u00ecnh l\u1ecdc n\u01b0\u1edbc kh\u00e1ng khu\u1ea9n nano Geyser Dolphin<\/strong>\u00a0l\u00ean \u0111\u1ebfn 1.4 l\u00edt, dung t\u00edch 3.0 l\u00edt cho ph\u00e9p ch\u1ee9a m\u1ed9t l\u01b0\u1ee3ng n\u01b0\u1edbc s\u1ea1ch \u0111\u1ee7 d\u00f9ng cho c\u1ea3 gia \u0111\u00ecnh.<\/p>\n<h4><strong>H\u00e0ng nh\u1eadp kh\u1ea9u ch\u00ednh h\u00e3ng 100%<\/strong><\/h4>\n<p><strong>B\u00ecnh l\u1ecdc n\u01b0\u1edbc kh\u00e1ng khu\u1ea9n nano Geyser Dolphin 3.0l\u00edt<\/strong> \u0111\u01b0\u1ee3c s\u1ea3n xu\u1ea5t trong quy tr\u00ecnh kh\u00e9p k\u00edn, \u0111\u1ea3m b\u1ea3o l\u00e0 h\u00e0ng ch\u00ednh h\u00e3ng nh\u1eadp kh\u1ea9u t\u1eeb Nga an to\u00e0n v\u00e0 ch\u1ea5t l\u01b0\u1ee3ng.<\/p>\n<figure id=\"attachment_65858\" aria-describedby=\"caption-attachment-65858\" style=\"width: 800px\" class=\"wp-caption alignnone\"><img loading=\"lazy\" decoding=\"async\" class=\"size-large wp-image-65858\" src=\"https:\/\/livinghome.vn\/thiet-bi\/wp-content\/uploads\/loc-nuoc\/geyser\/binh-loc-nuoc-nano-khang-khuan-geyser\/binh-loc-nuoc-nano-khang-khuan-geyser-dolphin\/binh-loc-nuoc-nano-khang-khuan-geyser-dolphin-2-800x800.jpg\" alt=\"B\u00ecnh l\u1ecdc n\u01b0\u1edbc kh\u00e1ng khu\u1ea9n nano Geyser Dolphin 3.0l\u00edt\" width=\"800\" height=\"800\" title=\"\"><figcaption id=\"caption-attachment-65858\" class=\"wp-caption-text\">B\u00ecnh l\u1ecdc n\u01b0\u1edbc Geyser Dolphin dung t\u00edch l\u1edbn nh\u1eadp kh\u1ea9u ch\u00ednh h\u00e3ng 100%<\/figcaption><\/figure>\n<h4><strong>V\u1eadt li\u1ec7u cao c\u1ea5p<\/strong><\/h4>\n<p><strong>B\u00ecnh l\u1ecdc n\u01b0\u1edbc kh\u00e1ng khu\u1ea9n nano Geyser Dolphin 3.0l\u00edt<\/strong> \u0111\u01b0\u1ee3c s\u1ea3n xu\u1ea5t t\u1eeb v\u1eadt li\u1ec7u nh\u1ef1a ch\u1ea5t l\u01b0\u1ee3ng cao, kh\u00f4ng c\u00f3 h\u00f3a ch\u1ea5t x\u00e2m nh\u1eadp v\u00e0o ngu\u1ed3n n\u01b0\u1edbc g\u00e2y h\u1ea1i cho s\u1ee9c kh\u1ecfe ng\u01b0\u1eddi d\u00f9ng. Nh\u1ef1a m\u1edd v\u00e0 trong su\u1ed1t cho ph\u00e9p theo d\u00f5i m\u1ef1c n\u01b0\u1edbc trong b\u00ecnh v\u00e0 c\u00f3 th\u1ec3 \u0111\u01b0\u1ee3c v\u1ec7 sinh b\u1eb1ng m\u00e1y r\u1eeda ch\u00e9n hay b\u1eb1ng tay \u0111\u1ec1u \u0111\u01b0\u1ee3c.<\/p>\n<h4><strong>Thu\u1eadn l\u1ee3i khi c\u1ea7m tay<\/strong><\/h4>\n<p><strong>B\u00ecnh l\u1ecdc n\u01b0\u1edbc kh\u00e1ng khu\u1ea9n nano Geyser Dolphin 3.0l\u00edt<\/strong> c\u00f3 thi\u1ebft k\u1ebf tay c\u1ea7m thu\u1eadn l\u1ee3i, gi\u00fap ng\u01b0\u1eddi d\u00f9ng c\u00f3 c\u1ea3m gi\u00e1c d\u1ec5 d\u00e0ng khi c\u1ea7m b\u00ecnh ngay c\u1ea3 v\u1edbi tr\u1ebb nh\u1ecf c\u0169ng c\u00f3 th\u1ec3 c\u1ea7m an to\u00e0n m\u00e0 kh\u00f4ng s\u1ee3 c\u00f3 r\u1ee7i ro x\u1ea3y ra.<\/p>\n<h4><strong>Thi\u1ebft k\u1ebf hi\u1ec7n \u0111\u1ea1i<\/strong><\/h4>\n<p>S\u1ea3n ph\u1ea9m <strong>B\u00ecnh l\u1ecdc n\u01b0\u1edbc kh\u00e1ng khu\u1ea9n nano Geyser Dolphin 3.0l\u00edt<\/strong>\u00a0nh\u1ecf g\u1ecdn v\u1edbi nhi\u1ec1u m\u00e0u s\u1eafc \u0111a d\u1ea1ng nh\u01b0ng kh\u00f4ng k\u00e9m ph\u1ea7n sang tr\u1ecdng, tinh t\u1ebf nh\u01b0 \u0111\u1ecf, xanh d\u01b0\u01a1ng, xanh l\u00e1, t\u00edm, cam cho b\u1ea1n tho\u1ea3i m\u00e1i l\u1ef1a ch\u1ecdn \u0111\u1ec3 trang tr\u00ed cho kh\u00f4ng gian nh\u00e0 \u1edf, ph\u00f2ng ng\u1ee7, ph\u00f2ng kh\u00e1ch, b\u1ebfp, v\u0103n ph\u00f2ng l\u00e0m vi\u1ec7c,\u2026 thu\u1eadn ti\u1ec7n cho vi\u1ec7c cung c\u1ea5p n\u01b0\u1edbc s\u1ea1ch khi c\u1ea7n s\u1eed d\u1ee5ng ngay.<\/p>\n<p>B\u00ean c\u1ea1nh \u0111\u00f3, b\u00ecnh c\u00f3 l\u00f5i di\u1ec7t khu\u1ea9n, tr\u00e1nh \u0111\u01b0\u1ee3c vi\u1ec7c nhi\u1ec5m khu\u1ea9n khi r\u00f3t n\u01b0\u1edbc t\u1eeb trong b\u00ecnh ra ngo\u00e0i.<\/p>\n<figure id=\"attachment_65859\" aria-describedby=\"caption-attachment-65859\" style=\"width: 1020px\" class=\"wp-caption alignnone\"><img loading=\"lazy\" decoding=\"async\" class=\"size-large wp-image-65859\" src=\"https:\/\/livinghome.vn\/thiet-bi\/wp-content\/uploads\/loc-nuoc\/geyser\/binh-loc-nuoc-nano-khang-khuan-geyser\/binh-loc-nuoc-nano-khang-khuan-geyser-dolphin\/binh-loc-nuoc-nano-khang-khuan-geyser-dolphin-3-1067x800.jpg\" alt=\"B\u00ecnh l\u1ecdc n\u01b0\u1edbc kh\u00e1ng khu\u1ea9n nano Geyser Dolphin 3.0l\u00edt\" width=\"1020\" height=\"765\" title=\"\"><figcaption id=\"caption-attachment-65859\" class=\"wp-caption-text\">B\u00ecnh l\u1ecdc n\u01b0\u1edbc kh\u00e1ng khu\u1ea9n nano Geyser Dolphin \u2013 3.0L l\u00e0 m\u1ed9t chi\u1ebfc m\u00e1y l\u1ecdc n\u01b0\u1edbc \u0111\u1ec3 b\u00e0n ti\u1ec7n d\u1ee5ng cho vi\u1ec7c di chuy\u1ec3n.<\/figcaption><\/figure>\n<p>&nbsp;<\/p>\n<p>&nbsp;<\/p>\n<p>&nbsp;<\/p>\n","protected":false},"excerpt":{"rendered":"<p style=\"text-align: left;\"><strong>B\u00ecnh l\u1ecdc n\u01b0\u1edbc kh\u00e1ng khu\u1ea9n nano Geyser Dolphin 3.0l\u00edt<\/strong> v\u1edbi c\u01a1 ch\u1ebf l\u1ecdc s\u1ea1ch khu\u1ea9n ho\u00e0n to\u00e0n, cho ra ngu\u1ed3n n\u01b0\u1edbc gi\u00e0u vi kho\u00e1ng v\u00e0 ch\u1ed1ng t\u00e1i nhi\u1ec5m khu\u1ea9n hi\u1ec7u qu\u1ea3. S\u1ea3n ph\u1ea9m \u0111\u01b0\u1ee3c nh\u1eadp kh\u1ea9u ch\u00ednh h\u00e3ng nguy\u00ean chi\u1ebfc t\u1ea1i LB Nga.<\/p>\n","protected":false},"featured_media":3590,"comment_status":"open","ping_status":"closed","template":"","meta":[],"product_brand":[],"product_cat":[399,412,413],"product_tag":[414,415,416,417],"class_list":{"0":"post-3564","1":"product","2":"type-product","3":"status-publish","4":"has-post-thumbnail","6":"product_cat-may-loc-nuoc","7":"product_cat-may-loc-nuoc-geyser","8":"product_cat-thuong-hieu-geyser","9":"product_tag-binh-loc-nuoc","10":"product_tag-binh-loc-nuoc-geyser","11":"product_tag-binh-loc-nuoc-khang-khuan","12":"product_tag-geyser","14":"first","15":"instock","16":"shipping-taxable","17":"purchasable","18":"product-type-simple"},"_links":{"self":[{"href":"https:\/\/livinghome.vn\/thiet-bi\/wp-json\/wp\/v2\/product\/3564","targetHints":{"allow":["GET"]}}],"collection":[{"href":"https:\/\/livinghome.vn\/thiet-bi\/wp-json\/wp\/v2\/product"}],"about":[{"href":"https:\/\/livinghome.vn\/thiet-bi\/wp-json\/wp\/v2\/types\/product"}],"replies":[{"embeddable":true,"href":"https:\/\/livinghome.vn\/thiet-bi\/wp-json\/wp\/v2\/comments?post=3564"}],"wp:featuredmedia":[{"embeddable":true,"href":"https:\/\/livinghome.vn\/thiet-bi\/wp-json\/wp\/v2\/media\/3590"}],"wp:attachment":[{"href":"https:\/\/livinghome.vn\/thiet-bi\/wp-json\/wp\/v2\/media?parent=3564"}],"wp:term":[{"taxonomy":"product_brand","embeddable":true,"href":"https:\/\/livinghome.vn\/thiet-bi\/wp-json\/wp\/v2\/product_brand?post=3564"},{"taxonomy":"product_cat","embeddable":true,"href":"https:\/\/livinghome.vn\/thiet-bi\/wp-json\/wp\/v2\/product_cat?post=3564"},{"taxonomy":"product_tag","embeddable":true,"href":"https:\/\/livinghome.vn\/thiet-bi\/wp-json\/wp\/v2\/product_tag?post=3564"}],"curies":[{"name":"wp","href":"https:\/\/api.w.org\/{rel}","templated":true}]}}