{"id":3563,"date":"2023-01-12T18:16:04","date_gmt":"2023-01-12T18:16:04","guid":{"rendered":"https:\/\/livinghome.vn\/thiet-bi\/?post_type=product&#038;p=3563"},"modified":"2024-11-29T14:20:18","modified_gmt":"2024-11-29T07:20:18","slug":"binh-loc-nuoc-khang-khuan-nano-geyser-aquarius-3-7lit","status":"publish","type":"product","link":"https:\/\/livinghome.vn\/thiet-bi\/binh-loc-nuoc-khang-khuan-nano-geyser-aquarius-3-7lit\/","title":{"rendered":"B\u00ecnh l\u1ecdc n\u01b0\u1edbc kh\u00e1ng khu\u1ea9n nano Geyser Aquarius 3.7l\u00edt"},"content":{"rendered":"<h2 class=\"product-title product_title entry-title\"><strong>S\u1ea3n ph\u1ea9m b\u00ecnh l\u1ecdc n\u01b0\u1edbc kh\u00e1ng khu\u1ea9n nano Geyser Aquarius 3.7l\u00edt<\/strong><\/h2>\n<p><strong>B\u00ecnh l\u1ecdc n\u01b0\u1edbc kh\u00e1ng khu\u1ea9n nano Geyser Aquarius 3.7l\u00edt<\/strong>\u00a0\u0111\u01b0\u1ee3c thi\u1ebft k\u1ebf t\u1eeb v\u1eadt li\u1ec7u nh\u1ef1a cao c\u1ea5p, \u1ee9ng d\u1ee5ng c\u00f4ng ngh\u1ec7 Cataon 3 in 1 mang \u0111\u1ebfn ngu\u1ed3n n\u01b0\u1edbc s\u1ea1ch an to\u00e0n cho s\u1ee9c kh\u1ecfe. Thi\u1ebft k\u1ebf \u0111\u01a1n gi\u1ea3n, t\u00ednh th\u1ea9m m\u1ef9 cao, m\u00e0u s\u1eafc \u0111a d\u1ea1ng, dung t\u00edch l\u1edbn cung c\u1ea5p l\u01b0\u1ee3ng n\u01b0\u1edbc s\u1ea1ch khu\u1ea9n v\u00e0 gi\u00e0u kho\u00e1ng nhi\u1ec1u h\u01a1n c\u00e1c b\u00ecnh l\u1ecdc n\u01b0\u1edbc th\u00f4ng th\u01b0\u1eddng kh\u00e1c.<\/p>\n<figure id=\"attachment_65855\" aria-describedby=\"caption-attachment-65855\" style=\"width: 800px\" class=\"wp-caption alignnone\"><img loading=\"lazy\" decoding=\"async\" class=\"size-large wp-image-65855\" src=\"https:\/\/livinghome.vn\/thiet-bi\/wp-content\/uploads\/loc-nuoc\/geyser\/binh-loc-nuoc-nano-khang-khuan-geyser\/binh-loc-nuoc-nano-khang-khuan-geyser-aquarius\/binh-loc-nuoc-nano-khang-khuan-geyser-aquarius-1-800x800.jpg\" alt=\"B\u00ecnh l\u1ecdc n\u01b0\u1edbc kh\u00e1ng khu\u1ea9n nano Geyser Aquarius 3.7l\u00edt\" width=\"800\" height=\"800\" title=\"\"><figcaption id=\"caption-attachment-65855\" class=\"wp-caption-text\">B\u00ecnh l\u1ecdc n\u01b0\u1edbc kh\u00e1ng khu\u1ea9n nano Geyser Aquarius 3.7l\u00edt<\/figcaption><\/figure>\n<h3><strong>T\u00ednh n\u0103ng n\u1ed5i b\u1eadt<\/strong><\/h3>\n<p><strong>Khi s\u1eed d\u1ee5ng b\u00ecnh l\u1ecdc n\u01b0\u1edbc kh\u00e1ng khu\u1ea9n nano Geyser Aquarius 3.7l\u00edt<\/strong>, ng\u01b0\u1eddi d\u00f9ng ho\u00e0n to\u00e0n y\u00ean t\u00e2m v\u1ec1 ch\u1ea5t l\u01b0\u1ee3ng n\u01b0\u1edbc v\u00ec b\u00ecnh c\u00f3 c\u00f4ng d\u1ee5ng di\u1ec7t khu\u1ea9n 100% ngo\u00e0i ra c\u00f2n gi\u1eef l\u1ea1i c\u00e1c vi kho\u00e1ng t\u1ef1 nhi\u00ean trong n\u01b0\u1edbc.<\/p>\n<p>\u1ee8ng d\u1ee5ng c\u00f4ng ngh\u1ec7 Cataon 3 in 1:<\/p>\n<ul>\n<li>L\u1ecdc h\u1ea5p ph\u1ee5 Clo d\u01b0, c\u00e1c h\u00f3a ch\u1ea5t nh\u01b0 thu\u1ed1c tr\u1eeb s\u00e2u, ch\u1ea5t h\u1eefu c\u01a1 v\u00e0 c\u00e1c t\u1ea1p ch\u1ea5t kh\u00e1c.<\/li>\n<li>Trao \u0111\u1ed5i ion lo\u1ea1i b\u1ecf s\u1ef1 c\u00f3 m\u1eb7t c\u1ee7a kim lo\u1ea1i n\u1eb7ng v\u00e0 c\u00e1c ch\u1ea5t ph\u00f3ng x\u1ea1.<\/li>\n<li>Nano B\u1ea1c kh\u1eed khu\u1ea9n ngu\u1ed3n n\u01b0\u1edbc.<\/li>\n<\/ul>\n<p>S\u1ea3n ph\u1ea9m\u00a0<strong>b\u00ecnh l\u1ecdc n\u01b0\u1edbc Nano<\/strong>\u00a0Geyser Aquarius 3 \u0111\u01b0\u1ee3c nh\u1eadp kh\u1ea9u nguy\u00ean chi\u1ebfc t\u1eeb Nga. \u0110\u00e2y l\u00e0 gi\u1ea3i ph\u00e1p thay cho c\u00e1c b\u00ecnh \u0111\u1ef1ng n\u01b0\u1edbc c\u1ed3ng k\u1ec1nh th\u00f4ng th\u01b0\u1eddng, b\u00ecnh l\u1ecdc n\u01b0\u1edbc kh\u00e1ng khu\u1ea9n gi\u00fap mang l\u1ea1i ngu\u1ed3n n\u01b0\u1edbc s\u1ea1ch, \u0111\u1eb7c bi\u1ec7t ph\u00f9 h\u1ee3p v\u1edbi v\u0103n ph\u00f2ng, gia \u0111\u00ecnh nh\u1ecf.<\/p>\n<h3><strong>Th\u00f4ng s\u1ed1 k\u1ef9 thu\u1eadt<\/strong><\/h3>\n<table>\n<tbody>\n<tr>\n<td>Th\u01b0\u01a1ng hi\u1ec7u<\/td>\n<td>Geyser<\/td>\n<\/tr>\n<tr>\n<td>C\u00f4ng ngh\u1ec7<\/td>\n<td>Catalon 3 in 1<\/td>\n<\/tr>\n<tr>\n<td>\u1ee8ng d\u1ee5ng<\/td>\n<td>Thay th\u1ebf b\u00ecnh ch\u1ee9a n\u01b0\u1edbc th\u00f4ng th\u01b0\u1eddng, ch\u1ed1ng t\u00e1i nhi\u1ec5m khu\u1ea9n, cho v\u1ecb n\u01b0\u1edbc ngon<\/td>\n<\/tr>\n<tr>\n<td>T\u00ednh n\u0103ng \u0111\u1eb7c bi\u1ec7t<\/td>\n<td>Ti\u00eau di\u1ec7t v\u00e0 ch\u1ed1ng l\u1ea1i s\u1ef1 x\u00e2m nh\u1eadp c\u1ee7a vi khu\u1ea9n<\/td>\n<\/tr>\n<tr>\n<td>Ngu\u1ed3n n\u01b0\u1edbc \u0111\u1ea7u v\u00e0o<\/td>\n<td>N\u01b0\u1edbc qua m\u00e1y l\u1ecdc n\u01b0\u1edbc<\/td>\n<\/tr>\n<tr>\n<td>Dung t\u00edch b\u00ecnh l\u1ecdc<\/td>\n<td>3.7L<\/td>\n<\/tr>\n<tr>\n<td>S\u1ed1 l\u00f5i l\u1ecdc<\/td>\n<td>1 l\u00f5i ( L\u00f5i l\u1ecdc: 501).<\/td>\n<\/tr>\n<tr>\n<td>Tu\u1ed5i th\u1ecd l\u00f5i l\u1ecdc<\/td>\n<td>6 th\u00e1ng<\/td>\n<\/tr>\n<tr>\n<td>Tr\u1ecdng l\u01b0\u1ee3ng<\/td>\n<td>1 kg<\/td>\n<\/tr>\n<tr>\n<td>V\u1ecb tr\u00ed l\u1eafp \u0111\u1eb7t<\/td>\n<td>\u0110\u1ec3 tr\u00ean b\u00e0n, di \u0111\u1ed9ng<\/td>\n<\/tr>\n<tr>\n<td>M\u00e0u s\u1eafc<\/td>\n<td>Xanh d\u01b0\u01a1ng, tr\u1eafng, t\u00edm<\/td>\n<\/tr>\n<tr>\n<td>Xu\u1ea5t x\u1ee9<\/td>\n<td>Li\u00ean Bang Nga<\/td>\n<\/tr>\n<tr>\n<td>T\u00ednh n\u0103ng<\/td>\n<td>B\u00ecnh l\u1ecdc n\u01b0\u1edbc<\/td>\n<\/tr>\n<\/tbody>\n<\/table>\n<h3><strong>\u01afu \u0111i\u1ec3m<\/strong><\/h3>\n<h4><b>Cung c\u1ea5p ngu\u1ed3n n\u01b0\u1edbc s\u1ea1ch \u0111\u1ea1t chu\u1ea9n v\u00e0 t\u1ed1t cho s\u1ee9c kh\u1ecfe\u00a0<\/b><\/h4>\n<p>N\u01b0\u1edbc \u0111i qua l\u00f5i l\u1ecdc Catalon \u2013 c\u00f3 3 c\u01a1 ch\u1ebf trong c\u00f9ng 1 l\u00f5i l\u1ecdc, gi\u00fap lo\u1ea1i b\u1ecf ho\u00e0n to\u00e0n c\u00e1c vi khu\u1ea9n, b\u1ee5i b\u1ea9n, t\u1ea1p ch\u1ea5t c\u00f3 trong n\u01b0\u1edbc. Cung c\u1ea5p cho c\u1ea3 gia \u0111\u00ecnh ngu\u1ed3n n\u01b0\u1edbc s\u1ea1ch \u0111\u1ea1t chu\u1ea9n c\u1ee7a B\u1ed9 Y T\u1ebf, c\u00f3 th\u1ec3 s\u1eed d\u1ee5ng tr\u1ef1c ti\u1ebfp ngay. Ngo\u00e0i ra, c\u00f4ng ngh\u1ec7 c\u00f2n gi\u00fap gi\u1eef l\u1ea1i c\u00e1c kho\u00e1ng ch\u1ea5t t\u1ed1t cho c\u01a1 th\u1ec3 nh\u01b0 Ca v\u00e0 Mg.<\/p>\n<figure id=\"attachment_65853\" aria-describedby=\"caption-attachment-65853\" style=\"width: 800px\" class=\"wp-caption alignnone\"><img loading=\"lazy\" decoding=\"async\" class=\"size-large wp-image-65853\" src=\"https:\/\/livinghome.vn\/thiet-bi\/wp-content\/uploads\/loc-nuoc\/geyser\/binh-loc-nuoc-nano-khang-khuan-geyser\/binh-loc-nuoc-nano-khang-khuan-geyser-aquarius\/binh-loc-nuoc-nano-khang-khuan-geyser-aquarius-3-800x800.jpg\" alt=\"B\u00ecnh l\u1ecdc n\u01b0\u1edbc kh\u00e1ng khu\u1ea9n nano Geyser Aquarius 3.7l\u00edt\" width=\"800\" height=\"800\" title=\"\"><figcaption id=\"caption-attachment-65853\" class=\"wp-caption-text\">B\u00ecnh l\u1ecdc n\u01b0\u1edbc kh\u00e1ng khu\u1ea9n nano Geyser Aquarius 3.7l\u00edt cho ch\u1ea5t l\u01b0\u1ee3ng n\u01b0\u1edbc t\u1ed1t nh\u1ea5t<\/figcaption><\/figure>\n<h4><b>Dung t\u00edch l\u1edbn<\/b><\/h4>\n<p><strong>B\u00ecnh l\u1ecdc n\u01b0\u1edbc kh\u00e1ng khu\u1ea9n nano Geyser Aquarius<\/strong> c\u00f3 dung l\u01b0\u1ee3ng ph\u1ec5u 1.4 l\u00edt, dung t\u00edch 3.7 l\u00edt, \u0111\u01b0\u1ee3c xem l\u00e0 m\u1ed9t trong nh\u1eefng s\u1ea3n ph\u1ea9m b\u00ecnh l\u1ecdc kh\u00e1ng khu\u1ea9n dung t\u00edch l\u1edbn nh\u1ea5t t\u1eeb tr\u01b0\u1edbc \u0111\u1ebfn nay c\u1ee7a Geyser. S\u1ea3n ph\u1ea9m \u0111\u1ea3m b\u1ea3o cung c\u1ea5p \u0111\u1ee7 n\u01b0\u1edbc s\u1ea1ch \u0111\u1ec3 gi\u1ea3i kh\u00e1t cho gia \u0111\u00ecnh trong c\u1ea3 m\u1ed9t ng\u00e0y d\u00e0i.<\/p>\n<h4><b>D\u1ec5 d\u00e0ng thao t\u00e1c khi s\u1eed d\u1ee5ng<\/b><\/h4>\n<p>Khi th\u1ef1c hi\u1ec7n c\u1ea5p n\u01b0\u1edbc v\u00e0o <strong>B\u00ecnh l\u1ecdc n\u01b0\u1edbc kh\u00e1ng khu\u1ea9n nano Geyser Aquarius<\/strong>, b\u1ea1n kh\u00f4ng c\u1ea7n ph\u1ea3i m\u1edf n\u1eafp do b\u00ecnh c\u00f3 n\u1eafp \u0111i\u1ec7n n\u01b0\u1edbc ri\u00eang. Ch\u1ec9 c\u1ea7n th\u1ef1c hi\u1ec7n thao t\u00e1c \u0111\u01b0a b\u00ecnh t\u1edbi d\u00f2ng n\u01b0\u1edbc c\u1ea5p, sau \u0111\u00f3 van t\u1ef1 \u0111\u1ed9ng v\u1edbi thi\u1ebft k\u1ebf \u0111\u1eb7c bi\u1ec7t s\u1ebd gi\u00fap b\u00ecnh l\u00e0m \u0111\u1ea7y n\u01b0\u1edbc nhanh ch\u00f3ng (trong v\u00f2ng v\u00e0i gi\u00e2y).<\/p>\n<figure id=\"attachment_65854\" aria-describedby=\"caption-attachment-65854\" style=\"width: 800px\" class=\"wp-caption alignnone\"><img loading=\"lazy\" decoding=\"async\" class=\"size-large wp-image-65854\" src=\"https:\/\/livinghome.vn\/thiet-bi\/wp-content\/uploads\/loc-nuoc\/geyser\/binh-loc-nuoc-nano-khang-khuan-geyser\/binh-loc-nuoc-nano-khang-khuan-geyser-aquarius\/binh-loc-nuoc-nano-khang-khuan-geyser-aquarius-2-800x800.jpg\" alt=\"B\u00ecnh l\u1ecdc n\u01b0\u1edbc kh\u00e1ng khu\u1ea9n nano Geyser Aquarius 3.7l\u00edt\" width=\"800\" height=\"800\" title=\"\"><figcaption id=\"caption-attachment-65854\" class=\"wp-caption-text\">Dung t\u00edch v\u00e0 n\u1eafp l\u1ea5y n\u01b0\u1edbc ti\u1ec7n d\u1ee5ng c\u1ee7a b\u00ecnh l\u1ecdc Geyser Aquarius 3.7l\u00edt<\/figcaption><\/figure>\n<h4><b>Th\u1eddi gian thay l\u00f5i t\u1ef1 \u0111\u1ed9ng b\u00e1o<\/b><\/h4>\n<p>\u0110i\u1ec3m \u0111\u1eb7c bi\u1ec7t c\u1ee7a b\u00ecnh l\u1ecdc n\u01b0\u1edbc kh\u00e1ng khu\u1ea9n nano Geyser Aquarius 3.7L l\u00e0 c\u00f3 t\u00edch h\u1ee3p \u0111\u1ed3ng h\u1ed3 b\u00e1o l\u1ecbch thay l\u00f5i. \u0110i\u1ec1u n\u00e0y khi\u1ebfn ng\u01b0\u1eddi d\u00f9ng y\u00ean t\u00e2m trong qu\u00e1 tr\u00ecnh s\u1eed d\u1ee5ng, kh\u00f4ng ph\u1ea3i lo v\u1ec1 vi\u1ec7c ghi nh\u1edb l\u1ecbch, lu\u00f4n \u0111\u1ea3m b\u1ea3o \u0111\u01b0\u1ee3c ch\u1ea5t l\u01b0\u1ee3ng ngu\u1ed3n n\u01b0\u1edbc \u0111\u1ea7u ra.<\/p>\n<h4><b>Thi\u1ebft k\u1ebf \u0111\u01a1n gi\u1ea3n v\u00e0 th\u1ea9m m\u1ef9<\/b><\/h4>\n<p>S\u1ea3n ph\u1ea9m\u00a0<strong>m\u00e1y l\u1ecdc n\u01b0\u1edbc \u0111\u1ec3 b\u00e0n<\/strong>\u00a0c\u00f3 thi\u1ebft k\u1ebf tay c\u1ea7m tho\u1ea3i m\u00e1i, t\u1ea1o c\u1ea3m gi\u00e1c nh\u1eb9 nh\u00e0ng cho ng\u01b0\u1eddi d\u00f9ng khi n\u00e2ng l\u00ean v\u00e0 an to\u00e0n v\u1edbi tr\u1ebb nh\u1ecf. Ngo\u00e0i ra c\u00f2n c\u00f3 t\u00ednh th\u1ea9m m\u1ef9 cao, m\u00e0u s\u1eafc \u0111a d\u1ea1ng g\u1ed3m 3 m\u00e0u tr\u1eafng, xanh d\u01b0\u01a1ng, t\u00edm c\u00f3 th\u1ec3 \u0111\u1eb7t \u1edf ph\u00f2ng kh\u00e1ch, ph\u00f2ng ng\u1ee7, v\u0103n ph\u00f2ng l\u00e0m vi\u1ec7c,\u2026 l\u00e0m t\u00f4n l\u00ean n\u00e9t \u0111\u1eb9p cho kh\u00f4ng gian.<\/p>\n<p>&nbsp;<\/p>\n<p>&nbsp;<\/p>\n<p>&nbsp;<\/p>\n","protected":false},"excerpt":{"rendered":"<p style=\"text-align: left;\"><strong>B\u00ecnh l\u1ecdc n\u01b0\u1edbc kh\u00e1ng khu\u1ea9n nano Geyser Aquarius 3.7l\u00edt<\/strong>\u00a0di\u1ec7t s\u1ea1ch 100% vi khu\u1ea9n trong n\u01b0\u1edbc v\u00e0 gi\u1eef l\u1ea1i c\u00e1c kho\u00e1ng ch\u1ea5t c\u1ea7n thi\u1ebft cho c\u01a1 th\u1ec3.<br \/>\nS\u1ea3n ph\u1ea9m \u0111\u01b0\u1ee3c nh\u1eadp kh\u1ea9u ch\u00ednh h\u00e3ng nguy\u00ean chi\u1ebfc t\u1ea1i LB Nga.<\/p>\n","protected":false},"featured_media":3589,"comment_status":"open","ping_status":"closed","template":"","meta":[],"product_brand":[],"product_cat":[399,412,413],"product_tag":[414,415,416,417],"class_list":{"0":"post-3563","1":"product","2":"type-product","3":"status-publish","4":"has-post-thumbnail","6":"product_cat-may-loc-nuoc","7":"product_cat-may-loc-nuoc-geyser","8":"product_cat-thuong-hieu-geyser","9":"product_tag-binh-loc-nuoc","10":"product_tag-binh-loc-nuoc-geyser","11":"product_tag-binh-loc-nuoc-khang-khuan","12":"product_tag-geyser","14":"first","15":"instock","16":"shipping-taxable","17":"purchasable","18":"product-type-simple"},"_links":{"self":[{"href":"https:\/\/livinghome.vn\/thiet-bi\/wp-json\/wp\/v2\/product\/3563","targetHints":{"allow":["GET"]}}],"collection":[{"href":"https:\/\/livinghome.vn\/thiet-bi\/wp-json\/wp\/v2\/product"}],"about":[{"href":"https:\/\/livinghome.vn\/thiet-bi\/wp-json\/wp\/v2\/types\/product"}],"replies":[{"embeddable":true,"href":"https:\/\/livinghome.vn\/thiet-bi\/wp-json\/wp\/v2\/comments?post=3563"}],"wp:featuredmedia":[{"embeddable":true,"href":"https:\/\/livinghome.vn\/thiet-bi\/wp-json\/wp\/v2\/media\/3589"}],"wp:attachment":[{"href":"https:\/\/livinghome.vn\/thiet-bi\/wp-json\/wp\/v2\/media?parent=3563"}],"wp:term":[{"taxonomy":"product_brand","embeddable":true,"href":"https:\/\/livinghome.vn\/thiet-bi\/wp-json\/wp\/v2\/product_brand?post=3563"},{"taxonomy":"product_cat","embeddable":true,"href":"https:\/\/livinghome.vn\/thiet-bi\/wp-json\/wp\/v2\/product_cat?post=3563"},{"taxonomy":"product_tag","embeddable":true,"href":"https:\/\/livinghome.vn\/thiet-bi\/wp-json\/wp\/v2\/product_tag?post=3563"}],"curies":[{"name":"wp","href":"https:\/\/api.w.org\/{rel}","templated":true}]}}