{"id":341,"date":"2023-01-12T10:06:43","date_gmt":"2023-01-12T10:06:43","guid":{"rendered":"https:\/\/livinghome.vn\/thiet-bi\/?post_type=product&#038;p=341"},"modified":"2024-11-29T14:21:05","modified_gmt":"2024-11-29T07:21:05","slug":"may-rua-chen-dmestik-es-13-01-13-bo-6-chuong-trinh-rua","status":"publish","type":"product","link":"https:\/\/livinghome.vn\/thiet-bi\/may-rua-chen-dmestik-es-13-01-13-bo-6-chuong-trinh-rua\/","title":{"rendered":"M\u00e1y r\u1eeda ch\u00e9n Dmestik ES 13-01 13 b\u1ed9 6 ch\u01b0\u01a1ng tr\u00ecnh r\u1eeda"},"content":{"rendered":"<h2><strong>M\u00e1y r\u1eeda ch\u00e9n Dmestik ES 13-01 13 b\u1ed9, 6 ch\u01b0\u01a1ng tr\u00ecnh r\u1eeda\u00a0 v\u1edbi thi\u1ebft k\u1ebf hi\u1ec7n \u0111\u1ea1i, ki\u1ec3u d\u00e1ng \u0111\u1ed9c l\u1eadp c\u00f3 th\u1ec3 l\u1eafp \u00e2m v\u1eeba ti\u1ec7n l\u1ee3i, t\u1ea1o n\u00ean cho kh\u00f4ng gian c\u1ee7a gia \u0111\u00ecnh th\u00eam ti\u1ec7n nghi. S\u1edf h\u1eefu gam m\u00e0u \u0111en sang tr\u1ecdng, t\u1ea1o s\u1ef1 h\u00e0i h\u00f2a cho kh\u00f4ng gian b\u1ebfp.<\/strong><\/h2>\n<h3>Gi\u1edbi thi\u1ec7u s\u1ea3n ph\u1ea9m<\/h3>\n<ul>\n<li>Ph\u00e2n lo\u1ea1i : <a href=\"https:\/\/livinghome.vn\/thiet-bi\/may-rua-chen-bat\/\">M\u00e1y r\u1eeda ch\u00e9n <\/a>Dmestik ES 13-01<\/li>\n<li>Th\u00e2n m\u00e1y l\u00e0m b\u1eb1ng th\u00e9p kh\u00f4ng g\u1ec9 v\u1edbi l\u1edbp ph\u1ee7 ch\u1ed1ng v\u00e2n tay \u0111\u1eb7c bi\u1ec7t<\/li>\n<li>Dung t\u00edch ch\u1ee9a: 13 b\u1ed9 b\u00e1t \u0111\u0129a<\/li>\n<li>S\u1ea5y kh\u00f4, kh\u1eed khu\u1ea9n b\u1eb1ng tia UV light, Motor BLDC hi\u1ec7u qu\u1ea3 v\u01b0\u1ee3t tr\u1ed9i<\/li>\n<li>T\u00ednh n\u0103ng s\u1ea5y l\u01b0u tr\u1eef 24\/72h<\/li>\n<li>Ch\u1ebf \u0111\u1ed9 s\u1ea5y trao \u0111\u1ed5i nhi\u1ec7t chuy\u00ean s\u00e2u, r\u1eeda m\u1ea1nh<\/li>\n<li>B\u1ea3ng \u0111i\u1ec1u khi\u1ec3n c\u1ea3m \u1ee9ng hi\u1ec7n \u0111\u1ea1i, m\u00e0n h\u00ecnh hi\u1ec3n th\u1ecb LEC<\/li>\n<li>Ch\u1ebf \u0111\u1ed9 kh\u00f3a an to\u00e0n tr\u1ebb em Child Lock<\/li>\n<li>L\u1edbp ti\u00eau th\u1ee5 \u0111i\u1ec7n n\u0103ng: A++<\/li>\n<li>6 ch\u01b0\u01a1ng tr\u00ecnh r\u1eeda: r\u1eeda ECO, r\u1eeda t\u1ef1 \u0111\u1ed9ng, r\u1eeda chuy\u00ean s\u00e2u, r\u1eeda ly, r\u1eeda nhanh, r\u1eeda di\u1ec7t khu\u1ea9n Hygiene.<\/li>\n<\/ul>\n<p>M\u00e1y r\u1eeda ch\u00e9n Dmestik ES 13-01 \u0111\u01b0\u1ee3c thi\u1ebft k\u1ebf cao c\u1ea5p, linh ho\u1ea1t, c\u00f3 th\u1ec3 \u0111\u1eb7t \u0111\u1ed9c l\u1eadp ho\u1eb7c \u00e2m t\u1ee7 lu\u00f4n l\u00e0 s\u1ef1 l\u1ef1a ch\u1ecdn ho\u00e0n h\u1ea3o cho m\u1ecdi c\u0103n b\u1ebfp. D\u1ec5 d\u00e0ng th\u00e1o l\u1eafp ho\u1eb7c d\u1ecbch chuy\u1ec3n khay \u0111\u1ef1ng \u0111\u1ed3, gi\u00fap t\u0103ng kh\u00f4ng gian v\u00e0 x\u1ebfp \u0111\u01b0\u1ee3c \u0111a d\u1ea1ng n\u1ed3i, ch\u1ea3o v\u1edbi nhi\u1ec1u k\u00edch c\u1ee1 kh\u00e1c nhau. S\u1ed1 b\u1ed9 b\u00e1t \u0111\u0129a ti\u00eau chu\u1ea9n l\u00ean \u0111\u1ebfn 13 b\u1ed9\/l\u1ea7n r\u1eeda.<\/p>\n<figure id=\"attachment_53473\" aria-describedby=\"caption-attachment-53473\" style=\"width: 1067px\" class=\"wp-caption aligncenter\"><img loading=\"lazy\" decoding=\"async\" class=\"wp-image-53473 size-large\" src=\"https:\/\/livinghome.vn\/thiet-bi\/wp-content\/uploads\/nha-bep\/dmestik\/may-rua-chen\/may-rua-chen-doc-lap-dmestik-es-13-01\/may-rua-chen-doc-lap-dmestik-es-13-01-2-1067x800.jpg\" alt=\"M\u00e1y r\u1eeda ch\u00e9n Dmestik ES 13-01 13 b\u1ed9, 6 ch\u01b0\u01a1ng tr\u00ecnh r\u1eeda\" width=\"1067\" height=\"800\" title=\"\"><figcaption id=\"caption-attachment-53473\" class=\"wp-caption-text\">M\u00e1y r\u1eeda ch\u00e9n Dmestik ES 13-01 13 b\u1ed9, 6 ch\u01b0\u01a1ng tr\u00ecnh r\u1eeda<\/figcaption><\/figure>\n<p>M\u00e1y c\u00f3 \u0111\u1ed9 \u1ed3n th\u1ea5p. H\u01a1n n\u1eefa m\u00e1y c\u00f2n s\u1eed d\u1ee5ng motor BLDC hi\u1ec7u qu\u1ea3 v\u01b0\u1ee3t tr\u1ed9i, v\u1eadn h\u00e0nh \u00eam \u00e1i, hi\u1ec7u su\u1ea5t cao, ti\u1ebft ki\u1ec7m n\u0103ng l\u01b0\u1ee3ng cho m\u00e1y, m\u00e1ych\u1eafc ch\u1eafn s\u1ebd mang \u0111\u1ebfn s\u1ef1 ti\u1ec7n nghi, cao c\u1ea5p cho gia \u0111\u00ecnh b\u1ea1n v\u1edbi thi\u1ebft k\u1ebf sang tr\u1ecdng, b\u00ean c\u1ea1nh nh\u1eefng c\u00f4ng ngh\u1ec7 hi\u1ec7n \u0111\u1ea1i v\u00e0 ti\u1ec7n \u00edch c\u1ee7a n\u00f3.<\/p>\n<h3>Th\u00f4ng s\u1ed1 k\u1ef9 thu\u1eadt<\/h3>\n<ul>\n<li>L\u1edbp ti\u00eau th\u1ee5 \u0111i\u1ec7n n\u0103ng: A++<\/li>\n<li>N\u0103ng l\u01b0\u1ee3ng ti\u00eau th\u1ee5: 0,93kwh<\/li>\n<li>L\u01b0\u1ee3ng n\u01b0\u1edbc ti\u00eau th\u1ee5: 10L<\/li>\n<li>\u0110i\u1ec7n \u00e1p: 220 &#8211; 240V<\/li>\n<li>T\u1ea7n s\u1ed1: 50Hz<\/li>\n<li>\u0110\u1ed9 \u1ed3n: 55 dB<\/li>\n<li>Kh\u1ea3 n\u0103ng s\u1ea5y kh\u00f4: A<\/li>\n<li>K\u00edch th\u01b0\u1edbc: R600mm x S600mm x C805mm<\/li>\n<li>K\u00edch th\u01b0\u1edbc g\u00f3i: R645mm x S645mm x C884mm<\/li>\n<li>Xu\u1ea5t x\u1ee9: Malaysia<\/li>\n<\/ul>\n","protected":false},"excerpt":{"rendered":"<p style=\"text-align: center;\">Dung t\u00edch ch\u1ee9a: 13 b\u1ed9 b\u00e1t \u0111\u0129a<\/p>\n<p style=\"text-align: center;\">6 ch\u01b0\u01a1ng tr\u00ecnh r\u1eeda: r\u1eeda ECO, r\u1eeda t\u1ef1 \u0111\u1ed9ng, r\u1eeda chuy\u00ean s\u00e2u, r\u1eeda ly, r\u1eeda nhanh, r\u1eeda di\u1ec7t khu\u1ea9n Hygiene.<\/p>\n<p style=\"text-align: center;\">N\u0103ng l\u01b0\u1ee3ng ti\u00eau th\u1ee5: 0,93kwh<\/p>\n<p style=\"text-align: center;\">L\u01b0\u1ee3ng n\u01b0\u1edbc ti\u00eau th\u1ee5: 10L<\/p>\n<p style=\"text-align: center;\">\u0110i\u1ec7n \u00e1p: 220 &#8211; 240V<\/p>\n<p style=\"text-align: center;\">T\u1ea7n s\u1ed1: 50Hz<\/p>\n<p style=\"text-align: center;\">\u0110\u1ed9 \u1ed3n: 55 dB<\/p>\n<p style=\"text-align: center;\">K\u00edch th\u01b0\u1edbc g\u00f3i: R645mm x S645mm x C884mm<\/p>\n<p style=\"text-align: center;\">Xu\u1ea5t x\u1ee9: Malaysia<\/p>\n<p style=\"text-align: center;\">\n","protected":false},"featured_media":402,"comment_status":"open","ping_status":"closed","template":"","meta":[],"product_brand":[],"product_cat":[605,92,822,828,827,826,866,72],"product_tag":[74,93,94],"class_list":{"0":"post-341","1":"product","2":"type-product","3":"status-publish","4":"has-post-thumbnail","6":"product_cat-may-rua-chen-bat-dmestik","7":"product_cat-may-rua-chen-bat","8":"product_cat-may-rua-chen-bat-13-bo","9":"product_cat-may-rua-chen-bat-am-tu","10":"product_cat-may-rua-chen-bat-ban-am","11":"product_cat-may-rua-chen-bat-doc-lap","12":"product_cat-may-rua-chen-bat-malaysia","13":"product_cat-thuong-hieu-dmestik","14":"product_tag-dmestik","15":"product_tag-may-rua-chen","16":"product_tag-may-rua-chen-dmestik","18":"first","19":"instock","20":"sale","21":"shipping-taxable","22":"purchasable","23":"product-type-simple"},"_links":{"self":[{"href":"https:\/\/livinghome.vn\/thiet-bi\/wp-json\/wp\/v2\/product\/341","targetHints":{"allow":["GET"]}}],"collection":[{"href":"https:\/\/livinghome.vn\/thiet-bi\/wp-json\/wp\/v2\/product"}],"about":[{"href":"https:\/\/livinghome.vn\/thiet-bi\/wp-json\/wp\/v2\/types\/product"}],"replies":[{"embeddable":true,"href":"https:\/\/livinghome.vn\/thiet-bi\/wp-json\/wp\/v2\/comments?post=341"}],"wp:featuredmedia":[{"embeddable":true,"href":"https:\/\/livinghome.vn\/thiet-bi\/wp-json\/wp\/v2\/media\/402"}],"wp:attachment":[{"href":"https:\/\/livinghome.vn\/thiet-bi\/wp-json\/wp\/v2\/media?parent=341"}],"wp:term":[{"taxonomy":"product_brand","embeddable":true,"href":"https:\/\/livinghome.vn\/thiet-bi\/wp-json\/wp\/v2\/product_brand?post=341"},{"taxonomy":"product_cat","embeddable":true,"href":"https:\/\/livinghome.vn\/thiet-bi\/wp-json\/wp\/v2\/product_cat?post=341"},{"taxonomy":"product_tag","embeddable":true,"href":"https:\/\/livinghome.vn\/thiet-bi\/wp-json\/wp\/v2\/product_tag?post=341"}],"curies":[{"name":"wp","href":"https:\/\/api.w.org\/{rel}","templated":true}]}}