{"id":340,"date":"2023-01-12T10:06:43","date_gmt":"2023-01-12T10:06:43","guid":{"rendered":"https:\/\/livinghome.vn\/thiet-bi\/?post_type=product&#038;p=340"},"modified":"2024-11-29T14:21:05","modified_gmt":"2024-11-29T07:21:05","slug":"may-rua-chen-dmestik-es14-02-sm-15-bo-thiet-ke-chuan-chau-au","status":"publish","type":"product","link":"https:\/\/livinghome.vn\/thiet-bi\/may-rua-chen-dmestik-es14-02-sm-15-bo-thiet-ke-chuan-chau-au\/","title":{"rendered":"M\u00e1y r\u1eeda ch\u00e9n Dmestik ES14-02 SM 15 b\u1ed9 thi\u1ebft k\u1ebf chu\u1ea9n Ch\u00e2u \u00c2u"},"content":{"rendered":"<h2><strong>M\u00e1y r\u1eeda ch\u00e9n Dmestik ES14-02 SM 15 b\u1ed9, thi\u1ebft k\u1ebf c\u00f4ng ngh\u1ec7 Ch\u00e2u \u00c2u, m\u00e1y \u0111\u01b0\u1ee3c thi\u1ebft k\u1ebf d\u1ea1ng \u00e2m t\u1ee7 b\u00e1n ph\u1ea7n<\/strong><\/h2>\n<h3>Gi\u1edbi thi\u1ec7u s\u1ea3n ph\u1ea9m<\/h3>\n<ul>\n<li>Ph\u00e2n lo\u1ea1i : <a href=\"https:\/\/livinghome.vn\/thiet-bi\/may-rua-chen-bat\/\">M\u00e1y r\u1eeda ch\u00e9n <\/a>Dmestik ES14-02 SM<\/li>\n<li>Ch\u1ea5t li\u1ec7u th\u00e2n m\u00e1y: th\u00e9p kh\u00f4ng g\u1ec9 + h\u1ec7 th\u1ed1ng l\u1ecdc nh\u1ef1a.<\/li>\n<li>Th\u00e2n m\u00e1y l\u00e0m b\u1eb1ng th\u00e9p kh\u00f4ng g\u1ec9 v\u1edbi l\u1edbp ph\u1ee7 ch\u1ed1ng v\u00e2n tay \u0111\u1eb7c bi\u1ec7t<\/li>\n<li>Ch\u01b0\u01a1ng tr\u00ecnh t\u1ef1 \u0111\u1ed9ng v\u1edbi c\u1ea3m bi\u1ebfn \u0111\u1ee5c, t\u1ef1 ch\u1ecdn nhi\u1ec7t \u0111\u1ed9 v\u00e0 th\u1eddi gian c\u00e0i \u0111\u1eb7t.<\/li>\n<li>H\u1eb9n gi\u1edd r\u1eeda: 1-24h<\/li>\n<li>B\u1ea3ng \u0111i\u1ec1u khi\u1ec3n c\u1ea3m \u1ee9ng v\u1edbi 14 \u0111i\u1ec3m c\u00e0i \u0111\u1eb7t.<\/li>\n<li>7 ch\u01b0\u01a1ng tr\u00ecnh r\u1eeda linh ho\u1ea1t<\/li>\n<li>Ch\u1ebf \u0111\u1ed9 r\u1eeda ECO (ch\u1ebf \u0111\u1ed9 r\u1eeda ti\u1ebft ki\u1ec7m) 45-65\u00b0C<\/li>\n<li>Ch\u1ebf \u0111\u1ed9 r\u1eeda ly 40-60\u00b0C<\/li>\n<li>Ch\u1ebf \u0111\u1ed9 r\u1eeda 90 ph\u00fat 65\u00b0C<\/li>\n<li>Ch\u1ebf \u0111\u1ed9 r\u1eeda nhanh 45-55\u00b0C<\/li>\n<li>Ch\u1ebf \u0111\u1ed9 r\u1eeda t\u1ef1 \u0111\u1ed9ng 45-65\u00b0C<\/li>\n<li>Ch\u1ebf \u0111\u1ed9 r\u1eeda chuy\u00ean s\u00e2u 50-70\u00b0C<\/li>\n<li>Ch\u1ebf \u0111\u1ed9 r\u1eeda th\u01b0\u1eddng 45-65\u00b0C<\/li>\n<li>Nh\u00e3n n\u0103ng l\u01b0\u1ee3ng A++<\/li>\n<li>Ngu\u1ed3n \u0111i\u1ec7n s\u1eed d\u1ee5ng: 266 kwh\/ 1 n\u0103m<\/li>\n<li>L\u01b0\u1ee3ng n\u01b0\u1edbc s\u1eed d\u1ee5ng: 2800 L\/ 1 n\u0103m<\/li>\n<li>M\u00e1y ho\u1ea1t \u0111\u1ed9ng \u00eam \u00e1i v\u1edbi \u0111\u1ed9 \u1ed3n: 49 Db<\/li>\n<\/ul>\n<p>M\u00e1y r\u1eeda ch\u00e9n Dmestik ES14-02 SM thi\u1ebft k\u1ebf sang tr\u1ecdng, c\u00f3 th\u1ec3 d\u1ea1ng ng\u0103n k\u00e9o ho\u1eb7c c\u00e1nh t\u1ee7, t\u00ednh th\u1ea9m m\u1ef9 cao, mang \u0111\u1ebfn v\u1ebb \u0111\u1eb9p hi\u1ec7n \u0111\u1ea1i, sang tr\u1ecdng, \u0111\u01b0\u1ee3c l\u1eafp \u0111\u1eb7t \u00e2m b\u00ean trong t\u1ee7 b\u1ebfp ti\u1ebft ki\u1ec7m kh\u00f4ng gian t\u1ed1i \u0111a.<\/p>\n<p>S\u1ea3n ph\u1ea9m \u0111\u01b0\u1ee3c trang b\u1ecb h\u1ec7 th\u1ed1ng b\u1ea3ng \u0111i\u1ec1u khi\u1ec3n hi\u1ec7n \u0111\u1ea1i c\u00f3 th\u1ec3 l\u1ef1a ch\u1ecdn c\u00e1c ch\u01b0\u01a1ng tr\u00ecnh r\u1eeda m\u1ed9t c\u00e1ch d\u1ec5 d\u00e0ng. M\u00e0n h\u00ecnh hi\u1ec3n th\u1ecb k\u1ef9 thu\u1eadt s\u1ed1 cho ph\u00e9p hi\u1ec3n th\u1ecb c\u00e1c ch\u01b0\u01a1ng tr\u00ecnh, ch\u1ee9c n\u0103ng r\u1eeda gi\u00fap ng\u01b0\u1eddi s\u1eed d\u1ee5ng c\u00f3 th\u1ec3 theo d\u00f5i qu\u00e1 tr\u00ecnh ho\u1ea1t \u0111\u1ed9ng c\u1ee7a m\u00e1y m\u1ed9t c\u00e1ch d\u1ec5 d\u00e0ng, nhanh ch\u00f3ng v\u00e0 \u0111i\u1ec1u ch\u1ec9nh khi c\u1ea7n thi\u1ebft<\/p>\n<figure id=\"attachment_53480\" aria-describedby=\"caption-attachment-53480\" style=\"width: 1067px\" class=\"wp-caption aligncenter\"><img loading=\"lazy\" decoding=\"async\" class=\"wp-image-53480 size-large\" src=\"https:\/\/livinghome.vn\/thiet-bi\/wp-content\/uploads\/nha-bep\/dmestik\/may-rua-chen-am-tu\/may-rua-chen-am-tu-dmestik-es-14-02-sm\/may-rua-chen-am-tu-dmestik-es-14-02-sm-1-1067x800.jpg\" alt=\"M\u00e1y r\u1eeda ch\u00e9n Dmestik ES14-02 SM 15 b\u1ed9 , thi\u1ebft k\u1ebf chu\u1ea9n Ch\u00e2u \u00c2u\" width=\"1067\" height=\"800\" title=\"\"><figcaption id=\"caption-attachment-53480\" class=\"wp-caption-text\">M\u00e1y r\u1eeda ch\u00e9n Dmestik ES14-02 SM 15 b\u1ed9 , thi\u1ebft k\u1ebf chu\u1ea9n Ch\u00e2u \u00c2u<\/figcaption><\/figure>\n<h3>Th\u00f4ng s\u1ed1 k\u1ef9 thu\u1eadt<\/h3>\n<ul>\n<li>L\u1edbp ti\u00eau h\u1ee5 n\u0103ng l\u01b0\u1ee3ng: A++<\/li>\n<li>N\u0103ng l\u01b0\u1ee3ng ti\u00eau th\u1ee5 : 0.93KW<\/li>\n<li>L\u01b0\u1ee3ng n\u01b0\u1edbc ti\u00eau th\u1ee5: 10L<\/li>\n<li>M\u1ee9c \u0111\u1ed9 ti\u1ebfng \u1ed3n: 49db<\/li>\n<li>K\u00edch th\u01b0\u1edbc c\u00e1nh: 600*600<\/li>\n<li>K\u00edch th\u01b0\u1edbc g\u00f3i: S 640 * R 640 * C 860 ch\u00e2n 100mm<\/li>\n<li>Xu\u1ea5t x\u1ee9: Ch\u00ednh h\u00e3ng<\/li>\n<li>B\u1ea3o h\u00e0nh: 3 n\u0103m<\/li>\n<\/ul>\n<figure id=\"attachment_53479\" aria-describedby=\"caption-attachment-53479\" style=\"width: 800px\" class=\"wp-caption aligncenter\"><img loading=\"lazy\" decoding=\"async\" class=\"wp-image-53479 size-large\" src=\"https:\/\/livinghome.vn\/thiet-bi\/wp-content\/uploads\/nha-bep\/dmestik\/may-rua-chen-am-tu\/may-rua-chen-am-tu-dmestik-es-14-02-sm\/may-rua-chen-am-tu-dmestik-es-14-02-sm-2-800x800.jpg\" alt=\"M\u00e1y r\u1eeda ch\u00e9n Dmestik ES14-02 SM 15 b\u1ed9 , thi\u1ebft k\u1ebf chu\u1ea9n Ch\u00e2u \u00c2u\" width=\"800\" height=\"800\" title=\"\"><figcaption id=\"caption-attachment-53479\" class=\"wp-caption-text\">M\u00e1y r\u1eeda ch\u00e9n Dmestik ES14-02 SM 15 b\u1ed9 , thi\u1ebft k\u1ebf chu\u1ea9n Ch\u00e2u \u00c2u<\/figcaption><\/figure>\n","protected":false},"excerpt":{"rendered":"<p style=\"text-align: center;\">C\u00f4ng su\u1ea5t r\u1eeda: 15 b\u1ed9 \u0111\u1ed3 \u0103n ch\u00e2u \u00c2u (g\u1ed3m 1 b\u1ed9 b\u00e1t, 1 b\u1ed9 \u0111\u0129a, 1 b\u1ed9 th\u00eca, 1 b\u1ed9 d\u0129a).<br \/>\n\u0110\u1ed9 \u1ed3n th\u1ea5p t\u1ea1o kh\u00f4ng gian y\u00ean t\u0129nh<br \/>\nKh\u00f3a tr\u1ebb em an to\u00e0n<\/p>\n<p style=\"text-align: center;\">7 ch\u01b0\u01a1ng tr\u00ecnh r\u1eeda linh ho\u1ea1t<\/p>\n<p style=\"text-align: center;\">K\u00edch th\u01b0\u1edbc g\u00f3i: S 640 * R 640 * C 860 ch\u00e2n 100mm<\/p>\n<p style=\"text-align: center;\">\n","protected":false},"featured_media":398,"comment_status":"open","ping_status":"closed","template":"","meta":[],"product_brand":[],"product_cat":[605,92,824,828,827,826,866,72],"product_tag":[74,93,94],"class_list":{"0":"post-340","1":"product","2":"type-product","3":"status-publish","4":"has-post-thumbnail","6":"product_cat-may-rua-chen-bat-dmestik","7":"product_cat-may-rua-chen-bat","8":"product_cat-may-rua-chen-bat-15-bo","9":"product_cat-may-rua-chen-bat-am-tu","10":"product_cat-may-rua-chen-bat-ban-am","11":"product_cat-may-rua-chen-bat-doc-lap","12":"product_cat-may-rua-chen-bat-malaysia","13":"product_cat-thuong-hieu-dmestik","14":"product_tag-dmestik","15":"product_tag-may-rua-chen","16":"product_tag-may-rua-chen-dmestik","18":"first","19":"instock","20":"sale","21":"shipping-taxable","22":"purchasable","23":"product-type-simple"},"_links":{"self":[{"href":"https:\/\/livinghome.vn\/thiet-bi\/wp-json\/wp\/v2\/product\/340","targetHints":{"allow":["GET"]}}],"collection":[{"href":"https:\/\/livinghome.vn\/thiet-bi\/wp-json\/wp\/v2\/product"}],"about":[{"href":"https:\/\/livinghome.vn\/thiet-bi\/wp-json\/wp\/v2\/types\/product"}],"replies":[{"embeddable":true,"href":"https:\/\/livinghome.vn\/thiet-bi\/wp-json\/wp\/v2\/comments?post=340"}],"wp:featuredmedia":[{"embeddable":true,"href":"https:\/\/livinghome.vn\/thiet-bi\/wp-json\/wp\/v2\/media\/398"}],"wp:attachment":[{"href":"https:\/\/livinghome.vn\/thiet-bi\/wp-json\/wp\/v2\/media?parent=340"}],"wp:term":[{"taxonomy":"product_brand","embeddable":true,"href":"https:\/\/livinghome.vn\/thiet-bi\/wp-json\/wp\/v2\/product_brand?post=340"},{"taxonomy":"product_cat","embeddable":true,"href":"https:\/\/livinghome.vn\/thiet-bi\/wp-json\/wp\/v2\/product_cat?post=340"},{"taxonomy":"product_tag","embeddable":true,"href":"https:\/\/livinghome.vn\/thiet-bi\/wp-json\/wp\/v2\/product_tag?post=340"}],"curies":[{"name":"wp","href":"https:\/\/api.w.org\/{rel}","templated":true}]}}