{"id":3379,"date":"2023-01-12T18:02:25","date_gmt":"2023-01-12T18:02:25","guid":{"rendered":"https:\/\/livinghome.vn\/thiet-bi\/?post_type=product&#038;p=3379"},"modified":"2024-11-29T14:20:19","modified_gmt":"2024-11-29T07:20:19","slug":"may-loc-nuoc-lap-bon-rua-3m-ro301-khong-dien-nhap-khau-my","status":"publish","type":"product","link":"https:\/\/livinghome.vn\/thiet-bi\/may-loc-nuoc-lap-bon-rua-3m-ro301-khong-dien-nhap-khau-my\/","title":{"rendered":"M\u00e1y l\u1ecdc n\u01b0\u1edbc l\u1eafp b\u1ed3n r\u1eeda 3M RO301 &#8211; Kh\u00f4ng \u0111i\u1ec7n nh\u1eadp kh\u1ea9u M\u1ef9"},"content":{"rendered":"<p>B\u1ea1n \u0111ang c\u1ea7n ngu\u1ed3n n\u01b0\u1edbc tinh khi\u1ebft \u0111\u1ec3 sinh ho\u1ea1t trong gia \u0111\u00ecnh, v\u1eeba \u0111\u1ec3 s\u01a1 ch\u1ebf th\u1ef1c ph\u1ea9m, v\u1eeba c\u00f3 th\u1ec3 u\u1ed1ng tr\u1ef1c ti\u1ebfp t\u1eeb v\u00f2i v\u00e0 c\u1ea3 l\u1eafp cho t\u1ee7 l\u1ea1nh side by side chuy\u00ean l\u1ea5y n\u01b0\u1edbc l\u00e0m \u0111\u00e1 cho t\u1ee7 l\u1ea1nh. H\u00e3y \u0111\u1ec3 Living Home gi\u1edbi thi\u1ec7u \u0111\u1ebfn b\u1ea1n <a href=\"https:\/\/livinghome.vn\/shop\/may-loc-nuoc-lap-bon-rua-3m-ro301\/\">3M RO301<\/a>, chi\u1ebfc m\u00e1y l\u1ecdc n\u01b0\u1edbc l\u1eafp b\u1ed3n r\u1eeda \u0111\u1ebfn t\u1eeb Th\u01b0\u01a1ng hi\u00eau <a href=\"https:\/\/livinghome.vn\/product-category\/may-loc-nuoc\/may-loc-nuoc-3m\/\">l\u1ecdc n\u01b0\u1edbc 3M<\/a> s\u1ed1 1 c\u1ee7a Hoa K\u1ef3.<\/p>\n<div class=\"mceTemp\"><\/div>\n<h2>M\u00e1y l\u1ecdc n\u01b0\u1edbc l\u1eafp b\u1ed3n r\u1eeda 3M RO301 c\u00f3 g\u00ec n\u1ed5i b\u1eadt<\/h2>\n<ul>\n<li id=\"input_line_1\"><span id=\"input_part_0\" class=\"\" data-mention=\"C\u00f4ng su\u1ea5t l\u1ecdc 5.678 L\u00edt (t\u00ednh tr\u00ean ngu\u1ed3n n\u01b0\u1edbc \u0111\u1ea7u v\u00e0o l\u00e0 n\u01b0\u1edbc m\u00e1y, th\u1ef1c t\u1ebf c\u00f3 th\u1ec3 t\u0103ng gi\u1ea3m tu\u1ef3 ch\u1ea5t l\u01b0\u1ee3ng n\u01b0\u1edbc \u0111\u1ea7u v\u00e0o)\">C\u00f4ng su\u1ea5t l\u1ecdc 5.678 L\u00edt (t\u00ednh tr\u00ean ngu\u1ed3n n\u01b0\u1edbc \u0111\u1ea7u v\u00e0o l\u00e0 n\u01b0\u1edbc m\u00e1y, th\u1ef1c t\u1ebf c\u00f3 th\u1ec3 t\u0103ng gi\u1ea3m tu\u1ef3 ch\u1ea5t l\u01b0\u1ee3ng n\u01b0\u1edbc \u0111\u1ea7u v\u00e0o)<\/span><\/li>\n<li id=\"input_line_2\"><span id=\"input_part_0\" class=\"\" data-mention=\"L\u01b0u l\u01b0\u1ee3ng 31.3 L\u00edt\/ ng\u00e0y\">L\u01b0u l\u01b0\u1ee3ng 31.3 L\u00edt\/ ng\u00e0y<\/span><\/li>\n<\/ul>\n<h3>C\u00f4ng ngh\u1ec7 &amp; V\u1eadt li\u1ec7u b\u1ec3n b\u1ec9 an to\u00e0n tuy\u1ec7t \u0111\u1ed1i<\/h3>\n<ul>\n<li id=\"input_line_3\"><span id=\"input_part_0\" class=\"\" data-mention=\"C\u00f4ng ngh\u1ec7 l\u1ecdc 3M RO (Reverse Osmosis) - Kh\u00f4ng d\u00f9ng \u0111i\u1ec7n\">C\u00f4ng ngh\u1ec7 l\u1ecdc 3M RO (Reverse Osmosis) &#8211; Kh\u00f4ng d\u00f9ng \u0111i\u1ec7n<\/span><\/li>\n<li id=\"input_line_4\"><span id=\"input_part_0\" class=\"\" data-mention=\"V\u1eadt li\u1ec7u (b\u1ed9 l\u1ecdc) \">V\u1eadt li\u1ec7u (b\u1ed9 l\u1ecdc):<\/span>\n<ul>\n<li id=\"input_line_5\"><span id=\"input_part_0\" class=\"\" data-mention=\"B\u1ed9 ti\u1ec1n l\u1ecdc lo\u1ea1i b\u1ecf t\u1ea1p ch\u1ea5t\">B\u1ed9 ti\u1ec1n l\u1ecdc lo\u1ea1i b\u1ecf t\u1ea1p ch\u1ea5t<\/span><\/li>\n<li id=\"input_line_7\"><span id=\"input_part_0\" class=\"\" data-mention=\"B\u1ed9 ti\u1ec1n l\u1ecdc kh\u1ed1i Carbon ho\u1ea1t t\u00ednh cao c\u1ea5p\">B\u1ed9 ti\u1ec1n l\u1ecdc kh\u1ed1i Carbon ho\u1ea1t t\u00ednh cao c\u1ea5p<\/span><\/li>\n<li id=\"input_line_9\"><span id=\"input_part_0\" class=\"\" data-mention=\"B\u1ed9 m\u00e0ng l\u1ecdc Reverse Osmosis\">B\u1ed9 m\u00e0ng l\u1ecdc Reverse Osmosis<\/span><\/li>\n<\/ul>\n<\/li>\n<\/ul>\n<h3>Ch\u1ea5t l\u01b0\u1ee3ng n\u01b0\u1edbc th\u00e0nh ph\u1ea9m sau khi \u0111\u01b0\u1ee3c l\u1ecdc<\/h3>\n<ul>\n<li><span id=\"input_part_0\" class=\"\" data-mention=\"C\u00e1c th\u00e0nh ph\u1ea7n lo\u1ea1i b\u1ecf \">C\u00e1c th\u00e0nh ph\u1ea7n lo\u1ea1i b\u1ecf <\/span><\/li>\n<li><span id=\"input_part_0\" class=\"\" data-mention=\"Asen, Bari, Cadimi, Crom, \u0110\u1ed3ng, Flo, Ch\u00ec, Ch\u1ea5t ph\u00f3ng x\u1ea1 Radium, Sele, ch\u1ea5t r\u1eafn h\u00f2a tan.\">Asen, Bari, Cadimi, Crom, \u0110\u1ed3ng, Flo, Ch\u00ec, Ch\u1ea5t ph\u00f3ng x\u1ea1 Radium, Sele, ch\u1ea5t r\u1eafn h\u00f2a tan.<\/span><\/li>\n<li><span id=\"input_part_0\" class=\"\" data-mention=\"T\u1ea1p ch\u1ea5t, Clo d\u01b0, m\u00f9i clo, m\u00f9i h\u00f4i n\u1ea5m m\u1ed1c\">T\u1ea1p ch\u1ea5t, Clo d\u01b0, m\u00f9i clo, m\u00f9i h\u00f4i n\u1ea5m m\u1ed1c<\/span><\/li>\n<li><span id=\"input_part_0\" class=\"\" data-mention=\"M\u1ea7m u nang, k\u00fd sinh tr\u00f9ng, vi khu\u1ea9n\">M\u1ea7m u nang, k\u00fd sinh tr\u00f9ng, vi khu\u1ea9n<\/span><\/li>\n<\/ul>\n<h3>C\u00e1c ch\u1ee9ng nh\u1eadn Qu\u1ed1c t\u1ebf v\u00e0 Vi\u1ec7t Nam \u0111\u00e3 \u0111\u01b0\u1ee3c ki\u1ec3m \u0111\u1ecbnh<\/h3>\n<ul>\n<li id=\"input_line_18\"><span id=\"input_part_0\" class=\"\" data-mention=\"\u0110\u1ea1t ch\u1ee9ng nh\u1eadn NSF42, NFS53 c\u1ee7a Trung t\u00e2m h\u1ee3p t\u00e1c An to\u00e0n th\u1ef1c ph\u1ea9m v\u00e0 n\u01b0\u1edbc u\u1ed1ng thu\u1ed9c T\u1ed5 ch\u1ee9c y t\u1ebf th\u1ebf gi\u1edbi (WHO)\">\u0110\u1ea1t ch\u1ee9ng nh\u1eadn NSF42, NFS53 c\u1ee7a Trung t\u00e2m h\u1ee3p t\u00e1c An to\u00e0n th\u1ef1c ph\u1ea9m v\u00e0 n\u01b0\u1edbc u\u1ed1ng thu\u1ed9c T\u1ed5 ch\u1ee9c y t\u1ebf th\u1ebf gi\u1edbi (WHO)<\/span><\/li>\n<li id=\"input_line_20\"><span id=\"input_part_0\" class=\"\" data-mention=\"\u0110\u1ea1t ti\u00eau chu\u1ea9n do Hi\u1ec7p h\u1ed9i ch\u1ea5t l\u01b0\u1ee3ng n\u01b0\u1edbc qu\u1ed1c t\u1ebf WQA ch\u1ee9ng nh\u1eadn.\">\u0110\u1ea1t ti\u00eau chu\u1ea9n do Hi\u1ec7p h\u1ed9i ch\u1ea5t l\u01b0\u1ee3ng n\u01b0\u1edbc qu\u1ed1c t\u1ebf WQA ch\u1ee9ng nh\u1eadn.<\/span><\/li>\n<li id=\"input_line_22\"><span id=\"input_part_0\" class=\"\" data-mention=\"N\u01b0\u1edbc sau l\u1ecdc \u0111\u1ea1t chu\u1ea9n n\u01b0\u1edbc u\u1ed1ng tr\u1ef1c ti\u1ebfp QCVN 6-1:2010\/BYT\">N\u01b0\u1edbc sau l\u1ecdc \u0111\u1ea1t chu\u1ea9n n\u01b0\u1edbc u\u1ed1ng tr\u1ef1c ti\u1ebfp QCVN 6-1:2010\/BYT<\/span><\/li>\n<\/ul>\n<h3>Xu\u1ea5t x\u1ee9<\/h3>\n<ul>\n<li>S\u1ea3n xu\u1ea5t t\u1ea1i M\u1ef9<\/li>\n<li>M\u00e3 h\u00e0ng qu\u1ed1c t\u1ebf<\/li>\n<\/ul>\n<h3 id=\"input_line_27\"><span id=\"input_part_0\" class=\"\" data-mention=\"\u0110i\u1ec1u ki\u1ec7n s\u1eed d\u1ee5ng v\u00e0 l\u1eafp \u0111\u1eb7t \">H\u01b0\u1edbng d\u1eabn s\u1eed d\u1ee5ng v\u00e0 l\u1eafp \u0111\u1eb7t 3M RO301<\/span><\/h3>\n<ul>\n<li id=\"input_line_28\"><span id=\"input_part_0\" class=\"\" data-mention=\"X\u1ea3 n\u01b0\u1edbc \u00edt nh\u1ea5t 10 ph\u00fat ho\u1eb7c \u0111\u1ebfn khi n\u01b0\u1edbc trong tr\u01b0\u1edbc l\u1ea7n s\u1eed d\u1ee5ng \u0111\u1ea7u ti\u00ean\">X\u1ea3 n\u01b0\u1edbc \u00edt nh\u1ea5t 10 ph\u00fat ho\u1eb7c \u0111\u1ebfn khi n\u01b0\u1edbc trong tr\u01b0\u1edbc l\u1ea7n s\u1eed d\u1ee5ng \u0111\u1ea7u ti\u00ean<\/span><\/li>\n<li id=\"input_line_30\"><span id=\"input_part_0\" class=\"\" data-mention=\"Kh\u00f4ng l\u1eafp h\u1ec7 th\u1ed1ng l\u1ecdc d\u01b0\u1edbi \u00e1nh s\u00e1ng m\u1eb7t tr\u1eddi tr\u1ef1c ti\u1ebfp\">Kh\u00f4ng l\u1eafp h\u1ec7 th\u1ed1ng l\u1ecdc d\u01b0\u1edbi \u00e1nh s\u00e1ng m\u1eb7t tr\u1eddi tr\u1ef1c ti\u1ebfp<\/span><\/li>\n<li id=\"input_line_32\"><span id=\"input_part_0\" class=\"\" data-mention=\"Ch\u1eeba kho\u1ea3ng tr\u1ed1ng t\u1ed1i thi\u1ec3u kho\u1ea3ng 59mm t\u1eeb m\u1eb7t s\u00e0n t\u1edbi \u0111\u00e1y b\u1ed9 l\u1ecdc\">Ch\u1eeba kho\u1ea3ng tr\u1ed1ng t\u1ed1i thi\u1ec3u kho\u1ea3ng 59mm t\u1eeb m\u1eb7t s\u00e0n t\u1edbi \u0111\u00e1y b\u1ed9 l\u1ecdc<\/span><\/li>\n<li id=\"input_line_34\"><span id=\"input_part_0\" class=\"\" data-mention=\"Nhi\u1ec7t \u0111\u1ed9 n\u01b0\u1edbc \u0111\u1ea7u v\u00e0o: 4.4 \u0111\u1ed9 C - cao nh\u1ea5t 37.8 \u0111\u1ed9 C\">Nhi\u1ec7t \u0111\u1ed9 n\u01b0\u1edbc \u0111\u1ea7u v\u00e0o: 4.4 \u0111\u1ed9 C &#8211; cao nh\u1ea5t 37.8 \u0111\u1ed9 C<\/span><\/li>\n<li id=\"input_line_36\"><span id=\"input_part_0\" class=\"\" data-mention=\"\u00c1p su\u1ea5t n\u01b0\u1edbc \u0111\u1ea7u v\u00e0o: 172 - 862 Kpa (t\u01b0\u01a1ng \u0111\u01b0\u01a1ng 17 - 86 m\u00e9t c\u1ed9t n\u01b0\u1edbc)\">\u00c1p su\u1ea5t n\u01b0\u1edbc \u0111\u1ea7u v\u00e0o: 172 &#8211; 862 Kpa (t\u01b0\u01a1ng \u0111\u01b0\u01a1ng 17 &#8211; 86 m\u00e9t c\u1ed9t n\u01b0\u1edbc)<\/span><\/li>\n<li id=\"input_line_38\"><span id=\"input_part_0\" class=\"\" data-mention=\"Th\u1eddi gian thay l\u00f5i l\u1ecdc:\">Th\u1eddi gian thay l\u00f5i l\u1ecdc:<\/span>\n<ul>\n<li id=\"input_line_40\"><span id=\"input_part_0\" class=\"\" data-mention=\"\u0110\u1ed1i v\u1edbi l\u00f5i l\u1ecdc ROP316 &amp; ROP310: Thay l\u00f5i \u0111\u1ecbnh k\u00ec 12 th\u00e1ng ho\u1eb7c khi h\u1ebft c\u00f4ng su\u1ea5t\">\u0110\u1ed1i v\u1edbi l\u00f5i l\u1ecdc ROP316 &amp; ROP310: Thay l\u00f5i \u0111\u1ecbnh k\u00ec 12 th\u00e1ng ho\u1eb7c khi h\u1ebft c\u00f4ng su\u1ea5t<\/span><\/li>\n<li id=\"input_line_41\"><span id=\"input_part_0\" class=\"\" data-mention=\"\u0110\u1ed1i v\u1edbi l\u00f5i l\u1ecdc ROM413: Thay l\u00f5i \u0111\u1ecbnh k\u00ec 24 th\u00e1ng ho\u1eb7c khi h\u1ebft c\u00f4ng su\u1ea5t\">\u0110\u1ed1i v\u1edbi l\u00f5i l\u1ecdc ROM413: Thay l\u00f5i \u0111\u1ecbnh k\u00ec 24 th\u00e1ng ho\u1eb7c khi h\u1ebft c\u00f4ng su\u1ea5t<\/span><\/li>\n<li id=\"input_line_42\"><span id=\"input_part_0\" class=\"\" data-mention=\"*Ti\u00eau chu\u1ea9n n\u01b0\u1edbc \u0111\u1ea7u v\u00e0o l\u00e0 n\u01b0\u1edbc m\u00e1y ho\u1eb7c n\u01b0\u1edbc \u0111\u1ea1t ti\u00eau chu\u1ea9n QCVN 1: 2009\/BYT\">Ti\u00eau chu\u1ea9n n\u01b0\u1edbc \u0111\u1ea7u v\u00e0o l\u00e0 n\u01b0\u1edbc m\u00e1y ho\u1eb7c n\u01b0\u1edbc \u0111\u1ea1t ti\u00eau chu\u1ea9n QCVN 1: 2009\/BYT<\/span><\/li>\n<\/ul>\n<\/li>\n<li><span id=\"input_part_0\" class=\"\" data-mention=\"Chi ti\u1ebft ph\u1ee5 ki\u1ec7n \">Chi ti\u1ebft ph\u1ee5 ki\u1ec7n <\/span>\n<ul>\n<li id=\"input_line_25\"><span id=\"input_part_0\" class=\"\" data-mention=\"B\u1ed9 ph\u1ee5 ki\u1ec7n ti\u00eau chu\u1ea9n \u0111i k\u00e8m m\u00e1y. C\u00f3 th\u1ec3 ph\u00e1t sinh th\u00eam ph\u1ee5 ki\u1ec7n t\u00f9y theo \u0111i\u1ec1u ki\u1ec7n l\u1eafp \u0111\u1eb7t t\u1ea1i nh\u00e0 kh\u00e1ch. Kh\u00e1ch tr\u1ea3 ph\u00ed cho ph\u1ea7n ph\u1ee5 ki\u1ec7n ph\u00e1t sinh\">B\u1ed9 ph\u1ee5 ki\u1ec7n ti\u00eau chu\u1ea9n \u0111i k\u00e8m m\u00e1y. C\u00f3 th\u1ec3 ph\u00e1t sinh th\u00eam ph\u1ee5 ki\u1ec7n t\u00f9y theo \u0111i\u1ec1u ki\u1ec7n l\u1eafp \u0111\u1eb7t t\u1ea1i nh\u00e0 kh\u00e1ch. Kh\u00e1ch tr\u1ea3 ph\u00ed cho ph\u1ea7n ph\u1ee5 ki\u1ec7n ph\u00e1t sinh<\/span><\/li>\n<\/ul>\n<\/li>\n<\/ul>\n<h2>C\u00f4ng ngh\u1ec7 l\u1ecdc n\u01b0\u1edbc tr\u1ef1c ti\u1ebfp l\u00e0 g\u00ec?<\/h2>\n<ul>\n<li>N\u00f3i \u0111\u01a1n gi\u1ea3n c\u00f4ng ngh\u1ec7 l\u1ecdc n\u01b0\u1edbc tr\u1ef1c ti\u1ebfp l\u00e0 c\u00f4ng ngh\u1ec7 ch\u1ec9 s\u1eed d\u1ee5ng \u00e1p l\u1ef1c n\u01b0\u1edbc t\u1ef1 nhi\u00ean \u0111\u1ec3 l\u1ecdc c\u00e1c t\u1ea1p ch\u1ea5t vi khu\u1ea9n v\u00e0 gi\u1eef l\u1ea1i to\u00e0n b\u1ed9 kho\u00e1ng ch\u1ea5t c\u00f3 l\u1ee3i cho s\u1ee9c kh\u1ecfe m\u00e0 kh\u00f4ng c\u1ea7n d\u00f9ng \u0111\u1ebfn qu\u00e1 nhi\u1ec1u c\u1ea5p l\u1ecdc n\u01b0\u1edbc kh\u00e1c nhau,kh\u00f4ng ph\u1ea3i d\u00f9ng \u0111i\u1ec7n v\u00e0 ho\u00e0n kh\u00f4ng kh\u00f4ng c\u00f3 n\u01b0\u1edbc th\u1ea3i ra.<\/li>\n<li>Hi\u1ec7n c\u00f4ng ngh\u1ec7 l\u1ecdc n\u01b0\u1edbc tr\u1ef1c ti\u1ebfp d\u1ea1ng nh\u01b0 c\u1ee7a l\u1ecdc n\u01b0\u1edbc 3M hi\u1ec7n \u0111\u01b0\u1ee3c s\u1eed d\u1ee5ng r\u1ed9ng r\u00e3i \u1edf c\u00e1c n\u01b0\u1edbc Ch\u00e2u \u00c2u v\u00e0 B\u1eafc M\u1ef9.<\/li>\n<\/ul>\n","protected":false},"excerpt":{"rendered":"<p><span id=\"input_part_0\" class=\"\" data-mention=\"C\u00f4ng su\u1ea5t l\u1ecdc 5.678 L\u00edt (t\u00ednh tr\u00ean ngu\u1ed3n n\u01b0\u1edbc \u0111\u1ea7u v\u00e0o l\u00e0 n\u01b0\u1edbc m\u00e1y, th\u1ef1c t\u1ebf c\u00f3 th\u1ec3 t\u0103ng gi\u1ea3m tu\u1ef3 ch\u1ea5t l\u01b0\u1ee3ng n\u01b0\u1edbc \u0111\u1ea7u v\u00e0o)\">C\u00f4ng su\u1ea5t l\u1ecdc 5.678 L\u00edt<\/span><\/p>\n<p><span id=\"input_part_0\" class=\"\" data-mention=\"L\u01b0u l\u01b0\u1ee3ng 31.3 L\u00edt\/ ng\u00e0y\">L\u01b0u l\u01b0\u1ee3ng 31.3 L\u00edt\/ ng\u00e0y<\/span><\/p>\n<p><span id=\"input_part_0\" class=\"\" data-mention=\"C\u00f4ng ngh\u1ec7 l\u1ecdc 3M RO (Reverse Osmosis) - Kh\u00f4ng d\u00f9ng \u0111i\u1ec7n\">C\u00f4ng ngh\u1ec7 l\u1ecdc 3M RO (Reverse Osmosis) &#8211; Kh\u00f4ng d\u00f9ng \u0111i\u1ec7n<\/span><\/p>\n<p><span id=\"input_part_0\" class=\"\" data-mention=\"V\u1eadt li\u1ec7u (b\u1ed9 l\u1ecdc) \">V\u1eadt li\u1ec7u (b\u1ed9 l\u1ecdc): <\/span><span id=\"input_part_0\" class=\"\" data-mention=\"B\u1ed9 ti\u1ec1n l\u1ecdc lo\u1ea1i b\u1ecf t\u1ea1p ch\u1ea5t\">B\u1ed9 ti\u1ec1n l\u1ecdc lo\u1ea1i b\u1ecf t\u1ea1p ch\u1ea5t, <\/span><span id=\"input_part_0\" class=\"\" data-mention=\"B\u1ed9 ti\u1ec1n l\u1ecdc kh\u1ed1i Carbon ho\u1ea1t t\u00ednh cao c\u1ea5p\">B\u1ed9 ti\u1ec1n l\u1ecdc kh\u1ed1i Carbon ho\u1ea1t t\u00ednh cao c\u1ea5p, <\/span><span id=\"input_part_0\" class=\"\" data-mention=\"B\u1ed9 m\u00e0ng l\u1ecdc Reverse Osmosis\">B\u1ed9 m\u00e0ng l\u1ecdc Reverse Osmosis<\/span><\/p>\n<p><span id=\"input_part_0\" class=\"\" data-mention=\"C\u00e1c th\u00e0nh ph\u1ea7n lo\u1ea1i b\u1ecf \">C\u00e1c th\u00e0nh ph\u1ea7n lo\u1ea1i b\u1ecf: <\/span><span id=\"input_part_0\" class=\"\" data-mention=\"Asen, Bari, Cadimi, Crom, \u0110\u1ed3ng, Flo, Ch\u00ec, Ch\u1ea5t ph\u00f3ng x\u1ea1 Radium, Sele, ch\u1ea5t r\u1eafn h\u00f2a tan.\">Asen, Bari, Cadimi, Crom, \u0110\u1ed3ng, Flo, Ch\u00ec, Ch\u1ea5t ph\u00f3ng x\u1ea1 Radium, Sele, ch\u1ea5t r\u1eafn h\u00f2a tan, <\/span><span id=\"input_part_0\" class=\"\" data-mention=\"T\u1ea1p ch\u1ea5t, Clo d\u01b0, m\u00f9i clo, m\u00f9i h\u00f4i n\u1ea5m m\u1ed1c\">T\u1ea1p ch\u1ea5t, Clo d\u01b0, m\u00f9i clo, m\u00f9i h\u00f4i n\u1ea5m m\u1ed1c, <\/span><span id=\"input_part_0\" class=\"\" data-mention=\"M\u1ea7m u nang, k\u00fd sinh tr\u00f9ng, vi khu\u1ea9n\">M\u1ea7m u nang, k\u00fd sinh tr\u00f9ng, vi khu\u1ea9n<\/span><\/p>\n<p><span id=\"input_part_0\" class=\"\" data-mention=\"\u0110\u1ea1t ch\u1ee9ng nh\u1eadn NSF42, NFS53 c\u1ee7a Trung t\u00e2m h\u1ee3p t\u00e1c An to\u00e0n th\u1ef1c ph\u1ea9m v\u00e0 n\u01b0\u1edbc u\u1ed1ng thu\u1ed9c T\u1ed5 ch\u1ee9c y t\u1ebf th\u1ebf gi\u1edbi (WHO)\">\u0110\u1ea1t ch\u1ee9ng nh\u1eadn NSF42, NFS53 c\u1ee7a Trung t\u00e2m h\u1ee3p t\u00e1c An to\u00e0n th\u1ef1c ph\u1ea9m v\u00e0 n\u01b0\u1edbc u\u1ed1ng thu\u1ed9c T\u1ed5 ch\u1ee9c y t\u1ebf th\u1ebf gi\u1edbi (WHO)<\/span><\/p>\n<p><span id=\"input_part_0\" class=\"\" data-mention=\"\u0110\u1ea1t ti\u00eau chu\u1ea9n do Hi\u1ec7p h\u1ed9i ch\u1ea5t l\u01b0\u1ee3ng n\u01b0\u1edbc qu\u1ed1c t\u1ebf WQA ch\u1ee9ng nh\u1eadn.\">\u0110\u1ea1t ti\u00eau chu\u1ea9n do Hi\u1ec7p h\u1ed9i ch\u1ea5t l\u01b0\u1ee3ng n\u01b0\u1edbc qu\u1ed1c t\u1ebf WQA ch\u1ee9ng nh\u1eadn.<\/span><\/p>\n<p><span id=\"input_part_0\" class=\"\" data-mention=\"N\u01b0\u1edbc sau l\u1ecdc \u0111\u1ea1t chu\u1ea9n n\u01b0\u1edbc u\u1ed1ng tr\u1ef1c ti\u1ebfp QCVN 6-1:2010\/BYT\">N\u01b0\u1edbc sau l\u1ecdc \u0111\u1ea1t chu\u1ea9n n\u01b0\u1edbc u\u1ed1ng tr\u1ef1c ti\u1ebfp QCVN 6-1:2010\/BYT<\/span><\/p>\n<p>Xu\u1ea5t x\u1ee9: S\u1ea3n xu\u1ea5t t\u1ea1i M\u1ef9<\/p>\n","protected":false},"featured_media":3560,"comment_status":"open","ping_status":"closed","template":"","meta":[],"product_brand":[],"product_cat":[400,401],"product_tag":[402,403],"class_list":{"0":"post-3379","1":"product","2":"type-product","3":"status-publish","4":"has-post-thumbnail","6":"product_cat-may-loc-nuoc-3m","7":"product_cat-thuong-hieu-may-loc-nuoc-3m","8":"product_tag-3m","9":"product_tag-may-loc-nuoc-3m","11":"first","12":"instock","13":"shipping-taxable","14":"purchasable","15":"product-type-simple"},"_links":{"self":[{"href":"https:\/\/livinghome.vn\/thiet-bi\/wp-json\/wp\/v2\/product\/3379","targetHints":{"allow":["GET"]}}],"collection":[{"href":"https:\/\/livinghome.vn\/thiet-bi\/wp-json\/wp\/v2\/product"}],"about":[{"href":"https:\/\/livinghome.vn\/thiet-bi\/wp-json\/wp\/v2\/types\/product"}],"replies":[{"embeddable":true,"href":"https:\/\/livinghome.vn\/thiet-bi\/wp-json\/wp\/v2\/comments?post=3379"}],"wp:featuredmedia":[{"embeddable":true,"href":"https:\/\/livinghome.vn\/thiet-bi\/wp-json\/wp\/v2\/media\/3560"}],"wp:attachment":[{"href":"https:\/\/livinghome.vn\/thiet-bi\/wp-json\/wp\/v2\/media?parent=3379"}],"wp:term":[{"taxonomy":"product_brand","embeddable":true,"href":"https:\/\/livinghome.vn\/thiet-bi\/wp-json\/wp\/v2\/product_brand?post=3379"},{"taxonomy":"product_cat","embeddable":true,"href":"https:\/\/livinghome.vn\/thiet-bi\/wp-json\/wp\/v2\/product_cat?post=3379"},{"taxonomy":"product_tag","embeddable":true,"href":"https:\/\/livinghome.vn\/thiet-bi\/wp-json\/wp\/v2\/product_tag?post=3379"}],"curies":[{"name":"wp","href":"https:\/\/api.w.org\/{rel}","templated":true}]}}