{"id":3355,"date":"2023-01-12T18:01:50","date_gmt":"2023-01-12T18:01:50","guid":{"rendered":"https:\/\/livinghome.vn\/thiet-bi\/?post_type=product&#038;p=3355"},"modified":"2024-11-29T14:20:19","modified_gmt":"2024-11-29T07:20:19","slug":"may-loc-nuoc-tu-lanh-3m-ap2-c405-sg-mini-filter","status":"publish","type":"product","link":"https:\/\/livinghome.vn\/thiet-bi\/may-loc-nuoc-tu-lanh-3m-ap2-c405-sg-mini-filter\/","title":{"rendered":"M\u00e1y l\u1ecdc n\u01b0\u1edbc t\u1ee7 l\u1ea1nh 3M AP2 C405 SG mini filter nh\u1eadp kh\u1ea9u M\u1ef9"},"content":{"rendered":"<p>&nbsp;<\/p>\n<figure id=\"attachment_64604\" aria-describedby=\"caption-attachment-64604\" style=\"width: 800px\" class=\"wp-caption alignnone\"><img loading=\"lazy\" decoding=\"async\" class=\"size-large wp-image-64604\" src=\"https:\/\/livinghome.vn\/thiet-bi\/wp-content\/uploads\/loc-nuoc\/3m\/may-loc-nuoc-tu-lanh-3m\/may-loc-nuoc-tu-lanh-3m-ap2-c405-sg-mini-filter\/may-loc-nuoc-tu-lanh-3m-ap2-c405-sg-mini-filter-3-800x800.jpg\" alt=\"M\u00e1y l\u1ecdc n\u01b0\u1edbc t\u1ee7 l\u1ea1nh 3M AP2 C405 SG mini filter\" width=\"800\" height=\"800\" title=\"\"><figcaption id=\"caption-attachment-64604\" class=\"wp-caption-text\">M\u00e1y l\u1ecdc n\u01b0\u1edbc t\u1ee7 l\u1ea1nh 3M AP2 C405 SG mini filter &#8211; m\u00e1y l\u1ecdc n\u01b0\u1edbc chuy\u00ean d\u1ee5ng d\u00e0nh cho t\u1ee7 l\u1ea1nh<\/figcaption><\/figure>\n<h2>M\u00e1y l\u1ecdc n\u01b0\u1edbc t\u1ee7 l\u1ea1nh 3M AP2 C405 SG mini filter c\u00f3 g\u00ec n\u1ed5i b\u1eadt<\/h2>\n<ul>\n<li id=\"input_line_0\"><span id=\"input_part_0\" class=\"\" data-mention=\"C\u00f4ng su\u1ea5t l\u1ecdc 4.000L\u00edt (t\u00ednh tr\u00ean ngu\u1ed3n n\u01b0\u1edbc \u0111\u1ea7u v\u00e0o l\u00e0 n\u01b0\u1edbc m\u00e1y, th\u1ef1c t\u1ebf c\u00f3 th\u1ec3 t\u0103ng gi\u1ea3m tu\u1ef3 ch\u1ea5t l\u01b0\u1ee3ng n\u01b0\u1edbc \u0111\u1ea7u v\u00e0o)\">C\u00f4ng su\u1ea5t l\u1ecdc: 4.000L\u00edt (t\u00ednh tr\u00ean ngu\u1ed3n n\u01b0\u1edbc \u0111\u1ea7u v\u00e0o l\u00e0 n\u01b0\u1edbc m\u00e1y, th\u1ef1c t\u1ebf c\u00f3 th\u1ec3 t\u0103ng gi\u1ea3m tu\u1ef3 ch\u1ea5t l\u01b0\u1ee3ng n\u01b0\u1edbc \u0111\u1ea7u v\u00e0o)<\/span><\/li>\n<li id=\"input_line_1\"><span id=\"input_part_0\" class=\"\" data-mention=\"L\u01b0u l\u01b0\u1ee3ng n\u01b0\u1edbc qua b\u1ed9 l\u1ecdc 2 L\u00edt\/ph\u00fat\">L\u01b0u l\u01b0\u1ee3ng n\u01b0\u1edbc qua b\u1ed9 l\u1ecdc: 2 L\u00edt\/ph\u00fat<\/span><\/li>\n<li id=\"input_line_3\"><span id=\"input_part_0\" class=\"\" data-mention=\"Tr\u1ecdng l\u01b0\u1ee3ng (khi \u0111\u1ea7y n\u01b0\u1edbc) 0.4kg\">Tr\u1ecdng l\u01b0\u1ee3ng (khi \u0111\u1ea7y n\u01b0\u1edbc): 0.4kg<\/span><\/li>\n<\/ul>\n<div>\n<h3>C\u00f4ng ngh\u1ec7 &amp; V\u1eadt li\u1ec7u b\u1ec3n b\u1ec9 an to\u00e0n tuy\u1ec7t \u0111\u1ed1i<\/h3>\n<\/div>\n<div>\n<ul>\n<li id=\"input_line_0\"><span id=\"input_part_0\" class=\"\" data-mention=\"C\u00f4ng ngh\u1ec7 l\u1ecdc 3M Carbon Block Filtration Technology\">C\u00f4ng ngh\u1ec7 l\u1ecdc:\u00a0 3M Carbon Block Filtration Technology<\/span><\/li>\n<li id=\"input_line_1\"><span id=\"input_part_0\" class=\"\" data-mention=\"V\u1eadt li\u1ec7u (b\u1ed9 l\u1ecdc) M\u00e0ng l\u1ecdc Polypropylene\">V\u1eadt li\u1ec7u (b\u1ed9 l\u1ecdc):\u00a0 M\u00e0ng l\u1ecdc Polypropylene<\/span><\/li>\n<li id=\"input_line_2\"><span id=\"input_part_0\" class=\"\" data-mention=\"Kh\u1ed1i Zeta Carbon ho\u1ea1t t\u00ednh cao c\u1ea5p \u0111\u01b0\u1ee3c ng\u00e2m t\u1ea9m b\u1ea1c c\u00f4ng su\u1ea5t cao\">Kh\u1ed1i Zeta Carbon ho\u1ea1t t\u00ednh cao c\u1ea5p \u0111\u01b0\u1ee3c ng\u00e2m t\u1ea9m b\u1ea1c c\u00f4ng su\u1ea5t cao<\/span><\/li>\n<\/ul>\n<\/div>\n<p>&nbsp;<\/p>\n<figure id=\"attachment_64599\" aria-describedby=\"caption-attachment-64599\" style=\"width: 800px\" class=\"wp-caption alignnone\"><img loading=\"lazy\" decoding=\"async\" class=\"wp-image-64599 size-large\" src=\"https:\/\/livinghome.vn\/thiet-bi\/wp-content\/uploads\/loc-nuoc\/3m\/may-loc-nuoc-tu-lanh-3m\/may-loc-nuoc-tu-lanh-3m-ap2-c405-sg-mini-filter\/may-loc-nuoc-tu-lanh-3m-ap2-c405-sg-mini-filter-1-800x800.jpg\" alt=\"M\u00e1y l\u1ecdc n\u01b0\u1edbc t\u1ee7 l\u1ea1nh 3M AP2 C405 SG mini filter\" width=\"800\" height=\"800\" title=\"\"><figcaption id=\"caption-attachment-64599\" class=\"wp-caption-text\">M\u00e1y l\u1ecdc n\u01b0\u1edbc t\u1ee7 l\u1ea1nh 3M AP2 C405 SG mini filter c\u00f4ng su\u1ea5t 4000l\u00edt<\/figcaption><\/figure>\n<h3><span id=\"chat-luong-nuoc-thanh-pham-sau-khi-duoc-loc\">Ch\u1ea5t l\u01b0\u1ee3ng n\u01b0\u1edbc th\u00e0nh ph\u1ea9m sau khi \u0111\u01b0\u1ee3c l\u1ecdc<\/span><\/h3>\n<p>C\u00e1c th\u00e0nh ph\u1ea7n lo\u1ea1i b\u1ecf<\/p>\n<ul>\n<li>\n<p dir=\"ltr\">Clo d\u01b0, Cloramine, m\u00f9i clo, m\u00f9i h\u00f4i n\u1ea5m m\u1ed1c<\/p>\n<\/li>\n<li>\n<p dir=\"ltr\">Vi khu\u1ea9n, t\u1ea1p ch\u1ea5t,.. c\u00f3 k\u00edch th\u01b0\u1edbc si\u00eau nh\u1ecf 0.5 micron<\/p>\n<\/li>\n<li>\n<p dir=\"ltr\">M\u1ea7m u nang, k\u00fd sinh tr\u00f9ng<\/p>\n<\/li>\n<\/ul>\n<figure id=\"attachment_64605\" aria-describedby=\"caption-attachment-64605\" style=\"width: 800px\" class=\"wp-caption alignnone\"><img loading=\"lazy\" decoding=\"async\" class=\"wp-image-64605 size-large\" src=\"https:\/\/livinghome.vn\/thiet-bi\/wp-content\/uploads\/loc-nuoc\/3m\/may-loc-nuoc-tu-lanh-3m\/may-loc-nuoc-tu-lanh-3m-ap2-c405-sg-mini-filter\/may-loc-nuoc-tu-lanh-3m-ap2-c405-sg-mini-filter-9-800x800.jpg\" alt=\"M\u00e1y l\u1ecdc n\u01b0\u1edbc t\u1ee7 l\u1ea1nh 3M AP2 C405 SG mini filter\" width=\"800\" height=\"800\" title=\"\"><figcaption id=\"caption-attachment-64605\" class=\"wp-caption-text\">M\u00e1y l\u1ecdc n\u01b0\u1edbc t\u1ee7 l\u1ea1nh 3M AP2 C405 SG mini filter g\u1ea5p 4 l\u1ea7n m\u00e1y l\u1ecdc kh\u00e1c tr\u00ean th\u1ecb tr\u01b0\u1eddng<\/figcaption><\/figure>\n<h3><span id=\"cac-chung-nhan-quoc-te-va-viet-nam-da-duoc-kiem-dinh\">C\u00e1c ch\u1ee9ng nh\u1eadn Qu\u1ed1c t\u1ebf v\u00e0 Vi\u1ec7t Nam \u0111\u00e3 \u0111\u01b0\u1ee3c ki\u1ec3m \u0111\u1ecbnh<\/span><\/h3>\n<ul>\n<li>\u0110\u1ea1t ch\u1ee9ng nh\u1eadn NSF42, NSF53 c\u1ee7a Trung t\u00e2m h\u1ee3p t\u00e1c An to\u00e0n th\u1ef1c ph\u1ea9m v\u00e0 n\u01b0\u1edbc u\u1ed1ng thu\u1ed9c T\u1ed5 ch\u1ee9c y t\u1ebf th\u1ebf gi\u1edbi (WHO)<\/li>\n<li>\u0110\u1ea1t ti\u00eau chu\u1ea9n do Hi\u1ec7p h\u1ed9i ch\u1ea5t l\u01b0\u1ee3ng n\u01b0\u1edbc qu\u1ed1c t\u1ebf WQA ch\u1ee9ng nh\u1eadn<\/li>\n<li>N\u01b0\u1edbc sau l\u1ecdc \u0111\u1ea1t chu\u1ea9n n\u01b0\u1edbc u\u1ed1ng tr\u1ef1c ti\u1ebfp theo ti\u00eau chu\u1ea9n QCVN 6-1:2010\/BYT<\/li>\n<\/ul>\n<h3><span id=\"kich-thuoc-san-pham\">K\u00edch th\u01b0\u1edbc s\u1ea3n ph\u1ea9m<\/span><\/h3>\n<ul>\n<li>K\u00edch th\u01b0\u1edbc(\u0111\u01b0\u1eddng k\u00ednh x chi\u1ec1u cao): 6,14 x 26.2 cm<\/li>\n<\/ul>\n<h3>H\u01b0\u1edbng d\u1eabn s\u1eed d\u1ee5ng v\u00e0 l\u1eafp \u0111\u1eb7t 3M AP2 C405 SG<\/h3>\n<ul>\n<li>\n<p dir=\"ltr\">X\u1ea3 n\u01b0\u1edbc \u00edt nh\u1ea5t 10 ph\u00fat ho\u1eb7c \u0111\u1ebfn khi n\u01b0\u1edbc trong tr\u01b0\u1edbc l\u1ea7n s\u1eed d\u1ee5ng \u0111\u1ea7u ti\u00ean<\/p>\n<\/li>\n<li>\n<p dir=\"ltr\">Kh\u00f4ng l\u1eafp h\u1ec7 th\u1ed1ng l\u1ecdc d\u01b0\u1edbi \u00e1nh s\u00e1ng m\u1eb7t tr\u1eddi tr\u1ef1c ti\u1ebfp<\/p>\n<\/li>\n<li>\n<p dir=\"ltr\">Ch\u1eeba kho\u1ea3ng tr\u1ed1ng t\u1ed1i thi\u1ec3u kho\u1ea3ng 7.6 cm t\u1eeb m\u1eb7t s\u00e0n t\u1edbi \u0111\u00e1y b\u1ed9 l\u1ecdc<\/p>\n<\/li>\n<li>\n<p dir=\"ltr\">Nhi\u1ec7t \u0111\u1ed9 n\u01b0\u1edbc \u0111\u1ea7u v\u00e0o: 4.4 \u0111\u1ed9 C &#8211; cao nh\u1ea5t 37.8 \u0111\u1ed9 C<\/p>\n<\/li>\n<li>\n<p dir=\"ltr\">\u00c1p su\u1ea5t n\u01b0\u1edbc \u0111\u1ea7u v\u00e0o: 172 &#8211; 862 Kpa (t\u01b0\u01a1ng \u0111\u01b0\u01a1ng 17 &#8211; 86 m\u00e9t c\u1ed9t n\u01b0\u1edbc)<\/p>\n<\/li>\n<li>\n<p dir=\"ltr\">Thay l\u00f5i \u0111\u1ecbnh k\u00ec 6 th\u00e1ng ho\u1eb7c khi h\u1ebft c\u00f4ng su\u1ea5t<\/p>\n<\/li>\n<li>Ti\u00eau chu\u1ea9n n\u01b0\u1edbc \u0111\u1ea7u v\u00e0o l\u00e0 n\u01b0\u1edbc m\u00e1y ho\u1eb7c n\u01b0\u1edbc \u0111\u1ea1t ti\u00eau chu\u1ea9n QCVN 1: 2009\/BYT<\/li>\n<\/ul>\n<p>&nbsp;<\/p>\n<figure id=\"attachment_64603\" aria-describedby=\"caption-attachment-64603\" style=\"width: 800px\" class=\"wp-caption alignnone\"><img loading=\"lazy\" decoding=\"async\" class=\"wp-image-64603 size-large\" src=\"https:\/\/livinghome.vn\/thiet-bi\/wp-content\/uploads\/loc-nuoc\/3m\/may-loc-nuoc-tu-lanh-3m\/may-loc-nuoc-tu-lanh-3m-ap2-c405-sg-mini-filter\/may-loc-nuoc-tu-lanh-3m-ap2-c405-sg-mini-filter-6-800x800.jpg\" alt=\"M\u00e1y l\u1ecdc n\u01b0\u1edbc t\u1ee7 l\u1ea1nh 3M AP2 C405 SG mini filter\" width=\"800\" height=\"800\" title=\"\"><figcaption id=\"caption-attachment-64603\" class=\"wp-caption-text\">M\u00e1y l\u1ecdc n\u01b0\u1edbc t\u1ee7 l\u1ea1nh 3M AP2 C405 SG mini filter si\u00eau c\u00f4ng su\u1ea5t, \u0111a ch\u1ee9c n\u0103ng<\/figcaption><\/figure>\n<div class=\"mceTemp\">\n<p><img loading=\"lazy\" decoding=\"async\" class=\"wp-image-64606 size-large\" src=\"https:\/\/livinghome.vn\/thiet-bi\/wp-content\/uploads\/loc-nuoc\/3m\/may-loc-nuoc-tu-lanh-3m\/may-loc-nuoc-tu-lanh-3m-ap2-c405-sg-mini-filter\/may-loc-nuoc-tu-lanh-3m-ap2-c405-sg-mini-filter-8-800x800.jpg\" alt=\"M\u00e1y l\u1ecdc n\u01b0\u1edbc t\u1ee7 l\u1ea1nh 3M AP2 C405 SG mini filter\" width=\"800\" height=\"800\" title=\"\"><\/p>\n<\/div>\n<h3><strong>Xu\u1ea5t x\u1ee9<\/strong><\/h3>\n<ul>\n<li>S\u1ea3n xu\u1ea5t t\u1ea1i M\u1ef9<\/li>\n<li>M\u00e3 h\u00e0ng qu\u1ed1c t\u1ebf<\/li>\n<\/ul>\n<h2><span id=\"cong-nghe-loc-nuoc-truc-tiep-la-gi\">C\u00f4ng ngh\u1ec7 l\u1ecdc n\u01b0\u1edbc tr\u1ef1c ti\u1ebfp l\u00e0 g\u00ec?<\/span><\/h2>\n<ul>\n<li>N\u00f3i \u0111\u01a1n gi\u1ea3n c\u00f4ng ngh\u1ec7 l\u1ecdc n\u01b0\u1edbc tr\u1ef1c ti\u1ebfp l\u00e0 c\u00f4ng ngh\u1ec7 ch\u1ec9 s\u1eed d\u1ee5ng \u00e1p l\u1ef1c n\u01b0\u1edbc t\u1ef1 nhi\u00ean \u0111\u1ec3 l\u1ecdc c\u00e1c t\u1ea1p ch\u1ea5t vi khu\u1ea9n v\u00e0 gi\u1eef l\u1ea1i to\u00e0n b\u1ed9 kho\u00e1ng ch\u1ea5t c\u00f3 l\u1ee3i cho s\u1ee9c kh\u1ecfe m\u00e0 kh\u00f4ng c\u1ea7n d\u00f9ng \u0111\u1ebfn qu\u00e1 nhi\u1ec1u c\u1ea5p l\u1ecdc n\u01b0\u1edbc kh\u00e1c nhau,kh\u00f4ng ph\u1ea3i d\u00f9ng \u0111i\u1ec7n v\u00e0 ho\u00e0n kh\u00f4ng kh\u00f4ng c\u00f3 n\u01b0\u1edbc th\u1ea3i ra.<\/li>\n<li>Hi\u1ec7n c\u00f4ng ngh\u1ec7 l\u1ecdc n\u01b0\u1edbc tr\u1ef1c ti\u1ebfp d\u1ea1ng nh\u01b0 c\u1ee7a l\u1ecdc n\u01b0\u1edbc 3M hi\u1ec7n \u0111\u01b0\u1ee3c s\u1eed d\u1ee5ng r\u1ed9ng r\u00e3i \u1edf c\u00e1c n\u01b0\u1edbc Ch\u00e2u \u00c2u v\u00e0 B\u1eafc M\u1ef9.<\/li>\n<\/ul>\n<h2>H\u00ecnh \u1ea3nh th\u1ef1c t\u1ebf c\u1ee7a s\u1ea3n ph\u1ea9m l\u1ecdc n\u01b0\u1edbc 3M t\u1ea1i showroom<\/h2>\n\n","protected":false},"excerpt":{"rendered":"<p style=\"text-align: left\"><strong>C\u00f4ng su\u1ea5t l\u1ecdc<\/strong> 4.000L\u00edt<\/p>\n<p style=\"text-align: left\"><strong>L\u01b0u l\u01b0\u1ee3ng n\u01b0\u1edbc qua b\u1ed9 l\u1ecdc<\/strong> 2 L\u00edt\/ph\u00fat<\/p>\n<p style=\"text-align: left\"><strong>K\u00edch th\u01b0\u1edbc <\/strong>6,14 x 26.2 cm<\/p>\n<p style=\"text-align: left\"><strong>Tr\u1ecdng l\u01b0\u1ee3ng<\/strong> 0.4kg<\/p>\n<p style=\"text-align: left\"><strong>C\u00f4ng ngh\u1ec7 l\u1ecdc<\/strong> 3M Carbon Block Filtration Technology<\/p>\n","protected":false},"featured_media":19589,"comment_status":"open","ping_status":"closed","template":"","meta":[],"product_brand":[],"product_cat":[400,401],"product_tag":[402,404,403,409],"class_list":{"0":"post-3355","1":"product","2":"type-product","3":"status-publish","4":"has-post-thumbnail","6":"product_cat-may-loc-nuoc-3m","7":"product_cat-thuong-hieu-may-loc-nuoc-3m","8":"product_tag-3m","9":"product_tag-may-loc-nuoc","10":"product_tag-may-loc-nuoc-3m","11":"product_tag-may-loc-nuoc-danh-cho-tu-lanh","13":"first","14":"instock","15":"shipping-taxable","16":"purchasable","17":"product-type-simple"},"_links":{"self":[{"href":"https:\/\/livinghome.vn\/thiet-bi\/wp-json\/wp\/v2\/product\/3355","targetHints":{"allow":["GET"]}}],"collection":[{"href":"https:\/\/livinghome.vn\/thiet-bi\/wp-json\/wp\/v2\/product"}],"about":[{"href":"https:\/\/livinghome.vn\/thiet-bi\/wp-json\/wp\/v2\/types\/product"}],"replies":[{"embeddable":true,"href":"https:\/\/livinghome.vn\/thiet-bi\/wp-json\/wp\/v2\/comments?post=3355"}],"wp:featuredmedia":[{"embeddable":true,"href":"https:\/\/livinghome.vn\/thiet-bi\/wp-json\/wp\/v2\/media\/19589"}],"wp:attachment":[{"href":"https:\/\/livinghome.vn\/thiet-bi\/wp-json\/wp\/v2\/media?parent=3355"}],"wp:term":[{"taxonomy":"product_brand","embeddable":true,"href":"https:\/\/livinghome.vn\/thiet-bi\/wp-json\/wp\/v2\/product_brand?post=3355"},{"taxonomy":"product_cat","embeddable":true,"href":"https:\/\/livinghome.vn\/thiet-bi\/wp-json\/wp\/v2\/product_cat?post=3355"},{"taxonomy":"product_tag","embeddable":true,"href":"https:\/\/livinghome.vn\/thiet-bi\/wp-json\/wp\/v2\/product_tag?post=3355"}],"curies":[{"name":"wp","href":"https:\/\/api.w.org\/{rel}","templated":true}]}}