{"id":3353,"date":"2023-01-12T18:01:49","date_gmt":"2023-01-12T18:01:49","guid":{"rendered":"https:\/\/livinghome.vn\/thiet-bi\/?post_type=product&#038;p=3353"},"modified":"2024-11-29T14:20:19","modified_gmt":"2024-11-29T07:20:19","slug":"may-loc-nuoc-thuong-mai-3m-ice190s","status":"publish","type":"product","link":"https:\/\/livinghome.vn\/thiet-bi\/may-loc-nuoc-thuong-mai-3m-ice190s\/","title":{"rendered":"M\u00e1y l\u1ecdc n\u01b0\u1edbc th\u01b0\u01a1ng m\u1ea1i 3M ICE190S c\u00f4ng su\u1ea5t l\u1edbn nh\u1eadp kh\u1ea9u M\u1ef9"},"content":{"rendered":"<h2><strong>M\u00e1y l\u1ecdc n\u01b0\u1edbc th\u01b0\u01a1ng m\u1ea1i 3M ICE190S c\u00f3 g\u00ec n\u1ed5i b\u1eadt<\/strong><\/h2>\n<ul>\n<li>C\u00f4ng su\u1ea5t l\u1ecdc: 204.412 L\u00edt (th\u1ef1c t\u1ebf c\u00f3 th\u1ec3 t\u0103ng gi\u1ea3m tu\u1ef3 ch\u1ea5t l\u01b0\u1ee3ng n\u01b0\u1edbc m\u00e1y \u0111\u1ea7u v\u00e0o)<\/li>\n<li>L\u01b0u l\u01b0\u1ee3ng n\u01b0\u1edbc qua b\u1ed9 l\u1ecdc: 18.9 L\u00edt\/ph\u00fat<\/li>\n<li>Tr\u1ecdng l\u01b0\u1ee3ng (khi \u0111\u1ea7y n\u01b0\u1edbc): 2.6 kg<\/li>\n<\/ul>\n<h2><strong>C\u00f4ng ngh\u1ec7 &amp; V\u1eadt li\u1ec7u b\u1ec3n b\u1ec9 an to\u00e0n tuy\u1ec7t \u0111\u1ed1i<\/strong><\/h2>\n<ul>\n<li>M\u00e0ng l\u1ecdc Polypropylene<\/li>\n<li>M\u00e0ng l\u1ecdc D\u01b0\u1ee3c Ph\u1ea9m K\u00e9p<\/li>\n<li>Kh\u1ed1i Zeta Carbon ho\u1ea1t t\u00ednh cao c\u1ea5p \u0111\u01b0\u1ee3c ng\u00e2m t\u1ea9m b\u1ea1c c\u00f4ng su\u1ea5t cao<\/li>\n<\/ul>\n<figure id=\"attachment_64594\" aria-describedby=\"caption-attachment-64594\" style=\"width: 1020px\" class=\"wp-caption alignnone\"><img loading=\"lazy\" decoding=\"async\" class=\"size-large wp-image-64594\" src=\"https:\/\/livinghome.vn\/thiet-bi\/wp-content\/uploads\/loc-nuoc\/3m\/may-loc-nuoc-thuong-mai-3m\/may-loc-nuoc-thuong-mai-3m-ice190s\/may-loc-nuoc-thuong-mai-3m-ice190s-1-1067x800.jpg\" alt=\"M\u00e1y l\u1ecdc n\u01b0\u1edbc th\u01b0\u01a1ng m\u1ea1i 3M ICE190S c\u00f4ng su\u1ea5t l\u1edbn\" width=\"1020\" height=\"765\" title=\"\"><figcaption id=\"caption-attachment-64594\" class=\"wp-caption-text\">M\u00e1y l\u1ecdc n\u01b0\u1edbc th\u01b0\u01a1ng m\u1ea1i 3M ICE190S n\u01b0\u1edbc s\u1ea1ch nguy\u00ean kho\u00e1ng cho t\u00e1ch cafe chu\u1ea9n v\u1ecb<\/figcaption><\/figure>\n<p>&nbsp;<\/p>\n<figure id=\"attachment_64591\" aria-describedby=\"caption-attachment-64591\" style=\"width: 800px\" class=\"wp-caption alignnone\"><img loading=\"lazy\" decoding=\"async\" class=\"wp-image-64591 size-large\" src=\"https:\/\/livinghome.vn\/thiet-bi\/wp-content\/uploads\/loc-nuoc\/3m\/may-loc-nuoc-thuong-mai-3m\/may-loc-nuoc-thuong-mai-3m-ice190s\/may-loc-nuoc-thuong-mai-3m-ice190s-2-800x800.jpg\" alt=\"M\u00e1y l\u1ecdc n\u01b0\u1edbc th\u01b0\u01a1ng m\u1ea1i 3M ICE190S c\u00f4ng su\u1ea5t l\u1edbn\" width=\"800\" height=\"800\" title=\"\"><figcaption id=\"caption-attachment-64591\" class=\"wp-caption-text\">M\u00e1y l\u1ecdc n\u01b0\u1edbc th\u01b0\u01a1ng m\u1ea1i 3M ICE190S gi\u00fap t\u1ed1i \u01b0u h\u00f3a chi ph\u00ed cho nh\u00e0 h\u00e0ng, qu\u00e1n cafe<\/figcaption><\/figure>\n<h2>Ch\u1ea5t l\u01b0\u1ee3ng n\u01b0\u1edbc th\u00e0nh ph\u1ea9m sau khi \u0111\u01b0\u1ee3c l\u1ecdc<\/h2>\n<p>C\u00e1c th\u00e0nh ph\u1ea7n lo\u1ea1i b\u1ecf<\/p>\n<ul>\n<li>Clo d\u01b0, m\u00f9i clo, m\u00f9i h\u00f4i n\u1ea5m m\u1ed1c<\/li>\n<li>C\u1eb7n b\u1ea9n t\u1ea1p ch\u1ea5t c\u00f3 k\u00edch th\u01b0\u1edbc l\u1edbn h\u01a1n 0.2 micron<\/li>\n<li>M\u1ea7m u nang, k\u00fd sinh tr\u00f9ng, vi khu\u1ea9n<\/li>\n<li>C\u00f3 t\u00ednh n\u0103ng ch\u1ed1ng b\u00e1m c\u1eb7n b\u1ea3o v\u1ec7 c\u00e1c thi\u1ebft b\u1ecb s\u1eed d\u1ee5ng n\u01b0\u1edbc v\u00e0 \u0111\u01b0\u1eddng \u1ed1ng kh\u1ecfi t\u00ecnh tr\u1ea1ng b\u1ecb \u0103n m\u00f2n<\/li>\n<\/ul>\n<div>\n<figure id=\"attachment_64593\" aria-describedby=\"caption-attachment-64593\" style=\"width: 800px\" class=\"wp-caption alignnone\"><img loading=\"lazy\" decoding=\"async\" class=\"wp-image-64593 size-large\" src=\"https:\/\/livinghome.vn\/thiet-bi\/wp-content\/uploads\/loc-nuoc\/3m\/may-loc-nuoc-thuong-mai-3m\/may-loc-nuoc-thuong-mai-3m-ice190s\/may-loc-nuoc-thuong-mai-3m-ice190s-7-800x800.jpg\" alt=\"M\u00e1y l\u1ecdc n\u01b0\u1edbc th\u01b0\u01a1ng m\u1ea1i 3M ICE190S c\u00f4ng su\u1ea5t l\u1edbn\" width=\"800\" height=\"800\" title=\"\"><figcaption id=\"caption-attachment-64593\" class=\"wp-caption-text\">M\u00e1y l\u1ecdc n\u01b0\u1edbc th\u01b0\u01a1ng m\u1ea1i 3M ICE190S c\u00f4ng su\u1ea5t l\u1edbn, \u0111a ch\u1ee9c n\u0103ng<\/figcaption><\/figure>\n<h2><strong>C\u00e1c ch\u1ee9ng nh\u1eadn Qu\u1ed1c t\u1ebf v\u00e0 Vi\u1ec7t Nam \u0111\u00e3 \u0111\u01b0\u1ee3c ki\u1ec3m \u0111\u1ecbnh<\/strong><\/h2>\n<ul>\n<li>\u0110\u1ea1t ch\u1ee9ng nh\u1eadn NSF42, NSF53 c\u1ee7a Trung t\u00e2m h\u1ee3p t\u00e1c An to\u00e0n th\u1ef1c ph\u1ea9m v\u00e0 n\u01b0\u1edbc u\u1ed1ng thu\u1ed9c T\u1ed5 ch\u1ee9c y t\u1ebf th\u1ebf gi\u1edbi (WHO)<\/li>\n<li>\u0110\u1ea1t ti\u00eau chu\u1ea9n do Hi\u1ec7p h\u1ed9i ch\u1ea5t l\u01b0\u1ee3ng n\u01b0\u1edbc qu\u1ed1c t\u1ebf WQA ch\u1ee9ng nh\u1eadn<\/li>\n<li>N\u01b0\u1edbc sau l\u1ecdc \u0111\u1ea1t chu\u1ea9n n\u01b0\u1edbc u\u1ed1ng tr\u1ef1c ti\u1ebfp theo i\u00eau chu\u1ea9n QCVN 6-1:2010\/BYT<\/li>\n<\/ul>\n<p>&nbsp;<\/p>\n<\/div>\n<figure id=\"attachment_64587\" aria-describedby=\"caption-attachment-64587\" style=\"width: 800px\" class=\"wp-caption alignnone\"><img loading=\"lazy\" decoding=\"async\" class=\"wp-image-64587 size-large\" src=\"https:\/\/livinghome.vn\/thiet-bi\/wp-content\/uploads\/loc-nuoc\/3m\/may-loc-nuoc-thuong-mai-3m\/may-loc-nuoc-thuong-mai-3m-ice190s\/may-loc-nuoc-thuong-mai-3m-ice190s-10-800x800.jpg\" alt=\"M\u00e1y l\u1ecdc n\u01b0\u1edbc th\u01b0\u01a1ng m\u1ea1i 3M ICE190S c\u00f4ng su\u1ea5t l\u1edbn\" width=\"800\" height=\"800\" title=\"\"><figcaption id=\"caption-attachment-64587\" class=\"wp-caption-text\">M\u00e1y l\u1ecdc n\u01b0\u1edbc th\u01b0\u01a1ng m\u1ea1i 3M ICE190S g\u1ea5p 4 l\u1ea7n m\u00e1y kh\u00e1c tr\u00ean th\u1ecb tr\u01b0\u1eddng<\/figcaption><\/figure>\n<h2><strong>H\u01b0\u1edbng d\u1eabn s\u1eed d\u1ee5ng v\u00e0 l\u1eafp \u0111\u1eb7t M\u00e1y l\u1ecdc n\u01b0\u1edbc th\u01b0\u01a1ng m\u1ea1i 3M ICE190S<\/strong><\/h2>\n<ul>\n<li>X\u1ea3 n\u01b0\u1edbc \u00edt nh\u1ea5t 10 ph\u00fat ho\u1eb7c \u0111\u1ebfn khi n\u01b0\u1edbc trong tr\u01b0\u1edbc l\u1ea7n s\u1eed d\u1ee5ng \u0111\u1ea7u ti\u00ean<\/li>\n<li>Kh\u00f4ng l\u1eafp h\u1ec7 th\u1ed1ng l\u1ecdc d\u01b0\u1edbi \u00e1nh s\u00e1ng m\u1eb7t tr\u1eddi tr\u1ef1c ti\u1ebfp<\/li>\n<li>Ch\u1eeba kho\u1ea3ng tr\u1ed1ng t\u1ed1i thi\u1ec3u kho\u1ea3ng 59 mm t\u1eeb m\u1eb7t s\u00e0n t\u1edbi \u0111\u00e1y b\u1ed9 l\u1ecdc<\/li>\n<li>Nhi\u1ec7t \u0111\u1ed9 n\u01b0\u1edbc \u0111\u1ea7u v\u00e0o: 4.4 \u0111\u1ed9 C &#8211; cao nh\u1ea5t 37.8 \u0111\u1ed9 C<\/li>\n<li>\u00c1p su\u1ea5t n\u01b0\u1edbc \u0111\u1ea7u v\u00e0o: 172 &#8211; 862 Kpa (t\u01b0\u01a1ng \u0111\u01b0\u01a1ng 17 &#8211; 86 m\u00e9t c\u1ed9t n\u01b0\u1edbc)<\/li>\n<li>Thay l\u00f5i \u0111\u1ecbnh k\u00ec 12 th\u00e1ng ho\u1eb7c khi h\u1ebft c\u00f4ng su\u1ea5t<\/li>\n<li>Ti\u00eau chu\u1ea9n n\u01b0\u1edbc \u0111\u1ea7u v\u00e0o l\u00e0 n\u01b0\u1edbc m\u00e1y ho\u1eb7c n\u01b0\u1edbc \u0111\u1ea1t ti\u00eau chu\u1ea9n QCVN 1: 2009\/BYT<\/li>\n<li>B\u1ed9 ph\u1ee5 ki\u1ec7n ti\u00eau chu\u1ea9n \u0111i k\u00e8m m\u00e1y<\/li>\n<\/ul>\n<p>B\u1ed9 ph\u1ee5 ki\u1ec7n ti\u00eau chu\u1ea9n \u0111i k\u00e8m m\u00e1y. C\u00f3 th\u1ec3 ph\u00e1t sinh th\u00eam ph\u1ee5 ki\u1ec7n t\u00f9y theo \u0111i\u1ec1u ki\u1ec7n l\u1eafp \u0111\u1eb7t t\u1ea1i nh\u00e0 kh\u00e1ch. Kh\u00e1ch tr\u1ea3 ph\u00ed cho ph\u1ea7n ph\u1ee5 ki\u1ec7n ph\u00e1t sinh)<\/p>\n<figure id=\"attachment_64590\" aria-describedby=\"caption-attachment-64590\" style=\"width: 800px\" class=\"wp-caption alignnone\"><img loading=\"lazy\" decoding=\"async\" class=\"wp-image-64590 size-large\" src=\"https:\/\/livinghome.vn\/thiet-bi\/wp-content\/uploads\/loc-nuoc\/3m\/may-loc-nuoc-thuong-mai-3m\/may-loc-nuoc-thuong-mai-3m-ice190s\/may-loc-nuoc-thuong-mai-3m-ice190s-6-800x800.jpg\" alt=\"M\u00e1y l\u1ecdc n\u01b0\u1edbc th\u01b0\u01a1ng m\u1ea1i 3M ICE190S c\u00f4ng su\u1ea5t l\u1edbn\" width=\"800\" height=\"800\" title=\"\"><figcaption id=\"caption-attachment-64590\" class=\"wp-caption-text\">M\u00e1y l\u1ecdc n\u01b0\u1edbc th\u01b0\u01a1ng m\u1ea1i 3M ICE190S c\u00f4ng ngh\u1ec7 l\u1ecdc carbon th\u1ebf h\u1ec7 m\u1edbi<\/figcaption><\/figure>\n<div>\n<h2>K\u00edch th\u01b0\u1edbc s\u1ea3n ph\u1ea9m<\/h2>\n<ul>\n<li><span data-mention=\"K\u00edch th\u01b0\u1edbc (chi\u1ec1u cao x \u0111\u01b0\u1eddng k\u00ednh)\">K\u00edch th\u01b0\u1edbc (chi\u1ec1u cao x \u0111\u01b0\u1eddng k\u00ednh): <\/span>60 x 11.1 cm<\/li>\n<\/ul>\n<\/div>\n<figure id=\"attachment_64595\" aria-describedby=\"caption-attachment-64595\" style=\"width: 800px\" class=\"wp-caption alignnone\"><img loading=\"lazy\" decoding=\"async\" class=\"wp-image-64595 size-large\" src=\"https:\/\/livinghome.vn\/thiet-bi\/wp-content\/uploads\/loc-nuoc\/3m\/may-loc-nuoc-thuong-mai-3m\/may-loc-nuoc-thuong-mai-3m-ice190s\/may-loc-nuoc-thuong-mai-3m-ice190s-3-800x800.jpg\" alt=\"M\u00e1y l\u1ecdc n\u01b0\u1edbc th\u01b0\u01a1ng m\u1ea1i 3M ICE190S c\u00f4ng su\u1ea5t l\u1edbn\" width=\"800\" height=\"800\" title=\"\"><figcaption id=\"caption-attachment-64595\" class=\"wp-caption-text\">M\u00e1y l\u1ecdc n\u01b0\u1edbc th\u01b0\u01a1ng m\u1ea1i 3M ICE190S v\u1edbi nh\u1eefng t\u00ednh n\u0103ng \u0111\u1ea1t chu\u1ea9n qu\u1ed1c t\u1ebf<\/figcaption><\/figure>\n<h2><strong>Xu\u1ea5t x\u1ee9<\/strong><\/h2>\n<ul>\n<li>S\u1ea3n xu\u1ea5t t\u1ea1i M\u1ef9<\/li>\n<li>M\u00e3 h\u00e0ng qu\u1ed1c t\u1ebf<\/li>\n<\/ul>\n<h2><strong>H\u01b0\u1edbng d\u1eabn b\u1ea3o qu\u1ea3n l\u00f5i l\u1ecdc n\u01b0\u1edbc 3M<\/strong><\/h2>\n<ul>\n<li>N\u1ebfu b\u1ed9 l\u1ecdc n\u01b0\u1edbc kh\u00f4ng \u0111\u01b0\u1ee3c s\u1eed d\u1ee5ng trong m\u1ed9t th\u1eddi gian ng\u1eafn, b\u1ea1n n\u00ean th\u00e1o b\u1ed9 l\u1ecdc ra v\u00e0 b\u1ea3o qu\u1ea3n trong t\u1ee7 m\u00e1t<\/li>\n<\/ul>\n<div class=\"mceTemp\">\n<p><img loading=\"lazy\" decoding=\"async\" class=\"wp-image-64592 size-large\" src=\"https:\/\/livinghome.vn\/thiet-bi\/wp-content\/uploads\/loc-nuoc\/3m\/may-loc-nuoc-thuong-mai-3m\/may-loc-nuoc-thuong-mai-3m-ice190s\/may-loc-nuoc-thuong-mai-3m-ice190s-9-800x800.jpg\" alt=\"M\u00e1y l\u1ecdc n\u01b0\u1edbc th\u01b0\u01a1ng m\u1ea1i 3M ICE190S c\u00f4ng su\u1ea5t l\u1edbn\" width=\"800\" height=\"800\" title=\"\"><\/p>\n<ul id=\"attachment_64495\" class=\"wp-caption alignnone\" style=\"width: 800px;\">M\u00e1y l\u1ecdc n\u01b0\u1edbc th\u01b0\u01a1ng m\u1ea1i 3M ICE190S \u0111\u01b0\u1ee3c r\u1ea5t nhi\u1ec1u nh\u00e3n h\u00e0ng l\u1edbn tr\u00ean th\u1ebf gi\u1edbi y\u00eau th\u00edch v\u00e0 tin d\u00f9ng<\/ul>\n<\/div>\n<p><strong>C\u00f4ng ngh\u1ec7 l\u1ecdc n\u01b0\u1edbc tr\u1ef1c ti\u1ebfp l\u00e0 g\u00ec?<\/strong><\/p>\n<ul>\n<li>N\u00f3i \u0111\u01a1n gi\u1ea3n c\u00f4ng ngh\u1ec7 l\u1ecdc n\u01b0\u1edbc tr\u1ef1c ti\u1ebfp l\u00e0 c\u00f4ng ngh\u1ec7 ch\u1ec9 s\u1eed d\u1ee5ng \u00e1p l\u1ef1c n\u01b0\u1edbc t\u1ef1 nhi\u00ean \u0111\u1ec3 l\u1ecdc c\u00e1c t\u1ea1p ch\u1ea5t vi khu\u1ea9n v\u00e0 gi\u1eef l\u1ea1i to\u00e0n b\u1ed9 kho\u00e1ng ch\u1ea5t c\u00f3 l\u1ee3i cho s\u1ee9c kh\u1ecfe m\u00e0 kh\u00f4ng c\u1ea7n d\u00f9ng \u0111\u1ebfn qu\u00e1 nhi\u1ec1u c\u1ea5p l\u1ecdc n\u01b0\u1edbc kh\u00e1c nhau,kh\u00f4ng ph\u1ea3i d\u00f9ng \u0111i\u1ec7n v\u00e0 ho\u00e0n kh\u00f4ng kh\u00f4ng c\u00f3 n\u01b0\u1edbc th\u1ea3i ra.<\/li>\n<li>Hi\u1ec7n c\u00f4ng ngh\u1ec7 l\u1ecdc n\u01b0\u1edbc tr\u1ef1c ti\u1ebfp d\u1ea1ng nh\u01b0 c\u1ee7a l\u1ecdc n\u01b0\u1edbc 3M hi\u1ec7n \u0111\u01b0\u1ee3c s\u1eed d\u1ee5ng r\u1ed9ng r\u00e3i \u1edf c\u00e1c n\u01b0\u1edbc Ch\u00e2u \u00c2u v\u00e0 B\u1eafc M\u1ef9.<\/li>\n<\/ul>\n<p>&nbsp;<\/p>\n<figure id=\"attachment_64586\" aria-describedby=\"caption-attachment-64586\" style=\"width: 800px\" class=\"wp-caption alignnone\"><img loading=\"lazy\" decoding=\"async\" class=\"wp-image-64586 size-large\" src=\"https:\/\/livinghome.vn\/thiet-bi\/wp-content\/uploads\/loc-nuoc\/3m\/may-loc-nuoc-thuong-mai-3m\/may-loc-nuoc-thuong-mai-3m-ice190s\/may-loc-nuoc-thuong-mai-3m-ice190s-4-800x800.jpg\" alt=\"M\u00e1y l\u1ecdc n\u01b0\u1edbc th\u01b0\u01a1ng m\u1ea1i 3M ICE190S c\u00f4ng su\u1ea5t l\u1edbn\" width=\"800\" height=\"800\" title=\"\"><figcaption id=\"caption-attachment-64586\" class=\"wp-caption-text\">M\u00e1y l\u1ecdc n\u01b0\u1edbc th\u01b0\u01a1ng m\u1ea1i 3M ICE190S c\u00f3 kh\u1ea3 n\u0103ng cung \u1ee9ng 13,300,00 ml c\u00e0 ph\u00ea<\/figcaption><\/figure>\n<h2>H\u00ecnh \u1ea3nh th\u1ef1c t\u1ebf c\u1ee7a s\u1ea3n ph\u1ea9m l\u1ecdc n\u01b0\u1edbc 3M t\u1ea1i showroom<\/h2>\n","protected":false},"excerpt":{"rendered":"<p style=\"text-align: left;\">M\u00e1y l\u1ecdc n\u01b0\u1edbc 3M\u00a0c\u00f4ng su\u1ea5t l\u1edbn\u00a0d\u00e0nh cho nh\u00e0 h\u00e0ng, kh\u00e1ch s\u1ea1n, qu\u00e1n c\u00e0 ph\u00ea, qu\u00e1n \u0103n, qu\u00e1n tr\u00e0 s\u1eefa<\/p>\n<p style=\"text-align: left;\">N\u01b0\u1edbc l\u1ecdc s\u1ea1ch l\u01b0u gi\u1eef kho\u00e1ng ch\u1ea5t\u00a0\u0111\u1ec3 u\u1ed1ng tr\u1ef1c ti\u1ebfp,\u00a0ch\u1ebf bi\u1ebfn th\u1ef1c ph\u1ea9m,\u00a0l\u00e0m \u0111\u00e1, pha ch\u1ebf cafe v\u00e0 \u0111\u1ed3 u\u1ed1ng l\u1ea1nh<\/p>\n<p style=\"text-align: left;\">\u1ee8ng d\u1ee5ng\u00a0C\u00f4ng ngh\u1ec7 IMPACT\u00a0ti\u00ean ti\u1ebfn kh\u00f4ng \u0111i\u1ec7n kh\u00f4ng n\u01b0\u1edbc th\u1ea3i<\/p>\n<p style=\"text-align: left;\">L\u1ecdc s\u1ea1ch vi khu\u1ea9n, t\u1ea1p ch\u1ea5t, qu\u1eb7ng kim lo\u1ea1i, clo v\u00e0 m\u00f9i h\u00f4i n\u1ea5m m\u1ed1c\u00a0v\u1edbi m\u00e0ng l\u1ecdc si\u00eau nh\u1ecf 0.2 micron<\/p>\n<p style=\"text-align: left;\">T\u00ednh n\u0103ng ch\u1ed1ng c\u1eb7n b\u00e1m l\u00e0m t\u1eaft ngh\u1ebdn \u0111\u01b0\u1eddng \u1ed1ng, m\u1ea3ng b\u00e1m\u00a0\u0103n m\u00f2n m\u00e1y m\u00f3c, c\u00f4ng c\u1ee5, b\u1ed9 ph\u1eadn\u00a0gia nhi\u1ec7t c\u00e1c thi\u1ebft b\u1ecb \u0111un s\u00f4i<\/p>\n<p style=\"text-align: left;\">Thi\u1ebft k\u1ebf l\u00f5i SQC\u00a0th\u00f4ng minh, thay l\u00f5i nhanh ch\u00f3ng, d\u1ec5 d\u00e0ng<\/p>\n<p style=\"text-align: left;\">Thay l\u00f5i sau 12 th\u00e1ng ho\u1eb7c khi h\u1ebft c\u00f4ng su\u1ea5t<\/p>\n","protected":false},"featured_media":3527,"comment_status":"open","ping_status":"closed","template":"","meta":[],"product_brand":[],"product_cat":[400,401],"product_tag":[402,404,403,408],"class_list":{"0":"post-3353","1":"product","2":"type-product","3":"status-publish","4":"has-post-thumbnail","6":"product_cat-may-loc-nuoc-3m","7":"product_cat-thuong-hieu-may-loc-nuoc-3m","8":"product_tag-3m","9":"product_tag-may-loc-nuoc","10":"product_tag-may-loc-nuoc-3m","11":"product_tag-may-loc-nuoc-thuong-mai","13":"first","14":"instock","15":"shipping-taxable","16":"purchasable","17":"product-type-simple"},"_links":{"self":[{"href":"https:\/\/livinghome.vn\/thiet-bi\/wp-json\/wp\/v2\/product\/3353","targetHints":{"allow":["GET"]}}],"collection":[{"href":"https:\/\/livinghome.vn\/thiet-bi\/wp-json\/wp\/v2\/product"}],"about":[{"href":"https:\/\/livinghome.vn\/thiet-bi\/wp-json\/wp\/v2\/types\/product"}],"replies":[{"embeddable":true,"href":"https:\/\/livinghome.vn\/thiet-bi\/wp-json\/wp\/v2\/comments?post=3353"}],"wp:featuredmedia":[{"embeddable":true,"href":"https:\/\/livinghome.vn\/thiet-bi\/wp-json\/wp\/v2\/media\/3527"}],"wp:attachment":[{"href":"https:\/\/livinghome.vn\/thiet-bi\/wp-json\/wp\/v2\/media?parent=3353"}],"wp:term":[{"taxonomy":"product_brand","embeddable":true,"href":"https:\/\/livinghome.vn\/thiet-bi\/wp-json\/wp\/v2\/product_brand?post=3353"},{"taxonomy":"product_cat","embeddable":true,"href":"https:\/\/livinghome.vn\/thiet-bi\/wp-json\/wp\/v2\/product_cat?post=3353"},{"taxonomy":"product_tag","embeddable":true,"href":"https:\/\/livinghome.vn\/thiet-bi\/wp-json\/wp\/v2\/product_tag?post=3353"}],"curies":[{"name":"wp","href":"https:\/\/api.w.org\/{rel}","templated":true}]}}