{"id":3335,"date":"2023-01-12T18:01:26","date_gmt":"2023-01-12T18:01:26","guid":{"rendered":"https:\/\/livinghome.vn\/thiet-bi\/?post_type=product&#038;p=3335"},"modified":"2024-11-29T14:20:19","modified_gmt":"2024-11-29T07:20:19","slug":"may-loc-nuoc-lap-duoi-bon-rua-3m-brew120-ms","status":"publish","type":"product","link":"https:\/\/livinghome.vn\/thiet-bi\/may-loc-nuoc-lap-duoi-bon-rua-3m-brew120-ms\/","title":{"rendered":"M\u00e1y l\u1ecdc n\u01b0\u1edbc l\u1eafp d\u01b0\u1edbi b\u1ed3n r\u1eeda 3M BREW120-MS k\u00e8m v\u00f2i 3M nh\u1eadp kh\u1ea9u M\u1ef9"},"content":{"rendered":"<h2><strong>M\u00e1y l\u1ecdc n\u01b0\u1edbc l\u1eafp d\u01b0\u1edbi b\u1ed3n r\u1eeda 3M BREW120-MS c\u00f3 g\u00ec n\u1ed5i b\u1eadt<\/strong><\/h2>\n<ul>\n<li>C\u00f4ng su\u1ea5t l\u1ecdc 34.069 L\u00edt (t\u00ednh tr\u00ean ngu\u1ed3n n\u01b0\u1edbc \u0111\u1ea7u v\u00e0o l\u00e0 n\u01b0\u1edbc m\u00e1y, th\u1ef1c t\u1ebf c\u00f3 th\u1ec3 t\u0103ng gi\u1ea3m tu\u1ef3 ch\u1ea5t l\u01b0\u1ee3ng n\u01b0\u1edbc \u0111\u1ea7u v\u00e0o)<\/li>\n<li>L\u01b0u l\u01b0\u1ee3ng n\u01b0\u1edbc qua b\u1ed9 l\u1ecdc 5.7 L\u00edt\/ph\u00fat<\/li>\n<li>Tr\u1ecdng l\u01b0\u1ee3ng (khi \u0111\u1ea7y n\u01b0\u1edbc) 1.25kg<\/li>\n<\/ul>\n<h2><strong>K\u00edch th\u01b0\u1edbc s\u1ea3n ph\u1ea9m<\/strong><\/h2>\n<ul>\n<li>K\u00edch th\u01b0\u1edbc (\u0111\u01b0\u1eddng k\u00ednh x chi\u1ec1u cao) 10.2 x 39.4 cm<\/li>\n<\/ul>\n<h2><strong>C\u00f4ng ngh\u1ec7 &amp; V\u1eadt li\u1ec7u b\u1ec3n b\u1ec9 an to\u00e0n tuy\u1ec7t \u0111\u1ed1i<\/strong><\/h2>\n<ul>\n<li>C\u00f4ng ngh\u1ec7 l\u1ecdc 3M Carbon Block Filtration Technology<\/li>\n<li>V\u1eadt li\u1ec7u (b\u1ed9 l\u1ecdc) Kh\u1ed1i Zeta Carbon ho\u1ea1t t\u00ednh cao c\u1ea5p \u0111\u01b0\u1ee3c ng\u00e2m t\u1ea9m b\u1ea1c c\u00f4ng su\u1ea5t cao<\/li>\n<\/ul>\n<h2><strong>Ch\u1ea5t l\u01b0\u1ee3ng n\u01b0\u1edbc th\u00e0nh ph\u1ea9m sau khi \u0111\u01b0\u1ee3c l\u1ecdc<\/strong><\/h2>\n<p>C\u00e1c th\u00e0nh ph\u1ea7n lo\u1ea1i b\u1ecf:<\/p>\n<ul>\n<li>Clo d\u01b0, m\u00f9i clo, m\u00f9i h\u00f4i n\u1ea5m m\u1ed1c<\/li>\n<li>C\u1eb7n b\u1ea9n t\u1ea1p ch\u1ea5t, vi khu\u1ea9n c\u00f3 k\u00edch th\u01b0\u1edbc l\u1edbn h\u01a1n 0.5 micron<\/li>\n<li>M\u1ea7m u nang, k\u00fd sinh tr\u00f9ng<\/li>\n<li>C\u00f3 t\u00ednh n\u0103ng ch\u1ed1ng b\u00e1m c\u1eb7n<\/li>\n<\/ul>\n<p>&nbsp;<\/p>\n<figure id=\"attachment_64371\" aria-describedby=\"caption-attachment-64371\" style=\"width: 800px\" class=\"wp-caption alignnone\"><img loading=\"lazy\" decoding=\"async\" class=\"wp-image-64371 size-large\" src=\"https:\/\/livinghome.vn\/thiet-bi\/wp-content\/uploads\/loc-nuoc\/3m\/may-loc-nuoc-lap-bon-rua-3m\/may-loc-nuoc-lap-bon-rua-3m-brew-120-ms-kem-voi-3m\/may-loc-nuoc-lap-bon-rua-3m-brew-120-ms-kem-voi-3m-9-800x800.jpg\" alt=\"M\u00e1y l\u1ecdc n\u01b0\u1edbc l\u1eafp d\u01b0\u1edbi b\u1ed3n r\u1eeda 3M BREW120-MS\" width=\"800\" height=\"800\" title=\"\"><figcaption id=\"caption-attachment-64371\" class=\"wp-caption-text\">M\u00e1y l\u1ecdc n\u01b0\u1edbc BREW120-MS n\u01b0\u1edbc s\u1ea1ch cho ph\u00f2ng nha, tr\u00e1nh nhi\u1ec5m khu\u1ea9n ch\u00e9o<\/figcaption><\/figure>\n<h2><strong>C\u00e1c ch\u1ee9ng nh\u1eadn Qu\u1ed1c t\u1ebf v\u00e0 Vi\u1ec7t Nam \u0111\u00e3 \u0111\u01b0\u1ee3c ki\u1ec3m \u0111\u1ecbnh<\/strong><\/h2>\n<ul>\n<li>\u0110\u1ea1t ch\u1ee9ng nh\u1eadn NSF42, NSF53 c\u1ee7a Trung t\u00e2m h\u1ee3p t\u00e1c An to\u00e0n th\u1ef1c ph\u1ea9m v\u00e0 n\u01b0\u1edbc u\u1ed1ng thu\u1ed9c T\u1ed5 ch\u1ee9c y t\u1ebf th\u1ebf gi\u1edbi (WHO)<\/li>\n<li>\u0110\u1ea1t ti\u00eau chu\u1ea9n do Hi\u1ec7p h\u1ed9i ch\u1ea5t l\u01b0\u1ee3ng n\u01b0\u1edbc qu\u1ed1c t\u1ebf WQA ch\u1ee9ng nh\u1eadn<\/li>\n<li>N\u01b0\u1edbc sau l\u1ecdc \u0111\u1ea1t chu\u1ea9n n\u01b0\u1edbc u\u1ed1ng tr\u1ef1c ti\u1ebfp theo QCVN 6-1:2010\/BYT<\/li>\n<\/ul>\n<figure id=\"attachment_64356\" aria-describedby=\"caption-attachment-64356\" style=\"width: 800px\" class=\"wp-caption alignnone\"><img loading=\"lazy\" decoding=\"async\" class=\"wp-image-64356 size-large\" src=\"https:\/\/livinghome.vn\/thiet-bi\/wp-content\/uploads\/loc-nuoc\/3m\/may-loc-nuoc-lap-bon-rua-3m\/may-loc-nuoc-lap-bon-rua-3m-brew-120-ms-kem-voi-3m\/may-loc-nuoc-lap-bon-rua-3m-brew-120-ms-kem-voi-3m-14-800x800.jpg\" alt=\"M\u00e1y l\u1ecdc n\u01b0\u1edbc l\u1eafp d\u01b0\u1edbi b\u1ed3n r\u1eeda 3M BREW120-MS\" width=\"800\" height=\"800\" title=\"\"><figcaption id=\"caption-attachment-64356\" class=\"wp-caption-text\">M\u00e1y l\u1ecdc n\u01b0\u1edbc l\u1eafp d\u01b0\u1edbi b\u1ed3n r\u1eeda 3M BREW120-MS v\u1edbi quy tr\u00ecnh l\u1ecdc n\u01b0\u1edbc k\u00e9p k\u00edn t\u1ea1o ra ngu\u1ed3n n\u01b0\u1edbc u\u1ed1ng tr\u1ef1c tr\u1ef1c ti\u1ebfp gi\u1eef kho\u00e1ng<\/figcaption><\/figure>\n<h2><strong>Xu\u1ea5t x\u1ee9<\/strong><\/h2>\n<ul>\n<li>M\u00e1y l\u1ecdc n\u01b0\u1edbc 3M s\u1ea3n xu\u1ea5t t\u1ea1i M\u1ef9<\/li>\n<li>B\u1ed9 v\u00f2i ch\u00ednh h\u00e3ng 3M s\u1ea3n xu\u1ea5t t\u1ea1i M\u1ef9<\/li>\n<\/ul>\n<h2><strong>H\u01b0\u1edbng d\u1eabn s\u1eed d\u1ee5ng v\u00e0 l\u1eafp \u0111\u1eb7t M\u00e1y l\u1ecdc n\u01b0\u1edbc l\u1eafp d\u01b0\u1edbi b\u1ed3n r\u1eeda 3M BREW120-MS<\/strong><\/h2>\n<ul>\n<li>X\u1ea3 n\u01b0\u1edbc \u00edt nh\u1ea5t 10 ph\u00fat ho\u1eb7c \u0111\u1ebfn khi n\u01b0\u1edbc trong tr\u01b0\u1edbc l\u1ea7n s\u1eed d\u1ee5ng \u0111\u1ea7u ti\u00ean<\/li>\n<li>Kh\u00f4ng l\u1eafp h\u1ec7 th\u1ed1ng l\u1ecdc d\u01b0\u1edbi \u00e1nh s\u00e1ng m\u1eb7t tr\u1eddi tr\u1ef1c ti\u1ebfp<\/li>\n<li>Ch\u1eeba kho\u1ea3ng tr\u1ed1ng t\u1ed1i thi\u1ec3u kho\u1ea3ng 60mm t\u1eeb m\u1eb7t s\u00e0n t\u1edbi \u0111\u00e1y b\u1ed9 l\u1ecdc<\/li>\n<li>Nhi\u1ec7t \u0111\u1ed9 n\u01b0\u1edbc \u0111\u1ea7u v\u00e0o: 4.4 \u0111\u1ed9 C &#8211; cao nh\u1ea5t 37.8 \u0111\u1ed9 C<\/li>\n<li>\u00c1p su\u1ea5t n\u01b0\u1edbc \u0111\u1ea7u v\u00e0o: 172 &#8211; 862 Kpa (t\u01b0\u01a1ng \u0111\u01b0\u01a1ng 17 &#8211; 86 m\u00e9t c\u1ed9t n\u01b0\u1edbc)<\/li>\n<li>Thay l\u00f5i \u0111\u1ecbnh k\u00ec 12 th\u00e1ng ho\u1eb7c khi h\u1ebft c\u00f4ng su\u1ea5t<\/li>\n<li>Ti\u00eau chu\u1ea9n n\u01b0\u1edbc \u0111\u1ea7u v\u00e0o l\u00e0 n\u01b0\u1edbc m\u00e1y ho\u1eb7c n\u01b0\u1edbc \u0111\u1ea1t ti\u00eau chu\u1ea9n QCVN 1: 2009\/BYT<\/li>\n<li>Chi ti\u1ebft ph\u1ee5 ki\u1ec7n: B\u1ed9 ph\u1ee5 ki\u1ec7n chu\u1ea9n \u0111i k\u00e8m m\u00e1y + 1 v\u00f2i inox 3M<\/li>\n<\/ul>\n<figure id=\"attachment_64355\" aria-describedby=\"caption-attachment-64355\" style=\"width: 800px\" class=\"wp-caption alignnone\"><img loading=\"lazy\" decoding=\"async\" class=\"wp-image-64355 size-large\" src=\"https:\/\/livinghome.vn\/thiet-bi\/wp-content\/uploads\/loc-nuoc\/3m\/may-loc-nuoc-lap-bon-rua-3m\/may-loc-nuoc-lap-bon-rua-3m-brew-120-ms-kem-voi-3m\/may-loc-nuoc-lap-bon-rua-3m-brew-120-ms-kem-voi-3m-1-800x800.jpg\" alt=\"M\u00e1y l\u1ecdc n\u01b0\u1edbc l\u1eafp d\u01b0\u1edbi b\u1ed3n r\u1eeda 3M BREW120-MS\" width=\"800\" height=\"800\" title=\"\"><figcaption id=\"caption-attachment-64355\" class=\"wp-caption-text\">M\u00e1y l\u1ecdc n\u01b0\u1edbc l\u1eafp d\u01b0\u1edbi b\u1ed3n r\u1eeda 3M BREW120-MS &#8211; L\u1eafp \u0111\u1eb7t t\u1ea1i nh\u00e0 kh\u00e1ch<\/figcaption><\/figure>\n<h2><strong>H\u01b0\u1edbng d\u1eabn b\u1ea3o qu\u1ea3n l\u00f5i l\u1ecdc n\u01b0\u1edbc 3M <\/strong><\/h2>\n<ul>\n<li>N\u1ebfu b\u1ed9 l\u1ecdc n\u01b0\u1edbc kh\u00f4ng \u0111\u01b0\u1ee3c s\u1eed d\u1ee5ng trong m\u1ed9t th\u1eddi gian ng\u1eafn, b\u1ea1n n\u00ean th\u00e1o b\u1ed9 l\u1ecdc ra, \u0111\u1ed5 s\u1ea1ch n\u01b0\u1edbc v\u00e0 gi\u1eef b\u1ed9 l\u1ecdc trong t\u00fai nh\u1ef1a m\u1edbi, ni\u00eam phong v\u00e0 \u0111\u1eb7t trong t\u1ee7 l\u1ea1nh.<\/li>\n<\/ul>\n<figure id=\"attachment_64354\" aria-describedby=\"caption-attachment-64354\" style=\"width: 800px\" class=\"wp-caption alignnone\"><img loading=\"lazy\" decoding=\"async\" class=\"wp-image-64354 size-large\" src=\"https:\/\/livinghome.vn\/thiet-bi\/wp-content\/uploads\/loc-nuoc\/3m\/may-loc-nuoc-lap-bon-rua-3m\/may-loc-nuoc-lap-bon-rua-3m-brew-120-ms-kem-voi-3m\/may-loc-nuoc-lap-bon-rua-3m-brew-120-ms-kem-voi-3m-18-800x800.jpg\" alt=\"M\u00e1y l\u1ecdc n\u01b0\u1edbc l\u1eafp d\u01b0\u1edbi b\u1ed3n r\u1eeda 3M BREW120-MS\" width=\"800\" height=\"800\" title=\"\"><figcaption id=\"caption-attachment-64354\" class=\"wp-caption-text\">M\u00e1y l\u1ecdc n\u01b0\u1edbc l\u1eafp d\u01b0\u1edbi b\u1ed3n r\u1eeda 3M BREW120-MS &#8211; \u0110\u01b0\u1ee3c tin d\u00f9ng t\u1eeb nhi\u1ec1u th\u01b0\u01a1ng hi\u1ec7u<\/figcaption><\/figure>\n<h2><span id=\"cong-nghe-loc-nuoc-truc-tiep-la-gi\">C\u00f4ng ngh\u1ec7 l\u1ecdc n\u01b0\u1edbc tr\u1ef1c ti\u1ebfp l\u00e0 g\u00ec?<\/span><\/h2>\n<ul>\n<li>N\u00f3i \u0111\u01a1n gi\u1ea3n c\u00f4ng ngh\u1ec7 l\u1ecdc n\u01b0\u1edbc tr\u1ef1c ti\u1ebfp l\u00e0 c\u00f4ng ngh\u1ec7 ch\u1ec9 s\u1eed d\u1ee5ng \u00e1p l\u1ef1c n\u01b0\u1edbc t\u1ef1 nhi\u00ean \u0111\u1ec3 l\u1ecdc c\u00e1c t\u1ea1p ch\u1ea5t vi khu\u1ea9n v\u00e0 gi\u1eef l\u1ea1i to\u00e0n b\u1ed9 kho\u00e1ng ch\u1ea5t c\u00f3 l\u1ee3i cho s\u1ee9c kh\u1ecfe m\u00e0 kh\u00f4ng c\u1ea7n d\u00f9ng \u0111\u1ebfn qu\u00e1 nhi\u1ec1u c\u1ea5p l\u1ecdc n\u01b0\u1edbc kh\u00e1c nhau,kh\u00f4ng ph\u1ea3i d\u00f9ng \u0111i\u1ec7n v\u00e0 ho\u00e0n kh\u00f4ng kh\u00f4ng c\u00f3 n\u01b0\u1edbc th\u1ea3i ra.<\/li>\n<li>Hi\u1ec7n c\u00f4ng ngh\u1ec7 l\u1ecdc n\u01b0\u1edbc tr\u1ef1c ti\u1ebfp d\u1ea1ng nh\u01b0 c\u1ee7a l\u1ecdc n\u01b0\u1edbc 3M hi\u1ec7n \u0111\u01b0\u1ee3c s\u1eed d\u1ee5ng r\u1ed9ng r\u00e3i \u1edf c\u00e1c n\u01b0\u1edbc Ch\u00e2u \u00c2u v\u00e0 B\u1eafc M\u1ef9.<\/li>\n<\/ul>\n<h2>H\u00ecnh \u1ea3nh th\u1ef1c t\u1ebf c\u1ee7a s\u1ea3n ph\u1ea9m l\u1ecdc n\u01b0\u1edbc 3M t\u1ea1i showroom<\/h2>\n","protected":false},"excerpt":{"rendered":"<p><span id=\"input_part_0\" class=\"\" data-mention=\"C\u00f4ng su\u1ea5t l\u1ecdc 34.069 L\u00edt (t\u00ednh tr\u00ean ngu\u1ed3n n\u01b0\u1edbc \u0111\u1ea7u v\u00e0o l\u00e0 n\u01b0\u1edbc m\u00e1y, th\u1ef1c t\u1ebf c\u00f3 th\u1ec3 t\u0103ng gi\u1ea3m tu\u1ef3 ch\u1ea5t l\u01b0\u1ee3ng n\u01b0\u1edbc \u0111\u1ea7u v\u00e0o)\">C\u00f4ng su\u1ea5t l\u1ecdc 34.069 L\u00edt<\/span><\/p>\n<p><span id=\"input_part_0\" class=\"\" data-mention=\"L\u01b0u l\u01b0\u1ee3ng n\u01b0\u1edbc qua b\u1ed9 l\u1ecdc 5.7 L\u00edt\/ph\u00fat\">L\u01b0u l\u01b0\u1ee3ng n\u01b0\u1edbc qua b\u1ed9 l\u1ecdc 5.7 L\u00edt\/ph\u00fat<\/span><\/p>\n<p><span id=\"input_part_0\" class=\"\" data-mention=\"K\u00edch th\u01b0\u1edbc (\u0111\u01b0\u1eddng k\u00ednh x chi\u1ec1u cao) 10.2 x 39.4 cm\">K\u00edch th\u01b0\u1edbc (\u0111\u01b0\u1eddng k\u00ednh x chi\u1ec1u cao) 10.2 x 39.4 cm<\/span><\/p>\n<p><span id=\"input_part_0\" class=\"\" data-mention=\"Tr\u1ecdng l\u01b0\u1ee3ng (khi \u0111\u1ea7y n\u01b0\u1edbc) 1.25kg \">Tr\u1ecdng l\u01b0\u1ee3ng (khi \u0111\u1ea7y n\u01b0\u1edbc) 1.25kg <\/span><\/p>\n<p><span id=\"input_part_0\" class=\"\" data-mention=\"C\u00f4ng ngh\u1ec7 l\u1ecdc 3M Carbon Block Filtration Technology\">C\u00f4ng ngh\u1ec7 l\u1ecdc 3M Carbon Block Filtration Technology<\/span><\/p>\n<p><span id=\"input_part_0\" class=\"\" data-mention=\"V\u1eadt li\u1ec7u (b\u1ed9 l\u1ecdc) Kh\u1ed1i Zeta Carbon ho\u1ea1t t\u00ednh cao c\u1ea5p \u0111\u01b0\u1ee3c ng\u00e2m t\u1ea9m b\u1ea1c c\u00f4ng su\u1ea5t cao\">V\u1eadt li\u1ec7u (b\u1ed9 l\u1ecdc): Kh\u1ed1i Zeta Carbon ho\u1ea1t t\u00ednh cao c\u1ea5p \u0111\u01b0\u1ee3c ng\u00e2m t\u1ea9m b\u1ea1c c\u00f4ng su\u1ea5t cao<\/span><\/p>\n<p><span id=\"input_part_0\" class=\"\" data-mention=\"C\u00e1c th\u00e0nh ph\u1ea7n lo\u1ea1i b\u1ecf Clo d\u01b0, m\u00f9i clo, m\u00f9i h\u00f4i n\u1ea5m m\u1ed1c\">C\u00e1c th\u00e0nh ph\u1ea7n lo\u1ea1i b\u1ecf: Clo d\u01b0, m\u00f9i clo, m\u00f9i h\u00f4i n\u1ea5m m\u1ed1c, <\/span><span id=\"input_part_0\" class=\"\" data-mention=\"C\u1eb7n b\u1ea9n t\u1ea1p ch\u1ea5t, vi khu\u1ea9n c\u00f3 k\u00edch th\u01b0\u1edbc l\u1edbn h\u01a1n 0.5 micron\">C\u1eb7n b\u1ea9n t\u1ea1p ch\u1ea5t, vi khu\u1ea9n c\u00f3 k\u00edch th\u01b0\u1edbc l\u1edbn h\u01a1n 0.5 micron, <\/span><span id=\"input_part_0\" class=\"\" data-mention=\"M\u1ea7m u nang, k\u00fd sinh tr\u00f9ng\">M\u1ea7m u nang, k\u00fd sinh tr\u00f9ng, <\/span><span id=\"input_part_0\" class=\"\" data-mention=\"*C\u00f3 t\u00ednh n\u0103ng ch\u1ed1ng b\u00e1m c\u1eb7n \">C\u00f3 t\u00ednh n\u0103ng ch\u1ed1ng b\u00e1m c\u1eb7n<\/span><\/p>\n<p><span id=\"input_part_0\" class=\"\" data-mention=\"S\u1ea3n ph\u1ea9m \u0111\u1ea1t ti\u00eau chu\u1ea9n ki\u1ec3m \u0111\u1ecbnh qu\u1ed1c t\u1ebf v\u00e0 Vi\u1ec7t Nam \u0110\u1ea1t ch\u1ee9ng nh\u1eadn NSF42, NSF53 c\u1ee7a Trung t\u00e2m h\u1ee3p t\u00e1c An to\u00e0n th\u1ef1c ph\u1ea9m v\u00e0 n\u01b0\u1edbc u\u1ed1ng thu\u1ed9c T\u1ed5 ch\u1ee9c y t\u1ebf th\u1ebf gi\u1edbi (WHO)\">S\u1ea3n ph\u1ea9m \u0111\u1ea1t ti\u00eau chu\u1ea9n ki\u1ec3m \u0111\u1ecbnh qu\u1ed1c t\u1ebf v\u00e0 Vi\u1ec7t Nam:<\/span><span id=\"input_part_0\" class=\"\" data-mention=\"S\u1ea3n ph\u1ea9m \u0111\u1ea1t ti\u00eau chu\u1ea9n ki\u1ec3m \u0111\u1ecbnh qu\u1ed1c t\u1ebf v\u00e0 Vi\u1ec7t Nam \u0110\u1ea1t ch\u1ee9ng nh\u1eadn NSF42, NSF53 c\u1ee7a Trung t\u00e2m h\u1ee3p t\u00e1c An to\u00e0n th\u1ef1c ph\u1ea9m v\u00e0 n\u01b0\u1edbc u\u1ed1ng thu\u1ed9c T\u1ed5 ch\u1ee9c y t\u1ebf th\u1ebf gi\u1edbi (WHO)\"> \u0110\u1ea1t ch\u1ee9ng nh\u1eadn NSF42, NSF53 c\u1ee7a Trung t\u00e2m h\u1ee3p t\u00e1c An to\u00e0n th\u1ef1c ph\u1ea9m v\u00e0 n\u01b0\u1edbc u\u1ed1ng thu\u1ed9c T\u1ed5 ch\u1ee9c y t\u1ebf th\u1ebf gi\u1edbi (WHO)<\/span><\/p>\n<p><span id=\"input_part_0\" class=\"\" data-mention=\"\u0110\u1ea1t ti\u00eau chu\u1ea9n do Hi\u1ec7p h\u1ed9i ch\u1ea5t l\u01b0\u1ee3ng n\u01b0\u1edbc qu\u1ed1c t\u1ebf WQA ch\u1ee9ng nh\u1eadn\">\u0110\u1ea1t ti\u00eau chu\u1ea9n do Hi\u1ec7p h\u1ed9i ch\u1ea5t l\u01b0\u1ee3ng n\u01b0\u1edbc qu\u1ed1c t\u1ebf WQA ch\u1ee9ng nh\u1eadn<\/span><\/p>\n<p><span id=\"input_part_0\" class=\"\" data-mention=\"N\u01b0\u1edbc sau l\u1ecdc \u0111\u1ea1t chu\u1ea9n n\u01b0\u1edbc u\u1ed1ng tr\u1ef1c ti\u1ebfp theo QCVN 6-1:2010\/BYT\">N\u01b0\u1edbc sau l\u1ecdc \u0111\u1ea1t chu\u1ea9n n\u01b0\u1edbc u\u1ed1ng tr\u1ef1c ti\u1ebfp theo QCVN 6-1:2010\/BYT<\/span><\/p>\n<div id=\"input_line_31\"><span id=\"input_part_0\" class=\"\" data-mention=\"Xu\u1ea5t x\u1ee9 M\u00e1y l\u1ecdc n\u01b0\u1edbc 3M s\u1ea3n xu\u1ea5t t\u1ea1i M\u1ef9\">Xu\u1ea5t x\u1ee9 M\u1ef9<\/span><\/div>\n","protected":false},"featured_media":3501,"comment_status":"open","ping_status":"closed","template":"","meta":[],"product_brand":[],"product_cat":[400,401],"product_tag":[402,403],"class_list":{"0":"post-3335","1":"product","2":"type-product","3":"status-publish","4":"has-post-thumbnail","6":"product_cat-may-loc-nuoc-3m","7":"product_cat-thuong-hieu-may-loc-nuoc-3m","8":"product_tag-3m","9":"product_tag-may-loc-nuoc-3m","11":"first","12":"instock","13":"shipping-taxable","14":"purchasable","15":"product-type-simple"},"_links":{"self":[{"href":"https:\/\/livinghome.vn\/thiet-bi\/wp-json\/wp\/v2\/product\/3335","targetHints":{"allow":["GET"]}}],"collection":[{"href":"https:\/\/livinghome.vn\/thiet-bi\/wp-json\/wp\/v2\/product"}],"about":[{"href":"https:\/\/livinghome.vn\/thiet-bi\/wp-json\/wp\/v2\/types\/product"}],"replies":[{"embeddable":true,"href":"https:\/\/livinghome.vn\/thiet-bi\/wp-json\/wp\/v2\/comments?post=3335"}],"wp:featuredmedia":[{"embeddable":true,"href":"https:\/\/livinghome.vn\/thiet-bi\/wp-json\/wp\/v2\/media\/3501"}],"wp:attachment":[{"href":"https:\/\/livinghome.vn\/thiet-bi\/wp-json\/wp\/v2\/media?parent=3335"}],"wp:term":[{"taxonomy":"product_brand","embeddable":true,"href":"https:\/\/livinghome.vn\/thiet-bi\/wp-json\/wp\/v2\/product_brand?post=3335"},{"taxonomy":"product_cat","embeddable":true,"href":"https:\/\/livinghome.vn\/thiet-bi\/wp-json\/wp\/v2\/product_cat?post=3335"},{"taxonomy":"product_tag","embeddable":true,"href":"https:\/\/livinghome.vn\/thiet-bi\/wp-json\/wp\/v2\/product_tag?post=3335"}],"curies":[{"name":"wp","href":"https:\/\/api.w.org\/{rel}","templated":true}]}}