{"id":3322,"date":"2023-01-12T18:01:01","date_gmt":"2023-01-12T18:01:01","guid":{"rendered":"https:\/\/livinghome.vn\/thiet-bi\/?post_type=product&#038;p=3322"},"modified":"2024-11-29T14:20:20","modified_gmt":"2024-11-29T07:20:20","slug":"may-loc-nuoc-dau-nguon-3m-ap102t-420","status":"publish","type":"product","link":"https:\/\/livinghome.vn\/thiet-bi\/may-loc-nuoc-dau-nguon-3m-ap102t-420\/","title":{"rendered":"M\u00e1y l\u1ecdc n\u01b0\u1edbc \u0111\u1ea7u ngu\u1ed3n 3M AP102T-420 nh\u1eadp kh\u1ea9u M\u1ef9"},"content":{"rendered":"<h2><strong>M\u00e1y l\u1ecdc n\u01b0\u1edbc \u0111\u1ea7u ngu\u1ed3n 3M AP102T-420 c\u00f3 g\u00ec n\u1ed5i b\u1eadt<\/strong><\/h2>\n<ul>\n<li>L\u01b0u l\u01b0\u1ee3ng n\u01b0\u1edbc qua b\u1ed9 l\u1ecdc: 3.63 m3\/h<\/li>\n<li>Tr\u1ecdng l\u01b0\u1ee3ng (khi \u0111\u1ea7y n\u01b0\u1edbc): 2.3kg<\/li>\n<\/ul>\n<h3><strong>K\u00edch th\u01b0\u1edbc s\u1ea3n ph\u1ea9m<\/strong><\/h3>\n<ul>\n<li>K\u00edch th\u01b0\u1edbc (chi\u1ec1u cao x \u0111\u01b0\u1eddng k\u00ednh): 61.6 x 11.6 cm<\/li>\n<\/ul>\n<h3><strong>C\u00f4ng ngh\u1ec7 &amp; V\u1eadt li\u1ec7u b\u1ec3n b\u1ec9 an to\u00e0n tuy\u1ec7t \u0111\u1ed1i<\/strong><\/h3>\n<ul>\n<li>V\u1eadt li\u1ec7u\n<ul>\n<li>V\u1ecf: Trong su\u1ed1t Polypropylene<\/li>\n<li>Th\u00e2n m\u00e1y: S\u1eed d\u1ee5ng v\u1eadt li\u1ec7u ch\u1ed1ng \u0103n m\u00f2n, tu\u00e2n th\u1ee7 theo ti\u00eau chu\u1ea9n CFR-21 c\u1ee7a FDA<\/li>\n<\/ul>\n<\/li>\n<\/ul>\n<h3><strong>Ch\u1ea5t l\u01b0\u1ee3ng n\u01b0\u1edbc th\u00e0nh ph\u1ea9m sau khi \u0111\u01b0\u1ee3c l\u1ecdc<\/strong><\/h3>\n<ul>\n<li>C\u00e1c th\u00e0nh ph\u1ea7n lo\u1ea1i b\u1ecf: R\u1ec9 s\u00e9t, C\u1eb7n b\u1ea9n, t\u1ea1p ch\u1ea5t c\u00f3 k\u00edch th\u01b0\u1edbc l\u1edbn h\u01a1n ho\u1eb7c b\u1eb1ng 5 microns<\/li>\n<li>C\u00f3 t\u00ednh n\u0103ng ch\u1ed1ng b\u00e1m c\u1eb7n b\u1ea3o v\u1ec7 c\u00e1c thi\u1ebft b\u1ecb s\u1eed d\u1ee5ng n\u01b0\u1edbc v\u00e0 \u0111\u01b0\u1eddng \u1ed1ng kh\u1ecfi t\u00ecnh tr\u1ea1ng b\u1ecb \u0103n m\u00f2n<\/li>\n<\/ul>\n<h2><strong>C\u00e1c ch\u1ee9ng nh\u1eadn Qu\u1ed1c t\u1ebf v\u00e0 Vi\u1ec7t Nam \u0111\u00e3 \u0111\u01b0\u1ee3c ki\u1ec3m \u0111\u1ecbnh<\/strong><\/h2>\n<ul>\n<li>\u0110\u1ea1t ch\u1ee9ng nh\u1eadn NSF42, NSF53 c\u1ee7a Trung t\u00e2m h\u1ee3p t\u00e1c An to\u00e0n th\u1ef1c ph\u1ea9m v\u00e0 n\u01b0\u1edbc u\u1ed1ng thu\u1ed9c T\u1ed5 ch\u1ee9c y t\u1ebf th\u1ebf gi\u1edbi (WHO)<\/li>\n<li>\u0110\u1ea1t ti\u00eau chu\u1ea9n do Hi\u1ec7p h\u1ed9i ch\u1ea5t l\u01b0\u1ee3ng n\u01b0\u1edbc qu\u1ed1c t\u1ebf WQA ch\u1ee9ng nh\u1eadn<\/li>\n<li>N\u01b0\u1edbc sau l\u1ecdc \u0111\u1ea1t chu\u1ea9n n\u01b0\u1edbc u\u1ed1ng tr\u1ef1c ti\u1ebfp theo ti\u00eau chu\u1ea9n QCVN 6-1:2010\/BYT<\/li>\n<\/ul>\n<h2><strong>H\u01b0\u1edbng d\u1eabn s\u1eed d\u1ee5ng v\u00e0 l\u1eafp \u0111\u1eb7t M\u00e1y l\u1ecdc n\u01b0\u1edbc \u0111\u1ea7u ngu\u1ed3n 3M AP102T-420<\/strong><\/h2>\n<ul>\n<li>X\u1ea3 n\u01b0\u1edbc \u00edt nh\u1ea5t 10 ph\u00fat ho\u1eb7c \u0111\u1ebfn khi n\u01b0\u1edbc trong tr\u01b0\u1edbc l\u1ea7n s\u1eed d\u1ee5ng \u0111\u1ea7u ti\u00ean<\/li>\n<li>Kh\u00f4ng l\u1eafp h\u1ec7 th\u1ed1ng l\u1ecdc d\u01b0\u1edbi \u00e1nh s\u00e1ng m\u1eb7t tr\u1eddi tr\u1ef1c ti\u1ebfp<\/li>\n<li>Ch\u1eeba kho\u1ea3ng tr\u1ed1ng t\u1ed1i thi\u1ec3u kho\u1ea3ng 769 mm t\u1eeb m\u1eb7t s\u00e0n t\u1edbi \u0111\u00e1y b\u1ed9 l\u1ecdc<\/li>\n<li>Nhi\u1ec7t \u0111\u1ed9 n\u01b0\u1edbc \u0111\u1ea7u v\u00e0o: 4.4 \u0111\u1ed9 C &#8211; cao nh\u1ea5t 37.8 \u0111\u1ed9 C<\/li>\n<li>\u00c1p su\u1ea5t n\u01b0\u1edbc \u0111\u1ea7u v\u00e0o: 172 &#8211; 862 Kpa (t\u01b0\u01a1ng \u0111\u01b0\u01a1ng 17 &#8211; 86 m\u00e9t c\u1ed9t n\u01b0\u1edbc)<\/li>\n<li>Thay l\u00f5i sau 12 th\u00e1ng ho\u1eb7c ngay khi chuy\u1ec3n m\u00e0u n\u00e2u \u0111\u1eadm<\/li>\n<li>Ti\u00eau chu\u1ea9n n\u01b0\u1edbc \u0111\u1ea7u v\u00e0o l\u00e0 n\u01b0\u1edbc m\u00e1y ho\u1eb7c n\u01b0\u1edbc \u0111\u1ea1t ti\u00eau chu\u1ea9n QCVN 1: 2009\/BYT<\/li>\n<\/ul>\n<h2><strong>H\u01b0\u1edbng d\u1eabn b\u1ea3o qu\u1ea3n l\u00f5i l\u1ecdc n\u01b0\u1edbc 3M<\/strong><\/h2>\n<ul>\n<li>N\u1ebfu b\u1ed9 l\u1ecdc n\u01b0\u1edbc kh\u00f4ng \u0111\u01b0\u1ee3c s\u1eed d\u1ee5ng trong m\u1ed9t th\u1eddi gian ng\u1eafn, b\u1ea1n n\u00ean th\u00e1o b\u1ed9 l\u1ecdc ra, \u0111\u1ed5 s\u1ea1ch n\u01b0\u1edbc v\u00e0 gi\u1eef b\u1ed9 l\u1ecdc trong t\u00fai nh\u1ef1a m\u1edbi, ni\u00eam phong v\u00e0 \u0111\u1eb7t trong t\u1ee7 l\u1ea1nh.<\/li>\n<\/ul>\n<h2><strong>C\u00f4ng ngh\u1ec7 l\u1ecdc n\u01b0\u1edbc tr\u1ef1c ti\u1ebfp l\u00e0 g\u00ec?<\/strong><\/h2>\n<ul>\n<li>N\u00f3i \u0111\u01a1n gi\u1ea3n c\u00f4ng ngh\u1ec7 l\u1ecdc n\u01b0\u1edbc tr\u1ef1c ti\u1ebfp l\u00e0 c\u00f4ng ngh\u1ec7 ch\u1ec9 s\u1eed d\u1ee5ng \u00e1p l\u1ef1c n\u01b0\u1edbc t\u1ef1 nhi\u00ean \u0111\u1ec3 l\u1ecdc c\u00e1c t\u1ea1p ch\u1ea5t vi khu\u1ea9n v\u00e0 gi\u1eef l\u1ea1i to\u00e0n b\u1ed9 kho\u00e1ng ch\u1ea5t c\u00f3 l\u1ee3i cho s\u1ee9c kh\u1ecfe m\u00e0 kh\u00f4ng c\u1ea7n d\u00f9ng \u0111\u1ebfn qu\u00e1 nhi\u1ec1u c\u1ea5p l\u1ecdc n\u01b0\u1edbc kh\u00e1c nhau,kh\u00f4ng ph\u1ea3i d\u00f9ng \u0111i\u1ec7n v\u00e0 ho\u00e0n kh\u00f4ng kh\u00f4ng c\u00f3 n\u01b0\u1edbc th\u1ea3i ra.<\/li>\n<li>Hi\u1ec7n c\u00f4ng ngh\u1ec7 l\u1ecdc n\u01b0\u1edbc tr\u1ef1c ti\u1ebfp d\u1ea1ng nh\u01b0 c\u1ee7a l\u1ecdc n\u01b0\u1edbc 3M hi\u1ec7n \u0111\u01b0\u1ee3c s\u1eed d\u1ee5ng r\u1ed9ng r\u00e3i \u1edf c\u00e1c n\u01b0\u1edbc Ch\u00e2u \u00c2u v\u00e0 B\u1eafc M\u1ef9.<\/li>\n<\/ul>\n<h2><strong>H\u00ecnh \u1ea3nh th\u1ef1c t\u1ebf c\u1ee7a s\u1ea3n ph\u1ea9m l\u1ecdc n\u01b0\u1edbc 3M t\u1ea1i showroom<\/strong><\/h2>\n<p>&nbsp;<\/p>\n","protected":false},"excerpt":{"rendered":"<p><span id=\"input_part_0\" class=\"\" data-mention=\"L\u01b0u l\u01b0\u1ee3ng n\u01b0\u1edbc qua b\u1ed9 l\u1ecdc\">L\u01b0u l\u01b0\u1ee3ng n\u01b0\u1edbc qua b\u1ed9 l\u1ecdc: <\/span><span id=\"input_part_0\" class=\"\" data-mention=\"3.63 m3\/h\">3.63 m3\/h<\/span><\/p>\n<p><span id=\"input_part_0\" class=\"\" data-mention=\"K\u00edch th\u01b0\u1edbc (chi\u1ec1u cao x \u0111\u01b0\u1eddng k\u00ednh)\">K\u00edch th\u01b0\u1edbc (chi\u1ec1u cao x \u0111\u01b0\u1eddng k\u00ednh): <\/span><span id=\"input_part_0\" class=\"\" data-mention=\"61.6 x 11.6 cm\">61.6 x 11.6 cm<\/span><\/p>\n<p><span id=\"input_part_0\" class=\"\" data-mention=\"Tr\u1ecdng l\u01b0\u1ee3ng (khi \u0111\u1ea7y n\u01b0\u1edbc)\">Tr\u1ecdng l\u01b0\u1ee3ng (khi \u0111\u1ea7y n\u01b0\u1edbc): <\/span><span id=\"input_part_0\" class=\"\" data-mention=\"2.3kg\">2.3kg<\/span><\/p>\n<p><span id=\"input_part_0\" class=\"\" data-mention=\"V\u1eadt li\u1ec7u\">V\u1eadt li\u1ec7u<\/span><\/p>\n<p><span id=\"input_part_0\" class=\"\" data-mention=\"V\u1ecf: Trong su\u1ed1t Polypropylene\">V\u1ecf: Trong su\u1ed1t Polypropylene<\/span><\/p>\n<p><span id=\"input_part_0\" class=\"\" data-mention=\"M\u00e1y: S\u1eed d\u1ee5ng v\u1eadt li\u1ec7u ch\u1ed1ng \u0103n m\u00f2n, tu\u00e2n th\u1ee7 theo ti\u00eau chu\u1ea9n CFR-21 c\u1ee7a FDA\">Th\u00e2n m\u00e1y: S\u1eed d\u1ee5ng v\u1eadt li\u1ec7u ch\u1ed1ng \u0103n m\u00f2n, tu\u00e2n th\u1ee7 theo ti\u00eau chu\u1ea9n CFR-21 c\u1ee7a FDA<\/span><\/p>\n<p><span id=\"input_part_0\" class=\"\" data-mention=\"C\u00e1c th\u00e0nh ph\u1ea7n lo\u1ea1i b\u1ecf\">C\u00e1c th\u00e0nh ph\u1ea7n lo\u1ea1i b\u1ecf: <\/span><span id=\"input_part_0\" class=\"\" data-mention=\"R\u1ec9 s\u00e9t\">R\u1ec9 s\u00e9t, <\/span><span id=\"input_part_0\" class=\"\" data-mention=\"C\u1eb7n b\u1ea9n, t\u1ea1p ch\u1ea5t c\u00f3 k\u00edch th\u01b0\u1edbc l\u1edbn h\u01a1n ho\u1eb7c b\u1eb1ng 5 microns\">C\u1eb7n b\u1ea9n, t\u1ea1p ch\u1ea5t c\u00f3 k\u00edch th\u01b0\u1edbc l\u1edbn h\u01a1n ho\u1eb7c b\u1eb1ng 5 microns<\/span><\/p>\n<p><span id=\"input_part_0\" class=\"\" data-mention=\"* C\u00f3 t\u00ednh n\u0103ng ch\u1ed1ng b\u00e1m c\u1eb7n b\u1ea3o v\u1ec7 c\u00e1c thi\u1ebft b\u1ecb s\u1eed d\u1ee5ng n\u01b0\u1edbc v\u00e0 \u0111\u01b0\u1eddng \u1ed1ng kh\u1ecfi t\u00ecnh tr\u1ea1ng b\u1ecb \u0103n m\u00f2n\">C\u00f3 t\u00ednh n\u0103ng ch\u1ed1ng b\u00e1m c\u1eb7n b\u1ea3o v\u1ec7 c\u00e1c thi\u1ebft b\u1ecb s\u1eed d\u1ee5ng n\u01b0\u1edbc v\u00e0 \u0111\u01b0\u1eddng \u1ed1ng kh\u1ecfi t\u00ecnh tr\u1ea1ng b\u1ecb \u0103n m\u00f2n<\/span><\/p>\n","protected":false},"featured_media":3490,"comment_status":"open","ping_status":"closed","template":"","meta":[],"product_brand":[],"product_cat":[400,401],"product_tag":[402,403],"class_list":{"0":"post-3322","1":"product","2":"type-product","3":"status-publish","4":"has-post-thumbnail","6":"product_cat-may-loc-nuoc-3m","7":"product_cat-thuong-hieu-may-loc-nuoc-3m","8":"product_tag-3m","9":"product_tag-may-loc-nuoc-3m","11":"first","12":"instock","13":"shipping-taxable","14":"purchasable","15":"product-type-simple"},"_links":{"self":[{"href":"https:\/\/livinghome.vn\/thiet-bi\/wp-json\/wp\/v2\/product\/3322","targetHints":{"allow":["GET"]}}],"collection":[{"href":"https:\/\/livinghome.vn\/thiet-bi\/wp-json\/wp\/v2\/product"}],"about":[{"href":"https:\/\/livinghome.vn\/thiet-bi\/wp-json\/wp\/v2\/types\/product"}],"replies":[{"embeddable":true,"href":"https:\/\/livinghome.vn\/thiet-bi\/wp-json\/wp\/v2\/comments?post=3322"}],"wp:featuredmedia":[{"embeddable":true,"href":"https:\/\/livinghome.vn\/thiet-bi\/wp-json\/wp\/v2\/media\/3490"}],"wp:attachment":[{"href":"https:\/\/livinghome.vn\/thiet-bi\/wp-json\/wp\/v2\/media?parent=3322"}],"wp:term":[{"taxonomy":"product_brand","embeddable":true,"href":"https:\/\/livinghome.vn\/thiet-bi\/wp-json\/wp\/v2\/product_brand?post=3322"},{"taxonomy":"product_cat","embeddable":true,"href":"https:\/\/livinghome.vn\/thiet-bi\/wp-json\/wp\/v2\/product_cat?post=3322"},{"taxonomy":"product_tag","embeddable":true,"href":"https:\/\/livinghome.vn\/thiet-bi\/wp-json\/wp\/v2\/product_tag?post=3322"}],"curies":[{"name":"wp","href":"https:\/\/api.w.org\/{rel}","templated":true}]}}