{"id":3319,"date":"2023-01-12T18:01:01","date_gmt":"2023-01-12T18:01:01","guid":{"rendered":"https:\/\/livinghome.vn\/thiet-bi\/?post_type=product&#038;p=3319"},"modified":"2024-11-29T14:20:20","modified_gmt":"2024-11-29T07:20:20","slug":"he-thong-may-khu-sat-3m-appm150","status":"publish","type":"product","link":"https:\/\/livinghome.vn\/thiet-bi\/he-thong-may-khu-sat-3m-appm150\/","title":{"rendered":"H\u1ec7 th\u1ed1ng m\u00e1y kh\u1eed s\u1eaft 3M APPM150 nh\u1eadp kh\u1ea9u M\u1ef9"},"content":{"rendered":"<h2>H\u1ec7 th\u1ed1ng m\u00e1y kh\u1eed s\u1eaft 3M APPM150 c\u00f3 g\u00ec n\u1ed5i b\u1eadt<\/h2>\n<ul>\n<li>C\u00f4ng ngh\u1ec7 l\u1ecdc: C\u00f4ng ngh\u1ec7 trao \u0111\u1ed5i I-on (C\u00e1c h\u1ea1t nh\u1ef1a trao \u0111\u1ed5i ion ch\u1ea5t l\u01b0\u1ee3ng cao, ho\u1ea1t \u0111\u1ed9ng b\u1ec1n b\u1ec9)<\/li>\n<li>V\u1eadt li\u1ec7u l\u1ecdc V\u1eadt li\u1ec7u l\u1ecdc bao g\u1ed3m mu\u1ed1i l\u1ecdc v\u00e0 s\u1ecfi l\u1ecdc chuy\u00ean d\u1ee5ng chu\u1ea9n M\u1ef9<\/li>\n<li>C\u00f4ng su\u1ea5t l\u1ecdc: 170.343 L\u00edt<\/li>\n<li>L\u01b0u l\u01b0\u1ee3ng n\u01b0\u1edbc: 26.5 L\u00edt\/ph\u00fat<\/li>\n<li>L\u01b0u l\u01b0\u1ee3ng backwash (r\u1eeda ng\u01b0\u1ee3c): 20 L\u00edt\/ph\u00fat<\/li>\n<li>Tr\u1ecdng l\u01b0\u1ee3ng (kg): 91 kg<\/li>\n<\/ul>\n<h2>C\u00f4ng d\u1ee5ng<\/h2>\n<ul>\n<li>\u0110i\u1ec1u ch\u1ec9nh \u0111\u1ed9 pH, gi\u1ea3m l\u01b0\u1ee3ng kh\u00ed hydro sunfua v\u00e0 s\u1eaft cao<\/li>\n<li>Kh\u00f4ng d\u00f9ng h\u00f3a ch\u1ea5t \u0111\u1ec3 gi\u1ea3m s\u1eaft k\u1ebft t\u1ee7a (s\u1eaft), s\u1eaft h\u00f2a tan ho\u1eb7c vi khu\u1ea9n b\u1eb1ng c\u1ea3m \u1ee9ng kh\u00f4ng kh\u00ed<\/li>\n<li>Thi\u1ebft b\u1ecb h\u00f2a tr\u1ed9n l\u00e0m t\u0103ng \u0111\u1ed9 pH \u0111\u1ec3 t\u0103ng c\u01b0\u1eddng kh\u1eed s\u1eaft<\/li>\n<\/ul>\n<ul>\n<li style=\"list-style-type: none\"><\/li>\n<\/ul>\n<h2>K\u00edch th\u01b0\u1edbc s\u1ea3n ph\u1ea9m<\/h2>\n<ul>\n<li>K\u00edch th\u01b0\u1edbc (D x R x C): 40.6 x 76.2 x 160 cm<\/li>\n<\/ul>\n<h2>H\u01b0\u1edbng d\u1eabn s\u1eed d\u1ee5ng v\u00e0 l\u1eafp \u0111\u1eb7t H\u1ec7 th\u1ed1ng m\u00e1y kh\u1eed s\u1eaft 3M APPM150<\/h2>\n<ul>\n<li>X\u1ea3 n\u01b0\u1edbc \u00edt nh\u1ea5t 10 ph\u00fat ho\u1eb7c \u0111\u1ebfn khi n\u01b0\u1edbc trong tr\u01b0\u1edbc l\u1ea7n s\u1eed d\u1ee5ng \u0111\u1ea7u ti\u00ean<\/li>\n<li>Kh\u00f4ng l\u1eafp h\u1ec7 th\u1ed1ng l\u1ecdc d\u01b0\u1edbi \u00e1nh s\u00e1ng m\u1eb7t tr\u1eddi tr\u1ef1c ti\u1ebfp<\/li>\n<li>L\u1edbp trong c\u00f9ng l\u00e0 v\u1eadt li\u1ec7u v\u00e0 s\u1ecfi l\u1ecdc chuy\u00ean d\u1ee5ng gi\u00fap l\u1ecdc s\u1ea1ch h\u01a1n v\u00e0 h\u1ed7 tr\u1ee3 ch\u1ee9c n\u0103ng s\u00fac r\u1eeda b\u1ed9 l\u1ecdc (chu tr\u00ecnh t\u00e1i t\u1ea1o)<\/li>\n<\/ul>\n<h3>B\u1ea3o h\u00e0nh<\/h3>\n<ul>\n<li>\u0110\u1ea7u van \u0111i\u1ec7n t\u1eed: 5 n\u0103m<\/li>\n<li>H\u1ec7 th\u1ed1ng x\u1eed l\u00fd n\u01b0\u1edbc: 2 n\u0103m<\/li>\n<li>Th\u1eddi gian thay mu\u1ed1i v\u00e0 s\u1ecfi 12 th\u00e1ng<\/li>\n<\/ul>\n<h3>Chi ti\u1ebft ph\u1ee5 ki\u1ec7n<\/h3>\n<ul>\n<li>B\u1ed9 ph\u1ee5 ki\u1ec7n ti\u00eau chu\u1ea9n \u0111i k\u00e8m m\u00e1y<\/li>\n<li>Van \u0111i\u1ec1u khi\u1ec3n hi\u1ec7n \u0111\u1ea1i c\u1ef1c k\u1ef3 d\u1ec5 s\u1eed d\u1ee5ng, ho\u00e0n to\u00e0n t\u1ef1 \u0111\u1ed9ng v\u00e0 ti\u1ebft ki\u1ec7m n\u01b0\u1edbc<\/li>\n<li>Van bypass \u0111\u1ed9c \u0111\u00e1o c\u00f3 c\u00e1c t\u00ednh n\u0103ng thi\u1ebft k\u1ebf hi\u1ec7n \u0111\u1ea1i<\/li>\n<li>Thi\u1ebft b\u1ecb c\u00f3 l\u1ed7 m\u00e1i v\u00f2m \u0111\u01b0\u1ee3c thi\u1ebft k\u1ebf \u0111\u1ec3 thay th\u1ebf \/ b\u1ed5 sung b\u1ed9t thay th\u1ebf d\u1ec5 d\u00e0ng h\u01a1n<\/li>\n<\/ul>\n<h3>Xu\u1ea5t x\u1ee9<\/h3>\n<ul>\n<li>S\u1ea3n xu\u1ea5t t\u1ea1i M\u1ef9<\/li>\n<li>M\u00e3 h\u00e0ng qu\u1ed1c t\u1ebf<\/li>\n<\/ul>\n<h2>H\u01b0\u1edbng d\u1eabn b\u1ea3o qu\u1ea3n l\u00f5i l\u1ecdc n\u01b0\u1edbc 3M<\/h2>\n<ul>\n<li>N\u1ebfu b\u1ed9 l\u1ecdc n\u01b0\u1edbc kh\u00f4ng \u0111\u01b0\u1ee3c s\u1eed d\u1ee5ng trong m\u1ed9t th\u1eddi gian ng\u1eafn, b\u1ea1n n\u00ean th\u00e1o b\u1ed9 l\u1ecdc ra v\u00e0 b\u1ea3o qu\u1ea3n trong t\u1ee7 m\u00e1t<\/li>\n<\/ul>\n<h2>C\u00f4ng ngh\u1ec7 l\u1ecdc n\u01b0\u1edbc tr\u1ef1c ti\u1ebfp l\u00e0 g\u00ec?<\/h2>\n<ul>\n<li>N\u00f3i \u0111\u01a1n gi\u1ea3n c\u00f4ng ngh\u1ec7 l\u1ecdc n\u01b0\u1edbc tr\u1ef1c ti\u1ebfp l\u00e0 c\u00f4ng ngh\u1ec7 ch\u1ec9 s\u1eed d\u1ee5ng \u00e1p l\u1ef1c n\u01b0\u1edbc t\u1ef1 nhi\u00ean \u0111\u1ec3 l\u1ecdc c\u00e1c t\u1ea1p ch\u1ea5t vi khu\u1ea9n v\u00e0 gi\u1eef l\u1ea1i to\u00e0n b\u1ed9 kho\u00e1ng ch\u1ea5t c\u00f3 l\u1ee3i cho s\u1ee9c kh\u1ecfe m\u00e0 kh\u00f4ng c\u1ea7n d\u00f9ng \u0111\u1ebfn qu\u00e1 nhi\u1ec1u c\u1ea5p l\u1ecdc n\u01b0\u1edbc kh\u00e1c nhau,kh\u00f4ng ph\u1ea3i d\u00f9ng \u0111i\u1ec7n v\u00e0 ho\u00e0n kh\u00f4ng kh\u00f4ng c\u00f3 n\u01b0\u1edbc th\u1ea3i ra.<\/li>\n<li>Hi\u1ec7n c\u00f4ng ngh\u1ec7 l\u1ecdc n\u01b0\u1edbc tr\u1ef1c ti\u1ebfp d\u1ea1ng nh\u01b0 c\u1ee7a l\u1ecdc n\u01b0\u1edbc 3M hi\u1ec7n \u0111\u01b0\u1ee3c s\u1eed d\u1ee5ng r\u1ed9ng r\u00e3i \u1edf c\u00e1c n\u01b0\u1edbc Ch\u00e2u \u00c2u v\u00e0 B\u1eafc M\u1ef9.<\/li>\n<\/ul>\n<h2>H\u00ecnh \u1ea3nh th\u1ef1c t\u1ebf c\u1ee7a s\u1ea3n ph\u1ea9m l\u1ecdc n\u01b0\u1edbc 3M t\u1ea1i showroom<\/h2>\n<p>&nbsp;<\/p>\n","protected":false},"excerpt":{"rendered":"<p><span id=\"input_part_0\" class=\"\" data-mention=\"C\u00f4ng ngh\u1ec7 l\u1ecdc C\u00f4ng ngh\u1ec7 trao \u0111\u1ed5i I-on (C\u00e1c h\u1ea1t nh\u1ef1a trao \u0111\u1ed5i ion ch\u1ea5t l\u01b0\u1ee3ng cao, ho\u1ea1t \u0111\u1ed9ng b\u1ec1n b\u1ec9)\">C\u00f4ng ngh\u1ec7 l\u1ecdc: C\u00f4ng ngh\u1ec7 trao \u0111\u1ed5i I-on (C\u00e1c h\u1ea1t nh\u1ef1a trao \u0111\u1ed5i ion ch\u1ea5t l\u01b0\u1ee3ng cao, ho\u1ea1t \u0111\u1ed9ng b\u1ec1n b\u1ec9)<\/span><\/p>\n<p><span id=\"input_part_0\" class=\"\" data-mention=\"V\u1eadt li\u1ec7u l\u1ecdc V\u1eadt li\u1ec7u l\u1ecdc bao g\u1ed3m mu\u1ed1i l\u1ecdc v\u00e0 s\u1ecfi l\u1ecdc chuy\u00ean d\u1ee5ng chu\u1ea9n M\u1ef9\">V\u1eadt li\u1ec7u l\u1ecdc V\u1eadt li\u1ec7u l\u1ecdc bao g\u1ed3m mu\u1ed1i l\u1ecdc v\u00e0 s\u1ecfi l\u1ecdc chuy\u00ean d\u1ee5ng chu\u1ea9n M\u1ef9<\/span><\/p>\n<p><span id=\"input_part_0\" class=\"\" data-mention=\"C\u00f4ng su\u1ea5t l\u1ecdc\">C\u00f4ng su\u1ea5t l\u1ecdc: <\/span><span id=\"input_part_0\" class=\"\" data-mention=\"170.343 L\u00edt\">170.343 L\u00edt<\/span><\/p>\n<p><span id=\"input_part_0\" class=\"\" data-mention=\"L\u01b0u l\u01b0\u1ee3ng n\u01b0\u1edbc\">L\u01b0u l\u01b0\u1ee3ng n\u01b0\u1edbc: <\/span><span id=\"input_part_0\" class=\"\" data-mention=\"26.5 L\u00edt\/ph\u00fat\">26.5 L\u00edt\/ph\u00fat<\/span><\/p>\n<p><span id=\"input_part_0\" class=\"\" data-mention=\"L\u01b0u l\u01b0\u1ee3ng backwash (r\u1eeda ng\u01b0\u1ee3c) \">L\u01b0u l\u01b0\u1ee3ng backwash (r\u1eeda ng\u01b0\u1ee3c): <\/span><span id=\"input_part_0\" class=\"\" data-mention=\"20 L\u00edt\/ph\u00fat\">20 L\u00edt\/ph\u00fat<\/span><\/p>\n<p><span id=\"input_part_0\" class=\"\" data-mention=\"Tr\u1ecdng l\u01b0\u1ee3ng (kg) \">Tr\u1ecdng l\u01b0\u1ee3ng (kg): <\/span><span id=\"input_part_0\" class=\"\" data-mention=\"91 kg\">91 kg<\/span><\/p>\n<p><span id=\"input_part_0\" class=\"\" data-mention=\"\u0110i\u1ec1u ch\u1ec9nh \u0111\u1ed9 pH, gi\u1ea3m l\u01b0\u1ee3ng kh\u00ed hydro sunfua v\u00e0 s\u1eaft cao\">\u0110i\u1ec1u ch\u1ec9nh \u0111\u1ed9 pH, gi\u1ea3m l\u01b0\u1ee3ng kh\u00ed hydro sunfua v\u00e0 s\u1eaft cao<\/span><\/p>\n<p><span id=\"input_part_0\" class=\"\" data-mention=\"Kh\u00f4ng d\u00f9ng h\u00f3a ch\u1ea5t \u0111\u1ec3 gi\u1ea3m s\u1eaft k\u1ebft t\u1ee7a (s\u1eaft), s\u1eaft h\u00f2a tan ho\u1eb7c vi khu\u1ea9n b\u1eb1ng c\u1ea3m \u1ee9ng kh\u00f4ng kh\u00ed\">Kh\u00f4ng d\u00f9ng h\u00f3a ch\u1ea5t \u0111\u1ec3 gi\u1ea3m s\u1eaft k\u1ebft t\u1ee7a (s\u1eaft), s\u1eaft h\u00f2a tan ho\u1eb7c vi khu\u1ea9n b\u1eb1ng c\u1ea3m \u1ee9ng kh\u00f4ng kh\u00ed<\/span><\/p>\n<p><span id=\"input_part_0\" class=\"\" data-mention=\"Thi\u1ebft b\u1ecb h\u00f2a tr\u1ed9n l\u00e0m t\u0103ng \u0111\u1ed9 pH \u0111\u1ec3 t\u0103ng c\u01b0\u1eddng kh\u1eed s\u1eaft\">Thi\u1ebft b\u1ecb h\u00f2a tr\u1ed9n l\u00e0m t\u0103ng \u0111\u1ed9 pH \u0111\u1ec3 t\u0103ng c\u01b0\u1eddng kh\u1eed s\u1eaft<\/span><\/p>\n","protected":false},"featured_media":19570,"comment_status":"open","ping_status":"closed","template":"","meta":[],"product_brand":[],"product_cat":[400,401],"product_tag":[402,403],"class_list":{"0":"post-3319","1":"product","2":"type-product","3":"status-publish","4":"has-post-thumbnail","6":"product_cat-may-loc-nuoc-3m","7":"product_cat-thuong-hieu-may-loc-nuoc-3m","8":"product_tag-3m","9":"product_tag-may-loc-nuoc-3m","11":"first","12":"instock","13":"shipping-taxable","14":"purchasable","15":"product-type-simple"},"_links":{"self":[{"href":"https:\/\/livinghome.vn\/thiet-bi\/wp-json\/wp\/v2\/product\/3319","targetHints":{"allow":["GET"]}}],"collection":[{"href":"https:\/\/livinghome.vn\/thiet-bi\/wp-json\/wp\/v2\/product"}],"about":[{"href":"https:\/\/livinghome.vn\/thiet-bi\/wp-json\/wp\/v2\/types\/product"}],"replies":[{"embeddable":true,"href":"https:\/\/livinghome.vn\/thiet-bi\/wp-json\/wp\/v2\/comments?post=3319"}],"wp:featuredmedia":[{"embeddable":true,"href":"https:\/\/livinghome.vn\/thiet-bi\/wp-json\/wp\/v2\/media\/19570"}],"wp:attachment":[{"href":"https:\/\/livinghome.vn\/thiet-bi\/wp-json\/wp\/v2\/media?parent=3319"}],"wp:term":[{"taxonomy":"product_brand","embeddable":true,"href":"https:\/\/livinghome.vn\/thiet-bi\/wp-json\/wp\/v2\/product_brand?post=3319"},{"taxonomy":"product_cat","embeddable":true,"href":"https:\/\/livinghome.vn\/thiet-bi\/wp-json\/wp\/v2\/product_cat?post=3319"},{"taxonomy":"product_tag","embeddable":true,"href":"https:\/\/livinghome.vn\/thiet-bi\/wp-json\/wp\/v2\/product_tag?post=3319"}],"curies":[{"name":"wp","href":"https:\/\/api.w.org\/{rel}","templated":true}]}}