{"id":3316,"date":"2023-01-12T18:01:01","date_gmt":"2023-01-12T18:01:01","guid":{"rendered":"https:\/\/livinghome.vn\/thiet-bi\/?post_type=product&#038;p=3316"},"modified":"2024-11-29T14:20:19","modified_gmt":"2024-11-29T07:20:19","slug":"combo-loc-nuoc-3m-mini-nhap-khau-my","status":"publish","type":"product","link":"https:\/\/livinghome.vn\/thiet-bi\/combo-loc-nuoc-3m-mini-nhap-khau-my\/","title":{"rendered":"Combo l\u1ecdc n\u01b0\u1edbc 3M mini nh\u1eadp kh\u1ea9u M\u1ef9"},"content":{"rendered":"<h2><strong>M\u00e1y l\u1ecdc n\u01b0\u1edbc 3M BREW110-MS + L\u1eccC TH\u00d4 3M K\u00c8M V\u00d2I c\u00f3 g\u00ec n\u1ed5i b\u1eadt<\/strong><\/h2>\n<ul>\n<li>Nh\u1ecf g\u1ecdn, c\u00f3 th\u1ec3 l\u1eafp d\u01b0\u1edbi lavabo<\/li>\n<li>N\u01b0\u1edbc sau l\u1ecdc \u0111\u1ec3 s\u00fac mi\u1ec7ng, \u0111\u00e1nh r\u0103ng v\u00e0 r\u1eeda m\u1eb7t<\/li>\n<li>L\u1ecdc nhanh h\u01a1n c\u00e1c c\u00f4ng ngh\u1ec7 l\u1ecdc kh\u00e1c, kh\u00f4ng \u0111i\u1ec7n, kh\u00f4ng n\u01b0\u1edbc th\u1ea3i.<\/li>\n<li>V\u1edbi l\u1ee3i th\u1ebf d\u1eabn \u0111\u1ea7u v\u1ec1 c\u00f4ng ngh\u1ec7 v\u00e0 khoa h\u1ecdc ch\u1ebf t\u1ea1o, 3M c\u00f3 th\u1ec3 k\u1ebft h\u1ee3p c\u00e1c th\u00e0nh ph\u1ea7n y\u00eau c\u1ea7u hi\u1ec7u su\u1ea5t kh\u00e1c nhau v\u00e0o m\u1ed9t b\u1ed9 l\u1ecdc duy nh\u1ea5t gi\u00fap ti\u1ebft ki\u1ec7m kh\u00f4ng gian, b\u1ea3o v\u1ec7 m\u00f4i tr\u01b0\u1eddng, thay l\u00f5i nhanh ch\u00f3ng, \u0111\u1ea3m b\u1ea3o v\u1ec7 sinh.<\/li>\n<li>N\u01b0\u1edbc sau l\u1ecdc u\u1ed1ng tr\u1ef1c ti\u1ebfp theo ti\u00eau chu\u1ea9n B\u1ed9 Y T\u1ebf ban h\u00e0nh<\/li>\n<li>C\u00f4ng su\u1ea5t b\u1ed9 l\u1ecdc tinh: 13.247 L\u00edt (th\u1ef1c t\u1ebf c\u00f3 th\u1ec3 t\u0103ng gi\u1ea3m tu\u1ef3 ch\u1ea5t l\u01b0\u1ee3ng n\u01b0\u1edbc m\u00e1y \u0111\u1ea7u v\u00e0o)<\/li>\n<li>Tr\u1ecdng l\u01b0\u1ee3ng (khi \u0111\u1ea7y n\u01b0\u1edbc) 2kg<\/li>\n<li>L\u01b0u l\u01b0\u1ee3ng n\u01b0\u1edbc qua b\u1ed9 l\u1ecdc: 3.8 L\u00edt\/ph\u00fat<\/li>\n<\/ul>\n<h2><strong>C\u00f4ng ngh\u1ec7 &amp; V\u1eadt li\u1ec7u b\u1ec3n b\u1ec9 an to\u00e0n tuy\u1ec7t \u0111\u1ed1i<\/strong><\/h2>\n<ul>\n<li>Kh\u1ed1i Zeta Carbon ho\u1ea1t t\u00ednh cao c\u1ea5p \u0111\u01b0\u1ee3c ng\u00e2m t\u1ea9m b\u1ea1c c\u00f4ng su\u1ea5t cao<\/li>\n<li>C\u00f4ng ngh\u1ec7 l\u1ecdc:3M Carbon Block Filtration Technology<\/li>\n<li>C\u00e1c th\u00e0nh ph\u1ea7n lo\u1ea1i b\u1ecf<\/li>\n<li>Clo d\u01b0, m\u00f9i clo, m\u00f9i h\u00f4i n\u1ea5m m\u1ed1c<\/li>\n<li>T\u1ea1p ch\u1ea5t trong n\u01b0\u1edbc, ch\u1ed1ng ngh\u1eb9t \u0111\u01b0\u1eddng \u1ed1ng, \u0103n m\u00f2n \u0111\u01b0\u1eddng \u1ed1ng n\u01b0\u1edbc, l\u1ecdc \u0111\u01b0\u1ee3c vi khu\u1ea9n c\u00f3 k\u00edch th\u01b0\u1edbc l\u1edbn h\u01a1n 0.5 micron<\/li>\n<li>M\u1ea7m u nang, k\u00fd sinh tr\u00f9ng<\/li>\n<\/ul>\n<h2><strong>K\u00edch th\u01b0\u1edbc v\u00e0 chi ti\u1ebft ph\u1ee5 ki\u1ec7n Combo l\u1ecdc n\u01b0\u1edbc 3M mini<\/strong><\/h2>\n<ul>\n<li>K\u00edch th\u01b0\u1edbc: 11.4 x 27.8 cm<\/li>\n<li>01 \u0110\u1ea7u ch\u1ee5p<\/li>\n<li>01 T s\u1eaft c\u00f3 van kh\u00f3a<\/li>\n<li>01 Co r\u0103ng ngo\u00e0i Phi 17 ra \u1ed1ng 10<\/li>\n<li>01 Co r\u0103ng ngo\u00e0i Phi 17 ra \u1ed1ng 6<\/li>\n<li>01 \u1ed0ng phi 10 &#8211; SL: 1 m\u00e9t<\/li>\n<li>01 B\u1ed9 l\u1ecdc th\u00f4 3M<\/li>\n<\/ul>\n<p>(C\u00f3 th\u1ec3 ph\u00e1t sinh th\u00eam ph\u1ee5 ki\u1ec7n t\u00f9y theo \u0111i\u1ec1u ki\u1ec7n l\u1eafp \u0111\u1eb7t t\u1ea1i nh\u00e0 kh\u00e1ch. Kh\u00e1ch tr\u1ea3 ph\u00ed cho ph\u1ea7n ph\u1ee5 ki\u1ec7n ph\u00e1t sinh)<\/p>\n<h2><strong>Xu\u1ea5t x\u1ee9<\/strong><\/h2>\n<ul>\n<li>S\u1ea3n xu\u1ea5t t\u1ea1i M\u1ef9<\/li>\n<li>M\u00e3 h\u00e0ng qu\u1ed1c t\u1ebf<\/li>\n<\/ul>\n<h2><strong>H\u01b0\u1edbng d\u1eabn s\u1eed d\u1ee5ng v\u00e0 l\u1eafp \u0111\u1eb7t Combo l\u1ecdc n\u01b0\u1edbc 3M mini<\/strong><\/h2>\n<ul>\n<li>X\u1ea3 n\u01b0\u1edbc \u00edt nh\u1ea5t 10 ph\u00fat ho\u1eb7c \u0111\u1ebfn khi n\u01b0\u1edbc trong tr\u01b0\u1edbc l\u1ea7n s\u1eed d\u1ee5ng \u0111\u1ea7u ti\u00ean<\/li>\n<li>Kh\u00f4ng l\u1eafp h\u1ec7 th\u1ed1ng l\u1ecdc d\u01b0\u1edbi \u00e1nh s\u00e1ng m\u1eb7t tr\u1eddi tr\u1ef1c ti\u1ebfp<\/li>\n<li>Ch\u1eeba kho\u1ea3ng tr\u1ed1ng t\u1ed1i thi\u1ec3u kho\u1ea3ng 7.6 cm t\u1eeb m\u1eb7t s\u00e0n t\u1edbi \u0111\u00e1y b\u1ed9 l\u1ecdc<\/li>\n<li>Nhi\u1ec7t \u0111\u1ed9 n\u01b0\u1edbc \u0111\u1ea7u v\u00e0o: 4.4 \u0111\u1ed9 C &#8211; cao nh\u1ea5t 37.8 \u0111\u1ed9 C<\/li>\n<li>\u00c1p su\u1ea5t n\u01b0\u1edbc \u0111\u1ea7u v\u00e0o: 172 &#8211; 862 Kpa (t\u01b0\u01a1ng \u0111\u01b0\u01a1ng 17 &#8211; 86 m\u00e9t c\u1ed9t n\u01b0\u1edbc)<\/li>\n<li>D\u1ea5u hi\u1ec7u b\u00e1o l\u1ecdc h\u1ebft c\u00f4ng su\u1ea5t th\u00f4ng minh c\u1ee7a m\u00e1y l\u1ecdc n\u01b0\u1edbc 3M<\/li>\n<\/ul>\n<p>N\u01b0\u1edbc s\u1ebd ch\u1ea3y ra ch\u1eadm d\u1ea7n, cho \u0111\u1ebfn khi ng\u01b0ng h\u1eb3n, gi\u00fap \u0111\u1ea3m b\u1ea3o:<\/p>\n<ul>\n<li>\u00a0C\u00f3 n\u01b0\u1edbc ch\u1ea3y ra l\u00e0 n\u01b0\u1edbc s\u1ea1ch<\/li>\n<li>\u00a0Tho\u1ea3i m\u00e1i s\u1eed d\u1ee5ng<\/li>\n<li>Ti\u00eau chu\u1ea9n n\u01b0\u1edbc \u0111\u1ea7u v\u00e0o l\u00e0 n\u01b0\u1edbc m\u00e1y ho\u1eb7c n\u01b0\u1edbc \u0111\u1ea1t ti\u00eau chu\u1ea9n QCVN 1: 2009\/BYT<\/li>\n<\/ul>\n<h2><strong>H\u01b0\u1edbng d\u1eabn b\u1ea3o qu\u1ea3n l\u00f5i l\u1ecdc n\u01b0\u1edbc 3M<\/strong><\/h2>\n<ul>\n<li>N\u1ebfu b\u1ed9 l\u1ecdc n\u01b0\u1edbc kh\u00f4ng \u0111\u01b0\u1ee3c s\u1eed d\u1ee5ng trong m\u1ed9t th\u1eddi gian ng\u1eafn, b\u1ea1n n\u00ean th\u00e1o b\u1ed9 l\u1ecdc ra, \u0111\u1ed5 s\u1ea1ch n\u01b0\u1edbc v\u00e0 gi\u1eef b\u1ed9 l\u1ecdc trong t\u00fai nh\u1ef1a m\u1edbi, ni\u00eam phong v\u00e0 \u0111\u1eb7t trong<\/li>\n<\/ul>\n<h2><strong>C\u00f4ng ngh\u1ec7 l\u1ecdc n\u01b0\u1edbc tr\u1ef1c ti\u1ebfp l\u00e0 g\u00ec?<\/strong><\/h2>\n<ul>\n<li>N\u00f3i \u0111\u01a1n gi\u1ea3n c\u00f4ng ngh\u1ec7 l\u1ecdc n\u01b0\u1edbc tr\u1ef1c ti\u1ebfp l\u00e0 c\u00f4ng ngh\u1ec7 ch\u1ec9 s\u1eed d\u1ee5ng \u00e1p l\u1ef1c n\u01b0\u1edbc t\u1ef1 nhi\u00ean \u0111\u1ec3 l\u1ecdc c\u00e1c t\u1ea1p ch\u1ea5t vi khu\u1ea9n v\u00e0 gi\u1eef l\u1ea1i to\u00e0n b\u1ed9 kho\u00e1ng ch\u1ea5t c\u00f3 l\u1ee3i cho s\u1ee9c kh\u1ecfe m\u00e0 kh\u00f4ng c\u1ea7n d\u00f9ng \u0111\u1ebfn qu\u00e1 nhi\u1ec1u c\u1ea5p l\u1ecdc n\u01b0\u1edbc kh\u00e1c nhau,kh\u00f4ng ph\u1ea3i d\u00f9ng \u0111i\u1ec7n v\u00e0 ho\u00e0n kh\u00f4ng kh\u00f4ng c\u00f3 n\u01b0\u1edbc th\u1ea3i ra.<\/li>\n<li>Hi\u1ec7n c\u00f4ng ngh\u1ec7 l\u1ecdc n\u01b0\u1edbc tr\u1ef1c ti\u1ebfp d\u1ea1ng nh\u01b0 c\u1ee7a l\u1ecdc n\u01b0\u1edbc 3M hi\u1ec7n \u0111\u01b0\u1ee3c s\u1eed d\u1ee5ng r\u1ed9ng r\u00e3i \u1edf c\u00e1c n\u01b0\u1edbc Ch\u00e2u \u00c2u v\u00e0 B\u1eafc M\u1ef9.<\/li>\n<\/ul>\n<h2><strong>H\u00ecnh \u1ea3nh th\u1ef1c t\u1ebf c\u1ee7a s\u1ea3n ph\u1ea9m l\u1ecdc n\u01b0\u1edbc 3M t\u1ea1i showroom<\/strong><\/h2>\n","protected":false},"excerpt":{"rendered":"<p><span id=\"input_part_0\" class=\"\" data-mention=\"Xu\u1ea5t x\u1ee9\">Xu\u1ea5t x\u1ee9: <\/span><span id=\"input_part_0\" class=\"\" data-mention=\"M\u00e1y l\u1ecdc n\u01b0\u1edbc 3M s\u1ea3n xu\u1ea5t t\u1ea1i M\u1ef9\">M\u00e1y l\u1ecdc n\u01b0\u1edbc 3M s\u1ea3n xu\u1ea5t t\u1ea1i M\u1ef9<\/span><\/p>\n<p><span id=\"input_part_0\" class=\"\" data-mention=\"Nh\u1ecf g\u1ecdn, c\u00f3 th\u1ec3 l\u1eafp d\u01b0\u1edbi lavabo\">Nh\u1ecf g\u1ecdn, c\u00f3 th\u1ec3 l\u1eafp d\u01b0\u1edbi lavabo<\/span><\/p>\n<p><span id=\"input_part_0\" class=\"\" data-mention=\"N\u01b0\u1edbc sau l\u1ecdc \u0111\u1ec3 s\u00fac mi\u1ec7ng, \u0111\u00e1nh r\u0103ng v\u00e0 r\u1eeda m\u1eb7t\">N\u01b0\u1edbc sau l\u1ecdc \u0111\u1ec3 s\u00fac mi\u1ec7ng, \u0111\u00e1nh r\u0103ng v\u00e0 r\u1eeda m\u1eb7t<\/span><\/p>\n<p><span id=\"input_part_0\" class=\"\" data-mention=\"L\u1ecdc nhanh h\u01a1n c\u00e1c c\u00f4ng ngh\u1ec7 l\u1ecdc kh\u00e1c, kh\u00f4ng \u0111i\u1ec7n, kh\u00f4ng n\u01b0\u1edbc th\u1ea3i.\">L\u1ecdc nhanh h\u01a1n c\u00e1c c\u00f4ng ngh\u1ec7 l\u1ecdc kh\u00e1c, kh\u00f4ng \u0111i\u1ec7n, kh\u00f4ng n\u01b0\u1edbc th\u1ea3i.<\/span><\/p>\n<p><span id=\"input_part_0\" class=\"\" data-mention=\"V\u1edbi l\u1ee3i th\u1ebf d\u1eabn \u0111\u1ea7u v\u1ec1 c\u00f4ng ngh\u1ec7 v\u00e0 khoa h\u1ecdc ch\u1ebf t\u1ea1o, 3M c\u00f3 th\u1ec3 k\u1ebft h\u1ee3p c\u00e1c th\u00e0nh ph\u1ea7n y\u00eau c\u1ea7u hi\u1ec7u su\u1ea5t kh\u00e1c nhau v\u00e0o m\u1ed9t b\u1ed9 l\u1ecdc duy nh\u1ea5t gi\u00fap ti\u1ebft ki\u1ec7m kh\u00f4ng gian, b\u1ea3o v\u1ec7 m\u00f4i tr\u01b0\u1eddng, thay l\u00f5i nhanh ch\u00f3ng, \u0111\u1ea3m b\u1ea3o v\u1ec7 sinh.\">V\u1edbi l\u1ee3i th\u1ebf d\u1eabn \u0111\u1ea7u v\u1ec1 c\u00f4ng ngh\u1ec7 v\u00e0 khoa h\u1ecdc ch\u1ebf t\u1ea1o, 3M c\u00f3 th\u1ec3 k\u1ebft h\u1ee3p c\u00e1c th\u00e0nh ph\u1ea7n y\u00eau c\u1ea7u hi\u1ec7u su\u1ea5t kh\u00e1c nhau v\u00e0o m\u1ed9t b\u1ed9 l\u1ecdc duy nh\u1ea5t gi\u00fap ti\u1ebft ki\u1ec7m kh\u00f4ng gian, b\u1ea3o v\u1ec7 m\u00f4i tr\u01b0\u1eddng, thay l\u00f5i nhanh ch\u00f3ng, \u0111\u1ea3m b\u1ea3o v\u1ec7 sinh.<\/span><\/p>\n<p><span id=\"input_part_0\" class=\"\" data-mention=\"*N\u01b0\u1edbc sau l\u1ecdc u\u1ed1ng tr\u1ef1c ti\u1ebfp theo ti\u00eau chu\u1ea9n B\u1ed9 Y T\u1ebf ban h\u00e0nh\">N\u01b0\u1edbc sau l\u1ecdc u\u1ed1ng tr\u1ef1c ti\u1ebfp theo ti\u00eau chu\u1ea9n B\u1ed9 Y T\u1ebf ban h\u00e0nh<\/span><\/p>\n<p><span id=\"input_part_0\" class=\"\" data-mention=\"D\u1ea5u hi\u1ec7u b\u00e1o l\u1ecdc h\u1ebft c\u00f4ng su\u1ea5t th\u00f4ng minh c\u1ee7a m\u00e1y l\u1ecdc n\u01b0\u1edbc 3M \">D\u1ea5u hi\u1ec7u b\u00e1o l\u1ecdc h\u1ebft c\u00f4ng su\u1ea5t th\u00f4ng minh c\u1ee7a m\u00e1y l\u1ecdc n\u01b0\u1edbc 3M <\/span><\/p>\n<p><span id=\"input_part_0\" class=\"\" data-mention=\"N\u01b0\u1edbc s\u1ebd ch\u1ea3y ra ch\u1eadm d\u1ea7n, cho \u0111\u1ebfn khi ng\u01b0ng h\u1eb3n, gi\u00fap \u0111\u1ea3m b\u1ea3o:\">N\u01b0\u1edbc s\u1ebd ch\u1ea3y ra ch\u1eadm d\u1ea7n, cho \u0111\u1ebfn khi ng\u01b0ng h\u1eb3n, gi\u00fap \u0111\u1ea3m b\u1ea3o:<\/span><\/p>\n<p><span id=\"input_part_0\" class=\"\" data-mention=\"- C\u00f3 n\u01b0\u1edbc ch\u1ea3y ra l\u00e0 n\u01b0\u1edbc s\u1ea1ch.\">\u00a0C\u00f3 n\u01b0\u1edbc ch\u1ea3y ra l\u00e0 n\u01b0\u1edbc s\u1ea1ch.<\/span><\/p>\n<p><span id=\"input_part_0\" class=\"\" data-mention=\"- Tho\u1ea3i m\u00e1i s\u1eed d\u1ee5ng.\">\u00a0Tho\u1ea3i m\u00e1i s\u1eed d\u1ee5ng.<\/span><\/p>\n","protected":false},"featured_media":3471,"comment_status":"open","ping_status":"closed","template":"","meta":[],"product_brand":[],"product_cat":[400,401],"product_tag":[402,403],"class_list":{"0":"post-3316","1":"product","2":"type-product","3":"status-publish","4":"has-post-thumbnail","6":"product_cat-may-loc-nuoc-3m","7":"product_cat-thuong-hieu-may-loc-nuoc-3m","8":"product_tag-3m","9":"product_tag-may-loc-nuoc-3m","11":"first","12":"instock","13":"shipping-taxable","14":"purchasable","15":"product-type-simple"},"_links":{"self":[{"href":"https:\/\/livinghome.vn\/thiet-bi\/wp-json\/wp\/v2\/product\/3316","targetHints":{"allow":["GET"]}}],"collection":[{"href":"https:\/\/livinghome.vn\/thiet-bi\/wp-json\/wp\/v2\/product"}],"about":[{"href":"https:\/\/livinghome.vn\/thiet-bi\/wp-json\/wp\/v2\/types\/product"}],"replies":[{"embeddable":true,"href":"https:\/\/livinghome.vn\/thiet-bi\/wp-json\/wp\/v2\/comments?post=3316"}],"wp:featuredmedia":[{"embeddable":true,"href":"https:\/\/livinghome.vn\/thiet-bi\/wp-json\/wp\/v2\/media\/3471"}],"wp:attachment":[{"href":"https:\/\/livinghome.vn\/thiet-bi\/wp-json\/wp\/v2\/media?parent=3316"}],"wp:term":[{"taxonomy":"product_brand","embeddable":true,"href":"https:\/\/livinghome.vn\/thiet-bi\/wp-json\/wp\/v2\/product_brand?post=3316"},{"taxonomy":"product_cat","embeddable":true,"href":"https:\/\/livinghome.vn\/thiet-bi\/wp-json\/wp\/v2\/product_cat?post=3316"},{"taxonomy":"product_tag","embeddable":true,"href":"https:\/\/livinghome.vn\/thiet-bi\/wp-json\/wp\/v2\/product_tag?post=3316"}],"curies":[{"name":"wp","href":"https:\/\/api.w.org\/{rel}","templated":true}]}}