{"id":3315,"date":"2023-01-12T18:01:01","date_gmt":"2023-01-12T18:01:01","guid":{"rendered":"https:\/\/livinghome.vn\/thiet-bi\/?post_type=product&#038;p=3315"},"modified":"2024-11-29T14:20:19","modified_gmt":"2024-11-29T07:20:19","slug":"bo-3-loi-loc-cho-thiet-bi-loc-sen-tam-3m-hsf-ir-nhap-khau-my","status":"publish","type":"product","link":"https:\/\/livinghome.vn\/thiet-bi\/bo-3-loi-loc-cho-thiet-bi-loc-sen-tam-3m-hsf-ir-nhap-khau-my\/","title":{"rendered":"B\u1ed9 3 l\u00f5i l\u1ecdc cho thi\u1ebft b\u1ecb l\u1ecdc sen t\u1eafm 3M HSF-IR nh\u1eadp kh\u1ea9u M\u1ef9"},"content":{"rendered":"<h2>B\u1ed9 3 l\u00f5i l\u1ecdc cho thi\u1ebft b\u1ecb l\u1ecdc sen t\u1eafm 3M HSF-IR c\u00f3 g\u00ec n\u1ed5i b\u1eadt<\/h2>\n<ul>\n<li id=\"input_line_0\"><span id=\"input_part_0\" class=\"\" data-mention=\"C\u00f4ng su\u1ea5t l\u1ecdc cho 1 l\u00f5i 18.000 L\u00edt ( B\u1ed9 3 l\u00f5i t\u1ed5ng c\u00f4ng su\u1ea5t l\u1ecdc l\u00e0 54.000 L\u00edt )\">C\u00f4ng su\u1ea5t l\u1ecdc cho 1 l\u00f5i 18.000 L\u00edt ( B\u1ed9 3 l\u00f5i t\u1ed5ng c\u00f4ng su\u1ea5t l\u1ecdc l\u00e0 54.000 L\u00edt )<\/span><\/li>\n<li id=\"input_line_1\"><span id=\"input_part_0\" class=\"\" data-mention=\"C\u00f4ng ngh\u1ec7 l\u1ecdc 3M IMPACT\">C\u00f4ng ngh\u1ec7 l\u1ecdc 3M IMPACT<\/span><\/li>\n<li id=\"input_line_2\"><span id=\"input_part_0\" class=\"\" data-mention=\"V\u1eadt li\u1ec7u (b\u1ed9 l\u1ecdc) M\u00e0ng l\u1ecdc x\u1ebfp ly 0.5 micron m\u1eadt \u0111\u1ed9 d\u00e0y cho ph\u00e9p l\u1ecdc c\u00e1c t\u1ea1p ch\u1ea5t k\u00edch th\u01b0\u1edbc nh\u1ecf\">V\u1eadt li\u1ec7u (b\u1ed9 l\u1ecdc) M\u00e0ng l\u1ecdc x\u1ebfp ly 0.5 micron m\u1eadt \u0111\u1ed9 d\u00e0y cho ph\u00e9p l\u1ecdc c\u00e1c t\u1ea1p ch\u1ea5t k\u00edch th\u01b0\u1edbc nh\u1ecf<\/span><\/li>\n<li id=\"input_line_3\"><span id=\"input_part_0\" class=\"\" data-mention=\"L\u00f5i than ho\u1ea1t t\u00ednh nguy\u00ean kh\u1ed1i trong c\u00f9ng gi\u00fap h\u1ea5p th\u1ee5 Clo v\u00e0 kim lo\u1ea1i n\u1eb7ng nh\u01b0 Nh\u00f4m, S\u1eaft...\">L\u00f5i than ho\u1ea1t t\u00ednh nguy\u00ean kh\u1ed1i trong c\u00f9ng gi\u00fap h\u1ea5p th\u1ee5 Clo v\u00e0 kim lo\u1ea1i n\u1eb7ng nh\u01b0 Nh\u00f4m, S\u1eaft&#8230;<\/span><\/li>\n<li id=\"input_line_4\"><span id=\"input_part_0\" class=\"\" data-mention=\"C\u00e1c th\u00e0nh ph\u1ea7n lo\u1ea1i b\u1ecf Lo\u1ea1i b\u1ecf Clorine, t\u1ea1p ch\u1ea5t kh\u00e1c v\u00e0 kim lo\u1ea1i n\u0103ng\">C\u00e1c th\u00e0nh ph\u1ea7n lo\u1ea1i b\u1ecf Lo\u1ea1i b\u1ecf Clorine, t\u1ea1p ch\u1ea5t kh\u00e1c v\u00e0 kim lo\u1ea1i n\u0103ng<\/span><\/li>\n<li id=\"input_line_5\"><span id=\"input_part_0\" class=\"\" data-mention=\"Ch\u0103m s\u00f3c da nh\u1ea1y c\u1ea3m\">Ch\u0103m s\u00f3c da nh\u1ea1y c\u1ea3m<\/span><\/li>\n<li id=\"input_line_6\"><span id=\"input_part_0\" class=\"\" data-mention=\"Ch\u0103m s\u00f3c t\u00f3c v\u00e0 v\u1ec7 sinh r\u0103ng mi\u1ec7ng cho c\u1ea3 gia \u0111\u00ecnh\">Ch\u0103m s\u00f3c t\u00f3c v\u00e0 v\u1ec7 sinh r\u0103ng mi\u1ec7ng cho c\u1ea3 gia \u0111\u00ecnh<\/span><\/li>\n<li><span id=\"input_part_0\" class=\"\" data-mention=\"Xu\u1ea5t x\u1ee9 S\u1ea3n xu\u1ea5t t\u1ea1i 3M H\u00e0n Qu\u1ed1c\">Xu\u1ea5t x\u1ee9 S\u1ea3n xu\u1ea5t t\u1ea1i 3M H\u00e0n Qu\u1ed1c<\/span><\/li>\n<\/ul>\n<h3><span id=\"input_part_0\" class=\"\" data-mention=\"\u0110i\u1ec1u ki\u1ec7n s\u1eed d\u1ee5ng v\u00e0 l\u1eafp \u0111\u1eb7t L\u1eafp \u0111\u1eb7t thi\u1ebft b\u1ecb l\u1ecdc HSF-IS c\u00e1ch t\u01b0\u1eddng 6cm d\u01b0\u1edbi sen t\u1eafm\">H\u01b0\u1edbng d\u1eabn s\u1eed d\u1ee5ng v\u00e0 l\u1eafp \u0111\u1eb7t L\u1eafp \u0111\u1eb7t thi\u1ebft b\u1ecb l\u1ecdc HSF-IS <\/span><\/h3>\n<ul>\n<li><span id=\"input_part_0\" class=\"\" data-mention=\"\u0110i\u1ec1u ki\u1ec7n s\u1eed d\u1ee5ng v\u00e0 l\u1eafp \u0111\u1eb7t L\u1eafp \u0111\u1eb7t thi\u1ebft b\u1ecb l\u1ecdc HSF-IS c\u00e1ch t\u01b0\u1eddng 6cm d\u01b0\u1edbi sen t\u1eafm\">C\u00e1ch t\u01b0\u1eddng 6cm d\u01b0\u1edbi sen t\u1eafm<\/span><\/li>\n<li id=\"input_line_8\"><span id=\"input_part_0\" class=\"\" data-mention=\"Ch\u1ecbu \u0111\u01b0\u1ee3c nhi\u1ec7t \u0111\u1ed9 \u0111\u1ebfn 65 \u0111\u1ed9 C\">Ch\u1ecbu \u0111\u01b0\u1ee3c nhi\u1ec7t \u0111\u1ed9 \u0111\u1ebfn 65 \u0111\u1ed9 C<\/span><\/li>\n<li id=\"input_line_9\"><span id=\"input_part_0\" class=\"\" data-mention=\"C\u00f3 th\u1ec3 lo\u1ea1i b\u1ecf 35 ch\u1ea5t bao g\u1ed3m kim lo\u1ea1i n\u1eb7ng theo ch\u1ee9ng nh\u1eadn c\u1ee7a Vi\u1ec7n N\u01b0\u1edbc u\u1ed1ng v\u00e0 M\u00f4i Tr\u01b0\u1eddng t\u1ea1i H\u00e0n Qu\u1ed1c\">C\u00f3 th\u1ec3 lo\u1ea1i b\u1ecf 35 ch\u1ea5t bao g\u1ed3m kim lo\u1ea1i n\u1eb7ng theo ch\u1ee9ng nh\u1eadn c\u1ee7a Vi\u1ec7n N\u01b0\u1edbc u\u1ed1ng v\u00e0 M\u00f4i Tr\u01b0\u1eddng t\u1ea1i H\u00e0n Qu\u1ed1c<\/span><\/li>\n<li id=\"input_line_10\"><span id=\"input_part_0\" class=\"\" data-mention=\"Ti\u00eau chu\u1ea9n n\u01b0\u1edbc \u0111\u1ea7u v\u00e0o l\u00e0 n\u01b0\u1edbc m\u00e1y ho\u1eb7c n\u01b0\u1edbc \u0111\u1ea1t ti\u00eau chu\u1ea9n QCVN 1: 2009\/BYT\">Ti\u00eau chu\u1ea9n n\u01b0\u1edbc \u0111\u1ea7u v\u00e0o l\u00e0 n\u01b0\u1edbc m\u00e1y ho\u1eb7c n\u01b0\u1edbc \u0111\u1ea1t ti\u00eau chu\u1ea9n QCVN 1: 2009\/BYT<\/span><\/li>\n<\/ul>\n<h3><span id=\"huong-dan-bao-quan-loi-loc-nuoc-3m\">H\u01b0\u1edbng d\u1eabn b\u1ea3o qu\u1ea3n l\u00f5i l\u1ecdc n\u01b0\u1edbc 3M<\/span><\/h3>\n<ul>\n<li>N\u1ebfu b\u1ed9 l\u1ecdc n\u01b0\u1edbc kh\u00f4ng \u0111\u01b0\u1ee3c s\u1eed d\u1ee5ng trong m\u1ed9t th\u1eddi gian ng\u1eafn, b\u1ea1n n\u00ean th\u00e1o b\u1ed9 l\u1ecdc ra v\u00e0 b\u1ea3o qu\u1ea3n trong t\u1ee7 m\u00e1t<\/li>\n<\/ul>\n<h2><span id=\"cong-nghe-loc-nuoc-truc-tiep-la-gi\">C\u00f4ng ngh\u1ec7 l\u1ecdc n\u01b0\u1edbc tr\u1ef1c ti\u1ebfp l\u00e0 g\u00ec?<\/span><\/h2>\n<ul>\n<li>N\u00f3i \u0111\u01a1n gi\u1ea3n c\u00f4ng ngh\u1ec7 l\u1ecdc n\u01b0\u1edbc tr\u1ef1c ti\u1ebfp l\u00e0 c\u00f4ng ngh\u1ec7 ch\u1ec9 s\u1eed d\u1ee5ng \u00e1p l\u1ef1c n\u01b0\u1edbc t\u1ef1 nhi\u00ean \u0111\u1ec3 l\u1ecdc c\u00e1c t\u1ea1p ch\u1ea5t vi khu\u1ea9n v\u00e0 gi\u1eef l\u1ea1i to\u00e0n b\u1ed9 kho\u00e1ng ch\u1ea5t c\u00f3 l\u1ee3i cho s\u1ee9c kh\u1ecfe m\u00e0 kh\u00f4ng c\u1ea7n d\u00f9ng \u0111\u1ebfn qu\u00e1 nhi\u1ec1u c\u1ea5p l\u1ecdc n\u01b0\u1edbc kh\u00e1c nhau,kh\u00f4ng ph\u1ea3i d\u00f9ng \u0111i\u1ec7n v\u00e0 ho\u00e0n kh\u00f4ng kh\u00f4ng c\u00f3 n\u01b0\u1edbc th\u1ea3i ra.<\/li>\n<li>Hi\u1ec7n c\u00f4ng ngh\u1ec7 l\u1ecdc n\u01b0\u1edbc tr\u1ef1c ti\u1ebfp d\u1ea1ng nh\u01b0 c\u1ee7a l\u1ecdc n\u01b0\u1edbc 3M hi\u1ec7n \u0111\u01b0\u1ee3c s\u1eed d\u1ee5ng r\u1ed9ng r\u00e3i \u1edf c\u00e1c n\u01b0\u1edbc Ch\u00e2u \u00c2u v\u00e0 B\u1eafc M\u1ef9.<\/li>\n<\/ul>\n<h2>H\u00ecnh \u1ea3nh th\u1ef1c t\u1ebf c\u1ee7a s\u1ea3n ph\u1ea9m l\u1ecdc n\u01b0\u1edbc 3M t\u1ea1i showroom<\/h2>\n","protected":false},"excerpt":{"rendered":"<p><span id=\"input_part_0\" class=\"\" data-mention=\"C\u00f4ng su\u1ea5t l\u1ecdc cho 1 l\u00f5i 18.000 L\u00edt ( B\u1ed9 3 l\u00f5i t\u1ed5ng c\u00f4ng su\u1ea5t l\u1ecdc l\u00e0 54.000 L\u00edt )\">C\u00f4ng su\u1ea5t l\u1ecdc cho 1 l\u00f5i 18.000 L\u00edt ( B\u1ed9 3 l\u00f5i t\u1ed5ng c\u00f4ng su\u1ea5t l\u1ecdc l\u00e0 54.000 L\u00edt )<\/span><\/p>\n<p><span id=\"input_part_0\" class=\"\" data-mention=\"C\u00f4ng ngh\u1ec7 l\u1ecdc 3M IMPACT\">C\u00f4ng ngh\u1ec7 l\u1ecdc 3M IMPACT<\/span><\/p>\n<p><span id=\"input_part_0\" class=\"\" data-mention=\"V\u1eadt li\u1ec7u (b\u1ed9 l\u1ecdc) M\u00e0ng l\u1ecdc x\u1ebfp ly 0.5 micron m\u1eadt \u0111\u1ed9 d\u00e0y cho ph\u00e9p l\u1ecdc c\u00e1c t\u1ea1p ch\u1ea5t k\u00edch th\u01b0\u1edbc nh\u1ecf\">V\u1eadt li\u1ec7u (b\u1ed9 l\u1ecdc) M\u00e0ng l\u1ecdc x\u1ebfp ly 0.5 micron m\u1eadt \u0111\u1ed9 d\u00e0y cho ph\u00e9p l\u1ecdc c\u00e1c t\u1ea1p ch\u1ea5t k\u00edch th\u01b0\u1edbc nh\u1ecf<\/span><\/p>\n<p><span id=\"input_part_0\" class=\"\" data-mention=\"L\u00f5i than ho\u1ea1t t\u00ednh nguy\u00ean kh\u1ed1i trong c\u00f9ng gi\u00fap h\u1ea5p th\u1ee5 Clo v\u00e0 kim lo\u1ea1i n\u1eb7ng nh\u01b0 Nh\u00f4m, S\u1eaft...\">L\u00f5i than ho\u1ea1t t\u00ednh nguy\u00ean kh\u1ed1i trong c\u00f9ng gi\u00fap h\u1ea5p th\u1ee5 Clo v\u00e0 kim lo\u1ea1i n\u1eb7ng nh\u01b0 Nh\u00f4m, S\u1eaft&#8230;<\/span><\/p>\n<p><span id=\"input_part_0\" class=\"\" data-mention=\"C\u00e1c th\u00e0nh ph\u1ea7n lo\u1ea1i b\u1ecf Lo\u1ea1i b\u1ecf Clorine, t\u1ea1p ch\u1ea5t kh\u00e1c v\u00e0 kim lo\u1ea1i n\u0103ng\">C\u00e1c th\u00e0nh ph\u1ea7n lo\u1ea1i b\u1ecf Lo\u1ea1i b\u1ecf Clorine, t\u1ea1p ch\u1ea5t kh\u00e1c v\u00e0 kim lo\u1ea1i n\u0103ng<\/span><\/p>\n<p><span id=\"input_part_0\" class=\"\" data-mention=\"Ch\u0103m s\u00f3c da nh\u1ea1y c\u1ea3m\">Ch\u0103m s\u00f3c da nh\u1ea1y c\u1ea3m<\/span><\/p>\n<p><span id=\"input_part_0\" class=\"\" data-mention=\"Ch\u0103m s\u00f3c t\u00f3c v\u00e0 v\u1ec7 sinh r\u0103ng mi\u1ec7ng cho c\u1ea3 gia \u0111\u00ecnh\">Ch\u0103m s\u00f3c t\u00f3c v\u00e0 v\u1ec7 sinh r\u0103ng mi\u1ec7ng cho c\u1ea3 gia \u0111\u00ecnh<\/span><\/p>\n<p><span id=\"input_part_0\" class=\"\" data-mention=\"Xu\u1ea5t x\u1ee9 S\u1ea3n xu\u1ea5t t\u1ea1i 3M H\u00e0n Qu\u1ed1c\">Xu\u1ea5t x\u1ee9 S\u1ea3n xu\u1ea5t t\u1ea1i 3M H\u00e0n Qu\u1ed1c<\/span><\/p>\n","protected":false},"featured_media":3466,"comment_status":"open","ping_status":"closed","template":"","meta":[],"product_brand":[],"product_cat":[400,401],"product_tag":[402,403],"class_list":{"0":"post-3315","1":"product","2":"type-product","3":"status-publish","4":"has-post-thumbnail","6":"product_cat-may-loc-nuoc-3m","7":"product_cat-thuong-hieu-may-loc-nuoc-3m","8":"product_tag-3m","9":"product_tag-may-loc-nuoc-3m","11":"first","12":"instock","13":"shipping-taxable","14":"purchasable","15":"product-type-simple"},"_links":{"self":[{"href":"https:\/\/livinghome.vn\/thiet-bi\/wp-json\/wp\/v2\/product\/3315","targetHints":{"allow":["GET"]}}],"collection":[{"href":"https:\/\/livinghome.vn\/thiet-bi\/wp-json\/wp\/v2\/product"}],"about":[{"href":"https:\/\/livinghome.vn\/thiet-bi\/wp-json\/wp\/v2\/types\/product"}],"replies":[{"embeddable":true,"href":"https:\/\/livinghome.vn\/thiet-bi\/wp-json\/wp\/v2\/comments?post=3315"}],"wp:featuredmedia":[{"embeddable":true,"href":"https:\/\/livinghome.vn\/thiet-bi\/wp-json\/wp\/v2\/media\/3466"}],"wp:attachment":[{"href":"https:\/\/livinghome.vn\/thiet-bi\/wp-json\/wp\/v2\/media?parent=3315"}],"wp:term":[{"taxonomy":"product_brand","embeddable":true,"href":"https:\/\/livinghome.vn\/thiet-bi\/wp-json\/wp\/v2\/product_brand?post=3315"},{"taxonomy":"product_cat","embeddable":true,"href":"https:\/\/livinghome.vn\/thiet-bi\/wp-json\/wp\/v2\/product_cat?post=3315"},{"taxonomy":"product_tag","embeddable":true,"href":"https:\/\/livinghome.vn\/thiet-bi\/wp-json\/wp\/v2\/product_tag?post=3315"}],"curies":[{"name":"wp","href":"https:\/\/api.w.org\/{rel}","templated":true}]}}