{"id":3314,"date":"2023-01-12T18:01:01","date_gmt":"2023-01-12T18:01:01","guid":{"rendered":"https:\/\/livinghome.vn\/thiet-bi\/?post_type=product&#038;p=3314"},"modified":"2024-11-29T14:20:19","modified_gmt":"2024-11-29T07:20:19","slug":"bo-loc-3m-hf-40s-dung-cho-may-loc-nuoc-3m-ice140-s-nhap-khau-my","status":"publish","type":"product","link":"https:\/\/livinghome.vn\/thiet-bi\/bo-loc-3m-hf-40s-dung-cho-may-loc-nuoc-3m-ice140-s-nhap-khau-my\/","title":{"rendered":"B\u1ed9 l\u1ecdc 3M HF-40S d\u00f9ng cho m\u00e1y l\u1ecdc n\u01b0\u1edbc 3M ICE140-S nh\u1eadp kh\u1ea9u M\u1ef9"},"content":{"rendered":"<div>\n<h2><span style=\"font-size: 20.16px; color: #333333;\">B\u1ed9 l\u1ecdc 3M HF-40S d\u00f9ng cho m\u00e1y l\u1ecdc n\u01b0\u1edbc 3M ICE140-S c\u00f3 g\u00ec n\u1ed5i b\u1eadt<\/span><\/h2>\n<\/div>\n<ul>\n<li id=\"input_line_0\"><span id=\"input_part_0\" class=\"\" data-mention=\"C\u00f4ng su\u1ea5t l\u1ecdc 94.634 L\u00edt (t\u00ednh tr\u00ean ngu\u1ed3n n\u01b0\u1edbc \u0111\u1ea7u v\u00e0o l\u00e0 n\u01b0\u1edbc m\u00e1y, th\u1ef1c t\u1ebf c\u00f3 th\u1ec3 t\u0103ng gi\u1ea3m tu\u1ef3 ch\u1ea5t l\u01b0\u1ee3ng n\u01b0\u1edbc \u0111\u1ea7u v\u00e0o)\">C\u00f4ng su\u1ea5t l\u1ecdc 94.634 L\u00edt (t\u00ednh tr\u00ean ngu\u1ed3n n\u01b0\u1edbc \u0111\u1ea7u v\u00e0o l\u00e0 n\u01b0\u1edbc m\u00e1y, th\u1ef1c t\u1ebf c\u00f3 th\u1ec3 t\u0103ng gi\u1ea3m tu\u1ef3 ch\u1ea5t l\u01b0\u1ee3ng n\u01b0\u1edbc \u0111\u1ea7u v\u00e0o)<\/span><\/li>\n<li id=\"input_line_1\"><span id=\"input_part_0\" class=\"\" data-mention=\"L\u01b0u l\u01b0\u1ee3ng n\u01b0\u1edbc qua b\u1ed9 l\u1ecdc 7.9 L\/ph\u00fat\">L\u01b0u l\u01b0\u1ee3ng n\u01b0\u1edbc qua b\u1ed9 l\u1ecdc 7.9 L\/ph\u00fat<\/span><\/li>\n<\/ul>\n<figure id=\"attachment_64238\" aria-describedby=\"caption-attachment-64238\" style=\"width: 800px\" class=\"wp-caption alignnone\"><img loading=\"lazy\" decoding=\"async\" class=\"wp-image-64238 size-large\" src=\"https:\/\/livinghome.vn\/thiet-bi\/wp-content\/uploads\/loc-nuoc\/3m\/bo-loc-3m\/bo-loc-3m-hf-40s\/bo-loc-3m-hf-40s-7-800x800.jpg\" alt=\"B\u1ed9 l\u1ecdc 3M HF-40S d\u00f9ng cho m\u00e1y l\u1ecdc n\u01b0\u1edbc 3M ICE140-S\" width=\"800\" height=\"800\" title=\"\"><figcaption id=\"caption-attachment-64238\" class=\"wp-caption-text\">B\u1ed9 l\u1ecdc 3M HF-40S d\u00f9ng cho m\u00e1y l\u1ecdc n\u01b0\u1edbc 3M ICE140-S m\u1ed7i m\u00e1y 3M cho c\u00f4ng su\u1ea5t l\u1ecdc g\u1ea5p 4 l\u1ea7n m\u00e1y l\u1ecdc kh\u00e1c tr\u00ean th\u1ecb tr\u01b0\u1eddng<\/figcaption><\/figure>\n<h3><span id=\"cong-nghe-vat-lieu-ben-bi-an-toan-tuyet-doi\">C\u00f4ng ngh\u1ec7 &amp; V\u1eadt li\u1ec7u b\u1ec3n b\u1ec9 an to\u00e0n tuy\u1ec7t \u0111\u1ed1i<\/span><\/h3>\n<ul>\n<li id=\"input_line_2\"><span id=\"input_part_0\" class=\"\" data-mention=\"C\u00f4ng ngh\u1ec7 l\u1ecdc 3M IMPACT (t\u00edch h\u1ee3p m\u00e0ng l\u1ecdc d\u01b0\u1ee3c ph\u1ea9m k\u00e9p v\u00e0 kh\u1ed1i than ho\u1ea1t t\u00ednh cao c\u1ea5p)\">C\u00f4ng ngh\u1ec7 l\u1ecdc 3M IMPACT (t\u00edch h\u1ee3p m\u00e0ng l\u1ecdc d\u01b0\u1ee3c ph\u1ea9m k\u00e9p v\u00e0 kh\u1ed1i than ho\u1ea1t t\u00ednh cao c\u1ea5p)<\/span><\/li>\n<li id=\"input_line_3\"><span id=\"input_part_0\" class=\"\" data-mention=\"V\u1eadt li\u1ec7u (b\u1ed9 l\u1ecdc) M\u00e0ng l\u1ecdc Polypropylene\">V\u1eadt li\u1ec7u (b\u1ed9 l\u1ecdc) M\u00e0ng l\u1ecdc Polypropylene<\/span><\/li>\n<li id=\"input_line_4\"><span id=\"input_part_0\" class=\"\" data-mention=\"M\u00e0ng l\u1ecdc D\u01b0\u1ee3c Ph\u1ea9m K\u00e9p\">M\u00e0ng l\u1ecdc D\u01b0\u1ee3c Ph\u1ea9m K\u00e9p<\/span><\/li>\n<li id=\"input_line_5\"><span id=\"input_part_0\" class=\"\" data-mention=\"Kh\u1ed1i Zeta Carbon ho\u1ea1t t\u00ednh cao c\u1ea5p \u0111\u01b0\u1ee3c ng\u00e2m t\u1ea9m b\u1ea1c c\u00f4ng su\u1ea5t cao\">Kh\u1ed1i Zeta Carbon ho\u1ea1t t\u00ednh cao c\u1ea5p \u0111\u01b0\u1ee3c ng\u00e2m t\u1ea9m b\u1ea1c c\u00f4ng su\u1ea5t cao<\/span><\/li>\n<\/ul>\n<figure id=\"attachment_64235\" aria-describedby=\"caption-attachment-64235\" style=\"width: 800px\" class=\"wp-caption alignnone\"><img loading=\"lazy\" decoding=\"async\" class=\"wp-image-64235 size-large\" src=\"https:\/\/livinghome.vn\/thiet-bi\/wp-content\/uploads\/loc-nuoc\/3m\/bo-loc-3m\/bo-loc-3m-hf-40s\/bo-loc-3m-hf-40s-5-800x800.jpg\" alt=\"B\u1ed9 l\u1ecdc 3M HF-40S d\u00f9ng cho m\u00e1y l\u1ecdc n\u01b0\u1edbc 3M ICE140-S\" width=\"800\" height=\"800\" title=\"\"><figcaption id=\"caption-attachment-64235\" class=\"wp-caption-text\">B\u1ed9 l\u1ecdc 3M HF-40S d\u00f9ng cho m\u00e1y l\u1ecdc n\u01b0\u1edbc 3M ICE140-S \u0111\u01b0\u1ee3c nhi\u1ec1u th\u01b0\u01a1ng hi\u1ec7u y\u00eau th\u00edch v\u00e0 tin d\u00f9ng<\/figcaption><\/figure>\n<h3><span id=\"chat-luong-nuoc-thanh-pham-sau-khi-duoc-loc\">Ch\u1ea5t l\u01b0\u1ee3ng n\u01b0\u1edbc th\u00e0nh ph\u1ea9m sau khi \u0111\u01b0\u1ee3c l\u1ecdc<\/span><\/h3>\n<ul>\n<li id=\"input_line_6\"><span id=\"input_part_0\" class=\"\" data-mention=\"C\u00e1c th\u00e0nh ph\u1ea7n lo\u1ea1i b\u1ecf Clo d\u01b0, m\u00f9i clo, m\u00f9i h\u00f4i n\u1ea5m m\u1ed1c\">C\u00e1c th\u00e0nh ph\u1ea7n lo\u1ea1i b\u1ecf:<\/span>\n<ul>\n<li><span id=\"input_part_0\" class=\"\" data-mention=\"C\u00e1c th\u00e0nh ph\u1ea7n lo\u1ea1i b\u1ecf Clo d\u01b0, m\u00f9i clo, m\u00f9i h\u00f4i n\u1ea5m m\u1ed1c\"> Clo d\u01b0, m\u00f9i clo, m\u00f9i h\u00f4i n\u1ea5m m\u1ed1c<\/span><\/li>\n<li id=\"input_line_7\"><span id=\"input_part_0\" class=\"\" data-mention=\"C\u1eb7n b\u1ea9n t\u1ea1p ch\u1ea5t c\u00f3 k\u00edch th\u01b0\u1edbc l\u1edbn h\u01a1n 0.2 micron\">C\u1eb7n b\u1ea9n t\u1ea1p ch\u1ea5t c\u00f3 k\u00edch th\u01b0\u1edbc l\u1edbn h\u01a1n 0.2 micron<\/span><\/li>\n<li id=\"input_line_8\"><span id=\"input_part_0\" class=\"\" data-mention=\"M\u1ea7m u nang, k\u00fd sinh tr\u00f9ng, vi khu\u1ea9n\">M\u1ea7m u nang, k\u00fd sinh tr\u00f9ng, vi khu\u1ea9n<\/span><\/li>\n<li id=\"input_line_9\"><span id=\"input_part_0\" class=\"\" data-mention=\"* C\u00f3 t\u00ednh n\u0103ng ch\u1ed1ng b\u00e1m c\u1eb7n\">C\u00f3 t\u00ednh n\u0103ng ch\u1ed1ng b\u00e1m c\u1eb7n<\/span><\/li>\n<\/ul>\n<\/li>\n<\/ul>\n<h3><span id=\"cac-chung-nhan-quoc-te-va-viet-nam-da-duoc-kiem-dinh\">C\u00e1c ch\u1ee9ng nh\u1eadn Qu\u1ed1c t\u1ebf v\u00e0 Vi\u1ec7t Nam \u0111\u00e3 \u0111\u01b0\u1ee3c ki\u1ec3m \u0111\u1ecbnh<\/span><\/h3>\n<ul>\n<li><span id=\"input_part_0\" class=\"\" data-mention=\"S\u1ea3n ph\u1ea9m \u0111\u1ea1t ti\u00eau chu\u1ea9n ki\u1ec3m \u0111\u1ecbnh qu\u1ed1c t\u1ebf v\u00e0 Vi\u1ec7t Nam \u0110\u1ea1t ch\u1ee9ng nh\u1eadn NSF42, NSF53 c\u1ee7a Trung t\u00e2m h\u1ee3p t\u00e1c An to\u00e0n th\u1ef1c ph\u1ea9m v\u00e0 n\u01b0\u1edbc u\u1ed1ng thu\u1ed9c T\u1ed5 ch\u1ee9c y t\u1ebf th\u1ebf gi\u1edbi (WHO)\">S\u1ea3n ph\u1ea9m \u0111\u1ea1t ti\u00eau chu\u1ea9n ki\u1ec3m \u0111\u1ecbnh qu\u1ed1c t\u1ebf v\u00e0 Vi\u1ec7t Nam: <\/span><\/li>\n<li><span id=\"input_part_0\" class=\"\" data-mention=\"S\u1ea3n ph\u1ea9m \u0111\u1ea1t ti\u00eau chu\u1ea9n ki\u1ec3m \u0111\u1ecbnh qu\u1ed1c t\u1ebf v\u00e0 Vi\u1ec7t Nam \u0110\u1ea1t ch\u1ee9ng nh\u1eadn NSF42, NSF53 c\u1ee7a Trung t\u00e2m h\u1ee3p t\u00e1c An to\u00e0n th\u1ef1c ph\u1ea9m v\u00e0 n\u01b0\u1edbc u\u1ed1ng thu\u1ed9c T\u1ed5 ch\u1ee9c y t\u1ebf th\u1ebf gi\u1edbi (WHO)\">\u0110\u1ea1t ch\u1ee9ng nh\u1eadn NSF42, NSF53 c\u1ee7a Trung t\u00e2m h\u1ee3p t\u00e1c An to\u00e0n th\u1ef1c ph\u1ea9m v\u00e0 n\u01b0\u1edbc u\u1ed1ng thu\u1ed9c T\u1ed5 ch\u1ee9c y t\u1ebf th\u1ebf gi\u1edbi (WHO)<\/span><\/li>\n<li><span id=\"input_part_0\" class=\"\" data-mention=\"\u0110\u1ea1t ti\u00eau chu\u1ea9n do Hi\u1ec7p h\u1ed9i ch\u1ea5t l\u01b0\u1ee3ng n\u01b0\u1edbc qu\u1ed1c t\u1ebf WQA ch\u1ee9ng nh\u1eadn\">\u0110\u1ea1t ti\u00eau chu\u1ea9n do Hi\u1ec7p h\u1ed9i ch\u1ea5t l\u01b0\u1ee3ng n\u01b0\u1edbc qu\u1ed1c t\u1ebf WQA ch\u1ee9ng nh\u1eadn<\/span><\/li>\n<\/ul>\n<figure id=\"attachment_64234\" aria-describedby=\"caption-attachment-64234\" style=\"width: 800px\" class=\"wp-caption alignnone\"><img loading=\"lazy\" decoding=\"async\" class=\"wp-image-64234 size-large\" src=\"https:\/\/livinghome.vn\/thiet-bi\/wp-content\/uploads\/loc-nuoc\/3m\/bo-loc-3m\/bo-loc-3m-hf-40s\/bo-loc-3m-hf-40s-6-800x800.jpg\" alt=\"B\u1ed9 l\u1ecdc 3M HF-40S d\u00f9ng cho m\u00e1y l\u1ecdc n\u01b0\u1edbc 3M ICE140-S\" width=\"800\" height=\"800\" title=\"\"><figcaption id=\"caption-attachment-64234\" class=\"wp-caption-text\">B\u1ed9 l\u1ecdc 3M HF-40S d\u00f9ng cho m\u00e1y l\u1ecdc n\u01b0\u1edbc 3M ICE140-S &#8211; C\u00f4ng ngh\u1ec7 l\u1ecdc Carbon th\u1ebf h\u1ec7 m\u1edbi<\/figcaption><\/figure>\n<h3 id=\"input_line_14\"><span id=\"input_part_0\" class=\"\" data-mention=\"\u0110i\u1ec1u ki\u1ec7n s\u1eed d\u1ee5ng v\u00e0 l\u1eafp \u0111\u1eb7t\">H\u01b0\u1edbng d\u1eabn s\u1eed d\u1ee5ng v\u00e0 l\u1eafp \u0111\u1eb7t B\u1ed9 l\u1ecdc 3M HF-40S d\u00f9ng cho m\u00e1y l\u1ecdc n\u01b0\u1edbc 3M ICE140-S<\/span><\/h3>\n<ul>\n<li id=\"input_line_16\"><span id=\"input_part_0\" class=\"\" data-mention=\"X\u1ea3 n\u01b0\u1edbc \u00edt nh\u1ea5t 10 ph\u00fat ho\u1eb7c \u0111\u1ebfn khi n\u01b0\u1edbc trong tr\u01b0\u1edbc l\u1ea7n s\u1eed d\u1ee5ng \u0111\u1ea7u ti\u00ean\">X\u1ea3 n\u01b0\u1edbc \u00edt nh\u1ea5t 10 ph\u00fat ho\u1eb7c \u0111\u1ebfn khi n\u01b0\u1edbc trong tr\u01b0\u1edbc l\u1ea7n s\u1eed d\u1ee5ng \u0111\u1ea7u ti\u00ean<\/span><\/li>\n<li id=\"input_line_17\"><span id=\"input_part_0\" class=\"\" data-mention=\"Kh\u00f4ng l\u1eafp h\u1ec7 th\u1ed1ng l\u1ecdc d\u01b0\u1edbi \u00e1nh s\u00e1ng m\u1eb7t tr\u1eddi tr\u1ef1c ti\u1ebfp\">Kh\u00f4ng l\u1eafp h\u1ec7 th\u1ed1ng l\u1ecdc d\u01b0\u1edbi \u00e1nh s\u00e1ng m\u1eb7t tr\u1eddi tr\u1ef1c ti\u1ebfp<\/span><\/li>\n<li id=\"input_line_18\"><span id=\"input_part_0\" class=\"\" data-mention=\"Ch\u1eeba kho\u1ea3ng tr\u1ed1ng t\u1ed1i thi\u1ec3u kho\u1ea3ng 59 mm t\u1eeb m\u1eb7t s\u00e0n t\u1edbi \u0111\u00e1y b\u1ed9 l\u1ecdc\">Ch\u1eeba kho\u1ea3ng tr\u1ed1ng t\u1ed1i thi\u1ec3u kho\u1ea3ng 59 mm t\u1eeb m\u1eb7t s\u00e0n t\u1edbi \u0111\u00e1y b\u1ed9 l\u1ecdc<\/span><\/li>\n<li id=\"input_line_19\"><span id=\"input_part_0\" class=\"\" data-mention=\"Nhi\u1ec7t \u0111\u1ed9 n\u01b0\u1edbc \u0111\u1ea7u v\u00e0o: 4.4 \u0111\u1ed9 C - cao nh\u1ea5t 37.8 \u0111\u1ed9 C\">Nhi\u1ec7t \u0111\u1ed9 n\u01b0\u1edbc \u0111\u1ea7u v\u00e0o: 4.4 \u0111\u1ed9 C &#8211; cao nh\u1ea5t 37.8 \u0111\u1ed9 C<\/span><\/li>\n<li id=\"input_line_20\"><span id=\"input_part_0\" class=\"\" data-mention=\"\u00c1p su\u1ea5t n\u01b0\u1edbc \u0111\u1ea7u v\u00e0o: 172 - 862 Kpa (t\u01b0\u01a1ng \u0111\u01b0\u01a1ng 17 - 86 m\u00e9t c\u1ed9t n\u01b0\u1edbc)\">\u00c1p su\u1ea5t n\u01b0\u1edbc \u0111\u1ea7u v\u00e0o: 172 &#8211; 862 Kpa (t\u01b0\u01a1ng \u0111\u01b0\u01a1ng 17 &#8211; 86 m\u00e9t c\u1ed9t n\u01b0\u1edbc)<\/span><\/li>\n<li><span id=\"input_part_0\" class=\"\" data-mention=\"Ti\u00eau chu\u1ea9n n\u01b0\u1edbc \u0111\u1ea7u v\u00e0o l\u00e0 n\u01b0\u1edbc m\u00e1y ho\u1eb7c n\u01b0\u1edbc \u0111\u1ea1t ti\u00eau chu\u1ea9n QCVN 1: 2009\/BYT\">Ti\u00eau chu\u1ea9n n\u01b0\u1edbc \u0111\u1ea7u v\u00e0o l\u00e0 n\u01b0\u1edbc m\u00e1y ho\u1eb7c n\u01b0\u1edbc \u0111\u1ea1t ti\u00eau chu\u1ea9n QCVN 1: 2009\/BYT<\/span><\/li>\n<li id=\"input_line_23\"><span id=\"input_part_0\" class=\"\" data-mention=\"D\u1ea5u hi\u1ec7u b\u00e1o l\u1ecdc h\u1ebft c\u00f4ng su\u1ea5t th\u00f4ng minh c\u1ee7a m\u00e1y l\u1ecdc n\u01b0\u1edbc 3M N\u01b0\u1edbc s\u1ebd ch\u1ea3y ra ch\u1eadm d\u1ea7n, cho \u0111\u1ebfn khi ng\u01b0ng h\u1eb3n, gi\u00fap \u0111\u1ea3m b\u1ea3o:\">D\u1ea5u hi\u1ec7u b\u00e1o l\u1ecdc h\u1ebft c\u00f4ng su\u1ea5t th\u00f4ng minh c\u1ee7a m\u00e1y l\u1ecdc n\u01b0\u1edbc 3M <\/span>\n<ul>\n<li><span id=\"input_part_0\" class=\"\" data-mention=\"D\u1ea5u hi\u1ec7u b\u00e1o l\u1ecdc h\u1ebft c\u00f4ng su\u1ea5t th\u00f4ng minh c\u1ee7a m\u00e1y l\u1ecdc n\u01b0\u1edbc 3M N\u01b0\u1edbc s\u1ebd ch\u1ea3y ra ch\u1eadm d\u1ea7n, cho \u0111\u1ebfn khi ng\u01b0ng h\u1eb3n, gi\u00fap \u0111\u1ea3m b\u1ea3o:\">N\u01b0\u1edbc s\u1ebd ch\u1ea3y ra ch\u1eadm d\u1ea7n, cho \u0111\u1ebfn khi ng\u01b0ng h\u1eb3n, gi\u00fap \u0111\u1ea3m b\u1ea3o: <\/span><span id=\"input_part_0\" class=\"\" data-mention=\"- C\u00f3 n\u01b0\u1edbc ch\u1ea3y ra l\u00e0 n\u01b0\u1edbc s\u1ea1ch.\">C\u00f3 n\u01b0\u1edbc ch\u1ea3y ra l\u00e0 n\u01b0\u1edbc s\u1ea1ch,<\/span><span id=\"input_part_0\" class=\"\" data-mention=\"- Tho\u1ea3i m\u00e1i s\u1eed d\u1ee5ng.\">Tho\u1ea3i m\u00e1i s\u1eed d\u1ee5ng.<\/span><\/li>\n<\/ul>\n<\/li>\n<\/ul>\n<h3 id=\"input_line_26\"><span id=\"input_part_0\" class=\"\" data-mention=\"H\u01b0\u1edbng d\u1eabn b\u1ea3o qu\u1ea3n l\u00f5i l\u1ecdc n\u01b0\u1edbc 3M\">H\u01b0\u1edbng d\u1eabn b\u1ea3o qu\u1ea3n l\u00f5i l\u1ecdc n\u01b0\u1edbc 3M<\/span><\/h3>\n<ul>\n<li id=\"input_line_28\"><span id=\"input_part_0\" class=\"\" data-mention=\"N\u1ebfu b\u1ed9 l\u1ecdc n\u01b0\u1edbc kh\u00f4ng \u0111\u01b0\u1ee3c s\u1eed d\u1ee5ng trong m\u1ed9t th\u1eddi gian ng\u1eafn, b\u1ea1n n\u00ean th\u00e1o b\u1ed9 l\u1ecdc ra, \u0111\u1ed5 s\u1ea1ch n\u01b0\u1edbc v\u00e0 gi\u1eef b\u1ed9 l\u1ecdc trong t\u00fai nh\u1ef1a m\u1edbi, ni\u00eam phong v\u00e0 \u0111\u1eb7t trong t\u1ee7 l\u1ea1nh.\">N\u1ebfu b\u1ed9 l\u1ecdc n\u01b0\u1edbc kh\u00f4ng \u0111\u01b0\u1ee3c s\u1eed d\u1ee5ng trong m\u1ed9t th\u1eddi gian ng\u1eafn, b\u1ea1n n\u00ean th\u00e1o b\u1ed9 l\u1ecdc ra, \u0111\u1ed5 s\u1ea1ch n\u01b0\u1edbc v\u00e0 gi\u1eef b\u1ed9 l\u1ecdc trong t\u00fai nh\u1ef1a m\u1edbi, ni\u00eam phong v\u00e0 \u0111\u1eb7t trong t\u1ee7 l\u1ea1nh.<\/span><\/li>\n<\/ul>\n<h2><span id=\"cong-nghe-loc-nuoc-truc-tiep-la-gi\">C\u00f4ng ngh\u1ec7 l\u1ecdc n\u01b0\u1edbc tr\u1ef1c ti\u1ebfp l\u00e0 g\u00ec?<\/span><\/h2>\n<ul>\n<li>N\u00f3i \u0111\u01a1n gi\u1ea3n c\u00f4ng ngh\u1ec7 l\u1ecdc n\u01b0\u1edbc tr\u1ef1c ti\u1ebfp l\u00e0 c\u00f4ng ngh\u1ec7 ch\u1ec9 s\u1eed d\u1ee5ng \u00e1p l\u1ef1c n\u01b0\u1edbc t\u1ef1 nhi\u00ean \u0111\u1ec3 l\u1ecdc c\u00e1c t\u1ea1p ch\u1ea5t vi khu\u1ea9n v\u00e0 gi\u1eef l\u1ea1i to\u00e0n b\u1ed9 kho\u00e1ng ch\u1ea5t c\u00f3 l\u1ee3i cho s\u1ee9c kh\u1ecfe m\u00e0 kh\u00f4ng c\u1ea7n d\u00f9ng \u0111\u1ebfn qu\u00e1 nhi\u1ec1u c\u1ea5p l\u1ecdc n\u01b0\u1edbc kh\u00e1c nhau,kh\u00f4ng ph\u1ea3i d\u00f9ng \u0111i\u1ec7n v\u00e0 ho\u00e0n kh\u00f4ng kh\u00f4ng c\u00f3 n\u01b0\u1edbc th\u1ea3i ra.<\/li>\n<li>Hi\u1ec7n c\u00f4ng ngh\u1ec7 l\u1ecdc n\u01b0\u1edbc tr\u1ef1c ti\u1ebfp d\u1ea1ng nh\u01b0 c\u1ee7a l\u1ecdc n\u01b0\u1edbc 3M hi\u1ec7n \u0111\u01b0\u1ee3c s\u1eed d\u1ee5ng r\u1ed9ng r\u00e3i \u1edf c\u00e1c n\u01b0\u1edbc Ch\u00e2u \u00c2u v\u00e0 B\u1eafc M\u1ef9.<\/li>\n<\/ul>\n<h2>H\u00ecnh \u1ea3nh th\u1ef1c t\u1ebf c\u1ee7a s\u1ea3n ph\u1ea9m l\u1ecdc n\u01b0\u1edbc 3M t\u1ea1i showroom<\/h2>\n","protected":false},"excerpt":{"rendered":"<p><span id=\"input_part_0\" class=\"\" data-mention=\"C\u00f4ng su\u1ea5t l\u1ecdc 94.634 L\u00edt (t\u00ednh tr\u00ean ngu\u1ed3n n\u01b0\u1edbc \u0111\u1ea7u v\u00e0o l\u00e0 n\u01b0\u1edbc m\u00e1y, th\u1ef1c t\u1ebf c\u00f3 th\u1ec3 t\u0103ng gi\u1ea3m tu\u1ef3 ch\u1ea5t l\u01b0\u1ee3ng n\u01b0\u1edbc \u0111\u1ea7u v\u00e0o)\">C\u00f4ng su\u1ea5t l\u1ecdc 94.634 L\u00edt (t\u00ednh tr\u00ean ngu\u1ed3n n\u01b0\u1edbc \u0111\u1ea7u v\u00e0o l\u00e0 n\u01b0\u1edbc m\u00e1y, th\u1ef1c t\u1ebf c\u00f3 th\u1ec3 t\u0103ng gi\u1ea3m tu\u1ef3 ch\u1ea5t l\u01b0\u1ee3ng n\u01b0\u1edbc \u0111\u1ea7u v\u00e0o)<\/span><\/p>\n<p><span id=\"input_part_0\" class=\"\" data-mention=\"L\u01b0u l\u01b0\u1ee3ng n\u01b0\u1edbc qua b\u1ed9 l\u1ecdc 7.9 L\/ph\u00fat\">L\u01b0u l\u01b0\u1ee3ng n\u01b0\u1edbc qua b\u1ed9 l\u1ecdc 7.9 L\/ph\u00fat<\/span><\/p>\n<p><span id=\"input_part_0\" class=\"\" data-mention=\"C\u00f4ng ngh\u1ec7 l\u1ecdc 3M IMPACT (t\u00edch h\u1ee3p m\u00e0ng l\u1ecdc d\u01b0\u1ee3c ph\u1ea9m k\u00e9p v\u00e0 kh\u1ed1i than ho\u1ea1t t\u00ednh cao c\u1ea5p)\">C\u00f4ng ngh\u1ec7 l\u1ecdc 3M IMPACT (t\u00edch h\u1ee3p m\u00e0ng l\u1ecdc d\u01b0\u1ee3c ph\u1ea9m k\u00e9p v\u00e0 kh\u1ed1i than ho\u1ea1t t\u00ednh cao c\u1ea5p)<\/span><\/p>\n<p><span id=\"input_part_0\" class=\"\" data-mention=\"V\u1eadt li\u1ec7u (b\u1ed9 l\u1ecdc) M\u00e0ng l\u1ecdc Polypropylene\">V\u1eadt li\u1ec7u (b\u1ed9 l\u1ecdc) M\u00e0ng l\u1ecdc Polypropylene<\/span><\/p>\n<p><span id=\"input_part_0\" class=\"\" data-mention=\"M\u00e0ng l\u1ecdc D\u01b0\u1ee3c Ph\u1ea9m K\u00e9p\">M\u00e0ng l\u1ecdc D\u01b0\u1ee3c Ph\u1ea9m K\u00e9p<\/span><\/p>\n<p><span id=\"input_part_0\" class=\"\" data-mention=\"Kh\u1ed1i Zeta Carbon ho\u1ea1t t\u00ednh cao c\u1ea5p \u0111\u01b0\u1ee3c ng\u00e2m t\u1ea9m b\u1ea1c c\u00f4ng su\u1ea5t cao\">Kh\u1ed1i Zeta Carbon ho\u1ea1t t\u00ednh cao c\u1ea5p \u0111\u01b0\u1ee3c ng\u00e2m t\u1ea9m b\u1ea1c c\u00f4ng su\u1ea5t cao<\/span><\/p>\n<p><span id=\"input_part_0\" class=\"\" data-mention=\"C\u00e1c th\u00e0nh ph\u1ea7n lo\u1ea1i b\u1ecf Clo d\u01b0, m\u00f9i clo, m\u00f9i h\u00f4i n\u1ea5m m\u1ed1c\">C\u00e1c th\u00e0nh ph\u1ea7n lo\u1ea1i b\u1ecf: <\/span><span style=\"font-size: 14.4px;\">Clo d\u01b0, m\u00f9i clo, m\u00f9i h\u00f4i n\u1ea5m m\u1ed1c, <\/span><span id=\"input_part_0\" class=\"\" data-mention=\"C\u1eb7n b\u1ea9n t\u1ea1p ch\u1ea5t c\u00f3 k\u00edch th\u01b0\u1edbc l\u1edbn h\u01a1n 0.2 micron\">C\u1eb7n b\u1ea9n t\u1ea1p ch\u1ea5t c\u00f3 k\u00edch th\u01b0\u1edbc l\u1edbn h\u01a1n 0.2 micron, <\/span><span id=\"input_part_0\" class=\"\" data-mention=\"M\u1ea7m u nang, k\u00fd sinh tr\u00f9ng, vi khu\u1ea9n\">M\u1ea7m u nang, k\u00fd sinh tr\u00f9ng, vi khu\u1ea9n<\/span><\/p>\n<p><span id=\"input_part_0\" class=\"\" data-mention=\"* C\u00f3 t\u00ednh n\u0103ng ch\u1ed1ng b\u00e1m c\u1eb7n\">C\u00f3 t\u00ednh n\u0103ng ch\u1ed1ng b\u00e1m c\u1eb7n<\/span><\/p>\n<p><span id=\"input_part_0\" class=\"\" data-mention=\"S\u1ea3n ph\u1ea9m \u0111\u1ea1t ti\u00eau chu\u1ea9n ki\u1ec3m \u0111\u1ecbnh qu\u1ed1c t\u1ebf v\u00e0 Vi\u1ec7t Nam \u0110\u1ea1t ch\u1ee9ng nh\u1eadn NSF42, NSF53 c\u1ee7a Trung t\u00e2m h\u1ee3p t\u00e1c An to\u00e0n th\u1ef1c ph\u1ea9m v\u00e0 n\u01b0\u1edbc u\u1ed1ng thu\u1ed9c T\u1ed5 ch\u1ee9c y t\u1ebf th\u1ebf gi\u1edbi (WHO)\">S\u1ea3n ph\u1ea9m \u0111\u1ea1t ti\u00eau chu\u1ea9n ki\u1ec3m \u0111\u1ecbnh qu\u1ed1c t\u1ebf v\u00e0 Vi\u1ec7t Nam: <\/span><\/p>\n<p><span id=\"input_part_0\" class=\"\" data-mention=\"S\u1ea3n ph\u1ea9m \u0111\u1ea1t ti\u00eau chu\u1ea9n ki\u1ec3m \u0111\u1ecbnh qu\u1ed1c t\u1ebf v\u00e0 Vi\u1ec7t Nam \u0110\u1ea1t ch\u1ee9ng nh\u1eadn NSF42, NSF53 c\u1ee7a Trung t\u00e2m h\u1ee3p t\u00e1c An to\u00e0n th\u1ef1c ph\u1ea9m v\u00e0 n\u01b0\u1edbc u\u1ed1ng thu\u1ed9c T\u1ed5 ch\u1ee9c y t\u1ebf th\u1ebf gi\u1edbi (WHO)\">\u0110\u1ea1t ch\u1ee9ng nh\u1eadn NSF42, NSF53 c\u1ee7a Trung t\u00e2m h\u1ee3p t\u00e1c An to\u00e0n th\u1ef1c ph\u1ea9m v\u00e0 n\u01b0\u1edbc u\u1ed1ng thu\u1ed9c T\u1ed5 ch\u1ee9c y t\u1ebf th\u1ebf gi\u1edbi (WHO)<\/span><\/p>\n<p><span id=\"input_part_0\" class=\"\" data-mention=\"\u0110\u1ea1t ti\u00eau chu\u1ea9n do Hi\u1ec7p h\u1ed9i ch\u1ea5t l\u01b0\u1ee3ng n\u01b0\u1edbc qu\u1ed1c t\u1ebf WQA ch\u1ee9ng nh\u1eadn\">\u0110\u1ea1t ti\u00eau chu\u1ea9n do Hi\u1ec7p h\u1ed9i ch\u1ea5t l\u01b0\u1ee3ng n\u01b0\u1edbc qu\u1ed1c t\u1ebf WQA ch\u1ee9ng nh\u1eadn<\/span><\/p>\n<p><span id=\"input_part_0\" class=\"\" data-mention=\"Ti\u00eau chu\u1ea9n n\u01b0\u1edbc \u0111\u1ea7u v\u00e0o l\u00e0 n\u01b0\u1edbc m\u00e1y ho\u1eb7c n\u01b0\u1edbc \u0111\u1ea1t ti\u00eau chu\u1ea9n QCVN 1: 2009\/BYT\">Ti\u00eau chu\u1ea9n n\u01b0\u1edbc \u0111\u1ea7u v\u00e0o l\u00e0 n\u01b0\u1edbc m\u00e1y ho\u1eb7c n\u01b0\u1edbc \u0111\u1ea1t ti\u00eau chu\u1ea9n QCVN 1: 2009\/BYT<\/span><\/p>\n","protected":false},"featured_media":3459,"comment_status":"open","ping_status":"closed","template":"","meta":[],"product_brand":[],"product_cat":[400,401],"product_tag":[402,403],"class_list":{"0":"post-3314","1":"product","2":"type-product","3":"status-publish","4":"has-post-thumbnail","6":"product_cat-may-loc-nuoc-3m","7":"product_cat-thuong-hieu-may-loc-nuoc-3m","8":"product_tag-3m","9":"product_tag-may-loc-nuoc-3m","11":"first","12":"instock","13":"shipping-taxable","14":"purchasable","15":"product-type-simple"},"_links":{"self":[{"href":"https:\/\/livinghome.vn\/thiet-bi\/wp-json\/wp\/v2\/product\/3314","targetHints":{"allow":["GET"]}}],"collection":[{"href":"https:\/\/livinghome.vn\/thiet-bi\/wp-json\/wp\/v2\/product"}],"about":[{"href":"https:\/\/livinghome.vn\/thiet-bi\/wp-json\/wp\/v2\/types\/product"}],"replies":[{"embeddable":true,"href":"https:\/\/livinghome.vn\/thiet-bi\/wp-json\/wp\/v2\/comments?post=3314"}],"wp:featuredmedia":[{"embeddable":true,"href":"https:\/\/livinghome.vn\/thiet-bi\/wp-json\/wp\/v2\/media\/3459"}],"wp:attachment":[{"href":"https:\/\/livinghome.vn\/thiet-bi\/wp-json\/wp\/v2\/media?parent=3314"}],"wp:term":[{"taxonomy":"product_brand","embeddable":true,"href":"https:\/\/livinghome.vn\/thiet-bi\/wp-json\/wp\/v2\/product_brand?post=3314"},{"taxonomy":"product_cat","embeddable":true,"href":"https:\/\/livinghome.vn\/thiet-bi\/wp-json\/wp\/v2\/product_cat?post=3314"},{"taxonomy":"product_tag","embeddable":true,"href":"https:\/\/livinghome.vn\/thiet-bi\/wp-json\/wp\/v2\/product_tag?post=3314"}],"curies":[{"name":"wp","href":"https:\/\/api.w.org\/{rel}","templated":true}]}}