{"id":3312,"date":"2023-01-12T18:01:01","date_gmt":"2023-01-12T18:01:01","guid":{"rendered":"https:\/\/livinghome.vn\/thiet-bi\/?post_type=product&#038;p=3312"},"modified":"2024-11-29T14:20:19","modified_gmt":"2024-11-29T07:20:19","slug":"loc-tho-cao-cap-3m-cfs02","status":"publish","type":"product","link":"https:\/\/livinghome.vn\/thiet-bi\/loc-tho-cao-cap-3m-cfs02\/","title":{"rendered":"L\u1ecdc th\u00f4 cao c\u1ea5p 3M CFS02 nh\u1eadp kh\u1ea9u M\u1ef9"},"content":{"rendered":"<h2><strong>L\u1ecdc th\u00f4 cao c\u1ea5p 3M CFS02 c\u00f3 g\u00ec n\u1ed5i b\u1eadt<\/strong><\/h2>\n<ul>\n<li>L\u01b0u l\u01b0\u1ee3ng n\u01b0\u1edbc qua b\u1ed9 l\u1ecdc 3.6 m3\/h<\/li>\n<li>K\u00edch th\u01b0\u1edbc (chi\u1ec1u cao x r\u1ed9ng x s\u00e2u) 70 x 28 cm x 40 cm<\/li>\n<li>Tr\u1ecdng l\u01b0\u1ee3ng (khi \u0111\u1ea7y n\u01b0\u1edbc) 2kg<\/li>\n<\/ul>\n<h2><strong>H\u01b0\u1edbng d\u1eabn s\u1eed d\u1ee5ng v\u00e0 l\u1eafp \u0111\u1eb7t L\u1ecdc th\u00f4 cao c\u1ea5p 3M CFS02<\/strong><\/h2>\n<ul>\n<li>X\u1ea3 n\u01b0\u1edbc \u00edt nh\u1ea5t 10 ph\u00fat ho\u1eb7c \u0111\u1ebfn khi n\u01b0\u1edbc trong tr\u01b0\u1edbc l\u1ea7n s\u1eed d\u1ee5ng \u0111\u1ea7u ti\u00ean<\/li>\n<li>Ch\u1eeba kho\u1ea3ng tr\u1ed1ng t\u1ed1i thi\u1ec3u kho\u1ea3ng 59 mm t\u1eeb m\u1eb7t s\u00e0n t\u1edbi \u0111\u00e1y b\u1ed9 l\u1ecdc<\/li>\n<li>Nhi\u1ec7t \u0111\u1ed9 n\u01b0\u1edbc \u0111\u1ea7u v\u00e0o: 4.4 \u0111\u1ed9 C &#8211; 76 \u0111\u1ed9 C<\/li>\n<li>Ti\u00eau chu\u1ea9n n\u01b0\u1edbc \u0111\u1ea7u v\u00e0o l\u00e0 n\u01b0\u1edbc m\u00e1y ho\u1eb7c n\u01b0\u1edbc \u0111\u1ea1t ti\u00eau chu\u1ea9n QCVN 1: 2009\/BYT<\/li>\n<li>Th\u1eddi gian thay l\u00f5i l\u1ecdc th\u00f4: Thay l\u00f5i khi h\u1ebft c\u00f4ng su\u1ea5t ho\u1eb7c 12 th\u00e1ng ho\u1eb7c s\u1edbm h\u01a1n tu\u1ef3 thu\u1ed9c v\u00e0o ch\u1ea5t l\u01b0\u1ee3ng n\u01b0\u1edbc \u0111\u1ea7u v\u00e0o<\/li>\n<\/ul>\n<h2><strong>H\u01b0\u1edbng d\u1eabn b\u1ea3o qu\u1ea3n l\u00f5i l\u1ecdc n\u01b0\u1edbc 3M<\/strong><\/h2>\n<ul>\n<li>N\u1ebfu b\u1ed9 l\u1ecdc n\u01b0\u1edbc kh\u00f4ng \u0111\u01b0\u1ee3c s\u1eed d\u1ee5ng trong m\u1ed9t th\u1eddi gian ng\u1eafn, b\u1ea1n n\u00ean th\u00e1o b\u1ed9 l\u1ecdc ra v\u00e0 b\u1ea3o qu\u1ea3n trong t\u1ee7 m\u00e1t<\/li>\n<\/ul>\n<h2><strong>C\u00f4ng ngh\u1ec7 l\u1ecdc n\u01b0\u1edbc tr\u1ef1c ti\u1ebfp l\u00e0 g\u00ec?<\/strong><\/h2>\n<ul>\n<li>N\u00f3i \u0111\u01a1n gi\u1ea3n c\u00f4ng ngh\u1ec7 l\u1ecdc n\u01b0\u1edbc tr\u1ef1c ti\u1ebfp l\u00e0 c\u00f4ng ngh\u1ec7 ch\u1ec9 s\u1eed d\u1ee5ng \u00e1p l\u1ef1c n\u01b0\u1edbc t\u1ef1 nhi\u00ean \u0111\u1ec3 l\u1ecdc c\u00e1c t\u1ea1p ch\u1ea5t vi khu\u1ea9n v\u00e0 gi\u1eef l\u1ea1i to\u00e0n b\u1ed9 kho\u00e1ng ch\u1ea5t c\u00f3 l\u1ee3i cho s\u1ee9c kh\u1ecfe m\u00e0 kh\u00f4ng c\u1ea7n d\u00f9ng \u0111\u1ebfn qu\u00e1 nhi\u1ec1u c\u1ea5p l\u1ecdc n\u01b0\u1edbc kh\u00e1c nhau,kh\u00f4ng ph\u1ea3i d\u00f9ng \u0111i\u1ec7n v\u00e0 ho\u00e0n kh\u00f4ng kh\u00f4ng c\u00f3 n\u01b0\u1edbc th\u1ea3i ra.<\/li>\n<li>Hi\u1ec7n c\u00f4ng ngh\u1ec7 l\u1ecdc n\u01b0\u1edbc tr\u1ef1c ti\u1ebfp d\u1ea1ng nh\u01b0 c\u1ee7a l\u1ecdc n\u01b0\u1edbc 3M hi\u1ec7n \u0111\u01b0\u1ee3c s\u1eed d\u1ee5ng r\u1ed9ng r\u00e3i \u1edf c\u00e1c n\u01b0\u1edbc Ch\u00e2u \u00c2u v\u00e0 B\u1eafc M\u1ef9.<\/li>\n<\/ul>\n<h2><strong>H\u00ecnh \u1ea3nh th\u1ef1c t\u1ebf c\u1ee7a s\u1ea3n ph\u1ea9m l\u1ecdc n\u01b0\u1edbc 3M t\u1ea1i showroom<\/strong><\/h2>\n<p>&nbsp;<\/p>\n","protected":false},"excerpt":{"rendered":"<p><span id=\"input_part_0\" class=\"\" data-mention=\"L\u01b0u l\u01b0\u1ee3ng n\u01b0\u1edbc qua b\u1ed9 l\u1ecdc 3.6 m3\/h\">L\u01b0u l\u01b0\u1ee3ng n\u01b0\u1edbc qua b\u1ed9 l\u1ecdc 3.6 m3\/h<\/span><\/p>\n<p><span id=\"input_part_0\" class=\"\" data-mention=\"K\u00edch th\u01b0\u1edbc (chi\u1ec1u cao x r\u1ed9ng x s\u00e2u) 70 x 28 cm x 40 cm\">K\u00edch th\u01b0\u1edbc (chi\u1ec1u cao x r\u1ed9ng x s\u00e2u) 70 x 28 cm x 40 cm<\/span><\/p>\n<p><span id=\"input_part_0\" class=\"\" data-mention=\"Tr\u1ecdng l\u01b0\u1ee3ng (khi \u0111\u1ea7y n\u01b0\u1edbc) 2kg\">Tr\u1ecdng l\u01b0\u1ee3ng (khi \u0111\u1ea7y n\u01b0\u1edbc) 2kg<\/span><\/p>\n","protected":false},"featured_media":3451,"comment_status":"open","ping_status":"closed","template":"","meta":[],"product_brand":[],"product_cat":[400,401],"product_tag":[402,403],"class_list":{"0":"post-3312","1":"product","2":"type-product","3":"status-publish","4":"has-post-thumbnail","6":"product_cat-may-loc-nuoc-3m","7":"product_cat-thuong-hieu-may-loc-nuoc-3m","8":"product_tag-3m","9":"product_tag-may-loc-nuoc-3m","11":"first","12":"instock","13":"shipping-taxable","14":"purchasable","15":"product-type-simple"},"_links":{"self":[{"href":"https:\/\/livinghome.vn\/thiet-bi\/wp-json\/wp\/v2\/product\/3312","targetHints":{"allow":["GET"]}}],"collection":[{"href":"https:\/\/livinghome.vn\/thiet-bi\/wp-json\/wp\/v2\/product"}],"about":[{"href":"https:\/\/livinghome.vn\/thiet-bi\/wp-json\/wp\/v2\/types\/product"}],"replies":[{"embeddable":true,"href":"https:\/\/livinghome.vn\/thiet-bi\/wp-json\/wp\/v2\/comments?post=3312"}],"wp:featuredmedia":[{"embeddable":true,"href":"https:\/\/livinghome.vn\/thiet-bi\/wp-json\/wp\/v2\/media\/3451"}],"wp:attachment":[{"href":"https:\/\/livinghome.vn\/thiet-bi\/wp-json\/wp\/v2\/media?parent=3312"}],"wp:term":[{"taxonomy":"product_brand","embeddable":true,"href":"https:\/\/livinghome.vn\/thiet-bi\/wp-json\/wp\/v2\/product_brand?post=3312"},{"taxonomy":"product_cat","embeddable":true,"href":"https:\/\/livinghome.vn\/thiet-bi\/wp-json\/wp\/v2\/product_cat?post=3312"},{"taxonomy":"product_tag","embeddable":true,"href":"https:\/\/livinghome.vn\/thiet-bi\/wp-json\/wp\/v2\/product_tag?post=3312"}],"curies":[{"name":"wp","href":"https:\/\/api.w.org\/{rel}","templated":true}]}}