{"id":3306,"date":"2023-01-12T18:01:00","date_gmt":"2023-01-12T18:01:00","guid":{"rendered":"https:\/\/livinghome.vn\/thiet-bi\/?post_type=product&#038;p=3306"},"modified":"2024-11-29T14:20:21","modified_gmt":"2024-11-29T07:20:21","slug":"may-loc-nuoc-nong-lanh-3m-vn2-3v-22-lit","status":"publish","type":"product","link":"https:\/\/livinghome.vn\/thiet-bi\/may-loc-nuoc-nong-lanh-3m-vn2-3v-22-lit\/","title":{"rendered":"M\u00e1y L\u1ecdc N\u01b0\u1edbc N\u00f3ng L\u1ea1nh 3M VN2 3V 22 L\u00edt nh\u1eadp kh\u1ea9u M\u1ef9"},"content":{"rendered":"<h2>Model 3M VN2 3V &#8211; M\u00e1y l\u1ecdc n\u01b0\u1edbc n\u00f3ng l\u1ea1nh 3M\u00a0 22 L\u00edt c\u00f3 g\u00ec n\u1ed5i b\u1eadt<\/h2>\n<ul>\n<li>C\u00f4ng su\u1ea5t l\u1ecdc 22.712 L\u00edt (t\u00ednh tr\u00ean ngu\u1ed3n n\u01b0\u1edbc \u0111\u1ea7u v\u00e0o l\u00e0 n\u01b0\u1edbc m\u00e1y, th\u1ef1c t\u1ebf c\u00f3 th\u1ec3 t\u0103ng gi\u1ea3m tu\u1ef3 ch\u1ea5t l\u01b0\u1ee3ng n\u01b0\u1edbc \u0111\u1ea7u v\u00e0o)<\/li>\n<li>T\u1ed1c \u0111\u1ed9 d\u00f2ng ch\u1ea3y cao 9.5 L\u00edt\/ph\u00fat<\/li>\n<li>\u00c1p su\u1ea5t l\u00e0m vi\u1ec7c 172 &#8211; 862 kPa<\/li>\n<li>\u0110i\u1ec7n \u00e1p 220 &#8211; 240V<\/li>\n<li>V\u1eadt li\u1ec7u V\u1ecf m\u00e1y \u0111\u01b0\u1ee3c s\u01a1n t\u0129nh \u0111i\u1ec7n kh\u00f4ng nhi\u1ec5m t\u1eeb<\/li>\n<li>V\u1eadt li\u1ec7u b\u1ed9 l\u1ecdc: l\u00f5i l\u1ecdc th\u00f4ng minh s\u1eed d\u1ee5ng c\u00f4ng ngh\u00ea IMPACT \u0111\u1ed9c quy\u1ec1n c\u1ee7a 3M<\/li>\n<li>L\u00f5i l\u1ecdc thay th\u1ebf 3M HF40-S<\/li>\n<li>Th\u1eddi h\u1ea1n s\u1eed d\u1ee5ng b\u1ed9 l\u1ecdc 12 th\u00e1ng<\/li>\n<\/ul>\n<figure id=\"attachment_19765\" aria-describedby=\"caption-attachment-19765\" style=\"width: 900px\" class=\"wp-caption alignnone\"><img loading=\"lazy\" decoding=\"async\" class=\"size-full wp-image-19765\" src=\"https:\/\/livinghome.vn\/thiet-bi\/wp-content\/uploads\/loc-nuoc\/3m\/may-loc-nuoc-nong-lanh-3m\/may-loc-nuoc-nong-lanh-3m-vn2-3v\/may-loc-nuoc-nong-lanh-3m-vn2-3v-3.jpg\" alt=\"M\u00e1y L\u1ecdc N\u01b0\u1edbc N\u00f3ng l\u1ea1nh 3M VN2 3V 22 L\u00edt nh\u1eadp kh\u1ea9u M\u1ef9\" width=\"900\" height=\"900\" title=\"\" srcset=\"https:\/\/livinghome.vn\/thiet-bi\/wp-content\/uploads\/loc-nuoc\/3m\/may-loc-nuoc-nong-lanh-3m\/may-loc-nuoc-nong-lanh-3m-vn2-3v\/may-loc-nuoc-nong-lanh-3m-vn2-3v-3.jpg 900w, https:\/\/livinghome.vn\/thiet-bi\/wp-content\/uploads\/loc-nuoc\/3m\/may-loc-nuoc-nong-lanh-3m\/may-loc-nuoc-nong-lanh-3m-vn2-3v\/may-loc-nuoc-nong-lanh-3m-vn2-3v-3-400x400.jpg 400w, https:\/\/livinghome.vn\/thiet-bi\/wp-content\/uploads\/loc-nuoc\/3m\/may-loc-nuoc-nong-lanh-3m\/may-loc-nuoc-nong-lanh-3m-vn2-3v\/may-loc-nuoc-nong-lanh-3m-vn2-3v-3-800x800.jpg 800w, https:\/\/livinghome.vn\/thiet-bi\/wp-content\/uploads\/loc-nuoc\/3m\/may-loc-nuoc-nong-lanh-3m\/may-loc-nuoc-nong-lanh-3m-vn2-3v\/may-loc-nuoc-nong-lanh-3m-vn2-3v-3-280x280.jpg 280w, https:\/\/livinghome.vn\/thiet-bi\/wp-content\/uploads\/loc-nuoc\/3m\/may-loc-nuoc-nong-lanh-3m\/may-loc-nuoc-nong-lanh-3m-vn2-3v\/may-loc-nuoc-nong-lanh-3m-vn2-3v-3-768x768.jpg 768w, https:\/\/livinghome.vn\/thiet-bi\/wp-content\/uploads\/loc-nuoc\/3m\/may-loc-nuoc-nong-lanh-3m\/may-loc-nuoc-nong-lanh-3m-vn2-3v\/may-loc-nuoc-nong-lanh-3m-vn2-3v-3-300x300.jpg 300w, https:\/\/livinghome.vn\/thiet-bi\/wp-content\/uploads\/loc-nuoc\/3m\/may-loc-nuoc-nong-lanh-3m\/may-loc-nuoc-nong-lanh-3m-vn2-3v\/may-loc-nuoc-nong-lanh-3m-vn2-3v-3-600x600.jpg 600w, https:\/\/livinghome.vn\/thiet-bi\/wp-content\/uploads\/loc-nuoc\/3m\/may-loc-nuoc-nong-lanh-3m\/may-loc-nuoc-nong-lanh-3m-vn2-3v\/may-loc-nuoc-nong-lanh-3m-vn2-3v-3-100x100.jpg 100w\" sizes=\"auto, (max-width: 900px) 100vw, 900px\" \/><figcaption id=\"caption-attachment-19765\" class=\"wp-caption-text\">M\u00e1y L\u1ecdc N\u01b0\u1edbc N\u00f3ng l\u1ea1nh 3M VN2 3V r\u1ea5t ph\u00f9 h\u1ee3p v\u1edbi nhu c\u1ea7u sinh ho\u1ea1t h\u1eb1ng ng\u00e0y c\u1ee7a gia \u0111\u00ecnh v\u00e0 qu\u00e1n x\u00e1 nh\u1ecf<\/figcaption><\/figure>\n<h2>K\u00edch th\u01b0\u1edbc v\u00e0 tr\u1ecdng l\u01b0\u1ee3ng s\u1ea3n ph\u1ea9m<\/h2>\n<ul>\n<li>K\u00edch th\u01b0\u1edbc (cao x r\u1ed9ng x s\u00e2u) 117.3 x 32.5 x 44 cm<\/li>\n<li>Tr\u1ecdng l\u01b0\u1ee3ng 19kg<\/li>\n<\/ul>\n<h2>Ch\u1ea5t l\u01b0\u1ee3ng n\u01b0\u1edbc th\u00e0nh ph\u1ea9m sau khi \u0111\u01b0\u1ee3c l\u1ecdc<\/h2>\n<p>C\u00e1c th\u00e0nh ph\u1ea7n lo\u1ea1i b\u1ecf<\/p>\n<ul>\n<li>Clo d\u01b0, Cloramine, m\u00f9i clo, m\u00f9i h\u00f4i n\u1ea5m m\u1ed1c Vi khu\u1ea9n, t\u1ea1p ch\u1ea5t,.. c\u00f3 k\u00edch th\u01b0\u1edbc si\u00eau nh\u1ecf 0.2 micron<\/li>\n<li>M\u1ea7m u nang, k\u00fd sinh tr\u00f9ng<\/li>\n<li>C\u00e1c h\u1ee3p ch\u1ea5t \u0111\u1ed9c h\u1ea1i nh\u01b0: Benzene, Toxaphene, p-Dichlorobenzene,\u2026<\/li>\n<li>Ch\u00ec ho\u00e0 tan v\u00e0 m\u1ed9t s\u1ed1 h\u1ee3p ch\u1ea5t h\u1eefu c\u01a1 \u0111\u1ed9c h\u1ea1i VOCs d\u01b0 \u0111\u1ecdng trong n\u01b0\u1edbc m\u00e1y<\/li>\n<\/ul>\n<figure id=\"attachment_19760\" aria-describedby=\"caption-attachment-19760\" style=\"width: 900px\" class=\"wp-caption alignnone\"><img loading=\"lazy\" decoding=\"async\" class=\"size-full wp-image-19760\" src=\"https:\/\/livinghome.vn\/thiet-bi\/wp-content\/uploads\/loc-nuoc\/3m\/may-loc-nuoc-nong-lanh-3m\/may-loc-nuoc-nong-lanh-3m-vn2-3v\/may-loc-nuoc-nong-lanh-3m-vn2-3v-8.jpg\" alt=\"M\u00e1y L\u1ecdc N\u01b0\u1edbc N\u00f3ng l\u1ea1nh 3M VN2 3V 22 L\u00edt nh\u1eadp kh\u1ea9u M\u1ef9\" width=\"900\" height=\"900\" title=\"\" srcset=\"https:\/\/livinghome.vn\/thiet-bi\/wp-content\/uploads\/loc-nuoc\/3m\/may-loc-nuoc-nong-lanh-3m\/may-loc-nuoc-nong-lanh-3m-vn2-3v\/may-loc-nuoc-nong-lanh-3m-vn2-3v-8.jpg 900w, https:\/\/livinghome.vn\/thiet-bi\/wp-content\/uploads\/loc-nuoc\/3m\/may-loc-nuoc-nong-lanh-3m\/may-loc-nuoc-nong-lanh-3m-vn2-3v\/may-loc-nuoc-nong-lanh-3m-vn2-3v-8-400x400.jpg 400w, https:\/\/livinghome.vn\/thiet-bi\/wp-content\/uploads\/loc-nuoc\/3m\/may-loc-nuoc-nong-lanh-3m\/may-loc-nuoc-nong-lanh-3m-vn2-3v\/may-loc-nuoc-nong-lanh-3m-vn2-3v-8-800x800.jpg 800w, https:\/\/livinghome.vn\/thiet-bi\/wp-content\/uploads\/loc-nuoc\/3m\/may-loc-nuoc-nong-lanh-3m\/may-loc-nuoc-nong-lanh-3m-vn2-3v\/may-loc-nuoc-nong-lanh-3m-vn2-3v-8-280x280.jpg 280w, https:\/\/livinghome.vn\/thiet-bi\/wp-content\/uploads\/loc-nuoc\/3m\/may-loc-nuoc-nong-lanh-3m\/may-loc-nuoc-nong-lanh-3m-vn2-3v\/may-loc-nuoc-nong-lanh-3m-vn2-3v-8-768x768.jpg 768w, https:\/\/livinghome.vn\/thiet-bi\/wp-content\/uploads\/loc-nuoc\/3m\/may-loc-nuoc-nong-lanh-3m\/may-loc-nuoc-nong-lanh-3m-vn2-3v\/may-loc-nuoc-nong-lanh-3m-vn2-3v-8-300x300.jpg 300w, https:\/\/livinghome.vn\/thiet-bi\/wp-content\/uploads\/loc-nuoc\/3m\/may-loc-nuoc-nong-lanh-3m\/may-loc-nuoc-nong-lanh-3m-vn2-3v\/may-loc-nuoc-nong-lanh-3m-vn2-3v-8-600x600.jpg 600w, https:\/\/livinghome.vn\/thiet-bi\/wp-content\/uploads\/loc-nuoc\/3m\/may-loc-nuoc-nong-lanh-3m\/may-loc-nuoc-nong-lanh-3m-vn2-3v\/may-loc-nuoc-nong-lanh-3m-vn2-3v-8-100x100.jpg 100w\" sizes=\"auto, (max-width: 900px) 100vw, 900px\" \/><figcaption id=\"caption-attachment-19760\" class=\"wp-caption-text\">M\u00e1y l\u1ecdc n\u01b0\u1edbc n\u00f3ng l\u1ea1nh 3M VN2 3V t\u01b0\u01a1ng \u0111\u01b0\u01a1ng 4 m\u00e1y l\u1ecdc ngo\u00e0i th\u1ecb tr\u01b0\u1eddng<\/figcaption><\/figure>\n<h2>H\u01b0\u1edbng d\u1eabn s\u1eed d\u1ee5ng v\u00e0 l\u1eafp \u0111\u1eb7t M\u00e1y l\u1ecdc n\u01b0\u1edbc n\u00f3ng l\u1ea1nh 3M VN2 3V<\/h2>\n<ul>\n<li>X\u1ea3 n\u01b0\u1edbc \u00edt nh\u1ea5t 10 ph\u00fat ho\u1eb7c \u0111\u1ebfn khi n\u01b0\u1edbc trong tr\u01b0\u1edbc l\u1ea7n s\u1eed d\u1ee5ng \u0111\u1ea7u ti\u00ean<\/li>\n<li>Kh\u00f4ng l\u1eafp h\u1ec7 th\u1ed1ng l\u1ecdc d\u01b0\u1edbi \u00e1nh s\u00e1ng m\u1eb7t tr\u1eddi tr\u1ef1c ti\u1ebfp<\/li>\n<li>Ch\u1eeba kho\u1ea3ng tr\u1ed1ng t\u1ed1i thi\u1ec3u kho\u1ea3ng 7.6 cm t\u1eeb m\u1eb7t s\u00e0n t\u1edbi \u0111\u00e1y b\u1ed9 l\u1ecdc<\/li>\n<li>Nhi\u1ec7t \u0111\u1ed9 n\u01b0\u1edbc \u0111\u1ea7u v\u00e0o: 4.4 \u0111\u1ed9 C &#8211; cao nh\u1ea5t 37.8 \u0111\u1ed9 C<\/li>\n<li>Nhi\u1ec7t \u0111\u1ed9 n\u01b0\u1edbc n\u00f3ng: 80 &#8211; 90 \u0111\u1ed9 C \/ Nhi\u1ec7t \u0111\u1ed9 n\u01b0\u1edbc ngu\u1ed9i: 5 &#8211; 10 \u0111\u1ed9 C<\/li>\n<li>\u00c1p su\u1ea5t n\u01b0\u1edbc \u0111\u1ea7u v\u00e0o: 172 &#8211; 862 Kpa (t\u01b0\u01a1ng \u0111\u01b0\u01a1ng 17 &#8211; 86 m\u00e9t c\u1ed9t n\u01b0\u1edbc)<\/li>\n<li>Dung t\u00edch b\u00ecnh n\u00f3ng\/l\u1ea1nh\/ngu\u1ed9i: 1\/1\/7 L\u00edt<\/li>\n<\/ul>\n<p>*** Ti\u00eau chu\u1ea9n n\u01b0\u1edbc \u0111\u1ea7u v\u00e0o l\u00e0 n\u01b0\u1edbc m\u00e1y ho\u1eb7c n\u01b0\u1edbc \u0111\u1ea1t ti\u00eau chu\u1ea9n QCVN 1: 2009\/BYT<\/p>\n<figure id=\"attachment_19764\" aria-describedby=\"caption-attachment-19764\" style=\"width: 900px\" class=\"wp-caption alignnone\"><img loading=\"lazy\" decoding=\"async\" class=\"size-full wp-image-19764\" src=\"https:\/\/livinghome.vn\/thiet-bi\/wp-content\/uploads\/loc-nuoc\/3m\/may-loc-nuoc-nong-lanh-3m\/may-loc-nuoc-nong-lanh-3m-vn2-3v\/may-loc-nuoc-nong-lanh-3m-vn2-3v-4.jpg\" alt=\"M\u00e1y L\u1ecdc N\u01b0\u1edbc N\u00f3ng l\u1ea1nh 3M VN2 3V 22 L\u00edt nh\u1eadp kh\u1ea9u M\u1ef9\" width=\"900\" height=\"900\" title=\"\" srcset=\"https:\/\/livinghome.vn\/thiet-bi\/wp-content\/uploads\/loc-nuoc\/3m\/may-loc-nuoc-nong-lanh-3m\/may-loc-nuoc-nong-lanh-3m-vn2-3v\/may-loc-nuoc-nong-lanh-3m-vn2-3v-4.jpg 900w, https:\/\/livinghome.vn\/thiet-bi\/wp-content\/uploads\/loc-nuoc\/3m\/may-loc-nuoc-nong-lanh-3m\/may-loc-nuoc-nong-lanh-3m-vn2-3v\/may-loc-nuoc-nong-lanh-3m-vn2-3v-4-400x400.jpg 400w, https:\/\/livinghome.vn\/thiet-bi\/wp-content\/uploads\/loc-nuoc\/3m\/may-loc-nuoc-nong-lanh-3m\/may-loc-nuoc-nong-lanh-3m-vn2-3v\/may-loc-nuoc-nong-lanh-3m-vn2-3v-4-800x800.jpg 800w, https:\/\/livinghome.vn\/thiet-bi\/wp-content\/uploads\/loc-nuoc\/3m\/may-loc-nuoc-nong-lanh-3m\/may-loc-nuoc-nong-lanh-3m-vn2-3v\/may-loc-nuoc-nong-lanh-3m-vn2-3v-4-280x280.jpg 280w, https:\/\/livinghome.vn\/thiet-bi\/wp-content\/uploads\/loc-nuoc\/3m\/may-loc-nuoc-nong-lanh-3m\/may-loc-nuoc-nong-lanh-3m-vn2-3v\/may-loc-nuoc-nong-lanh-3m-vn2-3v-4-768x768.jpg 768w, https:\/\/livinghome.vn\/thiet-bi\/wp-content\/uploads\/loc-nuoc\/3m\/may-loc-nuoc-nong-lanh-3m\/may-loc-nuoc-nong-lanh-3m-vn2-3v\/may-loc-nuoc-nong-lanh-3m-vn2-3v-4-300x300.jpg 300w, https:\/\/livinghome.vn\/thiet-bi\/wp-content\/uploads\/loc-nuoc\/3m\/may-loc-nuoc-nong-lanh-3m\/may-loc-nuoc-nong-lanh-3m-vn2-3v\/may-loc-nuoc-nong-lanh-3m-vn2-3v-4-600x600.jpg 600w, https:\/\/livinghome.vn\/thiet-bi\/wp-content\/uploads\/loc-nuoc\/3m\/may-loc-nuoc-nong-lanh-3m\/may-loc-nuoc-nong-lanh-3m-vn2-3v\/may-loc-nuoc-nong-lanh-3m-vn2-3v-4-100x100.jpg 100w\" sizes=\"auto, (max-width: 900px) 100vw, 900px\" \/><figcaption id=\"caption-attachment-19764\" class=\"wp-caption-text\">M\u00e1y l\u1ecdc n\u01b0\u1edbc n\u00f3ng l\u1ea1nh 3M VN2 3V si\u00eau c\u00f4ng su\u1ea5t, \u0111a ch\u1ee9c n\u0103ng<\/figcaption><\/figure>\n<h2>Chi ti\u1ebft ph\u1ee5 ki\u1ec7n<\/h2>\n<p>M\u00e1y l\u1ecdc n\u01b0\u1edbc \u0111\u00e3 g\u1ed3m b\u1ed9 l\u1ecdc \u0111\u1ea7u ti\u00ean, b\u1ed9 chia n\u01b0\u1edbc, d\u00e2y d\u1eabn v\u00e0 co n\u1ed1i theo ti\u00eau chu\u1ea9n NSF<\/p>\n<p>(B\u1ed9 ph\u1ee5 ki\u1ec7n ti\u00eau chu\u1ea9n \u0111i k\u00e8m m\u00e1y. C\u00f3 th\u1ec3 ph\u00e1t sinh th\u00eam ph\u1ee5 ki\u1ec7n t\u00f9y theo \u0111i\u1ec1u ki\u1ec7n l\u1eafp \u0111\u1eb7t t\u1ea1i nh\u00e0 kh\u00e1ch. Kh\u00e1ch tr\u1ea3 ph\u00ed cho ph\u1ea7n ph\u1ee5 ki\u1ec7n ph\u00e1t sinh)<\/p>\n<p>&nbsp;<\/p>\n<h2>C\u00e1c ch\u1ee9ng nh\u1eadn Qu\u1ed1c t\u1ebf v\u00e0 Vi\u1ec7t Nam \u0111\u00e3 \u0111\u01b0\u1ee3c ki\u1ec3m \u0111\u1ecbnh<\/h2>\n<ul>\n<li>\u0110\u1ea1t ch\u1ee9ng nh\u1eadn NSF42, NSF53 c\u1ee7a Trung t\u00e2m h\u1ee3p t\u00e1c An to\u00e0n th\u1ef1c ph\u1ea9m v\u00e0 n\u01b0\u1edbc u\u1ed1ng thu\u1ed9c T\u1ed5 ch\u1ee9c y t\u1ebf th\u1ebf gi\u1edbi (WHO)<\/li>\n<li>\u0110\u1ea1t ti\u00eau chu\u1ea9n do Hi\u1ec7p h\u1ed9i ch\u1ea5t l\u01b0\u1ee3ng n\u01b0\u1edbc qu\u1ed1c t\u1ebf WQA ch\u1ee9ng nh\u1eadn<\/li>\n<li>N\u01b0\u1edbc sau l\u1ecdc \u0111\u1ea1t chu\u1ea9n n\u01b0\u1edbc u\u1ed1ng tr\u1ef1c ti\u1ebfp theo ti\u00eau chu\u1ea9n B\u1ed9 Y T\u1ebf ban h\u00e0nh<\/li>\n<\/ul>\n<figure id=\"attachment_19761\" aria-describedby=\"caption-attachment-19761\" style=\"width: 900px\" class=\"wp-caption alignnone\"><img loading=\"lazy\" decoding=\"async\" class=\"size-full wp-image-19761\" src=\"https:\/\/livinghome.vn\/thiet-bi\/wp-content\/uploads\/loc-nuoc\/3m\/may-loc-nuoc-nong-lanh-3m\/may-loc-nuoc-nong-lanh-3m-vn2-3v\/may-loc-nuoc-nong-lanh-3m-vn2-3v-7.jpg\" alt=\"M\u00e1y L\u1ecdc N\u01b0\u1edbc N\u00f3ng l\u1ea1nh 3M VN2 3V 22 L\u00edt nh\u1eadp kh\u1ea9u M\u1ef9\" width=\"900\" height=\"900\" title=\"\" srcset=\"https:\/\/livinghome.vn\/thiet-bi\/wp-content\/uploads\/loc-nuoc\/3m\/may-loc-nuoc-nong-lanh-3m\/may-loc-nuoc-nong-lanh-3m-vn2-3v\/may-loc-nuoc-nong-lanh-3m-vn2-3v-7.jpg 900w, https:\/\/livinghome.vn\/thiet-bi\/wp-content\/uploads\/loc-nuoc\/3m\/may-loc-nuoc-nong-lanh-3m\/may-loc-nuoc-nong-lanh-3m-vn2-3v\/may-loc-nuoc-nong-lanh-3m-vn2-3v-7-400x400.jpg 400w, https:\/\/livinghome.vn\/thiet-bi\/wp-content\/uploads\/loc-nuoc\/3m\/may-loc-nuoc-nong-lanh-3m\/may-loc-nuoc-nong-lanh-3m-vn2-3v\/may-loc-nuoc-nong-lanh-3m-vn2-3v-7-800x800.jpg 800w, https:\/\/livinghome.vn\/thiet-bi\/wp-content\/uploads\/loc-nuoc\/3m\/may-loc-nuoc-nong-lanh-3m\/may-loc-nuoc-nong-lanh-3m-vn2-3v\/may-loc-nuoc-nong-lanh-3m-vn2-3v-7-280x280.jpg 280w, https:\/\/livinghome.vn\/thiet-bi\/wp-content\/uploads\/loc-nuoc\/3m\/may-loc-nuoc-nong-lanh-3m\/may-loc-nuoc-nong-lanh-3m-vn2-3v\/may-loc-nuoc-nong-lanh-3m-vn2-3v-7-768x768.jpg 768w, https:\/\/livinghome.vn\/thiet-bi\/wp-content\/uploads\/loc-nuoc\/3m\/may-loc-nuoc-nong-lanh-3m\/may-loc-nuoc-nong-lanh-3m-vn2-3v\/may-loc-nuoc-nong-lanh-3m-vn2-3v-7-300x300.jpg 300w, https:\/\/livinghome.vn\/thiet-bi\/wp-content\/uploads\/loc-nuoc\/3m\/may-loc-nuoc-nong-lanh-3m\/may-loc-nuoc-nong-lanh-3m-vn2-3v\/may-loc-nuoc-nong-lanh-3m-vn2-3v-7-600x600.jpg 600w, https:\/\/livinghome.vn\/thiet-bi\/wp-content\/uploads\/loc-nuoc\/3m\/may-loc-nuoc-nong-lanh-3m\/may-loc-nuoc-nong-lanh-3m-vn2-3v\/may-loc-nuoc-nong-lanh-3m-vn2-3v-7-100x100.jpg 100w\" sizes=\"auto, (max-width: 900px) 100vw, 900px\" \/><figcaption id=\"caption-attachment-19761\" class=\"wp-caption-text\">S\u1ea3n ph\u1ea9m L\u1ecdc n\u01b0\u1edbc 3M \u0111\u01b0\u1ee3c c\u00e1c th\u01b0\u01a1ng hi\u1ec7u h\u00e0ng \u0111\u1ea7u F&amp;B s\u1eed d\u1ee5ng h\u1eb1ng ng\u00e0y trong ho\u1ea1t \u0111\u1ed9ng kinh doanh<\/figcaption><\/figure>\n<h2>Xu\u1ea5t x\u1ee9<\/h2>\n<ul>\n<li>M\u00e1y l\u1ecdc n\u01b0\u1edbc 3M FF100 s\u1ea3n xu\u1ea5t t\u1ea1i M\u1ef9<\/li>\n<li>M\u00e3 h\u00e0ng qu\u1ed1c t\u1ebf<\/li>\n<li>V\u1ecf m\u00e1y \u0111\u01b0\u1ee3c s\u1ea3n xu\u1ea5t t\u1ea1i PRC, c\u00f3 tem 3M ch\u00ednh h\u00e3ng<\/li>\n<\/ul>\n<h2>H\u01b0\u1edbng d\u1eabn b\u1ea3o qu\u1ea3n b\u1ed9 l\u1ecdc 3M<\/h2>\n<p>N\u1ebfu b\u1ed9 l\u1ecdc n\u01b0\u1edbc kh\u00f4ng \u0111\u01b0\u1ee3c s\u1eed d\u1ee5ng trong m\u1ed9t th\u1eddi gian ng\u1eafn, b\u1ea1n n\u00ean th\u00e1o b\u1ed9 l\u1ecdc ra, \u0111\u1ed5 s\u1ea1ch n\u01b0\u1edbc v\u00e0 gi\u1eef b\u1ed9 l\u1ecdc trong t\u00fai nh\u1ef1a m\u1edbi, ni\u00eam phong v\u00e0 \u0111\u1eb7t trong t\u1ee7 l\u1ea1nh.<\/p>\n<p>&nbsp;<\/p>\n<h2>C\u00f4ng ngh\u1ec7 l\u1ecdc n\u01b0\u1edbc tr\u1ef1c ti\u1ebfp l\u00e0 g\u00ec?<\/h2>\n<p>N\u00f3i \u0111\u01a1n gi\u1ea3n c\u00f4ng ngh\u1ec7 l\u1ecdc n\u01b0\u1edbc tr\u1ef1c ti\u1ebfp l\u00e0 c\u00f4ng ngh\u1ec7 ch\u1ec9 s\u1eed d\u1ee5ng \u00e1p l\u1ef1c n\u01b0\u1edbc t\u1ef1 nhi\u00ean \u0111\u1ec3 l\u1ecdc c\u00e1c t\u1ea1p ch\u1ea5t vi khu\u1ea9n v\u00e0 gi\u1eef l\u1ea1i to\u00e0n b\u1ed9 kho\u00e1ng ch\u1ea5t c\u00f3 l\u1ee3i cho s\u1ee9c kh\u1ecfe m\u00e0 kh\u00f4ng c\u1ea7n d\u00f9ng \u0111\u1ebfn qu\u00e1 nhi\u1ec1u c\u1ea5p l\u1ecdc n\u01b0\u1edbc kh\u00e1c nhau,kh\u00f4ng ph\u1ea3i d\u00f9ng \u0111i\u1ec7n v\u00e0 ho\u00e0n kh\u00f4ng kh\u00f4ng c\u00f3 n\u01b0\u1edbc th\u1ea3i ra.<\/p>\n<p>Hi\u1ec7n c\u00f4ng ngh\u1ec7 l\u1ecdc n\u01b0\u1edbc tr\u1ef1c ti\u1ebfp d\u1ea1ng nh\u01b0 c\u1ee7a l\u1ecdc n\u01b0\u1edbc 3M hi\u1ec7n \u0111\u01b0\u1ee3c s\u1eed d\u1ee5ng r\u1ed9ng r\u00e3i \u1edf c\u00e1c n\u01b0\u1edbc Ch\u00e2u \u00c2u v\u00e0 B\u1eafc M\u1ef9.<\/p>\n<p>&nbsp;<\/p>\n","protected":false},"excerpt":{"rendered":"<h2>C\u00e2y L\u1ecdc N\u01b0\u1edbc N\u00f3ng L\u1ea1nh 3M VN2 3V 22 L\u00edt<\/h2>\n<ul>\n<li>C\u00f4ng su\u1ea5t l\u1ecdc 22.712 L\u00edt<\/li>\n<li>T\u1ed1c \u0111\u1ed9 9.5 L\u00edt\/ph\u00fat<\/li>\n<li>V\u1eadt li\u1ec7u V\u1ecf m\u00e1y \u0111\u01b0\u1ee3c s\u01a1n t\u0129nh \u0111i\u1ec7n kh\u00f4ng nhi\u1ec5m t\u1eeb<\/li>\n<li>L\u00f5i l\u1ecdc thay th\u1ebf 3M HF40-S<\/li>\n<li>Th\u1eddi h\u1ea1n s\u1eed d\u1ee5ng b\u1ed9 l\u1ecdc 12 th\u00e1ng<\/li>\n<li>K\u00edch th\u01b0\u1edbc (cao x r\u1ed9ng x s\u00e2u) 117.3 x 32.5 x 44 cm<\/li>\n<li>Tr\u1ecdng l\u01b0\u1ee3ng 19kg<\/li>\n<\/ul>\n","protected":false},"featured_media":3412,"comment_status":"open","ping_status":"closed","template":"","meta":[],"product_brand":[],"product_cat":[785,400,401],"product_tag":[402,786,787,404,403,405],"class_list":{"0":"post-3306","1":"product","2":"type-product","3":"status-publish","4":"has-post-thumbnail","6":"product_cat-may-loc-nuoc-nong-lanh","7":"product_cat-may-loc-nuoc-3m","8":"product_cat-thuong-hieu-may-loc-nuoc-3m","9":"product_tag-3m","10":"product_tag-cay-loc-nuoc-nong-lanh","11":"product_tag-cay-nong-lanh","12":"product_tag-may-loc-nuoc","13":"product_tag-may-loc-nuoc-3m","14":"product_tag-may-loc-nuoc-nong-lanh","16":"first","17":"instock","18":"shipping-taxable","19":"purchasable","20":"product-type-simple"},"_links":{"self":[{"href":"https:\/\/livinghome.vn\/thiet-bi\/wp-json\/wp\/v2\/product\/3306","targetHints":{"allow":["GET"]}}],"collection":[{"href":"https:\/\/livinghome.vn\/thiet-bi\/wp-json\/wp\/v2\/product"}],"about":[{"href":"https:\/\/livinghome.vn\/thiet-bi\/wp-json\/wp\/v2\/types\/product"}],"replies":[{"embeddable":true,"href":"https:\/\/livinghome.vn\/thiet-bi\/wp-json\/wp\/v2\/comments?post=3306"}],"wp:featuredmedia":[{"embeddable":true,"href":"https:\/\/livinghome.vn\/thiet-bi\/wp-json\/wp\/v2\/media\/3412"}],"wp:attachment":[{"href":"https:\/\/livinghome.vn\/thiet-bi\/wp-json\/wp\/v2\/media?parent=3306"}],"wp:term":[{"taxonomy":"product_brand","embeddable":true,"href":"https:\/\/livinghome.vn\/thiet-bi\/wp-json\/wp\/v2\/product_brand?post=3306"},{"taxonomy":"product_cat","embeddable":true,"href":"https:\/\/livinghome.vn\/thiet-bi\/wp-json\/wp\/v2\/product_cat?post=3306"},{"taxonomy":"product_tag","embeddable":true,"href":"https:\/\/livinghome.vn\/thiet-bi\/wp-json\/wp\/v2\/product_tag?post=3306"}],"curies":[{"name":"wp","href":"https:\/\/api.w.org\/{rel}","templated":true}]}}