{"id":3299,"date":"2023-01-12T18:01:00","date_gmt":"2023-01-12T18:01:00","guid":{"rendered":"https:\/\/livinghome.vn\/thiet-bi\/?post_type=product&#038;p=3299"},"modified":"2024-11-29T14:20:20","modified_gmt":"2024-11-29T07:20:20","slug":"may-loc-nuoc-nong-lanh-doc-lap-3m-cs3-2v-34-lit","status":"publish","type":"product","link":"https:\/\/livinghome.vn\/thiet-bi\/may-loc-nuoc-nong-lanh-doc-lap-3m-cs3-2v-34-lit\/","title":{"rendered":"M\u00e1y l\u1ecdc n\u01b0\u1edbc n\u00f3ng l\u1ea1nh \u0111\u1ed9c l\u1eadp 3M CS3 2V 34 l\u00edt nh\u1eadp kh\u1ea9u M\u1ef9"},"content":{"rendered":"<h2>M\u00e1y l\u1ecdc n\u01b0\u1edbc n\u00f3ng l\u1ea1nh \u0111\u1ed9c l\u1eadp 3M CS3 2V 34l\u00edt c\u00f3 g\u00ec n\u1ed5i b\u1eadt<\/h2>\n<ul>\n<li id=\"input_line_0\"><span id=\"input_part_0\" class=\"\" data-mention=\"C\u00f4ng su\u1ea5t l\u1ecdc 34.069 L\u00edt (t\u00ednh tr\u00ean ngu\u1ed3n n\u01b0\u1edbc \u0111\u1ea7u v\u00e0o l\u00e0 n\u01b0\u1edbc m\u00e1y, th\u1ef1c t\u1ebf c\u00f3 th\u1ec3 t\u0103ng gi\u1ea3m tu\u1ef3 ch\u1ea5t l\u01b0\u1ee3ng n\u01b0\u1edbc \u0111\u1ea7u v\u00e0o)\">C\u00f4ng su\u1ea5t l\u1ecdc 34.069 L\u00edt (t\u00ednh tr\u00ean ngu\u1ed3n n\u01b0\u1edbc \u0111\u1ea7u v\u00e0o l\u00e0 n\u01b0\u1edbc m\u00e1y, th\u1ef1c t\u1ebf c\u00f3 th\u1ec3 t\u0103ng gi\u1ea3m tu\u1ef3 ch\u1ea5t l\u01b0\u1ee3ng n\u01b0\u1edbc \u0111\u1ea7u v\u00e0o)<\/span><\/li>\n<li id=\"input_line_1\"><span id=\"input_part_0\" class=\"\" data-mention=\"L\u01b0u l\u01b0\u1ee3ng n\u01b0\u1edbc qua b\u1ed9 l\u1ecdc 5.7 L\u00edt\/ph\u00fat\">L\u01b0u l\u01b0\u1ee3ng n\u01b0\u1edbc qua b\u1ed9 l\u1ecdc 5.7 L\u00edt\/ph\u00fat<\/span><\/li>\n<\/ul>\n<h3>K\u00edch th\u01b0\u1edbc v\u00e0 tr\u1ecdng l\u01b0\u1ee3ng s\u1ea3n ph\u1ea9m<\/h3>\n<div>\n<ul>\n<li id=\"input_line_2\"><span id=\"input_part_0\" class=\"\" data-mention=\"K\u00edch th\u01b0\u1edbc (cao x r\u1ed9ng x s\u00e2u) 1120 x 340 x 420 mm\">K\u00edch th\u01b0\u1edbc (cao x r\u1ed9ng x s\u00e2u) 1120 x 340 x 420 mm<\/span><\/li>\n<li id=\"input_line_3\"><span id=\"input_part_0\" class=\"\" data-mention=\"Tr\u1ecdng l\u01b0\u1ee3ng (khi \u0111\u1ea7y n\u01b0\u1edbc) 25kg\">Tr\u1ecdng l\u01b0\u1ee3ng (khi \u0111\u1ea7y n\u01b0\u1edbc) 25kg<\/span><\/li>\n<\/ul>\n<div>\n<div><\/div>\n<\/div>\n<\/div>\n<figure id=\"attachment_64439\" aria-describedby=\"caption-attachment-64439\" style=\"width: 800px\" class=\"wp-caption alignnone\"><img loading=\"lazy\" decoding=\"async\" class=\"wp-image-64439 size-large\" src=\"https:\/\/livinghome.vn\/thiet-bi\/wp-content\/uploads\/loc-nuoc\/3m\/may-loc-nuoc-nong-lanh-3m\/may-loc-nuoc-nong-lanh-3m-cs3-2v\/may-loc-nuoc-nong-lanh-3m-cs3-2v-5-800x800.jpg\" alt=\"M\u00e1y l\u1ecdc n\u01b0\u1edbc n\u00f3ng l\u1ea1nh \u0111\u1ed9c l\u1eadp 3M CS3 2V 34l\u00edt \" width=\"800\" height=\"800\" title=\"\"><figcaption id=\"caption-attachment-64439\" class=\"wp-caption-text\">M\u00e1y l\u1ecdc n\u01b0\u1edbc n\u00f3ng l\u1ea1nh \u0111\u1ed9c l\u1eadp 3M CS3 2V si\u00eau c\u00f4ng su\u1ea5t, \u0111a ch\u1ee9c n\u0103ng<\/figcaption><\/figure>\n<div>\n<div>\n<div>\n<h3><span id=\"cong-nghe-vat-lieu-ben-bi-an-toan-tuyet-doi\">C\u00f4ng ngh\u1ec7 &amp; V\u1eadt li\u1ec7u b\u1ec3n b\u1ec9 an to\u00e0n tuy\u1ec7t \u0111\u1ed1i<\/span><\/h3>\n<\/div>\n<\/div>\n<\/div>\n<ul>\n<li id=\"input_line_4\"><span id=\"input_part_0\" class=\"\" data-mention=\"C\u00f4ng ngh\u1ec7 l\u1ecdc 3M Carbon Block Filtration Technology\">C\u00f4ng ngh\u1ec7 l\u1ecdc 3M Carbon Block Filtration Technology<\/span><\/li>\n<li id=\"input_line_5\"><span id=\"input_part_0\" class=\"\" data-mention=\"V\u1eadt li\u1ec7u (b\u1ed9 l\u1ecdc) Kh\u1ed1i Zeta Carbon ho\u1ea1t t\u00ednh cao c\u1ea5p \u0111\u01b0\u1ee3c ng\u00e2m t\u1ea9m b\u1ea1c c\u00f4ng su\u1ea5t cao\">V\u1eadt li\u1ec7u (b\u1ed9 l\u1ecdc) Kh\u1ed1i Zeta Carbon ho\u1ea1t t\u00ednh cao c\u1ea5p \u0111\u01b0\u1ee3c ng\u00e2m t\u1ea9m b\u1ea1c c\u00f4ng su\u1ea5t cao<\/span><\/li>\n<\/ul>\n<figure id=\"attachment_64440\" aria-describedby=\"caption-attachment-64440\" style=\"width: 800px\" class=\"wp-caption alignnone\"><img loading=\"lazy\" decoding=\"async\" class=\"wp-image-64440 size-large\" src=\"https:\/\/livinghome.vn\/thiet-bi\/wp-content\/uploads\/loc-nuoc\/3m\/may-loc-nuoc-nong-lanh-3m\/may-loc-nuoc-nong-lanh-3m-cs3-2v\/may-loc-nuoc-nong-lanh-3m-cs3-2v-2-800x800.jpg\" alt=\"M\u00e1y l\u1ecdc n\u01b0\u1edbc n\u00f3ng l\u1ea1nh \u0111\u1ed9c l\u1eadp 3M CS3 2V 34l\u00edt \" width=\"800\" height=\"800\" title=\"\"><figcaption id=\"caption-attachment-64440\" class=\"wp-caption-text\">M\u00e1y l\u1ecdc n\u01b0\u1edbc n\u00f3ng l\u1ea1nh \u0111\u1ed9c l\u1eadp 3M CS3 2V c\u00f4ng su\u1ea5t l\u00ean \u0111\u1ebfn 34l\u00edt<\/figcaption><\/figure>\n<h3><span id=\"chat-luong-nuoc-thanh-pham-sau-khi-duoc-loc\">Ch\u1ea5t l\u01b0\u1ee3ng n\u01b0\u1edbc th\u00e0nh ph\u1ea9m sau khi \u0111\u01b0\u1ee3c l\u1ecdc<\/span><\/h3>\n<ul>\n<li>C\u00e1c th\u00e0nh ph\u1ea7n lo\u1ea1i b\u1ecf\n<ul>\n<li>Clo d\u01b0, m\u00f9i clo, m\u00f9i h\u00f4i n\u1ea5m m\u1ed1c<\/li>\n<li>C\u1eb7n b\u1ea9n t\u1ea1p ch\u1ea5t,t\u00ednh n\u0103ng ch\u1ed1ng b\u00e1m c\u1eb7n gi\u00fap kh\u00f4ng ra c\u1eb7n khi l\u00e0m \u0111\u00e1 ho\u1eb7c \u0111un n\u01b0\u1edbc n\u00f3ng, ch\u1ed1ng ngh\u1eb9t \u0111\u01b0\u1eddng \u1ed1ng, \u0103n m\u00f2n \u0111\u01b0\u1eddng \u1ed1ng c\u1ee7a m\u00e1y pha cafe vi khu\u1ea9n c\u00f3 k\u00edch th\u01b0\u1edbc l\u1edbn h\u01a1n 0.5 micron<\/li>\n<li>M\u1ea7m u nang, k\u00fd sinh tr\u00f9ng<\/li>\n<\/ul>\n<\/li>\n<\/ul>\n<figure id=\"attachment_64444\" aria-describedby=\"caption-attachment-64444\" style=\"width: 800px\" class=\"wp-caption alignnone\"><img loading=\"lazy\" decoding=\"async\" class=\"wp-image-64444 size-large\" src=\"https:\/\/livinghome.vn\/thiet-bi\/wp-content\/uploads\/loc-nuoc\/3m\/may-loc-nuoc-nong-lanh-3m\/may-loc-nuoc-nong-lanh-3m-cs3-2v\/may-loc-nuoc-nong-lanh-3m-cs3-2v-4-800x800.jpg\" alt=\"M\u00e1y l\u1ecdc n\u01b0\u1edbc n\u00f3ng l\u1ea1nh \u0111\u1ed9c l\u1eadp 3M CS3 2V 34l\u00edt \" width=\"800\" height=\"800\" title=\"\"><figcaption id=\"caption-attachment-64444\" class=\"wp-caption-text\">M\u00e1y l\u1ecdc n\u01b0\u1edbc n\u00f3ng l\u1ea1nh \u0111\u1ed9c l\u1eadp 3M CS3 2V v\u1edbi c\u00f4ng ngh\u1ec7 l\u1ecdc carbon th\u1ebf h\u1ec7 m\u1edbi<\/figcaption><\/figure>\n<h3>H\u01b0\u1edbng d\u1eabn s\u1eed d\u1ee5ng v\u00e0 l\u1eafp \u0111\u1eb7t M\u00e1y l\u1ecdc n\u01b0\u1edbc n\u00f3ng l\u1ea1nh \u0111\u1ed9c l\u1eadp 3M CS3 2V<\/h3>\n<ul>\n<li>X\u1ea3 n\u01b0\u1edbc \u00edt nh\u1ea5t 10 ph\u00fat ho\u1eb7c \u0111\u1ebfn khi n\u01b0\u1edbc trong tr\u01b0\u1edbc l\u1ea7n s\u1eed d\u1ee5ng \u0111\u1ea7u ti\u00ean<\/li>\n<li>Kh\u00f4ng l\u1eafp h\u1ec7 th\u1ed1ng l\u1ecdc d\u01b0\u1edbi \u00e1nh s\u00e1ng m\u1eb7t tr\u1eddi tr\u1ef1c ti\u1ebfp<\/li>\n<li>Ch\u1eeba kho\u1ea3ng tr\u1ed1ng t\u1ed1i thi\u1ec3u kho\u1ea3ng 7.6 cm t\u1eeb m\u1eb7t s\u00e0n t\u1edbi \u0111\u00e1y b\u1ed9 l\u1ecdc<\/li>\n<li>Nhi\u1ec7t \u0111\u1ed9 n\u01b0\u1edbc \u0111\u1ea7u v\u00e0o: 4.4 \u0111\u1ed9 C &#8211; cao nh\u1ea5t 37.8 \u0111\u1ed9 C<\/li>\n<li>Nhi\u1ec7t \u0111\u1ed9 n\u01b0\u1edbc n\u00f3ng: 80 &#8211; 90 \u0111\u1ed9 C \/ Nhi\u1ec7t \u0111\u1ed9 n\u01b0\u1edbc ngu\u1ed9i: 5 &#8211; 10 \u0111\u1ed9 C<\/li>\n<li>\u00c1p su\u1ea5t n\u01b0\u1edbc \u0111\u1ea7u v\u00e0o: 172 &#8211; 862 Kpa (t\u01b0\u01a1ng \u0111\u01b0\u01a1ng 17 &#8211; 86 m\u00e9t c\u1ed9t n\u01b0\u1edbc)<\/li>\n<li>Dung t\u00edch b\u00ecnh n\u00f3ng\/l\u1ea1nh\/ngu\u1ed9i: 1\/1\/7 L\u00edt<\/li>\n<\/ul>\n<p><em><strong>*Ti\u00eau chu\u1ea9n n\u01b0\u1edbc \u0111\u1ea7u v\u00e0o l\u00e0 n\u01b0\u1edbc m\u00e1y ho\u1eb7c n\u01b0\u1edbc \u0111\u1ea1t ti\u00eau chu\u1ea9n QCVN 1: 2009\/BYT<\/strong><\/em><\/p>\n<figure id=\"attachment_64443\" aria-describedby=\"caption-attachment-64443\" style=\"width: 800px\" class=\"wp-caption alignnone\"><img loading=\"lazy\" decoding=\"async\" class=\"wp-image-64443 size-large\" src=\"https:\/\/livinghome.vn\/thiet-bi\/wp-content\/uploads\/loc-nuoc\/3m\/may-loc-nuoc-nong-lanh-3m\/may-loc-nuoc-nong-lanh-3m-cs3-2v\/may-loc-nuoc-nong-lanh-3m-cs3-2v-8-800x800.jpg\" alt=\"M\u00e1y l\u1ecdc n\u01b0\u1edbc n\u00f3ng l\u1ea1nh \u0111\u1ed9c l\u1eadp 3M CS3 2V 34l\u00edt \" width=\"800\" height=\"800\" title=\"\"><figcaption id=\"caption-attachment-64443\" class=\"wp-caption-text\">M\u00e1y l\u1ecdc n\u01b0\u1edbc n\u00f3ng l\u1ea1nh \u0111\u1ed9c l\u1eadp 3M CS3 2V 34l\u00edt<\/figcaption><\/figure>\n<h3>Chi ti\u1ebft ph\u1ee5 ki\u1ec7n<\/h3>\n<ul>\n<li>B\u1ed9 l\u1ecdc 3M BREW120-MS (Bao g\u1ed3m \u0111\u1ea7u ch\u1ee5p) &#8211; SL: 1 B\u1ed9<\/li>\n<li>T s\u1eaft c\u00f3 van kh\u00f3a &#8211; SL: 1 c\u00e1i<\/li>\n<li>Co r\u0103ng ngo\u00e0i Phi 17 ra \u1ed1ng 10 &#8211; SL: 1 c\u00e1i<\/li>\n<li>Co r\u0103ng ngo\u00e0i Phi 17 ra \u1ed1ng 6 &#8211; SL: 1 c\u00e1i<\/li>\n<li>\u1ed0ng phi 10 &#8211; SL: 1 m\u00e9t<\/li>\n<\/ul>\n<p>(B\u1ed9 ph\u1ee5 ki\u1ec7n ti\u00eau chu\u1ea9n \u0111i k\u00e8m m\u00e1y. C\u00f3 th\u1ec3 ph\u00e1t sinh th\u00eam ph\u1ee5 ki\u1ec7n t\u00f9y theo \u0111i\u1ec1u ki\u1ec7n l\u1eafp \u0111\u1eb7t t\u1ea1i nh\u00e0 kh\u00e1ch. Kh\u00e1ch tr\u1ea3 ph\u00ed cho ph\u1ea7n ph\u1ee5 ki\u1ec7n ph\u00e1t sinh)<\/p>\n<figure id=\"attachment_64446\" aria-describedby=\"caption-attachment-64446\" style=\"width: 800px\" class=\"wp-caption alignnone\"><img loading=\"lazy\" decoding=\"async\" class=\"wp-image-64446 size-large\" src=\"https:\/\/livinghome.vn\/thiet-bi\/wp-content\/uploads\/loc-nuoc\/3m\/may-loc-nuoc-nong-lanh-3m\/may-loc-nuoc-nong-lanh-3m-cs3-2v\/may-loc-nuoc-nong-lanh-3m-cs3-2v-1-800x800.jpg\" alt=\"M\u00e1y l\u1ecdc n\u01b0\u1edbc n\u00f3ng l\u1ea1nh \u0111\u1ed9c l\u1eadp 3M CS3 2V 34l\u00edt \" width=\"800\" height=\"800\" title=\"\"><figcaption id=\"caption-attachment-64446\" class=\"wp-caption-text\">M\u00e1y l\u1ecdc n\u01b0\u1edbc n\u00f3ng l\u1ea1nh \u0111\u1ed9c l\u1eadp 3M CS3 2V c\u00f3 nhi\u1ec1u t\u00ednh n\u0103ng v\u01b0\u1ee3t tr\u1ed9i<\/figcaption><\/figure>\n<h3><span id=\"cac-chung-nhan-quoc-te-va-viet-nam-da-duoc-kiem-dinh\">C\u00e1c ch\u1ee9ng nh\u1eadn Qu\u1ed1c t\u1ebf v\u00e0 Vi\u1ec7t Nam \u0111\u00e3 \u0111\u01b0\u1ee3c ki\u1ec3m \u0111\u1ecbnh<\/span><\/h3>\n<ul>\n<li>\u0110\u1ea1t ch\u1ee9ng nh\u1eadn NSF42, NSF53 c\u1ee7a Trung t\u00e2m h\u1ee3p t\u00e1c An to\u00e0n th\u1ef1c ph\u1ea9m v\u00e0 n\u01b0\u1edbc u\u1ed1ng thu\u1ed9c T\u1ed5 ch\u1ee9c y t\u1ebf th\u1ebf gi\u1edbi (WHO)<\/li>\n<li>\u0110\u1ea1t ti\u00eau chu\u1ea9n do Hi\u1ec7p h\u1ed9i ch\u1ea5t l\u01b0\u1ee3ng n\u01b0\u1edbc qu\u1ed1c t\u1ebf WQA ch\u1ee9ng nh\u1eadn<\/li>\n<li>N\u01b0\u1edbc sau l\u1ecdc \u0111\u1ea1t chu\u1ea9n n\u01b0\u1edbc u\u1ed1ng tr\u1ef1c ti\u1ebfp theo ti\u00eau chu\u1ea9n B\u1ed9 Y T\u1ebf ban h\u00e0nh<\/li>\n<\/ul>\n<figure id=\"attachment_64445\" aria-describedby=\"caption-attachment-64445\" style=\"width: 800px\" class=\"wp-caption alignnone\"><img loading=\"lazy\" decoding=\"async\" class=\"wp-image-64445 size-large\" src=\"https:\/\/livinghome.vn\/thiet-bi\/wp-content\/uploads\/loc-nuoc\/3m\/may-loc-nuoc-nong-lanh-3m\/may-loc-nuoc-nong-lanh-3m-cs3-2v\/may-loc-nuoc-nong-lanh-3m-cs3-2v-7-800x800.jpg\" alt=\"M\u00e1y l\u1ecdc n\u01b0\u1edbc n\u00f3ng l\u1ea1nh \u0111\u1ed9c l\u1eadp 3M CS3 2V 34l\u00edt \" width=\"800\" height=\"800\" title=\"\"><figcaption id=\"caption-attachment-64445\" class=\"wp-caption-text\">M\u00e1y l\u1ecdc n\u01b0\u1edbc n\u00f3ng l\u1ea1nh \u0111\u1ed9c l\u1eadp 3M CS3 2V \u0111\u01b0\u1ee3c nhi\u1ec1u th\u01b0\u01a1ng hi\u1ec7u l\u1edbn y\u00eau th\u00edch v\u00e0 tin d\u00f9ng<\/figcaption><\/figure>\n<h3><span id=\"huong-dan-bao-quan-bo-loc-3m\"><span id=\"huong-dan-bao-quan-bo-loc-dung-cho-may-loc-nuoc-3m-dp190\"><span id=\"input_part_0\" class=\"\" data-mention=\"H\u01b0\u1edbng d\u1eabn b\u1ea3o qu\u1ea3n l\u00f5i l\u1ecdc n\u01b0\u1edbc 3M N\u1ebfu b\u1ed9 l\u1ecdc n\u01b0\u1edbc kh\u00f4ng \u0111\u01b0\u1ee3c s\u1eed d\u1ee5ng trong m\u1ed9t th\u1eddi gian ng\u1eafn, b\u1ea1n n\u00ean th\u00e1o b\u1ed9 l\u1ecdc ra, \u0111\u1ed5 s\u1ea1ch n\u01b0\u1edbc v\u00e0 gi\u1eef b\u1ed9 l\u1ecdc trong t\u00fai nh\u1ef1a m\u1edbi, ni\u00eam phong v\u00e0 \u0111\u1eb7t trong t\u1ee7 l\u1ea1nh.\">H\u01b0\u1edbng d\u1eabn b\u1ea3o qu\u1ea3n b\u1ed9 l\u1ecdc 3M<\/span><\/span><\/span><\/h3>\n<ul>\n<li><span id=\"input_part_0\" class=\"\" data-mention=\"H\u01b0\u1edbng d\u1eabn b\u1ea3o qu\u1ea3n l\u00f5i l\u1ecdc n\u01b0\u1edbc 3M N\u1ebfu b\u1ed9 l\u1ecdc n\u01b0\u1edbc kh\u00f4ng \u0111\u01b0\u1ee3c s\u1eed d\u1ee5ng trong m\u1ed9t th\u1eddi gian ng\u1eafn, b\u1ea1n n\u00ean th\u00e1o b\u1ed9 l\u1ecdc ra, \u0111\u1ed5 s\u1ea1ch n\u01b0\u1edbc v\u00e0 gi\u1eef b\u1ed9 l\u1ecdc trong t\u00fai nh\u1ef1a m\u1edbi, ni\u00eam phong v\u00e0 \u0111\u1eb7t trong t\u1ee7 l\u1ea1nh.\">N\u1ebfu b\u1ed9 l\u1ecdc n\u01b0\u1edbc kh\u00f4ng \u0111\u01b0\u1ee3c s\u1eed d\u1ee5ng trong m\u1ed9t th\u1eddi gian ng\u1eafn, b\u1ea1n n\u00ean th\u00e1o b\u1ed9 l\u1ecdc ra, \u0111\u1ed5 s\u1ea1ch n\u01b0\u1edbc v\u00e0 gi\u1eef b\u1ed9 l\u1ecdc trong t\u00fai nh\u1ef1a m\u1edbi, ni\u00eam phong v\u00e0 \u0111\u1eb7t trong t\u1ee7 l\u1ea1nh.<\/span><\/li>\n<\/ul>\n<h2><span id=\"cong-nghe-loc-nuoc-truc-tiep-la-gi\">C\u00f4ng ngh\u1ec7 l\u1ecdc n\u01b0\u1edbc tr\u1ef1c ti\u1ebfp l\u00e0 g\u00ec?<\/span><\/h2>\n<ul>\n<li>N\u00f3i \u0111\u01a1n gi\u1ea3n c\u00f4ng ngh\u1ec7 l\u1ecdc n\u01b0\u1edbc tr\u1ef1c ti\u1ebfp l\u00e0 c\u00f4ng ngh\u1ec7 ch\u1ec9 s\u1eed d\u1ee5ng \u00e1p l\u1ef1c n\u01b0\u1edbc t\u1ef1 nhi\u00ean \u0111\u1ec3 l\u1ecdc c\u00e1c t\u1ea1p ch\u1ea5t vi khu\u1ea9n v\u00e0 gi\u1eef l\u1ea1i to\u00e0n b\u1ed9 kho\u00e1ng ch\u1ea5t c\u00f3 l\u1ee3i cho s\u1ee9c kh\u1ecfe m\u00e0 kh\u00f4ng c\u1ea7n d\u00f9ng \u0111\u1ebfn qu\u00e1 nhi\u1ec1u c\u1ea5p l\u1ecdc n\u01b0\u1edbc kh\u00e1c nhau,kh\u00f4ng ph\u1ea3i d\u00f9ng \u0111i\u1ec7n v\u00e0 ho\u00e0n kh\u00f4ng kh\u00f4ng c\u00f3 n\u01b0\u1edbc th\u1ea3i ra.<\/li>\n<li>Hi\u1ec7n c\u00f4ng ngh\u1ec7 l\u1ecdc n\u01b0\u1edbc tr\u1ef1c ti\u1ebfp d\u1ea1ng nh\u01b0 c\u1ee7a l\u1ecdc n\u01b0\u1edbc 3M hi\u1ec7n \u0111\u01b0\u1ee3c s\u1eed d\u1ee5ng r\u1ed9ng r\u00e3i \u1edf c\u00e1c n\u01b0\u1edbc Ch\u00e2u \u00c2u v\u00e0 B\u1eafc M\u1ef9.<\/li>\n<\/ul>\n<h2>H\u00ecnh \u1ea3nh th\u1ef1c t\u1ebf c\u1ee7a s\u1ea3n ph\u1ea9m l\u1ecdc n\u01b0\u1edbc 3M t\u1ea1i showroom<\/h2>\n\n","protected":false},"excerpt":{"rendered":"<p style=\"text-align: left;\">Thi\u1ebft k\u1ebf m\u1eb7t k\u00ednh sang tr\u1ecdng\u00a0v\u00e0 ki\u1ec3u d\u00e1ng hi\u1ec7n \u0111\u1ea1i v\u1edbi 3 ch\u1ebf \u0111\u1ed9 n\u01b0\u1edbc n\u00f3ng, l\u1ea1nh, ngu\u1ed9i<\/p>\n<p style=\"text-align: left;\">N\u01b0\u1edbc l\u1ecdc s\u1ea1ch khu\u1ea9n, l\u01b0u gi\u1eef kho\u00e1ng ch\u1ea5t d\u00f9ng\u00a0u\u1ed1ng tr\u1ef1c ti\u1ebfp t\u1ea1i v\u00f2i, pha s\u1eefa, pha tr\u00e0 c\u00e0 ph\u00ea, n\u1ea5u m\u00ec g\u00f3i<\/p>\n<p style=\"text-align: left;\">\u1ee8ng d\u1ee5ng\u00a0c\u00f4ng ngh\u1ec7 l\u1ecdc n\u01b0\u1edbc 3M\u00a0ti\u00ean ti\u1ebfn, kh\u00f4ng \u0111i\u1ec7n kh\u00f4ng n\u01b0\u1edbc th\u1ea3i<\/p>\n<p style=\"text-align: left;\">Lo\u1ea1i b\u1ecf vi khu\u1ea9n,\u00a0m\u00f9i clo, m\u00f9i h\u00f4i n\u1ea5m m\u1ed1c, t\u1ea1p ch\u1ea5t, c\u1eb7n b\u1ea9n\u00a0v\u00e0 tr\u1ea7m t\u00edch k\u00edch th\u01b0\u1edbc 0.5\u00a0micron<\/p>\n<p style=\"text-align: left;\">T\u00ednh n\u0103ng ch\u1ed1ng b\u00e1m c\u1eb7n b\u1ea3o v\u1ec7 b\u1ed9 ph\u1eadn gia nhi\u1ec7t ho\u1ea1t\u00a0\u0111\u1ed9ng b\u1ec1n b\u1ec9<\/p>\n<p style=\"text-align: left;\">Thi\u1ebft k\u1ebf l\u00f5i\u00a0SQC\u00a0th\u00f4ng minh, thay l\u00f5i nhanh ch\u00f3ng, d\u1ec5 d\u00e0ng<\/p>\n<p style=\"text-align: left;\">B\u1ed9 l\u1ecdc nh\u1eadp kh\u1ea9u nguy\u00ean \u0111ai nguy\u00ean ki\u1ec7n t\u1eeb M\u1ef9<\/p>\n<p style=\"text-align: left;\">Thay l\u00f5i \u0111\u1ecbnh k\u1ef3 12 th\u00e1ng ho\u1eb7c khi h\u1ebft c\u00f4ng su\u1ea5t<\/p>\n","protected":false},"featured_media":3356,"comment_status":"open","ping_status":"closed","template":"","meta":[],"product_brand":[],"product_cat":[785,400,401],"product_tag":[402,786,787,404,403,405,406],"class_list":{"0":"post-3299","1":"product","2":"type-product","3":"status-publish","4":"has-post-thumbnail","6":"product_cat-may-loc-nuoc-nong-lanh","7":"product_cat-may-loc-nuoc-3m","8":"product_cat-thuong-hieu-may-loc-nuoc-3m","9":"product_tag-3m","10":"product_tag-cay-loc-nuoc-nong-lanh","11":"product_tag-cay-nong-lanh","12":"product_tag-may-loc-nuoc","13":"product_tag-may-loc-nuoc-3m","14":"product_tag-may-loc-nuoc-nong-lanh","15":"product_tag-may-loc-nuoc-nong-lanh-doc-lap","17":"first","18":"instock","19":"shipping-taxable","20":"purchasable","21":"product-type-simple"},"_links":{"self":[{"href":"https:\/\/livinghome.vn\/thiet-bi\/wp-json\/wp\/v2\/product\/3299","targetHints":{"allow":["GET"]}}],"collection":[{"href":"https:\/\/livinghome.vn\/thiet-bi\/wp-json\/wp\/v2\/product"}],"about":[{"href":"https:\/\/livinghome.vn\/thiet-bi\/wp-json\/wp\/v2\/types\/product"}],"replies":[{"embeddable":true,"href":"https:\/\/livinghome.vn\/thiet-bi\/wp-json\/wp\/v2\/comments?post=3299"}],"wp:featuredmedia":[{"embeddable":true,"href":"https:\/\/livinghome.vn\/thiet-bi\/wp-json\/wp\/v2\/media\/3356"}],"wp:attachment":[{"href":"https:\/\/livinghome.vn\/thiet-bi\/wp-json\/wp\/v2\/media?parent=3299"}],"wp:term":[{"taxonomy":"product_brand","embeddable":true,"href":"https:\/\/livinghome.vn\/thiet-bi\/wp-json\/wp\/v2\/product_brand?post=3299"},{"taxonomy":"product_cat","embeddable":true,"href":"https:\/\/livinghome.vn\/thiet-bi\/wp-json\/wp\/v2\/product_cat?post=3299"},{"taxonomy":"product_tag","embeddable":true,"href":"https:\/\/livinghome.vn\/thiet-bi\/wp-json\/wp\/v2\/product_tag?post=3299"}],"curies":[{"name":"wp","href":"https:\/\/api.w.org\/{rel}","templated":true}]}}