{"id":323,"date":"2023-01-12T10:06:21","date_gmt":"2023-01-12T10:06:21","guid":{"rendered":"https:\/\/livinghome.vn\/thiet-bi\/?post_type=product&#038;p=323"},"modified":"2024-11-29T14:21:06","modified_gmt":"2024-11-29T07:21:06","slug":"may-hut-mui-dmestik-es8070-dmk-mau-bac-thiet-ke-sang-trong","status":"publish","type":"product","link":"https:\/\/livinghome.vn\/thiet-bi\/may-hut-mui-dmestik-es8070-dmk-mau-bac-thiet-ke-sang-trong\/","title":{"rendered":"M\u00e1y h\u00fat m\u00f9i Dmestik ES8070 DMK m\u00e0u b\u1ea1c, thi\u1ebft k\u1ebf sang tr\u1ecdng"},"content":{"rendered":"<h2><strong>M\u00e1y h\u00fat m\u00f9i Dmestik ES8070 DMK m\u00e0u b\u1ea1c, thi\u1ebft k\u1ebf sang tr\u1ecdng c\u00f3 g\u00ec n\u1ed5i b\u1eadt<\/strong><\/h2>\n<h3>Gi\u1eddi thi\u1ec7u s\u1ea3n ph\u1ea9m<\/h3>\n<ul>\n<li><a href=\"https:\/\/livinghome.vn\/thiet-bi\/may-hut-mui\/\">M\u00e1y h\u00fat m\u00f9i<\/a> Dmestik ES8070 DMK<\/li>\n<li>M\u00e0u s\u1eafc: M\u00e0u b\u1ea1c.<\/li>\n<li>H\u00fat m\u00f9i k\u00ednh cong, thi\u1ebft k\u1ebf sang tr\u1ecdng.<\/li>\n<li>Ch\u1ea5t li\u1ec7u th\u00e2n m\u00e1y: Th\u00e9p kh\u00f4ng g\u1ec9.<\/li>\n<li>\u0110\u00e8n chi\u1ebfu s\u00e1ng b\u1eb1ng Halogen.<\/li>\n<li>L\u01b0\u1edbi l\u1ecdc b\u1eb1ng h\u1ee3p kim 4 l\u1edbp d\u1ec5 d\u00e0ng th\u00e1o l\u1eafp v\u1ec7 sinh.<\/li>\n<li>H\u1ec7 th\u1ed1ng n\u00fat \u0111i\u1ec1u khi\u1ec3n thu\u1eadn ti\u1ec7n.<\/li>\n<li>D\u1ec5 d\u00e0ng l\u1eafp \u0111\u1eb7t<\/li>\n<li>H\u1ea1n ch\u1ebf t\u1ed1i \u0111a ti\u1ebfng \u1ed3n.<\/li>\n<\/ul>\n<p>M\u00e1y h\u00fat m\u00f9i Dmestik ES8070 DMK c\u00f3 b\u1ea3ng \u0111i\u1ec1u khi\u1ec3n ph\u00edm c\u01a1 g\u1ed3m 3 t\u1ed1c \u0111\u1ed9 + ch\u1ebf \u0111\u1ed9 h\u00fat chuy\u00ean s\u00e2u l\u1ef1a ch\u1ecdn m\u1ee9c \u0111\u1ed9 h\u00fat ph\u00f9 h\u1ee3p v\u1edbi l\u01b0\u1ee3ng m\u00f9i v\u00e0 kh\u00f3i khi n\u1ea5u \u0103n \u0111\u1ec3 \u0111\u1ea3m b\u1ea3o s\u1ea1ch m\u00f9i cho kh\u00f4ng gian b\u1ebfp nh\u00e0 b\u1ea1n. H\u1ec7 th\u1ed1ng \u0111\u00e8n chi\u1ebfu s\u00e1ng c\u1ee7a m\u00e1y g\u1ed3m 2 \u0111\u00e8n led c\u00f3 t\u00e1c d\u1ee5ng chi\u1ebfu s\u00e1ng v\u00e0 l\u00e0m cho c\u00f4ng vi\u1ec7c n\u1ea5u \u0103n th\u00eam thu\u1eadn l\u1ee3i. L\u01b0\u1edbi l\u1ecdc m\u1ee1 b\u1eb1ng h\u1ee3p kim g\u1ed3m nhi\u1ec1u l\u1edbp \u0111\u1ec3 ng\u0103n ch\u1eb7n tri\u1ec7t \u0111\u1ec3 m\u00f9i, b\u1ee5i l\u1ecdt v\u00e0o b\u00ean trong m\u00e1y g\u00e2y h\u1ecfng \u0111\u1ed9ng c\u01a1. T\u1ea5m l\u01b0\u1edbi n\u00e0y c\u00f3 th\u1ec3 th\u00e1o r\u1eddi \u0111\u1ec3 v\u1ec7 sinh m\u1ed9t c\u00e1ch d\u1ec5 d\u00e0ng.<\/p>\n<figure id=\"attachment_53444\" aria-describedby=\"caption-attachment-53444\" style=\"width: 800px\" class=\"wp-caption aligncenter\"><img loading=\"lazy\" decoding=\"async\" class=\"wp-image-53444 size-large\" src=\"https:\/\/livinghome.vn\/thiet-bi\/wp-content\/uploads\/nha-bep\/dmestik\/may-hut-mui\/may-hut-mui-dmestik-es-8070-dmk\/may-hut-mui-dmestik-es-8070-dmk-1-800x800.jpg\" alt=\"M\u00e1y h\u00fat m\u00f9i Dmestik ES8070 DMK m\u00e0u b\u1ea1c, thi\u1ebft k\u1ebf sang tr\u1ecdng c\u00f3 g\u00ec n\u1ed5i b\u1eadt\" width=\"800\" height=\"800\" title=\"\"><figcaption id=\"caption-attachment-53444\" class=\"wp-caption-text\">M\u00e1y h\u00fat m\u00f9i Dmestik ES8070 DMK m\u00e0u b\u1ea1c, thi\u1ebft k\u1ebf sang tr\u1ecdng<\/figcaption><\/figure>\n<h3>Th\u00f4ng tin k\u1ef9 thu\u1eadt<\/h3>\n<ul>\n<li>\u0110\u00e8n led chi\u1ebfu s\u00e1ng: 2&#215;50 W<\/li>\n<li>K\u00edch th\u01b0\u1edbc: 700 x 500mm<\/li>\n<li>\u1ed0ng x\u1ea3:\u00a0\u00d8 150\/125 mm<\/li>\n<li>C\u00f4ng su\u1ea5t \u0111\u1ed9ng c\u01a1: 240 W<\/li>\n<li>\u00c1p su\u1ea5t ( t\u1ed1i \u0111a): 430 Pa<\/li>\n<li>C\u00f4ng su\u1ea5t h\u00fat: 1100 m3\/h<\/li>\n<li>\u0110\u1ed9 \u1ed3n ( t\u1ed1i \u0111a): =&lt;48\u00a0dBA<\/li>\n<li>Xu\u1ea5t x\u1ee9: CNA Group T\u00e2y Ban Nha<\/li>\n<li>B\u1ea3o h\u00e0nh ch\u00ednh h\u00e3ng: 3 n\u0103m<\/li>\n<\/ul>\n","protected":false},"excerpt":{"rendered":"<p style=\"text-align: center;\">\u0110\u00e8n led chi\u1ebfu s\u00e1ng: 2&#215;50 W<\/p>\n<p style=\"text-align: center;\">K\u00edch th\u01b0\u1edbc: 700 x 500mm<\/p>\n<p style=\"text-align: center;\">\u1ed0ng x\u1ea3:\u00a0\u00d8 150\/125 mm<\/p>\n<p style=\"text-align: center;\">C\u00f4ng su\u1ea5t \u0111\u1ed9ng c\u01a1: 240 W<\/p>\n<p style=\"text-align: center;\">\u00c1p su\u1ea5t ( t\u1ed1i \u0111a): 430 Pa<\/p>\n<p style=\"text-align: center;\">C\u00f4ng su\u1ea5t h\u00fat: 1100 m3\/h<\/p>\n<p style=\"text-align: center;\">\u0110\u1ed9 \u1ed3n ( t\u1ed1i \u0111a): =&lt;48\u00a0dBA<\/p>\n<p style=\"text-align: center;\">L\u01b0\u1edbi l\u1ecdc b\u1eb1ng h\u1ee3p kim 4 l\u1edbp d\u1ec5 d\u00e0ng th\u00e1o l\u1eafp v\u1ec7 sinh.<\/p>\n","protected":false},"featured_media":386,"comment_status":"open","ping_status":"closed","template":"","meta":[],"product_brand":[],"product_cat":[84,89,72],"product_tag":[74,86,88,90],"class_list":{"0":"post-323","1":"product","2":"type-product","3":"status-publish","4":"has-post-thumbnail","6":"product_cat-may-hut-mui","7":"product_cat-may-hut-mui-gan-tuong","8":"product_cat-thuong-hieu-dmestik","9":"product_tag-dmestik","10":"product_tag-may-hut-mui","11":"product_tag-may-hut-mui-dmestik","12":"product_tag-may-hut-mui-gan-tuong","14":"first","15":"instock","16":"sale","17":"shipping-taxable","18":"purchasable","19":"product-type-simple"},"_links":{"self":[{"href":"https:\/\/livinghome.vn\/thiet-bi\/wp-json\/wp\/v2\/product\/323","targetHints":{"allow":["GET"]}}],"collection":[{"href":"https:\/\/livinghome.vn\/thiet-bi\/wp-json\/wp\/v2\/product"}],"about":[{"href":"https:\/\/livinghome.vn\/thiet-bi\/wp-json\/wp\/v2\/types\/product"}],"replies":[{"embeddable":true,"href":"https:\/\/livinghome.vn\/thiet-bi\/wp-json\/wp\/v2\/comments?post=323"}],"wp:featuredmedia":[{"embeddable":true,"href":"https:\/\/livinghome.vn\/thiet-bi\/wp-json\/wp\/v2\/media\/386"}],"wp:attachment":[{"href":"https:\/\/livinghome.vn\/thiet-bi\/wp-json\/wp\/v2\/media?parent=323"}],"wp:term":[{"taxonomy":"product_brand","embeddable":true,"href":"https:\/\/livinghome.vn\/thiet-bi\/wp-json\/wp\/v2\/product_brand?post=323"},{"taxonomy":"product_cat","embeddable":true,"href":"https:\/\/livinghome.vn\/thiet-bi\/wp-json\/wp\/v2\/product_cat?post=323"},{"taxonomy":"product_tag","embeddable":true,"href":"https:\/\/livinghome.vn\/thiet-bi\/wp-json\/wp\/v2\/product_tag?post=323"}],"curies":[{"name":"wp","href":"https:\/\/api.w.org\/{rel}","templated":true}]}}