{"id":3170,"date":"2023-01-12T17:40:44","date_gmt":"2023-01-12T17:40:44","guid":{"rendered":"https:\/\/livinghome.vn\/thiet-bi\/?post_type=product&#038;p=3170"},"modified":"2024-11-29T14:20:21","modified_gmt":"2024-11-29T07:20:21","slug":"tu-lanh-whirlpool-wfq590wssv-4-cua-592lit-mau-xam-hien-dai","status":"publish","type":"product","link":"https:\/\/livinghome.vn\/thiet-bi\/tu-lanh-whirlpool-wfq590wssv-4-cua-592lit-mau-xam-hien-dai\/","title":{"rendered":"T\u1ee7 l\u1ea1nh Whirlpool WFQ590WSSV 4 c\u1eeda 592l\u00edt m\u00e0u x\u00e1m hi\u1ec7n \u0111\u1ea1i"},"content":{"rendered":"<h2><strong>Xin gi\u1edbi thi\u1ec7u T\u1ee7 l\u1ea1nh Whirlpool WFQ590WSSV 4 c\u1eeda 592l\u00edt m\u00e0u x\u00e1m v\u1edbi thi\u1ebft k\u1ebf hi\u1ec7n \u0111\u1ea1i, ti\u1ec7n d\u1ee5ng ph\u00f9 h\u1ee3p v\u1edbi m\u1ecdi gia \u0111\u00ecnh Vi\u1ec7t.<\/strong><\/h2>\n<h3><strong>\u0110i\u1ec1u khi\u1ec3n ch\u00ednh x\u00e1c c\u00f4ng ngh\u1ec7 6th SENSE &#8211; C\u00f4ng ngh\u1ec7 nhanh ch\u00f3ng kh\u00f4i ph\u1ee5c nhi\u1ec7t \u0111\u1ed9 v\u00e0 \u0111\u1ed9 \u1ea9m l\u00fd t\u01b0\u1edfng.<\/strong><\/h3>\n<p>C\u00f4ng ngh\u1ec7 6TH SENSE li\u00ean t\u1ee5c ph\u00e1t hi\u1ec7n c\u00e1c thay \u0111\u1ed5i nhi\u1ec7t \u0111\u1ed9 v\u00e0 \u0111\u1ed9 \u1ea9m do c\u00e1c nguy\u00ean nh\u00e2n b\u00ean ngo\u00e0i (ch\u1eb3ng h\u1ea1n do c\u1eeda m\u1edf) v\u00e0 nhanh ch\u00f3ng kh\u00f4i ph\u1ee5c nhi\u1ec7t \u0111\u1ed9 v\u00e0 \u0111\u1ed9 \u1ea9m l\u00fd t\u01b0\u1edfng \u0111\u1ec3 b\u1ea3o qu\u1ea3n th\u1ef1c ph\u1ea9m t\u1ed1i \u01b0u c\u1ea3 trong ng\u0103n m\u00e1t v\u00e0 ng\u0103n \u0111\u00f4ng.<\/p>\n<figure id=\"attachment_56414\" aria-describedby=\"caption-attachment-56414\" style=\"width: 800px\" class=\"wp-caption alignnone\"><img loading=\"lazy\" decoding=\"async\" class=\"size-large wp-image-56414\" src=\"https:\/\/livinghome.vn\/thiet-bi\/wp-content\/uploads\/nha-bep\/whirlpool\/tu-lanh-whirlpool\/tu-lanh-whirlpool-wfq590wssv\/tu-lanh-whirlpool-wfq590wssv-4-800x800.jpg\" alt=\"T\u1ee7 l\u1ea1nh Whirlpool WFQ590WSSV 4 c\u1eeda 592l\u00edt m\u00e0u x\u00e1m\" width=\"800\" height=\"800\" title=\"\"><figcaption id=\"caption-attachment-56414\" class=\"wp-caption-text\">T\u1ee7 l\u1ea1nh Whirlpool WFQ590WSSV 4 c\u1eeda 592l\u00edt m\u00e0u x\u00e1m<\/figcaption><\/figure>\n<h3><strong>H\u1ec7 th\u1ed1ng 3 d\u00e0n l\u1ea1nh \u0111\u1ed9c l\u1eadp &#8211; B\u1ea3o qu\u1ea3n th\u1ef1c ph\u1ea9m t\u1ed1i \u01b0u trong t\u1ea7m tay b\u1ea1n<\/strong><\/h3>\n<p>C\u00f4ng ngh\u1ec7 3 d\u00e0n l\u1ea1nh \u0111\u1ed9c l\u1eadp t\u1ea1o ra nhi\u1ec7t \u0111\u1ed9 v\u00e0 \u0111\u1ed9 \u1ea9m t\u00f9y ch\u1ec9nh trong ba ng\u0103n. H\u1ea1n ch\u1ebf t\u1ed1i \u0111a l\u1eabn m\u00f9i v\u00e0 gi\u1eef cho th\u1ef1c ph\u1ea9m t\u01b0\u01a1i ngon l\u00e2u h\u01a1n.<\/p>\n<figure id=\"attachment_56416\" aria-describedby=\"caption-attachment-56416\" style=\"width: 800px\" class=\"wp-caption alignnone\"><img loading=\"lazy\" decoding=\"async\" class=\"size-large wp-image-56416\" src=\"https:\/\/livinghome.vn\/thiet-bi\/wp-content\/uploads\/nha-bep\/whirlpool\/tu-lanh-whirlpool\/tu-lanh-whirlpool-wfq590wssv\/tu-lanh-whirlpool-wfq590wssv-2-800x800.jpg\" alt=\"T\u1ee7 l\u1ea1nh Whirlpool WFQ590WSSV 4 c\u1eeda 592l\u00edt m\u00e0u x\u00e1m\" width=\"800\" height=\"800\" title=\"\"><figcaption id=\"caption-attachment-56416\" class=\"wp-caption-text\">T\u1ee7 l\u1ea1nh Whirlpool WFQ590WSSV 4 c\u1eeda 592l\u00edt m\u00e0u x\u00e1m<\/figcaption><\/figure>\n<h3><strong>Ng\u0103n chuy\u1ec3n \u0111\u1ed5i linh ho\u1ea1t &#8211; T\u00f9y ch\u1ec9nh theo nhu c\u1ea7u l\u01b0u tr\u1eef c\u1ee7a b\u1ea1n.<\/strong><\/h3>\n<p>Ng\u0103n \u0111\u00f4ng chuy\u1ec3n \u0111\u1ed5i linh ho\u1ea1t v\u1edbi 12 c\u00e0i \u0111\u1eb7t nhi\u1ec7t \u0111\u1ed9 kh\u00e1c nhau \u0111\u00e1p \u1ee9ng c\u00e1c nhu c\u1ea7u l\u01b0u tr\u1eef \u0111a d\u1ea1ng c\u1ee7a b\u1ea1n: t\u1eeb -22 \u00b0 C \u0111\u1ebfn +10 \u00b0 C, \u0111\u00e2y l\u00e0 gi\u1ea3i ph\u00e1p l\u00fd t\u01b0\u1edfng cho m\u1ecdi th\u1ef1c ph\u1ea9m, t\u1eeb th\u1ef1c ph\u1ea9m \u0111\u00f4ng c\u1ee9ng \u0111\u1ebfn kem hay t\u1eeb c\u00e1 \u0111\u1ebfn r\u01b0\u1ee3u.<\/p>\n<figure id=\"attachment_56413\" aria-describedby=\"caption-attachment-56413\" style=\"width: 800px\" class=\"wp-caption alignnone\"><img loading=\"lazy\" decoding=\"async\" class=\"size-large wp-image-56413\" src=\"https:\/\/livinghome.vn\/thiet-bi\/wp-content\/uploads\/nha-bep\/whirlpool\/tu-lanh-whirlpool\/tu-lanh-whirlpool-wfq590wssv\/tu-lanh-whirlpool-wfq590wssv-5-800x800.jpg\" alt=\"T\u1ee7 l\u1ea1nh Whirlpool WFQ590WSSV 4 c\u1eeda 592l\u00edt m\u00e0u x\u00e1m\" width=\"800\" height=\"800\" title=\"\"><figcaption id=\"caption-attachment-56413\" class=\"wp-caption-text\">T\u1ee7 l\u1ea1nh Whirlpool WFQ590WSSV 4 c\u1eeda 592l\u00edt m\u00e0u x\u00e1m<\/figcaption><\/figure>\n<h3><strong>Gi\u1ea3i ph\u00e1p l\u01b0u tr\u1eef r\u1ed9ng r\u00e3i<\/strong><\/h3>\n<p>\u0110\u1ea3m b\u1ea3o t\u1ea5t c\u1ea3 c\u00e1c nhu c\u1ea7u l\u01b0u tr\u1eef c\u1ee7a b\u1ea1n<\/p>\n<figure id=\"attachment_56410\" aria-describedby=\"caption-attachment-56410\" style=\"width: 1020px\" class=\"wp-caption alignnone\"><img loading=\"lazy\" decoding=\"async\" class=\"size-large wp-image-56410\" src=\"https:\/\/livinghome.vn\/thiet-bi\/wp-content\/uploads\/nha-bep\/whirlpool\/tu-lanh-whirlpool\/tu-lanh-whirlpool-wfq590wssv\/tu-lanh-whirlpool-wfq590wssv-8-1067x800.jpg\" alt=\"T\u1ee7 l\u1ea1nh Whirlpool WFQ590WSSV 4 c\u1eeda 592l\u00edt m\u00e0u x\u00e1m\" width=\"1020\" height=\"765\" title=\"\"><figcaption id=\"caption-attachment-56410\" class=\"wp-caption-text\">T\u1ee7 l\u1ea1nh Whirlpool WFQ590WSSV 4 c\u1eeda 592l\u00edt m\u00e0u x\u00e1m<\/figcaption><\/figure>\n<h3><strong>Th\u00f4ng s\u1ed1 k\u1ef9 thu\u1eadt<\/strong><\/h3>\n<ul>\n<li>Dung t\u00edch <a href=\"https:\/\/livinghome.vn\/thiet-bi\/tu-lanh\/\">t\u1ee7 l\u1ea1nh<\/a> (L): 592<\/li>\n<li>Nh\u00e3n hi\u1ec7u su\u1ea5t N\u0103ng l\u01b0\u1ee3ng VN: 2 sao<\/li>\n<li>Dung t\u00edch s\u1eed d\u1ee5ng ng\u0103n m\u00e1t: 364L<\/li>\n<li>Dung t\u00edch s\u1eed d\u1ee5ng ng\u0103n \u0111\u00f4ng: 114L + 114L<\/li>\n<li>\u0110i\u1ec7n \u00e1p: 220 &#8211; 240<\/li>\n<li>Ti\u00eau th\u1ee5 n\u0103ng l\u01b0\u1ee3ng: 857.23 Kwh\/n\u0103m<\/li>\n<li>M\u1ee9c \u1ed3n: \u226442dbA<\/li>\n<li>Lo\u1ea1i m\u00f4i tr\u01b0\u1eddng nhi\u1ec7t \u0111\u1ed9: T<\/li>\n<li>S\u1ed1 h\u1ec7 th\u1ed1ng d\u00e0n l\u1ea1nh \u0111\u1ed9c l\u1eadp: 3<\/li>\n<li>K\u00edch th\u01b0\u1edbc s\u1ea3n ph\u1ea9m (HxWxD \/ mm): 1874 x 910 x 724<\/li>\n<li>Chi\u1ec1u d\u00e0i d\u00e2y ngu\u1ed3n: 1800mm<\/li>\n<\/ul>\n<h3><strong>T\u00ednh n\u0103ng<\/strong><\/h3>\n<ul>\n<li>\u0110i\u1ec1u khi\u1ec3n nhi\u1ec7t \u0111\u1ed9 6th Sense: C\u00f3<\/li>\n<li>Ba d\u00e0n l\u1ea1nh \u0111\u1ed9c l\u1eadp: C\u00f3<\/li>\n<li>Ng\u0103n chuy\u1ec3n \u0111\u1ed5i linh ho\u1ea1t: C\u00f3<\/li>\n<li>B\u1ed9 chuy\u1ec3n \u0111\u1ed5i: C\u00f3<\/li>\n<li>C\u00f4ng ngh\u1ec7 t\u1ea1o b\u1ecdt HFO: C\u00f3<\/li>\n<li>H\u1ec7 th\u1ed1ng r\u00e3 \u0111\u00f4ng &#8211; Ng\u0103n m\u00e1t: Kh\u00f4ng \u0111\u00f3ng tuy\u1ebft<\/li>\n<li>H\u1ec7 th\u1ed1ng r\u00e3 \u0111\u00f4ng &#8211; Ng\u0103n \u0111\u00f4ng: Kh\u00f4ng \u0111\u00f3ng tuy\u1ebft<\/li>\n<li>B\u1ed9 t\u1ea1o ozone t\u00edch h\u1ee3p: C\u00f3<\/li>\n<li>Ch\u1ebf \u0111\u1ed9 ho\u1ea1t \u0111\u1ed9ng ng\u00e0y ngh\u1ec9 l\u1ec5: C\u00f3<\/li>\n<li>Ch\u1ea5t l\u00e0m l\u1ea1nh kh\u00f4ng ch\u1ee9a CFC: C\u00f3<\/li>\n<li>B\u00e1o \u0111\u1ed9ng c\u1eeda: C\u00f3<\/li>\n<li>Kh\u00f3a tr\u1ebb em: C\u00f3<\/li>\n<li>Ch\u1ebf \u0111\u1ed9 l\u00e0m l\u1ea1nh nhanh: C\u00f3<\/li>\n<li>Ch\u1ebf \u0111\u1ed9 c\u1ea5p \u0111\u00f4ng nhanh: C\u00f3<\/li>\n<\/ul>\n<h3><strong>Thi\u1ebft k\u1ebf<\/strong><\/h3>\n<ul>\n<li>Lo\u1ea1i: 4 c\u1eeda ng\u0103n \u0111\u00e1 d\u01b0\u1edbi<\/li>\n<li>B\u1ea3ng \u0111i\u1ec1u khi\u1ec3n: \u0110i\u1ec7n t\u1eed<\/li>\n<li>Hi\u1ec3n th\u1ecb: LED k\u1ef9 thu\u1eadt s\u1ed1<\/li>\n<li>Chi\u1ebfu s\u00e1ng b\u00ean trong: LED<\/li>\n<li>C\u00e0i \u0111\u1eb7t nhi\u1ec7t \u0111\u1ed9 \u0111i\u1ec7n t\u1eed: C\u00f3<\/li>\n<li>Tay n\u1eafm: \u00e2m<\/li>\n<li>Ng\u0103n rau c\u1ee7: C\u00f3<\/li>\n<li>Khay tr\u01b0\u1ee3t linh ho\u1ea1t: 1<\/li>\n<li>Ng\u0103n \u0111\u1ef1ng th\u1ef1c ph\u1ea9m linh ho\u1ea1t: 1<\/li>\n<li>S\u1ed1 khay ng\u0103n m\u00e1t: 2 (C\u00f3 th\u1ec3 \u0111i\u1ec1u ch\u1ec9nh)<\/li>\n<li>S\u1ed1 khay ng\u0103n \u0111\u00f4ng: 2<\/li>\n<li>S\u1ed1 h\u1ed9c k\u00e9o ng\u0103n m\u00e1t: 2<\/li>\n<li>S\u1ed1 h\u1ed9c k\u00e9o ng\u0103n \u0111\u00f4ng: 4<\/li>\n<li>S\u1ed1 ng\u0103n tr\u00ean c\u1eeda ng\u0103n m\u00e1t: 7<\/li>\n<li>S\u1ed1 ng\u0103n tr\u00ean c\u1eeda ng\u0103n \u0111\u00f4ng: 6<\/li>\n<li>Ph\u1ea1m vi nhi\u1ec7t \u0111\u1ed9 ng\u0103n chuy\u1ec3n \u0111\u1ed5i linh ho\u1ea1t: -22 \u00b0 C \u0111\u1ebfn 10 \u00b0 C<\/li>\n<li>M\u00e1y l\u00e0m \u0111\u00e1, l\u1ea5y n\u01b0\u1edbc v\u00e0 \u0111\u00e1 ngo\u00e0i: T\u00edch h\u1ee3p tr\u00ean c\u1eeda (t\u1ef1 \u0111\u1ed9ng)<\/li>\n<li>M\u00e0u s\u1eafc: Th\u00e9p kh\u00f4ng g\u1ec9<\/li>\n<\/ul>\n","protected":false},"excerpt":{"rendered":"<h2 style=\"text-align: left;\">T\u1ee7 l\u1ea1nh Whirlpool WFQ590WSSV<\/h2>\n<h3 style=\"text-align: left;\"><strong>C\u00f4ng ngh\u1ec7 C\u1ea3m bi\u1ebfn th\u00f4ng minh Gi\u00e1c quan th\u1ee9 6 &#8211; 6th SENSE<\/strong><\/h3>\n<p style=\"text-align: left;\">C\u00e1c c\u1ea3m bi\u1ebfn th\u00f4ng minh gi\u00fap duy tr\u00ec m\u00f4i tr\u01b0\u1eddng \u1edf \u0111i\u1ec1u ki\u1ec7n nhi\u1ec7t \u0111\u1ed9 t\u1ed1i \u01b0u, cho th\u1ef1c ph\u1ea9m t\u01b0\u01a1i ngon l\u00e2u h\u01a1n v\u01b0\u1ee3t tr\u1ed9i<\/p>\n<h3 style=\"text-align: left;\"><strong>H\u1ec7 th\u1ed1ng 3 d\u00e0n l\u1ea1nh \u0111\u1ed9c l\u1eadp<\/strong><\/h3>\n<p style=\"text-align: left;\">Cho 3 ng\u0103n ho\u00e0n to\u00e0n ri\u00eang bi\u1ec7t, gi\u00fap cung c\u1ea5p nhi\u1ec7t \u0111\u1ed9 v\u00e0 b\u1ea3o to\u00e0n \u0111\u1ed9 \u1ea9m t\u1ed1i \u01b0u, cho th\u1ef1c ph\u1ea7m t\u01b0\u01a1i ngon l\u00e2u h\u01a1n v\u01b0\u1ee3t tr\u1ed9i.<\/p>\n<h3 style=\"text-align: left;\"><strong>Ng\u0103n Chuy\u1ec3n \u0111\u1ed5i linh ho\u1ea1t<\/strong><\/h3>\n<p style=\"text-align: left;\">D\u1ec5 d\u00e0ng chuy\u1ec3n \u0111\u1ed5i t\u1eeb m\u00e1t sang \u0111\u00f4ng v\u1edbi 12 ch\u1ebf \u0111\u1ed9 linh ho\u1ea1t t\u1eeb 10\u00b0C to -22\u00b0C<\/p>\n","protected":false},"featured_media":3285,"comment_status":"open","ping_status":"closed","template":"","meta":[],"product_brand":[],"product_cat":[201,380,939],"product_tag":[203,398,397,382],"class_list":{"0":"post-3170","1":"product","2":"type-product","3":"status-publish","4":"has-post-thumbnail","6":"product_cat-tu-lanh","7":"product_cat-thuong-hieu-whirlpool","8":"product_cat-tu-lanh-whirlpool","9":"product_tag-tu-lanh","10":"product_tag-tu-lanh-4-cua","11":"product_tag-tu-lanh-whirlpool","12":"product_tag-whirlpool","14":"first","15":"instock","16":"sale","17":"shipping-taxable","18":"purchasable","19":"product-type-simple"},"_links":{"self":[{"href":"https:\/\/livinghome.vn\/thiet-bi\/wp-json\/wp\/v2\/product\/3170","targetHints":{"allow":["GET"]}}],"collection":[{"href":"https:\/\/livinghome.vn\/thiet-bi\/wp-json\/wp\/v2\/product"}],"about":[{"href":"https:\/\/livinghome.vn\/thiet-bi\/wp-json\/wp\/v2\/types\/product"}],"replies":[{"embeddable":true,"href":"https:\/\/livinghome.vn\/thiet-bi\/wp-json\/wp\/v2\/comments?post=3170"}],"wp:featuredmedia":[{"embeddable":true,"href":"https:\/\/livinghome.vn\/thiet-bi\/wp-json\/wp\/v2\/media\/3285"}],"wp:attachment":[{"href":"https:\/\/livinghome.vn\/thiet-bi\/wp-json\/wp\/v2\/media?parent=3170"}],"wp:term":[{"taxonomy":"product_brand","embeddable":true,"href":"https:\/\/livinghome.vn\/thiet-bi\/wp-json\/wp\/v2\/product_brand?post=3170"},{"taxonomy":"product_cat","embeddable":true,"href":"https:\/\/livinghome.vn\/thiet-bi\/wp-json\/wp\/v2\/product_cat?post=3170"},{"taxonomy":"product_tag","embeddable":true,"href":"https:\/\/livinghome.vn\/thiet-bi\/wp-json\/wp\/v2\/product_tag?post=3170"}],"curies":[{"name":"wp","href":"https:\/\/api.w.org\/{rel}","templated":true}]}}