{"id":3168,"date":"2023-01-12T17:40:44","date_gmt":"2023-01-12T17:40:44","guid":{"rendered":"https:\/\/livinghome.vn\/thiet-bi\/?post_type=product&#038;p=3168"},"modified":"2024-11-29T14:20:21","modified_gmt":"2024-11-29T07:20:21","slug":"tu-lanh-whirlpool-wfq590nbgv-4-cua-594lit","status":"publish","type":"product","link":"https:\/\/livinghome.vn\/thiet-bi\/tu-lanh-whirlpool-wfq590nbgv-4-cua-594lit\/","title":{"rendered":"T\u1ee7 l\u1ea1nh Whirlpool WFQ590NBGV 4 c\u1eeda 594l\u00edt"},"content":{"rendered":"<h2><strong>Xin gi\u1edbi thi\u1ec7u T\u1ee7 l\u1ea1nh Whirlpool WFQ590NBGV 4 c\u1eeda 594l\u00edt v\u1edbi thi\u1ebft k\u1ebf hi\u1ec7n \u0111\u1ea1i, ti\u1ec7n d\u1ee5ng ph\u00f9 h\u1ee3p v\u1edbi m\u1ecdi gia \u0111\u00ecnh Vi\u1ec7t.<\/strong><\/h2>\n<h3><strong>6th SENSE Fresh Lock &#8211; B\u1ea3o qu\u1ea3n th\u1ef1c ph\u1ea9m theo c\u00e1ch t\u1ef1 nhi\u00ean nh\u1ea5t<\/strong><\/h3>\n<p>6TH SENSE FreshLock ph\u00e1t hi\u1ec7n tr\u1ef1c quan m\u1ecdi bi\u1ebfn \u0111\u1ed9ng nhi\u1ec7t \u0111\u1ed9 v\u00e0 t\u1ef1 \u0111\u1ed9ng \u0111\u01b0a ng\u0103n m\u00e1t v\u1ec1 c\u00e0i \u0111\u1eb7t t\u1ed1i \u01b0u \u0111\u1ec3 b\u1ea3o qu\u1ea3n th\u1ef1c ph\u1ea9m t\u01b0\u01a1i ngon l\u00e2u h\u01a1n theo c\u00e1ch t\u1ef1 nhi\u00ean nh\u1ea5t.<\/p>\n<h3><strong>6th SENSE Freeze Lock &#8211; Th\u1ecbt \u0111\u00f4ng l\u1ea1nh v\u1eabn ngon nh\u01b0 m\u1edbi mua v\u1ec1<\/strong><\/h3>\n<p>Trong ng\u0103n \u0111\u00f4ng, 6TH Sense Freezelock t\u1ef1 \u0111\u1ed9ng thi\u1ebft l\u1eadp c\u00e0i \u0111\u1eb7t ho\u00e0n h\u1ea3o \u0111\u1ec3 gi\u1ea3m thi\u1ec3u s\u1ef1 thay \u0111\u1ed5i nhi\u1ec7t \u0111\u1ed9. Nh\u1edd t\u00ednh n\u0103ng n\u00e0y, t\u00ecnh tr\u1ea1ng ch\u00e1y t\u1ee7 \u0111\u00f4ng \u0111\u01b0\u1ee3c gi\u1ea3m thi\u1ec3u \u0111\u1ec3 gi\u1eef l\u1ea1i t\u1ed1i \u0111a ch\u1ea5t dinh d\u01b0\u1ee1ng v\u00e0 \u0111\u1ea3m b\u1ea3o ch\u1ea5t l\u01b0\u1ee3ng, m\u00f9i v\u1ecb c\u1ee7a th\u1ef1c ph\u1ea9m \u0111\u00f4ng l\u1ea1nh nh\u01b0 ban \u0111\u1ea7u.<\/p>\n<figure id=\"attachment_56398\" aria-describedby=\"caption-attachment-56398\" style=\"width: 1020px\" class=\"wp-caption alignnone\"><img loading=\"lazy\" decoding=\"async\" class=\"size-large wp-image-56398\" src=\"https:\/\/livinghome.vn\/thiet-bi\/wp-content\/uploads\/nha-bep\/whirlpool\/tu-lanh-whirlpool\/tu-lanh-whirlpool-wfq590nbgv\/tu-lanh-whirlpool-wfq590nbgv-5-1067x800.jpg\" alt=\"T\u1ee7 l\u1ea1nh Whirlpool WFQ590NBGV 4 c\u1eeda 594l\u00edt\" width=\"1020\" height=\"765\" title=\"\"><figcaption id=\"caption-attachment-56398\" class=\"wp-caption-text\">T\u1ee7 l\u1ea1nh Whirlpool WFQ590NBGV 4 c\u1eeda 594l\u00edt<\/figcaption><\/figure>\n<h3><strong>6th SENSE Flexi Freeze &#8211; \u0110\u01b0\u1ee3c t\u1ea1o ra \u0111\u1ec3 ph\u00f9 h\u1ee3p v\u1edbi nhu c\u1ea7u tr\u1eef \u0111\u00f4ng c\u1ee7a b\u1ea1n<\/strong><\/h3>\n<p>Ph\u1ee5c v\u1ee5 cho c\u00e1c nhu c\u1ea7u v\u00e0 th\u1ef1c ph\u1ea9m kh\u00e1c nhau, ng\u0103n FlexiFreeze r\u1ed9ng r\u00e3i \u0111\u00e1p \u1ee9ng m\u1ecdi nhu c\u1ea7u c\u1ee7a b\u1ea1n, cho ph\u00e9p b\u1ea1n t\u00f9y ch\u1ec9nh c\u00e0i \u0111\u1eb7t nhi\u1ec7t \u0111\u1ed9 l\u00fd t\u01b0\u1edfng cho th\u1ef1c ph\u1ea9m \u0111ang l\u01b0u tr\u1eef.<\/p>\n<figure id=\"attachment_56397\" aria-describedby=\"caption-attachment-56397\" style=\"width: 1020px\" class=\"wp-caption alignnone\"><img loading=\"lazy\" decoding=\"async\" class=\"size-large wp-image-56397\" src=\"https:\/\/livinghome.vn\/thiet-bi\/wp-content\/uploads\/nha-bep\/whirlpool\/tu-lanh-whirlpool\/tu-lanh-whirlpool-wfq590nbgv\/tu-lanh-whirlpool-wfq590nbgv-6-1067x800.jpg\" alt=\"T\u1ee7 l\u1ea1nh Whirlpool WFQ590NBGV 4 c\u1eeda 594l\u00edt\" width=\"1020\" height=\"765\" title=\"\"><figcaption id=\"caption-attachment-56397\" class=\"wp-caption-text\">T\u1ee7 l\u1ea1nh Whirlpool WFQ590NBGV 4 c\u1eeda 594l\u00edt<\/figcaption><\/figure>\n<h3><strong>Dung t\u00edch l\u1edbn &#8211; Dung t\u00edch l\u1edbn nh\u1ea5t, l\u01b0u tr\u1eef khoa h\u1ecdc h\u01a1n<\/strong><\/h3>\n<p>T\u1ee7 l\u1ea1nh 6TH Sense Jumbo Flexi cho dung t\u00edch l\u1edbn nh\u1ea5t v\u1edbi chi\u1ec1u s\u00e2u ch\u1ec9 61cm, ph\u00f9 h\u1ee3p v\u00e0 \u0111\u1ed3ng b\u1ed9 v\u1edbi m\u1ecdi thi\u1ebft k\u1ebf nh\u00e0 b\u1ebfp.<\/p>\n<p>&nbsp;<\/p>\n<h3><strong>Gi\u1ea3i ph\u00e1p l\u01b0u tr\u1eef r\u1ed9ng r\u00e3i<\/strong><\/h3>\n<p>\u0110\u1ea3m b\u1ea3o t\u1ea5t c\u1ea3 c\u00e1c nhu c\u1ea7u l\u01b0u tr\u1eef c\u1ee7a b\u1ea1n<\/p>\n<figure id=\"attachment_56387\" aria-describedby=\"caption-attachment-56387\" style=\"width: 1067px\" class=\"wp-caption alignnone\"><img loading=\"lazy\" decoding=\"async\" class=\"wp-image-56387 size-large\" src=\"https:\/\/livinghome.vn\/thiet-bi\/wp-content\/uploads\/nha-bep\/whirlpool\/tu-lanh-whirlpool\/tu-lanh-whirlpool-wfq590dbsv\/tu-lanh-whirlpool-wfq590dbsv-9-1067x800.jpg\" alt=\"T\u1ee7 l\u1ea1nh Whirlpool WFQ590NBGV 4 c\u1eeda 594l\u00edt\" width=\"1067\" height=\"800\" title=\"\"><figcaption id=\"caption-attachment-56387\" class=\"wp-caption-text\">T\u1ee7 l\u1ea1nh Whirlpool WFQ590NBGV 4 c\u1eeda 594l\u00edt<\/figcaption><\/figure>\n<h3><strong>Th\u00f4ng s\u1ed1 k\u1ef9 thu\u1eadt<\/strong><\/h3>\n<ul>\n<li>Dung t\u00edch <a href=\"https:\/\/livinghome.vn\/thiet-bi\/tu-lanh\/\">t\u1ee7 l\u1ea1nh<\/a> (L): 594<\/li>\n<li>Nh\u00e3n hi\u1ec7u su\u1ea5t N\u0103ng l\u01b0\u1ee3ng VN: 3 sao<\/li>\n<li>Dung t\u00edch s\u1eed d\u1ee5ng ng\u0103n m\u00e1t: 388L<\/li>\n<li>Dung t\u00edch s\u1eed d\u1ee5ng ng\u0103n \u0111\u00f4ng: 206L<\/li>\n<li>\u0110i\u1ec7n \u00e1p: 220 &#8211; 240<\/li>\n<li>Ti\u00eau th\u1ee5 n\u0103ng l\u01b0\u1ee3ng: 857.48 Kwh\/n\u0103m<\/li>\n<li>M\u1ee9c \u1ed3n: \u226442dbA<\/li>\n<li>Lo\u1ea1i m\u00f4i tr\u01b0\u1eddng nhi\u1ec7t \u0111\u1ed9: T<\/li>\n<li>S\u1ed1 h\u1ec7 th\u1ed1ng d\u00e0n l\u1ea1nh \u0111\u1ed9c l\u1eadp: 1<\/li>\n<li>K\u00edch th\u01b0\u1edbc s\u1ea3n ph\u1ea9m (HxWxD \/ mm): 1874 x 909 x 698<\/li>\n<li>Chi\u1ec1u d\u00e0i\u00a0 d\u00e2y ngu\u1ed3n: 1800mm<\/li>\n<\/ul>\n<h3><strong>T\u00ednh n\u0103ng<\/strong><\/h3>\n<ul>\n<li>\u0110i\u1ec1u khi\u1ec3n nhi\u1ec7t \u0111\u1ed9 6th Sense: C\u00f3<\/li>\n<li>Bi\u1ebfn t\u1ea7n Zen: C\u00f3<\/li>\n<li>C\u00f4ng ngh\u1ec7 t\u1ea1o b\u1ecdt HFO: C\u00f3<\/li>\n<li>H\u1ec7 th\u1ed1ng r\u00e3 \u0111\u00f4ng &#8211; Ng\u0103n m\u00e1t: Kh\u00f4ng \u0111\u00f3ng tuy\u1ebft<\/li>\n<li>H\u1ec7 th\u1ed1ng r\u00e3 \u0111\u00f4ng &#8211; Ng\u0103n \u0111\u00f4ng: Kh\u00f4ng \u0111\u00f3ng tuy\u1ebft<\/li>\n<li>H\u1ec7 th\u1ed1ng lu\u1ed3ng kh\u00f4ng kh\u00ed: \u0110a chi\u1ec1u<\/li>\n<li>Ch\u1ebf \u0111\u1ed9 ho\u1ea1t \u0111\u1ed9ng ng\u00e0y ngh\u1ec9 l\u1ec5: C\u00f3<\/li>\n<li>Ch\u1ea5t l\u00e0m l\u1ea1nh kh\u00f4ng ch\u1ee9a CFC: C\u00f3<\/li>\n<li>B\u00e1o \u0111\u1ed9ng c\u1eeda: C\u00f3<\/li>\n<li>Kh\u00f3a tr\u1ebb em: C\u00f3<\/li>\n<li>H\u1ec7 th\u1ed1ng kh\u1eed m\u00f9i: T\u00edch h\u1ee3p s\u1eb5n<\/li>\n<li>Ch\u1ebf \u0111\u1ed9 l\u00e0m l\u1ea1nh nhanh: C\u00f3<\/li>\n<li>Ch\u1ebf \u0111\u1ed9 c\u1ea5p \u0111\u00f4ng nhanh: C\u00f3<\/li>\n<\/ul>\n<h3><strong>Thi\u1ebft k\u1ebf<\/strong><\/h3>\n<ul>\n<li>Lo\u1ea1i: 4 c\u1eeda ng\u0103n \u0111\u00e1 d\u01b0\u1edbi<\/li>\n<li>B\u1ea3ng \u0111i\u1ec1u khi\u1ec3n: \u0110i\u1ec7n t\u1eed<\/li>\n<li>Hi\u1ec3n th\u1ecb: LED k\u1ef9 thu\u1eadt s\u1ed1<\/li>\n<li>Chi\u1ebfu s\u00e1ng b\u00ean trong: LED<\/li>\n<li>C\u00e0i \u0111\u1eb7t nhi\u1ec7t \u0111\u1ed9 \u0111i\u1ec7n t\u1eed: C\u00f3<\/li>\n<li>Tay n\u1eafm: \u00e2m<\/li>\n<li>Ng\u0103n rau c\u1ee7: C\u00f3<\/li>\n<li>Khay tr\u01b0\u1ee3t linh ho\u1ea1t: C\u00f3<\/li>\n<li>S\u1ed1 khay ng\u0103n m\u00e1t: 3 (C\u00f3 th\u1ec3 \u0111i\u1ec1u ch\u1ec9nh)<\/li>\n<li>S\u1ed1 khay ng\u0103n \u0111\u00f4ng: 2<\/li>\n<li>S\u1ed1 h\u1ed9c k\u00e9o ng\u0103n m\u00e1t: 2<\/li>\n<li>S\u1ed1 h\u1ed9c k\u00e9o ng\u0103n \u0111\u00f4ng: 4<\/li>\n<li>S\u1ed1 ng\u0103n tr\u00ean c\u1eeda ng\u0103n m\u00e1t: 6<\/li>\n<li>Khay tr\u1ee9ng: C\u00f3<\/li>\n<li>Ph\u1ea1m vi nhi\u1ec7t \u0111\u1ed9 ng\u0103n \u0111\u00f4ng linh ho\u1ea1t -20 \u00b0 C \u0111\u1ebfn -7 \u00b0 C<\/li>\n<li>Khay l\u00e0m \u0111\u00e1: 1<\/li>\n<li>M\u00e0u s\u1eafc: \u0110en pha l\u00ea<\/li>\n<\/ul>\n","protected":false},"excerpt":{"rendered":"<h2 style=\"text-align: left;\">T\u1ee7 l\u1ea1nh Whirlpool WFQ590NBGV<\/h2>\n<h3 style=\"text-align: left;\"><strong>Ng\u0103n m\u00e1t C\u1ea3m bi\u1ebfn nhi\u1ec7t th\u00f4ng minh 6TH Sense Freshlock<\/strong><\/h3>\n<p style=\"text-align: left;\">T\u1ef1 \u0111\u1ed9ng \u0111i\u1ec1u ch\u1ec9nh nhi\u1ec7t \u0111\u1ed9 c\u00e1c ng\u0103n m\u00e1t \u1edf ch\u1ebf \u0111\u1ed9 t\u1ed1i \u01b0u<\/p>\n<h3 style=\"text-align: left;\"><strong>Ng\u0103n \u0111\u00f4ng C\u1ea3m bi\u1ebfn nhi\u1ec7t th\u00f4ng minh 6TH Sense Freezelock<\/strong><\/h3>\n<p style=\"text-align: left;\">H\u1ea1n ch\u1ebf t\u00ecnh tr\u1ea1ng ch\u00e1y t\u1ee7 \u0111\u00f4ng, gi\u1eef nguy\u00ean ch\u1ea5t l\u01b0\u1ee3ng v\u00e0 m\u00f9i v\u1ecb th\u1ef1c ph\u1ea9m \u0111\u00f4ng l\u1ea1nh<\/p>\n<h3 style=\"text-align: left;\"><strong>Ng\u0103n \u0111\u00f4ng chuy\u1ec3n \u0111\u1ed5i linh ho\u1ea1t 6TH Sense FlexiFreeze<\/strong><\/h3>\n<p style=\"text-align: left;\">Chuy\u1ec3n \u0111\u1ed5i nhi\u1ec7t \u0111\u1ed9 linh ho\u1ea1t t\u1eeb -7\u00b0C to -20\u00b0C, ph\u00f9 h\u1ee3p l\u01b0u tr\u1eef c\u00e1c lo\u1ea1i th\u1ef1c ph\u1ea9m kh\u00e1c nhau<\/p>\n","protected":false},"featured_media":3277,"comment_status":"open","ping_status":"closed","template":"","meta":[],"product_brand":[],"product_cat":[201,380,939],"product_tag":[203,398,397,382],"class_list":{"0":"post-3168","1":"product","2":"type-product","3":"status-publish","4":"has-post-thumbnail","6":"product_cat-tu-lanh","7":"product_cat-thuong-hieu-whirlpool","8":"product_cat-tu-lanh-whirlpool","9":"product_tag-tu-lanh","10":"product_tag-tu-lanh-4-cua","11":"product_tag-tu-lanh-whirlpool","12":"product_tag-whirlpool","14":"first","15":"instock","16":"sale","17":"shipping-taxable","18":"purchasable","19":"product-type-simple"},"_links":{"self":[{"href":"https:\/\/livinghome.vn\/thiet-bi\/wp-json\/wp\/v2\/product\/3168","targetHints":{"allow":["GET"]}}],"collection":[{"href":"https:\/\/livinghome.vn\/thiet-bi\/wp-json\/wp\/v2\/product"}],"about":[{"href":"https:\/\/livinghome.vn\/thiet-bi\/wp-json\/wp\/v2\/types\/product"}],"replies":[{"embeddable":true,"href":"https:\/\/livinghome.vn\/thiet-bi\/wp-json\/wp\/v2\/comments?post=3168"}],"wp:featuredmedia":[{"embeddable":true,"href":"https:\/\/livinghome.vn\/thiet-bi\/wp-json\/wp\/v2\/media\/3277"}],"wp:attachment":[{"href":"https:\/\/livinghome.vn\/thiet-bi\/wp-json\/wp\/v2\/media?parent=3168"}],"wp:term":[{"taxonomy":"product_brand","embeddable":true,"href":"https:\/\/livinghome.vn\/thiet-bi\/wp-json\/wp\/v2\/product_brand?post=3168"},{"taxonomy":"product_cat","embeddable":true,"href":"https:\/\/livinghome.vn\/thiet-bi\/wp-json\/wp\/v2\/product_cat?post=3168"},{"taxonomy":"product_tag","embeddable":true,"href":"https:\/\/livinghome.vn\/thiet-bi\/wp-json\/wp\/v2\/product_tag?post=3168"}],"curies":[{"name":"wp","href":"https:\/\/api.w.org\/{rel}","templated":true}]}}