{"id":3150,"date":"2023-01-12T17:40:20","date_gmt":"2023-01-12T17:40:20","guid":{"rendered":"https:\/\/livinghome.vn\/thiet-bi\/?post_type=product&#038;p=3150"},"modified":"2024-11-29T14:20:21","modified_gmt":"2024-11-29T07:20:21","slug":"tu-lanh-whirlpool-wfb320nbsv","status":"publish","type":"product","link":"https:\/\/livinghome.vn\/thiet-bi\/tu-lanh-whirlpool-wfb320nbsv\/","title":{"rendered":"T\u1ee7 L\u1ea1nh Whirlpool WFB320NBSV 312L 2 C\u1eeda Inverter C\u00f4ng Ngh\u1ec7 6th Sense"},"content":{"rendered":"<h2><strong>T\u1ee7 l\u1ea1nh Whirlpool WFB320NBSV 2 C\u1eeda, Ng\u0103n \u0110\u00e1 D\u01b0\u1edbi V\u1edbi 312 L\u00edt<\/strong><\/h2>\n<h3><strong>Kh\u00e1m ph\u00e1 kh\u1ea3 n\u0103ng b\u1ea3o qu\u1ea3n th\u1ef1c ph\u1ea9m t\u1ed1i \u01b0u nh\u1edd c\u00f4ng ngh\u1ec7 c\u1ea3m bi\u1ebfn th\u00f4ng minh 6th SENSE \u0111\u1ed9c \u0111\u00e1o<\/strong><\/h3>\n<p>C\u00e1c c\u1ea3m bi\u1ebfn th\u00f4ng minh v\u00e0 tr\u1ef1c quan li\u00ean t\u1ee5c c\u1ea3m nh\u1eadn, ph\u00e2n t\u00edch v\u00e0 ki\u1ec3m so\u00e1t nhi\u1ec7t \u0111\u1ed9 b\u00ean trong t\u1ee7 l\u1ea1nh d\u1ef1a tr\u00ean \u0111i\u1ec1u ki\u1ec7n th\u1eddi ti\u1ebft b\u00ean ngo\u00e0i, t\u1ea3i b\u00ean trong v\u00e0 c\u00e1ch s\u1eed d\u1ee5ng c\u1ee7a b\u1ea1n. \u0110i\u1ec1u n\u00e0y \u0111\u1ea3m b\u1ea3o r\u1eb1ng th\u1ef1c ph\u1ea9m lu\u00f4n \u0111\u01b0\u1ee3c b\u1ea3o qu\u1ea3n ho\u00e0n h\u1ea3o, t\u01b0\u01a1i ngon d\u00e0i l\u00e2u<\/p>\n<figure id=\"attachment_56381\" aria-describedby=\"caption-attachment-56381\" style=\"width: 800px\" class=\"wp-caption alignnone\"><img loading=\"lazy\" decoding=\"async\" class=\"size-large wp-image-56381\" src=\"https:\/\/livinghome.vn\/thiet-bi\/wp-content\/uploads\/nha-bep\/whirlpool\/tu-lanh-whirlpool\/tu-lanh-whirlpool-wfb320nbsv\/tu-lanh-whirlpool-wfb320nbsv-5-800x800.jpg\" alt=\"T\u1ee7 l\u1ea1nh Whirlpool WFB320NBSV 2 c\u1eeda ng\u0103n \u0111\u00e1 d\u01b0\u1edbi 312l\" width=\"800\" height=\"800\" title=\"\"><figcaption id=\"caption-attachment-56381\" class=\"wp-caption-text\">T\u1ee7 l\u1ea1nh Whirlpool WFB320NBSV 2 c\u1eeda ng\u0103n \u0111\u00e1 d\u01b0\u1edbi 312l c\u00f3 thi\u1ebft k\u1ebf hi\u1ec7n \u0111\u1ea1i<\/figcaption><\/figure>\n<h3><strong>Ch\u1ee9c n\u0103ng chuy\u1ec3n \u0111\u1ed5i 10 trong 1 \u0111\u00e1p \u1ee9ng m\u1ecdi nhu c\u1ea7u l\u01b0u tr\u1eef h\u00e0ng ng\u00e0y<\/strong><\/h3>\n<p>C\u00f4ng ngh\u1ec7 chuy\u1ec3n \u0111\u1ed5i th\u1ebf h\u1ec7 m\u1edbi \u0111\u1ed9c \u0111\u00e1o ngay trong t\u1ea7m tay b\u1ea1n. Th\u1eadt \u0111\u01a1n gi\u1ea3n v\u00e0 tho\u1ea3i m\u00e1i khi c\u1ea7n chuy\u1ec3n \u0111\u1ed5i gi\u1eefa c\u00e1c ch\u1ebf \u0111\u1ed9 kh\u00e1c nhau: T\u1ea1p h\u00f3a, Ti\u1ec7c, \u0110\u1ea7u b\u1ebfp, T\u1ea5t c\u1ea3 c\u00e1c m\u00f9a&#8230;<\/p>\n<p>H\u00e3y \u0111\u1ec3 c\u00f4ng ngh\u1ec7 tr\u1ef1c quan n\u00e0y \u0111\u00e1p \u1ee9ng m\u1ecdi nhu c\u1ea7u h\u00e0ng ng\u00e0y c\u1ee7a b\u1ea1n. V\u1edbi th\u1eddi gian chuy\u1ec3n \u0111\u1ed5i t\u1ed1i thi\u1ec3u ch\u1ec9 m\u1ea5t 23 ph\u00fat**, th\u1eadt linh ho\u1ea1t nh\u01b0ng v\u1eabn lu\u00f4n \u0111\u1ea3m b\u1ea3o s\u1ef1 t\u01b0\u01a1i ngon.<\/p>\n<p>&nbsp;<\/p>\n<figure id=\"attachment_56378\" aria-describedby=\"caption-attachment-56378\" style=\"width: 1020px\" class=\"wp-caption alignnone\"><img loading=\"lazy\" decoding=\"async\" class=\"size-large wp-image-56378\" src=\"https:\/\/livinghome.vn\/thiet-bi\/wp-content\/uploads\/nha-bep\/whirlpool\/tu-lanh-whirlpool\/tu-lanh-whirlpool-wfb320nbsv\/tu-lanh-whirlpool-wfb320nbsv-8-1067x800.jpg\" alt=\"T\u1ee7 l\u1ea1nh Whirlpool WFB320NBSV 2 c\u1eeda ng\u0103n \u0111\u00e1 d\u01b0\u1edbi 312l\" width=\"1020\" height=\"765\" title=\"\"><figcaption id=\"caption-attachment-56378\" class=\"wp-caption-text\">T\u1ee7 l\u1ea1nh Whirlpool WFB320NBSV 2 c\u1eeda ng\u0103n \u0111\u00e1 d\u01b0\u1edbi 312l<\/figcaption><\/figure>\n<p>(** K\u1ebft qu\u1ea3 d\u1ef1a tr\u00ean th\u1eed nghi\u1ec7m trong ph\u00f2ng th\u00ed nghi\u1ec7m c\u1ee7a nh\u00e0 m\u00e1y tr\u00ean m\u1ed9t s\u1ed1 ch\u1ebf \u0111\u1ed9 \u0111\u01b0\u1ee3c ch\u1ecdn trong \u0111i\u1ec1u ki\u1ec7n c\u1ee5 th\u1ec3 v\u00e0 c\u00f3 th\u1ec3 kh\u00e1c nhau t\u00f9y thu\u1ed9c v\u00e0o \u0111i\u1ec1u ki\u1ec7n th\u1eed nghi\u1ec7m v\u00e0 model)<\/p>\n<h3><strong>Ng\u0103n nhi\u1ec7t \u0111\u1ed9 thay \u0111\u1ed5i<\/strong><\/h3>\n<p>Ng\u0103n chuy\u00ean d\u1ee5ng cho ph\u00e9p b\u1ea3o qu\u1ea3n t\u1eeb th\u1ef1c ph\u1ea9m b\u01a1 s\u1eefa \u0111\u1ebfn rau c\u1ee7 qu\u1ea3 t\u01b0\u01a1i. \u0110i\u1ec1u ch\u1ec9nh nhi\u1ec7t \u0111\u1ed9 \u0111\u01a1n gi\u1ea3n b\u1eb1ng thanh tr\u01b0\u1ee3t, nhi\u1ec7t \u0111\u1ed9 s\u1ebd \u0111\u01b0\u1ee3c thay \u0111\u1ed5i ph\u00f9 h\u1ee3p v\u1edbi th\u1ef1c ph\u1ea9m \u0111\u01b0\u1ee3c l\u01b0u tr\u1eef, \u0111\u1ea3m b\u1ea3o \u0111\u1ed9 t\u01b0\u01a1i ngon d\u00e0i l\u00e2u.<\/p>\n<figure id=\"attachment_56377\" aria-describedby=\"caption-attachment-56377\" style=\"width: 1020px\" class=\"wp-caption alignnone\"><img loading=\"lazy\" decoding=\"async\" class=\"size-large wp-image-56377\" src=\"https:\/\/livinghome.vn\/thiet-bi\/wp-content\/uploads\/nha-bep\/whirlpool\/tu-lanh-whirlpool\/tu-lanh-whirlpool-wfb320nbsv\/tu-lanh-whirlpool-wfb320nbsv-9-1067x800.jpg\" alt=\"T\u1ee7 l\u1ea1nh Whirlpool WFB320NBSV 2 c\u1eeda ng\u0103n \u0111\u00e1 d\u01b0\u1edbi 312l\" width=\"1020\" height=\"765\" title=\"\"><figcaption id=\"caption-attachment-56377\" class=\"wp-caption-text\">T\u1ee7 l\u1ea1nh Whirlpool WFB320NBSV 2 c\u1eeda ng\u0103n \u0111\u00e1 d\u01b0\u1edbi 312l<\/figcaption><\/figure>\n<h3><strong>Hi\u1ec7u su\u1ea5t t\u1ed1i \u01b0u, v\u1eadn h\u00e0nh b\u1ec1n b\u1ec9<\/strong><\/h3>\n<p>C\u00f4ng ngh\u1ec7 bi\u1ebfn t\u1ea7n Intellisense ti\u00ean ti\u1ebfn \u0111i\u1ec1u ch\u1ec9nh t\u1ed1c \u0111\u1ed9 m\u00e1y n\u00e9n trong th\u1eddi gian th\u1ef1c \u0111\u1ec3 l\u00e0m l\u1ea1nh nhanh h\u01a1n. Gi\u00fap ti\u1ebft ki\u1ec7m \u0111i\u1ec7n m\u1ed7i ng\u00e0y v\u00e0 ho\u1ea1t \u0111\u1ed9ng b\u1ec1n b\u1ec9, l\u00e2u d\u00e0i<\/p>\n<figure id=\"attachment_56380\" aria-describedby=\"caption-attachment-56380\" style=\"width: 800px\" class=\"wp-caption alignnone\"><img loading=\"lazy\" decoding=\"async\" class=\"size-large wp-image-56380\" src=\"https:\/\/livinghome.vn\/thiet-bi\/wp-content\/uploads\/nha-bep\/whirlpool\/tu-lanh-whirlpool\/tu-lanh-whirlpool-wfb320nbsv\/tu-lanh-whirlpool-wfb320nbsv-6-800x800.jpg\" alt=\"T\u1ee7 l\u1ea1nh Whirlpool WFB320NBSV 2 c\u1eeda ng\u0103n \u0111\u00e1 d\u01b0\u1edbi 312l\" width=\"800\" height=\"800\" title=\"\"><figcaption id=\"caption-attachment-56380\" class=\"wp-caption-text\">T\u1ee7 l\u1ea1nh Whirlpool WFB320NBSV 2 c\u1eeda ng\u0103n \u0111\u00e1 d\u01b0\u1edbi 312l<\/figcaption><\/figure>\n<h3><strong>Lu\u1ed3ng kh\u00ed l\u1ea1nh 3D<\/strong><\/h3>\n<p>Th\u00e1p kh\u00f4ng kh\u00ed l\u1ea1nh \u0111\u01b0\u1ee3c thi\u1ebft k\u1ebf khoa h\u1ecdc, c\u00e1c l\u1ed7 th\u00f4ng h\u01a1i \u0111\u01b0\u1ee3c \u0111\u1eb7t \u1edf v\u1ecb tr\u00ed h\u1ee3p l\u00fd v\u00e0 b\u1ed9 ph\u1eadn t\u0103ng kh\u00ed, lu\u00e2n chuy\u1ec3n kh\u00ed l\u1ea1nh m\u1ed9t c\u00e1ch \u0111\u1ed3ng nh\u1ea5t theo \u0111\u01b0\u1eddng tr\u00f2n. Kh\u00f4ng kh\u00ed l\u1ea1nh kh\u00f4ng th\u1ed5i tr\u1ef1c ti\u1ebfp v\u00e0o th\u1ef1c ph\u1ea9m, do \u0111\u00f3 gi\u1ea3m thi\u1ec3u s\u1ef1 th\u1ea5t tho\u00e1t h\u01a1i n\u01b0\u1edbc v\u00e0 gi\u1eef cho th\u1ef1c ph\u1ea9m t\u01b0\u01a1i l\u00e2u h\u01a1n.<\/p>\n<figure id=\"attachment_56382\" aria-describedby=\"caption-attachment-56382\" style=\"width: 800px\" class=\"wp-caption alignnone\"><img loading=\"lazy\" decoding=\"async\" class=\"size-large wp-image-56382\" src=\"https:\/\/livinghome.vn\/thiet-bi\/wp-content\/uploads\/nha-bep\/whirlpool\/tu-lanh-whirlpool\/tu-lanh-whirlpool-wfb320nbsv\/tu-lanh-whirlpool-wfb320nbsv-4-800x800.jpg\" alt=\"T\u1ee7 l\u1ea1nh Whirlpool WFB320NBSV 2 c\u1eeda ng\u0103n \u0111\u00e1 d\u01b0\u1edbi 312l\" width=\"800\" height=\"800\" title=\"\"><figcaption id=\"caption-attachment-56382\" class=\"wp-caption-text\">T\u1ee7 l\u1ea1nh Whirlpool WFB320NBSV 2 c\u1eeda ng\u0103n \u0111\u00e1 d\u01b0\u1edbi 312l<\/figcaption><\/figure>\n<h3><strong>C\u00f4ng ngh\u1ec7 Microblock<\/strong><\/h3>\n<p>Ng\u0103n ch\u1eb7n s\u1ef1 ph\u00e1t tri\u1ec3n c\u1ee7a vi khu\u1ea9n \u0111\u1ebfn 99%, \u0111\u1ea3m b\u1ea3o rau qu\u1ea3 lu\u00f4n t\u01b0\u01a1i ngon d\u00e0i l\u00e2u<\/p>\n<figure id=\"attachment_56379\" aria-describedby=\"caption-attachment-56379\" style=\"width: 800px\" class=\"wp-caption alignnone\"><img loading=\"lazy\" decoding=\"async\" class=\"size-large wp-image-56379\" src=\"https:\/\/livinghome.vn\/thiet-bi\/wp-content\/uploads\/nha-bep\/whirlpool\/tu-lanh-whirlpool\/tu-lanh-whirlpool-wfb320nbsv\/tu-lanh-whirlpool-wfb320nbsv-7-800x800.jpg\" alt=\"T\u1ee7 l\u1ea1nh Whirlpool WFB320NBSV 2 c\u1eeda ng\u0103n \u0111\u00e1 d\u01b0\u1edbi 312l\" width=\"800\" height=\"800\" title=\"\"><figcaption id=\"caption-attachment-56379\" class=\"wp-caption-text\">T\u1ee7 l\u1ea1nh Whirlpool WFB320NBSV 2 c\u1eeda ng\u0103n \u0111\u00e1 d\u01b0\u1edbi 312l<\/figcaption><\/figure>\n<h3><strong>C\u00f4ng ngh\u1ec7 Zeolite<\/strong><\/h3>\n<p>Ethylene d\u01b0 th\u1eeba t\u1eeb tr\u00e1i c\u00e2y \u0111\u01b0\u1ee3c c\u00f4ng ngh\u1ec7 Zeolite h\u1ea5p th\u1ee5, ng\u0103n tr\u00e1i c\u00e2y v\u00e0 rau c\u1ee7 ch\u00edn qu\u00e1<\/p>\n<h3><strong>Th\u00f4ng s\u1ed1 k\u1ef9 thu\u1eadt<\/strong><\/h3>\n<ul>\n<li>Dung t\u00edch <a href=\"https:\/\/livinghome.vn\/thiet-bi\/tu-lanh\/\">t\u1ee7 l\u1ea1nh<\/a> (L): 312<\/li>\n<li>Dung t\u00edch s\u1eed d\u1ee5ng ng\u0103n m\u00e1t (L): 242<\/li>\n<li>Dung t\u00edch s\u1eed d\u1ee5ng ng\u0103n \u0111\u00f4ng (L): 70<\/li>\n<li>\u0110i\u1ec7n \u00e1p (V): 220 &#8211; 240<\/li>\n<li>T\u1ea7n s\u1ed1 (Hz): 50<\/li>\n<li>M\u1ee9c \u1ed3n (dBA): 36<\/li>\n<li>Lo\u1ea1i m\u00f4i tr\u01b0\u1eddng nhi\u1ec7t \u0111\u1ed9: T<\/li>\n<li>S\u1ed1 h\u1ec7 th\u1ed1ng d\u00e0n l\u1ea1nh \u0111\u1ed9c l\u1eadp: 1<\/li>\n<li>K\u00edch th\u01b0\u1edbc s\u1ea3n ph\u1ea9m (CxRxS\/ mm): 1801 x 632 x 717<\/li>\n<li>T\u1ed5ng kh\u1ed1i l\u01b0\u1ee3ng (kg): 95<\/li>\n<li>Kh\u1ed1i l\u01b0\u1ee3ng t\u1ecbnh (kg): 81<\/li>\n<\/ul>\n<h3><strong>T\u00ednh n\u0103ng<\/strong><\/h3>\n<ul>\n<li>\u0110i\u1ec1u khi\u1ec3n nhi\u1ec7t \u0111\u1ed9 6th Sense: C\u00f3<\/li>\n<li>Inverter: C\u00f3<\/li>\n<li>H\u1ec7 th\u1ed1ng r\u00e3 \u0111\u00f4ng &#8211; Ng\u0103n m\u00e1t: Kh\u00f4ng \u0111\u00f3ng tuy\u1ebft<\/li>\n<li>H\u1ec7 th\u1ed1ng r\u00e3 \u0111\u00f4ng &#8211; Ng\u0103n \u0111\u00f4ng: Kh\u00f4ng \u0111\u00f3ng tuy\u1ebft<\/li>\n<li>H\u1ec7 th\u1ed1ng lu\u1ed3ng kh\u00f4ng kh\u00ed: \u0110a chi\u1ec1u<\/li>\n<li>Ch\u1ea5t l\u00e0m l\u1ea1nh kh\u00f4ng ch\u1ee9a CFC: C\u00f3<\/li>\n<li>B\u00e1o \u0111\u1ed9ng c\u1eeda: C\u00f3<\/li>\n<li>Ch\u1ebf \u0111\u1ed9 l\u00e0m l\u1ea1nh nhanh: C\u00f3<\/li>\n<li>Ch\u1ebf \u0111\u1ed9 c\u1ea5p \u0111\u00f4ng nhanh: C\u00f3<\/li>\n<li>C\u00f4ng ngh\u1ec7 Zeolite: C\u00f3<\/li>\n<li>C\u00f4ng ngh\u1ec7 Microblock: C\u00f3<\/li>\n<li>Ng\u0103n nhi\u1ec7t \u0111\u1ed9 thay \u0111\u1ed5i: C\u00f3<\/li>\n<\/ul>\n<h3><strong>Thi\u1ebft k\u1ebf<\/strong><\/h3>\n<ul>\n<li>Lo\u1ea1i: 2 c\u1eeda ng\u0103n \u0111\u00e1 d\u01b0\u1edbi<\/li>\n<li>B\u1ea3ng \u0111i\u1ec1u khi\u1ec3n: C\u1ea3m \u1ee9ng LED<\/li>\n<li>Chi\u1ebfu s\u00e1ng b\u00ean trong: LED<\/li>\n<li>C\u00e0i \u0111\u1eb7t nhi\u1ec7t \u0111\u1ed9 \u0111i\u1ec7n t\u1eed: C\u00f3<\/li>\n<li>Tay n\u1eafm: \u00e2m<\/li>\n<li>Ng\u0103n rau c\u1ee7: C\u00f3<\/li>\n<li>S\u1ed1 khay ng\u0103n m\u00e1t: 3 (C\u00f3 th\u1ec3 \u0111i\u1ec1u ch\u1ec9nh)<\/li>\n<li>S\u1ed1 ng\u0103n tr\u00ean c\u1eeda ng\u0103n m\u00e1t: 4 (2 x khay , 2 x ng\u0103n)<\/li>\n<li>S\u1ed1 h\u1ed9c k\u00e9o ng\u0103n m\u00e1t: 1<\/li>\n<li>V\u00f9ng nhi\u1ec7t \u0111\u1ed9 thay \u0111\u1ed5i: 1<\/li>\n<li>Khay tr\u1ee9ng: 1<\/li>\n<li>S\u1ed1 khay ng\u0103n \u0111\u00f4ng: 1<\/li>\n<li>S\u1ed1 ng\u0103n tr\u00ean c\u1eeda ng\u0103n \u0111\u00f4ng: 1<\/li>\n<li>S\u1ed1 h\u1ed9c k\u00e9o ng\u0103n \u0111\u00f4ng: 1<\/li>\n<li>Khay \u0111\u00e1: 1<\/li>\n<li>M\u00e0u s\u1eafc: Th\u00e9p kh\u00f4ng g\u1ec9<\/li>\n<\/ul>\n","protected":false},"excerpt":{"rendered":"<h2 style=\"text-align: left;\">T\u1ee7 l\u1ea1nh Whirlpool WFB320NBSV<\/h2>\n<h3 style=\"text-align: left;\"><strong>C\u00f4ng ngh\u1ec7 c\u1ea3m bi\u1ebfn th\u00f4ng minh Gi\u00e1c quan th\u1ee9 6 6th SENSE<\/strong><\/h3>\n<p style=\"text-align: left;\">C\u00e1c c\u1ea3m bi\u1ebfn th\u00f4ng minh v\u00e0 tr\u1ef1c quan gi\u00fap t\u1ea1o m\u00f4i tr\u01b0\u1eddng ph\u00f9 h\u1ee3p \u0111\u1ec3 l\u01b0u tr\u1eef th\u1ef1c ph\u1ea9m t\u1ed1i \u01b0u<\/p>\n<h3 style=\"text-align: left;\"><strong>Ng\u0103n nhi\u1ec7t \u0111\u1ed9 thay \u0111\u1ed5i<\/strong><\/h3>\n<p style=\"text-align: left;\">Ng\u0103n \u0111\u1eb7c bi\u1ec7t ph\u00f9 h\u1ee3p cho vi\u1ec7c tr\u1eef s\u1eefa, tr\u00e1i c\u00e2y v\u00e0 rau c\u1ee7<\/p>\n<h3 style=\"text-align: left;\"><strong>Ch\u1ee9c n\u0103ng chuy\u1ec3n \u0111\u1ed5i 10 trong 1<\/strong><\/h3>\n<p style=\"text-align: left;\">10 ch\u1ebf \u0111\u1ed9 l\u00e0m l\u1ea1nh ph\u00f9 h\u1ee3p v\u1edbi nhu c\u1ea7u l\u01b0u tr\u1eef th\u1ef1c ph\u1ea9m trong c\u00e1c d\u1ecbp kh\u00e1c nhau<\/p>\n","protected":false},"featured_media":3267,"comment_status":"open","ping_status":"closed","template":"","meta":[],"product_brand":[],"product_cat":[201,380,939],"product_tag":[203,396,397,382],"class_list":{"0":"post-3150","1":"product","2":"type-product","3":"status-publish","4":"has-post-thumbnail","6":"product_cat-tu-lanh","7":"product_cat-thuong-hieu-whirlpool","8":"product_cat-tu-lanh-whirlpool","9":"product_tag-tu-lanh","10":"product_tag-tu-lanh-2-cua","11":"product_tag-tu-lanh-whirlpool","12":"product_tag-whirlpool","14":"first","15":"instock","16":"sale","17":"shipping-taxable","18":"purchasable","19":"product-type-simple"},"_links":{"self":[{"href":"https:\/\/livinghome.vn\/thiet-bi\/wp-json\/wp\/v2\/product\/3150","targetHints":{"allow":["GET"]}}],"collection":[{"href":"https:\/\/livinghome.vn\/thiet-bi\/wp-json\/wp\/v2\/product"}],"about":[{"href":"https:\/\/livinghome.vn\/thiet-bi\/wp-json\/wp\/v2\/types\/product"}],"replies":[{"embeddable":true,"href":"https:\/\/livinghome.vn\/thiet-bi\/wp-json\/wp\/v2\/comments?post=3150"}],"wp:featuredmedia":[{"embeddable":true,"href":"https:\/\/livinghome.vn\/thiet-bi\/wp-json\/wp\/v2\/media\/3267"}],"wp:attachment":[{"href":"https:\/\/livinghome.vn\/thiet-bi\/wp-json\/wp\/v2\/media?parent=3150"}],"wp:term":[{"taxonomy":"product_brand","embeddable":true,"href":"https:\/\/livinghome.vn\/thiet-bi\/wp-json\/wp\/v2\/product_brand?post=3150"},{"taxonomy":"product_cat","embeddable":true,"href":"https:\/\/livinghome.vn\/thiet-bi\/wp-json\/wp\/v2\/product_cat?post=3150"},{"taxonomy":"product_tag","embeddable":true,"href":"https:\/\/livinghome.vn\/thiet-bi\/wp-json\/wp\/v2\/product_tag?post=3150"}],"curies":[{"name":"wp","href":"https:\/\/api.w.org\/{rel}","templated":true}]}}