{"id":3132,"date":"2023-01-12T17:39:55","date_gmt":"2023-01-12T17:39:55","guid":{"rendered":"https:\/\/livinghome.vn\/thiet-bi\/?post_type=product&#038;p=3132"},"modified":"2024-11-29T14:20:21","modified_gmt":"2024-11-29T07:20:21","slug":"may-giat-whirlpool-vwvc8502fs-cua-tren-8-5kg-bac","status":"publish","type":"product","link":"https:\/\/livinghome.vn\/thiet-bi\/may-giat-whirlpool-vwvc8502fs-cua-tren-8-5kg-bac\/","title":{"rendered":"M\u00e1y gi\u1eb7t Whirlpool VWVC8502FS c\u1eeda tr\u00ean 8.5kg b\u1ea1c"},"content":{"rendered":"<h2><strong>Xin gi\u1edbi thi\u1ec7u M\u00e1y gi\u1eb7t Whirlpool VWVC8502FS c\u1eeda tr\u00ean 8.5kg b\u1ea1c v\u1edbi thi\u1ebft k\u1ebf hi\u1ec7n \u0111\u1ea1i, ti\u1ec7n d\u1ee5ng ph\u00f9 h\u1ee3p v\u1edbi m\u1ecdi gia \u0111\u00ecnh Vi\u1ec7t.<\/strong><\/h2>\n<h3><strong>StainClean &#8211; Gi\u1eb7t s\u1ea1ch m\u1ea1nh m\u1ebd<\/strong><\/h3>\n<p>Ch\u01b0\u01a1ng tr\u00ecnh \u0111\u01b0\u1ee3c thi\u1ebft k\u1ebf \u0111\u1eb7c bi\u1ec7t \u0111\u1ec3 \u0111\u00e1nh bay v\u1ebft b\u1ea9n nh\u1edd lu\u1ed3ng n\u01b0\u1edbc m\u1ea1nh v\u00e0 thu\u1eadt to\u00e1n \u0111\u1eb7c bi\u1ec7t. Lo\u1ea1i b\u1ecf 15 v\u1ebft b\u1ea9n h\u00e0ng ng\u00e0y nh\u01b0 n\u01b0\u1edbc t\u01b0\u01a1ng, n\u01b0\u1edbc tr\u00e1i c\u00e2y, c\u00e0 r\u1ed1t xay nhuy\u1ec5n, v.v. trong m\u1ed9t l\u1ea7n gi\u1eb7t.<\/p>\n<h3><strong>Rinse Plus &#8211; X\u1ea3 t\u0103ng c\u01b0\u1eddng<\/strong><\/h3>\n<p>Ch\u1ee9c n\u0103ng \u0111\u1eb7c bi\u1ec7t \u0111\u1ec3 gi\u1ea3m thi\u1ec3u c\u1eb7n n\u01b0\u1edbc gi\u1eb7t trong qu\u1ea7n \u00e1o. N\u01b0\u1edbc s\u1ea1ch s\u1ebd \u0111\u01b0\u1ee3c s\u1eed d\u1ee5ng trong l\u1ea7n x\u1ea3 cu\u1ed1i c\u00f9ng \u0111\u1ec3 r\u1eeda s\u1ea1ch ho\u00e0n to\u00e0n. \u0110\u01b0\u1ee3c thi\u1ebft k\u1ebf \u0111\u1ec3 ch\u0103m s\u00f3c l\u00e0n da m\u1ecfng manh c\u1ee7a tr\u1ebb s\u01a1 sinh v\u00e0 ng\u01b0\u1eddi gi\u00e0.<\/p>\n<figure id=\"attachment_56517\" aria-describedby=\"caption-attachment-56517\" style=\"width: 800px\" class=\"wp-caption alignnone\"><img loading=\"lazy\" decoding=\"async\" class=\"wp-image-56517 size-large\" src=\"https:\/\/livinghome.vn\/thiet-bi\/wp-content\/uploads\/nha-bep\/whirlpool\/may-giat-whirlpool\/may-giat-whirlpool-vwvc8502fs\/may-giat-whirlpool-vwvc8502fs-5-800x800.jpg\" alt=\"M\u00e1y gi\u1eb7t Whirlpool VWVC8502FS c\u1eeda tr\u00ean 8.5kg b\u1ea1c\" width=\"800\" height=\"800\" title=\"\"><figcaption id=\"caption-attachment-56517\" class=\"wp-caption-text\">M\u00e1y gi\u1eb7t Whirlpool VWVC8502FS c\u1eeda tr\u00ean 8.5kg b\u1ea1c<\/figcaption><\/figure>\n<h3><strong>V\u1ec7 sinh l\u1ed3ng gi\u1eb7t<\/strong><\/h3>\n<p>L\u00e0m s\u1ea1ch l\u1ed3ng gi\u1eb7t v\u1edbi n\u01b0\u1edbc n\u00f3ng l\u00ean \u0111\u1ebfn 60\u02daC \u0111\u1ec3 lo\u1ea1i b\u1ecf vi khu\u1ea9n v\u00e0 c\u1eb7n b\u1ea9n, mang l\u1ea1i m\u00f4i tr\u01b0\u1eddng s\u1ea1ch s\u1ebd v\u00e0 v\u1ec7 sinh nh\u00e2t cho \u00e1o qu\u1ea7n c\u1ee7a b\u1ea1n.<\/p>\n<figure id=\"attachment_56499\" aria-describedby=\"caption-attachment-56499\" style=\"width: 800px\" class=\"wp-caption alignnone\"><img loading=\"lazy\" decoding=\"async\" class=\"wp-image-56499 size-large\" src=\"https:\/\/livinghome.vn\/thiet-bi\/wp-content\/uploads\/nha-bep\/whirlpool\/may-giat-whirlpool\/may-giat-whirlpool-vwiid1002fg\/may-giat-whirlpool-vwiid1002fg-2-800x800.jpg\" alt=\"M\u00e1y gi\u1eb7t Whirlpool VWVC8502FS c\u1eeda tr\u00ean 8.5kg b\u1ea1c\" width=\"800\" height=\"800\" title=\"\"><figcaption id=\"caption-attachment-56499\" class=\"wp-caption-text\">M\u00e1y gi\u1eb7t Whirlpool VWVC8502FS c\u1eeda tr\u00ean 8.5kg b\u1ea1c<\/figcaption><\/figure>\n<h3><strong>Gi\u1eb7t tay Biotic<\/strong><\/h3>\n<p>M\u00e1y gi\u1eb7t Whirlpool VWVC8502FS v\u1edbi C\u00e1c t\u00ednh n\u0103ng l\u00e0m s\u1ea1ch \u0111\u01b0\u1ee3c t\u1ed1i \u01b0u h\u00f3a nh\u1edd kh\u1ea3 n\u0103ng m\u00f4 ph\u1ecfng th\u00f4ng minh &#8220;gi\u1eb7t tay&#8221; v\u1edbi b\u1ed1n th\u1eddi \u0111i\u1ec3m: lau, ch\u00e0, xoay, rung. L\u00e0m s\u1ea1ch tri\u1ec7t \u0111\u1ec3 \u0111\u1ed3ng th\u1eddi ng\u0103n ng\u1eeba x\u01a1 r\u1ed1i, b\u1ea3o v\u1ec7\u00a0 c\u00e1c lo\u1ea1i v\u1ea3i tinh t\u1ebf c\u1ee7a b\u1ea1n.<\/p>\n<h3><strong>C\u00f4ng ngh\u1ec7 c\u1ea3m bi\u1ebfn th\u00f4ng minh gi\u00e1c quan th\u1ee9 6 6th Sense<\/strong><\/h3>\n<p>Ch\u1ec9 c\u1ea7n nh\u1ea5n n\u00fat Start (B\u1eaft \u0111\u1ea7u) trong 3 gi\u00e2y, c\u00f4ng ngh\u1ec7 6th sense s\u1ebd t\u1ef1 \u0111\u1ed9ng ph\u00e1t hi\u1ec7n kh\u1ed1i l\u01b0\u1ee3ng qu\u1ea7n \u00e1o v\u00e0 b\u1eaft \u0111\u1ea7u chu tr\u00ecnh gi\u1eb7t t\u1ed1i \u01b0u &#8211; xua tan n\u1ed7i lo gi\u1eb7t gi\u0169 h\u00e0ng ng\u00e0y c\u1ee7a b\u1ea1n.<\/p>\n<div class=\"mceTemp\"><\/div>\n<figure id=\"attachment_56492\" aria-describedby=\"caption-attachment-56492\" style=\"width: 1067px\" class=\"wp-caption alignnone\"><img loading=\"lazy\" decoding=\"async\" class=\"wp-image-56492 size-large\" src=\"https:\/\/livinghome.vn\/thiet-bi\/wp-content\/uploads\/nha-bep\/whirlpool\/may-giat-whirlpool\/may-giat-whirlpool-vwiid1002fg\/may-giat-whirlpool-vwiid1002fg-9-1067x800.jpg\" alt=\"M\u00e1y gi\u1eb7t Whirlpool VWVC8502FS c\u1eeda tr\u00ean 8.5kg b\u1ea1c\" width=\"1067\" height=\"800\" title=\"\"><figcaption id=\"caption-attachment-56492\" class=\"wp-caption-text\">M\u00e1y gi\u1eb7t Whirlpool VWVC8502FS c\u1eeda tr\u00ean 8.5kg b\u1ea1c<\/figcaption><\/figure>\n<h3><strong>Th\u00f4ng s\u1ed1 k\u1ef9 thu\u1eadt<\/strong><\/h3>\n<ul>\n<li>M\u00e0u <a href=\"https:\/\/livinghome.vn\/thiet-bi\/gia-dung-khac\/may-giat\/\">m\u00e1y gi\u1eb7t<\/a>: b\u1ea1c<\/li>\n<li>\u0110\u1ed9ng c\u01a1: Th\u00f4ng th\u01b0\u1eddng<\/li>\n<li>C\u00f4ng su\u1ea5t gi\u1eb7t: 8.5kg<\/li>\n<li>T\u1ed1c \u0111\u1ed9 quay v\u1eaft t\u1ed1i \u0111a: 700<\/li>\n<li>Ph\u1ea1m vi nhi\u1ec7t \u0111\u1ed9: L\u1ea1nh<\/li>\n<li>N\u1eafp tr\u00ean: K\u00ednh<\/li>\n<li>M\u00e0n h\u00ecnh: LED<\/li>\n<li>\u0110i\u1ec1u khi\u1ec3n: N\u00fat b\u1ea5m<\/li>\n<li>K\u00edch th\u01b0\u1edbc s\u1ea3n ph\u1ea9m RxSxC: 540x563x940<\/li>\n<li>Hi\u1ec7u su\u1ea5t n\u0103ng l\u01b0\u1ee3ng: 5 sao<\/li>\n<li>Kh\u00f3a tr\u1ebb em: C\u00f3<\/li>\n<li>Kh\u1ed1i l\u01b0\u1ee3ng t\u1ecbnh (kg) : 34<\/li>\n<li>L\u1ef1a ch\u1ecdn m\u1ee9c n\u01b0\u1edbc : 8 m\u1ee9c<\/li>\n<li>Thi\u1ebft l\u1eadp tr\u01b0\u1edbc\/h\u1eb9n gi\u1edd : 1-24 gi\u1edd<\/li>\n<li>Hi\u1ec3n th\u1ecb th\u1eddi gian c\u00f2n l\u1ea1i : C\u00f3<\/li>\n<\/ul>\n<h3><strong>Ch\u01b0\u01a1ng tr\u00ecnh<\/strong><\/h3>\n<ul>\n<li>H\u1ed7n h\u1ee3p eCotton<\/li>\n<li>Gi\u1eb7t s\u1ea1ch<\/li>\n<li>Gi\u1eb7t nhanh<\/li>\n<li>X\u1ea3+Quay v\u1eaft<\/li>\n<li>Quay v\u1eaft<\/li>\n<\/ul>\n<h3><strong>T\u00f9y ch\u1ecdn<\/strong><\/h3>\n<ul>\n<li>Nhanh<\/li>\n<li>N\u1eb7ng<\/li>\n<li>Nh\u1eb9 nh\u00e0ng<\/li>\n<li>Ng\u00e2m th\u00eam<\/li>\n<li>X\u1ea3 th\u00eam<\/li>\n<li>V\u1ec7 sinh l\u1ed3ng gi\u1eb7t<\/li>\n<li>Gi\u1eb7t tay<\/li>\n<li>X\u1ea3 t\u0103ng c\u01b0\u1eddng<\/li>\n<\/ul>\n","protected":false},"excerpt":{"rendered":"<h2 style=\"text-align: left;\">M\u00e1y gi\u1eb7t Whirlpool VWVC8502FS<\/h2>\n<h3 style=\"text-align: left;\"><strong>StainClean\u00a0<\/strong><\/h3>\n<p style=\"text-align: left;\">\u0110\u00e1nh bay v\u1ebft b\u1ea9n nh\u1edd lu\u1ed3ng n\u01b0\u1edbc m\u1ea1nh m\u1ebd. Lo\u1ea1i b\u1ecf 15 v\u1ebft b\u1ea9n h\u00e0ng ng\u00e0y trong m\u1ed9t l\u1ea7n gi\u1eb7t.<\/p>\n<h3 style=\"text-align: left;\"><strong>Rinse Plus<\/strong><\/h3>\n<p style=\"text-align: left;\">Gi\u1ea3m thi\u1ec3u c\u1eb7n n\u01b0\u1edbc gi\u1eb7t b\u1eb1ng n\u01b0\u1edbc s\u1ea1ch ch\u1ea3y si\u1ebft trong l\u1ea7n x\u1ea3 cu\u1ed1i c\u00f9ng.<\/p>\n<h3 style=\"text-align: left;\"><strong>Gi\u1eb7t tay Bionic<\/strong><\/h3>\n<p style=\"text-align: left;\">L\u00e0m s\u1ea1ch t\u1ed1i \u01b0u v\u00e0 ng\u0103n ng\u1eeba x\u01a1 r\u1ed1i v\u1edbi d\u00f2ng n\u01b0\u1edbc t\u01b0\u01a1ng t\u1ef1 gi\u1eb7t tay.<\/p>\n","protected":false},"featured_media":3255,"comment_status":"open","ping_status":"closed","template":"","meta":[],"product_brand":[],"product_cat":[213,940,380],"product_tag":[209,395,394,382],"class_list":{"0":"post-3132","1":"product","2":"type-product","3":"status-publish","4":"has-post-thumbnail","6":"product_cat-may-giat","7":"product_cat-may-giat-whirlpool","8":"product_cat-thuong-hieu-whirlpool","9":"product_tag-may-giat","10":"product_tag-may-giat-cua-tren","11":"product_tag-may-giat-whirlpool","12":"product_tag-whirlpool","14":"first","15":"instock","16":"sale","17":"shipping-taxable","18":"purchasable","19":"product-type-simple"},"_links":{"self":[{"href":"https:\/\/livinghome.vn\/thiet-bi\/wp-json\/wp\/v2\/product\/3132","targetHints":{"allow":["GET"]}}],"collection":[{"href":"https:\/\/livinghome.vn\/thiet-bi\/wp-json\/wp\/v2\/product"}],"about":[{"href":"https:\/\/livinghome.vn\/thiet-bi\/wp-json\/wp\/v2\/types\/product"}],"replies":[{"embeddable":true,"href":"https:\/\/livinghome.vn\/thiet-bi\/wp-json\/wp\/v2\/comments?post=3132"}],"wp:featuredmedia":[{"embeddable":true,"href":"https:\/\/livinghome.vn\/thiet-bi\/wp-json\/wp\/v2\/media\/3255"}],"wp:attachment":[{"href":"https:\/\/livinghome.vn\/thiet-bi\/wp-json\/wp\/v2\/media?parent=3132"}],"wp:term":[{"taxonomy":"product_brand","embeddable":true,"href":"https:\/\/livinghome.vn\/thiet-bi\/wp-json\/wp\/v2\/product_brand?post=3132"},{"taxonomy":"product_cat","embeddable":true,"href":"https:\/\/livinghome.vn\/thiet-bi\/wp-json\/wp\/v2\/product_cat?post=3132"},{"taxonomy":"product_tag","embeddable":true,"href":"https:\/\/livinghome.vn\/thiet-bi\/wp-json\/wp\/v2\/product_tag?post=3132"}],"curies":[{"name":"wp","href":"https:\/\/api.w.org\/{rel}","templated":true}]}}