{"id":3095,"date":"2023-01-12T17:39:05","date_gmt":"2023-01-12T17:39:05","guid":{"rendered":"https:\/\/livinghome.vn\/thiet-bi\/?post_type=product&#038;p=3095"},"modified":"2024-11-29T14:20:22","modified_gmt":"2024-11-29T07:20:22","slug":"may-giat-whirlpool-fweb9002fw-cua-truoc-9kg-trang","status":"publish","type":"product","link":"https:\/\/livinghome.vn\/thiet-bi\/may-giat-whirlpool-fweb9002fw-cua-truoc-9kg-trang\/","title":{"rendered":"M\u00e1y gi\u1eb7t Whirlpool FWEB9002FW c\u1eeda tr\u01b0\u1edbc 9kg tr\u1eafng"},"content":{"rendered":"<h2><strong>Xin gi\u1edbi thi\u1ec7u M\u00e1y gi\u1eb7t Whirlpool FWEB9002FW c\u1eeda tr\u01b0\u1edbc 9kg tr\u1eafng v\u1edbi thi\u1ebft k\u1ebf hi\u1ec7n \u0111\u1ea1i, ti\u1ec7n d\u1ee5ng ph\u00f9 h\u1ee3p v\u1edbi m\u1ecdi gia \u0111\u00ecnh Vi\u1ec7t.<\/strong><\/h2>\n<h3><strong>Lo\u1ea1i b\u1ecf 99,9% vi khu\u1ea9n<\/strong><\/h3>\n<p>Ch\u01b0\u01a1ng tr\u00ecnh Sanitizer lo\u1ea1i b\u1ecf 99,9%\u00a0vi khu\u1ea9n khi gi\u1eb7t \u1edf nhi\u1ec7t \u0111\u1ed9 th\u1ea5p 40 \u00b0 C th\u00f4ng qua vi\u1ec7c s\u1eed d\u1ee5ng ch\u1ea5t kh\u1eed khu\u1ea9n gi\u1eb7t qu\u1ea7n \u00e1o. Kh\u00f4ng gi\u1ed1ng nh\u01b0 ph\u01b0\u01a1ng ph\u00e1p gi\u1eb7t th\u00f4ng th\u01b0\u1eddng \u1edf nhi\u1ec7t \u0111\u1ed9 cao, gi\u1edd \u0111\u00e2y b\u1ea1n c\u00f3 th\u1ec3 b\u1ea3o v\u1ec7 v\u00e0 kh\u00f4ng l\u00e0m t\u1ed5n h\u1ea1i \u0111\u1ebfn qu\u1ea7n \u00e1o trong qu\u00e1 tr\u00ecnh gi\u1eb7t.<\/p>\n<figure id=\"attachment_56572\" aria-describedby=\"caption-attachment-56572\" style=\"width: 1067px\" class=\"wp-caption alignnone\"><img loading=\"lazy\" decoding=\"async\" class=\"wp-image-56572 size-large\" src=\"https:\/\/livinghome.vn\/thiet-bi\/wp-content\/uploads\/nha-bep\/whirlpool\/may-giat-say-whirlpool\/may-giat-say-whirlpool-wweb10702fw\/may-giat-say-whirlpool-wweb10702fw-11-1067x800.jpg\" alt=\"M\u00e1y gi\u1eb7t Whirlpool FWEB9002FW c\u1eeda tr\u01b0\u1edbc 9kg tr\u1eafng\" width=\"1067\" height=\"800\" title=\"\"><figcaption id=\"caption-attachment-56572\" class=\"wp-caption-text\">M\u00e1y gi\u1eb7t Whirlpool FWEB9002FW c\u1eeda tr\u01b0\u1edbc 9kg tr\u1eafng<\/figcaption><\/figure>\n<h3><strong>Qu\u1ea7n \u00e1o lu\u00f4n s\u1ea1ch s\u1ebd v\u00e0 th\u01a1m tho sau m\u1ed7i l\u00e2n gi\u1eb7t<\/strong><\/h3>\n<p>V\u1edbi khay n\u01b0\u1edbc gi\u1eb7t 3 ng\u0103n ri\u00eang bi\u1ec7t (b\u1ed9t gi\u1eb7t, n\u01b0\u1edbc s\u00e1t khu\u1ea9n, n\u01b0\u1edbc l\u00e0m m\u1ec1m v\u1ea3i), d\u00f2ng s\u1ea3n ph\u1ea9m SaniCare k\u1ebft h\u1ee3p c\u1ea3 n\u01b0\u1edbc s\u00e1t khu\u1ea9n v\u00e0 n\u01b0\u1edbc l\u00e0m m\u00eam v\u1ea3i v\u00e0o chu tr\u00ecnh x\u1ea3,\u00a0 kh\u1eed tr\u00f9ng hi\u1ec7u qu\u1ea3 qu\u1ea7n \u00e1o c\u1ee7a b\u1ea1n, mang l\u1ea1i m\u1ee9c \u0111\u1ed9 v\u1ec7 sinh cao trong m\u1ed7i l\u1ea7n gi\u1eb7t, \u0111\u1ed3ng th\u1eddi gi\u1eef cho qu\u1ea7n \u00e1o lu\u00f4n t\u01b0\u01a1i m\u1edbi v\u00e0 m\u1ec1m m\u1ea1i sau th\u1eddi gian s\u1eed d\u1ee5ng l\u00e2u d\u00e0i<\/p>\n<figure id=\"attachment_56569\" aria-describedby=\"caption-attachment-56569\" style=\"width: 800px\" class=\"wp-caption alignnone\"><img loading=\"lazy\" decoding=\"async\" class=\"wp-image-56569 size-large\" src=\"https:\/\/livinghome.vn\/thiet-bi\/wp-content\/uploads\/nha-bep\/whirlpool\/may-giat-say-whirlpool\/may-giat-say-whirlpool-wweb10702fw\/may-giat-say-whirlpool-wweb10702fw-4-800x800.jpg\" alt=\"M\u00e1y gi\u1eb7t Whirlpool FWEB9002FW c\u1eeda tr\u01b0\u1edbc 9kg tr\u1eafng\" width=\"800\" height=\"800\" title=\"\"><figcaption id=\"caption-attachment-56569\" class=\"wp-caption-text\">M\u00e1y gi\u1eb7t Whirlpool FWEB9002FW c\u1eeda tr\u01b0\u1edbc 9kg tr\u1eafng<\/figcaption><\/figure>\n<h3><strong>Khay n\u01b0\u1edbc gi\u1eb7t v\u00e0 \u0111\u1ec7m c\u1eeda kh\u00e1ng khu\u1ea9n<\/strong><\/h3>\n<p>Khay n\u01b0\u1edbc gi\u1eb7t v\u00e0 \u0111\u00eam c\u1eeda \u0111\u01b0\u1ee3c b\u1ed5 sung ch\u1ea5t kh\u1eed khu\u1ea9n gi\u00fap ng\u0103n ch\u1eb7n 99% * vi khu\u1ea9n v\u00e0 n\u1ea5m m\u1ed1c ph\u00e1t tri\u1ec3n ngay c\u1ea3 sau khi s\u1eed d\u1ee5ng trong th\u1eddi gian d\u00e0i<\/p>\n<figure id=\"attachment_56573\" aria-describedby=\"caption-attachment-56573\" style=\"width: 1067px\" class=\"wp-caption alignnone\"><img loading=\"lazy\" decoding=\"async\" class=\"wp-image-56573 size-large\" src=\"https:\/\/livinghome.vn\/thiet-bi\/wp-content\/uploads\/nha-bep\/whirlpool\/may-giat-say-whirlpool\/may-giat-say-whirlpool-wweb10702fw\/may-giat-say-whirlpool-wweb10702fw-10-1067x800.jpg\" alt=\"M\u00e1y gi\u1eb7t Whirlpool FWEB9002FW c\u1eeda tr\u01b0\u1edbc 9kg tr\u1eafng\" width=\"1067\" height=\"800\" title=\"\"><figcaption id=\"caption-attachment-56573\" class=\"wp-caption-text\">M\u00e1y gi\u1eb7t Whirlpool FWEB9002FW c\u1eeda tr\u01b0\u1edbc 9kg tr\u1eafng<\/figcaption><\/figure>\n<h3><strong>Gi\u1eb7t v\u1ec7 sinh \u1edf 90\u00b0C<\/strong><\/h3>\n<p>L\u00e0m s\u1ea1ch ho\u00e0n to\u00e0n t\u1eeb trong ra ngo\u00e0i. Ch\u01b0\u01a1ng tr\u00ecnh V\u1ec7 sinh l\u1ed3ng gi\u1eb7t l\u00e0m n\u00f3ng l\u1ed3ng gi\u1eb7t ch\u1ee9a n\u01b0\u1edbc \u1edf nhi\u1ec7t \u0111\u1ed9 cao 90 \u00b0 C, kh\u1eed tr\u00f9ng v\u00e0 l\u00e0m s\u1ea1ch hi\u1ec7u qu\u1ea3 m\u1ecdi ng\u00f3c ng\u00e1ch \u0111\u1ec3 lo\u1ea1i b\u1ecf vi khu\u1ea9n v\u00e0 vi tr\u00f9ng \u0111\u1ec3 d\u1ec5 d\u00e0ng b\u1ea3o qu\u1ea3n m\u00e1y gi\u1eb7t v\u00e0 r\u1eeda s\u1ea1ch sau m\u1ed7i l\u1ea7n gi\u1eb7t.<\/p>\n<figure id=\"attachment_56564\" aria-describedby=\"caption-attachment-56564\" style=\"width: 1067px\" class=\"wp-caption alignnone\"><img loading=\"lazy\" decoding=\"async\" class=\"wp-image-56564 size-large\" src=\"https:\/\/livinghome.vn\/thiet-bi\/wp-content\/uploads\/nha-bep\/whirlpool\/may-giat-say-whirlpool\/may-giat-say-whirlpool-wweb10702fw\/may-giat-say-whirlpool-wweb10702fw-9-1067x800.jpg\" alt=\"M\u00e1y gi\u1eb7t Whirlpool FWEB9002FW c\u1eeda tr\u01b0\u1edbc 9kg tr\u1eafng\" width=\"1067\" height=\"800\" title=\"\"><figcaption id=\"caption-attachment-56564\" class=\"wp-caption-text\">M\u00e1y gi\u1eb7t Whirlpool FWEB9002FW c\u1eeda tr\u01b0\u1edbc 9kg tr\u1eafng<\/figcaption><\/figure>\n<h3><strong>C\u00f4ng ngh\u1ec7 gi\u00e1c quan th\u1ee9 6 6th Sense<\/strong><\/h3>\n<p>Ch\u1ec9 c\u1ea7n nh\u1ea5n n\u00fat Start (B\u1eaft \u0111\u1ea7u) trong 3 gi\u00e2y, c\u00f4ng ngh\u1ec7 6th sense s\u1ebd t\u1ef1 \u0111\u1ed9ng ph\u00e1t hi\u1ec7n kh\u1ed1i l\u01b0\u1ee3ng qu\u1ea7n \u00e1o v\u00e0 ch\u1ecdn chu tr\u00ecnh gi\u1eb7t t\u1ed1i \u01b0u &#8211; xua tan n\u1ed7i lo gi\u1eb7t gi\u0169 h\u00e0ng ng\u00e0y c\u1ee7a b\u1ea1n.<\/p>\n<figure id=\"attachment_56464\" aria-describedby=\"caption-attachment-56464\" style=\"width: 1067px\" class=\"wp-caption alignnone\"><img loading=\"lazy\" decoding=\"async\" class=\"wp-image-56464 size-large\" src=\"https:\/\/livinghome.vn\/thiet-bi\/wp-content\/uploads\/nha-bep\/whirlpool\/may-giat-whirlpool\/may-giat-whirlpool-fweb8002fw\/may-giat-whirlpool-fweb8002fw-3-1067x800.jpg\" alt=\"M\u00e1y gi\u1eb7t Whirlpool FWEB9002FW c\u1eeda tr\u01b0\u1edbc 9kg tr\u1eafng\" width=\"1067\" height=\"800\" title=\"\"><figcaption id=\"caption-attachment-56464\" class=\"wp-caption-text\">M\u00e1y gi\u1eb7t Whirlpool FWEB9002FW c\u1eeda tr\u01b0\u1edbc 9kg tr\u1eafng<\/figcaption><\/figure>\n<h3><strong>Ch\u01b0\u01a1ng tr\u00ecnh gi\u1eb7t stain wash &#8211; lo\u1ea1i b\u1ecf 25 lo\u1ea1i v\u1ebft b\u1ea9n c\u1ee9ng \u0111\u1ea7u<\/strong><\/h3>\n<p>B\u1ea1n s\u1ee3 h\u00e3i \u0111\u1ed1ng qu\u1ea7n \u00e1o l\u1ed9n x\u1ed9n? Stain Wash l\u00e0 m\u1ed9t ch\u01b0\u01a1ng tr\u00ecnh chuy\u00ean d\u1ee5ng \u0111\u1ec3 lo\u1ea1i b\u1ecf c\u00e1c v\u1ebft b\u1ea9n kh\u00f3 t\u1ea9y b\u1eb1ng c\u00e1ch s\u1eed d\u1ee5ng nhi\u1ec7t \u0111\u1ed9 n\u01b0\u1edbc thay \u0111\u1ed5i \u1edf c\u00e1c giai \u0111o\u1ea1n kh\u00e1c nhau trong chu k\u1ef3 gi\u1eb7t, \u0111\u1ec3 \u0111\u1ea3m b\u1ea3o kh\u00f4ng c\u00f2n qu\u1ea7n \u00e1o b\u1ea9n.<\/p>\n<h3><strong>Add wash &#8211; th\u00eam qu\u1ea7n \u00e1o khi gi\u1eb7t<\/strong><\/h3>\n<p>B\u1ecf l\u1ee1 m\u1ed9t chi\u1ebfc \u00e1o s\u01a1 mi? Ch\u1ec9 c\u1ea7n t\u1ea1m d\u1eebng chu tr\u00ecnh gi\u1eb7t c\u1ee7a b\u1ea1n \u0111\u1ec3 th\u00eam * qu\u1ea7n \u00e1o c\u1ee7a b\u1ea1n b\u1ea5t c\u1ee9 l\u00fac n\u00e0o m\u00e0 kh\u00f4ng \u1ea3nh h\u01b0\u1edfng \u0111\u1ebfn hi\u1ec7u su\u1ea5t gi\u1eb7t v\u1edbi t\u00f9y ch\u1ecdn Th\u00eam qu\u1ea7n \u00e1o.<\/p>\n<figure id=\"attachment_56463\" aria-describedby=\"caption-attachment-56463\" style=\"width: 1067px\" class=\"wp-caption alignnone\"><img loading=\"lazy\" decoding=\"async\" class=\"wp-image-56463 size-large\" src=\"https:\/\/livinghome.vn\/thiet-bi\/wp-content\/uploads\/nha-bep\/whirlpool\/may-giat-whirlpool\/may-giat-whirlpool-fweb8002fw\/may-giat-whirlpool-fweb8002fw-4-1067x800.jpg\" alt=\"M\u00e1y gi\u1eb7t Whirlpool FWEB9002FW c\u1eeda tr\u01b0\u1edbc 9kg tr\u1eafng\" width=\"1067\" height=\"800\" title=\"\"><figcaption id=\"caption-attachment-56463\" class=\"wp-caption-text\">M\u00e1y gi\u1eb7t Whirlpool FWEB9002FW c\u1eeda tr\u01b0\u1edbc 9kg tr\u1eafng<\/figcaption><\/figure>\n<h3><strong>Gi\u1eb7t v\u00e0 s\u1ea5y kh\u00f4 trong 60 ph\u00fat<\/strong><\/h3>\n<p>M\u00e1y gi\u1eb7t-s\u1ea5y SaniCare t\u1ef1 \u0111\u1ed9ng ho\u00e0n th\u00e0nh chu tr\u00ecnh gi\u1eb7t v\u00e0 s\u1ea5y kh\u00f4\u0111\u1ea7y \u0111\u1ee7 trong v\u00f2ng 60 ph\u00fat \u0111\u1ed1i v\u1edbi m\u1ed9t t\u1ea3i nh\u1ecf. Ch\u1ec9 c\u1ea7n ch\u1ecdn ch\u01b0\u01a1ng tr\u00ecnh Gi\u1eb7t &amp; S\u1ea5y kh\u00f4 60 \u2019\u0111\u1ec3 c\u00f3 \u0111\u1ed3 gi\u1eb7t s\u1ea1ch s\u1ebd v\u00e0 t\u01b0\u01a1i m\u1edbi m\u1ed9t c\u00e1ch d\u1ec5 d\u00e0ng.<\/p>\n<figure id=\"attachment_56556\" aria-describedby=\"caption-attachment-56556\" style=\"width: 1067px\" class=\"wp-caption alignnone\"><img loading=\"lazy\" decoding=\"async\" class=\"wp-image-56556 size-large\" src=\"https:\/\/livinghome.vn\/thiet-bi\/wp-content\/uploads\/nha-bep\/whirlpool\/may-giat-say-whirlpool\/may-giat-say-whirlpool-wweb10702fg\/may-giat-say-whirlpool-wweb10702fg-6-1067x800.jpg\" alt=\"M\u00e1y gi\u1eb7t Whirlpool FWEB9002FW c\u1eeda tr\u01b0\u1edbc 9kg tr\u1eafng\" width=\"1067\" height=\"800\" title=\"\"><figcaption id=\"caption-attachment-56556\" class=\"wp-caption-text\">M\u00e1y gi\u1eb7t Whirlpool FWEB9002FW c\u1eeda tr\u01b0\u1edbc 9kg tr\u1eafng<\/figcaption><\/figure>\n<h3><strong>Hai ch\u1ebf \u0111\u1ed9 s\u1ea5y kh\u00e1c nhau t\u1ea1o s\u1ef1 thu\u1eadn ti\u1ec7n<\/strong><\/h3>\n<p>M\u00e1y Gi\u1eb7t S\u1ea5y SaniCare \u0111\u01b0\u1ee3c trang b\u1ecb t\u00f9y ch\u1ecdn S\u1ea5y kh\u00f4 k\u00e9p \u0111\u1ec3 \u0111\u00e1p \u1ee9ng m\u1ecdi nhu c\u1ea7u gi\u1eb7t c\u1ee7a b\u1ea1n. \u0110\u1ed1i v\u1edbi nh\u1eefng ng\u00e0y b\u1eadn r\u1ed9n, h\u00e3y s\u1eed d\u1ee5ng ch\u01b0\u01a1ng tr\u00ecnh S\u1ea5y t\u1ef1 \u0111\u1ed9ng \u0111\u1ec3 gi\u1eb7t v\u00e0 s\u1ea5y kh\u00f4 m\u00e0 kh\u00f4ng c\u1ea7n chuy\u1ec3n qu\u1ea7n \u00e1o ra ngo\u00e0i. M\u00e1y c\u0169ng ho\u1ea1t \u0111\u1ed9ng nh\u01b0 m\u1ed9t m\u00e1y s\u1ea5y \u0111\u1ed9c l\u1eadp gi\u00fap l\u00e0m kh\u00f4 qu\u1ea7n \u00e1o \u01b0\u1edbt b\u1ea5t c\u1ee9 l\u00fac n\u00e0o.<\/p>\n<h3><strong>Thi\u1ebft k\u1ebf l\u1ed3ng gi\u1eb7t c\u1ea3i ti\u1ebfn \u0111\u1ec3 ch\u1ed1ng m\u00e0i m\u00f2n v\u1ea3i<\/strong><\/h3>\n<p>SaniCare\u2019s Care Lifter v\u00e0 thi\u1ebft k\u1ebf l\u1ed3ng gi\u1eb7t c\u1ea3i ti\u1ebfn gi\u00fap gi\u1ea3m thi\u1ec3u ma s\u00e1t gi\u1eefa qu\u1ea7n \u00e1o khi gi\u1eb7t v\u00e0 s\u1ea5y, ng\u0103n ng\u1eeba hao m\u00f2n v\u1ea3i v\u00e0 c\u0169ng nh\u1eb9 nh\u00e0ng cho vi\u1ec7c gi\u1eb7t\u00a0 c\u1ee7a b\u1ea1n. Care Lifter ph\u00e2n ph\u1ed1i kh\u00ed n\u00f3ng \u0111\u1ed3ng \u0111\u1ec1u \u0111\u1ec3 c\u00f3 hi\u1ec7u su\u1ea5t s\u1ea5y \u1ed5n \u0111\u1ecbnh.<\/p>\n<figure id=\"attachment_56566\" aria-describedby=\"caption-attachment-56566\" style=\"width: 1067px\" class=\"wp-caption alignnone\"><img loading=\"lazy\" decoding=\"async\" class=\"wp-image-56566 size-large\" src=\"https:\/\/livinghome.vn\/thiet-bi\/wp-content\/uploads\/nha-bep\/whirlpool\/may-giat-say-whirlpool\/may-giat-say-whirlpool-wweb10702fw\/may-giat-say-whirlpool-wweb10702fw-7-1067x800.jpg\" alt=\"M\u00e1y gi\u1eb7t Whirlpool FWEB9002FW c\u1eeda tr\u01b0\u1edbc 9kg tr\u1eafng\" width=\"1067\" height=\"800\" title=\"\"><figcaption id=\"caption-attachment-56566\" class=\"wp-caption-text\">M\u00e1y gi\u1eb7t Whirlpool FWEB9002FW c\u1eeda tr\u01b0\u1edbc 9kg tr\u1eafng<\/figcaption><\/figure>\n<h3><strong>Th\u00f4ng s\u1ed1 k\u1ef9 thu\u1eadt<\/strong><\/h3>\n<ul>\n<li>M\u00e0u <a href=\"https:\/\/livinghome.vn\/thiet-bi\/gia-dung-khac\/may-giat\/\">m\u00e1y gi\u1eb7t<\/a>: X\u00e1m<\/li>\n<li>\u0110\u1ed9ng c\u01a1: inverter<\/li>\n<li>C\u00f4ng su\u1ea5t gi\u1eb7t: 9kg<\/li>\n<li>T\u1ed1c \u0111\u1ed9 quay v\u1eaft t\u1ed1i \u0111a: 1400 v\u00f2ng \/ ph\u00fat<\/li>\n<li>Ph\u1ea1m vi nhi\u1ec7t \u0111\u1ed9: L\u1ea1nh &#8211; 90 \u00b0 C<\/li>\n<li>\u0110i\u1ec1u khi\u1ec3n: C\u1ea3m \u1ee9ng<\/li>\n<li>K\u00edch th\u01b0\u1edbc s\u1ea3n ph\u1ea9m WxDxH: 600 x 635 x 850mm<\/li>\n<\/ul>\n<h3><strong>Ch\u01b0\u01a1ng tr\u00ecnh<\/strong><\/h3>\n<ul>\n<li>H\u1ed7n h\u1ee3p<\/li>\n<li>Nhanh<\/li>\n<li>Nh\u1eb9 nh\u00e0ng<\/li>\n<li>Quay v\u1eaft<\/li>\n<li>V\u1ebft b\u1ea9n<\/li>\n<li>Cotton sinh th\u00e1i<\/li>\n<li>Len<\/li>\n<li>Ch\u0103m s\u00f3c d\u1ecb \u1ee9ng<\/li>\n<li>Gi\u1eb7t kh\u1eed tr\u00f9ng<\/li>\n<li>V\u1ec7 sinh l\u1ed3ng gi\u1eb7t<\/li>\n<\/ul>\n<h3><strong>T\u00f9y ch\u1ecdn<\/strong><\/h3>\n<ul>\n<li>Nhi\u1ec7t \u0111\u1ed9<\/li>\n<li>X\u1ea3<\/li>\n<li>T\u1ed1c \u0111\u1ed9<\/li>\n<li>Ch\u1ed1ng nh\u0103n<\/li>\n<li>X\u1ea3 theo th\u1eddi gian<\/li>\n<li>H\u1eb9n gi\u1edd t\u1eaft<\/li>\n<li>T\u1ef1 \u0111\u1ed9ng b\u1eaft \u0111\u1ea7u<\/li>\n<li>Th\u00eam qu\u1ea7n \u00e1o<\/li>\n<\/ul>\n","protected":false},"excerpt":{"rendered":"<h2 style=\"text-align: left;\">M\u00e1y gi\u1eb7t Whirlpool FWEB9002FW<\/h2>\n<h3 style=\"text-align: left;\"><strong>Gi\u1eb7t s\u00e1t khu\u1ea9n<\/strong><\/h3>\n<p style=\"text-align: left;\">Ng\u0103n n\u01b0\u1edbc s\u00e1t khu\u1ea9n ri\u00eang bi\u1ec7t gi\u00fap lo\u1ea1i b\u1ecf 99,9% vi khu\u1ea9n trong chu tr\u00ecnh gi\u1eb7t<\/p>\n<h3 style=\"text-align: left;\"><strong>Ch\u1ed1ng d\u1ecb \u1ee9ng<\/strong><\/h3>\n<p style=\"text-align: left;\">Lo\u1ea1i b\u1ecf 99,9% ph\u1ea5n hoa v\u00e0 m\u1ea1t b\u1ee5i<\/p>\n<h3 style=\"text-align: left;\"><strong>V\u1ec7 sinh l\u1ed3ng gi\u1eb7t<\/strong><\/h3>\n<p style=\"text-align: left;\">Kh\u1eed khu\u1ea9n v\u00e0 l\u00e0m s\u1ea1ch l\u1ed3ng gi\u1eb7t v\u1edbi n\u01b0\u1edbc n\u00f3ng l\u00ean \u0111\u1ebfn 90\u00b0C<\/p>\n","protected":false},"featured_media":3234,"comment_status":"open","ping_status":"closed","template":"","meta":[],"product_brand":[],"product_cat":[213,940,380],"product_tag":[209,212,394,382],"class_list":{"0":"post-3095","1":"product","2":"type-product","3":"status-publish","4":"has-post-thumbnail","6":"product_cat-may-giat","7":"product_cat-may-giat-whirlpool","8":"product_cat-thuong-hieu-whirlpool","9":"product_tag-may-giat","10":"product_tag-may-giat-cua-truoc","11":"product_tag-may-giat-whirlpool","12":"product_tag-whirlpool","14":"first","15":"instock","16":"sale","17":"shipping-taxable","18":"purchasable","19":"product-type-simple"},"_links":{"self":[{"href":"https:\/\/livinghome.vn\/thiet-bi\/wp-json\/wp\/v2\/product\/3095","targetHints":{"allow":["GET"]}}],"collection":[{"href":"https:\/\/livinghome.vn\/thiet-bi\/wp-json\/wp\/v2\/product"}],"about":[{"href":"https:\/\/livinghome.vn\/thiet-bi\/wp-json\/wp\/v2\/types\/product"}],"replies":[{"embeddable":true,"href":"https:\/\/livinghome.vn\/thiet-bi\/wp-json\/wp\/v2\/comments?post=3095"}],"wp:featuredmedia":[{"embeddable":true,"href":"https:\/\/livinghome.vn\/thiet-bi\/wp-json\/wp\/v2\/media\/3234"}],"wp:attachment":[{"href":"https:\/\/livinghome.vn\/thiet-bi\/wp-json\/wp\/v2\/media?parent=3095"}],"wp:term":[{"taxonomy":"product_brand","embeddable":true,"href":"https:\/\/livinghome.vn\/thiet-bi\/wp-json\/wp\/v2\/product_brand?post=3095"},{"taxonomy":"product_cat","embeddable":true,"href":"https:\/\/livinghome.vn\/thiet-bi\/wp-json\/wp\/v2\/product_cat?post=3095"},{"taxonomy":"product_tag","embeddable":true,"href":"https:\/\/livinghome.vn\/thiet-bi\/wp-json\/wp\/v2\/product_tag?post=3095"}],"curies":[{"name":"wp","href":"https:\/\/api.w.org\/{rel}","templated":true}]}}