{"id":3054,"date":"2023-01-12T17:38:10","date_gmt":"2023-01-12T17:38:10","guid":{"rendered":"https:\/\/livinghome.vn\/thiet-bi\/?post_type=product&#038;p=3054"},"modified":"2024-11-29T14:20:23","modified_gmt":"2024-11-29T07:20:23","slug":"may-giat-whirlpool-ffb-8458-wv-eu-8kg-trang","status":"publish","type":"product","link":"https:\/\/livinghome.vn\/thiet-bi\/may-giat-whirlpool-ffb-8458-wv-eu-8kg-trang\/","title":{"rendered":"M\u00e1y gi\u1eb7t Whirlpool FFB 8458 WV EU 8kg tr\u1eafng"},"content":{"rendered":"<h2><strong>Xin gi\u1edbi thi\u1ec7u M\u00e1y gi\u1eb7t Whirlpool FFB 8458 WV EU 8kg tr\u1eafng \u0111\u01b0\u1ee3c s\u1ea3n xu\u1ea5t theo ti\u00eau chu\u1ea9n ch\u00e2u \u00c2u v\u1edbi thi\u1ebft k\u1ebf hi\u1ec7n \u0111\u1ea1i, ti\u1ec7n d\u1ee5ng ph\u00f9 h\u1ee3p v\u1edbi m\u1ecdi gia \u0111\u00ecnh Vi\u1ec7t.<\/strong><\/h2>\n<h3><strong>C\u00f4ng ngh\u1ec7 c\u1ea3m bi\u1ebfn th\u00f4ng minh gi\u00e1c quan th\u1ee9 6 6th Sense<\/strong><\/h3>\n<p>Kh\u00e1m ph\u00e1 d\u1ecbch v\u1ee5 ch\u0103m s\u00f3c ho\u00e0n h\u1ea3o. C\u1ea3m bi\u1ebfn th\u00f4ng minh 6th SENSE \u0111i\u1ec1u ch\u1ec9nh c\u00e1c ngu\u1ed3n l\u1ef1c theo quy m\u00f4 v\u00e0 lo\u1ea1i t\u1ea3i, t\u1ed1i \u01b0u h\u00f3a th\u1eddi gian, n\u0103ng l\u01b0\u1ee3ng v\u00e0 n\u01b0\u1edbc.<\/p>\n<figure id=\"attachment_56424\" aria-describedby=\"caption-attachment-56424\" style=\"width: 800px\" class=\"wp-caption alignnone\"><img loading=\"lazy\" decoding=\"async\" class=\"size-large wp-image-56424\" src=\"https:\/\/livinghome.vn\/thiet-bi\/wp-content\/uploads\/nha-bep\/whirlpool\/may-giat-whirlpool\/may-giat-whirlpool-ffb-8458-wv-eu\/may-giat-whirlpool-ffb-8458-wv-eu-2-800x800.jpg\" alt=\"M\u00e1y gi\u1eb7t Whirlpool FFB 8458 WV EU 8kg tr\u1eafng\" width=\"800\" height=\"800\" title=\"\"><figcaption id=\"caption-attachment-56424\" class=\"wp-caption-text\">M\u00e1y gi\u1eb7t Whirlpool FFB 8458 WV EU 8kg tr\u1eafng<\/figcaption><\/figure>\n<h3><strong>FreshCare+ &#8211; Gi\u1eb7t s\u1ea1ch th\u01a1m 6 gi\u1edd<\/strong><\/h3>\n<p>C\u00f4ng ngh\u1ec7 FreshCare + ng\u0103n vi khu\u1ea9n ph\u00e1t tri\u1ec3n v\u00e0 gi\u1eef cho qu\u1ea7n \u00e1o lu\u00f4n s\u1ea1ch th\u01a1m l\u00ean \u0111\u1ebfn 6 gi\u1edd sau khi chu k\u1ef3 k\u1ebft th\u00fac n\u1ebfu b\u1ea1n ch\u01b0a l\u1ea5y qu\u1ea7n \u00e1o ra kh\u1ecfi l\u1ed3ng gi\u1eb7t.<\/p>\n<h3><strong>Steam Refresh &#8211; Gi\u1eb7t h\u1ea5p<\/strong><\/h3>\n<p>Trong chu tr\u00ecnh l\u00e0m s\u1ea1ch nh\u01b0 m\u1edbi \u0111\u1eb7c bi\u1ec7t n\u00e0y, m\u00e1y gi\u1eb7t t\u1ea1o ra lu\u1ed3ng h\u01a1i n\u01b0\u1edbc th\u1ea9m th\u1ea5u v\u00e0o c\u00e1c s\u1ee3i v\u1ea3i, lo\u1ea1i b\u1ecf m\u00f9i kh\u00f3 ch\u1ecbu, l\u00e0m m\u1ec1m s\u1ee3i v\u1ea3i v\u00e0 l\u00e0m ph\u1eb3ng n\u1ebfp nh\u0103n. Steam Refresh s\u1eed d\u1ee5ng ch\u01b0a \u0111\u1ebfn hai ly n\u01b0\u1edbc v\u00e0 k\u00e9o d\u00e0i ch\u1ec9 20 ph\u00fat.<\/p>\n<figure id=\"attachment_56419\" aria-describedby=\"caption-attachment-56419\" style=\"width: 800px\" class=\"wp-caption alignnone\"><img loading=\"lazy\" decoding=\"async\" class=\"size-large wp-image-56419\" src=\"https:\/\/livinghome.vn\/thiet-bi\/wp-content\/uploads\/nha-bep\/whirlpool\/may-giat-whirlpool\/may-giat-whirlpool-ffb-8458-wv-eu\/may-giat-whirlpool-ffb-8458-wv-eu-7-800x800.jpg\" alt=\"M\u00e1y gi\u1eb7t Whirlpool FFB 8458 WV EU 8kg tr\u1eafng\" width=\"800\" height=\"800\" title=\"\"><figcaption id=\"caption-attachment-56419\" class=\"wp-caption-text\">M\u00e1y gi\u1eb7t Whirlpool FFB 8458 WV EU 8kg tr\u1eafng<\/figcaption><\/figure>\n<h3><strong>\u0110\u1ed9ng c\u01a1 ti\u00ean ti\u1ebfn &#8211; T\u0129nh l\u1eb7ng v\u00e0 b\u1ec1n b\u1ec9<\/strong><\/h3>\n<p>V\u1eadn h\u00e0nh y\u00ean t\u0129nh. \u0110\u1ed9ng c\u01a1 Inverter SENSE c\u1ea3i ti\u1ebfn c\u1ee7a m\u00e1y gi\u1eb7t Whirlpool n\u00e0y \u0111\u01b0\u1ee3c thi\u1ebft k\u1ebf \u0111\u1ec3 \u0111\u1ea3m b\u1ea3o v\u1eadn h\u00e0nh y\u00ean t\u0129nh v\u00e0 b\u1ec1n b\u1ec9 l\u00e2u d\u00e0i. T\u1eadn h\u01b0\u1edfng\u00a0 k\u1ebft qu\u1ea3 l\u00fd t\u01b0\u1edfng v\u00e0 th\u00eam ch\u00fat y\u00ean b\u00ecnh v\u00e0 t\u0129nh l\u1eb7ng.<\/p>\n<figure id=\"attachment_56421\" aria-describedby=\"caption-attachment-56421\" style=\"width: 800px\" class=\"wp-caption alignnone\"><img loading=\"lazy\" decoding=\"async\" class=\"size-large wp-image-56421\" src=\"https:\/\/livinghome.vn\/thiet-bi\/wp-content\/uploads\/nha-bep\/whirlpool\/may-giat-whirlpool\/may-giat-whirlpool-ffb-8458-wv-eu\/may-giat-whirlpool-ffb-8458-wv-eu-5-800x800.jpg\" alt=\"M\u00e1y gi\u1eb7t Whirlpool FFB 8458 WV EU 8kg tr\u1eafng\" width=\"800\" height=\"800\" title=\"\"><figcaption id=\"caption-attachment-56421\" class=\"wp-caption-text\">M\u00e1y gi\u1eb7t Whirlpool FFB 8458 WV EU 8kg tr\u1eafng<\/figcaption><\/figure>\n<h3><strong>SoftMove &#8211; X\u1eed l\u00fd chuy\u00ean d\u1ee5ng cho t\u1ea5t c\u1ea3 c\u00e1c lo\u1ea1i v\u1ea3i<\/strong><\/h3>\n<p>Nh\u1edd H\u1ec7 th\u1ed1ng SoftMove m\u1edbi, l\u1ed3ng gi\u1eb7t th\u1ef1c hi\u1ec7n m\u1ed9t b\u1ed9 s\u00e1u chuy\u1ec3n \u0111\u1ed9ng l\u1ed3ng gi\u1eb7t \u0111\u1ed9c quy\u1ec1n v\u00e0 bao g\u1ed3m th\u1eddi l\u01b0\u1ee3ng \u0111\u1eb7t tr\u01b0\u1edbc cho m\u1ed7i giai \u0111o\u1ea1n gi\u1eb7t \u0111\u1ec3 th\u00edch \u1ee9ng v\u1edbi m\u1ecdi lo\u1ea1i v\u1ea3i.<\/p>\n<figure id=\"attachment_56420\" aria-describedby=\"caption-attachment-56420\" style=\"width: 800px\" class=\"wp-caption alignnone\"><img loading=\"lazy\" decoding=\"async\" class=\"size-large wp-image-56420\" src=\"https:\/\/livinghome.vn\/thiet-bi\/wp-content\/uploads\/nha-bep\/whirlpool\/may-giat-whirlpool\/may-giat-whirlpool-ffb-8458-wv-eu\/may-giat-whirlpool-ffb-8458-wv-eu-6-800x800.jpg\" alt=\"M\u00e1y gi\u1eb7t Whirlpool FFB 8458 WV EU 8kg tr\u1eafng\" width=\"800\" height=\"800\" title=\"\"><figcaption id=\"caption-attachment-56420\" class=\"wp-caption-text\">M\u00e1y gi\u1eb7t Whirlpool FFB 8458 WV EU 8kg tr\u1eafng<\/figcaption><\/figure>\n<h3><strong>Th\u00f4ng s\u1ed1 k\u1ef9 thu\u1eadt<\/strong><\/h3>\n<ul>\n<li>M\u00e0u <a href=\"https:\/\/livinghome.vn\/thiet-bi\/gia-dung-khac\/may-giat\/\">m\u00e1y gi\u1eb7t<\/a>: Tr\u1eafng ho\u1eb7c X\u00e1m<\/li>\n<li>\u0110\u1ed9ng c\u01a1: inverter<\/li>\n<li>C\u00f4ng su\u1ea5t gi\u1eb7t: 8kg<\/li>\n<li>T\u1ed1c \u0111\u1ed9 quay v\u1eaft t\u1ed1i \u0111a: 1400 v\u00f2ng \/ ph\u00fat<\/li>\n<li>\u0110i\u1ec1u khi\u1ec3n: k\u1ef9 thu\u1eadt s\u1ed1<\/li>\n<li>K\u00edch th\u01b0\u1edbc s\u1ea3n ph\u1ea9m WxDxH: 595 x 630 x 845mm<\/li>\n<\/ul>\n<h3><strong>Ch\u01b0\u01a1ng tr\u00ecnh<\/strong><\/h3>\n<ul>\n<li>H\u1ed7n h\u1ee3p<\/li>\n<li>Tr\u1eafng<\/li>\n<li>Cotton<\/li>\n<li>Eco 40-60<\/li>\n<li>Th\u1ec3 thao<\/li>\n<li>Duvet<\/li>\n<li>Steam Refresh<\/li>\n<li>Quay v\u1eaft &amp; X\u1ea3<\/li>\n<li>X\u1ea3 &amp; Quay v\u1eaft<\/li>\n<li>Rapid 30 \u00b0<\/li>\n<li>20 \u00b0 C<\/li>\n<li>Len<\/li>\n<li>M\u1ecfng nh\u1eb9<\/li>\n<li>T\u1ed5ng h\u1ee3p<\/li>\n<\/ul>\n<h3><strong>T\u00f9y ch\u1ecdn<\/strong><\/h3>\n<ul>\n<li>Clean +<\/li>\n<li>X\u1ea3 s\u00e2u<\/li>\n<li>H\u1eb9n gi\u1edd b\u1eaft \u0111\u1ea7u<\/li>\n<li>FreshCare<\/li>\n<li>Nhi\u1ec7t \u0111\u1ed9<\/li>\n<li>Quay v\u1eaft Ch\u1ebf \u0111\u1ed9 Demo<\/li>\n<\/ul>\n","protected":false},"excerpt":{"rendered":"<h2 style=\"text-align: left;\">M\u00e1y gi\u1eb7t Whirlpool FFB 8458 WV EU<\/h2>\n<h3 style=\"text-align: left;\"><strong>C\u00f4ng ngh\u1ec7 6TH SENSE\u00a0<\/strong><\/h3>\n<p style=\"text-align: left;\">C\u00f4ng ngh\u1ec7 ph\u00e2n t\u00edch v\u00e0 l\u1ef1a ch\u1ecdn ch\u01b0\u01a1ng tr\u00ecnh gi\u1eb7t th\u00f4ng minh, gi\u00fap n\u00e2ng cao hi\u1ec7u qu\u1ea3 gi\u1eb7t gi\u0169.<\/p>\n<h3 style=\"text-align: left;\"><strong>FreshCare+<\/strong><\/h3>\n<p style=\"text-align: left;\">Qu\u1ea7n \u00e1o lu\u00f4n t\u01b0\u01a1i m\u1edbi l\u00ean \u0111\u1ebfn 6 gi\u1edd sau khi k\u1ebft th\u00fac chu k\u1ef3 gi\u1eb7t n\u1ebfu b\u1ea1n ch\u01b0a l\u1ea5y \u00e1o qu\u1ea7n ra kh\u1ecfi l\u1ed3ng gi\u1eb7t<\/p>\n<h3 style=\"text-align: left;\"><strong>L\u00e0m m\u1edbi b\u1eb1ng h\u01a1i n\u01b0\u1edbc<\/strong><\/h3>\n<p style=\"text-align: left;\">Lu\u1ed3ng h\u01a1i n\u01b0\u1edbc gi\u00fap lo\u1ea1i b\u1ecf m\u00f9i kh\u00f3 ch\u1ecbu, l\u00e0m m\u1ec1m v\u00e0 l\u00e0m ph\u1eb3ng c\u00e1c s\u1ee3i v\u00e0 l\u00e0m ph\u1eb3ng n\u1ebfp nh\u0103n.<\/p>\n","protected":false},"featured_media":3213,"comment_status":"open","ping_status":"closed","template":"","meta":[],"product_brand":[],"product_cat":[213,940,380],"product_tag":[209,394,382],"class_list":{"0":"post-3054","1":"product","2":"type-product","3":"status-publish","4":"has-post-thumbnail","6":"product_cat-may-giat","7":"product_cat-may-giat-whirlpool","8":"product_cat-thuong-hieu-whirlpool","9":"product_tag-may-giat","10":"product_tag-may-giat-whirlpool","11":"product_tag-whirlpool","13":"first","14":"instock","15":"sale","16":"shipping-taxable","17":"purchasable","18":"product-type-simple"},"_links":{"self":[{"href":"https:\/\/livinghome.vn\/thiet-bi\/wp-json\/wp\/v2\/product\/3054","targetHints":{"allow":["GET"]}}],"collection":[{"href":"https:\/\/livinghome.vn\/thiet-bi\/wp-json\/wp\/v2\/product"}],"about":[{"href":"https:\/\/livinghome.vn\/thiet-bi\/wp-json\/wp\/v2\/types\/product"}],"replies":[{"embeddable":true,"href":"https:\/\/livinghome.vn\/thiet-bi\/wp-json\/wp\/v2\/comments?post=3054"}],"wp:featuredmedia":[{"embeddable":true,"href":"https:\/\/livinghome.vn\/thiet-bi\/wp-json\/wp\/v2\/media\/3213"}],"wp:attachment":[{"href":"https:\/\/livinghome.vn\/thiet-bi\/wp-json\/wp\/v2\/media?parent=3054"}],"wp:term":[{"taxonomy":"product_brand","embeddable":true,"href":"https:\/\/livinghome.vn\/thiet-bi\/wp-json\/wp\/v2\/product_brand?post=3054"},{"taxonomy":"product_cat","embeddable":true,"href":"https:\/\/livinghome.vn\/thiet-bi\/wp-json\/wp\/v2\/product_cat?post=3054"},{"taxonomy":"product_tag","embeddable":true,"href":"https:\/\/livinghome.vn\/thiet-bi\/wp-json\/wp\/v2\/product_tag?post=3054"}],"curies":[{"name":"wp","href":"https:\/\/api.w.org\/{rel}","templated":true}]}}