{"id":3050,"date":"2023-01-12T17:38:10","date_gmt":"2023-01-12T17:38:10","guid":{"rendered":"https:\/\/livinghome.vn\/thiet-bi\/?post_type=product&#038;p=3050"},"modified":"2024-11-29T14:20:22","modified_gmt":"2024-11-29T07:20:22","slug":"may-say-whirlpool-awd712s2-thong-hoi-7kg-trang","status":"publish","type":"product","link":"https:\/\/livinghome.vn\/thiet-bi\/may-say-whirlpool-awd712s2-thong-hoi-7kg-trang\/","title":{"rendered":"M\u00e1y s\u1ea5y Whirlpool AWD712S2 th\u00f4ng h\u01a1i 7kg tr\u1eafng"},"content":{"rendered":"<h2><strong>Xin gi\u1edbi thi\u1ec7u M\u00e1y s\u1ea5y Whirlpool AWD712S2 th\u00f4ng h\u01a1i 7kg tr\u1eafng v\u1edbi thi\u1ebft k\u1ebf hi\u1ec7n \u0111\u1ea1i, ti\u1ec7n d\u1ee5ng ph\u00f9 h\u1ee3p v\u1edbi m\u1ecdi gia \u0111\u00ecnh Vi\u1ec7t.<\/strong><\/h2>\n<h3><strong>S\u1ea5y m\u1ea1nh m\u1ebd<\/strong><\/h3>\n<p>S\u1ea5y kh\u00f4 m\u1ea1nh m\u1ebd v\u1edbi 15 chu k\u1ef3 s\u1ea5y, ph\u00f9 h\u1ee3p cho m\u1ecdi lo\u1ea1i v\u1ea3i<\/p>\n<figure id=\"attachment_56368\" aria-describedby=\"caption-attachment-56368\" style=\"width: 1020px\" class=\"wp-caption alignnone\"><img loading=\"lazy\" decoding=\"async\" class=\"size-large wp-image-56368\" src=\"https:\/\/livinghome.vn\/thiet-bi\/wp-content\/uploads\/nha-bep\/whirlpool\/may-say-whirlpool\/may-say-whirlpool-awd712s2\/frame-1200-900-whirlpool3-1067x800.jpg\" alt=\"M\u00e1y s\u1ea5y Whirlpool AWD712S2 th\u00f4ng h\u01a1i 7kg tr\u1eafng\" width=\"1020\" height=\"765\" title=\"\"><figcaption id=\"caption-attachment-56368\" class=\"wp-caption-text\">M\u00e1y s\u1ea5y Whirlpool AWD712S2 th\u00f4ng h\u01a1i 7kg tr\u1eafng<\/figcaption><\/figure>\n<h3><strong>C\u00f4ng ngh\u1ec7 c\u1ea3m bi\u1ebfn th\u00f4ng minh Gi\u00e1c quan th\u1ee9 6 6th Sense<\/strong><\/h3>\n<p>C\u00f4ng ngh\u1ec7 6th Sense c\u1ea3m bi\u1ebfn v\u00e0 ph\u00e2n t\u00edch \u0111\u1ed9 \u1ea9m, \u0111i\u1ec1u ch\u1ec9nh th\u1eddi gian v\u00e0 nhi\u1ec7t \u0111\u1ed9 s\u1ea5y ph\u00f9 h\u1ee3p v\u1edbi kh\u1ed1i l\u01b0\u1ee3ng c\u1ea7n s\u1ea5y<\/p>\n<figure id=\"attachment_56362\" aria-describedby=\"caption-attachment-56362\" style=\"width: 800px\" class=\"wp-caption alignnone\"><img loading=\"lazy\" decoding=\"async\" class=\"size-large wp-image-56362\" src=\"https:\/\/livinghome.vn\/thiet-bi\/wp-content\/uploads\/nha-bep\/whirlpool\/may-say-whirlpool\/may-say-whirlpool-awd712s2\/may-say-whirlpool-awd712s2-7-800x800.jpg\" alt=\"M\u00e1y s\u1ea5y Whirlpool AWD712S2 th\u00f4ng h\u01a1i 7kg tr\u1eafng\" width=\"800\" height=\"800\" title=\"\"><figcaption id=\"caption-attachment-56362\" class=\"wp-caption-text\">M\u00e1y s\u1ea5y Whirlpool AWD712S2 th\u00f4ng h\u01a1i 7kg tr\u1eafng<\/figcaption><\/figure>\n<h3><strong>S\u1ea5y kh\u00f4 gi\u00e0y m\u00e0 kh\u00f4ng c\u1ea7n lo l\u1eafng<\/strong><\/h3>\n<p>V\u1edbi gi\u00e1 s\u1ea5y gi\u00e0y \u0111\u01b0\u1ee3c l\u1eafp \u0111\u1eb7t c\u1ed1 \u0111\u1ecbnh trong khi l\u1ed3ng s\u1ea5y quay, b\u1ea1n c\u00f3 th\u1ec3 d\u1ec5 d\u00e0ng l\u00e0m kh\u00f4 gi\u00e0y v\u00e0 \u00e1o len c\u1ee7a m\u00ecnh m\u00e0 kh\u00f4ng b\u1ecb \u0111\u1ea3o l\u1ed9n.<\/p>\n<figure id=\"attachment_56363\" aria-describedby=\"caption-attachment-56363\" style=\"width: 800px\" class=\"wp-caption alignnone\"><img loading=\"lazy\" decoding=\"async\" class=\"size-large wp-image-56363\" src=\"https:\/\/livinghome.vn\/thiet-bi\/wp-content\/uploads\/nha-bep\/whirlpool\/may-say-whirlpool\/may-say-whirlpool-awd712s2\/may-say-whirlpool-awd712s2-6-800x800.jpg\" alt=\"M\u00e1y s\u1ea5y Whirlpool AWD712S2 th\u00f4ng h\u01a1i 7kg tr\u1eafng\" width=\"800\" height=\"800\" title=\"\"><figcaption id=\"caption-attachment-56363\" class=\"wp-caption-text\">M\u00e1y s\u1ea5y Whirlpool AWD712S2 th\u00f4ng h\u01a1i 7kg tr\u1eafng<\/figcaption><\/figure>\n<h3><strong>C\u1eeda g\u01b0\u01a1ng k\u00edch th\u01b0\u1edbc l\u1edbn XL<\/strong><\/h3>\n<p>C\u1eeda m\u00e1y s\u1ea5y b\u1eb1ng g\u01b0\u01a1ng k\u00edch th\u01b0\u1edbc XL cho ph\u00e9p b\u1ea1n nh\u00ecn v\u00e0o b\u00ean trong m\u00e1y s\u1ea5y khi m\u00e1y \u0111ang ho\u1ea1t \u0111\u1ed9ng. C\u1eeda m\u1edf r\u1ed9ng cho ph\u00e9p d\u1ec5 d\u00e0ng x\u1ebfp v\u00e0 d\u1ee1 qu\u1ea7n \u00e1o.<\/p>\n<figure id=\"attachment_56367\" aria-describedby=\"caption-attachment-56367\" style=\"width: 800px\" class=\"wp-caption alignnone\"><img loading=\"lazy\" decoding=\"async\" class=\"size-large wp-image-56367\" src=\"https:\/\/livinghome.vn\/thiet-bi\/wp-content\/uploads\/nha-bep\/whirlpool\/may-say-whirlpool\/may-say-whirlpool-awd712s2\/may-say-whirlpool-awd712s2-1-800x800.jpg\" alt=\"M\u00e1y s\u1ea5y Whirlpool AWD712S2 th\u00f4ng h\u01a1i 7kg tr\u1eafng\" width=\"800\" height=\"800\" title=\"\"><figcaption id=\"caption-attachment-56367\" class=\"wp-caption-text\">M\u00e1y s\u1ea5y Whirlpool AWD712S2 th\u00f4ng h\u01a1i 7kg tr\u1eafng<\/figcaption><\/figure>\n<h3><strong>\u0110\u00e8n led trong l\u1ed3ng gi\u1eb7t<\/strong><\/h3>\n<p>\u0110\u00e8n led b\u00ean trong gi\u00fap vi\u1ec7c l\u1ea5y qu\u1ea7n \u00e1o ra m\u1ed9t c\u00e1ch d\u1ec3 d\u00e0ng<\/p>\n<figure id=\"attachment_56361\" aria-describedby=\"caption-attachment-56361\" style=\"width: 800px\" class=\"wp-caption alignnone\"><img loading=\"lazy\" decoding=\"async\" class=\"size-large wp-image-56361\" src=\"https:\/\/livinghome.vn\/thiet-bi\/wp-content\/uploads\/nha-bep\/whirlpool\/may-say-whirlpool\/may-say-whirlpool-awd712s2\/may-say-whirlpool-awd712s2-8-800x800.jpg\" alt=\"M\u00e1y s\u1ea5y Whirlpool AWD712S2 th\u00f4ng h\u01a1i 7kg tr\u1eafng\" width=\"800\" height=\"800\" title=\"\"><figcaption id=\"caption-attachment-56361\" class=\"wp-caption-text\">M\u00e1y s\u1ea5y Whirlpool AWD712S2 th\u00f4ng h\u01a1i 7kg tr\u1eafng<\/figcaption><\/figure>\n<h3><strong>Th\u00f4ng s\u1ed1 k\u1ef9 thu\u1eadt<\/strong><\/h3>\n<ul>\n<li>Dung t\u00edch <a href=\"https:\/\/livinghome.vn\/thiet-bi\/gia-dung-khac\/may-say\/\">m\u00e1y s\u1ea5y<\/a>: 7kg<\/li>\n<li>Th\u00f4ng kh\u00ed<\/li>\n<li>\u0110\u00e1nh gi\u00e1 hi\u1ec7u qu\u1ea3 n\u0103ng l\u01b0\u1ee3ng (MELS): 1 Tick<\/li>\n<li>K\u00edch th\u01b0\u1edbc s\u1ea3n ph\u1ea9m (WxDxH) mm: 595x555x850<\/li>\n<\/ul>\n<h3><strong>Ch\u01b0\u01a1ng tr\u00ecnh<\/strong><\/h3>\n<ul>\n<li>Ch\u1ed1ng nh\u0103n<\/li>\n<li>S\u1ea5y gi\u00e0y<\/li>\n<li>C\u1eeda l\u1ed3ng s\u1ea5y b\u1eb1ng k\u00ednh XL<\/li>\n<li>Gi\u00e1 \u0111\u1ec3 gi\u00e0y<\/li>\n<li>M\u1ee9c kh\u00f4<\/li>\n<li>T\u00f9y ch\u1ecdn nhanh<\/li>\n<li>T\u00f9y ch\u1ecdn n\u1eeda t\u1ea3i<\/li>\n<li>H\u1eb9n gi\u1edd b\u1eaft \u0111\u1ea7u<\/li>\n<\/ul>\n<h3><strong>T\u00f9y ch\u1ecdn<\/strong><\/h3>\n<ul>\n<li>Th\u00f4ng\u00a0 th\u01b0\u1eddng<\/li>\n<li>T\u1ed5ng h\u1ee3p<\/li>\n<li>Qu\u1ea7n jean<\/li>\n<li>\u0110\u1ed3 c\u00f3 h\u01a1i<\/li>\n<li>Ch\u0103n<\/li>\n<li>M\u1ecfng nh\u1eb9<\/li>\n<li>\u0110\u1ed3 c\u00f3 h\u01a1i<\/li>\n<li>Kh\u0103n t\u1eafm<\/li>\n<li>Kh\u1eed khu\u1ea9n<\/li>\n<li>Gi\u00e0y d\u00e9p<\/li>\n<li>\u00c1o s\u01a1 mi<\/li>\n<li>Th\u1ec3 thao<\/li>\n<\/ul>\n","protected":false},"excerpt":{"rendered":"<h2 style=\"text-align: left;\">M\u00e1y s\u1ea5y Whirlpool AWD712S2<\/h2>\n<h3 style=\"text-align: left;\"><strong>C\u00f4ng ngh\u1ec7 c\u1ea3m bi\u1ebfn th\u00f4ng minh Gi\u00e1c quan th\u1ee9 6 6th Sense<\/strong><\/h3>\n<p style=\"text-align: left;\">Ph\u00e2n t\u00edch \u0111\u1ed9 \u1ea9m, \u0111i\u1ec1u ch\u1ec9nh th\u1eddi gian v\u00e0 nhi\u1ec7t \u0111\u1ed9 s\u1ea5y ph\u00f9 h\u1ee3p v\u1edbi kh\u1ed1i l\u01b0\u1ee3ng c\u1ea7n s\u1ea5y<\/p>\n<h3 style=\"text-align: left;\"><strong>S\u1ea5y gi\u00e0y<\/strong><\/h3>\n<p style=\"text-align: left;\">Gi\u00e1 s\u1ea5y gi\u00e0y ti\u1ec7n l\u1ee3i<\/p>\n<h3 style=\"text-align: left;\"><strong>C\u1eeda g\u01b0\u01a1ng k\u00edch th\u01b0\u1edbc l\u1edbn XL<\/strong><\/h3>\n<p style=\"text-align: left;\">D\u1ec5 d\u00e0ng b\u1ecf v\u00e0o v\u00e0 l\u1ea5y qu\u1ea7n \u00e1o ra<\/p>\n","protected":false},"featured_media":3186,"comment_status":"open","ping_status":"closed","template":"","meta":[],"product_brand":[],"product_cat":[300,941,380],"product_tag":[301,392,391,382],"class_list":{"0":"post-3050","1":"product","2":"type-product","3":"status-publish","4":"has-post-thumbnail","6":"product_cat-may-say","7":"product_cat-may-say-whirlpool","8":"product_cat-thuong-hieu-whirlpool","9":"product_tag-may-say","10":"product_tag-may-say-thong-hoi","11":"product_tag-may-say-whirlpool","12":"product_tag-whirlpool","14":"first","15":"instock","16":"sale","17":"shipping-taxable","18":"purchasable","19":"product-type-simple"},"_links":{"self":[{"href":"https:\/\/livinghome.vn\/thiet-bi\/wp-json\/wp\/v2\/product\/3050","targetHints":{"allow":["GET"]}}],"collection":[{"href":"https:\/\/livinghome.vn\/thiet-bi\/wp-json\/wp\/v2\/product"}],"about":[{"href":"https:\/\/livinghome.vn\/thiet-bi\/wp-json\/wp\/v2\/types\/product"}],"replies":[{"embeddable":true,"href":"https:\/\/livinghome.vn\/thiet-bi\/wp-json\/wp\/v2\/comments?post=3050"}],"wp:featuredmedia":[{"embeddable":true,"href":"https:\/\/livinghome.vn\/thiet-bi\/wp-json\/wp\/v2\/media\/3186"}],"wp:attachment":[{"href":"https:\/\/livinghome.vn\/thiet-bi\/wp-json\/wp\/v2\/media?parent=3050"}],"wp:term":[{"taxonomy":"product_brand","embeddable":true,"href":"https:\/\/livinghome.vn\/thiet-bi\/wp-json\/wp\/v2\/product_brand?post=3050"},{"taxonomy":"product_cat","embeddable":true,"href":"https:\/\/livinghome.vn\/thiet-bi\/wp-json\/wp\/v2\/product_cat?post=3050"},{"taxonomy":"product_tag","embeddable":true,"href":"https:\/\/livinghome.vn\/thiet-bi\/wp-json\/wp\/v2\/product_tag?post=3050"}],"curies":[{"name":"wp","href":"https:\/\/api.w.org\/{rel}","templated":true}]}}