{"id":305,"date":"2023-01-12T10:05:53","date_gmt":"2023-01-12T10:05:53","guid":{"rendered":"https:\/\/livinghome.vn\/thiet-bi\/?post_type=product&#038;p=305"},"modified":"2024-11-29T14:21:06","modified_gmt":"2024-11-29T07:21:06","slug":"may-hut-mui-dmestik-tl4160-dmk-sang-trong-xin-ben","status":"publish","type":"product","link":"https:\/\/livinghome.vn\/thiet-bi\/may-hut-mui-dmestik-tl4160-dmk-sang-trong-xin-ben\/","title":{"rendered":"M\u00e1y h\u00fat m\u00f9i Dmestik TL4160 DMK sang tr\u1ecdng x\u1ecbn b\u1ec1n"},"content":{"rendered":"<h2><strong>M\u00e1y h\u00fat m\u00f9i Dmestik TL4160 DMK sang tr\u1ecdng, x\u1ecbn, b\u1ec1n ph\u00f9 h\u1ee3p v\u1edbi gian b\u1ebfp nh\u1ecf nh\u00e0 b\u1ea1n<\/strong><\/h2>\n<h3>Gi\u1eddi thi\u1ec7u s\u1ea3n ph\u1ea9m<\/h3>\n<ul>\n<li><a href=\"https:\/\/livinghome.vn\/thiet-bi\/may-hut-mui\/\">M\u00e1y h\u00fat m\u00f9i<\/a> Dmestik TL4160 DMK<\/li>\n<li>H\u00fat m\u00f9i k\u00ednh cong<\/li>\n<li>K\u00ednh c\u01b0\u1eddng l\u1ef1c<\/li>\n<li>\u0110\u00e8n led chi\u1ebfu s\u00e1ng<\/li>\n<li>L\u01b0\u1edbi l\u1ecdc b\u1eb1ng inox d\u1ec5 d\u00e0ng th\u00e1o l\u1eafp v\u1ec7 sinh<\/li>\n<li>B\u1ea3ng \u0111i\u1ec1u khi\u1ec3n c\u01a1 3 m\u1ee9c thu\u1eadn ti\u1ec7n<\/li>\n<li>D\u1ec5 d\u00e0ng l\u1eafp \u0111\u1eb7t<\/li>\n<li>H\u1ea1n ch\u1ebf ti\u1ebfng \u1ed3n m\u1ee9c t\u1ed1i \u0111a<\/li>\n<li>Th\u00e2n m\u00e1y s\u01a1n t\u0129nh \u0111i\u1ec7n<\/li>\n<\/ul>\n<p>M\u00e1y h\u00fat m\u00f9i Dmestik TL4160 DMK s\u1eed d\u1ee5ng b\u1ea3ng \u0111i\u1ec1u khi\u1ec3n ph\u00edm c\u1ea3m \u1ee9ng g\u1ed3m 3 t\u1ed1c \u0111\u1ed9 + ch\u1ebf \u0111\u1ed9 h\u00fat chuy\u00ean s\u00e2u l\u1ef1a ch\u1ecdn m\u1ee9c \u0111\u1ed9 h\u00fat ph\u00f9 h\u1ee3p v\u1edbi l\u01b0\u1ee3ng m\u00f9i v\u00e0 kh\u00f3i khi n\u1ea5u \u0103n \u0111\u1ec3 \u0111\u1ea3m b\u1ea3o s\u1ea1ch m\u00f9i cho kh\u00f4ng gian b\u1ebfp nh\u00e0 b\u1ea1n.<\/p>\n<p>M\u00e1y h\u00fat m\u00f9i Dmestik TL4160 DMK ho\u1ea1t \u0111\u1ed9ng d\u1ef1a tr\u00ean nguy\u00ean t\u1eafc c\u1ee7a qu\u1ea1t th\u00f4ng gi\u00f3 k\u1ebft h\u1ee3p v\u1edbi c\u00e1c m\u00e0ng l\u1ecdc. M\u00e1y th\u01b0\u1eddng bao g\u1ed3m c\u00e1c b\u1ed9 ph\u1eadn c\u01a1 b\u1ea3n nh\u01b0: l\u1edbp inox b\u00ean ngo\u00e0i, h\u1ec7 th\u1ed1ng d\u1eabn kh\u00ed, l\u01b0\u1edbi l\u1ecdc, qu\u1ea1t h\u00fat, \u0111\u00e8n chi\u1ebfu s\u00e1ng, \u0111\u00e8n b\u00e1o hi\u1ec7u m\u1ee9c \u0111\u1ed9 b\u00e1m b\u1ea9n v\u00e0 b\u1ea3ng \u0111i\u1ec1u khi\u1ec3n t\u1ed1c \u0111\u1ed9 h\u00fat.<\/p>\n<figure id=\"attachment_53452\" aria-describedby=\"caption-attachment-53452\" style=\"width: 800px\" class=\"wp-caption aligncenter\"><img loading=\"lazy\" decoding=\"async\" class=\"wp-image-53452 size-large\" src=\"https:\/\/livinghome.vn\/thiet-bi\/wp-content\/uploads\/nha-bep\/dmestik\/may-hut-mui\/may-hut-mui-dmestik-tl-4160-dmk\/may-hut-mui-dmestik-tl-4160-dmk-800x800.jpg\" alt=\"M\u00e1y h\u00fat m\u00f9i Dmestik TL4160 DMK\" width=\"800\" height=\"800\" title=\"\"><figcaption id=\"caption-attachment-53452\" class=\"wp-caption-text\">M\u00e1y h\u00fat m\u00f9i Dmestik TL4160 DMK sang tr\u1ecdng, x\u1ecbn, b\u1ec1n<\/figcaption><\/figure>\n<h3>Th\u00f4ng tin k\u1ef9 thu\u1eadt<\/h3>\n<ul>\n<li>\u0110\u00e8n led chi\u1ebfu s\u00e1ng: 2&#215;60 W<\/li>\n<li>K\u00edch th\u01b0\u1edbc: 700 x 500mm<\/li>\n<li>\u1ed0ng x\u1ea3:\u00a0\u00d8 150mm<\/li>\n<li>C\u00f4ng su\u1ea5t \u0111\u1ed9ng c\u01a1: 200W<\/li>\n<li>\u00c1p su\u1ea5t ( t\u1ed1i \u0111a): 430Pa<\/li>\n<li>\u0110\u1ed9ng c\u01a1: tua-bin<\/li>\n<li>C\u00f4ng su\u1ea5t h\u00fat: 1100m3\/h<\/li>\n<li>\u0110\u1ed9 \u1ed3n ( t\u1ed1i \u0111a): =&lt;50\u00a0dBA<\/li>\n<li>Xu\u1ea5t x\u1ee9: Ch\u00ednh h\u00e3ng<\/li>\n<\/ul>\n","protected":false},"excerpt":{"rendered":"<p style=\"text-align: center;\">L\u01b0\u1edbi l\u1ecdc b\u1eb1ng inox d\u1ec5 d\u00e0ng th\u00e1o l\u1eafp v\u1ec7 sinh<\/p>\n<p style=\"text-align: center;\">B\u1ea3ng \u0111i\u1ec1u khi\u1ec3n c\u01a1 3 m\u1ee9c thu\u1eadn ti\u1ec7n<\/p>\n<p style=\"text-align: center;\">\u0110\u00e8n led chi\u1ebfu s\u00e1ng: 2&#215;60 W<\/p>\n<p style=\"text-align: center;\">K\u00edch th\u01b0\u1edbc: 700 x 500mm<\/p>\n<p style=\"text-align: center;\">\u1ed0ng x\u1ea3:\u00a0\u00d8 150mm<\/p>\n<p style=\"text-align: center;\">C\u00f4ng su\u1ea5t \u0111\u1ed9ng c\u01a1: 200W<\/p>\n<p style=\"text-align: center;\">\u00c1p su\u1ea5t ( t\u1ed1i \u0111a): 430Pa<\/p>\n<p style=\"text-align: center;\">\u0110\u1ed9ng c\u01a1: tua-bin<\/p>\n<p style=\"text-align: center;\">C\u00f4ng su\u1ea5t h\u00fat: 1100m3\/h<\/p>\n<p style=\"text-align: center;\">\u0110\u1ed9 \u1ed3n ( t\u1ed1i \u0111a): =&lt;50\u00a0dBA<\/p>\n<p style=\"text-align: center;\">\n","protected":false},"featured_media":381,"comment_status":"open","ping_status":"closed","template":"","meta":[],"product_brand":[],"product_cat":[84,89,72],"product_tag":[74,86,88,90],"class_list":{"0":"post-305","1":"product","2":"type-product","3":"status-publish","4":"has-post-thumbnail","6":"product_cat-may-hut-mui","7":"product_cat-may-hut-mui-gan-tuong","8":"product_cat-thuong-hieu-dmestik","9":"product_tag-dmestik","10":"product_tag-may-hut-mui","11":"product_tag-may-hut-mui-dmestik","12":"product_tag-may-hut-mui-gan-tuong","14":"first","15":"instock","16":"sale","17":"shipping-taxable","18":"purchasable","19":"product-type-simple"},"_links":{"self":[{"href":"https:\/\/livinghome.vn\/thiet-bi\/wp-json\/wp\/v2\/product\/305","targetHints":{"allow":["GET"]}}],"collection":[{"href":"https:\/\/livinghome.vn\/thiet-bi\/wp-json\/wp\/v2\/product"}],"about":[{"href":"https:\/\/livinghome.vn\/thiet-bi\/wp-json\/wp\/v2\/types\/product"}],"replies":[{"embeddable":true,"href":"https:\/\/livinghome.vn\/thiet-bi\/wp-json\/wp\/v2\/comments?post=305"}],"wp:featuredmedia":[{"embeddable":true,"href":"https:\/\/livinghome.vn\/thiet-bi\/wp-json\/wp\/v2\/media\/381"}],"wp:attachment":[{"href":"https:\/\/livinghome.vn\/thiet-bi\/wp-json\/wp\/v2\/media?parent=305"}],"wp:term":[{"taxonomy":"product_brand","embeddable":true,"href":"https:\/\/livinghome.vn\/thiet-bi\/wp-json\/wp\/v2\/product_brand?post=305"},{"taxonomy":"product_cat","embeddable":true,"href":"https:\/\/livinghome.vn\/thiet-bi\/wp-json\/wp\/v2\/product_cat?post=305"},{"taxonomy":"product_tag","embeddable":true,"href":"https:\/\/livinghome.vn\/thiet-bi\/wp-json\/wp\/v2\/product_tag?post=305"}],"curies":[{"name":"wp","href":"https:\/\/api.w.org\/{rel}","templated":true}]}}