{"id":3049,"date":"2023-01-12T17:38:10","date_gmt":"2023-01-12T17:38:10","guid":{"rendered":"https:\/\/livinghome.vn\/thiet-bi\/?post_type=product&#038;p=3049"},"modified":"2024-11-29T14:20:22","modified_gmt":"2024-11-29T07:20:22","slug":"may-say-whirlpool-fft-cm11-8xb-ee-ngung-tu-8kg-trang","status":"publish","type":"product","link":"https:\/\/livinghome.vn\/thiet-bi\/may-say-whirlpool-fft-cm11-8xb-ee-ngung-tu-8kg-trang\/","title":{"rendered":"M\u00e1y s\u1ea5y Whirlpool FFT CM11 8XB EE ng\u01b0ng t\u1ee5 +8kg tr\u1eafng"},"content":{"rendered":"<h2><strong>Xin gi\u1edbi thi\u1ec7u M\u00e1y s\u1ea5y Whirlpool FFT CM11 8XB EE ng\u01b0ng t\u1ee5 +8kg tr\u1eafng v\u1edbi thi\u1ebft k\u1ebf hi\u1ec7n \u0111\u1ea1i, ti\u1ec7n d\u1ee5ng ph\u00f9 h\u1ee3p v\u1edbi m\u1ecdi gia \u0111\u00ecnh Vi\u1ec7t.<\/strong><\/h2>\n<h3><strong>Freshcare+<\/strong><\/h3>\n<p>Gi\u00fap qu\u1ea7n \u00e1o c\u1ee7a b\u1ea1n lu\u00f4n t\u01b0\u01a1i m\u1edbi \u0111\u1ebfn 6 gi\u1edd sau khi chu k\u1ef3 k\u1ebft th\u00fac. H\u1ec7 th\u1ed1ng FreshCare + c\u1ea3i ti\u1ebfn ch\u0103m s\u00f3c qu\u1ea7n \u00e1o c\u1ee7a b\u1ea1n b\u00ean trong m\u00e1y s\u1ea5y nh\u1edd kh\u1ea3 n\u0103ng ki\u1ec3m so\u00e1t nhi\u1ec7t \u0111\u1ed9 hi\u1ec7n \u0111\u1ea1i th\u00f4ng minh v\u00e0 t\u00e1c \u0111\u1ed9ng nh\u00e0o tr\u1ed9n tinh t\u1ebf gi\u00fap qu\u1ea7n \u00e1o lu\u00f4n t\u01b0\u01a1i m\u1edbi v\u00e0 ng\u0103n\u00a0 m\u00f9i. Li\u1ec7u ph\u00e1p FreshCare + gi\u00fap qu\u1ea7n \u00e1o th\u1ef1c s\u1ef1 t\u01b0\u01a1i m\u1edbi h\u01a1n v\u00e0 mang l\u1ea1i s\u1ef1 an t\u00e2m &#8211; th\u1eadm ch\u00ed v\u00e0i gi\u1edd sau khi k\u1ebft th\u00fac chu k\u1ef3.<\/p>\n<figure id=\"attachment_56371\" aria-describedby=\"caption-attachment-56371\" style=\"width: 1020px\" class=\"wp-caption alignnone\"><img loading=\"lazy\" decoding=\"async\" class=\"size-large wp-image-56371\" src=\"https:\/\/livinghome.vn\/thiet-bi\/wp-content\/uploads\/nha-bep\/whirlpool\/may-say-whirlpool\/may-say-whirlpool-fft-cm11-8xb-ee\/may-say-whirlpool-fft-cm11-8xb-ee-6-1067x800.jpg\" alt=\"M\u00e1y s\u1ea5y Whirlpool FFT CM11 8XB EE ng\u01b0ng t\u1ee5 +8kg tr\u1eafng\" width=\"1020\" height=\"765\" title=\"\"><figcaption id=\"caption-attachment-56371\" class=\"wp-caption-text\">M\u00e1y s\u1ea5y Whirlpool FFT CM11 8XB EE ng\u01b0ng t\u1ee5 +8kg tr\u1eafng<\/figcaption><\/figure>\n<h3><strong>C\u00f4ng ngh\u1ec7 6th SENSE<\/strong><\/h3>\n<p>6th Sense t\u1ef1 \u0111\u1ed9ng ph\u00e1t hi\u1ec7n kh\u1ed1i l\u01b0\u1ee3ng qu\u1ea7n \u00e1o v\u00e0 \u0111\u1eb7t th\u1eddi gian chu k\u1ef3 s\u1ea5y ph\u00f9 h\u1ee3p, \u0111\u1ea3m b\u1ea3o m\u1ee9c \u0111\u1ed9 kh\u00f4 mong mu\u1ed1n, v\u1edbi th\u1eddi gian v\u00e0 n\u0103ng l\u01b0\u1ee3ng t\u1ed1i \u01b0u h\u00f3a.<\/p>\n<figure id=\"attachment_56375\" aria-describedby=\"caption-attachment-56375\" style=\"width: 800px\" class=\"wp-caption alignnone\"><img loading=\"lazy\" decoding=\"async\" class=\"size-large wp-image-56375\" src=\"https:\/\/livinghome.vn\/thiet-bi\/wp-content\/uploads\/nha-bep\/whirlpool\/may-say-whirlpool\/may-say-whirlpool-fft-cm11-8xb-ee\/may-say-whirlpool-fft-cm11-8xb-ee-2-800x800.jpg\" alt=\"C\u00f4ng ngh\u1ec7 6th SENSEM\u00e1y s\u1ea5y Whirlpool FFT CM11 8XB EE ng\u01b0ng t\u1ee5 +8kg tr\u1eafng\" width=\"800\" height=\"800\" title=\"\"><figcaption id=\"caption-attachment-56375\" class=\"wp-caption-text\">M\u00e1y s\u1ea5y Whirlpool FFT CM11 8XB EE ng\u01b0ng t\u1ee5 +8kg tr\u1eafng<\/figcaption><\/figure>\n<h3><strong>Woolmark Blue &#8211; V\u1ebb \u0111\u1eb9p c\u1ee7a len lu\u00f4n \u0111\u01b0\u1ee3c g\u00ecn gi\u1eef<\/strong><\/h3>\n<p>Chu tr\u00ecnh len \u0111\u00e3 \u0111\u01b0\u1ee3c thi\u1ebft k\u1ebf \u0111\u1eb7c bi\u1ec7t \u0111\u1ec3 l\u00e0m kh\u00f4 nh\u1eb9 nh\u00e0ng v\u00e0 b\u1ea3o v\u1ec7 v\u1ebb \u0111\u1eb9p c\u1ee7a qu\u1ea7n \u00e1o len c\u1ee7a b\u1ea1n v\u00e0 \u0111\u00e3 \u0111\u01b0\u1ee3c ch\u1ee9ng nh\u1eadn Woolmark Blue t\u1eeb c\u00f4ng ty Woolmark.<\/p>\n<h3><strong>Ch\u01b0\u01a1ng tr\u00ecnh Big Items<\/strong><\/h3>\n<p>C\u1ef1c k\u1ef3 r\u1ed9ng r\u00e3i &#8211; qu\u1ea7n \u00e1o c\u1ee7a b\u1ea1n c\u00f3 \u0111\u1ee7 kh\u00f4ng gian c\u1ea7n thi\u1ebft. V\u00e0 v\u1edbi ch\u01b0\u01a1ng tr\u00ecnh Big Items, ngay c\u1ea3 nh\u1eefng m\u00f3n \u0111\u1ed3 c\u1ed3ng k\u1ec1nh nh\u1ea5t c\u0169ng s\u1ebd \u0111\u01b0\u1ee3c s\u1ea5y kh\u00f4 ho\u00e0n to\u00e0n<\/p>\n<figure id=\"attachment_56426\" aria-describedby=\"caption-attachment-56426\" style=\"width: 800px\" class=\"wp-caption alignnone\"><img loading=\"lazy\" decoding=\"async\" class=\"size-large wp-image-56426\" src=\"https:\/\/livinghome.vn\/thiet-bi\/wp-content\/uploads\/nha-bep\/whirlpool\/may-giat-whirlpool\/may-giat-whirlpool-ffb9458-wv-ee\/may-giat-whirlpool-ffb9458-wv-ee-6-800x800.jpg\" alt=\"M\u00e1y s\u1ea5y Whirlpool FFT CM11 8XB EE ng\u01b0ng t\u1ee5 +8kg tr\u1eafng\" width=\"800\" height=\"800\" title=\"\"><figcaption id=\"caption-attachment-56426\" class=\"wp-caption-text\">M\u00e1y s\u1ea5y Whirlpool FFT CM11 8XB EE ng\u01b0ng t\u1ee5 +8kg tr\u1eafng<\/figcaption><\/figure>\n<h3><strong>D\u1ec5 d\u00e0ng v\u1ec7 sinh<\/strong><\/h3>\n<p>D\u1ec5 d\u00e0ng th\u00e1o v\u00e0 l\u00e0m s\u1ea1ch b\u1ed9 l\u1ecdc ch\u1ec9 trong ba b\u01b0\u1edbc \u0111\u01a1n gi\u1ea3n<\/p>\n<figure id=\"attachment_56370\" aria-describedby=\"caption-attachment-56370\" style=\"width: 800px\" class=\"wp-caption alignnone\"><img loading=\"lazy\" decoding=\"async\" class=\"size-large wp-image-56370\" src=\"https:\/\/livinghome.vn\/thiet-bi\/wp-content\/uploads\/nha-bep\/whirlpool\/may-say-whirlpool\/may-say-whirlpool-fft-cm11-8xb-ee\/may-say-whirlpool-fft-cm11-8xb-ee-7-800x800.jpg\" alt=\"M\u00e1y s\u1ea5y Whirlpool FFT CM11 8XB EE ng\u01b0ng t\u1ee5 +8kg tr\u1eafng\" width=\"800\" height=\"800\" title=\"\"><figcaption id=\"caption-attachment-56370\" class=\"wp-caption-text\">M\u00e1y s\u1ea5y Whirlpool FFT CM11 8XB EE ng\u01b0ng t\u1ee5 +8kg tr\u1eafng<\/figcaption><\/figure>\n<h3><strong>Th\u00f4ng s\u1ed1 k\u1ef9 thu\u1eadt<\/strong><\/h3>\n<ul>\n<li>Dung t\u00edch <a href=\"https:\/\/livinghome.vn\/thiet-bi\/gia-dung-khac\/may-say\/\">m\u00e1y s\u1ea5y<\/a>: 8kg<\/li>\n<li>C\u00f4ng ngh\u1ec7 ng\u01b0ng t\u1ee5<\/li>\n<li>K\u00edch th\u01b0\u1edbc s\u1ea3n ph\u1ea9m (WxDxH) mm: 595x649x860<\/li>\n<li>S\u1ea3n xu\u1ea5t t\u1ea1i Ch\u00e2u \u00c2u<\/li>\n<\/ul>\n<h3><strong>Ch\u01b0\u01a1ng tr\u00ecnh<\/strong><\/h3>\n<ul>\n<li>C\u00f4ng ngh\u1ec7\u00a0 6TH<\/li>\n<li>Sense<\/li>\n<li>Freshcare<\/li>\n<li>Ch\u1ee9ng nh\u1eadn Woolmark (Xanh lam)<\/li>\n<li>B\u1ed9 l\u1ecdc d\u1ec5 d\u00e0ng l\u00e0m s\u1ea1ch<\/li>\n<li>H\u1eb9n gi\u1edd b\u1eaft \u0111\u1ea7u 1-24 gi\u1edd<\/li>\n<li>Th\u1eddi gian s\u1ea5y<\/li>\n<li>\u0110\u1ea3o ng\u01b0\u1ee3c<\/li>\n<li>Kh\u00f3a tr\u1ebb em<\/li>\n<\/ul>\n<h3><strong>T\u00f9y ch\u1ecdn<\/strong><\/h3>\n<ul>\n<li>Th\u00f4ng th\u01b0\u1eddng<\/li>\n<li>M\u1ecfng nh\u1eb9<\/li>\n<li>Ch\u01b0\u01a1ng tr\u00ecnh nhanh<\/li>\n<li>Cotton sinh th\u00e1i<\/li>\n<li>Len<\/li>\n<li>Ch\u01b0\u01a1ng tr\u00ecnh v\u1ea3i h\u1ed7n h\u1ee3p<\/li>\n<li>Qu\u1ea7n \u00e1o k\u00edch th\u01b0\u1edbc l\u1edbn \u0111\u1eb7c bi\u1ec7t<\/li>\n<li>Qu\u1ea7n jean<\/li>\n<li>Th\u1ec3 thao<\/li>\n<li>Ch\u01b0\u01a1ng tr\u00ecnh t\u01a1 l\u1ee5a<\/li>\n<li>Refresh<\/li>\n<\/ul>\n","protected":false},"excerpt":{"rendered":"<h2 style=\"text-align: left;\">M\u00e1y s\u1ea5y Whirlpool FFT CM11 8XB EE<\/h2>\n<h3 style=\"text-align: left;\"><strong>6th SENSE<\/strong><\/h3>\n<p style=\"text-align: left;\">C\u00f4ng ngh\u1ec7 th\u00f4ng minh t\u1ef1 \u0111\u1ed9ng \u0111\u1eb7t th\u1eddi gian chu tr\u00ecnh s\u1ea5y ph\u00f9 h\u1ee3p theo kh\u1ed1i l\u01b0\u1ee3ng \u0111\u1ed3 gi\u1eb7t<\/p>\n<h3 style=\"text-align: left;\"><strong>FreshCare+<\/strong><\/h3>\n<p style=\"text-align: left;\">Qu\u1ea7n \u00e1o lu\u00f4n t\u01b0\u01a1i m\u1edbi l\u00ean \u0111\u1ebfn 6 gi\u1edd sau khi k\u1ebft th\u00fac chu k\u1ef3 gi\u1eb7t n\u1ebfu b\u1ea1n ch\u01b0a l\u1ea5y \u00e1o qu\u1ea7n ra kh\u1ecfi l\u1ed3ng gi\u1eb7t<\/p>\n<h3 style=\"text-align: left;\"><strong>V\u1ec7 sinh d\u1ec5 d\u00e0ng<\/strong><\/h3>\n<p style=\"text-align: left;\">D\u1ec5 d\u00e0ng th\u00e1o v\u00e0 l\u00e0m s\u1ea1ch b\u1ed9 l\u1ecdc ch\u1ec9 trong ba b\u01b0\u1edbc \u0111\u01a1n gi\u1ea3n<\/p>\n","protected":false},"featured_media":3178,"comment_status":"open","ping_status":"closed","template":"","meta":[],"product_brand":[],"product_cat":[300,941,380],"product_tag":[301,390,391,382],"class_list":{"0":"post-3049","1":"product","2":"type-product","3":"status-publish","4":"has-post-thumbnail","6":"product_cat-may-say","7":"product_cat-may-say-whirlpool","8":"product_cat-thuong-hieu-whirlpool","9":"product_tag-may-say","10":"product_tag-may-say-ngung-tu","11":"product_tag-may-say-whirlpool","12":"product_tag-whirlpool","14":"first","15":"instock","16":"sale","17":"shipping-taxable","18":"purchasable","19":"product-type-simple"},"_links":{"self":[{"href":"https:\/\/livinghome.vn\/thiet-bi\/wp-json\/wp\/v2\/product\/3049","targetHints":{"allow":["GET"]}}],"collection":[{"href":"https:\/\/livinghome.vn\/thiet-bi\/wp-json\/wp\/v2\/product"}],"about":[{"href":"https:\/\/livinghome.vn\/thiet-bi\/wp-json\/wp\/v2\/types\/product"}],"replies":[{"embeddable":true,"href":"https:\/\/livinghome.vn\/thiet-bi\/wp-json\/wp\/v2\/comments?post=3049"}],"wp:featuredmedia":[{"embeddable":true,"href":"https:\/\/livinghome.vn\/thiet-bi\/wp-json\/wp\/v2\/media\/3178"}],"wp:attachment":[{"href":"https:\/\/livinghome.vn\/thiet-bi\/wp-json\/wp\/v2\/media?parent=3049"}],"wp:term":[{"taxonomy":"product_brand","embeddable":true,"href":"https:\/\/livinghome.vn\/thiet-bi\/wp-json\/wp\/v2\/product_brand?post=3049"},{"taxonomy":"product_cat","embeddable":true,"href":"https:\/\/livinghome.vn\/thiet-bi\/wp-json\/wp\/v2\/product_cat?post=3049"},{"taxonomy":"product_tag","embeddable":true,"href":"https:\/\/livinghome.vn\/thiet-bi\/wp-json\/wp\/v2\/product_tag?post=3049"}],"curies":[{"name":"wp","href":"https:\/\/api.w.org\/{rel}","templated":true}]}}