{"id":3046,"date":"2023-01-12T17:38:09","date_gmt":"2023-01-12T17:38:09","guid":{"rendered":"https:\/\/livinghome.vn\/thiet-bi\/?post_type=product&#038;p=3046"},"modified":"2024-11-29T14:20:23","modified_gmt":"2024-11-29T07:20:23","slug":"may-rua-chen-bat-whirlpool-wfe-2b19-13-bo","status":"publish","type":"product","link":"https:\/\/livinghome.vn\/thiet-bi\/may-rua-chen-bat-whirlpool-wfe-2b19-13-bo\/","title":{"rendered":"M\u00e1y R\u1eeda Ch\u00e9n B\u00e1t Whirlpool WFE 2B19, 13 B\u1ed9, \u0110\u1ed9c L\u1eadp"},"content":{"rendered":"<h2>Whirlpool WFE2B19 &#8211; M\u00e1y R\u1eeda Ch\u00e9n B\u00e1t \u0110\u1ed9c L\u1eadp<strong><br \/>\n<\/strong><\/h2>\n<p>L\u00e0 d\u00f2ng m\u00e1y r\u1eeda ch\u00e9n s\u1ea3n xu\u1ea5t theo ti\u00eau chu\u1ea9n Ch\u00e2u \u00c2u, t\u1eeb khi ra m\u1eaft \u0111\u1ebfn nay \u0111\u00e3 thu h\u00fat \u0111\u01b0\u1ee3c m\u1ed9t l\u01b0\u1ee3ng l\u1edbn ng\u01b0\u1eddi d\u00f9ng b\u1edfi c\u00e1c t\u00ednh n\u0103ng \u0111\u01b0\u1ee3c t\u00edch h\u1ee3p c\u00f4ng ngh\u1ec7 hi\u1ec7n \u0111\u1ea1i v\u00e0 thi\u1ebft k\u1ebf sang tr\u1ecdng, \u0111\u1eb9p m\u1eaft, l\u00e0 m\u1ed9t tr\u1ee3 th\u1ee7 \u0111\u1eafc l\u1ef1c kh\u00f4ng th\u1ec3 thi\u1ebfu trong m\u1ed7i gia \u0111\u00ecnh<\/p>\n<h3><strong>Kh\u00f4ng gian linh ho\u1ea1t<\/strong><\/h3>\n<p>C\u00e1c khay c\u00f3 th\u1ec3 \u0111i\u1ec1u ch\u1ec9nh cho ph\u00e9p t\u1ea1o th\u00eam kh\u00f4ng gian khi c\u1ea7n thi\u1ebft. D\u1ec5 d\u00e0ng \u0111\u01b0a v\u00e0o nh\u1eefng \u0111\u1ed3 c\u1ea7n r\u1eeda c\u00f3 h\u00ecnh d\u1ea1ng \u0111\u1eb7c bi\u1ec7t.<\/p>\n<figure id=\"attachment_52784\" aria-describedby=\"caption-attachment-52784\" style=\"width: 1020px\" class=\"wp-caption alignnone\"><img loading=\"lazy\" decoding=\"async\" class=\"wp-image-52784 size-large\" src=\"https:\/\/livinghome.vn\/thiet-bi\/wp-content\/uploads\/nha-bep\/whirlpool\/may-rua-chen-whirlpool\/may-rua-chen-whirlpool-wfe2b19\/may-rua-chen-whirlpool-wfe2b19-7-1069x800.jpg\" alt=\"M\u00e1y R\u1eeda Ch\u00e9n B\u00e1t Whirlpool WFE2B19 \u0110\u1ed9c L\u1eadp 13 B\u1ed9\" width=\"1020\" height=\"763\" title=\"\"><figcaption id=\"caption-attachment-52784\" class=\"wp-caption-text\">M\u00e1y R\u1eeda Ch\u00e9n B\u00e1t Whirlpool WFE2B19 \u0110\u1ed9c L\u1eadp 13 B\u1ed9 v\u1edbi d\u00e0n \u00fap ch\u00e9n d\u0129a r\u1ed9ng r\u00e3i<\/figcaption><\/figure>\n<h3><strong>\u00c2m t\u1ee7 ho\u1eb7c \u0111\u1ed9c l\u1eadp<\/strong><\/h3>\n<p>M\u00e1y r\u1eeda ch\u00e9n Whirlpool WFE 2B19 c\u00f3 th\u1ec3 \u0111\u1eb7t \u1edf b\u1ea5t c\u1ee9 n\u01a1i n\u00e0o b\u1ea1n th\u00edch. Cho d\u00f9 l\u1eafp \u00e2m t\u1ee7 hay \u0111\u1ee9ng \u0111\u1ed9c l\u1eadp, s\u1ea3n ph\u1ea9m \u0111\u1ec1u \u0111\u01b0\u1ee3c thi\u1ebft k\u1ebf \u0111\u1ec3 \u0111\u1ea3m b\u1ea3o s\u1eed d\u1ee5ng thu\u1eadn ti\u1ec7n v\u00e0 r\u1eeda s\u1ea1ch t\u1ed1i \u01b0u, gi\u00fap mang l\u1ea1i tr\u1ea3i nghi\u1ec7m t\u1ed1t nh\u1ea5t cho ng\u01b0\u1eddi ti\u00eau d\u00f9ng.<\/p>\n<figure id=\"attachment_52785\" aria-describedby=\"caption-attachment-52785\" style=\"width: 1020px\" class=\"wp-caption alignnone\"><img loading=\"lazy\" decoding=\"async\" class=\"wp-image-52785 size-large\" src=\"https:\/\/livinghome.vn\/thiet-bi\/wp-content\/uploads\/nha-bep\/whirlpool\/may-rua-chen-whirlpool\/may-rua-chen-whirlpool-wfe2b19\/may-rua-chen-whirlpool-wfe2b19-6-1069x800.jpg\" alt=\"M\u00e1y R\u1eeda Ch\u00e9n B\u00e1t Whirlpool WFE2B19 \u0110\u1ed9c L\u1eadp 13 B\u1ed9\" width=\"1020\" height=\"763\" title=\"\"><figcaption id=\"caption-attachment-52785\" class=\"wp-caption-text\">M\u00e1y R\u1eeda Ch\u00e9n B\u00e1t Whirlpool WFE2B19 ngo\u00e0i \u0111\u1eb7t \u0111\u1ec3 ri\u00eang \u0111\u1ed9c l\u1eadp c\u00f2n c\u00f3 th\u1ec3 \u0111\u1ec3 v\u00e0o b\u1ea5t c\u1ee9 v\u1ecb tr\u00ed n\u00e0o m\u00e0 b\u1ea1n mong mu\u1ed1n nh\u00e9.<\/figcaption><\/figure>\n<h3><strong>T\u00f9y ch\u1ecdn r\u1eeda n\u1eeda t\u1ea3i<\/strong><\/h3>\n<p>Ti\u1ebft ki\u1ec7m t\u1ed1i \u0111a. Th\u1eadt ti\u1ebft ki\u1ec7m khi m\u00e1y r\u1eeda b\u00e1t ho\u1ea1t \u0111\u1ed9ng ch\u1ec9 \u0111\u1ea7y n\u1eeda t\u1ea3i. T\u00f9y ch\u1ecdn N\u1eeda t\u1ea3i gi\u00fap t\u1ed1i \u01b0u h\u00f3a l\u01b0\u1ee3ng n\u01b0\u1edbc v\u00e0 \u0111i\u1ec7n n\u0103ng ti\u00eau th\u1ee5 khi r\u1eeda m\u1ed9t l\u01b0\u1ee3ng nh\u1ecf, tr\u00ean c\u1ea3 hai gi\u00e1 r\u1eeda<\/p>\n<figure id=\"attachment_52786\" aria-describedby=\"caption-attachment-52786\" style=\"width: 1020px\" class=\"wp-caption alignnone\"><img loading=\"lazy\" decoding=\"async\" class=\"wp-image-52786 size-large\" src=\"https:\/\/livinghome.vn\/thiet-bi\/wp-content\/uploads\/nha-bep\/whirlpool\/may-rua-chen-whirlpool\/may-rua-chen-whirlpool-wfe2b19\/may-rua-chen-whirlpool-wfe2b19-5-1067x800.jpg\" alt=\"M\u00e1y R\u1eeda Ch\u00e9n B\u00e1t Whirlpool WFE2B19 \u0110\u1ed9c L\u1eadp 13 B\u1ed9\" width=\"1020\" height=\"765\" title=\"\"><figcaption id=\"caption-attachment-52786\" class=\"wp-caption-text\">M\u00e1y R\u1eeda Ch\u00e9n B\u00e1t Whirlpool WFE2B19 v\u1edbi h\u1ec7 th\u1ed1ng tay quay n\u01b0\u1edbc m\u1ea1nh m\u1ebd<\/figcaption><\/figure>\n<h3><strong>Th\u00f4ng s\u1ed1 k\u1ef9 thu\u1eadt<\/strong><\/h3>\n<ul>\n<li>Lo\u1ea1i <a href=\"https:\/\/livinghome.vn\/thiet-bi\/may-rua-chen-bat\/\">m\u00e1y r\u1eeda ch\u00e9n<\/a>: \u0110\u1ee9ng \u0111\u1ed9c l\u1eadp<\/li>\n<li>M\u1eb7t tr\u00ean c\u00f3 th\u1ec3 th\u00e1o r\u1eddi C\u00f3<\/li>\n<li>T\u1ea5m trang tr\u00ed c\u1eeda: Kh\u00f4ng<\/li>\n<li>M\u00e0u ch\u1ee7 \u0111\u1ea1o c\u1ee7a s\u1ea3n ph\u1ea9m M\u00e0u tr\u1eafng<\/li>\n<li>Ch\u00e2n c\u00f3 th\u1ec3 \u0111i\u1ec1u ch\u1ec9nh: Kh\u00f4ng<\/li>\n<li>K\u00edch th\u01b0\u1edbc HxWxD: 850 x 600 x 590 mm<\/li>\n<li>\u0110\u1ed9 s\u00e2u ng\u00e1ch: 590mm<\/li>\n<li>Tr\u1ecdng l\u01b0\u1ee3ng t\u1ecbnh (kg): 43,1<\/li>\n<li>T\u1ed5ng tr\u1ecdng l\u01b0\u1ee3ng (kg): 44,9<\/li>\n<li>Chi\u1ec1u d\u00e0i d\u00e2y ngu\u1ed3n (cm): 130<\/li>\n<li>Chi\u1ec1u d\u00e0i \u1ed1ng v\u00e0o (cm): 155<\/li>\n<li>Chi\u1ec1u d\u00e0i \u1ed1ng ra (cm): 150<\/li>\n<li>\u0110\u1ecbnh m\u1ee9c k\u1ebft n\u1ed1i \u0111i\u1ec7n (W): 1900<\/li>\n<li>C\u01b0\u1eddng \u0111\u1ed9 (A): 10<\/li>\n<li>\u0110i\u1ec7n \u00e1p (V): 220-240<\/li>\n<li>T\u1ea7n s\u1ed1 (Hz): 50<\/li>\n<\/ul>\n<h3><strong>T\u00ednh n\u0103ng<\/strong><\/h3>\n<ul>\n<li>C\u00e1c ch\u01b0\u01a1ng tr\u00ecnh t\u1ef1 \u0111\u1ed9ng: Kh\u00f4ng<\/li>\n<li>Nhi\u1ec7t \u0111\u1ed9 n\u01b0\u1edbc c\u1ea5p t\u1ed1i \u0111a (\u00b0C): 60<\/li>\n<li>T\u00f9y ch\u1ecdn h\u1eb9n gi\u1edd kh\u1edfi \u0111\u1ed9ng: M\u1ed9t l\u1ea7n, c\u1ed1 \u0111\u1ecbnh<\/li>\n<li>Th\u1eddi gian h\u1eb9n gi\u1edd kh\u1edfi \u0111\u1ed9ng t\u1ed1i \u0111a. (h): 8<\/li>\n<li>Ch\u1ec9 b\u00e1o ti\u1ebfn \u0111\u1ed9 r\u1eeda: Kh\u00f4ng<\/li>\n<li>Ch\u1ec9 b\u00e1o \u0111\u1ebfm ng\u01b0\u1ee3c k\u1ef9 thu\u1eadt s\u1ed1: Kh\u00f4ng<\/li>\n<li>\u0110\u00e8n b\u00e1o mu\u1ed1i: C\u00f3<\/li>\n<li>Ch\u1ec9 b\u00e1o \u0111\u00e8n h\u1ed7 tr\u1ee3 x\u1ea3: C\u00f3<\/li>\n<li>Thi\u1ebft b\u1ecb an to\u00e0n: Kh\u00f4ng<\/li>\n<li>Gi\u1ecf tr\u00ean c\u00f3 th\u1ec3 \u0111i\u1ec1u ch\u1ec9nh: C\u00f3<\/li>\n<li>S\u1ed1 l\u01b0\u1ee3ng c\u00e0i \u0111\u1eb7t v\u1ecb tr\u00ed 13<\/li>\n<\/ul>\n<h3><strong>Hi\u1ec7u su\u1ea5t<\/strong><\/h3>\n<ul>\n<li>M\u1ee9c hi\u1ec7u qu\u1ea3 n\u0103ng l\u01b0\u1ee3ng &#8211; NEW (2010\/30 \/ EU): A +<\/li>\n<li>Ti\u00eau th\u1ee5 n\u0103ng l\u01b0\u1ee3ng h\u00e0ng n\u0103m (kWh \/ n\u0103m) &#8211; M\u1edaI (2010\/30 \/ EU): 296<\/li>\n<li>Th\u1eddi l\u01b0\u1ee3ng c\u1ee7a ch\u1ebf \u0111\u1ed9 b\u1eadt b\u00ean tr\u00e1i &#8211; NEW (2010\/30 \/ EU): 12<\/li>\n<li>C\u00f4ng su\u1ea5t ti\u00eau th\u1ee5 \u1edf ch\u1ebf \u0111\u1ed9 b\u1eadt b\u00ean tr\u00e1i &#8211; NEW (2010\/30 \/ EU): 6<\/li>\n<li>C\u00f4ng su\u1ea5t ti\u00eau th\u1ee5 \u1edf ch\u1ebf \u0111\u1ed9 t\u1eaft &#8211; NEW (2010\/30 \/ EU): 0,5<\/li>\n<li>L\u01b0\u1ee3ng n\u01b0\u1edbc ti\u00eau th\u1ee5 h\u00e0ng n\u0103m (l \/ n\u0103m) &#8211; M\u1edaI (2010\/30 \/ EU): 3360<\/li>\n<li>\u0110\u1ed9 \u1ed3n (dB (A) re 1 pW): 49<\/li>\n<\/ul>\n","protected":false},"excerpt":{"rendered":"<h3 style=\"text-align: left;\"><strong>H\u1eb9n gi\u1edd kh\u1edfi \u0111\u1ed9ng m\u00e1y<\/strong><\/h3>\n<p style=\"text-align: left;\">B\u1eaft \u0111\u1ea7u chu k\u1ef3 r\u1eeda theo th\u1eddi gian thu\u1eadn ti\u1ec7n nh\u1ea5t cho b\u1ea1n b\u1eb1ng c\u00e1ch \u0111\u1eb7t tr\u01b0\u1edbc th\u1eddi gian kh\u1edfi \u0111\u1ed9ng m\u00e1y.<\/p>\n<h3 style=\"text-align: left;\"><strong>13 b\u1ed9 \u0111\u1ed3 \u0103n Ch\u00e2u \u00c2u<\/strong><\/h3>\n<p style=\"text-align: left;\">13 v\u1ecb tr\u00ed \u0111\u1eb7t \u0111\u1ed3 r\u1eeda linh ho\u1ea1t, \u0111\u1ec3 b\u1ea1n lu\u00f4n c\u00f3 th\u1ec3 t\u1eadn h\u01b0\u1edfng m\u1ecdi kh\u00f4ng gian c\u1ea7n d\u00f9ng.<\/p>\n<h3 style=\"text-align: left;\"><strong>T\u00ednh n\u0103ng ch\u1ed1ng tr\u00e0n b\u00ean ngo\u00e0i<\/strong><\/h3>\n<p style=\"text-align: left;\">T\u00ednh n\u0103ng ch\u1ed1ng tr\u00e0n \u0111\u01b0\u1ee3c t\u00edch h\u1ee3p v\u00e0o \u0111\u01b0\u1eddng \u1ed1ng c\u1ea5p \u0111\u1ec3 tr\u00e1nh s\u1ef1 c\u1ed1 tr\u00e0n n\u01b0\u1edbc kh\u00f4ng mong mu\u1ed1n<\/p>\n","protected":false},"featured_media":3160,"comment_status":"open","ping_status":"closed","template":"","meta":[],"product_brand":[],"product_cat":[612,92,822,828,827,867,826,380],"product_tag":[93,137,205,389,382],"class_list":{"0":"post-3046","1":"product","2":"type-product","3":"status-publish","4":"has-post-thumbnail","6":"product_cat-may-rua-chen-bat-whirlpool","7":"product_cat-may-rua-chen-bat","8":"product_cat-may-rua-chen-bat-13-bo","9":"product_cat-may-rua-chen-bat-am-tu","10":"product_cat-may-rua-chen-bat-ban-am","11":"product_cat-may-rua-chen-bat-chau-au","12":"product_cat-may-rua-chen-bat-doc-lap","13":"product_cat-thuong-hieu-whirlpool","14":"product_tag-may-rua-chen","15":"product_tag-may-rua-chen-am-tu","16":"product_tag-may-rua-chen-doc-lap","17":"product_tag-may-rua-chen-whirlpool","18":"product_tag-whirlpool","20":"first","21":"instock","22":"sale","23":"shipping-taxable","24":"purchasable","25":"product-type-simple"},"_links":{"self":[{"href":"https:\/\/livinghome.vn\/thiet-bi\/wp-json\/wp\/v2\/product\/3046","targetHints":{"allow":["GET"]}}],"collection":[{"href":"https:\/\/livinghome.vn\/thiet-bi\/wp-json\/wp\/v2\/product"}],"about":[{"href":"https:\/\/livinghome.vn\/thiet-bi\/wp-json\/wp\/v2\/types\/product"}],"replies":[{"embeddable":true,"href":"https:\/\/livinghome.vn\/thiet-bi\/wp-json\/wp\/v2\/comments?post=3046"}],"wp:featuredmedia":[{"embeddable":true,"href":"https:\/\/livinghome.vn\/thiet-bi\/wp-json\/wp\/v2\/media\/3160"}],"wp:attachment":[{"href":"https:\/\/livinghome.vn\/thiet-bi\/wp-json\/wp\/v2\/media?parent=3046"}],"wp:term":[{"taxonomy":"product_brand","embeddable":true,"href":"https:\/\/livinghome.vn\/thiet-bi\/wp-json\/wp\/v2\/product_brand?post=3046"},{"taxonomy":"product_cat","embeddable":true,"href":"https:\/\/livinghome.vn\/thiet-bi\/wp-json\/wp\/v2\/product_cat?post=3046"},{"taxonomy":"product_tag","embeddable":true,"href":"https:\/\/livinghome.vn\/thiet-bi\/wp-json\/wp\/v2\/product_tag?post=3046"}],"curies":[{"name":"wp","href":"https:\/\/api.w.org\/{rel}","templated":true}]}}