{"id":3045,"date":"2023-01-12T17:38:09","date_gmt":"2023-01-12T17:38:09","guid":{"rendered":"https:\/\/livinghome.vn\/thiet-bi\/?post_type=product&#038;p=3045"},"modified":"2024-11-29T14:20:23","modified_gmt":"2024-11-29T07:20:23","slug":"may-rua-chen-bat-whirlpool-wfc-3c26p-14-bo","status":"publish","type":"product","link":"https:\/\/livinghome.vn\/thiet-bi\/may-rua-chen-bat-whirlpool-wfc-3c26p-14-bo\/","title":{"rendered":"M\u00e1y R\u1eeda Ch\u00e9n B\u00e1t Whirlpool WFC 3C26P, 14 B\u1ed9, \u0110\u1ed9c L\u1eadp"},"content":{"rendered":"<h2>Whirlpool WFC3C26P &#8211; M\u00e1y R\u1eeda Ch\u00e9n B\u00e1t \u0110\u1ed9c L\u1eadp<\/h2>\n<p>L\u00e0 d\u00f2ng m\u00e1y r\u1eeda ch\u00e9n s\u1ea3n xu\u1ea5t theo ti\u00eau chu\u1ea9n Ch\u00e2u \u00c2u, t\u1eeb khi ra m\u1eaft \u0111\u1ebfn nay \u0111\u00e3 thu h\u00fat \u0111\u01b0\u1ee3c m\u1ed9t l\u01b0\u1ee3ng l\u1edbn ng\u01b0\u1eddi d\u00f9ng b\u1edfi c\u00e1c t\u00ednh n\u0103ng \u0111\u01b0\u1ee3c t\u00edch h\u1ee3p c\u00f4ng ngh\u1ec7 hi\u1ec7n \u0111\u1ea1i v\u00e0 thi\u1ebft k\u1ebf sang tr\u1ecdng, \u0111\u1eb9p m\u1eaft.<\/p>\n<h3>14 b\u1ed9 ch\u00e9n d\u0129a Ch\u00e2u \u00c2u<strong><br \/>\n<\/strong><\/h3>\n<p>Cung c\u1ea5p 14 v\u1ecb tr\u00ed \u0111\u1eb7t \u0111\u1ed3 r\u1eeda linh ho\u1ea1t, \u0111\u1ec3 b\u1ea1n lu\u00f4n c\u00f3 th\u1ec3 t\u1eadn h\u01b0\u1edfng m\u1ecdi kh\u00f4ng gian c\u1ea7n d\u00f9ng.<\/p>\n<figure id=\"attachment_52781\" aria-describedby=\"caption-attachment-52781\" style=\"width: 800px\" class=\"wp-caption alignnone\"><img loading=\"lazy\" decoding=\"async\" class=\"wp-image-52781 size-large\" src=\"https:\/\/livinghome.vn\/thiet-bi\/wp-content\/uploads\/nha-bep\/whirlpool\/may-rua-chen-whirlpool\/may-rua-chen-whirlpool-wfc-3c26p\/may-rua-chen-whirlpool-wfc-3c26p-2-800x800.jpg\" alt=\"M\u00e1y R\u1eeda Ch\u00e9n B\u00e1t Whirlpool WFC3C26P \u0110\u1ed9c L\u1eadp 14 B\u1ed9\" width=\"800\" height=\"800\" title=\"\"><figcaption id=\"caption-attachment-52781\" class=\"wp-caption-text\">M\u00e1y R\u1eeda Ch\u00e9n B\u00e1t Whirlpool WFC3C26P \u0110\u1ed9c L\u1eadp 14 B\u1ed9 s\u1edf h\u1eefu khoan ch\u00e9n d\u0129a r\u1ed9ng r\u00e3i<\/figcaption><\/figure>\n<h3>C\u00f4ng ngh\u1ec7 6TH Sense<\/h3>\n<p>M\u00e1y r\u1eeda ch\u00e9n Whirlpool WFC 3C26P Cho k\u1ebft qu\u1ea3 r\u1eeda ho\u00e0n h\u1ea3o m\u00e0 kh\u00f4ng c\u1ea7n tr\u00e1ng tr\u01b0\u1edbc, ng\u00e2m ho\u1eb7c ch\u00e0 b\u1eb1ng tay, \u0111\u1ed3ng th\u1eddi gi\u1ea3m l\u01b0\u1ee3ng n\u01b0\u1edbc ti\u00eau th\u1ee5 v\u00e0 chi ph\u00ed m\u1ed9t c\u00e1ch hi\u1ec7u qu\u1ea3.<\/p>\n<figure id=\"attachment_52778\" aria-describedby=\"caption-attachment-52778\" style=\"width: 1020px\" class=\"wp-caption alignnone\"><img loading=\"lazy\" decoding=\"async\" class=\"wp-image-52778 size-large\" src=\"https:\/\/livinghome.vn\/thiet-bi\/wp-content\/uploads\/nha-bep\/whirlpool\/may-rua-chen-whirlpool\/may-rua-chen-whirlpool-wfc-3c26p\/may-rua-chen-whirlpool-wfc-3c26p-5-1067x800.jpg\" alt=\"M\u00e1y R\u1eeda Ch\u00e9n B\u00e1t Whirlpool WFC 3C26P \u0110\u1ed9c L\u1eadp 14 B\u1ed9\" width=\"1020\" height=\"765\" title=\"\"><figcaption id=\"caption-attachment-52778\" class=\"wp-caption-text\">M\u00e1y R\u1eeda Ch\u00e9n B\u00e1t Whirlpool WFC3C26P c\u00f3 thi\u1ebft k\u1ebf hi\u1ec7n \u0111\u1ea1i v\u1edbi m\u1eb7t \u0111i\u1ec1u khi\u1ec3n \u0111\u1eb9p tinh t\u1ebf<\/figcaption><\/figure>\n<h3>Rapid 30<\/h3>\n<p>Ch\u01b0\u01a1ng tr\u00ecnh r\u1eeda nhanh trong 30 ph\u00fat cho b\u00e1t \u0111\u0129a b\u00e1m b\u1ea9n \u00edt<\/p>\n<h3>L\u00e0m kh\u00f4 t\u1ef1 nhi\u00ean<\/h3>\n<p>H\u1ec7 th\u1ed1ng s\u1ea5y \u0111\u1ed1i l\u01b0u t\u1ef1 \u0111\u1ed9ng m\u1edf c\u1eeda sau chu tr\u00ecnh \u0111\u1ec3 \u0111\u1ea3m b\u1ea3o hi\u1ec7u su\u1ea5t l\u00e0m kh\u00f4 v\u01b0\u1ee3t tr\u1ed9i h\u00e0ng ng\u00e0y<\/p>\n<figure id=\"attachment_52782\" aria-describedby=\"caption-attachment-52782\" style=\"width: 800px\" class=\"wp-caption alignnone\"><img loading=\"lazy\" decoding=\"async\" class=\"wp-image-52782 size-large\" src=\"https:\/\/livinghome.vn\/thiet-bi\/wp-content\/uploads\/nha-bep\/whirlpool\/may-rua-chen-whirlpool\/may-rua-chen-whirlpool-wfc-3c26p\/may-rua-chen-whirlpool-wfc-3c26p-1-800x800.jpg\" alt=\"M\u00e1y R\u1eeda Ch\u00e9n B\u00e1t Whirlpool WFC3C26P \u0110\u1ed9c L\u1eadp 14 B\u1ed9\" width=\"800\" height=\"800\" title=\"\"><figcaption id=\"caption-attachment-52782\" class=\"wp-caption-text\">M\u00e1y R\u1eeda Ch\u00e9n B\u00e1t Whirlpool WFC 3C26P ph\u00f9 h\u1ee3p v\u1edbi gia \u0111\u00ecnh \u0111\u00f4ng c\u00e1c th\u00e0nh vi\u00ean<\/figcaption><\/figure>\n<h3>Th\u00f4ng s\u1ed1 k\u1ef9 thu\u1eadt<\/h3>\n<ul>\n<li>Lo\u1ea1i <a href=\"https:\/\/livinghome.vn\/thiet-bi\/may-rua-chen-bat\/\">m\u00e1y r\u1eeda ch\u00e9n b\u00e1t<\/a>: \u0110\u1ee9ng \u0111\u1ed9c l\u1eadp<\/li>\n<li>Lo\u1ea1i l\u1eafp \u0111\u1eb7t: \u0110\u1ee9ng \u0111\u1ed9c l\u1eadp<\/li>\n<li>M\u1eb7t tr\u00ean c\u00f3 th\u1ec3 th\u00e1o r\u1eddi C\u00f3<\/li>\n<li>T\u1ea5m trang tr\u00ed c\u1eeda: Kh\u00f4ng<\/li>\n<li>M\u00e0u ch\u1ee7 \u0111\u1ea1o c\u1ee7a s\u1ea3n ph\u1ea9m M\u00e0u tr\u1eafng<\/li>\n<li>Ch\u00e2n c\u00f3 th\u1ec3 \u0111i\u1ec1u ch\u1ec9nh: Kh\u00f4ng<\/li>\n<li>K\u00edch th\u01b0\u1edbc HxWxD: 850x600x590 mm<\/li>\n<li>\u0110\u1ed9 s\u00e2u ng\u00e1ch: 590mm<\/li>\n<li>Trong l\u01b0\u1ee3ng t\u1ecbnh (kg): 47<\/li>\n<li>T\u1ed5ng tr\u1ecdng l\u01b0\u1ee3ng (kg): 49<\/li>\n<li>Chi\u1ec1u d\u00e0i d\u00e2y ngu\u1ed3n (cm): 130<\/li>\n<li>Chi\u1ec1u d\u00e0i \u1ed1ng v\u00e0o (cm): 155<\/li>\n<li>Chi\u1ec1u d\u00e0i \u1ed1ng ra (cm): 150<\/li>\n<li>\u0110\u1ecbnh m\u1ee9c k\u1ebft n\u1ed1i \u0111i\u1ec7n (W): 1900<\/li>\n<li>C\u01b0\u1eddng \u0111\u1ed9 (A): 10<\/li>\n<li>\u0110i\u1ec7n \u00e1p (V): 220-240<\/li>\n<li>T\u1ea7n s\u1ed1 (Hz): 50<\/li>\n<\/ul>\n<h3><strong>T\u00ednh n\u0103ng<\/strong><\/h3>\n<ul>\n<li>C\u00e1c ch\u01b0\u01a1ng tr\u00ecnh t\u1ef1 \u0111\u1ed9ng: Kh\u00f4ng<\/li>\n<li>Nhi\u1ec7t \u0111\u1ed9 n\u01b0\u1edbc c\u1ea5p t\u1ed1i \u0111a (\u00b0 C): 60<\/li>\n<li>T\u00f9y ch\u1ecdn h\u1eb9n gi\u1edd kh\u1edfi \u0111\u1ed9ng: M\u1ed9t l\u1ea7n, c\u1ed1 \u0111\u1ecbnh<\/li>\n<li>Th\u1eddi gian h\u1eb9n gi\u1edd kh\u1edfi \u0111\u1ed9ng t\u1ed1i \u0111a. (h): 24<\/li>\n<li>Ch\u1ec9 b\u00e1o ti\u1ebfn \u0111\u1ed9 r\u1eeda: Kh\u00f4ng<\/li>\n<li>Ch\u1ec9 b\u00e1o \u0111\u1ebfm ng\u01b0\u1ee3c k\u1ef9 thu\u1eadt s\u1ed1: c\u00f3<\/li>\n<li>\u0110\u00e8n b\u00e1o mu\u1ed1i: C\u00f3<\/li>\n<li>Ch\u1ec9 b\u00e1o \u0111\u00e8n h\u1ed7 tr\u1ee3 x\u1ea3: C\u00f3<\/li>\n<li>Thi\u1ebft b\u1ecb an to\u00e0n: Kh\u00f4ng<\/li>\n<li>Gi\u1ecf tr\u00ean c\u00f3 th\u1ec3 \u0111i\u1ec1u ch\u1ec9nh: C\u00f3<\/li>\n<li>S\u1ed1 l\u01b0\u1ee3ng c\u00e0i \u0111\u1eb7t v\u1ecb tr\u00ed 14<\/li>\n<\/ul>\n<h3><strong>Hi\u1ec7u su\u1ea5t<\/strong><\/h3>\n<ul>\n<li>M\u1ee9c hi\u1ec7u qu\u1ea3 n\u0103ng l\u01b0\u1ee3ng &#8211; NEW (2010\/30 \/ EU): A ++<\/li>\n<li>Ti\u00eau th\u1ee5 n\u0103ng l\u01b0\u1ee3ng h\u00e0ng n\u0103m (kWh \/ n\u0103m) &#8211; M\u1edaI (2010\/30 \/ EU): 266<\/li>\n<li>Th\u1eddi l\u01b0\u1ee3ng c\u1ee7a ch\u1ebf \u0111\u1ed9 b\u1eadt b\u00ean tr\u00e1i &#8211; NEW (2010\/30 \/ EU): 12<\/li>\n<li>C\u00f4ng su\u1ea5t ti\u00eau th\u1ee5 \u1edf ch\u1ebf \u0111\u1ed9 b\u1eadt b\u00ean tr\u00e1i &#8211; NEW (2010\/30 \/ EU): 6<\/li>\n<li>C\u00f4ng su\u1ea5t ti\u00eau th\u1ee5 \u1edf ch\u1ebf \u0111\u1ed9 t\u1eaft &#8211; NEW (2010\/30 \/ EU): 0,5<\/li>\n<li>L\u01b0\u1ee3ng n\u01b0\u1edbc ti\u00eau th\u1ee5 h\u00e0ng n\u0103m (l \/ n\u0103m) &#8211; M\u1edaI (2010\/30 \/ EU): 2660<\/li>\n<li>\u0110\u1ed9 \u1ed3n (dB (A) re 1 pW): 46<\/li>\n<\/ul>\n","protected":false},"excerpt":{"rendered":"<h3 style=\"text-align: left;\"><strong>Di\u1ec7t khu\u1ea9n 99,99%<\/strong><\/h3>\n<p style=\"text-align: left;\">Kh\u1eed khu\u1ea9n s\u1ea1ch s\u1ebd \u0111\u1ed3 s\u1ee9 d\u00f9ng h\u00e0ng ng\u00e0y<\/p>\n<h3 style=\"text-align: left;\"><strong>C\u00f4ng ngh\u1ec7 6TH SENSE\u00a0<\/strong><\/h3>\n<p style=\"text-align: left;\">Kh\u00f4ng c\u1ea7n tr\u00e1ng tr\u01b0\u1edbc, ng\u00e2m ho\u1eb7c ch\u00e0 b\u1eb1ng tay<\/p>\n<h3 style=\"text-align: left;\"><strong>T\u00f9y ch\u1ecdn \u0111a v\u00f9ng r\u1eeda<\/strong><\/h3>\n<p style=\"text-align: left;\">C\u00f3 th\u1ec3 r\u1eeda b\u00e1t \u0111\u0129a \u1edf gi\u00e1 r\u1eeda tr\u00ean ho\u1eb7c gi\u00e1 r\u1eeda d\u01b0\u1edbi \u0111\u1ec3 ti\u1ebft ki\u1ec7m n\u01b0\u1edbc, \u0111i\u1ec7n v\u00e0 vi\u00ean r\u1eeda<\/p>\n","protected":false},"featured_media":3155,"comment_status":"open","ping_status":"closed","template":"","meta":[],"product_brand":[],"product_cat":[612,92,823,828,827,867,826,380],"product_tag":[93,205,389,382],"class_list":{"0":"post-3045","1":"product","2":"type-product","3":"status-publish","4":"has-post-thumbnail","6":"product_cat-may-rua-chen-bat-whirlpool","7":"product_cat-may-rua-chen-bat","8":"product_cat-may-rua-chen-bat-14-bo","9":"product_cat-may-rua-chen-bat-am-tu","10":"product_cat-may-rua-chen-bat-ban-am","11":"product_cat-may-rua-chen-bat-chau-au","12":"product_cat-may-rua-chen-bat-doc-lap","13":"product_cat-thuong-hieu-whirlpool","14":"product_tag-may-rua-chen","15":"product_tag-may-rua-chen-doc-lap","16":"product_tag-may-rua-chen-whirlpool","17":"product_tag-whirlpool","19":"first","20":"instock","21":"sale","22":"shipping-taxable","23":"purchasable","24":"product-type-simple"},"_links":{"self":[{"href":"https:\/\/livinghome.vn\/thiet-bi\/wp-json\/wp\/v2\/product\/3045","targetHints":{"allow":["GET"]}}],"collection":[{"href":"https:\/\/livinghome.vn\/thiet-bi\/wp-json\/wp\/v2\/product"}],"about":[{"href":"https:\/\/livinghome.vn\/thiet-bi\/wp-json\/wp\/v2\/types\/product"}],"replies":[{"embeddable":true,"href":"https:\/\/livinghome.vn\/thiet-bi\/wp-json\/wp\/v2\/comments?post=3045"}],"wp:featuredmedia":[{"embeddable":true,"href":"https:\/\/livinghome.vn\/thiet-bi\/wp-json\/wp\/v2\/media\/3155"}],"wp:attachment":[{"href":"https:\/\/livinghome.vn\/thiet-bi\/wp-json\/wp\/v2\/media?parent=3045"}],"wp:term":[{"taxonomy":"product_brand","embeddable":true,"href":"https:\/\/livinghome.vn\/thiet-bi\/wp-json\/wp\/v2\/product_brand?post=3045"},{"taxonomy":"product_cat","embeddable":true,"href":"https:\/\/livinghome.vn\/thiet-bi\/wp-json\/wp\/v2\/product_cat?post=3045"},{"taxonomy":"product_tag","embeddable":true,"href":"https:\/\/livinghome.vn\/thiet-bi\/wp-json\/wp\/v2\/product_tag?post=3045"}],"curies":[{"name":"wp","href":"https:\/\/api.w.org\/{rel}","templated":true}]}}