{"id":3043,"date":"2023-01-12T17:38:09","date_gmt":"2023-01-12T17:38:09","guid":{"rendered":"https:\/\/livinghome.vn\/thiet-bi\/?post_type=product&#038;p=3043"},"modified":"2024-11-29T14:20:23","modified_gmt":"2024-11-29T07:20:23","slug":"may-hut-mui-whirlpool-akr4071-ixv-76cm","status":"publish","type":"product","link":"https:\/\/livinghome.vn\/thiet-bi\/may-hut-mui-whirlpool-akr4071-ixv-76cm\/","title":{"rendered":"M\u00e1y H\u00fat M\u00f9i Whirlpool AKR4071\/IXV, 76cm, G\u1eafn \u00c1p T\u01b0\u1eddng, 1000m3\/h"},"content":{"rendered":"<h2><strong>Whirlpool AKR4071\/IXV &#8211;\u00a0 M\u00e1y h\u00fat m\u00f9i ch\u1eef T c\u1ea3m \u1ee9ng \u0111\u1eb3ng c\u1ea5p<br \/>\n<\/strong><\/h2>\n<p>Chi\u1ebfc m\u00e1y h\u00fat m\u00f9i n\u00e0y c\u1ee7a h\u00e3ng Whirlpool x\u1ee9ng \u0111\u00e1ng l\u00e0 d\u00f2ng s\u1ea3n ph\u1ea9m chu\u1ea9n ch\u00e2u \u00e2u, v\u1edbi thi\u1ebft k\u1ebf ch\u1eef T ng\u01b0\u1ee3c, m\u1eb7t n\u1ea1\u00a0 \u0111i\u1ec1u khi\u1ec3n c\u1ea3m \u1ee9ng ch\u1ea1m v\u00e0 h\u1ec7 th\u1ed1ng \u0111\u00e8n LED tr\u00f4ng th\u1eadt m\u1ea1nh m\u1ebd nhi\u1ec1u \u0111\u1ee7 s\u1ee9c h\u00fat s\u1ea1ch m\u1ecdi kh\u00f3i m\u00f9i gian b\u1ebfp nh\u00e0 b\u1ea1n.<\/p>\n<h2><strong>B\u1ed9 than ho\u1ea1t t\u00ednh kh\u1eed m\u00f9i<\/strong><\/h2>\n<p>B\u1ed9 l\u1ecdc than h\u1ea5p th\u1ee5 c\u00e1c h\u1ea1t d\u1ea7u m\u1ee1, m\u00f9i v\u00e0 kh\u00f3i, gi\u1eef cho m\u00f4i tr\u01b0\u1eddng nh\u00e0 b\u1ebfp c\u1ee7a b\u1ea1n s\u1ea1ch m\u00f9i v\u00e0 d\u1ea7u m\u1ee1 m\u1ed9t c\u00e1ch hi\u1ec7u qu\u1ea3.<\/p>\n<figure id=\"attachment_52748\" aria-describedby=\"caption-attachment-52748\" style=\"width: 1020px\" class=\"wp-caption alignnone\"><img loading=\"lazy\" decoding=\"async\" class=\"wp-image-52748 size-large\" src=\"https:\/\/livinghome.vn\/thiet-bi\/wp-content\/uploads\/nha-bep\/whirlpool\/may-hut-mui-whirlpool\/may-hut-mui-whirlpool-akr4071ix\/may-hut-mui-whirlpool-akr4071ix-6-1067x800.jpg\" alt=\"M\u00e1y H\u00fat M\u00f9i Whirlpool AKR4071 IXV g\u1eafn t\u01b0\u1eddng Inox 76cm\" width=\"1020\" height=\"765\" title=\"\"><figcaption id=\"caption-attachment-52748\" class=\"wp-caption-text\">M\u00e1y H\u00fat M\u00f9i Whirlpool AKR4071 IXV g\u1eafn t\u01b0\u1eddng Inox 76cm<\/figcaption><\/figure>\n<h2><strong>B\u1ed9 l\u1ecdc d\u1ea7u m\u1ee1 b\u1eb1ng nh\u00f4m<\/strong><\/h2>\n<p>B\u1ed9 l\u1ecdc ba l\u1edbp n\u00e0y h\u00fat d\u1ea7u m\u1ee1 hi\u1ec7u qu\u1ea3 khi n\u1ea5u n\u01b0\u1edbng, gi\u1ea3m m\u00f9i h\u00f4i khi n\u1ea5u \u0103n, \u0111\u1ed3ng th\u1eddi l\u1ecdc s\u1ea1ch kh\u00f4ng kh\u00ed v\u00e0 t\u1ed1i \u01b0u h\u00f3a hi\u1ec7u su\u1ea5t.<\/p>\n<div class=\"mceTemp\"><\/div>\n<figure id=\"attachment_52771\" aria-describedby=\"caption-attachment-52771\" style=\"width: 1067px\" class=\"wp-caption alignnone\"><img loading=\"lazy\" decoding=\"async\" class=\"wp-image-52771 size-large\" src=\"https:\/\/livinghome.vn\/thiet-bi\/wp-content\/uploads\/nha-bep\/whirlpool\/may-hut-mui-whirlpool\/may-hut-mui-whirlpool-akr915ixds-cv\/may-hut-mui-whirlpool-akr915ixds-cv-2-1067x800.jpg\" alt=\"M\u00e1y H\u00fat M\u00f9i Whirlpool AKR4071 IXV g\u1eafn t\u01b0\u1eddng Inox 76cm\" width=\"1067\" height=\"800\" title=\"\"><figcaption id=\"caption-attachment-52771\" class=\"wp-caption-text\">M\u00e1y H\u00fat M\u00f9i Whirlpool AKR4071 IXV g\u1eafn t\u01b0\u1eddng Inox 76cm<\/figcaption><\/figure>\n<h2><strong>Th\u00e9p kh\u00f4ng g\u1ec9 430 cao c\u1ea5p<\/strong><\/h2>\n<p>Ch\u1ec9 nh\u1eefng v\u1eadt li\u1ec7u t\u1ed1t nh\u1ea5t \u0111\u01b0\u1ee3c s\u1eed d\u1ee5ng v\u00e0 \u0111\u00e2y l\u00e0 l\u00fd do t\u1ea1i sao th\u00e2n v\u00e0 \u1ed1ng kh\u00f3i c\u1ee7a m\u00e1y h\u00fat m\u00f9i Whirlpool \u0111\u01b0\u1ee3c l\u00e0m b\u1eb1ng th\u00e9p kh\u00f4ng g\u1ec9 cao c\u1ea5p, c\u00f3 \u0111\u1ed9 b\u1ec1n cao v\u00e0 y\u00eau c\u1ea7u v\u1ec7 sinh t\u1ed1i thi\u1ec3u. B\u1ec1 m\u1eb7t ho\u00e0n thi\u1ec7n b\u1eb1ng th\u00e9p kh\u00f4ng g\u1ec9 c\u1ee7a m\u00e1y h\u00fat m\u00f9i \u0111\u01b0\u1ee3c x\u1eed l\u00fd b\u1eb1ng c\u00f4ng ngh\u1ec7 ch\u1ed1ng b\u00e1m v\u00e2n tay hi\u1ec7n \u0111\u1ea1i, gi\u00fap d\u1ec5 d\u00e0ng lau s\u1ea1ch d\u1ea7u m\u1ee1, d\u1ea5u v\u00e2n tay v\u00e0 b\u1ee5i. Ph\u01b0\u01a1ng ph\u00e1p x\u1eed l\u00fd s\u00e1ng t\u1ea1o n\u00e0y c\u0169ng b\u1ea3o v\u1ec7 thi\u1ebft b\u1ecb kh\u1ecfi b\u1ecb tr\u1ea7y x\u01b0\u1edbc v\u00e0 \u1ea3nh h\u01b0\u1edfng c\u1ee7a qu\u00e1 tr\u00ecnh l\u00e3o h\u00f3a.<\/p>\n<figure id=\"attachment_52751\" aria-describedby=\"caption-attachment-52751\" style=\"width: 800px\" class=\"wp-caption alignnone\"><img loading=\"lazy\" decoding=\"async\" class=\"wp-image-52751 size-large\" src=\"https:\/\/livinghome.vn\/thiet-bi\/wp-content\/uploads\/nha-bep\/whirlpool\/may-hut-mui-whirlpool\/may-hut-mui-whirlpool-akr4071ix\/may-hut-mui-whirlpool-akr4071ix-3-800x800.jpg\" alt=\"M\u00e1y H\u00fat M\u00f9i Whirlpool AKR4071 IXV g\u1eafn t\u01b0\u1eddng Inox 76cm\" width=\"800\" height=\"800\" title=\"\"><figcaption id=\"caption-attachment-52751\" class=\"wp-caption-text\">M\u00e1y h\u00fat m\u00f9i Whirlpool AKR4071 IX g\u1eafn t\u01b0\u1eddng Inox 76cm<\/figcaption><\/figure>\n<h2><strong>Th\u00f4ng s\u1ed1 k\u1ef9 thu\u1eadt<\/strong><\/h2>\n<ul>\n<li>Hi\u1ec7u su\u1ea5t h\u00fat\u00a0 \/ lu\u1ed3ng kh\u00f4ng kh\u00ed t\u1ed1i \u0111a: 1000m\u00b3 \/ gi\u1edd (Kh\u00f4ng gi\u1edbi h\u1ea1n)<\/li>\n<li>S\u1ed1 \u0111\u1ed9ng c\u01a1: 1<\/li>\n<li>S\u1ed1 l\u01b0\u1ee3ng \u0111\u00e8n: 2 x 2W<\/li>\n<li>Chi\u1ec1u d\u00e0i c\u1ee7a \u1ed1ng kh\u00f3i: 480-940 mm<\/li>\n<li>K\u00edch th\u01b0\u1edbc s\u1ea3n ph\u1ea9m (HxWxD \/ mm): 510-970 x 760 x 480<\/li>\n<\/ul>\n<h2><strong>T\u00ednh n\u0103ng<\/strong><\/h2>\n<ul>\n<li>Ho\u1ea1t \u0111\u1ed9ng: Th\u00f4ng gi\u00f3 ho\u1eb7c tu\u1ea7n ho\u00e0n<\/li>\n<li>M\u1ee9c t\u1ed1c \u0111\u1ed9: 4<\/li>\n<li>Ch\u1ee9c n\u0103ng H\u1eb9n gi\u1edd: C\u00f3<\/li>\n<li>B\u1ed9 l\u1ecdc c\u00f3 th\u1ec3 r\u1eeda \u0111\u01b0\u1ee3c: C\u00f3<\/li>\n<li>Lo\u1ea1i b\u1ed9 l\u1ecdc: Nh\u00f4m + th\u00e9p kh\u00f4ng g\u1ec9<\/li>\n<li>B\u1ed9 l\u1ecdc carbon cho ho\u1ea1t \u0111\u1ed9ng tu\u1ea7n ho\u00e0n: AKRF402 (C\u1ea7n \u0111\u1eb7t h\u00e0ng ri\u00eang)<\/li>\n<\/ul>\n<h2><strong>Thi\u1ebft k\u1ebf<\/strong><\/h2>\n<ul>\n<li>Lo\u1ea1i <a href=\"https:\/\/livinghome.vn\/thiet-bi\/may-hut-mui\/\">m\u00e1y h\u00fat m\u00f9i<\/a>: \u1ed0ng kh\u00f3i h\u1ed9p ch\u1eef T g\u1eafn t\u01b0\u1eddng<\/li>\n<li>B\u1ea3ng \u0111i\u1ec1u khi\u1ec3n: C\u1ea3m \u1ee9ng c\u1ea3m bi\u1ebfn LED tr\u1eafng<\/li>\n<li>Thi\u1ebft k\u1ebf m\u1eb7t tr\u01b0\u1edbc: M\u1eb7t tr\u01b0\u1edbc m\u1ecfng 3cm<\/li>\n<li>Lo\u1ea1i chi\u1ebfu s\u00e1ng: \u0110\u00e8n LED<\/li>\n<li>M\u00e0u B\u1ea3ng \u0111i\u1ec1u khi\u1ec3n: Th\u00e9p kh\u00f4ng g\u1ec9<\/li>\n<li>M\u00e0u ph\u1ea7n th\u00e2n: Th\u00e9p kh\u00f4ng g\u1ec9<\/li>\n<\/ul>\n","protected":false},"excerpt":{"rendered":"<h3 style=\"text-align: left;\"><strong>C\u00f3 th\u1ec3 chuy\u1ec3n \u0111\u1ed5i ki\u1ec3u h\u00fat<\/strong><\/h3>\n<p style=\"text-align: left;\">C\u00f3 th\u1ec3 s\u1eed d\u1ee5ng ki\u1ec3u h\u00fat th\u00f4ng gi\u00f3 ho\u1eb7c tu\u1ea7n ho\u00e0n cho ph\u00e9p linh ho\u1ea1t t\u1ed1i \u0111a<\/p>\n<h3 style=\"text-align: left;\"><strong>T\u1ed1c \u0111\u1ed9 h\u00fat m\u1ea1nh m\u1ebd h\u00e0ng \u0111\u1ea7u<\/strong><\/h3>\n<p style=\"text-align: left;\">T\u1ed1c \u0111\u1ed9 h\u00fat 1000m3 \/ gi\u1edd. Nhanh ch\u00f3ng lo\u1ea1i b\u1ecf kh\u00f3i v\u00e0 m\u00f9i n\u1ea5u \u0103n.<\/p>\n<h3 style=\"text-align: left;\"><strong>V\u1eadt li\u1ec7u ho\u00e0n thi\u1ec7n th\u00e9p kh\u00f4ng g\u1ec9<\/strong><\/h3>\n<p style=\"text-align: left;\">C\u00f4ng ngh\u1ec7 ch\u1ed1ng b\u00e1m v\u00e2n tay v\u00e0 d\u1ea7u m\u1ee1 hi\u1ec7n \u0111\u1ea1i. B\u1ea3o v\u1ec7 ch\u1ed1ng tr\u1ea7y x\u01b0\u1edbc<\/p>\n","protected":false},"featured_media":3145,"comment_status":"open","ping_status":"closed","template":"","meta":[],"product_brand":[],"product_cat":[603,84,89,380],"product_tag":[86,90,388,382],"class_list":{"0":"post-3043","1":"product","2":"type-product","3":"status-publish","4":"has-post-thumbnail","6":"product_cat-may-hut-mui-whirlpool","7":"product_cat-may-hut-mui","8":"product_cat-may-hut-mui-gan-tuong","9":"product_cat-thuong-hieu-whirlpool","10":"product_tag-may-hut-mui","11":"product_tag-may-hut-mui-gan-tuong","12":"product_tag-may-hut-mui-whirlpool","13":"product_tag-whirlpool","15":"first","16":"instock","17":"sale","18":"shipping-taxable","19":"purchasable","20":"product-type-simple"},"_links":{"self":[{"href":"https:\/\/livinghome.vn\/thiet-bi\/wp-json\/wp\/v2\/product\/3043","targetHints":{"allow":["GET"]}}],"collection":[{"href":"https:\/\/livinghome.vn\/thiet-bi\/wp-json\/wp\/v2\/product"}],"about":[{"href":"https:\/\/livinghome.vn\/thiet-bi\/wp-json\/wp\/v2\/types\/product"}],"replies":[{"embeddable":true,"href":"https:\/\/livinghome.vn\/thiet-bi\/wp-json\/wp\/v2\/comments?post=3043"}],"wp:featuredmedia":[{"embeddable":true,"href":"https:\/\/livinghome.vn\/thiet-bi\/wp-json\/wp\/v2\/media\/3145"}],"wp:attachment":[{"href":"https:\/\/livinghome.vn\/thiet-bi\/wp-json\/wp\/v2\/media?parent=3043"}],"wp:term":[{"taxonomy":"product_brand","embeddable":true,"href":"https:\/\/livinghome.vn\/thiet-bi\/wp-json\/wp\/v2\/product_brand?post=3043"},{"taxonomy":"product_cat","embeddable":true,"href":"https:\/\/livinghome.vn\/thiet-bi\/wp-json\/wp\/v2\/product_cat?post=3043"},{"taxonomy":"product_tag","embeddable":true,"href":"https:\/\/livinghome.vn\/thiet-bi\/wp-json\/wp\/v2\/product_tag?post=3043"}],"curies":[{"name":"wp","href":"https:\/\/api.w.org\/{rel}","templated":true}]}}