{"id":3042,"date":"2023-01-12T17:38:09","date_gmt":"2023-01-12T17:38:09","guid":{"rendered":"https:\/\/livinghome.vn\/thiet-bi\/?post_type=product&#038;p=3042"},"modified":"2024-11-29T14:20:23","modified_gmt":"2024-11-29T07:20:23","slug":"may-hut-mui-whirlpool-akr6152ixds-cv-60cm","status":"publish","type":"product","link":"https:\/\/livinghome.vn\/thiet-bi\/may-hut-mui-whirlpool-akr6152ixds-cv-60cm\/","title":{"rendered":"M\u00e1y H\u00fat M\u00f9i Whirlpool AKR6152IXDS-CV, 60cm, \u00c2m T\u1ee7 K\u00e9o, 400m3\/h"},"content":{"rendered":"<h2><strong>Whirlpool AKR6152IXDS-CV &#8211; M\u00e1y H\u00fat M\u00f9i \u00c2m T\u1ee7 K\u00e9o \u0110\u1eb9p<\/strong><\/h2>\n<p>Chi\u1ebfc m\u00e1y h\u00fat m\u00f9i \u0111\u00e3 tr\u1edf n\u00ean ph\u1ed5 bi\u1ebfn v\u00e0 kh\u00f4ng th\u1ec3 thi\u1ebfu \u0111\u1ed1i v\u1edbi c\u0103n b\u1ebfp c\u1ee7a gia \u0111\u00ecnh sang tr\u1ecdng v\u1edbi m\u1ee9c gi\u00e1 r\u1ea5t ph\u1ea3i ch\u0103ng. \u0110\u00e2y h\u1eb3n l\u00e0 l\u1ef1a ch\u1ecdn ph\u00f9 h\u1ee3p v\u1edbi r\u1ea5t nhi\u1ec1u gia \u0111\u00ecnh Vi\u1ec7t.<\/p>\n<h2><strong>B\u1ed9 than ho\u1ea1t t\u00ednh kh\u1eed m\u00f9i<\/strong><\/h2>\n<p>B\u1ed9 l\u1ecdc than h\u1ea5p th\u1ee5 c\u00e1c h\u1ea1t d\u1ea7u m\u1ee1, m\u00f9i v\u00e0 kh\u00f3i, gi\u1eef cho m\u00f4i tr\u01b0\u1eddng nh\u00e0 b\u1ebfp c\u1ee7a b\u1ea1n s\u1ea1ch m\u00f9i v\u00e0 d\u1ea7u m\u1ee1 m\u1ed9t c\u00e1ch hi\u1ec7u qu\u1ea3.<\/p>\n<figure id=\"attachment_52764\" aria-describedby=\"caption-attachment-52764\" style=\"width: 1067px\" class=\"wp-caption alignnone\"><img loading=\"lazy\" decoding=\"async\" class=\"wp-image-52764 size-large\" src=\"https:\/\/livinghome.vn\/thiet-bi\/wp-content\/uploads\/nha-bep\/whirlpool\/may-hut-mui-whirlpool\/may-hut-mui-whirlpool-akr621xv\/may-hut-mui-whirlpool-akr621xv-4-1067x800.jpg\" alt=\"M\u00e1y h\u00fat m\u00f9i Whirlpool AKR6152IXDS CV \u00e2m t\u1ee7 60cm\" width=\"1067\" height=\"800\" title=\"\"><figcaption id=\"caption-attachment-52764\" class=\"wp-caption-text\">M\u00e1y h\u00fat m\u00f9i Whirlpool AKR6152IXDS CV \u00e2m t\u1ee7 60cm<\/figcaption><\/figure>\n<h2><strong>B\u1ed9 l\u1ecdc d\u1ea7u m\u1ee1 b\u1eb1ng nh\u00f4m<\/strong><\/h2>\n<p>B\u1ed9 l\u1ecdc ba l\u1edbp n\u00e0y h\u00fat d\u1ea7u m\u1ee1 hi\u1ec7u qu\u1ea3 khi n\u1ea5u n\u01b0\u1edbng, gi\u1ea3m m\u00f9i h\u00f4i khi n\u1ea5u \u0103n, \u0111\u1ed3ng th\u1eddi l\u1ecdc s\u1ea1ch kh\u00f4ng kh\u00ed v\u00e0 t\u1ed1i \u01b0u h\u00f3a hi\u1ec7u su\u1ea5t.<\/p>\n<div class=\"mceTemp\"><\/div>\n<figure id=\"attachment_52771\" aria-describedby=\"caption-attachment-52771\" style=\"width: 1067px\" class=\"wp-caption alignnone\"><img loading=\"lazy\" decoding=\"async\" class=\"wp-image-52771 size-large\" src=\"https:\/\/livinghome.vn\/thiet-bi\/wp-content\/uploads\/nha-bep\/whirlpool\/may-hut-mui-whirlpool\/may-hut-mui-whirlpool-akr915ixds-cv\/may-hut-mui-whirlpool-akr915ixds-cv-2-1067x800.jpg\" alt=\"M\u00e1y h\u00fat m\u00f9i Whirlpool AKR6152IXDS CV \u00e2m t\u1ee7 60cm\" width=\"1067\" height=\"800\" title=\"\"><figcaption id=\"caption-attachment-52771\" class=\"wp-caption-text\">M\u00e1y h\u00fat m\u00f9i Whirlpool AKR6152IXDS CV \u00e2m t\u1ee7 60cm<\/figcaption><\/figure>\n<h2><strong>Th\u00e9p kh\u00f4ng g\u1ec9 430 cao c\u1ea5p<\/strong><\/h2>\n<p>Ch\u1ec9 nh\u1eefng v\u1eadt li\u1ec7u t\u1ed1t nh\u1ea5t \u0111\u01b0\u1ee3c s\u1eed d\u1ee5ng v\u00e0 \u0111\u00e2y l\u00e0 l\u00fd do t\u1ea1i sao th\u00e2n v\u00e0 \u1ed1ng kh\u00f3i c\u1ee7a m\u00e1y h\u00fat m\u00f9i Whirlpool \u0111\u01b0\u1ee3c l\u00e0m b\u1eb1ng th\u00e9p kh\u00f4ng g\u1ec9 cao c\u1ea5p, c\u00f3 \u0111\u1ed9 b\u1ec1n cao v\u00e0 y\u00eau c\u1ea7u v\u1ec7 sinh t\u1ed1i thi\u1ec3u. B\u1ec1 m\u1eb7t ho\u00e0n thi\u1ec7n b\u1eb1ng th\u00e9p kh\u00f4ng g\u1ec9 c\u1ee7a m\u00e1y h\u00fat m\u00f9i \u0111\u01b0\u1ee3c x\u1eed l\u00fd b\u1eb1ng c\u00f4ng ngh\u1ec7 ch\u1ed1ng b\u00e1m v\u00e2n tay hi\u1ec7n \u0111\u1ea1i, gi\u00fap d\u1ec5 d\u00e0ng lau s\u1ea1ch d\u1ea7u m\u1ee1, d\u1ea5u v\u00e2n tay v\u00e0 b\u1ee5i. Ph\u01b0\u01a1ng ph\u00e1p x\u1eed l\u00fd s\u00e1ng t\u1ea1o n\u00e0y c\u0169ng b\u1ea3o v\u1ec7 thi\u1ebft b\u1ecb kh\u1ecfi b\u1ecb tr\u1ea7y x\u01b0\u1edbc v\u00e0 \u1ea3nh h\u01b0\u1edfng c\u1ee7a qu\u00e1 tr\u00ecnh l\u00e3o h\u00f3a.<\/p>\n<figure id=\"attachment_52763\" aria-describedby=\"caption-attachment-52763\" style=\"width: 1058px\" class=\"wp-caption alignnone\"><img loading=\"lazy\" decoding=\"async\" class=\"wp-image-52763 size-large\" src=\"https:\/\/livinghome.vn\/thiet-bi\/wp-content\/uploads\/nha-bep\/whirlpool\/may-hut-mui-whirlpool\/may-hut-mui-whirlpool-akr621xv\/may-hut-mui-whirlpool-akr621xv-5-1058x800.jpg\" alt=\"M\u00e1y h\u00fat m\u00f9i Whirlpool AKR6152IXDS CV \u00e2m t\u1ee7 60cm\" width=\"1058\" height=\"800\" title=\"\"><figcaption id=\"caption-attachment-52763\" class=\"wp-caption-text\">M\u00e1y h\u00fat m\u00f9i Whirlpool AKR6152IXDS CV \u00e2m t\u1ee7 60cm<\/figcaption><\/figure>\n<h2><strong>Th\u00f4ng s\u1ed1 k\u1ef9 thu\u1eadt<\/strong><\/h2>\n<ul>\n<li>Hi\u1ec7u su\u1ea5t h\u00fat \/ lu\u1ed3ng kh\u00f4ng kh\u00ed t\u1ed1i \u0111a: 400m\u00b3 \/ gi\u1edd (Kh\u00f4ng gi\u1edbi h\u1ea1n)<\/li>\n<li>S\u1ed1 \u0111\u1ed9ng c\u01a1: 2<\/li>\n<li>\u0110\u00e8n: 40W<\/li>\n<li>K\u00edch th\u01b0\u1edbc s\u1ea3n ph\u1ea9m (HxWxD \/ mm): 180 x 598 x 432<\/li>\n<li>\u0110\u1ed9 \u1ed3n: 58db<\/li>\n<\/ul>\n<h2><strong>T\u00ednh n\u0103ng<\/strong><\/h2>\n<ul>\n<li>Ho\u1ea1t \u0111\u1ed9ng: Th\u00f4ng gi\u00f3 ho\u1eb7c tu\u1ea7n ho\u00e0n<\/li>\n<li>M\u1ee9c t\u1ed1c \u0111\u1ed9: 2<\/li>\n<li>B\u1ed9 l\u1ecdc c\u00f3 th\u1ec3 r\u1eeda \u0111\u01b0\u1ee3c: C\u00f3<\/li>\n<li>Lo\u1ea1i b\u1ed9 l\u1ecdc: Nh\u00f4m<\/li>\n<li>B\u1ed9 l\u1ecdc carbon cho ho\u1ea1t \u0111\u1ed9ng tu\u1ea7n ho\u00e0n: C\u00f3 \u0111i k\u00e8m<\/li>\n<\/ul>\n<h2><strong>Thi\u1ebft k\u1ebf<\/strong><\/h2>\n<ul>\n<li>Lo\u1ea1i <a href=\"https:\/\/livinghome.vn\/thiet-bi\/may-hut-mui\/\">m\u00e1y h\u00fat m\u00f9i<\/a>: \u00e2m t\u1ee7<\/li>\n<li>B\u1ea3ng \u0111i\u1ec1u khi\u1ec3n: N\u00fat c\u01a1 h\u1ecdc<\/li>\n<li>Lo\u1ea1i chi\u1ebfu s\u00e1ng: B\u00f3ng s\u1ee3i \u0111\u1ed1t<\/li>\n<li>M\u00e0u ph\u1ea7n th\u00e2n: Th\u00e9p kh\u00f4ng g\u1ec9<\/li>\n<\/ul>\n","protected":false},"excerpt":{"rendered":"<h2 style=\"text-align: left;\">M\u00e1y h\u00fat m\u00f9i Whirlpool AKR6152IXDS CV<\/h2>\n<h3 style=\"text-align: left;\"><strong>Ch\u1ebf \u0111\u1ed9 th\u00f4ng gi\u00f3<\/strong><\/h3>\n<p style=\"text-align: left;\">Kh\u00f4ng kh\u00ed c\u00f3 m\u00f9i \u0111\u01b0\u1ee3c tho\u00e1t ra kh\u1ecfi ph\u00f2ng th\u00f4ng qua \u1ed1ng d\u1eabn n\u1ed1i ra ngo\u00e0i t\u01b0\u1eddng<\/p>\n<h3 style=\"text-align: left;\"><strong>B\u1ed9 l\u1ecdc d\u1ea7u m\u1ee1 b\u1eb1ng nh\u00f4m cao c\u1ea5p<\/strong><\/h3>\n<p style=\"text-align: left;\">H\u00fat d\u1ea7u m\u1ee1 hi\u1ec7u qu\u1ea3, kh\u1eed m\u00f9i v\u00e0 l\u1ecdc kh\u00f4ng kh\u00ed<\/p>\n<h3 style=\"text-align: left;\"><strong>Th\u00e9p kh\u00f4ng g\u1ec9 cao c\u1ea5p 430<\/strong><\/h3>\n<p style=\"text-align: left;\">C\u00f4ng ngh\u1ec7 ch\u1ed1ng b\u00e1m v\u00e2n tay v\u00e0 d\u1ea7u m\u1ee1 hi\u1ec7n \u0111\u1ea1i. B\u1ea3o v\u1ec7 ch\u1ed1ng tr\u1ea7y x\u01b0\u1edbt<\/p>\n","protected":false},"featured_media":3142,"comment_status":"open","ping_status":"closed","template":"","meta":[],"product_brand":[],"product_cat":[603,84,130,380],"product_tag":[86,87,388,382],"class_list":{"0":"post-3042","1":"product","2":"type-product","3":"status-publish","4":"has-post-thumbnail","6":"product_cat-may-hut-mui-whirlpool","7":"product_cat-may-hut-mui","8":"product_cat-may-hut-mui-am-tu-keo","9":"product_cat-thuong-hieu-whirlpool","10":"product_tag-may-hut-mui","11":"product_tag-may-hut-mui-am-tu","12":"product_tag-may-hut-mui-whirlpool","13":"product_tag-whirlpool","15":"first","16":"instock","17":"sale","18":"shipping-taxable","19":"purchasable","20":"product-type-simple"},"_links":{"self":[{"href":"https:\/\/livinghome.vn\/thiet-bi\/wp-json\/wp\/v2\/product\/3042","targetHints":{"allow":["GET"]}}],"collection":[{"href":"https:\/\/livinghome.vn\/thiet-bi\/wp-json\/wp\/v2\/product"}],"about":[{"href":"https:\/\/livinghome.vn\/thiet-bi\/wp-json\/wp\/v2\/types\/product"}],"replies":[{"embeddable":true,"href":"https:\/\/livinghome.vn\/thiet-bi\/wp-json\/wp\/v2\/comments?post=3042"}],"wp:featuredmedia":[{"embeddable":true,"href":"https:\/\/livinghome.vn\/thiet-bi\/wp-json\/wp\/v2\/media\/3142"}],"wp:attachment":[{"href":"https:\/\/livinghome.vn\/thiet-bi\/wp-json\/wp\/v2\/media?parent=3042"}],"wp:term":[{"taxonomy":"product_brand","embeddable":true,"href":"https:\/\/livinghome.vn\/thiet-bi\/wp-json\/wp\/v2\/product_brand?post=3042"},{"taxonomy":"product_cat","embeddable":true,"href":"https:\/\/livinghome.vn\/thiet-bi\/wp-json\/wp\/v2\/product_cat?post=3042"},{"taxonomy":"product_tag","embeddable":true,"href":"https:\/\/livinghome.vn\/thiet-bi\/wp-json\/wp\/v2\/product_tag?post=3042"}],"curies":[{"name":"wp","href":"https:\/\/api.w.org\/{rel}","templated":true}]}}