{"id":3037,"date":"2023-01-12T17:38:08","date_gmt":"2023-01-12T17:38:08","guid":{"rendered":"https:\/\/livinghome.vn\/thiet-bi\/?post_type=product&#038;p=3037"},"modified":"2024-11-29T14:20:23","modified_gmt":"2024-11-29T07:20:23","slug":"lo-vi-song-whirlpool-mwp-203-wv-de-ban-20l-co-nuong","status":"publish","type":"product","link":"https:\/\/livinghome.vn\/thiet-bi\/lo-vi-song-whirlpool-mwp-203-wv-de-ban-20l-co-nuong\/","title":{"rendered":"L\u00f2 vi s\u00f3ng Whirlpool MWP 203 WV \u0111\u1ec3 b\u00e0n 20L c\u00f3 n\u01b0\u1edbng"},"content":{"rendered":"<h2><strong>L\u00f2 vi s\u00f3ng Whirlpool MWP 203 WV l\u00e0 s\u1ea3n ph\u1ea9m l\u00f2 vi s\u00f3ng cao c\u1ea5p dung t\u00edch 20L t\u00edch h\u1ee3p th\u00eam ch\u1ee9c n\u0103ng n\u01b0\u1edbng th\u1ee9c \u0103n ph\u00f9 h\u1ee3p s\u1eed d\u1ee5ng cho \u0111\u1ea1i \u0111a s\u1ed1 gia \u0111\u00ecnh Vi\u1ec7t. <\/strong><\/h2>\n<h3><strong>Kh\u1edfi \u0111\u1ed9ng nhanh<\/strong><\/h3>\n<p>T\u0103ng nhi\u1ec7t b\u00ean trong l\u00f2 ngay l\u1eadp t\u1ee9c l\u00ean m\u1ee9c t\u1ed1i \u0111a trong 30 gi\u00e2y. Ho\u00e0n h\u1ea3o \u0111\u1ec3 h\u00e2m n\u00f3ng th\u1ee9c \u0103n c\u00f3 h\u00e0m l\u01b0\u1ee3ng n\u01b0\u1edbc cao nh\u01b0 s\u00fap ho\u1eb7c \u0111\u1ed3 u\u1ed1ng.<\/p>\n<figure id=\"attachment_52733\" aria-describedby=\"caption-attachment-52733\" style=\"width: 800px\" class=\"wp-caption alignnone\"><img loading=\"lazy\" decoding=\"async\" class=\"size-large wp-image-52733\" src=\"https:\/\/livinghome.vn\/thiet-bi\/wp-content\/uploads\/nha-bep\/whirlpool\/lo-vi-song-whirlpool\/lo-vi-song-whirlpool-mwp203wv\/lo-vi-song-whirlpool-mwp203wv-6-800x800.jpg\" alt=\"L\u00f2 vi s\u00f3ng Whirlpool MWP 203 WV \u0111\u1ec3 b\u00e0n 20L c\u00f3 n\u01b0\u1edbng\" width=\"800\" height=\"800\" title=\"\"><figcaption id=\"caption-attachment-52733\" class=\"wp-caption-text\">L\u00f2 vi s\u00f3ng Whirlpool MWP 203 WV \u0111\u1ec3 b\u00e0n 20L c\u00f3 n\u01b0\u1edbng<\/figcaption><\/figure>\n<h3><strong>N\u1ea5u t\u1ef1 \u0111\u1ed9ng<\/strong><\/h3>\n<p>Cung c\u1ea5p \u0111a d\u1ea1ng c\u00e1c m\u00f3n \u0103n ngon \u0111\u1ec3 ch\u1ecdn, mang \u0111\u1ebfn cho b\u1ea1n nhi\u1ec1u l\u1ef1a ch\u1ecdn n\u1ea5u n\u01b0\u1edbng. \u0110\u1eb7c bi\u1ec7t c\u00f3 th\u1ec3 l\u1ef1a ch\u1ecdn theo nhu c\u1ea7u l\u1ed1i s\u1ed1ng v\u00e0 l\u1ef1a ch\u1ecdn ch\u1ebf \u0111\u1ed9 \u0103n u\u1ed1ng kh\u00e1c nhau: l\u00e0nh m\u1ea1nh, ti\u1ec7c t\u00f9ng, s\u1edf th\u00edch, \u0103n chay v\u00e0 nhi\u1ec1u l\u1ef1a ch\u1ecdn kh\u00e1c. B\u1ea1n ch\u1eafc ch\u1eafn s\u1ebd t\u00ecm th\u1ea5y phong c\u00e1ch ph\u00f9 h\u1ee3p v\u1edbi m\u00ecnh nh\u1ea5t. H\u01a1n h\u1ebft, ch\u01b0\u01a1ng tr\u00ecnh \u0111\u00e3 \u0111\u01b0\u1ee3c thi\u1ebft l\u1eadp s\u1eb5n cho b\u1ea1n. V\u00f4 c\u00f9ng ti\u1ec7n l\u1ee3i<\/p>\n<div class=\"mceTemp\"><\/div>\n<figure id=\"attachment_52736\" aria-describedby=\"caption-attachment-52736\" style=\"width: 800px\" class=\"wp-caption alignnone\"><img loading=\"lazy\" decoding=\"async\" class=\"size-large wp-image-52736\" src=\"https:\/\/livinghome.vn\/thiet-bi\/wp-content\/uploads\/nha-bep\/whirlpool\/lo-vi-song-whirlpool\/lo-vi-song-whirlpool-mwp203wv\/lo-vi-song-whirlpool-mwp203wv-3-800x800.jpg\" alt=\"L\u00f2 vi s\u00f3ng Whirlpool MWP 203 WV \u0111\u1ec3 b\u00e0n 20L c\u00f3 n\u01b0\u1edbng\" width=\"800\" height=\"800\" title=\"\"><figcaption id=\"caption-attachment-52736\" class=\"wp-caption-text\">L\u00f2 vi s\u00f3ng Whirlpool MWP 203 WV \u0111\u1ec3 b\u00e0n 20L c\u00f3 n\u01b0\u1edbng<\/figcaption><\/figure>\n<h3><strong>N\u01b0\u1edbng th\u1ea1ch anh<\/strong><\/h3>\n<p>N\u01b0\u1edbng th\u1ea1ch anh: N\u01b0\u1edbng nhanh h\u01a1n v\u00e0 hi\u1ec7u qu\u1ea3 h\u01a1n g\u1ea5p 3 l\u1ea7n so v\u1edbi b\u1ebfp n\u01b0\u1edbng h\u1ed3ng ngo\u1ea1i truy\u1ec1n th\u1ed1ng.<\/p>\n<figure id=\"attachment_52731\" aria-describedby=\"caption-attachment-52731\" style=\"width: 800px\" class=\"wp-caption alignnone\"><img loading=\"lazy\" decoding=\"async\" class=\"size-large wp-image-52731\" src=\"https:\/\/livinghome.vn\/thiet-bi\/wp-content\/uploads\/nha-bep\/whirlpool\/lo-vi-song-whirlpool\/lo-vi-song-whirlpool-mwp203wv\/lo-vi-song-whirlpool-mwp203wv-8-800x800.jpg\" alt=\"L\u00f2 vi s\u00f3ng Whirlpool MWP 203 WV \u0111\u1ec3 b\u00e0n 20L c\u00f3 n\u01b0\u1edbng\" width=\"800\" height=\"800\" title=\"\"><figcaption id=\"caption-attachment-52731\" class=\"wp-caption-text\">L\u00f2 vi s\u00f3ng Whirlpool MWP 203 WV \u0111\u1ec3 b\u00e0n 20L c\u00f3 n\u01b0\u1edbng<\/figcaption><\/figure>\n<h3><strong>V\u1ec7 sinh t\u1ef1 \u0111\u1ed9ng<\/strong><\/h3>\n<p>Ch\u1ee9c n\u0103ng t\u1ef1 \u0111\u1ed9ng gi\u00fap b\u1ea1n v\u1ec7 sinh l\u00f2 vi s\u00f3ng d\u1ec5 d\u00e0ng h\u01a1n b\u1eb1ng s\u1ee9c m\u1ea1nh c\u1ee7a h\u01a1i n\u01b0\u1edbc.<\/p>\n<figure id=\"attachment_52735\" aria-describedby=\"caption-attachment-52735\" style=\"width: 800px\" class=\"wp-caption alignnone\"><img loading=\"lazy\" decoding=\"async\" class=\"size-large wp-image-52735\" src=\"https:\/\/livinghome.vn\/thiet-bi\/wp-content\/uploads\/nha-bep\/whirlpool\/lo-vi-song-whirlpool\/lo-vi-song-whirlpool-mwp203wv\/lo-vi-song-whirlpool-mwp203wv-4-800x800.jpg\" alt=\"L\u00f2 vi s\u00f3ng Whirlpool MWP 203 WV \u0111\u1ec3 b\u00e0n 20L c\u00f3 n\u01b0\u1edbng\" width=\"800\" height=\"800\" title=\"\"><figcaption id=\"caption-attachment-52735\" class=\"wp-caption-text\">L\u00f2 vi s\u00f3ng Whirlpool MWP 203 WV \u0111\u1ec3 b\u00e0n 20L c\u00f3 n\u01b0\u1edbng<\/figcaption><\/figure>\n<h3><strong>Th\u00f4ng s\u1ed1 k\u1ef9 thu\u1eadt<\/strong><\/h3>\n<ul>\n<li>Dung t\u00edch: 20L<\/li>\n<li>C\u00f4ng su\u1ea5t vi s\u00f3ng: 700W<\/li>\n<li>C\u00f4ng su\u1ea5t n\u01b0\u1edbng: 1000W<\/li>\n<li>\u0110\u01b0\u1eddng k\u00ednh b\u00e0n xoay: 24.5cm<\/li>\n<li>C\u01b0\u1eddng \u0111\u1ed9 d\u00f2ng \u0111i\u1ec7n: 6A<\/li>\n<li>K\u00edch th\u01b0\u1edbc s\u1ea3n ph\u1ea9m (HxWxD\/mm): 262 x 452 x 363<\/li>\n<li>K\u00edch th\u01b0\u1edbc khoang ch\u1ee9a (HxWxD\/mm): 210 x 315 x 329<\/li>\n<\/ul>\n<h3><strong>T\u00ednh n\u0103ng<\/strong><\/h3>\n<ul>\n<li>Ph\u01b0\u01a1ng th\u1ee9c n\u1ea5u: 8 (Vi s\u00f3ng, N\u01b0\u1edbng, N\u01b0\u1edbng b\u1ed9t, S\u1eefa chua, H\u00e2m n\u00f3ng, Gi\u1eef \u1ea5m, T\u1ef1 \u0111\u1ed9ng n\u1ea5u, L\u00e0m m\u1ec1m \/ n\u1ea5u ch\u1ea3y)<\/li>\n<li>M\u1ee9c c\u00f4ng su\u1ea5t vi s\u00f3ng: 5<\/li>\n<li>Kh\u1edfi \u0111\u1ed9ng nhanh: C\u00f3<\/li>\n<li>Ch\u01b0\u01a1ng tr\u00ecnh t\u1ef1 v\u1ec7 sinh: C\u00f3<\/li>\n<li>Th\u1eddi gian n\u1ea5u t\u1ed1i \u0111a: 90ph\u00fat<\/li>\n<\/ul>\n<h3><strong>Thi\u1ebft k\u1ebf<\/strong><\/h3>\n<ul>\n<li>Lo\u1ea1i <a href=\"https:\/\/livinghome.vn\/thiet-bi\/lo-vi-song\/\">l\u00f2 vi s\u00f3ng<\/a>: \u0110\u1ec3 b\u00e0n<\/li>\n<li>B\u1ea3ng \u0111i\u1ec1u khi\u1ec3n: C\u1ea3m \u1ee9ng m\u1ec1m \u0111i\u1ec7n t\u1eed<\/li>\n<li>C\u00e1ch m\u1edf: B\u1ea3n l\u1ec1 tr\u00e1i<\/li>\n<li>Khoang ch\u1ee9a: s\u01a1n<\/li>\n<li>M\u00e0u s\u1eafc: Tr\u1eafng<\/li>\n<li>Ph\u1ee5 ki\u1ec7n: V\u1ec9 n\u01b0\u1edbng kim lo\u1ea1i, B\u00e0n xoay th\u1ee7y tinh, B\u00e0n xoay ph\u1ee5 tr\u1ee3<\/li>\n<\/ul>\n","protected":false},"excerpt":{"rendered":"<h2 style=\"text-align: left;\">L\u00f2 vi s\u00f3ng Whirlpool MWP 203 WV<\/h2>\n<h3 style=\"text-align: left;\"><strong>Kh\u1edfi \u0111\u1ed9ng nhanh<\/strong><\/h3>\n<p style=\"text-align: left;\">Kh\u1edfi \u0111\u1ed9ng l\u00f2 ngay l\u1eadp t\u1ee9c \u1edf c\u00f4ng su\u1ea5t t\u1ed1i \u0111a.<\/p>\n<h3 style=\"text-align: left;\"><strong>T\u1ef1 \u0111\u1ed9ng n\u1ea5u<\/strong><\/h3>\n<p style=\"text-align: left;\">L\u1ef1a ch\u1ecdn c\u00f4ng th\u1ee9c n\u1ea5u \u0103n t\u1ef1 \u0111\u1ed9ng v\u1edbi c\u00e1c ch\u01b0\u01a1ng tr\u00ecnh c\u00e0i \u0111\u1eb7t tr\u01b0\u1edbc cho k\u1ebft qu\u1ea3 n\u1ea5u \u0103n t\u1ed1i \u01b0u<\/p>\n<h3 style=\"text-align: left;\"><strong>Ch\u1ee9c n\u0103ng n\u01b0\u1edbng<\/strong><\/h3>\n<p style=\"text-align: left;\">Ch\u1ee9c n\u0103ng n\u01b0\u1edbng m\u1ea1nh m\u1ebd gi\u00fap m\u00f3n \u0103n th\u01a1m ngon nh\u01b0 l\u00f2 n\u01b0\u1edbng truy\u1ec1n th\u1ed1ng.<\/p>\n","protected":false},"featured_media":3118,"comment_status":"open","ping_status":"closed","template":"","meta":[],"product_brand":[],"product_cat":[159,380],"product_tag":[158,163,387,382],"class_list":{"0":"post-3037","1":"product","2":"type-product","3":"status-publish","4":"has-post-thumbnail","6":"product_cat-lo-vi-song","7":"product_cat-thuong-hieu-whirlpool","8":"product_tag-lo-vi-song","9":"product_tag-lo-vi-song-de-ban","10":"product_tag-lo-vi-song-whirlpool","11":"product_tag-whirlpool","13":"first","14":"instock","15":"sale","16":"shipping-taxable","17":"purchasable","18":"product-type-simple"},"_links":{"self":[{"href":"https:\/\/livinghome.vn\/thiet-bi\/wp-json\/wp\/v2\/product\/3037","targetHints":{"allow":["GET"]}}],"collection":[{"href":"https:\/\/livinghome.vn\/thiet-bi\/wp-json\/wp\/v2\/product"}],"about":[{"href":"https:\/\/livinghome.vn\/thiet-bi\/wp-json\/wp\/v2\/types\/product"}],"replies":[{"embeddable":true,"href":"https:\/\/livinghome.vn\/thiet-bi\/wp-json\/wp\/v2\/comments?post=3037"}],"wp:featuredmedia":[{"embeddable":true,"href":"https:\/\/livinghome.vn\/thiet-bi\/wp-json\/wp\/v2\/media\/3118"}],"wp:attachment":[{"href":"https:\/\/livinghome.vn\/thiet-bi\/wp-json\/wp\/v2\/media?parent=3037"}],"wp:term":[{"taxonomy":"product_brand","embeddable":true,"href":"https:\/\/livinghome.vn\/thiet-bi\/wp-json\/wp\/v2\/product_brand?post=3037"},{"taxonomy":"product_cat","embeddable":true,"href":"https:\/\/livinghome.vn\/thiet-bi\/wp-json\/wp\/v2\/product_cat?post=3037"},{"taxonomy":"product_tag","embeddable":true,"href":"https:\/\/livinghome.vn\/thiet-bi\/wp-json\/wp\/v2\/product_tag?post=3037"}],"curies":[{"name":"wp","href":"https:\/\/api.w.org\/{rel}","templated":true}]}}