{"id":3036,"date":"2023-01-12T17:38:08","date_gmt":"2023-01-12T17:38:08","guid":{"rendered":"https:\/\/livinghome.vn\/thiet-bi\/?post_type=product&#038;p=3036"},"modified":"2024-11-29T14:20:23","modified_gmt":"2024-11-29T07:20:23","slug":"lo-vi-song-whirlpool-ms2003wv-20l","status":"publish","type":"product","link":"https:\/\/livinghome.vn\/thiet-bi\/lo-vi-song-whirlpool-ms2003wv-20l\/","title":{"rendered":"L\u00f2 Vi S\u00f3ng Whirlpool MS2003WV 20L 800W \u0110\u1ec3 B\u00e0n"},"content":{"rendered":"<h2><strong>Gi\u1edbi thi\u1ec7u \u0111\u1ebfn b\u1ea1n chi\u1ebfc L\u00f2 vi s\u00f3ng Whirlpool MS2003WV<\/strong><\/h2>\n<p>\u0110\u00e2y l\u00e0 s\u1ea3n ph\u1ea9m l\u00f2 vi s\u00f3ng cao c\u1ea5p dung t\u00edch 20L ph\u00f9 h\u1ee3p s\u1eed d\u1ee5ng cho \u0111\u1ea1i \u0111a s\u1ed1 gia \u0111\u00ecnh Vi\u1ec7t<\/p>\n<h3><strong>M\u1ee9c c\u00f4ng su\u1ea5t<\/strong><\/h3>\n<p>V\u1edbi 6 ch\u1ebf \u0111\u1ed9 c\u00e0i \u0111\u1eb7t, ng\u01b0\u1eddi ti\u00eau d\u00f9ng c\u00f3 th\u1ec3 d\u1ec5 d\u00e0ng l\u1ef1a ch\u1ecdn m\u1ee9c c\u00f4ng su\u1ea5t ph\u00f9 h\u1ee3p nh\u1ea5t v\u1edbi nhu c\u1ea7u c\u1ee7a m\u00ecnh, t\u1eeb r\u00e3 \u0111\u00f4ng \u0111\u1ebfn h\u00e2m n\u00f3ng th\u1ef1c ph\u1ea9m.<\/p>\n<figure id=\"attachment_52728\" aria-describedby=\"caption-attachment-52728\" style=\"width: 800px\" class=\"wp-caption alignnone\"><img loading=\"lazy\" decoding=\"async\" class=\"wp-image-52728 size-large\" src=\"https:\/\/livinghome.vn\/thiet-bi\/wp-content\/uploads\/nha-bep\/whirlpool\/lo-vi-song-whirlpool\/lo-vi-song-whirlpool-ms2003w\/lo-vi-song-whirlpool-ms2003w-2-800x800.jpg\" alt=\"L\u00f2 Vi S\u00f3ng Whirlpool MS2003WV 20L 800W \u0110\u1ec3 B\u00e0n\" width=\"800\" height=\"800\" title=\"\"><figcaption id=\"caption-attachment-52728\" class=\"wp-caption-text\">L\u00f2 Vi S\u00f3ng Whirlpool MS2003WV 20L 800W \u0110\u1ec3 B\u00e0n<\/figcaption><\/figure>\n<h3><strong>H\u1eb9n gi\u1edd<\/strong><\/h3>\n<p>L\u00f2 vi s\u00f3ng Whirlpool MS2003WV D\u1ec5 d\u00e0ng ki\u1ec3m so\u00e1t kho\u1ea3ng th\u1eddi gian n\u1ea5u l\u00ean \u0111\u1ebfn 30 ph\u00fat<\/p>\n<figure id=\"attachment_52727\" aria-describedby=\"caption-attachment-52727\" style=\"width: 800px\" class=\"wp-caption alignnone\"><img loading=\"lazy\" decoding=\"async\" class=\"wp-image-52727 size-large\" src=\"https:\/\/livinghome.vn\/thiet-bi\/wp-content\/uploads\/nha-bep\/whirlpool\/lo-vi-song-whirlpool\/lo-vi-song-whirlpool-ms2003w\/lo-vi-song-whirlpool-ms2003w-3-800x800.jpg\" alt=\"L\u00f2 Vi S\u00f3ng Whirlpool MS2003WV 20L 800W \u0110\u1ec3 B\u00e0n\" width=\"800\" height=\"800\" title=\"\"><figcaption id=\"caption-attachment-52727\" class=\"wp-caption-text\">L\u00f2 Vi S\u00f3ng Whirlpool MS2003WV 20L 800W \u0110\u1ec3 B\u00e0n v\u1edbi ph\u00edm \u0111i\u1ec1u khi\u1ec3n n\u00fat v\u1eadn c\u01a1 h\u1ecdc<\/figcaption><\/figure>\n<div class=\"mceTemp\"><\/div>\n<h3><strong>Th\u00f4ng s\u1ed1 k\u1ef9 thu\u1eadt<\/strong><\/h3>\n<ul>\n<li>Dung t\u00edch: 20L<\/li>\n<li>C\u00f4ng su\u1ea5t vi s\u00f3ng: 800W<\/li>\n<li>\u0110\u01b0\u1eddng k\u00ednh b\u00e0n xoay: 24.5cm<\/li>\n<li>C\u01b0\u1eddng \u0111\u1ed9 d\u00f2ng \u0111i\u1ec7n: 13A<\/li>\n<li>K\u00edch th\u01b0\u1edbc s\u1ea3n ph\u1ea9m (HxWxD\/mm): 262 x 452 x 365<\/li>\n<li>K\u00edch th\u01b0\u1edbc khoang ch\u1ee9a (HxWxD\/mm): 210 x 315 x 329<\/li>\n<\/ul>\n<h3><strong>T\u00ednh n\u0103ng<\/strong><\/h3>\n<ul>\n<li>Ph\u01b0\u01a1ng th\u1ee9c n\u1ea5u: 2 (Vi s\u00f3ng, R\u00e3 \u0111\u00f4ng)<\/li>\n<li>M\u1ee9c c\u00f4ng su\u1ea5t vi s\u00f3ng: 6<\/li>\n<li>Th\u1eddi gian n\u1ea5u t\u1ed1i \u0111a: 30min<\/li>\n<\/ul>\n<h3><strong>Thi\u1ebft k\u1ebf<\/strong><\/h3>\n<ul>\n<li>Lo\u1ea1i <a href=\"https:\/\/livinghome.vn\/thiet-bi\/lo-vi-song\/\">l\u00f2 vi s\u00f3ng<\/a>: \u0110\u1ec3 b\u00e0n<\/li>\n<li>B\u1ea3ng \u0111i\u1ec1u khi\u1ec3n: Ki\u1ec3u s\u1ed1<\/li>\n<li>C\u00e1ch m\u1edf: B\u1ea3n l\u1ec1 tr\u00e1i<\/li>\n<li>Khoang ch\u1ee9a: s\u01a1n<\/li>\n<li>M\u00e0u s\u1eafc: Tr\u1eafng<\/li>\n<\/ul>\n","protected":false},"excerpt":{"rendered":"<h2 style=\"text-align: left;\">L\u00f2 vi s\u00f3ng Whirlpool MS2003WV<\/h2>\n<h3 style=\"text-align: left;\"><strong>H\u00e2m n\u00f3ng &amp; r\u00e3 \u0111\u00f4ng<\/strong><\/h3>\n<p style=\"text-align: left;\">6 c\u00e0i \u0111\u1eb7t m\u1ee9c c\u00f4ng su\u1ea5t kh\u00e1c nhau thu\u1eadn ti\u1ec7n cho vi\u1ec7c h\u00e2m n\u00f3ng v\u00e0 r\u00e3 \u0111\u00f4ng.<\/p>\n<h3 style=\"text-align: left;\"><strong>H\u1eb9n gi\u1edd th\u1ee7 c\u00f4ng<\/strong><\/h3>\n<p style=\"text-align: left;\">D\u1ec5 d\u00e0ng ki\u1ec3m so\u00e1t th\u1eddi gian n\u1ea5u l\u00ean \u0111\u1ebfn 30 ph\u00fat<\/p>\n","protected":false},"featured_media":3117,"comment_status":"open","ping_status":"closed","template":"","meta":[],"product_brand":[],"product_cat":[159,380],"product_tag":[158,163,387,382],"class_list":{"0":"post-3036","1":"product","2":"type-product","3":"status-publish","4":"has-post-thumbnail","6":"product_cat-lo-vi-song","7":"product_cat-thuong-hieu-whirlpool","8":"product_tag-lo-vi-song","9":"product_tag-lo-vi-song-de-ban","10":"product_tag-lo-vi-song-whirlpool","11":"product_tag-whirlpool","13":"first","14":"instock","15":"sale","16":"shipping-taxable","17":"purchasable","18":"product-type-simple"},"_links":{"self":[{"href":"https:\/\/livinghome.vn\/thiet-bi\/wp-json\/wp\/v2\/product\/3036","targetHints":{"allow":["GET"]}}],"collection":[{"href":"https:\/\/livinghome.vn\/thiet-bi\/wp-json\/wp\/v2\/product"}],"about":[{"href":"https:\/\/livinghome.vn\/thiet-bi\/wp-json\/wp\/v2\/types\/product"}],"replies":[{"embeddable":true,"href":"https:\/\/livinghome.vn\/thiet-bi\/wp-json\/wp\/v2\/comments?post=3036"}],"wp:featuredmedia":[{"embeddable":true,"href":"https:\/\/livinghome.vn\/thiet-bi\/wp-json\/wp\/v2\/media\/3117"}],"wp:attachment":[{"href":"https:\/\/livinghome.vn\/thiet-bi\/wp-json\/wp\/v2\/media?parent=3036"}],"wp:term":[{"taxonomy":"product_brand","embeddable":true,"href":"https:\/\/livinghome.vn\/thiet-bi\/wp-json\/wp\/v2\/product_brand?post=3036"},{"taxonomy":"product_cat","embeddable":true,"href":"https:\/\/livinghome.vn\/thiet-bi\/wp-json\/wp\/v2\/product_cat?post=3036"},{"taxonomy":"product_tag","embeddable":true,"href":"https:\/\/livinghome.vn\/thiet-bi\/wp-json\/wp\/v2\/product_tag?post=3036"}],"curies":[{"name":"wp","href":"https:\/\/api.w.org\/{rel}","templated":true}]}}