{"id":3034,"date":"2023-01-12T17:38:08","date_gmt":"2023-01-12T17:38:08","guid":{"rendered":"https:\/\/livinghome.vn\/thiet-bi\/?post_type=product&#038;p=3034"},"modified":"2024-11-29T14:20:23","modified_gmt":"2024-11-29T07:20:23","slug":"lo-nuong-am-whirlpool-akz97891ixaus-73l","status":"publish","type":"product","link":"https:\/\/livinghome.vn\/thiet-bi\/lo-nuong-am-whirlpool-akz97891ixaus-73l\/","title":{"rendered":"L\u00f2 N\u01b0\u1edbng \u00c2m Whirlpool AKZ97891IXAUS, 73L, 15 Ch\u1ee9c N\u0103ng"},"content":{"rendered":"<h2>Whirlpool AKZ97891IXAUS &#8211; L\u00f2 N\u01b0\u1edbng \u00c2m T\u1ee7 Th\u1ee7y Ph\u00e2n<\/h2>\n<h2>Hi\u1ec7u su\u1ea5t n\u1ea5u \u0103n v\u01b0\u1ee3t tr\u1ed9i<\/h2>\n<p>Mang \u0111\u1ebfn tr\u1ea3i nghi\u1ec7m n\u1ea5u \u0103n s\u00e1ng t\u1ea1o v\u00e0 \u0111\u01a1n gi\u1ea3n. B\u1ea1n ch\u1ec9 c\u1ea7n ch\u1ecdn m\u1ed9t m\u00f3n v\u00e0 c\u00f4ng ngh\u1ec7 6TH SENSE c\u1ea3i ti\u1ebfn s\u1ebd gi\u00fap b\u1ea1n th\u1ef1c hi\u1ec7n ph\u1ea7n c\u00f2n l\u1ea1i, t\u1ef1 \u0111\u1ed9ng \u0111i\u1ec1u ch\u1ec9nh c\u00e0i \u0111\u1eb7t th\u1eddi gian, nhi\u1ec7t \u0111\u1ed9 v\u00e0 \u0111\u1ed9 \u1ea9m cho k\u1ebft qu\u1ea3 ho\u00e0n h\u1ea3o theo th\u1eddi gian.<\/p>\n<p>V\u1edbi c\u1ea3m bi\u1ebfn 6TH SENSE c\u00f9ng s\u1ef1 ch\u1ecdn l\u1ef1a nh\u1eefng t\u00f9y ch\u1ecdn s\u1eb5n c\u00f3, ng\u01b0\u1eddi d\u00f9ng c\u00f3 th\u1ec3 chu\u1ea9n b\u1ecb b\u1eefa \u0103n tuy\u1ec7t h\u1ea3o m\u00e0 v\u1eabn t\u1eadn h\u01b0\u1edfng tr\u1ea3i nghi\u1ec7m tr\u1ef1c quan tuy\u1ec7t v\u1eddi.<\/p>\n<figure id=\"attachment_52710\" aria-describedby=\"caption-attachment-52710\" style=\"width: 800px\" class=\"wp-caption alignnone\"><img loading=\"lazy\" decoding=\"async\" class=\"size-large wp-image-52710\" src=\"https:\/\/livinghome.vn\/thiet-bi\/wp-content\/uploads\/nha-bep\/whirlpool\/lo-nuong-whirlpool\/lo-nuong-whirlpool-akz97891ixaus\/lo-nuong-whirlpool-akz97891ixaus-2-800x800.jpg\" alt=\"L\u00f2 n\u01b0\u1edbng Whirlpool AKZ97891IXAUS \u00e2m t\u1ee7 73 l\u00edt \u0111a n\u0103ng\" width=\"800\" height=\"800\" title=\"\"><figcaption id=\"caption-attachment-52710\" class=\"wp-caption-text\">L\u00f2 n\u01b0\u1edbng Whirlpool AKZ97891IXAUS \u00e2m t\u1ee7 73 l\u00edt \u0111a n\u0103ng<\/figcaption><\/figure>\n<h2>Dung t\u00edch l\u1edbn 73 l\u00edt<\/h2>\n<p>Khoang <a href=\"https:\/\/livinghome.vn\/thiet-bi\/lo-nuong-am\/\">l\u00f2 n\u01b0\u1edbng<\/a> Whirlpool AKZ97891IXAUS73 l\u00edt r\u1ed9ng r\u00e3i c\u00f9ng c\u00e1c khay n\u01b0\u1edbng \u0111\u1eb7t \u1edf nhi\u1ec1u v\u1ecb tr\u00ed cho ph\u00e9p s\u1eed d\u1ee5ng linh ho\u1ea1t kh\u00f4ng gian b\u00ean trong l\u00f2 \u0111\u1ec3 n\u00e2ng cao tr\u1ea3i nghi\u1ec7m n\u1ea5u \u0103n.<\/p>\n<figure id=\"attachment_52722\" aria-describedby=\"caption-attachment-52722\" style=\"width: 1020px\" class=\"wp-caption alignnone\"><img loading=\"lazy\" decoding=\"async\" class=\"size-large wp-image-52722\" src=\"https:\/\/livinghome.vn\/thiet-bi\/wp-content\/uploads\/nha-bep\/whirlpool\/lo-nuong-whirlpool\/lo-nuong-whirlpool-w7-os4-4s1-p\/lo-nuong-whirlpool-w7-os4-4s1-p-13-1067x800.jpg\" alt=\"L\u00f2 n\u01b0\u1edbng Whirlpool AKZ97891IXAUS \u00e2m t\u1ee7 73 l\u00edt \u0111a n\u0103ng\" width=\"1020\" height=\"765\" title=\"\"><figcaption id=\"caption-attachment-52722\" class=\"wp-caption-text\">L\u00f2 n\u01b0\u1edbng Whirlpool AKZ97891IXAUS \u00e2m t\u1ee7 73 l\u00edt \u0111a n\u0103ng<\/figcaption><\/figure>\n<h2>Ch\u1ee9c n\u0103ng v\u1ec7 sinh th\u00f4ng minh<\/h2>\n<p>Vi\u1ec7c h\u01a1i n\u01b0\u1edbc tho\u00e1t ra trong chu tr\u00ecnh v\u1ec7 sinh \u1edf nhi\u1ec7t \u0111\u1ed9 th\u1ea5p \u0111\u1eb7c bi\u1ec7t n\u00e0y cho ph\u00e9p lo\u1ea1i b\u1ecf b\u1ee5i b\u1ea9n v\u00e0 c\u1eb7n b\u1ea9n th\u1ee9c \u0103n m\u1ed9t c\u00e1ch d\u1ec5 d\u00e0ng.<\/p>\n<p>\u0110\u1ed5 200ml n\u01b0\u1edbc u\u1ed1ng d\u01b0\u1edbi \u0111\u00e1y l\u00f2 v\u00e0 s\u1eed d\u1ee5ng ch\u1ee9c n\u0103ng n\u00e0y trong 35 ph\u00fat \u1edf 90 \u00b0 C. K\u00edch ho\u1ea1t ch\u1ee9c n\u0103ng n\u00e0y khi l\u00f2 m\u00e1t v\u00e0 \u0111\u1ec3 ngu\u1ed9i l\u00f2 trong 15 ph\u00fat ngay khi chu tr\u00ecnh v\u1ec7 sinh k\u1ebft th\u00fac<\/p>\n<figure id=\"attachment_52917\" aria-describedby=\"caption-attachment-52917\" style=\"width: 800px\" class=\"wp-caption alignnone\"><img loading=\"lazy\" decoding=\"async\" class=\"size-large wp-image-52917\" src=\"https:\/\/livinghome.vn\/thiet-bi\/wp-content\/uploads\/nha-bep\/whirlpool\/lo-nuong-whirlpool\/lo-nuong-whirlpool-akp3534hixaus\/lo-nuong-whirlpool-akp3534hixaus-10-800x800.jpg\" alt=\"L\u00f2 n\u01b0\u1edbng Whirlpool AKZ97891IXAUS \u00e2m t\u1ee7 73 l\u00edt \u0111a n\u0103ng\" width=\"800\" height=\"800\" title=\"\"><figcaption id=\"caption-attachment-52917\" class=\"wp-caption-text\">L\u00f2 n\u01b0\u1edbng Whirlpool AKZ97891IXAUS \u00e2m t\u1ee7 73 l\u00edt \u0111a n\u0103ng<\/figcaption><\/figure>\n<h2>\u0110\u00f3ng c\u1eeda \u00eam \u00e1i<\/h2>\n<p>Nh\u1edd h\u1ec7 th\u1ed1ng \u0111\u00f3ng c\u1eeda \u00eam, ch\u1ec9 c\u1ea7n \u0111\u1ea9y nh\u1eb9 l\u00ean c\u1eeda l\u00f2 v\u00e0 n\u00f3 s\u1ebd t\u1ef1 \u0111\u00f3ng l\u1ea1i v\u1edbi chuy\u1ec3n \u0111\u1ed9ng m\u01b0\u1ee3t m\u00e0 v\u00e0 \u00eam \u00e1i.<\/p>\n<figure id=\"attachment_52704\" aria-describedby=\"caption-attachment-52704\" style=\"width: 1020px\" class=\"wp-caption alignnone\"><img loading=\"lazy\" decoding=\"async\" class=\"size-large wp-image-52704\" src=\"https:\/\/livinghome.vn\/thiet-bi\/wp-content\/uploads\/nha-bep\/whirlpool\/lo-nuong-whirlpool\/lo-nuong-whirlpool-akz97891ixaus\/lo-nuong-whirlpool-akz97891ixaus-8-1067x800.jpg\" alt=\"L\u00f2 n\u01b0\u1edbng Whirlpool AKZ97891IXAUS \u00e2m t\u1ee7 73 l\u00edt \u0111a n\u0103ng\" width=\"1020\" height=\"765\" title=\"\"><figcaption id=\"caption-attachment-52704\" class=\"wp-caption-text\">L\u00f2 n\u01b0\u1edbng Whirlpool AKZ97891IXAUS \u00e2m t\u1ee7 73 l\u00edt \u0111a n\u0103ng<\/figcaption><\/figure>\n<h2>Th\u00f4ng s\u1ed1 k\u1ef9 thu\u1eadt<\/h2>\n<ul>\n<li>Ti\u1ebft ki\u1ec7m n\u0103ng l\u01b0\u1ee3ng theo chu\u1ea9n Ch\u00e2u \u00c2u: A +<\/li>\n<li>C\u00f4ng su\u1ea5t: 73L<\/li>\n<li>Nhi\u1ec7t \u0111\u1ed9 gia nhi\u1ec7t: 50 \u00b0 C &#8211; 250 \u00b0 C<\/li>\n<li>\u0110i\u1ec7n \u00e1p: 220 &#8211; 240<\/li>\n<li>C\u01b0\u1eddng \u0111\u1ed9 d\u00f2ng \u0111i\u1ec7n: 13A<\/li>\n<li>Chi\u1ec1u d\u00e0i d\u00e2y ngu\u1ed3n: 900mm<\/li>\n<li>K\u00edch th\u01b0\u1edbc s\u1ea3n ph\u1ea9m (HxWxD \/ mm): 595 x 595 x 564<\/li>\n<li>K\u00edch th\u01b0\u1edbc ph\u1ea7n \u00e2m (HxWxD \/ mm): 560 x 583 x 550<\/li>\n<li>N\u01b0\u1edbc s\u1ea3n xu\u1ea5t: \u00dd<\/li>\n<\/ul>\n<h2>T\u00ednh n\u0103ng<\/h2>\n<ul>\n<li>C\u00f4ng ngh\u1ec7 6th Sense: C\u00f3<\/li>\n<li>Ch\u1ee9c n\u0103ng Cook4: kh\u00f4ng<\/li>\n<li>Ph\u01b0\u01a1ng th\u1ee9c n\u1ea5u: 15 (Th\u00f4ng th\u01b0\u1eddng, N\u01b0\u1edbng, N\u01b0\u1edbng Turbo, Kh\u00ed n\u00f3ng, Kh\u00ed n\u00f3ng Eco, N\u01b0\u1edbng \u0111\u1ed1i l\u01b0u, L\u00e0m n\u00f3ng tr\u01b0\u1edbc nhanh, Gi\u1eef \u1ea5m, T\u0103ng, H\u1ea7m, Th\u1ecbt, N\u1ea5u Maxi, B\u00e1nh m\u00ec, Pizza, B\u00e1nh ng\u1ecdt)<\/li>\n<li>L\u00e0m n\u00f3ng s\u01a1 b\u1ed9 nhanh: S\u1eb5n s\u00e0ng 2 l\u1ea7n n\u1ea5u (Kh\u00f4ng c\u1ea7n l\u00e0m n\u00f3ng tr\u01b0\u1edbc)<\/li>\n<li>\u0110\u1ed9 v\u00e0ng \u0111\u1ec1u\/ Ho\u00e0n h\u1ea3o: C\u00f3<\/li>\n<li>C\u00f4ng th\u1ee9c c\u00e0i \u0111\u1eb7t s\u1eb5n: T\u1ef1 \u0111\u1ed9ng n\u1ea5u\u00a0 6th Sense cho 6 danh m\u1ee5c m\u00f3n \u0103n (Th\u1ecbt h\u1ea7m, Th\u1ecbt, N\u1ea5u \u0103n Maxi, B\u00e1nh m\u00ec, Pizza, B\u00e1nh ng\u1ecdt).<\/li>\n<li>Ch\u01b0\u01a1ng tr\u00ecnh v\u1ec7 sinh: V\u1ec7 sinh th\u1ee7y ph\u00e2n\/th\u00f4ng minh<\/li>\n<li>N\u01b0\u1edbng quay xu\u1ed1ng: C\u00f3<\/li>\n<li>Ch\u1ebf \u0111\u1ed9 sinh th\u00e1i: C\u00f3<\/li>\n<li>Th\u1ef1c \u0111\u01a1n y\u00eau th\u00edch: C\u00f3<\/li>\n<li>H\u1eb9n gi\u1edd: Kh\u00f4ng<\/li>\n<li>H\u1eb9n gi\u1edd b\u1eadt\/t\u1eaft: Kh\u00f4ng<\/li>\n<li>Kh\u00f3a tr\u1ebb em: C\u00f3<\/li>\n<li>Qu\u1ea1t l\u00e0m m\u00e1t: C\u00f3<\/li>\n<li>Ch\u1ec9 b\u00e1o nhi\u1ec7t d\u01b0: C\u00f3<\/li>\n<\/ul>\n<h2>Thi\u1ebft k\u1ebf<\/h2>\n<ul>\n<li>Lo\u1ea1i: T\u00edch h\u1ee3p<\/li>\n<li>B\u1ea3ng \u0111i\u1ec1u khi\u1ec3n: \u0110i\u1ec7n t\u1eed<\/li>\n<li>Ki\u1ec3m so\u00e1t nhi\u1ec7t \u0111\u1ed9 \u0111i\u1ec7n t\u1eed: C\u00f3<\/li>\n<li>M\u00e0n h\u00ecnh: LED<\/li>\n<li>C\u1eeda k\u00ednh m\u1edf to\u00e0n ph\u1ea7n: 4 l\u1edbp c\u00e1ch nhi\u1ec7t<\/li>\n<li>C\u1eeda \u0111\u00f3ng \u00eam: C\u00f3<\/li>\n<li>\u0110\u00e8n trong l\u00f2: C\u00f3<\/li>\n<li>Khoang l\u00f2: Tr\u00e1ng men<\/li>\n<li>B\u1ec1 m\u1eb7t ch\u1ed1ng d\u1ea5u v\u00e2n tay: C\u00f3<\/li>\n<li>S\u1ed1 t\u1ea7ng g\u1eafn khay: 5<\/li>\n<li>M\u00e0u s\u1eafc: Th\u00e9p kh\u00f4ng g\u1ec9<\/li>\n<li>Ph\u1ee5 ki\u1ec7n: Khay l\u01b0\u1edbi, Khay n\u01b0\u1edbng b\u00e1nh, 1 c\u1eb7p ray tr\u01b0\u1ee3t<\/li>\n<\/ul>\n<p>&nbsp;<\/p>\n","protected":false},"excerpt":{"rendered":"<h3 style=\"text-align: left;\"><strong>6th SENSE\u00a0<\/strong><\/h3>\n<p style=\"text-align: left;\">T\u1ef1 \u0111\u1ed9ng \u0111i\u1ec1u ch\u1ec9nh ch\u1ee9c n\u0103ng n\u1ea5u v\u00e0 d\u1ea3i nhi\u1ec7t \u0111\u1ed9 cho 6 nh\u00f3m th\u1ef1c ph\u1ea9m ph\u1ed5 bi\u1ebfn<\/p>\n<h3 style=\"text-align: left;\"><strong>Ready2Cook<\/strong><\/h3>\n<p style=\"text-align: left;\">N\u1ea5u t\u1ed1i \u0111a 2 m\u00f3n c\u00f9ng l\u00fac gi\u00fap ti\u1ebft ki\u1ec7m \u0111i\u1ec7n v\u00e0 th\u1eddi gian<\/p>\n<h3 style=\"text-align: left;\"><strong>Ch\u1ee9c n\u0103ng v\u1ec7 sinh th\u00f4ng minh<\/strong><\/h3>\n<p style=\"text-align: left;\">Chu tr\u00ecnh v\u1ec7 sinh \u1edf nhi\u1ec7t \u0111\u1ed9 th\u1ea5p nh\u1eb1m lo\u1ea1i b\u1ecf c\u1eb7n b\u1ea9n th\u1ee9c \u0103n d\u1ec5 d\u00e0ng<\/p>\n","protected":false},"featured_media":3099,"comment_status":"open","ping_status":"closed","template":"","meta":[],"product_brand":[],"product_cat":[95,1927,380],"product_tag":[96,154,156,386,382],"class_list":{"0":"post-3034","1":"product","2":"type-product","3":"status-publish","4":"has-post-thumbnail","6":"product_cat-lo-nuong","7":"product_cat-lo-nuong-am-whirlpool","8":"product_cat-thuong-hieu-whirlpool","9":"product_tag-lo-nuong","10":"product_tag-lo-nuong-am","11":"product_tag-lo-nuong-am-tu","12":"product_tag-lo-nuong-whirlpool","13":"product_tag-whirlpool","15":"first","16":"instock","17":"sale","18":"shipping-taxable","19":"purchasable","20":"product-type-simple"},"_links":{"self":[{"href":"https:\/\/livinghome.vn\/thiet-bi\/wp-json\/wp\/v2\/product\/3034","targetHints":{"allow":["GET"]}}],"collection":[{"href":"https:\/\/livinghome.vn\/thiet-bi\/wp-json\/wp\/v2\/product"}],"about":[{"href":"https:\/\/livinghome.vn\/thiet-bi\/wp-json\/wp\/v2\/types\/product"}],"replies":[{"embeddable":true,"href":"https:\/\/livinghome.vn\/thiet-bi\/wp-json\/wp\/v2\/comments?post=3034"}],"wp:featuredmedia":[{"embeddable":true,"href":"https:\/\/livinghome.vn\/thiet-bi\/wp-json\/wp\/v2\/media\/3099"}],"wp:attachment":[{"href":"https:\/\/livinghome.vn\/thiet-bi\/wp-json\/wp\/v2\/media?parent=3034"}],"wp:term":[{"taxonomy":"product_brand","embeddable":true,"href":"https:\/\/livinghome.vn\/thiet-bi\/wp-json\/wp\/v2\/product_brand?post=3034"},{"taxonomy":"product_cat","embeddable":true,"href":"https:\/\/livinghome.vn\/thiet-bi\/wp-json\/wp\/v2\/product_cat?post=3034"},{"taxonomy":"product_tag","embeddable":true,"href":"https:\/\/livinghome.vn\/thiet-bi\/wp-json\/wp\/v2\/product_tag?post=3034"}],"curies":[{"name":"wp","href":"https:\/\/api.w.org\/{rel}","templated":true}]}}