{"id":3033,"date":"2023-01-12T17:38:08","date_gmt":"2023-01-12T17:38:08","guid":{"rendered":"https:\/\/livinghome.vn\/thiet-bi\/?post_type=product&#038;p=3033"},"modified":"2024-11-29T14:20:23","modified_gmt":"2024-11-29T07:20:23","slug":"lo-nuong-am-whirlpool-w7-os4-4s1-p-73l","status":"publish","type":"product","link":"https:\/\/livinghome.vn\/thiet-bi\/lo-nuong-am-whirlpool-w7-os4-4s1-p-73l\/","title":{"rendered":"L\u00f2 N\u01b0\u1edbng \u00c2m Whirlpool W7 OS4 4S1 P, 73L, 14 Ch\u1ee9c N\u0103ng"},"content":{"rendered":"<h2>Whirlpool W7OS44S1P &#8211; L\u00f2 N\u01b0\u1edbng \u00c2m T\u1ee7 Nhi\u1ec7t Ph\u00e2n<\/h2>\n<h3>Hi\u1ec7u su\u1ea5t n\u1ea5u \u0103n v\u01b0\u1ee3t tr\u1ed9i<\/h3>\n<p>Mang \u0111\u1ebfn tr\u1ea3i nghi\u1ec7m n\u1ea5u \u0103n s\u00e1ng t\u1ea1o v\u00e0 \u0111\u01a1n gi\u1ea3n. B\u1ea1n ch\u1ec9 c\u1ea7n ch\u1ecdn m\u1ed9t m\u00f3n v\u00e0 c\u00f4ng ngh\u1ec7 6TH SENSE c\u1ea3i ti\u1ebfn s\u1ebd gi\u00fap b\u1ea1n th\u1ef1c hi\u1ec7n ph\u1ea7n c\u00f2n l\u1ea1i, t\u1ef1 \u0111\u1ed9ng \u0111i\u1ec1u ch\u1ec9nh c\u00e0i \u0111\u1eb7t th\u1eddi gian, nhi\u1ec7t \u0111\u1ed9 v\u00e0 \u0111\u1ed9 \u1ea9m cho k\u1ebft qu\u1ea3 ho\u00e0n h\u1ea3o theo th\u1eddi gian.<\/p>\n<p>V\u1edbi c\u1ea3m bi\u1ebfn 6TH SENSE c\u00f9ng s\u1ef1 ch\u1ecdn l\u1ef1a nh\u1eefng t\u00f9y ch\u1ecdn s\u1eb5n c\u00f3, ng\u01b0\u1eddi d\u00f9ng c\u00f3 th\u1ec3 chu\u1ea9n b\u1ecb b\u1eefa \u0103n tuy\u1ec7t h\u1ea3o m\u00e0 v\u1eabn t\u1eadn h\u01b0\u1edfng tr\u1ea3i nghi\u1ec7m tr\u1ef1c quan tuy\u1ec7t v\u1eddi.<\/p>\n<figure id=\"attachment_52721\" aria-describedby=\"caption-attachment-52721\" style=\"width: 1020px\" class=\"wp-caption alignnone\"><img loading=\"lazy\" decoding=\"async\" class=\"wp-image-52721 size-large\" src=\"https:\/\/livinghome.vn\/thiet-bi\/wp-content\/uploads\/nha-bep\/whirlpool\/lo-nuong-whirlpool\/lo-nuong-whirlpool-w7-os4-4s1-p\/lo-nuong-whirlpool-w7-os4-4s1-p-14-1067x800.jpg\" alt=\"L\u00f2 N\u01b0\u1edbng Whirlpool W7OS44S1P 73L 14 Ch\u1ee9c N\u0103ng Nhi\u1ec7t Ph\u00e2n\" width=\"1020\" height=\"765\" title=\"\"><figcaption id=\"caption-attachment-52721\" class=\"wp-caption-text\">L\u00f2 N\u01b0\u1edbng Whirlpool W7OS44S1P 73L 14 Ch\u1ee9c N\u0103ng Nhi\u1ec7t Ph\u00e2n<\/figcaption><\/figure>\n<h2>Cook4<\/h2>\n<p>L\u00f2 n\u01b0\u1edbng Whirlpool W7 OS4 4S1 P c\u00f3 kh\u1ea3 n\u0103ng N\u1ea5u t\u1ed1i \u0111a 4 m\u00f3n c\u00f9ng l\u00fac gi\u00fap ti\u1ebft ki\u1ec7m \u0111i\u1ec7n v\u00e0 th\u1eddi gian<\/p>\n<figure id=\"attachment_52715\" aria-describedby=\"caption-attachment-52715\" style=\"width: 800px\" class=\"wp-caption alignnone\"><img loading=\"lazy\" decoding=\"async\" class=\"wp-image-52715 size-large\" src=\"https:\/\/livinghome.vn\/thiet-bi\/wp-content\/uploads\/nha-bep\/whirlpool\/lo-nuong-whirlpool\/lo-nuong-whirlpool-w7-os4-4s1-p\/lo-nuong-whirlpool-w7-os4-4s1-p-6-800x800.jpg\" alt=\"L\u00f2 N\u01b0\u1edbng Whirlpool W7OS44S1P 73L 14 Ch\u1ee9c N\u0103ng Nhi\u1ec7t Ph\u00e2n\" width=\"800\" height=\"800\" title=\"\"><figcaption id=\"caption-attachment-52715\" class=\"wp-caption-text\">L\u00f2 n\u01b0\u1edbng Whirlpool W7OS44S1P \u00e2m t\u1ee7 73L hi\u1ec7n \u0111\u1ea1i \u0111\u1eb3ng c\u1ea5p<\/figcaption><\/figure>\n<h2><strong>SteamSense<\/strong><\/h2>\n<p>H\u01a1i n\u01b0\u1edbc c\u1ed9ng v\u1edbi c\u00e1c thanh nhi\u1ec7t gi\u00fap n\u01b0\u1edbng th\u1ee9c \u0103n v\u00e0ng, gi\u00f2n b\u00ean ngo\u00e0i v\u00e0 ngon ng\u1ecdt, m\u1ec1m m\u1ea1i b\u00ean trong m\u00e0 v\u1eabn gi\u1eef \u0111\u01b0\u1ee3c ch\u1ea5t dinh d\u01b0\u1ee1ng.<\/p>\n<figure id=\"attachment_52718\" aria-describedby=\"caption-attachment-52718\" style=\"width: 800px\" class=\"wp-caption alignnone\"><img loading=\"lazy\" decoding=\"async\" class=\"size-large wp-image-52718\" src=\"https:\/\/livinghome.vn\/thiet-bi\/wp-content\/uploads\/nha-bep\/whirlpool\/lo-nuong-whirlpool\/lo-nuong-whirlpool-w7-os4-4s1-p\/lo-nuong-whirlpool-w7-os4-4s1-p-3-800x800.jpg\" alt=\"L\u00f2 n\u01b0\u1edbng Whirlpool W7 OS4 4S1 P \u00e2m t\u1ee7 73L hi\u1ec7n \u0111\u1ea1i \u0111\u1eb3ng c\u1ea5p\" width=\"800\" height=\"800\" title=\"\"><figcaption id=\"caption-attachment-52718\" class=\"wp-caption-text\">L\u00f2 n\u01b0\u1edbng Whirlpool W7 OS4 4S1 P \u00e2m t\u1ee7 73L hi\u1ec7n \u0111\u1ea1i \u0111\u1eb3ng c\u1ea5p<\/figcaption><\/figure>\n<h2><strong>V\u1ec7 sinh b\u1eb1ng ph\u01b0\u01a1ng ph\u00e1p nhi\u1ec7t ph\u00e2n<\/strong><\/h2>\n<p>T\u00ednh n\u0103ng t\u1ef1 v\u1ec7 sinh \u0111\u01b0a l\u00f2 n\u01b0\u1edbng l\u00ean \u0111\u1ebfn nhi\u1ec7t \u0111\u1ed9 r\u1ea5t cao (kho\u1ea3ng 420\u00b0C), s\u1ebd bi\u1ebfn t\u1ea5t c\u1ea3 c\u1eb7n b\u1ea9n th\u1ee9c \u0103n th\u00e0nh tro, sau \u0111\u00f3 b\u1ea1n c\u00f3 th\u1ec3 d\u1ec5 d\u00e0ng lau s\u1ea1ch ch\u1ec9 b\u1eb1ng m\u1ed9t mi\u1ebfng b\u1ecdt bi\u1ec3n \u1ea9m v\u00e0 gi\u00fap gi\u1eef cho l\u00f2 s\u00e1ng b\u00f3ng nh\u01b0 m\u1edbi<\/p>\n<figure id=\"attachment_52717\" aria-describedby=\"caption-attachment-52717\" style=\"width: 800px\" class=\"wp-caption alignnone\"><img loading=\"lazy\" decoding=\"async\" class=\"wp-image-52717 size-large\" src=\"https:\/\/livinghome.vn\/thiet-bi\/wp-content\/uploads\/nha-bep\/whirlpool\/lo-nuong-whirlpool\/lo-nuong-whirlpool-w7-os4-4s1-p\/lo-nuong-whirlpool-w7-os4-4s1-p-4-800x800.jpg\" alt=\"L\u00f2 n\u01b0\u1edbng Whirlpool W7 OS4 4S1 P \u00e2m t\u1ee7 73L hi\u1ec7n \u0111\u1ea1i \u0111\u1eb3ng c\u1ea5p\" width=\"800\" height=\"800\" title=\"\"><figcaption id=\"caption-attachment-52717\" class=\"wp-caption-text\">L\u00f2 n\u01b0\u1edbng Whirlpool W7OS44S1P \u00e2m t\u1ee7 73L hi\u1ec7n \u0111\u1ea1i \u0111\u1eb3ng c\u1ea5p<\/figcaption><\/figure>\n<h2><strong>Th\u00f4ng s\u1ed1 k\u1ef9 thu\u1eadt<\/strong><\/h2>\n<ul>\n<li>Ti\u1ebft ki\u1ec7m n\u0103ng l\u01b0\u1ee3ng theo chu\u1ea9n Ch\u00e2u \u00c2u: A+<\/li>\n<li>C\u00f4ng su\u1ea5t: 73L<\/li>\n<li>Nhi\u1ec7t \u0111\u1ed9 gia nhi\u1ec7t: 50\u00b0C &#8211; 250\u00b0C<\/li>\n<li>\u0110i\u1ec7n \u00e1p: 220 &#8211; 240<\/li>\n<li>C\u01b0\u1eddng \u0111\u1ed9 d\u00f2ng \u0111i\u1ec7n: 16A<\/li>\n<li>Chi\u1ec1u d\u00e0i d\u00e2y ngu\u1ed3n: 900mm<\/li>\n<li>K\u00edch th\u01b0\u1edbc s\u1ea3n ph\u1ea9m (HxWxD\/mm): 595 x 595 x 564<\/li>\n<li>K\u00edch th\u01b0\u1edbc ph\u1ea7n \u00e2m (HxWxD\/mm): 583-585\/600 x 560 x 550<\/li>\n<li>N\u01b0\u1edbc s\u1ea3n xu\u1ea5t: \u00dd<\/li>\n<\/ul>\n<h2><strong>T\u00ednh n\u0103ng<\/strong><\/h2>\n<ul>\n<li>C\u00f4ng ngh\u1ec7 6th Sense: C\u00f3<\/li>\n<li>Ch\u1ee9c n\u0103ng Cook4: C\u00f3<br \/>\nCh\u1ee9c n\u0103ng SteamSense: C\u00f3<\/li>\n<li>Ch\u1ee9c n\u0103ng BakeSense: C\u00f3<\/li>\n<li>Ph\u01b0\u01a1ng th\u1ee9c n\u1ea5u: 14 (Kh\u00ed n\u00f3ng + H\u01a1i n\u01b0\u1edbc, Th\u00f4ng th\u01b0\u1eddng, N\u01b0\u1edbng \u0111\u1ed1i l\u01b0u, N\u1ea5u n\u01b0\u1edbng Maxi, Kh\u00ed n\u00f3ng, Kh\u00ed n\u00f3ng Eco, Ch\u01b0\u01a1ng tr\u00ecnh Pizza \/ B\u00e1nh m\u00ec, Ch\u1ee9c n\u0103ng l\u00e0m b\u00e1nh ng\u1ecdt, N\u01b0\u1edbng, N\u01b0\u1edbng Nhanh, N\u01b0\u1edbng \u0111\u00f4ng l\u1ea1nh, R\u00e3 \u0111\u00f4ng, Gi\u1eef \u1ea5m, N\u01b0\u1edbng b\u00e1nh)<\/li>\n<li>Gia nhi\u1ec7t nhanh: S\u1eb5n s\u00e0ng n\u1ea5u (Kh\u00f4ng c\u1ea7n l\u00e0m n\u00f3ng tr\u01b0\u1edbc)<br \/>\n\u0110\u1ed9 v\u00e0ng \u0111\u1ec1u \/ Ho\u00e0n h\u1ea3o: C\u00f3<\/li>\n<li>(C\u00e1c) c\u00f4ng th\u1ee9c c\u00e0i s\u1eb5n: T\u1ef1 \u0111\u1ed9ng n\u1ea5u \u0103n theo c\u00f4ng ngh\u1ec7 6th Sense cho 8 danh m\u1ee5c th\u1ef1c ph\u1ea9m (Lasagna, Th\u1ecbt, C\u00e1, Rau, B\u00e1nh ng\u1ecdt &amp; B\u00e1nh ng\u1ecdt, B\u00e1nh m\u1eb7n, B\u00e1nh m\u00ec, Pizza) \/ 33 C\u00f4ng th\u1ee9c<\/li>\n<li>Ch\u01b0\u01a1ng tr\u00ecnh v\u1ec7 sinh: V\u1ec7 sinh b\u1eb1ng ph\u01b0\u01a1ng ph\u00e1p nhi\u1ec7t ph\u00e2n<\/li>\n<li>T\u1ea9y c\u1eb7n \/ tho\u00e1t n\u01b0\u1edbc: C\u00f3<\/li>\n<li>Ch\u1ebf \u0111\u1ed9 ti\u1ebft ki\u1ec7m: C\u00f3<\/li>\n<li>Th\u1ef1c \u0111\u01a1n y\u00eau th\u00edch: C\u00f3<\/li>\n<li>H\u1eb9n gi\u1edd: C\u00f3<\/li>\n<li>H\u1ec7n gi\u1edd b\u1eadt\/t\u1eaft: C\u00f3<\/li>\n<li>Kh\u00f3a tr\u1ebb em: C\u00f3<\/li>\n<li>T\u00edn hi\u1ec7u \u00e2m thanh: C\u00f3<\/li>\n<li>Qu\u1ea1t l\u00e0m m\u00e1t: C\u00f3<\/li>\n<li>Ch\u1ec9 b\u00e1o nhi\u1ec7t d\u01b0: C\u00f3<\/li>\n<\/ul>\n<h2><strong>Thi\u1ebft k\u1ebf<\/strong><\/h2>\n<ul>\n<li>Lo\u1ea1i <a href=\"https:\/\/livinghome.vn\/thiet-bi\/lo-nuong-am\/\">l\u00f2 n\u01b0\u1edbng<\/a>: \u00e2m t\u1ee7<\/li>\n<li>B\u1ea3ng \u0111i\u1ec1u khi\u1ec3n: C\u1ea3m \u1ee9ng<\/li>\n<li>Ki\u1ec3m so\u00e1t nhi\u1ec7t \u0111\u1ed9 \u0111i\u1ec7n t\u1eed: C\u00f3<\/li>\n<li>M\u00e0n h\u00ecnh: LCD c\u00f3 h\u1ed7 tr\u1ee3 v\u0103n b\u1ea3n<\/li>\n<li>C\u1eeda k\u00ednh m\u1edf to\u00e0n ph\u1ea7n: 4 l\u1edbp c\u00e1ch nhi\u1ec7t<\/li>\n<li>C\u1eeda \u0111\u00f3ng \u00eam: C\u00f3<\/li>\n<li>\u0110\u00e8n trong l\u00f2: C\u00f3<\/li>\n<li>Khoang l\u00f2: Tr\u00e1ng men<\/li>\n<li>B\u1ec1 m\u1eb7t ch\u1ed1ng d\u1ea5u v\u00e2n tay: C\u00f3<\/li>\n<li>S\u1ed1 t\u1ea7ng g\u1eafn khay: 5<\/li>\n<li>M\u00e0u s\u1eafc: Th\u00e9p kh\u00f4ng g\u1ec9<\/li>\n<li>Ph\u1ee5 ki\u1ec7n: K\u1ec7 l\u01b0\u1edbi, Khay h\u1ee9ng d\u1ea7u m\u1ee1, Khay n\u01b0\u1edbng b\u00e1nh, 1 c\u1eb7p ray tr\u01b0\u1ee3t (W73TELR)<\/li>\n<\/ul>\n","protected":false},"excerpt":{"rendered":"<h3 style=\"text-align: left;\"><strong>\u0110a ch\u1ee9c n\u0103ng 8<\/strong><\/h3>\n<p style=\"text-align: left;\">Nhi\u1ec1u ph\u01b0\u01a1ng th\u1ee9c n\u1ea5u \u0103n \u0111\u1ea3m b\u1ea3o t\u00ednh linh ho\u1ea1t v\u00e0 k\u1ebft qu\u1ea3 ho\u00e0n h\u1ea3o cho b\u1ea5t c\u1ee9 m\u00f3n n\u00e0o<\/p>\n<h3 style=\"text-align: left;\"><strong>6TH Sense<\/strong><\/h3>\n<p style=\"text-align: left;\">N\u00e2ng cao tr\u1ea3i nghi\u1ec7m n\u1ea5u \u0103n. B\u1ea1n ch\u1ec9 c\u1ea7n ch\u1ecdn c\u00f4ng th\u1ee9c n\u1ea5u, vi\u1ec7c c\u00f2n l\u1ea1i h\u00e3y \u0111\u1ec3 6th SENSE gi\u00fap b\u1ea1n. L\u00ean \u0111\u1ebfn c\u00f4ng th\u1ee9c 33 n\u1ea5u \u0103n \u0111\u01b0\u1ee3c thi\u1ebft k\u1ebf \u0111\u1ec3 ph\u00f9 h\u1ee3p v\u1edbi l\u1ed1i s\u1ed1ng v\u00e0 ch\u1ebf \u0111\u1ed9 \u0103n u\u1ed1ng c\u1ee7a b\u1ea1n.<\/p>\n<h3 style=\"text-align: left;\"><strong>Cook4<\/strong><\/h3>\n<p style=\"text-align: left;\">N\u1ea5u t\u1ed1i \u0111a 4 m\u00f3n c\u00f9ng l\u00fac gi\u00fap ti\u1ebft ki\u1ec7m \u0111i\u1ec7n v\u00e0 th\u1eddi gian<\/p>\n","protected":false},"featured_media":3081,"comment_status":"open","ping_status":"closed","template":"","meta":[],"product_brand":[],"product_cat":[95,1927,380],"product_tag":[96,980,156,981,386,382],"class_list":{"0":"post-3033","1":"product","2":"type-product","3":"status-publish","4":"has-post-thumbnail","6":"product_cat-lo-nuong","7":"product_cat-lo-nuong-am-whirlpool","8":"product_cat-thuong-hieu-whirlpool","9":"product_tag-lo-nuong","10":"product_tag-lo-nuong-72-lit","11":"product_tag-lo-nuong-am-tu","12":"product_tag-lo-nuong-nhiet-phan","13":"product_tag-lo-nuong-whirlpool","14":"product_tag-whirlpool","16":"first","17":"instock","18":"sale","19":"shipping-taxable","20":"purchasable","21":"product-type-simple"},"_links":{"self":[{"href":"https:\/\/livinghome.vn\/thiet-bi\/wp-json\/wp\/v2\/product\/3033","targetHints":{"allow":["GET"]}}],"collection":[{"href":"https:\/\/livinghome.vn\/thiet-bi\/wp-json\/wp\/v2\/product"}],"about":[{"href":"https:\/\/livinghome.vn\/thiet-bi\/wp-json\/wp\/v2\/types\/product"}],"replies":[{"embeddable":true,"href":"https:\/\/livinghome.vn\/thiet-bi\/wp-json\/wp\/v2\/comments?post=3033"}],"wp:featuredmedia":[{"embeddable":true,"href":"https:\/\/livinghome.vn\/thiet-bi\/wp-json\/wp\/v2\/media\/3081"}],"wp:attachment":[{"href":"https:\/\/livinghome.vn\/thiet-bi\/wp-json\/wp\/v2\/media?parent=3033"}],"wp:term":[{"taxonomy":"product_brand","embeddable":true,"href":"https:\/\/livinghome.vn\/thiet-bi\/wp-json\/wp\/v2\/product_brand?post=3033"},{"taxonomy":"product_cat","embeddable":true,"href":"https:\/\/livinghome.vn\/thiet-bi\/wp-json\/wp\/v2\/product_cat?post=3033"},{"taxonomy":"product_tag","embeddable":true,"href":"https:\/\/livinghome.vn\/thiet-bi\/wp-json\/wp\/v2\/product_tag?post=3033"}],"curies":[{"name":"wp","href":"https:\/\/api.w.org\/{rel}","templated":true}]}}