{"id":3029,"date":"2023-01-12T17:38:07","date_gmt":"2023-01-12T17:38:07","guid":{"rendered":"https:\/\/livinghome.vn\/thiet-bi\/?post_type=product&#038;p=3029"},"modified":"2024-11-29T14:20:24","modified_gmt":"2024-11-29T07:20:24","slug":"bep-tu-whirlpool-aci7324s-blv-73cm","status":"publish","type":"product","link":"https:\/\/livinghome.vn\/thiet-bi\/bep-tu-whirlpool-aci7324s-blv-73cm\/","title":{"rendered":"B\u1ebfp T\u1eeb Whirlpool ACI7324S\/BLV, 73CM, 2 T\u1eeb, K\u00ednh Schott Ceran"},"content":{"rendered":"<h2>Xin gi\u1edbi thi\u1ec7u B\u1ebfp t\u1eeb Whirlpool ACI7324S BLV<\/h2>\n<p>V\u1edbi thi\u1ebft k\u1ebf hi\u1ec7n \u0111\u1ea1i, \u0111a t\u00ednh n\u0103ng ch\u1eafc ch\u1eafn l\u00e0 s\u1ef1 l\u1ef1a ch\u1ecdn tuy\u1ec7t v\u1eddi \u0111\u1ed1i v\u1edbi kh\u00f4ng gian b\u1ebfp nh\u00e0 b\u1ea1n.<\/p>\n<h2>N\u1ea5u \u0103n b\u1eb1ng c\u1ea3m \u1ee9ng \u0111i\u1ec7n t\u1eeb<\/h2>\n<p>M\u1ed9t c\u00f4ng ngh\u1ec7 mang t\u00ednh trang nh\u00e3, l\u00e0m n\u00f3ng n\u1ed3i n\u1ea5u, kh\u00f4ng l\u00e0m n\u00f3ng b\u1ebfp, gi\u1ea3m ph\u00e2n t\u00e1n n\u0103ng l\u01b0\u1ee3ng v\u00e0 mang l\u1ea1i k\u1ebft qu\u1ea3 n\u1ea5u \u0103n ho\u00e0n h\u1ea3o<\/p>\n<figure id=\"attachment_52678\" aria-describedby=\"caption-attachment-52678\" style=\"width: 800px\" class=\"wp-caption alignnone\"><img loading=\"lazy\" decoding=\"async\" class=\"wp-image-52678 size-large\" src=\"https:\/\/livinghome.vn\/thiet-bi\/wp-content\/uploads\/nha-bep\/whirlpool\/bep-tu-whirlpool\/bep-tu-whirlpool-aci7324s-blv-01\/bep-tu-whirlpool-aci7324s-blv-01-3-800x800.jpg\" alt=\"B\u1ebfp T\u1eeb Whirlpool ACI7324S BLV 73CM 2 T\u1eeb K\u00ednh Schott Ceran\" width=\"800\" height=\"800\" title=\"\"><figcaption id=\"caption-attachment-52678\" class=\"wp-caption-text\">B\u1ebfp t\u1eeb Whirlpool ACI7324S BLV 2 v\u00f9ng n\u1ea5u 73cm<\/figcaption><\/figure>\n<h2>V\u00f9ng n\u1ea5u c\u1ea3m \u1ee9ng \u0111i\u1ec7n t\u1eeb v\u1edbi ch\u1ee9c n\u0103ng gia nhi\u1ec7t nhanh<\/h2>\n<p>Chu\u1ea9n b\u1ecb th\u1ee9c \u0103n v\u00e0 \u0111un s\u00f4i n\u01b0\u1edbc v\u1edbi m\u1ee9c ti\u00eau th\u1ee5 n\u0103ng l\u01b0\u1ee3ng th\u1ea5p h\u01a1n. <a href=\"https:\/\/livinghome.vn\/thiet-bi\/bep-tu\/\">B\u1ebfp t\u1eeb<\/a> Whirlpool ACI7324S BLV s\u1ebd gia nhi\u1ec7t t\u1ed1i \u0111a v\u00e0 \u0111\u01b0a n\u1ed3i \u0111\u1ebfn nhi\u1ec7t \u0111\u1ed9 s\u00f4i tr\u01b0\u1edbc khi \u0111\u1ec3 l\u1eeda nh\u1ecf. Gi\u1ea3m \u0111\u1ebfn 10% n\u0103ng l\u01b0\u1ee3ng ti\u00eau th\u1ee5.<\/p>\n<h2>H\u1eb9n gi\u1edd l\u00ean \u0111\u1ebfn 24 gi\u1edd<\/h2>\n<p>B\u1ebfp t\u1eeb Whirlpool ACI7324S BLV C\u00f3 th\u1ec3 \u0111\u1eb7t H\u1eb9n gi\u1edd \u0111\u1ec3 t\u1ef1 \u0111\u1ed9ng t\u1eaft v\u00f9ng n\u1ea5u khi h\u1ebft th\u1eddi gian. Cho ph\u00e9p ki\u1ec3m so\u00e1t nhi\u1ec7u qu\u1ea3 th\u1eddi gian n\u1ea5u v\u00e0 h\u1ea1n ch\u1ebf th\u1ee9c \u0103n b\u1ecb ch\u00e1y v\u00e0 ch\u00edn qu\u00e1<\/p>\n<figure id=\"attachment_52679\" aria-describedby=\"caption-attachment-52679\" style=\"width: 800px\" class=\"wp-caption alignnone\"><img loading=\"lazy\" decoding=\"async\" class=\"wp-image-52679 size-large\" src=\"https:\/\/livinghome.vn\/thiet-bi\/wp-content\/uploads\/nha-bep\/whirlpool\/bep-tu-whirlpool\/bep-tu-whirlpool-aci7324s-blv-01\/bep-tu-whirlpool-aci7324s-blv-01-2-800x800.jpg\" alt=\"B\u1ebfp t\u1eeb Whirlpool ACI7324S BLV 2 v\u00f9ng n\u1ea5u 73cm\" width=\"800\" height=\"800\" title=\"\"><figcaption id=\"caption-attachment-52679\" class=\"wp-caption-text\">B\u1ebfp t\u1eeb Whirlpool ACI7324S BLV 2 v\u00f9ng n\u1ea5u 73cm<\/figcaption><\/figure>\n<h2>Kh\u00f3a tr\u1ebb em, Ch\u1ec9 b\u00e1o nhi\u1ec7t d\u01b0, T\u1ef1 \u0111\u1ed9ng t\u1eaft &amp; S\u00e1ng v\u00f9ng n\u1ea5u<\/h2>\n<p>C\u00f3 c\u00e1c t\u00ednh n\u0103ng an to\u00e0n \u0111\u1ec3 b\u1ea3o v\u1ec7 tr\u1ebb em<\/p>\n<figure id=\"attachment_52676\" aria-describedby=\"caption-attachment-52676\" style=\"width: 1020px\" class=\"wp-caption alignnone\"><img loading=\"lazy\" decoding=\"async\" class=\"wp-image-52676 size-large\" src=\"https:\/\/livinghome.vn\/thiet-bi\/wp-content\/uploads\/nha-bep\/whirlpool\/bep-tu-whirlpool\/bep-tu-whirlpool-aci7324s-blv-01\/bep-tu-whirlpool-aci7324s-blv-01-5-1067x800.jpg\" alt=\"B\u1ebfp T\u1eeb Whirlpool ACI7324S BLV 73CM 2 T\u1eeb K\u00ednh Schott Ceran\" width=\"1020\" height=\"765\" title=\"\"><figcaption id=\"caption-attachment-52676\" class=\"wp-caption-text\">B\u1ebfp t\u1eeb Whirlpool ACI7324S BLV 2 v\u00f9ng n\u1ea5u 73cm<\/figcaption><\/figure>\n<h2>Th\u00f4ng s\u1ed1 k\u1ef9 thu\u1eadt<\/h2>\n<ul>\n<li>T\u1ed5ng c\u00f4ng su\u1ea5t: 4400W<\/li>\n<li>T\u1eeb t\u00ednh V\u00f9ng n\u1ea5u b\u00ean tr\u00e1i (K\u00edch th\u01b0\u1edbc v\u00e0 C\u00f4ng su\u1ea5t): 210mm, 2000W\u00a0(2200W Booster)<\/li>\n<li>Ceramic v\u00f9ng n\u1ea5u b\u00ean ph\u1ea3i (KT\u00edch th\u01b0\u1edbc v\u00e0 C\u00f4ng su\u1ea5t): 210mm, 2000W (2200W Booster)<\/li>\n<li>Chi\u1ec1u d\u00e0i \u0111\u00e2y \u0111i\u1ec7n: 1,1m<\/li>\n<li>K\u00edch th\u01b0\u1edbc s\u1ea3n ph\u1ea9m (WxD \/ mm): 730 x 430<\/li>\n<li>K\u00edch th\u01b0\u1edbc ph\u1ea7n \u00e2m (WxD \/ mm): 695 x 395<\/li>\n<li>T\u1ed5ng tr\u1ecdng l\u01b0\u1ee3ng (kg): 9,04<\/li>\n<li>Tr\u1ecdng l\u01b0\u1ee3ng t\u1ecbnh (kg): 7.84<\/li>\n<li>C\u01b0\u1eddng \u0111\u1ed9 d\u00f2ng \u0111i\u1ec7n: 20 Amp<\/li>\n<\/ul>\n<h2>T\u00ednh n\u0103ng<\/h2>\n<ul>\n<li>S\u1ed1 v\u00f9ng n\u1ea5u: 2<\/li>\n<li>V\u00f9ng n\u1ea5u: 2 v\u00f9ng n\u1ea5u t\u00ednh t\u1eeb<\/li>\n<li>Ph\u01b0\u01a1ng th\u1ee9c \u0111i\u1ec1u khi\u1ec3n: \u0110i\u1ec1u khi\u1ec3n thanh tr\u01b0\u1ee3t c\u1ea3m \u1ee9ng<\/li>\n<li>Ch\u1ea5t li\u1ec7u b\u1ea3ng \u0111i\u1ec1u khi\u1ec3n: Caramic th\u1ee7y tinh Schott Ceran<\/li>\n<li>M\u1ee9c c\u00f4ng su\u1ea5t: 12 m\u1ee9c<\/li>\n<\/ul>\n<h2>Thi\u1ebft k\u1ebf<\/h2>\n<ul>\n<li>Lo\u1ea1i: Ceramic t\u00edch h\u1ee3p<\/li>\n<li>\u0110i\u1ec1u khi\u1ec3n: \u0110i\u1ec1u khi\u1ec3n tr\u01b0\u1ee3t c\u1ea3m \u1ee9ng ph\u00eda tr\u01b0\u1edbc<\/li>\n<li>K\u00ednh: k\u00ednh c\u01b0\u1eddng l\u1ef1c<\/li>\n<li>M\u00e0u s\u1eafc: \u0110en<\/li>\n<\/ul>\n","protected":false},"excerpt":{"rendered":"<h3>B\u1ebfp 2 T\u1eeb Whirlpool ACI7324S\/BLV<\/h3>\n<ul>\n<li>Lo\u1ea1i: B\u1ebfp \u00e2m 2 v\u00f9ng n\u1ea5u t\u1eeb, h\u00ecnh ch\u1eef nh\u1eadt<\/li>\n<li>\u0110i\u1ec1u khi\u1ec3n: C\u1ea3m \u1ee9ng<\/li>\n<li>K\u00ednh: SCHOTT CERAN \u00ae<\/li>\n<li>M\u00e0u s\u1eafc: \u0110en<\/li>\n<li>K\u00edch th\u01b0\u1edbc s\u1ea3n ph\u1ea9m (mm): W730 x D430<\/li>\n<li>K\u00edch th\u01b0\u1edbc ph\u1ea7m \u00e2m (mm): W695 x D395<\/li>\n<li>N\u01b0\u1edbc s\u1ea3n xu\u1ea5t: Trung Qu\u1ed1c<\/li>\n<\/ul>\n","protected":false},"featured_media":3075,"comment_status":"open","ping_status":"closed","template":"","meta":[],"product_brand":[],"product_cat":[75,794,745,813,796,799,724,812,795,725,380],"product_tag":[76,77,168,384,382],"class_list":{"0":"post-3029","1":"product","2":"type-product","3":"status-publish","4":"has-post-thumbnail","6":"product_cat-bep-tu","7":"product_cat-bep-2-tu","8":"product_cat-bep-dien-tu","9":"product_cat-bep-dien-tu-chung-cu","10":"product_cat-bep-dien-tu-doi","11":"product_cat-bep-dien-tu-hinh-chu-nhat","12":"product_cat-bep-dien-tu-whirlpool","13":"product_cat-bep-dien-tu-y-italy","14":"product_cat-bep-tu-doi","15":"product_cat-bep-tu-whirlpool","16":"product_cat-thuong-hieu-whirlpool","17":"product_tag-bep-tu","18":"product_tag-bep-tu-2-vung-nau","19":"product_tag-bep-tu-am","20":"product_tag-bep-tu-whirlpool","21":"product_tag-whirlpool","23":"first","24":"instock","25":"sale","26":"shipping-taxable","27":"purchasable","28":"product-type-simple"},"_links":{"self":[{"href":"https:\/\/livinghome.vn\/thiet-bi\/wp-json\/wp\/v2\/product\/3029","targetHints":{"allow":["GET"]}}],"collection":[{"href":"https:\/\/livinghome.vn\/thiet-bi\/wp-json\/wp\/v2\/product"}],"about":[{"href":"https:\/\/livinghome.vn\/thiet-bi\/wp-json\/wp\/v2\/types\/product"}],"replies":[{"embeddable":true,"href":"https:\/\/livinghome.vn\/thiet-bi\/wp-json\/wp\/v2\/comments?post=3029"}],"wp:featuredmedia":[{"embeddable":true,"href":"https:\/\/livinghome.vn\/thiet-bi\/wp-json\/wp\/v2\/media\/3075"}],"wp:attachment":[{"href":"https:\/\/livinghome.vn\/thiet-bi\/wp-json\/wp\/v2\/media?parent=3029"}],"wp:term":[{"taxonomy":"product_brand","embeddable":true,"href":"https:\/\/livinghome.vn\/thiet-bi\/wp-json\/wp\/v2\/product_brand?post=3029"},{"taxonomy":"product_cat","embeddable":true,"href":"https:\/\/livinghome.vn\/thiet-bi\/wp-json\/wp\/v2\/product_cat?post=3029"},{"taxonomy":"product_tag","embeddable":true,"href":"https:\/\/livinghome.vn\/thiet-bi\/wp-json\/wp\/v2\/product_tag?post=3029"}],"curies":[{"name":"wp","href":"https:\/\/api.w.org\/{rel}","templated":true}]}}