{"id":3027,"date":"2023-01-12T17:38:07","date_gmt":"2023-01-12T17:38:07","guid":{"rendered":"https:\/\/livinghome.vn\/thiet-bi\/?post_type=product&#038;p=3027"},"modified":"2024-11-29T14:20:24","modified_gmt":"2024-11-29T07:20:24","slug":"bep-tu-whirlpool-acm865-ba-60cm-3-tu","status":"publish","type":"product","link":"https:\/\/livinghome.vn\/thiet-bi\/bep-tu-whirlpool-acm865-ba-60cm-3-tu\/","title":{"rendered":"B\u1ebfp T\u1eeb Whirlpool ACM865\/BA, 60CM, 3 T\u1eeb, K\u00ednh Schott Ceran"},"content":{"rendered":"<h2>B\u1ebfp 3 V\u00f9ng N\u1ea5u T\u1eeb Whirlpool ACM865\/BA &#8211; Nh\u1eadp Kh\u1ea9u \u00dd<\/h2>\n<p>V\u1edbi thi\u1ebft k\u1ebf hi\u1ec7n \u0111\u1ea1i, \u0111a t\u00ednh n\u0103ng ch\u1eafc ch\u1eafn l\u00e0 s\u1ef1 l\u1ef1a ch\u1ecdn tuy\u1ec7t v\u1eddi \u0111\u1ed1i v\u1edbi kh\u00f4ng gian b\u1ebfp nh\u00e0 b\u1ea1n.<\/p>\n<h2>Th\u01b0\u01a1ng Hi\u1ec7u Whirlpool &#8211; M\u1ef9<\/h2>\n<ul>\n<li>B\u1ebfp T\u1eeb Whirlpool ACM814\/BA l\u00e0 s\u1ea3n ph\u1ea9m c\u1ee7a th\u01b0\u01a1ng hi\u1ec7u \u0111\u1ed3 gia d\u1ee5ng v\u00e0 nh\u00e0 b\u1ebfp n\u1ed5i ti\u1ebfng to\u00e0n c\u1ea7u c\u1ee7a Whirlpool &#8211; Hoa K\u1ef3.<\/li>\n<li>C\u00e1c s\u1ea3n ph\u1ea9m c\u1ee7a h\u00e3ng \u0111\u01b0\u1ee3c b\u00e1n r\u1ed9ng r\u00e3i tr\u00ean to\u00e0n c\u1ea7u v\u00e0 hi\u1ec7n c\u00f3 m\u1eb7t t\u1ea1i Vi\u1ec7t Nam<\/li>\n<\/ul>\n<h2>C\u00f4ng ngh\u1ec7 n\u1ea5u \u0103n b\u1eb1ng c\u1ea3m \u1ee9ng \u0111i\u1ec7n t\u1eeb<\/h2>\n<p>M\u1ed9t c\u00f4ng ngh\u1ec7 mang t\u00ednh trang nh\u00e3, l\u00e0m n\u00f3ng n\u1ed3i n\u1ea5u, kh\u00f4ng l\u00e0m n\u00f3ng b\u1ebfp, gi\u1ea3m ph\u00e2n t\u00e1n n\u0103ng l\u01b0\u1ee3ng v\u00e0 mang l\u1ea1i k\u1ebft qu\u1ea3 n\u1ea5u \u0103n ho\u00e0n h\u1ea3o<\/p>\n<figure id=\"attachment_52690\" aria-describedby=\"caption-attachment-52690\" style=\"width: 1020px\" class=\"wp-caption alignnone\"><img loading=\"lazy\" decoding=\"async\" class=\"wp-image-52690 size-large\" src=\"https:\/\/livinghome.vn\/thiet-bi\/wp-content\/uploads\/nha-bep\/whirlpool\/bep-tu-whirlpool\/bep-tu-whirlpool-acm865ba\/bep-tu-whirlpool-acm865ba-5-1067x800.jpg\" alt=\"B\u1ebfp T\u1eeb Whirlpool ACM865 BA 60CM 3 T\u1eeb K\u00ednh Schott Ceran\" width=\"1020\" height=\"765\" title=\"\"><figcaption id=\"caption-attachment-52690\" class=\"wp-caption-text\">S\u1ea3n ph\u1ea9m B\u1ebfp 3 t\u1eeb Whirlpool ACM865\/BA c\u00f3 thi\u1ebft k\u1ebf \u0111\u1eb9p, hi\u1ec7n \u0111\u1ea1i h\u00e0ng \u0111\u1ea7u th\u1ecb tr\u01b0\u1eddng<\/figcaption><\/figure>\n<h2>S\u1ea3n ph\u1ea9m Ti\u1ebft ki\u1ec7m \u0111i\u1ec7n v\u00e0 Th\u1eddi gian<\/h2>\n<p>C\u00f4ng ngh\u1ec7 t\u1eeb t\u00ednh t\u1ea1o ra nhi\u1ec7t tr\u1ef1c ti\u1ebfp cho n\u1ed3i ch\u1ea3o, theo c\u00e1ch n\u00e0y, d\u01b0\u1edbi 10% n\u0103ng l\u01b0\u1ee3ng s\u1eed d\u1ee5ng b\u1ecb th\u1ea5t tho\u00e1t ra m\u00f4i tr\u01b0\u1eddng xung quanh v\u00e0 90% n\u0103ng l\u01b0\u1ee3ng \u0111\u01b0\u1ee3c s\u1eed d\u1ee5ng \u0111\u1ec3 n\u1ea5u \u0103n. B\u1ebfp t\u1eeb Whirlpool cho ph\u00e9p b\u1ea1n ti\u1ebft ki\u1ec7m \u0111\u1ebfn 40% * n\u0103ng l\u01b0\u1ee3ng v\u00e0 50% * th\u1eddi gian \u0111un s\u00f4i.<\/p>\n<figure id=\"attachment_52689\" aria-describedby=\"caption-attachment-52689\" style=\"width: 800px\" class=\"wp-caption alignnone\"><img loading=\"lazy\" decoding=\"async\" class=\"wp-image-52689 size-large\" src=\"https:\/\/livinghome.vn\/thiet-bi\/wp-content\/uploads\/nha-bep\/whirlpool\/bep-tu-whirlpool\/bep-tu-whirlpool-acm865ba\/bep-tu-whirlpool-acm865ba-6-800x800.jpg\" alt=\"B\u1ebfp t\u1eeb Whirlpool ACM865 BA 3 v\u00f9ng n\u1ea5u 60cm\" width=\"800\" height=\"800\" title=\"\"><figcaption id=\"caption-attachment-52689\" class=\"wp-caption-text\">B\u1ebfp t\u1eeb Whirlpool ACM865\/BA 3 ti\u1ebft ki\u1ec7m chi ph\u00ed \u0111i\u1ec7n n\u0103ng h\u01a1n h\u1eb3n c\u00e1c lo\u1ea1i b\u1ebfp kh\u00e1c v\u00e0 an to\u00e0n tuy\u1ec7t \u0111\u1ed1i<\/figcaption><\/figure>\n<h2>Trang B\u1ecb M\u1eb7t k\u00ednh Schott Ceran Cao C\u1ea5p &#8211; \u0110\u1ee9c<\/h2>\n<p>M\u1eb7t b\u1ebfp b\u1eb1ng g\u1ed1m th\u1ee7y tinh c\u1ef1c b\u1ec1n v\u00e0 d\u1ec5 b\u1ea3o d\u01b0\u1ee1ng. \u0110\u01b0\u1ee3c s\u1ea3n xu\u1ea5t kh\u00f4ng s\u1eed d\u1ee5ng kim lo\u1ea1i n\u1eb7ng asen v\u00e0 antimon.<\/p>\n<figure id=\"attachment_52692\" aria-describedby=\"caption-attachment-52692\" style=\"width: 800px\" class=\"wp-caption alignnone\"><img loading=\"lazy\" decoding=\"async\" class=\"size-large wp-image-52692\" src=\"https:\/\/livinghome.vn\/thiet-bi\/wp-content\/uploads\/nha-bep\/whirlpool\/bep-tu-whirlpool\/bep-tu-whirlpool-acm865ba\/bep-tu-whirlpool-acm865ba-3-800x800.jpg\" alt=\"B\u1ebfp t\u1eeb Whirlpool ACM865 BA 3 v\u00f9ng n\u1ea5u 60cm\" width=\"800\" height=\"800\" title=\"\"><figcaption id=\"caption-attachment-52692\" class=\"wp-caption-text\">Whirlpool ACM865\/BA trang b\u1ecb m\u1eb7t k\u00ednh g\u1ed1m Schott Ceran (\u0110\u1ee9c)<\/figcaption><\/figure>\n<h2>Kh\u1ea3 n\u0103ng gia nhi\u1ec7t nhanh v\u1edbi B\u1ebfp t\u1eeb<\/h2>\n<p><a href=\"https:\/\/livinghome.vn\/thiet-bi\/bep-tu\/\">B\u1ebfp t\u1eeb<\/a> Whirlpool v\u1edbi ch\u1ee9c n\u0103ng Eco Booster gi\u00fap ch\u1ebf bi\u1ebfn th\u1ee9c \u0103n v\u00e0 \u0111un s\u00f4i n\u01b0\u1edbc v\u1edbi m\u1ee9c ti\u00eau th\u1ee5 n\u0103ng l\u01b0\u1ee3ng th\u1ea5p h\u01a1n. T\u00ednh n\u0103ng n\u00e0y t\u0103ng nhi\u1ec7t t\u1ed1i \u0111a v\u00e0 \u0111\u01b0a <a href=\"https:\/\/livinghome.vn\/thiet-bi\/bo-noi\/\">n\u1ed3i<\/a> n\u1ea5u \u0111\u1ebfn m\u1ee9c s\u00f4i sau \u0111\u00f3 gi\u1ea3m xu\u1ed1ng m\u1ee9c s\u00f4i l\u0103n t\u0103n, gi\u00fap gi\u1ea3m \u0111\u1ebfn 10% \u0111i\u1ec7n n\u0103ng ti\u00eau th\u1ee5.<\/p>\n<figure id=\"attachment_52691\" aria-describedby=\"caption-attachment-52691\" style=\"width: 1020px\" class=\"wp-caption alignnone\"><img loading=\"lazy\" decoding=\"async\" class=\"size-large wp-image-52691\" src=\"https:\/\/livinghome.vn\/thiet-bi\/wp-content\/uploads\/nha-bep\/whirlpool\/bep-tu-whirlpool\/bep-tu-whirlpool-acm865ba\/bep-tu-whirlpool-acm865ba-4-1067x800.jpg\" alt=\"B\u1ebfp t\u1eeb Whirlpool ACM865 BA 3 v\u00f9ng n\u1ea5u 60cm\" width=\"1020\" height=\"765\" title=\"\"><figcaption id=\"caption-attachment-52691\" class=\"wp-caption-text\">B\u1ebfp t\u1eeb Whirlpool ACM865\/BA gia nhi\u1ec7t nhanh ch\u00f3ng<\/figcaption><\/figure>\n<h2>Th\u00f4ng s\u1ed1 k\u1ef9 thu\u1eadt<\/h2>\n<ul>\n<li>M\u1ee9c hi\u1ec7u qu\u1ea3 n\u0103ng l\u01b0\u1ee3ng: Lo\u1ea1i 4<\/li>\n<li>T\u1ed5ng c\u00f4ng su\u1ea5t T\u1ed1i \u0111a: 7000W<\/li>\n<li>C\u1ed1ng su\u1ea5t v\u00f9ng n\u1ea5u Ph\u00eda tr\u01b0\u1edbc b\u00ean tr\u00e1i (* v\u1edbi Booster) \/ \u0110\u01b0\u1eddng k\u00ednh: 1200W (* 1800W) \/ 145mm<\/li>\n<li>C\u00f4ng su\u1ea5t v\u00f9ng n\u1ea5u b\u00ean ph\u1ea3i (* v\u1edbi Booster) \/ \u0110\u01b0\u1eddng k\u00ednh: 2400W (* 3400W) \/ 180mm \/ 280mm<\/li>\n<li>C\u00f4ng su\u1ea5t v\u00f9ng n\u1ea5u Ph\u00eda sau b\u00ean tr\u00e1i (* v\u1edbi Booster) \/ \u0110\u01b0\u1eddng k\u00ednh: 2200W (* 3000W) \/ 210mm<\/li>\n<li>B\u1ed9 ng\u1eaft: 32A<\/li>\n<li>Chi\u1ec1u d\u00e0i\u00a0 d\u00e2y ngu\u1ed3n: 1000mm<\/li>\n<li>K\u00edch th\u01b0\u1edbc s\u1ea3n ph\u1ea9m (L\u1eafp \u0111\u1eb7t t\u00edch h\u1ee3p) (HxWxD \/ mm): 56 x 580 x 510<\/li>\n<li>K\u00edch th\u01b0\u1edbc ph\u1ea7m \u00e2m (HxWxD \/ mm): 560 x 490<\/li>\n<li>N\u01b0\u1edbc s\u1ea3n xu\u1ea5t: \u00dd<\/li>\n<\/ul>\n<h2>T\u00ednh n\u0103ng ch\u00ednh<\/h2>\n<ul>\n<li>S\u1ed1 v\u00f9ng n\u1ea5u: 3<\/li>\n<li>M\u1ee9c n\u0103ng l\u01b0\u1ee3ng: 9<\/li>\n<li>N\u1ea5u \u0103n linh ho\u1ea1t: Kh\u00f4ng<\/li>\n<li>Ch\u1ee9c n\u0103ng gia nhi\u1ec7t nhanh: C\u00f3<\/li>\n<li>C\u00f4ng t\u1eafc B\u1eadt \/ T\u1eaft ch\u00ednh: C\u00f3<\/li>\n<li>Ch\u1ec9 b\u00e1o b\u1eadt ngu\u1ed3n: C\u00f3<\/li>\n<li>Ch\u1ec9 b\u00e1o nhi\u1ec7t d\u01b0: C\u00f3<\/li>\n<li>H\u1eb9n gi\u1edd: C\u00f3<\/li>\n<li>Kh\u00f3a tr\u1ebb em: C\u00f3<\/li>\n<li>Ch\u1ee9c n\u0103ng ph\u00e1t hi\u1ec7n xoong n\u1ed3i: C\u00f3<\/li>\n<li>C\u1ea3m bi\u1ebfn ch\u1ed1ng tr\u00e0n: C\u00f3<\/li>\n<li>T\u00edn hi\u1ec7u \u00e2m thanh: C\u00f3<\/li>\n<li>Ch\u1ec9 b\u00e1o m\u00e3 l\u1ed7i: C\u00f3<\/li>\n<\/ul>\n<h2>Thi\u1ebft k\u1ebf cao c\u1ea5p<\/h2>\n<ul>\n<li>Lo\u1ea1i: l\u1eafp \u00e2m 3 v\u00f9ng n\u1ea5u<\/li>\n<li>\u0110i\u1ec1u khi\u1ec3n: C\u1ea3m \u1ee9ng<\/li>\n<li>K\u00ednh: SCHOTT CERAN \u00ae<\/li>\n<li>M\u00e0u s\u1eafc: \u0110en<\/li>\n<li>K\u00edch th\u01b0\u1edbc s\u1ea3n ph\u1ea9m (mm): W580 x D510 x H56<\/li>\n<li>K\u00edch th\u01b0\u1edbc ph\u1ea7m \u00e2m (mm): W560 x D490<\/li>\n<li>N\u01b0\u1edbc s\u1ea3n xu\u1ea5t: \u00dd<\/li>\n<\/ul>\n","protected":false},"excerpt":{"rendered":"<h3>B\u1ebfp 3 T\u1eeb Whirlpool ACM865\/BA<\/h3>\n<ul>\n<li>Lo\u1ea1i: B\u1ebfp \u00e2m 3 v\u00f9ng n\u1ea5u t\u1eeb, h\u00ecnh vu\u00f4ng<\/li>\n<li>\u0110i\u1ec1u khi\u1ec3n: C\u1ea3m \u1ee9ng<\/li>\n<li>K\u00ednh: SCHOTT CERAN \u00ae<\/li>\n<li>M\u00e0u s\u1eafc: \u0110en<\/li>\n<li>K\u00edch th\u01b0\u1edbc s\u1ea3n ph\u1ea9m (mm): W580 x D510 x H56<\/li>\n<li>K\u00edch th\u01b0\u1edbc ph\u1ea7m \u00e2m (mm): W560 x D490<\/li>\n<li>N\u01b0\u1edbc s\u1ea3n xu\u1ea5t: \u00dd<\/li>\n<\/ul>\n","protected":false},"featured_media":3061,"comment_status":"open","ping_status":"closed","template":"","meta":[],"product_brand":[],"product_cat":[75,868,745,800,802,724,812,805,871,725,380],"product_tag":[983,76,112,168,384,382],"class_list":{"0":"post-3027","1":"product","2":"type-product","3":"status-publish","4":"has-post-thumbnail","6":"product_cat-bep-tu","7":"product_cat-bep-3-tu","8":"product_cat-bep-dien-tu","9":"product_cat-bep-dien-tu-hinh-vuong","10":"product_cat-bep-dien-tu-mat-kinh-schott-ceran","11":"product_cat-bep-dien-tu-whirlpool","12":"product_cat-bep-dien-tu-y-italy","13":"product_cat-bep-tu-3-vung-nau","14":"product_cat-bep-tu-da-vung-nau","15":"product_cat-bep-tu-whirlpool","16":"product_cat-thuong-hieu-whirlpool","17":"product_tag-bep-dien-tu-mat-kinh-schott-ceran","18":"product_tag-bep-tu","19":"product_tag-bep-tu-3-vung-nau","20":"product_tag-bep-tu-am","21":"product_tag-bep-tu-whirlpool","22":"product_tag-whirlpool","24":"first","25":"instock","26":"sale","27":"shipping-taxable","28":"purchasable","29":"product-type-simple"},"_links":{"self":[{"href":"https:\/\/livinghome.vn\/thiet-bi\/wp-json\/wp\/v2\/product\/3027","targetHints":{"allow":["GET"]}}],"collection":[{"href":"https:\/\/livinghome.vn\/thiet-bi\/wp-json\/wp\/v2\/product"}],"about":[{"href":"https:\/\/livinghome.vn\/thiet-bi\/wp-json\/wp\/v2\/types\/product"}],"replies":[{"embeddable":true,"href":"https:\/\/livinghome.vn\/thiet-bi\/wp-json\/wp\/v2\/comments?post=3027"}],"wp:featuredmedia":[{"embeddable":true,"href":"https:\/\/livinghome.vn\/thiet-bi\/wp-json\/wp\/v2\/media\/3061"}],"wp:attachment":[{"href":"https:\/\/livinghome.vn\/thiet-bi\/wp-json\/wp\/v2\/media?parent=3027"}],"wp:term":[{"taxonomy":"product_brand","embeddable":true,"href":"https:\/\/livinghome.vn\/thiet-bi\/wp-json\/wp\/v2\/product_brand?post=3027"},{"taxonomy":"product_cat","embeddable":true,"href":"https:\/\/livinghome.vn\/thiet-bi\/wp-json\/wp\/v2\/product_cat?post=3027"},{"taxonomy":"product_tag","embeddable":true,"href":"https:\/\/livinghome.vn\/thiet-bi\/wp-json\/wp\/v2\/product_tag?post=3027"}],"curies":[{"name":"wp","href":"https:\/\/api.w.org\/{rel}","templated":true}]}}