{"id":3026,"date":"2023-01-12T17:38:07","date_gmt":"2023-01-12T17:38:07","guid":{"rendered":"https:\/\/livinghome.vn\/thiet-bi\/?post_type=product&#038;p=3026"},"modified":"2024-11-29T14:20:24","modified_gmt":"2024-11-29T07:20:24","slug":"bep-hong-ngoai-whirlpool-act7324-blv-73cm","status":"publish","type":"product","link":"https:\/\/livinghome.vn\/thiet-bi\/bep-hong-ngoai-whirlpool-act7324-blv-73cm\/","title":{"rendered":"B\u1ebfp H\u1ed3ng Ngo\u1ea1i Whirlpool ACT7324\/BLV, 73CM, 2 \u0110i\u1ec7n, K\u00ednh Ceramic"},"content":{"rendered":"<h2>B\u1ebfp H\u1ed3ng Ngo\u1ea1i \u0110\u00f4i Whirlpool ACT7324\/BLV nh\u1eadp kh\u1ea9u chuy\u00ean chi\u1ebfc<\/h2>\n<p>V\u1edbi thi\u1ebft k\u1ebf hi\u1ec7n \u0111\u1ea1i, \u0111a t\u00ednh n\u0103ng\u00a0 ch\u1eafc ch\u1eafn l\u00e0 s\u1ef1 l\u1ef1a ch\u1ecdn tuy\u1ec7t v\u1eddi \u0111\u1ed1i v\u1edbi kh\u00f4ng gian b\u1ebfp nh\u00e0 b\u1ea1n.<\/p>\n<h2>\u0110i\u1ec1u khi\u1ec3n thanh tr\u01b0\u1ee3t c\u1ea3m \u1ee9ng v\u1edbi 12 m\u1ee9c c\u00f4ng su\u1ea5t<\/h2>\n<p><a href=\"https:\/\/livinghome.vn\/thiet-bi\/bep-dien-tu\/\">B\u1ebfp \u0111i\u1ec7n t\u1eeb<\/a> C\u1ea3m gi\u00e1c cao c\u1ea5p v\u1edbi ch\u1ee9c n\u0103ng \u0111i\u1ec1u khi\u1ec3n nhi\u1ec7t ch\u00ednh x\u00e1c.<\/p>\n<figure id=\"attachment_52670\" aria-describedby=\"caption-attachment-52670\" style=\"width: 800px\" class=\"wp-caption alignnone\"><img loading=\"lazy\" decoding=\"async\" class=\"wp-image-52670 size-large\" src=\"https:\/\/livinghome.vn\/thiet-bi\/wp-content\/uploads\/nha-bep\/whirlpool\/bep-dien-whirlpool\/bep-dien-whirlpool-act7324-blv-01\/bep-dien-whirlpool-act7324-blv-01-3-800x800.jpg\" alt=\"B\u1ebfp H\u1ed3ng Ngo\u1ea1i Whirlpool ACT7324\/BLV, 73CM, 2 \u0110i\u1ec7n, K\u00ednh Ceramic\" width=\"800\" height=\"800\" title=\"\"><figcaption id=\"caption-attachment-52670\" class=\"wp-caption-text\">B\u1ebfp H\u1ed3ng Ngo\u1ea1i Whirlpool ACT7324\/BLV, 73CM, 2 \u0110i\u1ec7n, K\u00ednh Ceramic<\/figcaption><\/figure>\n<h2>V\u00f9ng n\u1ea5u c\u1ea3m \u1ee9ng \u0111i\u1ec7n t\u1eeb v\u1edbi ch\u1ee9c n\u0103ng gia nhi\u1ec7t nhanh<\/h2>\n<p>Chu\u1ea9n b\u1ecb th\u1ee9c \u0103n v\u00e0 \u0111un s\u00f4i n\u01b0\u1edbc v\u1edbi m\u1ee9c ti\u00eau th\u1ee5 n\u0103ng l\u01b0\u1ee3ng th\u1ea5p h\u01a1n. B\u1ebfp \u0111i\u1ec7n t\u1eeb s\u1ebd gia nhi\u1ec7t t\u1ed1i \u0111a v\u00e0 \u0111\u01b0a <a href=\"https:\/\/livinghome.vn\/thiet-bi\/bo-noi\/\">n\u1ed3i<\/a> \u0111\u1ebfn nhi\u1ec7t \u0111\u1ed9 s\u00f4i tr\u01b0\u1edbc khi \u0111\u1ec3 l\u1eeda nh\u1ecf. Gi\u1ea3m \u0111\u1ebfn 10% n\u0103ng l\u01b0\u1ee3ng ti\u00eau th\u1ee5.<\/p>\n<figure id=\"attachment_52671\" aria-describedby=\"caption-attachment-52671\" style=\"width: 800px\" class=\"wp-caption alignnone\"><img loading=\"lazy\" decoding=\"async\" class=\"wp-image-52671 size-large\" src=\"https:\/\/livinghome.vn\/thiet-bi\/wp-content\/uploads\/nha-bep\/whirlpool\/bep-dien-whirlpool\/bep-dien-whirlpool-act7324-blv-01\/bep-dien-whirlpool-act7324-blv-01-2-800x800.jpg\" alt=\"B\u1ebfp H\u1ed3ng Ngo\u1ea1i Whirlpool ACT7324\/BLV, 73CM, 2 \u0110i\u1ec7n, K\u00ednh Ceramic\" width=\"800\" height=\"800\" title=\"\"><figcaption id=\"caption-attachment-52671\" class=\"wp-caption-text\">Whirlpool ACT7324\/BLV h\u1eb9n gi\u1edd l\u00ean t\u1edbi 99 ph\u00fat v\u00e0 c\u00e1c ch\u1ee9c n\u0103ng \u0111\u1ea7y \u0111\u1ee7 ti\u1ec7n l\u1ee3i c\u1ee7a 1 chi\u1ebfc b\u1ebfp \u0111i\u1ec7n h\u1ed3ng ngo\u1ea1i h\u00e0ng \u0111\u1ea7u<\/figcaption><\/figure>\n<h2><strong>Kh\u00f3a tr\u1ebb em, Ch\u1ec9 b\u00e1o nhi\u1ec7t d\u01b0, T\u1ef1 \u0111\u1ed9ng t\u1eaft &amp; S\u00e1ng v\u00f9ng n\u1ea5u<\/strong><\/h2>\n<p>C\u00f3 c\u00e1c t\u00ednh n\u0103ng an to\u00e0n \u0111\u1ec3 b\u1ea3o v\u1ec7 tr\u1ebb em<\/p>\n<figure id=\"attachment_52669\" aria-describedby=\"caption-attachment-52669\" style=\"width: 1020px\" class=\"wp-caption alignnone\"><img loading=\"lazy\" decoding=\"async\" class=\"wp-image-52669 size-large\" src=\"https:\/\/livinghome.vn\/thiet-bi\/wp-content\/uploads\/nha-bep\/whirlpool\/bep-dien-whirlpool\/bep-dien-whirlpool-act7324-blv-01\/bep-dien-whirlpool-act7324-blv-01-4-1067x800.jpg\" alt=\"B\u1ebfp H\u1ed3ng Ngo\u1ea1i Whirlpool ACT7324\/BLV, 73CM, 2 \u0110i\u1ec7n, K\u00ednh Ceramic\" width=\"1020\" height=\"765\" title=\"\"><figcaption id=\"caption-attachment-52669\" class=\"wp-caption-text\">Gia nhi\u1ec7t nhanh ch\u00f3ng v\u1edbi ch\u1ee9c n\u0103ng Booster<\/figcaption><\/figure>\n<h2><strong>Th\u00f4ng s\u1ed1 k\u1ef9 thu\u1eadt<\/strong><\/h2>\n<ul>\n<li>T\u1ed5ng c\u00f4ng su\u1ea5t: 4000-4800W<\/li>\n<li>V\u00f9ng n\u1ea5u b\u1ebfp \u0111i\u1ec7n b\u00ean tr\u00e1i (k\u00edch th\u01b0\u1edbc v\u00e0 c\u00f4ng su\u1ea5t): 230mm, 2200W<\/li>\n<li>V\u00f9ng n\u1ea5u b\u1ebfp \u0111i\u1ec7n b\u00ean ph\u1ea3i (k\u00edch th\u01b0\u1edbc v\u00e0 c\u00f4ng su\u1ea5t): 230mm, 2200W<\/li>\n<li>Chi\u1ec1u d\u00e0i \u0111\u00e2y \u0111i\u1ec7n: 1,1m<\/li>\n<li>K\u00edch th\u01b0\u1edbc s\u1ea3n ph\u1ea9m (WxD \/ mm): 730 x 430<\/li>\n<li>K\u00edch th\u01b0\u1edbc ph\u1ea7n \u00e2m (WxD \/ mm): 695 x 395<\/li>\n<li>T\u1ed5ng tr\u1ecdng l\u01b0\u1ee3ng (kg): 8,8<\/li>\n<li>Tr\u1ecdng l\u01b0\u1ee3ng t\u1ecbnh (kg): 7.6<\/li>\n<li>C\u01b0\u1eddng \u0111\u1ed9 d\u00f2ng \u0111i\u1ec7n: 20 Amp<\/li>\n<\/ul>\n<h2><strong>T\u00ednh n\u0103ng<\/strong><\/h2>\n<ul>\n<li>S\u1ed1 v\u00f9ng n\u1ea5u: 2<\/li>\n<li>V\u00f9ng n\u1ea5u: 2 v\u00f9ng n\u1ea5u Ceramic<\/li>\n<li>Ph\u01b0\u01a1ng th\u1ee9c \u0111i\u1ec1u khi\u1ec3n: \u0110i\u1ec1u khi\u1ec3n thanh tr\u01b0\u1ee3t c\u1ea3m \u1ee9ng<\/li>\n<li>V\u1eadt li\u1ec7u b\u1ea3ng \u0111i\u1ec1u khi\u1ec3n: K\u00ednh c\u01b0\u1eddng l\u1ef1c<\/li>\n<li>M\u1ee9c c\u00f4ng su\u1ea5t: 12 m\u1ee9c<\/li>\n<\/ul>\n<h2><strong>Thi\u1ebft k\u1ebf<\/strong><\/h2>\n<ul>\n<li>Lo\u1ea1i: Ceramic t\u00edch h\u1ee3p<\/li>\n<li>\u0110i\u1ec1u khi\u1ec3n: \u0110i\u1ec1u khi\u1ec3n tr\u01b0\u1ee3t c\u1ea3m \u1ee9ng ph\u00eda tr\u01b0\u1edbc<\/li>\n<li>K\u00ednh: k\u00ednh c\u01b0\u1eddng l\u1ef1c<\/li>\n<li>M\u00e0u s\u1eafc: \u0110en<\/li>\n<\/ul>\n","protected":false},"excerpt":{"rendered":"<h3>B\u1ebfp 2 H\u1ed3ng Ngo\u1ea1i Whirlpool ACT7324\/BLV<\/h3>\n<ul>\n<li>Lo\u1ea1i: B\u1ebfp \u00e2m 2 v\u00f9ng n\u1ea5u h\u1ed3ng ngo\u1ea1i, h\u00ecnh ch\u1eef nh\u1eadt<\/li>\n<li>\u0110i\u1ec1u khi\u1ec3n: C\u1ea3m \u1ee9ng<\/li>\n<li>K\u00ednh: Ceramic<\/li>\n<li>M\u00e0u s\u1eafc: \u0110en<\/li>\n<li>K\u00edch th\u01b0\u1edbc s\u1ea3n ph\u1ea9m (mm): W730 x D430<\/li>\n<li>K\u00edch th\u01b0\u1edbc ph\u1ea7m \u00e2m (mm): W695 x D395<\/li>\n<li>T\u1ed5ng c\u00f4ng su\u1ea5t: 4000-4800W<\/li>\n<li>N\u01b0\u1edbc s\u1ea3n xu\u1ea5t: Trung Qu\u1ed1c<\/li>\n<\/ul>\n","protected":false},"featured_media":3058,"comment_status":"open","ping_status":"closed","template":"","meta":[],"product_brand":[],"product_cat":[741,117,768,745,796,799,801,802,724,812,380],"product_tag":[118,119,120,383,174,769,382],"class_list":{"0":"post-3026","1":"product","2":"type-product","3":"status-publish","4":"has-post-thumbnail","6":"product_cat-bep-hong-ngoai","7":"product_cat-bep-dien-hong-ngoai","8":"product_cat-bep-dien-hong-ngoai-whirlpool","9":"product_cat-bep-dien-tu","10":"product_cat-bep-dien-tu-doi","11":"product_cat-bep-dien-tu-hinh-chu-nhat","12":"product_cat-bep-dien-tu-khong-ken-noi","13":"product_cat-bep-dien-tu-mat-kinh-schott-ceran","14":"product_cat-bep-dien-tu-whirlpool","15":"product_cat-bep-dien-tu-y-italy","16":"product_cat-thuong-hieu-whirlpool","17":"product_tag-bep-dien","18":"product_tag-bep-dien-2-vung-nau","19":"product_tag-bep-dien-am","20":"product_tag-bep-dien-whirlpool","21":"product_tag-bep-hong-ngoai","22":"product_tag-bep-hong-ngoai-whirlpool","23":"product_tag-whirlpool","25":"first","26":"instock","27":"sale","28":"shipping-taxable","29":"purchasable","30":"product-type-simple"},"_links":{"self":[{"href":"https:\/\/livinghome.vn\/thiet-bi\/wp-json\/wp\/v2\/product\/3026","targetHints":{"allow":["GET"]}}],"collection":[{"href":"https:\/\/livinghome.vn\/thiet-bi\/wp-json\/wp\/v2\/product"}],"about":[{"href":"https:\/\/livinghome.vn\/thiet-bi\/wp-json\/wp\/v2\/types\/product"}],"replies":[{"embeddable":true,"href":"https:\/\/livinghome.vn\/thiet-bi\/wp-json\/wp\/v2\/comments?post=3026"}],"wp:featuredmedia":[{"embeddable":true,"href":"https:\/\/livinghome.vn\/thiet-bi\/wp-json\/wp\/v2\/media\/3058"}],"wp:attachment":[{"href":"https:\/\/livinghome.vn\/thiet-bi\/wp-json\/wp\/v2\/media?parent=3026"}],"wp:term":[{"taxonomy":"product_brand","embeddable":true,"href":"https:\/\/livinghome.vn\/thiet-bi\/wp-json\/wp\/v2\/product_brand?post=3026"},{"taxonomy":"product_cat","embeddable":true,"href":"https:\/\/livinghome.vn\/thiet-bi\/wp-json\/wp\/v2\/product_cat?post=3026"},{"taxonomy":"product_tag","embeddable":true,"href":"https:\/\/livinghome.vn\/thiet-bi\/wp-json\/wp\/v2\/product_tag?post=3026"}],"curies":[{"name":"wp","href":"https:\/\/api.w.org\/{rel}","templated":true}]}}