{"id":297,"date":"2023-01-12T10:05:52","date_gmt":"2023-01-12T10:05:52","guid":{"rendered":"https:\/\/livinghome.vn\/thiet-bi\/?post_type=product&#038;p=297"},"modified":"2024-02-19T15:53:28","modified_gmt":"2024-02-19T08:53:28","slug":"may-hut-mui-dmestik-es3090-dmk-mau-den-sang-trong","status":"publish","type":"product","link":"https:\/\/livinghome.vn\/thiet-bi\/may-hut-mui-dmestik-es3090-dmk-mau-den-sang-trong\/","title":{"rendered":"M\u00e1y h\u00fat m\u00f9i Dmestik ES3090 DMK m\u00e0u \u0111en sang tr\u1ecdng"},"content":{"rendered":"<h2><strong>M\u00e1y h\u00fat m\u00f9i Dmestik ES3090 DMK m\u00e0u \u0111en sang tr\u1ecdng <\/strong><\/h2>\n<p>S\u1ea3n ph\u1ea9m \u0111\u01b0\u1ee3c thi\u1ebft k\u1ebf d\u1ea1ng treo \u00e2m t\u1ee7, ph\u00f9 h\u1ee3p v\u1edbi kh\u00f4ng gian nh\u00e0 b\u1ebfp thi\u1ebft k\u1ebf d\u1ea1ng t\u1ee7 li\u1ec1n l\u1ea1c. M\u00e1y \u0111\u1ea1t ti\u00eau chu\u1ea9n c\u1ee7a Ch\u00e2u \u00c2u v\u1edbi nhi\u1ec1u ch\u1ee9c n\u0103ng th\u00f4ng minh v\u00e0 hi\u1ec7n \u0111\u1ea1i nh\u01b0ng v\u00f4 c\u00f9ng ti\u1ebft ki\u1ec7m \u0111i\u1ec7n.<\/p>\n<h3>Gi\u1eddi thi\u1ec7u s\u1ea3n ph\u1ea9m<\/h3>\n<ul>\n<li><a href=\"https:\/\/livinghome.vn\/thiet-bi\/may-hut-mui\/\">M\u00e1y h\u00fat m\u00f9i<\/a> Dmestik ES3090 DMK<\/li>\n<li>M\u00e0u s\u1eafc: M\u00e0u \u0111en<\/li>\n<li>H\u00fat m\u00f9i d\u1ea1ng \u00e2m t\u1ee7<\/li>\n<li>\u0110\u00e8n chi\u1ebfu s\u00e1ng Halogen<\/li>\n<li>L\u01b0\u1edbi l\u1ecdc b\u1eb1ng h\u1ee3p kim 5 l\u1edbp d\u1ec5 th\u00e1o l\u1eafp v\u1ec7 sinh<\/li>\n<li>Ch\u1ea5t li\u1ec7u th\u00e2n m\u00e1y: th\u00e9p kh\u00f4ng g\u1ec9<\/li>\n<li>Th\u00e2n m\u00e1y s\u01a1n t\u0129nh \u0111i\u1ec7n<\/li>\n<li>B\u1ea3ng \u0111i\u1ec1u khi\u1ec3n d\u1ea1ng c\u01a1 thu\u1eadn ti\u1ec7n<\/li>\n<li>2 m\u1ee9c \u0111i\u1ec1u khi\u1ec3n th\u00f4ng minh<\/li>\n<li>D\u1ec5 d\u00e0ng l\u1eafp \u0111\u1eb7t<\/li>\n<li>H\u1ea1n ch\u1ebf ti\u1ebfng \u1ed3n m\u1ee9c t\u1ed1i \u0111a<\/li>\n<\/ul>\n<p>M\u00e1y h\u00fat m\u00f9i Dmestik ES3090 DMK th\u01b0\u1eddng bao g\u1ed3m c\u00e1c b\u1ed9 ph\u1eadn c\u01a1 b\u1ea3n nh\u01b0 l\u1edbp ngo\u00e0i b\u1ea3o v\u1ec7, h\u1ec7 th\u1ed1ng d\u1eabn h\u01a1i, d\u00e0n l\u1ecdc than ho\u1ea1t t\u00ednh ho\u1eb7c c\u00e1c l\u1edbp kim lo\u1ea1i, t\u1ea5m kim lo\u1ea1i hay l\u01b0\u1edbi l\u1ecdc ban \u0111\u1ea7u, qu\u1ea1t h\u00fat, \u0111\u00e8n chi\u1ebfu s\u00e1ng, \u0111\u00e8n b\u00e1o hi\u1ec7u m\u1ee9c \u0111\u1ed9 b\u00e1m b\u1ea9n v\u00e0 n\u00fat \u0111i\u1ec1u ch\u1ec9nh c\u00e1c t\u1ed1c \u0111\u1ed9 h\u00fat t\u1eeb 1 \u0111\u1ebfn 3. C\u00e1c b\u1ed9 ph\u1eadn l\u1ecdc c\u00f3 th\u1ec3 th\u00e1o r\u1eddi \u0111\u1ec3 v\u1ec7 sinh.<\/p>\n<p>Sau khi d\u00f9ng kho\u1ea3ng t\u1eeb m\u1ed9t \u0111\u1ebfn hai tu\u1ea7n n\u00ean th\u00e1o l\u01b0\u1edbi l\u1ecdc ra v\u1ec7 sinh b\u1eb1ng c\u00e1ch ng\u00e2m v\u00e0o n\u01b0\u1edbc \u1ea5m c\u00f3 pha x\u00e0 b\u00f4ng, c\u00f3 th\u1ec3 d\u00f9ng lo\u1ea1i b\u00e0n ch\u1ea3i m\u1ec1m \u0111\u1ec3 c\u1ecd s\u1ea1ch l\u1edbn b\u1ea9n b\u00e1m, sau \u0111\u00f3 lau th\u1eadt kh\u00f4.<\/p>\n<h3>Th\u00f4ng tin k\u1ef9 thu\u1eadt<\/h3>\n<ul>\n<li>\u0110\u00e8n led chi\u1ebfu s\u00e1ng: 2&#215;50 W<\/li>\n<li>K\u00edch th\u01b0\u1edbc: 900 x 290 x 185mm<\/li>\n<li>\u1ed0ng x\u1ea3:\u00a0\u00d8 120mm<\/li>\n<li>C\u00f4ng su\u1ea5t \u0111\u1ed9ng c\u01a1: 100W<\/li>\n<li>\u00c1p su\u1ea5t ( t\u1ed1i \u0111a): 194Pa<\/li>\n<li>C\u00f4ng su\u1ea5t h\u00fat: 950m3\/h<\/li>\n<li>\u0110\u1ed9 \u1ed3n ( t\u1ed1i \u0111a): =&lt;48 dba<\/li>\n<li>Xu\u1ea5t x\u1ee9: CNA Group T\u00e2y Ban Nha<\/li>\n<li>B\u1ea3o h\u00e0nh ch\u00ednh h\u00e3ng: 3 n\u0103m<\/li>\n<\/ul>\n<figure id=\"attachment_57620\" aria-describedby=\"caption-attachment-57620\" style=\"width: 800px\" class=\"wp-caption aligncenter\"><img loading=\"lazy\" decoding=\"async\" class=\"size-large wp-image-57620\" src=\"https:\/\/livinghome.vn\/thiet-bi\/wp-content\/uploads\/nha-bep\/dmestik\/may-hut-mui\/may-hut-mui-dmestik-es-3090-dmk\/may-hut-mui-dmestik-es-3090-dmk-2-800x800.jpg\" alt=\"M\u00e1y h\u00fat m\u00f9i Dmestik ES3090 DMK m\u00e0u \u0111en sang tr\u1ecdng\" width=\"800\" height=\"800\" title=\"\"><figcaption id=\"caption-attachment-57620\" class=\"wp-caption-text\">M\u00e1y h\u00fat m\u00f9i Dmestik ES3090 DMK m\u00e0u \u0111en sang tr\u1ecdng<\/figcaption><\/figure>\n","protected":false},"excerpt":{"rendered":"<p>B\u1ea3ng \u0111i\u1ec1u khi\u1ec3n d\u1ea1ng c\u01a1 thu\u1eadn ti\u1ec7n<\/p>\n<p>2 m\u1ee9c \u0111i\u1ec1u khi\u1ec3n th\u00f4ng minh<\/p>\n<p>L\u01b0\u1edbi l\u1ecdc b\u1eb1ng h\u1ee3p kim 5 l\u1edbp d\u1ec5 th\u00e1o l\u1eafp v\u1ec7 sinh<\/p>\n<p>Ch\u1ea5t li\u1ec7u th\u00e2n m\u00e1y: th\u00e9p kh\u00f4ng g\u1ec9<\/p>\n<p>\u0110\u00e8n led chi\u1ebfu s\u00e1ng: 2&#215;50 W<\/p>\n<p>K\u00edch th\u01b0\u1edbc: 900 x 290 x 185mm<\/p>\n<p>\u1ed0ng x\u1ea3:\u00a0\u00d8 120mm<\/p>\n<p>C\u00f4ng su\u1ea5t \u0111\u1ed9ng c\u01a1: 100W<\/p>\n<p>\u00c1p su\u1ea5t ( t\u1ed1i \u0111a): 194Pa<\/p>\n<p>C\u00f4ng su\u1ea5t h\u00fat: 950m3\/h<\/p>\n<p>\u0110\u1ed9 \u1ed3n ( t\u1ed1i \u0111a): =&lt;48 dba<\/p>\n<p>&nbsp;<\/p>\n","protected":false},"featured_media":365,"comment_status":"open","ping_status":"closed","template":"","meta":[],"product_brand":[],"product_cat":[84,130,72],"product_tag":[74,86,87,88],"class_list":{"0":"post-297","1":"product","2":"type-product","3":"status-publish","4":"has-post-thumbnail","6":"product_cat-may-hut-mui","7":"product_cat-may-hut-mui-am-tu-keo","8":"product_cat-thuong-hieu-dmestik","9":"product_tag-dmestik","10":"product_tag-may-hut-mui","11":"product_tag-may-hut-mui-am-tu","12":"product_tag-may-hut-mui-dmestik","14":"first","15":"instock","16":"sale","17":"shipping-taxable","18":"purchasable","19":"product-type-simple"},"_links":{"self":[{"href":"https:\/\/livinghome.vn\/thiet-bi\/wp-json\/wp\/v2\/product\/297","targetHints":{"allow":["GET"]}}],"collection":[{"href":"https:\/\/livinghome.vn\/thiet-bi\/wp-json\/wp\/v2\/product"}],"about":[{"href":"https:\/\/livinghome.vn\/thiet-bi\/wp-json\/wp\/v2\/types\/product"}],"replies":[{"embeddable":true,"href":"https:\/\/livinghome.vn\/thiet-bi\/wp-json\/wp\/v2\/comments?post=297"}],"wp:featuredmedia":[{"embeddable":true,"href":"https:\/\/livinghome.vn\/thiet-bi\/wp-json\/wp\/v2\/media\/365"}],"wp:attachment":[{"href":"https:\/\/livinghome.vn\/thiet-bi\/wp-json\/wp\/v2\/media?parent=297"}],"wp:term":[{"taxonomy":"product_brand","embeddable":true,"href":"https:\/\/livinghome.vn\/thiet-bi\/wp-json\/wp\/v2\/product_brand?post=297"},{"taxonomy":"product_cat","embeddable":true,"href":"https:\/\/livinghome.vn\/thiet-bi\/wp-json\/wp\/v2\/product_cat?post=297"},{"taxonomy":"product_tag","embeddable":true,"href":"https:\/\/livinghome.vn\/thiet-bi\/wp-json\/wp\/v2\/product_tag?post=297"}],"curies":[{"name":"wp","href":"https:\/\/api.w.org\/{rel}","templated":true}]}}