{"id":296,"date":"2023-01-12T10:05:52","date_gmt":"2023-01-12T10:05:52","guid":{"rendered":"https:\/\/livinghome.vn\/thiet-bi\/?post_type=product&#038;p=296"},"modified":"2024-11-29T14:21:08","modified_gmt":"2024-11-29T07:21:08","slug":"bep-tu-dmestik-dk88-dki-31cm-1-tu-mat-kinh-kanger","status":"publish","type":"product","link":"https:\/\/livinghome.vn\/thiet-bi\/bep-tu-dmestik-dk88-dki-31cm-1-tu-mat-kinh-kanger\/","title":{"rendered":"B\u1ebfp T\u1eeb Dmestik DK88 DKI, 31cm, 1 T\u1eeb, M\u1eb7t K\u00ednh Kanger"},"content":{"rendered":"<h2>B\u1ebfp t\u1eeb Dmestik DK88 DKI &#8211; G\u1ecdn Nh\u1eb9, N\u1ea5u Nhanh<\/h2>\n<figure id=\"attachment_16973\" aria-describedby=\"caption-attachment-16973\" style=\"width: 1200px\" class=\"wp-caption alignnone\"><img loading=\"lazy\" decoding=\"async\" class=\"size-full wp-image-16973\" src=\"https:\/\/livinghome.vn\/thiet-bi\/wp-content\/uploads\/san-pham\/bep-tu\/bep-tu-dmestik\/dmestik-dk-88-dki-1.jpg\" alt=\"B\u1ebfp T\u1eeb Dmestik DK88 DKI, 31cm, 1 T\u1eeb, M\u1eb7t K\u00ednh Kanger\" width=\"1200\" height=\"690\" title=\"\" srcset=\"https:\/\/livinghome.vn\/thiet-bi\/wp-content\/uploads\/san-pham\/bep-tu\/bep-tu-dmestik\/dmestik-dk-88-dki-1.jpg 1200w, https:\/\/livinghome.vn\/thiet-bi\/wp-content\/uploads\/san-pham\/bep-tu\/bep-tu-dmestik\/dmestik-dk-88-dki-1-600x345.jpg 600w, https:\/\/livinghome.vn\/thiet-bi\/wp-content\/uploads\/san-pham\/bep-tu\/bep-tu-dmestik\/dmestik-dk-88-dki-1-696x400.jpg 696w, https:\/\/livinghome.vn\/thiet-bi\/wp-content\/uploads\/san-pham\/bep-tu\/bep-tu-dmestik\/dmestik-dk-88-dki-1-768x442.jpg 768w\" sizes=\"auto, (max-width: 1200px) 100vw, 1200px\" \/><figcaption id=\"caption-attachment-16973\" class=\"wp-caption-text\">B\u1ebfp T\u1eeb Dmestik DK88 DKI, 31cm, 1 T\u1eeb, M\u1eb7t K\u00ednh Kanger<\/figcaption><\/figure>\n<h3>\u01afu \u0110i\u1ec3m<\/h3>\n<ul>\n<li>M\u1eb7t k\u00ednh Kanger<\/li>\n<li>C\u00f4ng ngh\u1ec7 Inverter ti\u1ebft ki\u1ec7m \u0111i\u1ec7n<\/li>\n<li>B\u1ea3ng \u0111i\u1ec1u khi\u1ec3n c\u1ea3m \u1ee9ng tr\u01b0\u1ee3t<\/li>\n<li>N\u1ea5u si\u00eau t\u1ed1c PowerBoost<\/li>\n<li>C\u1ea3nh b\u00e1o ch\u1ed1ng tr\u00e0n<\/li>\n<li>Kh\u00f3a an to\u00e0n cho tr\u1ebb em<\/li>\n<li>C\u00f3 ch\u1ee9c n\u0103ng h\u1eb9n gi\u1edd<\/li>\n<li>T\u1ef1 \u0111\u1ed9ng t\u1eaft b\u1ebfp khi qu\u00e1 nhi\u1ec7t, qu\u00e1 \u00e1p<\/li>\n<\/ul>\n<h3>Th\u00f4ng S\u1ed1 K\u1ef9 Thu\u1eadt<\/h3>\n<ul>\n<li>C\u00f4ng su\u1ea5t: 2000W<\/li>\n<li>K\u00edch th\u01b0\u1edbc b\u1ec1 m\u1eb7t: 310 x 380mm<\/li>\n<li>K\u00edch th\u01b0\u1edbc kho\u00e9t \u0111\u00e1: 280 x 350mm<\/li>\n<li>\u0110i\u1ec7n \u00e1p: 220V<\/li>\n<li>B\u1ea3o h\u00e0nh: 1 n\u0103m<\/li>\n<li>Xu\u1ea5t x\u1ee9: Ch\u00ednh h\u00e3ng<\/li>\n<\/ul>\n","protected":false},"excerpt":{"rendered":"<p>B\u1ea3ng \u0111i\u1ec1u khi\u1ec3n c\u1ea3m \u1ee9ng<\/p>\n<p>N\u1ea5u si\u00eau t\u1ed1c PowerBoost<\/p>\n<p>Kh\u00f3a an to\u00e0n cho tr\u1ebb em<\/p>\n<p>&nbsp;<\/p>\n","protected":false},"featured_media":16972,"comment_status":"open","ping_status":"closed","template":"","meta":[],"product_brand":[],"product_cat":[745,808,810,814,807,75,713,733,72],"product_tag":[76,168,738,83,74],"class_list":{"0":"post-296","1":"product","2":"type-product","3":"status-publish","4":"has-post-thumbnail","6":"product_cat-bep-dien-tu","7":"product_cat-bep-dien-tu-don","8":"product_cat-bep-dien-tu-malaysia","9":"product_cat-bep-dien-tu-nha-tro","10":"product_cat-bep-dien-tu-tiet-kiem-dien","11":"product_cat-bep-tu","12":"product_cat-bep-tu-dmestik","13":"product_cat-bep-tu-don","14":"product_cat-thuong-hieu-dmestik","15":"product_tag-bep-tu","16":"product_tag-bep-tu-am","17":"product_tag-bep-tu-dmestik","18":"product_tag-bep-tu-don","19":"product_tag-dmestik","21":"first","22":"instock","23":"sale","24":"shipping-taxable","25":"purchasable","26":"product-type-simple"},"_links":{"self":[{"href":"https:\/\/livinghome.vn\/thiet-bi\/wp-json\/wp\/v2\/product\/296","targetHints":{"allow":["GET"]}}],"collection":[{"href":"https:\/\/livinghome.vn\/thiet-bi\/wp-json\/wp\/v2\/product"}],"about":[{"href":"https:\/\/livinghome.vn\/thiet-bi\/wp-json\/wp\/v2\/types\/product"}],"replies":[{"embeddable":true,"href":"https:\/\/livinghome.vn\/thiet-bi\/wp-json\/wp\/v2\/comments?post=296"}],"wp:featuredmedia":[{"embeddable":true,"href":"https:\/\/livinghome.vn\/thiet-bi\/wp-json\/wp\/v2\/media\/16972"}],"wp:attachment":[{"href":"https:\/\/livinghome.vn\/thiet-bi\/wp-json\/wp\/v2\/media?parent=296"}],"wp:term":[{"taxonomy":"product_brand","embeddable":true,"href":"https:\/\/livinghome.vn\/thiet-bi\/wp-json\/wp\/v2\/product_brand?post=296"},{"taxonomy":"product_cat","embeddable":true,"href":"https:\/\/livinghome.vn\/thiet-bi\/wp-json\/wp\/v2\/product_cat?post=296"},{"taxonomy":"product_tag","embeddable":true,"href":"https:\/\/livinghome.vn\/thiet-bi\/wp-json\/wp\/v2\/product_tag?post=296"}],"curies":[{"name":"wp","href":"https:\/\/api.w.org\/{rel}","templated":true}]}}