{"id":293,"date":"2023-01-12T10:05:52","date_gmt":"2023-01-12T10:05:52","guid":{"rendered":"https:\/\/livinghome.vn\/thiet-bi\/?post_type=product&#038;p=293"},"modified":"2024-11-29T14:21:07","modified_gmt":"2024-11-29T07:21:07","slug":"bep-tu-dmestik-ml-888-dki-73cm-2-tu-mat-kinh-kanger","status":"publish","type":"product","link":"https:\/\/livinghome.vn\/thiet-bi\/bep-tu-dmestik-ml-888-dki-73cm-2-tu-mat-kinh-kanger\/","title":{"rendered":"B\u1ebfp T\u1eeb Dmestik ML 888 DKI, 73cm, 2 T\u1eeb, M\u1eb7t K\u00ednh Kanger"},"content":{"rendered":"<h2>B\u1ebfp T\u1eeb Dmestik ML 888 DKI &#8211; Made in Malaysia<\/h2>\n<p>Bo vi\u1ec1n 4 c\u1ea1nh m\u1eb7t k\u00ednh Kanger tinh t\u1ebf sang tr\u1ecdng. M\u1ed9t chi\u1ebfc b\u1ebfp t\u1eeb ch\u00ednh h\u00e3ng t\u00ednh n\u0103ng hi\u1ec7n \u0111\u1ea1i, ti\u1ebft ki\u1ec7m, thi\u1ebft k\u1ebf tinh t\u1ebf l\u00e0 s\u1ef1 l\u1ef1a ch\u1ecdn ho\u00e0n h\u1ea3o cho c\u0103n b\u1ebfp c\u1ee7a b\u1ea1n<\/p>\n<h3>Gi\u1eddi thi\u1ec7u s\u1ea3n ph\u1ea9m<\/h3>\n<ul>\n<li><a href=\"https:\/\/livinghome.vn\/thiet-bi\/bep-tu\/\">B\u1ebfp t\u1eeb<\/a> Dmestik ML888 DKI c\u00f3 02 v\u00f9ng n\u1ea5u t\u1eeb<\/li>\n<li>M\u1eb7t k\u00ednh Kanger ch\u1ecbu l\u1ef1c, ch\u1ecbu nhi\u1ec7t, ch\u1ed1ng tr\u1ea7y x\u01b0\u1edbc cao<\/li>\n<li>Thi\u1ebft k\u1ebf v\u00e1t 4 c\u1ea1nh bo vi\u1ec1n inox tinh t\u1ebf sang tr\u1ecdng<\/li>\n<li>B\u1ea3ng \u0111i\u1ec1u khi\u1ec3n c\u1ea3m \u1ee9ng d\u1ea1ng thanh tr\u01b0\u1ee3t Slider<\/li>\n<li>B\u1ea3ng \u0111i\u1ec1u khi\u1ec3n ri\u00eang bi\u1ec7t<\/li>\n<li>Ch\u1ee9c n\u0103ng t\u1ef1 \u0111\u1ed9ng nh\u1eadn di\u1ec7n v\u00f9ng \u0111\u00e1y n\u1ed3i ph\u00f9 h\u1ee3p<\/li>\n<li>C\u00f3 9 m\u1ee9c \u0111i\u1ec1u ch\u1ec9nh nhi\u1ec7t v\u00e0 boster 2 v\u00f9ng n\u1ea5u<\/li>\n<li>C\u00f4ng ngh\u1ec7 Inverter ti\u1ebft ki\u1ec7m \u0111i\u1ec7n<\/li>\n<li>Ch\u1ee9c n\u0103ng c\u1ea3nh b\u00e1o ch\u1ed1ng tr\u00e0n, kh\u00f3a an to\u00e0n<\/li>\n<li>Ch\u1ee9c n\u0103ng h\u1eb9n gi\u1edd n\u1ea5u tr\u00ean t\u1eebng v\u00f9ng b\u1ebfp<\/li>\n<li>Ch\u1ee9c n\u0103ng c\u1ea3nh b\u00e1o nhi\u1ec7t d\u01b0 tr\u00ean b\u1ec1 m\u1eb7t b\u1ebfp sau khi n\u1ea5u<\/li>\n<li>Ch\u1ee9c n\u0103ng t\u1ef1 \u0111\u1ed9ng t\u1eaft b\u1ebfp khi kh\u00f4ng s\u1eed d\u1ee5ng<\/li>\n<li>T\u1ef1 \u0111\u1ed9ng t\u1eaft b\u1ebfp khi qu\u00e1 nhi\u1ec7t, qu\u00e1 \u00e1p<\/li>\n<li>Kh\u00f4ng chia s\u1ebb c\u00f4ng su\u1ea5t<\/li>\n<li>Xu\u1ea5t x\u1ee9:\u00a0Malaysia<\/li>\n<\/ul>\n<figure id=\"attachment_16961\" aria-describedby=\"caption-attachment-16961\" style=\"width: 1200px\" class=\"wp-caption alignnone\"><img loading=\"lazy\" decoding=\"async\" class=\"size-full wp-image-16961\" src=\"https:\/\/livinghome.vn\/thiet-bi\/wp-content\/uploads\/san-pham\/bep-tu\/bep-tu-dmestik\/dmestik-ml-888-dki-1.jpg\" alt=\"B\u1ebfp T\u1eeb Dmestik ML888 DKI, 73cm, 2 T\u1eeb, M\u1eb7t K\u00ednh Kanger\" width=\"1200\" height=\"800\" title=\"\" srcset=\"https:\/\/livinghome.vn\/thiet-bi\/wp-content\/uploads\/san-pham\/bep-tu\/bep-tu-dmestik\/dmestik-ml-888-dki-1.jpg 1200w, https:\/\/livinghome.vn\/thiet-bi\/wp-content\/uploads\/san-pham\/bep-tu\/bep-tu-dmestik\/dmestik-ml-888-dki-1-600x400.jpg 600w, https:\/\/livinghome.vn\/thiet-bi\/wp-content\/uploads\/san-pham\/bep-tu\/bep-tu-dmestik\/dmestik-ml-888-dki-1-768x512.jpg 768w\" sizes=\"auto, (max-width: 1200px) 100vw, 1200px\" \/><figcaption id=\"caption-attachment-16961\" class=\"wp-caption-text\">B\u1ebfp T\u1eeb Dmestik ML888 DKI, 73cm, 2 T\u1eeb, M\u1eb7t K\u00ednh Kanger<\/figcaption><\/figure>\n<p>B\u1ebfp t\u1eeb Dmestik ML888 DKI l\u00e0 d\u00f2ng b\u1ebfp t\u1eeb \u0111\u01b0\u01a1\u0323c nh\u00e2\u0323p kh\u00e2\u0309u nguy\u00ean chi\u00ea\u0301c ta\u0323i Malaysia thi\u1ebft k\u1ebf sang tr\u1ecdng hi\u1ec7n \u0111\u1ea1i nhi\u1ec1u t\u00ednh n\u0103ng th\u00f4ng minh v\u1edbi m\u1ee9c gi\u00e1 t\u1ea7m trung \u0111\u00e2y ch\u1eafc ch\u1eafn l\u00e0 chi\u1ebfc b\u1ebfp t\u1eeb \u0111\u00e1ng \u0111\u1ec3 b\u1ea1n tham kh\u1ea3o.<\/p>\n<p>Thi\u1ebft k\u1ebf m\u1eb7t b\u1ebfp c\u00e2n x\u1ee9ng \u0111\u01a1n gi\u1ea3n \u0111\u1eb9p m\u1eaft thu h\u00fat ng\u01b0\u1eddi d\u00f9ng g\u00f3p ph\u1ea7n t\u00f4 \u0111i\u1ec3m cho kh\u00f4ng gian b\u1ebfp tr\u1edf n\u00ean sang tr\u1ecdng<\/p>\n<p>&nbsp;<\/p>\n<h3>Th\u00f4ng s\u1ed1 k\u1ef9 thu\u1eadt<\/h3>\n<ul>\n<li>K\u00edch th\u01b0\u1edbc b\u1ec1 m\u1eb7t: 730mm x 420mm<\/li>\n<li>K\u00edch th\u01b0\u1edbc kho\u00e9t \u0111\u00e1: 690mm x 390mm<\/li>\n<li>T\u1ed5ng c\u00f4ng su\u1ea5t t\u1ed1i \u0111a: 4.8kw<\/li>\n<li>B\u1ebfp tr\u00e1i: 2.0kw, booster 2.4kw.\u00a0\u00a0\u00d8220<\/li>\n<li>B\u1ebfp ph\u1ea3i: 2.0kw, booster 2.4kw.\u00a0\u00a0\u00d8220<\/li>\n<li>V\u00f9ng n\u1ea5u: 2 t\u1eeb<\/li>\n<li>Xu\u1ea5t x\u1ee9: Malaysia<\/li>\n<li>B\u1ea3o h\u00e0nh: Ch\u00ednh h\u00e3ng 3 n\u0103m<\/li>\n<\/ul>\n","protected":false},"excerpt":{"rendered":"<h3>B\u1ebfp T\u1eeb Dmestik ML 888 DKI Nh\u1eadp Kh\u1ea9u<\/h3>\n<ul>\n<li>C\u00f3 9 m\u1ee9c \u0111i\u1ec1u ch\u1ec9nh nhi\u1ec7t v\u00e0 boster 2 v\u00f9ng n\u1ea5u<\/li>\n<li>K\u00edch th\u01b0\u1edbc b\u1ec1 m\u1eb7t: 730mm x 420mm<\/li>\n<li>B\u1ea3ng \u0111i\u1ec1u khi\u1ec3n c\u1ea3m \u1ee9ng d\u1ea1ng thanh tr\u01b0\u1ee3t Slider<\/li>\n<li>T\u1ed5ng c\u00f4ng su\u1ea5t t\u1ed1i \u0111a: 4.8kw<\/li>\n<li>Xu\u1ea5t x\u1ee9: Malaysia<\/li>\n<\/ul>\n","protected":false},"featured_media":16960,"comment_status":"open","ping_status":"closed","template":"","meta":[],"product_brand":[],"product_cat":[713,794,745,813,712,796,799,810,807,75,72],"product_tag":[76,77,168,738,74],"class_list":{"0":"post-293","1":"product","2":"type-product","3":"status-publish","4":"has-post-thumbnail","6":"product_cat-bep-tu-dmestik","7":"product_cat-bep-2-tu","8":"product_cat-bep-dien-tu","9":"product_cat-bep-dien-tu-chung-cu","10":"product_cat-bep-dien-tu-dmestik","11":"product_cat-bep-dien-tu-doi","12":"product_cat-bep-dien-tu-hinh-chu-nhat","13":"product_cat-bep-dien-tu-malaysia","14":"product_cat-bep-dien-tu-tiet-kiem-dien","15":"product_cat-bep-tu","16":"product_cat-thuong-hieu-dmestik","17":"product_tag-bep-tu","18":"product_tag-bep-tu-2-vung-nau","19":"product_tag-bep-tu-am","20":"product_tag-bep-tu-dmestik","21":"product_tag-dmestik","23":"first","24":"instock","25":"sale","26":"shipping-taxable","27":"purchasable","28":"product-type-simple"},"_links":{"self":[{"href":"https:\/\/livinghome.vn\/thiet-bi\/wp-json\/wp\/v2\/product\/293","targetHints":{"allow":["GET"]}}],"collection":[{"href":"https:\/\/livinghome.vn\/thiet-bi\/wp-json\/wp\/v2\/product"}],"about":[{"href":"https:\/\/livinghome.vn\/thiet-bi\/wp-json\/wp\/v2\/types\/product"}],"replies":[{"embeddable":true,"href":"https:\/\/livinghome.vn\/thiet-bi\/wp-json\/wp\/v2\/comments?post=293"}],"wp:featuredmedia":[{"embeddable":true,"href":"https:\/\/livinghome.vn\/thiet-bi\/wp-json\/wp\/v2\/media\/16960"}],"wp:attachment":[{"href":"https:\/\/livinghome.vn\/thiet-bi\/wp-json\/wp\/v2\/media?parent=293"}],"wp:term":[{"taxonomy":"product_brand","embeddable":true,"href":"https:\/\/livinghome.vn\/thiet-bi\/wp-json\/wp\/v2\/product_brand?post=293"},{"taxonomy":"product_cat","embeddable":true,"href":"https:\/\/livinghome.vn\/thiet-bi\/wp-json\/wp\/v2\/product_cat?post=293"},{"taxonomy":"product_tag","embeddable":true,"href":"https:\/\/livinghome.vn\/thiet-bi\/wp-json\/wp\/v2\/product_tag?post=293"}],"curies":[{"name":"wp","href":"https:\/\/api.w.org\/{rel}","templated":true}]}}