{"id":2924,"date":"2023-01-12T17:05:39","date_gmt":"2023-01-12T17:05:39","guid":{"rendered":"https:\/\/livinghome.vn\/thiet-bi\/?post_type=product&#038;p=2924"},"modified":"2025-07-24T00:46:54","modified_gmt":"2025-07-23T17:46:54","slug":"may-rua-chen-bat-tomate-tom-6012-12-bo-am-tu","status":"publish","type":"product","link":"https:\/\/livinghome.vn\/thiet-bi\/may-rua-chen-bat-tomate-tom-6012-12-bo-am-tu\/","title":{"rendered":"M\u00e1y R\u1eeda Ch\u00e9n B\u00e1t Tomate TOM 6012, 12 B\u1ed9, \u00c2m T\u1ee7"},"content":{"rendered":"<h2>M\u00e1y R\u1eeda Ch\u00e9n B\u00e1t Tomate Tom 6012, Chu\u1ea9n Ch\u00e2u \u00c2u<\/h2>\n<figure id=\"attachment_44788\" aria-describedby=\"caption-attachment-44788\" style=\"width: 800px\" class=\"wp-caption alignnone\"><img loading=\"lazy\" decoding=\"async\" class=\"size-large wp-image-44788\" src=\"https:\/\/livinghome.vn\/thiet-bi\/wp-content\/uploads\/nha-bep\/tomate\/may-rua-chen\/may-rua-chen-am-tu\/may-rua-chen-am-tu-tomate-tom-6012\/may-rua-chen-am-tu-tomate-tom-6012-3-800x800.jpg\" alt=\"M\u00e1y r\u1eeda ch\u00e9n Tomate Tom 6012 12 b\u1ed9 ch\u00e9n b\u00e1t\" width=\"800\" height=\"800\" title=\"\"><figcaption id=\"caption-attachment-44788\" class=\"wp-caption-text\">Ki\u1ec3u d\u00e1ng : M\u00e1y r\u1eeda ch\u00e9n Tomate Tom 6012 12 b\u1ed9 ch\u00e9n b\u00e1t<\/figcaption><\/figure>\n<h2>Th\u00f4ng tin s\u1ea3n ph\u1ea9m<\/h2>\n<ul>\n<li>Ch\u01b0\u01a1ng tr\u00ecnh r\u1eeda nhanh:\u00a0Ch\u01b0\u01a1ng tr\u00ecnh r\u1eeda nhanh l\u00e0 ch\u01b0\u01a1ng tr\u00ecnh l\u00fd t\u01b0\u1edfng \u0111\u1ec5 r\u1eeda ch\u00e9n b\u00e1t kh\u00f4ng qu\u00e1 b\u1ea9n, v\u00e0 kh\u00f4ng c\u1ea7n s\u1ea5y. \u0110\u1ed3ng th\u1eddi \u0111\u00e2y l\u00e0 ch\u01b0\u01a1ng tr\u00ecnh ti\u1ebft ki\u1ec7m n\u0103ng l\u01b0\u1ee3ng &amp; l\u01b0\u1ee3ng n\u01b0\u1edbc.<\/li>\n<li>C\u00e0i \u0111\u1eb7t h\u1eb9n gi\u1edd:\u00a0Cho ph\u00e9p c\u00e0i \u0111\u1eb7t h\u1eb9n ch\u1edd t\u1eeb 1-24h nh\u1eb1m tr\u00e1nh gi\u1edd cao \u0111i\u1ec3m &amp; ti\u1ebft ki\u1ec7m chi ph\u00ed ti\u1ec1n \u0111i\u1ec7n n\u01b0\u1edbc.<\/li>\n<li><a href=\"https:\/\/livinghome.vn\/product-category\/nha-bep\/may-rua-chen\/\">M\u00e1y r\u1eeda ch\u00e9n<\/a> Tomate Tom 6012 l\u00e0 lo\u1ea1i m\u00e1y r\u1eeda ch\u00e9n \u00e2m t\u1ee7 b\u00e1n ph\u1ea7n.<\/li>\n<li>K\u00edch th\u01b0\u1edbc: 60cm<\/li>\n<li>\u0110i\u1ec1u khi\u1ec3n \u0111i\u1ec7n t\u1eed \u2013 hi\u1ec3n th\u1ecb\u00a0White LED<\/li>\n<li>S\u1ee9c ch\u1ee9a\u00a012 b\u1ed9 ch\u00e9n b\u00e1t<\/li>\n<li>6 ch\u01b0\u01a1ng tr\u00ecnh r\u1eeda<\/li>\n<li>H\u1ec7 th\u1ed1ng lo\u1ea1i b\u1ecf ho\u00e0n to\u00e0n hi\u1ec7n t\u01b0\u1ee3ng r\u00f2 r\u1ec9 n\u01b0\u1edbc (B\u1eb1ng van \u0111i\u1ec7n t\u1eed tr\u00ean \u1ed1ng d\u1eabn n\u01b0\u1edbc v\u00e0 m\u1ed9t h\u1ec7 th\u1ed1ng c\u1ea3m bi\u1ebfn b\u1ea3o v\u1ec7 trong m\u00e1y)<\/li>\n<li>Th\u1eddi gian c\u00e0i \u0111\u1eb7t ch\u1edd (Delay Start): 3\/6\/9\/12 gi\u1edd<\/li>\n<li>H\u1ec7 th\u1ed1ng tay phun t\u1ef1 \u0111i\u1ec1u ch\u1ec9nh<\/li>\n<li>Thi\u1ebft b\u1ecb l\u00e0m m\u1ec1m n\u01b0\u1edbc c\u1ee9ng<\/li>\n<li>Kh\u00f3a an to\u00e0n tr\u1ebb em<\/li>\n<li>Ch\u1ebf \u0111\u1ed9 s\u1ea5y t\u1ef1 \u0111\u1ed9ng<\/li>\n<\/ul>\n<p><img loading=\"lazy\" decoding=\"async\" class=\"size-large wp-image-44789\" src=\"https:\/\/livinghome.vn\/thiet-bi\/wp-content\/uploads\/nha-bep\/tomate\/may-rua-chen\/may-rua-chen-am-tu\/may-rua-chen-am-tu-tomate-tom-6012\/may-rua-chen-am-tu-tomate-tom-6012-5-800x800.jpg\" alt=\"M\u00e1y r\u1eeda ch\u00e9n Tomate Tom 6012 12 b\u1ed9 ch\u00e9n b\u00e1t\" width=\"800\" height=\"800\" title=\"\"><\/p>\n<p>Ki\u1ec3u d\u00e1ng : M\u00e1y r\u1eeda ch\u00e9n Tomate Tom 6012 12 b\u1ed9 ch\u00e9n b\u00e1t<\/p>\n<h3><strong>Th\u00f4ng s\u1ed1 k\u1ef9 thu\u1eadt:<\/strong><\/h3>\n<ul>\n<li>\u0110i\u1ec7n \u00e1p: 220-240\/50Hz<\/li>\n<li>C\u00f4ng su\u1ea5t: 1760-2100W<\/li>\n<li>\u0110\u1ed9 \u1ed3n: 47 dB<\/li>\n<li>KT: W598 x D570 x H815 mm<\/li>\n<li>M\u1ee9c n\u0103ng l\u01b0\u1ee3ng A++AA gi\u00fap ti\u1ebft ki\u1ec7m n\u0103ng l\u01b0\u1ee3ng<\/li>\n<\/ul>\n<p>&nbsp;<\/p>\n<figure id=\"attachment_16468\" aria-describedby=\"caption-attachment-16468\" style=\"width: 1067px\" class=\"wp-caption alignnone\"><img loading=\"lazy\" decoding=\"async\" class=\"size-full wp-image-16468\" src=\"https:\/\/livinghome.vn\/thiet-bi\/wp-content\/uploads\/catalog-hang\/tomate\/catalog-tomate-07-2023-63.jpg\" alt=\"M\u00e1y R\u1eeda Ch\u00e9n Tomate Mang \u0110\u1ebfn S\u1ef1 Ti\u1ec7n L\u1ee3i Ti\u1ebft Ki\u1ec7m Th\u1eddi Gian v\u00e0 C\u00f4ng S\u1ee9c Cho Cu\u1ed9c S\u1ed1ng Hi\u1ec7n \u0110\u1ea1i\" width=\"1067\" height=\"1702\" title=\"\" srcset=\"https:\/\/livinghome.vn\/thiet-bi\/wp-content\/uploads\/catalog-hang\/tomate\/catalog-tomate-07-2023-63.jpg 1067w, https:\/\/livinghome.vn\/thiet-bi\/wp-content\/uploads\/catalog-hang\/tomate\/catalog-tomate-07-2023-63-600x957.jpg 600w, https:\/\/livinghome.vn\/thiet-bi\/wp-content\/uploads\/catalog-hang\/tomate\/catalog-tomate-07-2023-63-251x400.jpg 251w, https:\/\/livinghome.vn\/thiet-bi\/wp-content\/uploads\/catalog-hang\/tomate\/catalog-tomate-07-2023-63-502x800.jpg 502w, https:\/\/livinghome.vn\/thiet-bi\/wp-content\/uploads\/catalog-hang\/tomate\/catalog-tomate-07-2023-63-768x1225.jpg 768w, https:\/\/livinghome.vn\/thiet-bi\/wp-content\/uploads\/catalog-hang\/tomate\/catalog-tomate-07-2023-63-963x1536.jpg 963w\" sizes=\"auto, (max-width: 1067px) 100vw, 1067px\" \/><figcaption id=\"caption-attachment-16468\" class=\"wp-caption-text\">M\u00e1y R\u1eeda Ch\u00e9n Tomate Mang \u0110\u1ebfn S\u1ef1 Ti\u1ec7n L\u1ee3i Ti\u1ebft Ki\u1ec7m Th\u1eddi Gian v\u00e0 C\u00f4ng S\u1ee9c Cho Cu\u1ed9c S\u1ed1ng Hi\u1ec7n \u0110\u1ea1i<\/figcaption><\/figure>\n<figure id=\"attachment_16467\" aria-describedby=\"caption-attachment-16467\" style=\"width: 1067px\" class=\"wp-caption alignnone\"><img loading=\"lazy\" decoding=\"async\" class=\"size-full wp-image-16467\" src=\"https:\/\/livinghome.vn\/thiet-bi\/wp-content\/uploads\/catalog-hang\/tomate\/catalog-tomate-07-2023-64.jpg\" alt=\"C\u00e1c T\u00ednh N\u0103ng N\u1ed5i Tr\u1ecdi C\u1ee7a M\u00e1y R\u1eeda Ch\u00e9n B\u00e1t Tomate\" width=\"1067\" height=\"1702\" title=\"\" srcset=\"https:\/\/livinghome.vn\/thiet-bi\/wp-content\/uploads\/catalog-hang\/tomate\/catalog-tomate-07-2023-64.jpg 1067w, https:\/\/livinghome.vn\/thiet-bi\/wp-content\/uploads\/catalog-hang\/tomate\/catalog-tomate-07-2023-64-600x957.jpg 600w, https:\/\/livinghome.vn\/thiet-bi\/wp-content\/uploads\/catalog-hang\/tomate\/catalog-tomate-07-2023-64-251x400.jpg 251w, https:\/\/livinghome.vn\/thiet-bi\/wp-content\/uploads\/catalog-hang\/tomate\/catalog-tomate-07-2023-64-502x800.jpg 502w, https:\/\/livinghome.vn\/thiet-bi\/wp-content\/uploads\/catalog-hang\/tomate\/catalog-tomate-07-2023-64-768x1225.jpg 768w, https:\/\/livinghome.vn\/thiet-bi\/wp-content\/uploads\/catalog-hang\/tomate\/catalog-tomate-07-2023-64-963x1536.jpg 963w\" sizes=\"auto, (max-width: 1067px) 100vw, 1067px\" \/><figcaption id=\"caption-attachment-16467\" class=\"wp-caption-text\">C\u00e1c T\u00ednh N\u0103ng N\u1ed5i Tr\u1ecdi C\u1ee7a M\u00e1y R\u1eeda Ch\u00e9n B\u00e1t Tomate<\/figcaption><\/figure>\n","protected":false},"excerpt":{"rendered":"<h3>M\u00e1y R\u1eeda Ch\u00e9n B\u00e1t Tomate TOM 6012 Nh\u1eadp Kh\u1ea9u<\/h3>\n<ul>\n<li>K\u00edch th\u01b0\u1edbc: 60cm<\/li>\n<li>S\u1ee9c ch\u1ee9a\u00a012 b\u1ed9 ch\u00e9n b\u00e1t<\/li>\n<li>6 ch\u01b0\u01a1ng tr\u00ecnh r\u1eeda<\/li>\n<li>\u0110i\u1ec7n \u00e1p: 220-240\/50Hz<\/li>\n<li>C\u00f4ng su\u1ea5t: 1760-2100W<\/li>\n<li>\u0110\u1ed9 \u1ed3n: 47 dB<\/li>\n<li>KT: W598 x D570 x H815 mm<\/li>\n<\/ul>\n","protected":false},"featured_media":16405,"comment_status":"open","ping_status":"closed","template":"","meta":[],"product_brand":[],"product_cat":[611,92,820,829,828,827,364],"product_tag":[93,137,371,372],"class_list":{"0":"post-2924","1":"product","2":"type-product","3":"status-publish","4":"has-post-thumbnail","6":"product_cat-may-rua-chen-bat-tomate","7":"product_cat-may-rua-chen-bat","8":"product_cat-may-rua-chen-bat-12-bo","9":"product_cat-may-rua-chen-bat-am-toan-phan","10":"product_cat-may-rua-chen-bat-am-tu","11":"product_cat-may-rua-chen-bat-ban-am","12":"product_cat-thuong-hieu-tomate","13":"product_tag-may-rua-chen","14":"product_tag-may-rua-chen-am-tu","15":"product_tag-may-rua-chen-tomate","16":"product_tag-tomate","18":"first","19":"instock","20":"sale","21":"shipping-taxable","22":"purchasable","23":"product-type-simple"},"_links":{"self":[{"href":"https:\/\/livinghome.vn\/thiet-bi\/wp-json\/wp\/v2\/product\/2924","targetHints":{"allow":["GET"]}}],"collection":[{"href":"https:\/\/livinghome.vn\/thiet-bi\/wp-json\/wp\/v2\/product"}],"about":[{"href":"https:\/\/livinghome.vn\/thiet-bi\/wp-json\/wp\/v2\/types\/product"}],"replies":[{"embeddable":true,"href":"https:\/\/livinghome.vn\/thiet-bi\/wp-json\/wp\/v2\/comments?post=2924"}],"wp:featuredmedia":[{"embeddable":true,"href":"https:\/\/livinghome.vn\/thiet-bi\/wp-json\/wp\/v2\/media\/16405"}],"wp:attachment":[{"href":"https:\/\/livinghome.vn\/thiet-bi\/wp-json\/wp\/v2\/media?parent=2924"}],"wp:term":[{"taxonomy":"product_brand","embeddable":true,"href":"https:\/\/livinghome.vn\/thiet-bi\/wp-json\/wp\/v2\/product_brand?post=2924"},{"taxonomy":"product_cat","embeddable":true,"href":"https:\/\/livinghome.vn\/thiet-bi\/wp-json\/wp\/v2\/product_cat?post=2924"},{"taxonomy":"product_tag","embeddable":true,"href":"https:\/\/livinghome.vn\/thiet-bi\/wp-json\/wp\/v2\/product_tag?post=2924"}],"curies":[{"name":"wp","href":"https:\/\/api.w.org\/{rel}","templated":true}]}}