{"id":2911,"date":"2023-01-12T17:05:15","date_gmt":"2023-01-12T17:05:15","guid":{"rendered":"https:\/\/livinghome.vn\/thiet-bi\/?post_type=product&#038;p=2911"},"modified":"2025-07-24T00:45:51","modified_gmt":"2025-07-23T17:45:51","slug":"may-rua-chen-bat-tomate-tom-6014-14-bo-am-tu","status":"publish","type":"product","link":"https:\/\/livinghome.vn\/thiet-bi\/may-rua-chen-bat-tomate-tom-6014-14-bo-am-tu\/","title":{"rendered":"M\u00e1y R\u1eeda Ch\u00e9n B\u00e1t Tomate TOM 6014, 14 B\u1ed9, \u00c2m T\u1ee7"},"content":{"rendered":"<h2>M\u00e1y R\u1eeda Ch\u00e9n Tomate Tom 6014 , Chu\u1ea9n Ch\u00e2u \u00c2u<\/h2>\n<figure id=\"attachment_44785\" aria-describedby=\"caption-attachment-44785\" style=\"width: 800px\" class=\"wp-caption alignnone\"><img loading=\"lazy\" decoding=\"async\" class=\"size-large wp-image-44785\" src=\"https:\/\/livinghome.vn\/thiet-bi\/wp-content\/uploads\/nha-bep\/tomate\/may-rua-chen\/may-rua-chen-am-tu\/may-rua-chen-am-tu-tomate-tom-6014\/may-rua-chen-am-tu-tomate-tom-6014-800x800.jpg\" alt=\"M\u00e1y r\u1eeda ch\u00e9n Tomate Tom 6014 14 b\u1ed9,11 l\u00edt n\u01b0\u1edbc\" width=\"800\" height=\"800\" title=\"\"><figcaption id=\"caption-attachment-44785\" class=\"wp-caption-text\">Ki\u1ec3u d\u00e1ng : M\u00e1y r\u1eeda ch\u00e9n Tomate Tom 6014 14 b\u1ed9,11 l\u00edt n\u01b0\u1edbc<\/figcaption><\/figure>\n<h3><strong>Th\u00f4ng tin s\u1ea3n ph\u1ea9m<\/strong><\/h3>\n<ul>\n<li>Ph\u00e2n lo\u1ea1i : <a href=\"https:\/\/livinghome.vn\/product-category\/nha-bep\/may-rua-chen\/\">M\u00e1y r\u1eeda ch\u00e9n<\/a> s\u00e2m t\u1ee7<\/li>\n<li>S\u1ea3n xu\u1ea5t t\u1ea1i\u00a0<strong>Th\u1ed5 Nh\u0129 K\u1ef3<\/strong>\u00a0theo ti\u00eau chu\u1ea9n thi\u1ebft k\u1ebf c\u1ee7a TOMATE (T\u00e2y Ban Nha).<\/li>\n<li>K\u00edch th\u01b0\u1edbc: 60cm<\/li>\n<li>M\u1ee9c ti\u00eau th\u1ee5 11l n\u01b0\u1edbc<\/li>\n<li>S\u1ee9c ch\u1ee9a:\u00a0<strong>14 b\u1ed9 ch\u00e9n b\u00e1t<\/strong><\/li>\n<li>6 ch\u01b0\u01a1ng tr\u00ecnh r\u1eeda<\/li>\n<li>Gi\u1ecf \u0111\u1ec3 dao k\u00e9o d\u00e0n th\u1ee9 3 chuy\u00ean bi\u1ec7t<\/li>\n<li>M\u00e0n h\u00ecnh hi\u1ec3n th\u1ecb\u00a0<strong>RED\u00a0LED<\/strong><\/li>\n<li>H\u1ec7 th\u1ed1ng lo\u1ea1i b\u1ecf ho\u00e0n to\u00e0n hi\u1ec7n t\u01b0\u1ee3ng r\u00f2 r\u1ec9 n\u01b0\u1edbc (B\u1eb1ng van \u0111i\u1ec7n t\u1eed tr\u00ean \u1ed1ng d\u1eabn n\u01b0\u1edbc v\u00e0 m\u1ed9t h\u1ec7 th\u1ed1ng c\u1ea3m bi\u1ebfn b\u1ea3o v\u1ec7 trong m\u00e1y)<\/li>\n<li>Th\u1eddi gian c\u00e0i \u0111\u1eb7t ch\u1edd (Delay Start): 1-24 gi\u1edd<\/li>\n<li>Ch\u1ebf \u0111\u1ed9 Eco: Half Load ti\u1ebft ki\u1ec7m<\/li>\n<li>\u0110\u1ed9 \u1ed3n: 49 dB<\/li>\n<li>Thi\u1ebft b\u1ecb l\u00e0m m\u1ec1m n\u01b0\u1edbc c\u1ee9ng<\/li>\n<\/ul>\n<figure id=\"attachment_16401\" aria-describedby=\"caption-attachment-16401\" style=\"width: 1066px\" class=\"wp-caption alignnone\"><img loading=\"lazy\" decoding=\"async\" class=\"size-full wp-image-16401\" src=\"https:\/\/livinghome.vn\/thiet-bi\/wp-content\/uploads\/san-pham\/may-rua-chen-bat\/may-rua-chen-bat-tomate\/may-rua-chen-tomate-tom-6014-2.jpg\" alt=\"M\u00e1y R\u1eeda Ch\u00e9n Tomate TOM 6014, 14 B\u1ed9, 6 Ch\u01b0\u01a1ng Tr\u00ecnh, 11 L\u00edt N\u01b0\u1edbc\" width=\"1066\" height=\"800\" title=\"\" srcset=\"https:\/\/livinghome.vn\/thiet-bi\/wp-content\/uploads\/san-pham\/may-rua-chen-bat\/may-rua-chen-bat-tomate\/may-rua-chen-tomate-tom-6014-2.jpg 1066w, https:\/\/livinghome.vn\/thiet-bi\/wp-content\/uploads\/san-pham\/may-rua-chen-bat\/may-rua-chen-bat-tomate\/may-rua-chen-tomate-tom-6014-2-600x450.jpg 600w, https:\/\/livinghome.vn\/thiet-bi\/wp-content\/uploads\/san-pham\/may-rua-chen-bat\/may-rua-chen-bat-tomate\/may-rua-chen-tomate-tom-6014-2-533x400.jpg 533w, https:\/\/livinghome.vn\/thiet-bi\/wp-content\/uploads\/san-pham\/may-rua-chen-bat\/may-rua-chen-bat-tomate\/may-rua-chen-tomate-tom-6014-2-768x576.jpg 768w\" sizes=\"auto, (max-width: 1066px) 100vw, 1066px\" \/><figcaption id=\"caption-attachment-16401\" class=\"wp-caption-text\">M\u00e1y R\u1eeda Ch\u00e9n Tomate TOM 6014, 14 B\u1ed9, 6 Ch\u01b0\u01a1ng Tr\u00ecnh, 11 L\u00edt N\u01b0\u1edbc<\/figcaption><\/figure>\n<h3><strong>Th\u00f4ng s\u1ed1 k\u1ef9 thu\u1eadt:<\/strong><\/h3>\n<ul>\n<li>\u0110i\u1ec7n \u00e1p: 220-240\/50Hz<\/li>\n<li>C\u00f4ng su\u1ea5t: 1760-2100W<\/li>\n<li>KT: W598 x D570 x H815 mm<\/li>\n<li>M\u1ee9c n\u0103ng l\u01b0\u1ee3ng A++ gi\u00fap ti\u1ebft ki\u1ec7m n\u0103ng l\u01b0\u1ee3ng<\/li>\n<\/ul>\n<figure id=\"attachment_16402\" aria-describedby=\"caption-attachment-16402\" style=\"width: 800px\" class=\"wp-caption alignnone\"><img loading=\"lazy\" decoding=\"async\" class=\"size-full wp-image-16402\" src=\"https:\/\/livinghome.vn\/thiet-bi\/wp-content\/uploads\/san-pham\/may-rua-chen-bat\/may-rua-chen-bat-tomate\/may-rua-chen-tomate-tom-6014-1.jpg\" alt=\"M\u00e1y R\u1eeda Ch\u00e9n Tomate TOM 6014, 14 B\u1ed9, 6 Ch\u01b0\u01a1ng Tr\u00ecnh, 11 L\u00edt N\u01b0\u1edbc\" width=\"800\" height=\"800\" title=\"\" srcset=\"https:\/\/livinghome.vn\/thiet-bi\/wp-content\/uploads\/san-pham\/may-rua-chen-bat\/may-rua-chen-bat-tomate\/may-rua-chen-tomate-tom-6014-1.jpg 800w, https:\/\/livinghome.vn\/thiet-bi\/wp-content\/uploads\/san-pham\/may-rua-chen-bat\/may-rua-chen-bat-tomate\/may-rua-chen-tomate-tom-6014-1-300x300.jpg 300w, https:\/\/livinghome.vn\/thiet-bi\/wp-content\/uploads\/san-pham\/may-rua-chen-bat\/may-rua-chen-bat-tomate\/may-rua-chen-tomate-tom-6014-1-100x100.jpg 100w, https:\/\/livinghome.vn\/thiet-bi\/wp-content\/uploads\/san-pham\/may-rua-chen-bat\/may-rua-chen-bat-tomate\/may-rua-chen-tomate-tom-6014-1-600x600.jpg 600w, https:\/\/livinghome.vn\/thiet-bi\/wp-content\/uploads\/san-pham\/may-rua-chen-bat\/may-rua-chen-bat-tomate\/may-rua-chen-tomate-tom-6014-1-400x400.jpg 400w, https:\/\/livinghome.vn\/thiet-bi\/wp-content\/uploads\/san-pham\/may-rua-chen-bat\/may-rua-chen-bat-tomate\/may-rua-chen-tomate-tom-6014-1-280x280.jpg 280w, https:\/\/livinghome.vn\/thiet-bi\/wp-content\/uploads\/san-pham\/may-rua-chen-bat\/may-rua-chen-bat-tomate\/may-rua-chen-tomate-tom-6014-1-768x768.jpg 768w\" sizes=\"auto, (max-width: 800px) 100vw, 800px\" \/><figcaption id=\"caption-attachment-16402\" class=\"wp-caption-text\">M\u00e1y R\u1eeda Ch\u00e9n Tomate TOM 6014, 14 B\u1ed9, 6 Ch\u01b0\u01a1ng Tr\u00ecnh, 11 L\u00edt N\u01b0\u1edbc<\/figcaption><\/figure>\n<p>&nbsp;<\/p>\n<figure id=\"attachment_16468\" aria-describedby=\"caption-attachment-16468\" style=\"width: 1067px\" class=\"wp-caption alignnone\"><img loading=\"lazy\" decoding=\"async\" class=\"size-full wp-image-16468\" src=\"https:\/\/livinghome.vn\/thiet-bi\/wp-content\/uploads\/catalog-hang\/tomate\/catalog-tomate-07-2023-63.jpg\" alt=\"M\u00e1y R\u1eeda Ch\u00e9n Tomate Mang \u0110\u1ebfn S\u1ef1 Ti\u1ec7n L\u1ee3i Ti\u1ebft Ki\u1ec7m Th\u1eddi Gian v\u00e0 C\u00f4ng S\u1ee9c Cho Cu\u1ed9c S\u1ed1ng Hi\u1ec7n \u0110\u1ea1i\" width=\"1067\" height=\"1702\" title=\"\" srcset=\"https:\/\/livinghome.vn\/thiet-bi\/wp-content\/uploads\/catalog-hang\/tomate\/catalog-tomate-07-2023-63.jpg 1067w, https:\/\/livinghome.vn\/thiet-bi\/wp-content\/uploads\/catalog-hang\/tomate\/catalog-tomate-07-2023-63-600x957.jpg 600w, https:\/\/livinghome.vn\/thiet-bi\/wp-content\/uploads\/catalog-hang\/tomate\/catalog-tomate-07-2023-63-251x400.jpg 251w, https:\/\/livinghome.vn\/thiet-bi\/wp-content\/uploads\/catalog-hang\/tomate\/catalog-tomate-07-2023-63-502x800.jpg 502w, https:\/\/livinghome.vn\/thiet-bi\/wp-content\/uploads\/catalog-hang\/tomate\/catalog-tomate-07-2023-63-768x1225.jpg 768w, https:\/\/livinghome.vn\/thiet-bi\/wp-content\/uploads\/catalog-hang\/tomate\/catalog-tomate-07-2023-63-963x1536.jpg 963w\" sizes=\"auto, (max-width: 1067px) 100vw, 1067px\" \/><figcaption id=\"caption-attachment-16468\" class=\"wp-caption-text\">M\u00e1y R\u1eeda Ch\u00e9n Tomate Mang \u0110\u1ebfn S\u1ef1 Ti\u1ec7n L\u1ee3i Ti\u1ebft Ki\u1ec7m Th\u1eddi Gian v\u00e0 C\u00f4ng S\u1ee9c Cho Cu\u1ed9c S\u1ed1ng Hi\u1ec7n \u0110\u1ea1i<\/figcaption><\/figure>\n<figure id=\"attachment_16467\" aria-describedby=\"caption-attachment-16467\" style=\"width: 1067px\" class=\"wp-caption alignnone\"><img loading=\"lazy\" decoding=\"async\" class=\"size-full wp-image-16467\" src=\"https:\/\/livinghome.vn\/thiet-bi\/wp-content\/uploads\/catalog-hang\/tomate\/catalog-tomate-07-2023-64.jpg\" alt=\"C\u00e1c T\u00ednh N\u0103ng N\u1ed5i Tr\u1ecdi C\u1ee7a M\u00e1y R\u1eeda Ch\u00e9n B\u00e1t Tomate\" width=\"1067\" height=\"1702\" title=\"\" srcset=\"https:\/\/livinghome.vn\/thiet-bi\/wp-content\/uploads\/catalog-hang\/tomate\/catalog-tomate-07-2023-64.jpg 1067w, https:\/\/livinghome.vn\/thiet-bi\/wp-content\/uploads\/catalog-hang\/tomate\/catalog-tomate-07-2023-64-600x957.jpg 600w, https:\/\/livinghome.vn\/thiet-bi\/wp-content\/uploads\/catalog-hang\/tomate\/catalog-tomate-07-2023-64-251x400.jpg 251w, https:\/\/livinghome.vn\/thiet-bi\/wp-content\/uploads\/catalog-hang\/tomate\/catalog-tomate-07-2023-64-502x800.jpg 502w, https:\/\/livinghome.vn\/thiet-bi\/wp-content\/uploads\/catalog-hang\/tomate\/catalog-tomate-07-2023-64-768x1225.jpg 768w, https:\/\/livinghome.vn\/thiet-bi\/wp-content\/uploads\/catalog-hang\/tomate\/catalog-tomate-07-2023-64-963x1536.jpg 963w\" sizes=\"auto, (max-width: 1067px) 100vw, 1067px\" \/><figcaption id=\"caption-attachment-16467\" class=\"wp-caption-text\">C\u00e1c T\u00ednh N\u0103ng N\u1ed5i Tr\u1ecdi C\u1ee7a M\u00e1y R\u1eeda Ch\u00e9n B\u00e1t Tomate<\/figcaption><\/figure>\n","protected":false},"excerpt":{"rendered":"<p>K\u00edch th\u01b0\u1edbc: 60cm<\/p>\n<p>M\u1ee9c ti\u00eau th\u1ee5 11l n\u01b0\u1edbc<\/p>\n<p>S\u1ee9c ch\u1ee9a:\u00a014 b\u1ed9 ch\u00e9n b\u00e1t<\/p>\n<p>6 ch\u01b0\u01a1ng tr\u00ecnh r\u1eeda<\/p>\n<p>\u0110i\u1ec7n \u00e1p: 220-240\/50Hz<\/p>\n<p>C\u00f4ng su\u1ea5t: 1760-2100W<\/p>\n<p>KT: W598 x D570 x H815 mm<\/p>\n","protected":false},"featured_media":16400,"comment_status":"open","ping_status":"closed","template":"","meta":[],"product_brand":[],"product_cat":[611,92,823,828,827,364],"product_tag":[93,137,371,372],"class_list":{"0":"post-2911","1":"product","2":"type-product","3":"status-publish","4":"has-post-thumbnail","6":"product_cat-may-rua-chen-bat-tomate","7":"product_cat-may-rua-chen-bat","8":"product_cat-may-rua-chen-bat-14-bo","9":"product_cat-may-rua-chen-bat-am-tu","10":"product_cat-may-rua-chen-bat-ban-am","11":"product_cat-thuong-hieu-tomate","12":"product_tag-may-rua-chen","13":"product_tag-may-rua-chen-am-tu","14":"product_tag-may-rua-chen-tomate","15":"product_tag-tomate","17":"first","18":"instock","19":"sale","20":"shipping-taxable","21":"purchasable","22":"product-type-simple"},"_links":{"self":[{"href":"https:\/\/livinghome.vn\/thiet-bi\/wp-json\/wp\/v2\/product\/2911","targetHints":{"allow":["GET"]}}],"collection":[{"href":"https:\/\/livinghome.vn\/thiet-bi\/wp-json\/wp\/v2\/product"}],"about":[{"href":"https:\/\/livinghome.vn\/thiet-bi\/wp-json\/wp\/v2\/types\/product"}],"replies":[{"embeddable":true,"href":"https:\/\/livinghome.vn\/thiet-bi\/wp-json\/wp\/v2\/comments?post=2911"}],"wp:featuredmedia":[{"embeddable":true,"href":"https:\/\/livinghome.vn\/thiet-bi\/wp-json\/wp\/v2\/media\/16400"}],"wp:attachment":[{"href":"https:\/\/livinghome.vn\/thiet-bi\/wp-json\/wp\/v2\/media?parent=2911"}],"wp:term":[{"taxonomy":"product_brand","embeddable":true,"href":"https:\/\/livinghome.vn\/thiet-bi\/wp-json\/wp\/v2\/product_brand?post=2911"},{"taxonomy":"product_cat","embeddable":true,"href":"https:\/\/livinghome.vn\/thiet-bi\/wp-json\/wp\/v2\/product_cat?post=2911"},{"taxonomy":"product_tag","embeddable":true,"href":"https:\/\/livinghome.vn\/thiet-bi\/wp-json\/wp\/v2\/product_tag?post=2911"}],"curies":[{"name":"wp","href":"https:\/\/api.w.org\/{rel}","templated":true}]}}