{"id":2910,"date":"2023-01-12T17:05:15","date_gmt":"2023-01-12T17:05:15","guid":{"rendered":"https:\/\/livinghome.vn\/thiet-bi\/?post_type=product&#038;p=2910"},"modified":"2025-07-24T00:46:22","modified_gmt":"2025-07-23T17:46:22","slug":"may-rua-chen-bat-tomate-tom-4304-w15-15-bo-doc-lap","status":"publish","type":"product","link":"https:\/\/livinghome.vn\/thiet-bi\/may-rua-chen-bat-tomate-tom-4304-w15-15-bo-doc-lap\/","title":{"rendered":"M\u00e1y R\u1eeda Ch\u00e9n B\u00e1t Tomate TOM 4304-W15, 15 B\u1ed9, \u0110\u1ed9c L\u1eadp"},"content":{"rendered":"<h2>M\u00e1y R\u1eeda Ch\u00e9n Tomate Tom 4304-W15, Chu\u1ea9n Ch\u00e2u \u00c2u<\/h2>\n<figure id=\"attachment_44778\" aria-describedby=\"caption-attachment-44778\" style=\"width: 800px\" class=\"wp-caption alignnone\"><img loading=\"lazy\" decoding=\"async\" class=\"size-large wp-image-44778\" src=\"https:\/\/livinghome.vn\/thiet-bi\/wp-content\/uploads\/nha-bep\/tomate\/may-rua-chen\/may-rua-chen-doc-lap\/may-rua-chen-doc-lap-tomate-tom-4304-w15\/may-rua-chen-doc-lap-tomate-tom-4304-w15-5-800x800.jpg\" alt=\"M\u00e1y r\u1eeda ch\u00e9n Tomate Tom 4304-W15 15 b\u1ed9 ch\u00e9n \u0111\u0129a\" width=\"800\" height=\"800\" title=\"\"><figcaption id=\"caption-attachment-44778\" class=\"wp-caption-text\">Ki\u1ec3u dnasg :M\u00e1y r\u1eeda ch\u00e9n Tomate Tom 4304-W15 15 b\u1ed9 ch\u00e9n \u0111\u0129a<\/figcaption><\/figure>\n<h3><strong>Th\u00f4ng tin s\u1ea3n ph\u1ea9m<\/strong><\/h3>\n<ul>\n<li><a href=\"https:\/\/livinghome.vn\/product-category\/nha-bep\/may-rua-chen\/\">M\u00e1y r\u1eeda ch\u00e9n<\/a> Tomate Tom 4304-W15 v\u1edbi s\u1ee9c ch\u1ee9a 15 b\u1ed9 \u0111\u1ed3 \u0103n \u00e2u, 8 ch\u1ee9c n\u0103ng r\u1eeda<\/li>\n<li>\u0110\u1ed9ng c\u01a1 SMART BLDC<strong>:\u00a0<\/strong>s\u1ea3n xu\u1ea5t b\u1edfi\u00a0<strong>AWECO (Germany) \u2013\u00a0<\/strong>Hi\u1ec7u su\u1ea5t cao (B\u1ea3o h\u00e0nh Motor 10 n\u0103m)<\/li>\n<li>CH\u1ee8C N\u0102NG POWER WASH:R\u1eeda t\u0103ng c\u01b0\u1eddng \u0111\u00e1nh b\u1eadt m\u1ecdi v\u1ebft \u0111\u1ed1m b\u1ea9n.<\/li>\n<li>CH\u1ee8C N\u0102NG TURBO SPEED+: Gi\u1ea3m th\u1eddi gian r\u1eeda cho ch\u01b0\u01a1ng tr\u00ecnh \u0111\u00e3 ch\u1ecdn<\/li>\n<li>Ch\u01b0\u01a1ng tr\u00ecnh r\u1eeda nhanh 30 ph\u00fat:\u00a0Ch\u01b0\u01a1ng tr\u00ecnh r\u1eeda nhanh l\u00e0 ch\u01b0\u01a1ng tr\u00ecnh l\u00fd t\u01b0\u1edfng \u0111\u1ec5 r\u1eeda ch\u00e9n b\u00e1t kh\u00f4ng qu\u00e1 b\u1ea9n, v\u00e0 kh\u00f4ng c\u1ea7n s\u1ea5y. \u0110\u1ed3ng th\u1eddi \u0111\u00e2y l\u00e0 ch\u01b0\u01a1ng tr\u00ecnh ti\u1ebft ki\u1ec7m n\u0103ng l\u01b0\u1ee3ng &amp; l\u01b0\u1ee3ng n\u01b0\u1edbc.<\/li>\n<li>C\u00e0i \u0111\u1eb7t h\u1eb9n gi\u1edd:Cho ph\u00e9p c\u00e0i \u0111\u1eb7t h\u1eb9n ch\u1edd t\u1eeb 1-24h nh\u1eb1m tr\u00e1nh gi\u1edd cao \u0111i\u1ec3m &amp; ti\u1ebft ki\u1ec7m chi ph\u00ed ti\u1ec1n \u0111i\u1ec7n n\u01b0\u1edbc.<\/li>\n<li>T\u1ef1 \u0111\u1ed9ng m\u1edf c\u1eeda khi k\u1ebft th\u00fac ch\u01b0\u01a1ng tr\u00ecnh r\u1eeda (<strong>Auto open<\/strong>)<\/li>\n<li>Th\u00e2n m\u00e1y b\u1eb1ng th\u00e9p kh\u00f4ng g\u1ec9 m\u1ea1 m\u00e0u b\u1ea1c (silver) sang tr\u1ecdng<\/li>\n<li>S\u1ee9c ch\u1ee9a: 15 b\u1ed9 ch\u00e9n \u0111\u0129a, 03 ng\u0103n ch\u1ee9a<\/li>\n<li>8 ch\u01b0\u01a1ng tr\u00ecnh r\u1eeda<\/li>\n<li>M\u00e0n h\u00ecnh LED tr\u1eafng hi\u1ec3n th\u1ecb<\/li>\n<li>H\u1ec7 th\u1ed1ng \u0111i\u1ec1u khi\u1ec3n \u0111i\u1ec7n t\u1eed<\/li>\n<li>C\u1eeda l\u00e0m b\u1eb1ng th\u00e9p kh\u00f4ng g\u1ec9, ch\u1ed1ng d\u1ea5u v\u00e2n tay<\/li>\n<li>Kh\u00f3a ph\u00edm an to\u00e0n tr\u1ebb em<\/li>\n<li>\u0110i\u1ec1u ch\u1ec9nh khay r\u1eeda d\u1ec5 d\u00e0ng<\/li>\n<li>Ch\u1ebf \u0111\u1ed9 s\u1ea5y t\u1ef1 \u0111\u1ed9ng, s\u1ea5y t\u0103ng c\u01b0\u1eddng<\/li>\n<li>H\u1ec7 th\u1ed1ng tay phun c\u00f3 th\u1ec3 \u0111i\u1ec1u ch\u1ec9nh (tr\u00ean + d\u01b0\u1edbi)<\/li>\n<\/ul>\n<figure id=\"attachment_44781\" aria-describedby=\"caption-attachment-44781\" style=\"width: 800px\" class=\"wp-caption alignnone\"><img loading=\"lazy\" decoding=\"async\" class=\"size-large wp-image-44781\" src=\"https:\/\/livinghome.vn\/thiet-bi\/wp-content\/uploads\/nha-bep\/tomate\/may-rua-chen\/may-rua-chen-doc-lap\/may-rua-chen-doc-lap-tomate-tom-4304-w15\/may-rua-chen-doc-lap-tomate-tom-4304-w15-6-800x800.jpg\" alt=\"M\u00e1y r\u1eeda ch\u00e9n Tomate Tom 4304-W15 15 b\u1ed9 ch\u00e9n \u0111\u0129a\" width=\"800\" height=\"800\" title=\"\"><figcaption id=\"caption-attachment-44781\" class=\"wp-caption-text\">Ki\u1ec3u d\u00e1ng: M\u00e1y r\u1eeda ch\u00e9n Tomate Tom 4304-W15 15 b\u1ed9 ch\u00e9n \u0111\u0129a<\/figcaption><\/figure>\n<h3><strong>Th\u00f4ng s\u1ed1 k\u1ef9 thu\u1eadt:<\/strong><\/h3>\n<ul>\n<li>K\u00edch th\u01b0\u1edbc: W600 x D598 x H845mm<\/li>\n<li>\u0110i\u1ec7n \u00e1p: 220-240\/50Hz<\/li>\n<li>C\u00f4ng su\u1ea5t ti\u00eau th\u1ee5: 0.93 KWh\/ l\u1ea7n r\u1eeda<\/li>\n<li>\u0110\u1ed9 \u1ed3n: 42dB<\/li>\n<li>Hi\u1ec7u su\u1ea5t n\u0103ng l\u01b0\u1ee3ng: A+++<\/li>\n<\/ul>\n<div class=\"mceTemp\"><\/div>\n<figure id=\"attachment_16469\" aria-describedby=\"caption-attachment-16469\" style=\"width: 1067px\" class=\"wp-caption alignnone\"><img loading=\"lazy\" decoding=\"async\" class=\"size-full wp-image-16469\" src=\"https:\/\/livinghome.vn\/thiet-bi\/wp-content\/uploads\/catalog-hang\/tomate\/catalog-tomate-07-2023-62.jpg\" alt=\"M\u00e1y R\u1eeda Ch\u00e9n Tomate Nh\u1eadp Kh\u1ea9u Ch\u00ednh H\u00e3ng\" width=\"1067\" height=\"1702\" title=\"\" srcset=\"https:\/\/livinghome.vn\/thiet-bi\/wp-content\/uploads\/catalog-hang\/tomate\/catalog-tomate-07-2023-62.jpg 1067w, https:\/\/livinghome.vn\/thiet-bi\/wp-content\/uploads\/catalog-hang\/tomate\/catalog-tomate-07-2023-62-600x957.jpg 600w, https:\/\/livinghome.vn\/thiet-bi\/wp-content\/uploads\/catalog-hang\/tomate\/catalog-tomate-07-2023-62-251x400.jpg 251w, https:\/\/livinghome.vn\/thiet-bi\/wp-content\/uploads\/catalog-hang\/tomate\/catalog-tomate-07-2023-62-502x800.jpg 502w, https:\/\/livinghome.vn\/thiet-bi\/wp-content\/uploads\/catalog-hang\/tomate\/catalog-tomate-07-2023-62-768x1225.jpg 768w, https:\/\/livinghome.vn\/thiet-bi\/wp-content\/uploads\/catalog-hang\/tomate\/catalog-tomate-07-2023-62-963x1536.jpg 963w\" sizes=\"auto, (max-width: 1067px) 100vw, 1067px\" \/><figcaption id=\"caption-attachment-16469\" class=\"wp-caption-text\">M\u00e1y R\u1eeda Ch\u00e9n Tomate Nh\u1eadp Kh\u1ea9u Ch\u00ednh H\u00e3ng<\/figcaption><\/figure>\n<figure id=\"attachment_16468\" aria-describedby=\"caption-attachment-16468\" style=\"width: 1067px\" class=\"wp-caption alignnone\"><img loading=\"lazy\" decoding=\"async\" class=\"size-full wp-image-16468\" src=\"https:\/\/livinghome.vn\/thiet-bi\/wp-content\/uploads\/catalog-hang\/tomate\/catalog-tomate-07-2023-63.jpg\" alt=\"M\u00e1y R\u1eeda Ch\u00e9n Tomate Mang \u0110\u1ebfn S\u1ef1 Ti\u1ec7n L\u1ee3i Ti\u1ebft Ki\u1ec7m Th\u1eddi Gian v\u00e0 C\u00f4ng S\u1ee9c Cho Cu\u1ed9c S\u1ed1ng Hi\u1ec7n \u0110\u1ea1i\" width=\"1067\" height=\"1702\" title=\"\" srcset=\"https:\/\/livinghome.vn\/thiet-bi\/wp-content\/uploads\/catalog-hang\/tomate\/catalog-tomate-07-2023-63.jpg 1067w, https:\/\/livinghome.vn\/thiet-bi\/wp-content\/uploads\/catalog-hang\/tomate\/catalog-tomate-07-2023-63-600x957.jpg 600w, https:\/\/livinghome.vn\/thiet-bi\/wp-content\/uploads\/catalog-hang\/tomate\/catalog-tomate-07-2023-63-251x400.jpg 251w, https:\/\/livinghome.vn\/thiet-bi\/wp-content\/uploads\/catalog-hang\/tomate\/catalog-tomate-07-2023-63-502x800.jpg 502w, https:\/\/livinghome.vn\/thiet-bi\/wp-content\/uploads\/catalog-hang\/tomate\/catalog-tomate-07-2023-63-768x1225.jpg 768w, https:\/\/livinghome.vn\/thiet-bi\/wp-content\/uploads\/catalog-hang\/tomate\/catalog-tomate-07-2023-63-963x1536.jpg 963w\" sizes=\"auto, (max-width: 1067px) 100vw, 1067px\" \/><figcaption id=\"caption-attachment-16468\" class=\"wp-caption-text\">M\u00e1y R\u1eeda Ch\u00e9n Tomate Mang \u0110\u1ebfn S\u1ef1 Ti\u1ec7n L\u1ee3i Ti\u1ebft Ki\u1ec7m Th\u1eddi Gian v\u00e0 C\u00f4ng S\u1ee9c Cho Cu\u1ed9c S\u1ed1ng Hi\u1ec7n \u0110\u1ea1i<\/figcaption><\/figure>\n<figure id=\"attachment_16467\" aria-describedby=\"caption-attachment-16467\" style=\"width: 1067px\" class=\"wp-caption alignnone\"><img loading=\"lazy\" decoding=\"async\" class=\"size-full wp-image-16467\" src=\"https:\/\/livinghome.vn\/thiet-bi\/wp-content\/uploads\/catalog-hang\/tomate\/catalog-tomate-07-2023-64.jpg\" alt=\"C\u00e1c T\u00ednh N\u0103ng N\u1ed5i Tr\u1ecdi C\u1ee7a M\u00e1y R\u1eeda Ch\u00e9n B\u00e1t Tomate\" width=\"1067\" height=\"1702\" title=\"\" srcset=\"https:\/\/livinghome.vn\/thiet-bi\/wp-content\/uploads\/catalog-hang\/tomate\/catalog-tomate-07-2023-64.jpg 1067w, https:\/\/livinghome.vn\/thiet-bi\/wp-content\/uploads\/catalog-hang\/tomate\/catalog-tomate-07-2023-64-600x957.jpg 600w, https:\/\/livinghome.vn\/thiet-bi\/wp-content\/uploads\/catalog-hang\/tomate\/catalog-tomate-07-2023-64-251x400.jpg 251w, https:\/\/livinghome.vn\/thiet-bi\/wp-content\/uploads\/catalog-hang\/tomate\/catalog-tomate-07-2023-64-502x800.jpg 502w, https:\/\/livinghome.vn\/thiet-bi\/wp-content\/uploads\/catalog-hang\/tomate\/catalog-tomate-07-2023-64-768x1225.jpg 768w, https:\/\/livinghome.vn\/thiet-bi\/wp-content\/uploads\/catalog-hang\/tomate\/catalog-tomate-07-2023-64-963x1536.jpg 963w\" sizes=\"auto, (max-width: 1067px) 100vw, 1067px\" \/><figcaption id=\"caption-attachment-16467\" class=\"wp-caption-text\">C\u00e1c T\u00ednh N\u0103ng N\u1ed5i Tr\u1ecdi C\u1ee7a M\u00e1y R\u1eeda Ch\u00e9n B\u00e1t Tomate<\/figcaption><\/figure>\n","protected":false},"excerpt":{"rendered":"<p>M\u00e1y R\u1eeda Ch\u00e9n Tomate Tom 4304-W15, Chu\u1ea9n Ch\u00e2u \u00c2u Th\u00f4ng tin s\u1ea3n ph\u1ea9m M\u00e1y r\u1eeda ch\u00e9n Tomate Tom 4304-W15 v\u1edbi s\u1ee9c ch\u1ee9a 15 b\u1ed9 \u0111\u1ed3 \u0103n \u00e2u, 8 ch\u1ee9c n\u0103ng r\u1eeda \u0110\u1ed9ng c\u01a1 SMART BLDC:\u00a0s\u1ea3n xu\u1ea5t b\u1edfi\u00a0AWECO (Germany) \u2013\u00a0Hi\u1ec7u su\u1ea5t cao (B\u1ea3o h\u00e0nh Motor 10 n\u0103m) CH\u1ee8C N\u0102NG POWER WASH:R\u1eeda t\u0103ng c\u01b0\u1eddng \u0111\u00e1nh b\u1eadt m\u1ecdi [&#8230;]\n","protected":false},"featured_media":16406,"comment_status":"open","ping_status":"closed","template":"","meta":[],"product_brand":[],"product_cat":[611,92,824,828,827,867,826,364],"product_tag":[205,371,372],"class_list":{"0":"post-2910","1":"product","2":"type-product","3":"status-publish","4":"has-post-thumbnail","6":"product_cat-may-rua-chen-bat-tomate","7":"product_cat-may-rua-chen-bat","8":"product_cat-may-rua-chen-bat-15-bo","9":"product_cat-may-rua-chen-bat-am-tu","10":"product_cat-may-rua-chen-bat-ban-am","11":"product_cat-may-rua-chen-bat-chau-au","12":"product_cat-may-rua-chen-bat-doc-lap","13":"product_cat-thuong-hieu-tomate","14":"product_tag-may-rua-chen-doc-lap","15":"product_tag-may-rua-chen-tomate","16":"product_tag-tomate","18":"first","19":"instock","20":"sale","21":"shipping-taxable","22":"purchasable","23":"product-type-simple"},"_links":{"self":[{"href":"https:\/\/livinghome.vn\/thiet-bi\/wp-json\/wp\/v2\/product\/2910","targetHints":{"allow":["GET"]}}],"collection":[{"href":"https:\/\/livinghome.vn\/thiet-bi\/wp-json\/wp\/v2\/product"}],"about":[{"href":"https:\/\/livinghome.vn\/thiet-bi\/wp-json\/wp\/v2\/types\/product"}],"replies":[{"embeddable":true,"href":"https:\/\/livinghome.vn\/thiet-bi\/wp-json\/wp\/v2\/comments?post=2910"}],"wp:featuredmedia":[{"embeddable":true,"href":"https:\/\/livinghome.vn\/thiet-bi\/wp-json\/wp\/v2\/media\/16406"}],"wp:attachment":[{"href":"https:\/\/livinghome.vn\/thiet-bi\/wp-json\/wp\/v2\/media?parent=2910"}],"wp:term":[{"taxonomy":"product_brand","embeddable":true,"href":"https:\/\/livinghome.vn\/thiet-bi\/wp-json\/wp\/v2\/product_brand?post=2910"},{"taxonomy":"product_cat","embeddable":true,"href":"https:\/\/livinghome.vn\/thiet-bi\/wp-json\/wp\/v2\/product_cat?post=2910"},{"taxonomy":"product_tag","embeddable":true,"href":"https:\/\/livinghome.vn\/thiet-bi\/wp-json\/wp\/v2\/product_tag?post=2910"}],"curies":[{"name":"wp","href":"https:\/\/api.w.org\/{rel}","templated":true}]}}