{"id":2889,"date":"2023-01-12T17:04:47","date_gmt":"2023-01-12T17:04:47","guid":{"rendered":"https:\/\/livinghome.vn\/thiet-bi\/?post_type=product&#038;p=2889"},"modified":"2025-07-24T00:45:36","modified_gmt":"2025-07-23T17:45:36","slug":"lo-nuong-tomate-tom-242-am-tu-72-lit","status":"publish","type":"product","link":"https:\/\/livinghome.vn\/thiet-bi\/lo-nuong-tomate-tom-242-am-tu-72-lit\/","title":{"rendered":"L\u00f2 n\u01b0\u1edbng Tomate TOM 242 \u00c2m t\u1ee7 72 l\u00edt 8 ch\u1ee9c n\u0103ng"},"content":{"rendered":"<h2>L\u00f2 n\u01b0\u1edbng Tomate TOM 242 thi\u1ebft k\u1ebf chu\u1ea9n Ch\u00e2u \u00c2u, 8 ch\u1ee9c n\u0103ng c\u00f3 nh\u1eefng g\u00ec<\/h2>\n<figure id=\"attachment_44679\" aria-describedby=\"caption-attachment-44679\" style=\"width: 800px\" class=\"wp-caption alignnone\"><img loading=\"lazy\" decoding=\"async\" class=\"size-large wp-image-44679\" src=\"https:\/\/livinghome.vn\/thiet-bi\/wp-content\/uploads\/nha-bep\/tomate\/lo-nuong\/lo-nuong-am-tu\/lo-nuong-am-tu-tomate-tom-242\/lo-nuong-tomate-tom-242-1-800x800.jpg\" alt=\"L\u00f2 n\u01b0\u1edbng Tomate Tom 242 thi\u1ebft k\u1ebf chu\u1ea9n Ch\u00e2u \u00c2u, 8 ch\u1ee9c n\u0103ng\" width=\"800\" height=\"800\" title=\"\"><figcaption id=\"caption-attachment-44679\" class=\"wp-caption-text\">Ki\u1ec3u d\u00e1ng c\u1ee7a L\u00f2 n\u01b0\u1edbng Tomate Tom 242 thi\u1ebft k\u1ebf chu\u1ea9n Ch\u00e2u \u00c2u r\u1ea5t \u0111\u1eb9p<\/figcaption><\/figure>\n<h3><strong>Th\u00f4ng tin s\u1ea3n ph\u1ea9m :<\/strong><\/h3>\n<ul>\n<li><a href=\"https:\/\/livinghome.vn\/product-category\/nha-bep\/lo-nuong-am\/\">L\u00f2 n\u01b0\u1edbng<\/a> Tomate TOM 242 v\u1edbi 8 ch\u1ee9c n\u0103ng, s\u1eed d\u1ee5ng m\u1ee9c n\u0103ng l\u01b0\u1ee3ng A gi\u00fap ti\u1ebft ki\u1ec7m 20% \u0111i\u1ec7n n\u0103ng<\/li>\n<li>S\u1ea3n xu\u1ea5t t\u1ea1i Ch\u00e2u \u00c2u theo ti\u00eau chu\u1ea9n &amp; thi\u1ebft k\u1ebf c\u1ee7a Tomate Electrodom\u00e9sticos<\/li>\n<li>Thi\u1ebft k\u1ebf theo ti\u00eau chu\u1ea9n Ch\u00e2u \u00c2u v\u1edbi k\u00ednh c\u01b0\u1eddng l\u1ef1c m\u00e0u \u0111en ph\u1ed1i m\u00e0u inox l\u00e0m \u0111\u1eb9p cho kh\u00f4ng gian b\u1ebfp<\/li>\n<li>\u0110\u1eb7c bi\u1ec7t, s\u1ea3n ph\u1ea9m c\u00f3 \u0111\u1ed9 an to\u00e0n cao v\u1edbi c\u1eeda k\u00ednh cao c\u1ea5p 2 l\u1edbp, qu\u1ea1t l\u00e0m m\u00e1t c\u00f9ng ch\u1ee9c n\u0103ng h\u1eb9n gi\u1edd<\/li>\n<li>S\u1edf h\u1eefu s\u1ea3n ph\u1ea9m trong gian b\u1ebfp s\u1ebd gi\u00fap b\u1ea1n d\u1ec5 d\u00e0ng ch\u1ebf bi\u1ebfn \u0111\u01b0\u1ee3c nhi\u1ec1u m\u00f3n \u0103n ngon cho m\u1ecdi gia \u0111\u00ecnh<\/li>\n<li>K\u00edch th\u01b0\u1edbc: 60 cm<\/li>\n<li>K\u00ednh c\u01b0\u1eddng l\u1ef1c m\u00e0u b\u1ea1c (silver) ho\u1eb7c m\u00e0u v\u00e0ng (gold)<\/li>\n<li>8 ch\u1ee9c n\u0103ng<\/li>\n<li>H\u1ec7 th\u1ed1ng \u0111i\u1ec1u khi\u1ec3n \u0111i\u1ec7n t\u1eed s\u1eed d\u1ee5ng 2 n\u00fat v\u1eb7n ti\u1ec7n d\u1ee5ng<\/li>\n<li>M\u00e0n h\u00ecnh hi\u1ec3n th\u1ecb LCD<\/li>\n<li>Ch\u1ee9c n\u0103ng h\u1eb9n gi\u1edd<\/li>\n<li>Kh\u00f3a an to\u00e0n tr\u1ebb em<\/li>\n<li>Qu\u1ea1t t\u1ea3n nhi\u1ec7t, l\u00e0m m\u00e1t<\/li>\n<li>Qu\u1ea1t tu\u1ea7n ho\u00e0n<\/li>\n<li>Khoang l\u00f2 tr\u00e1ng men tr\u01a1n<\/li>\n<\/ul>\n<figure id=\"attachment_44676\" aria-describedby=\"caption-attachment-44676\" style=\"width: 800px\" class=\"wp-caption alignnone\"><img loading=\"lazy\" decoding=\"async\" class=\"size-large wp-image-44676\" src=\"https:\/\/livinghome.vn\/thiet-bi\/wp-content\/uploads\/nha-bep\/tomate\/lo-nuong\/lo-nuong-am-tu\/lo-nuong-am-tu-tomate-tom-242\/lo-nuong-tomate-tom-242-4-800x800.jpg\" alt=\"L\u00f2 n\u01b0\u1edbng Tomate Tom 242 thi\u1ebft k\u1ebf chu\u1ea9n Ch\u00e2u \u00c2u, 8 ch\u1ee9c n\u0103ng\" width=\"800\" height=\"800\" title=\"\"><figcaption id=\"caption-attachment-44676\" class=\"wp-caption-text\">B\u00ean trong c\u1ee7a chi\u1ebfc L\u00f2 n\u01b0\u1edbng Tomate TOM 242 r\u1ed9ng r\u00e3i \u0111\u1ebfn 72 l\u00edt \u0111\u1ea7y \u0111\u1ee7 t\u00ednh n\u0103ng quan tr\u1ecdng c\u1ee7a chi\u1ebfc l\u00f2 n\u01b0\u1edbng ho\u00e0n h\u1ea3o<\/figcaption><\/figure>\n<h3><strong>Th\u00f4ng s\u1ed1 k\u1ef9 thu\u1eadt<\/strong><\/h3>\n<ul>\n<li>Dung t\u00edch: 72 l\u00edt<\/li>\n<li>\u0110i\u1ec7n \u00e1p: 220-240\/50Hz<\/li>\n<li>C\u00f4ng su\u1ea5t: 2869W<\/li>\n<li>K\u00edch th\u01b0\u1edbc: W595 x D550 x H590mm<\/li>\n<li>M\u1ee9c n\u0103ng l\u01b0\u1ee3ng A, ti\u1ebft ki\u1ec7m 20% \u0111i\u1ec7n n\u0103ng<\/li>\n<\/ul>\n","protected":false},"excerpt":{"rendered":"<p>K\u00edch th\u01b0\u1edbc: 60 cm<\/p>\n<p>8 ch\u1ee9c n\u0103ng<\/p>\n<p>Dung t\u00edch: 72l<\/p>\n<p>\u0110i\u1ec7n \u00e1p: 220-240\/50Hz<\/p>\n<p>C\u00f4ng su\u1ea5t: 2869W<\/p>\n<p>K\u00edch th\u01b0\u1edbc: W595 x D550 x H590mm<\/p>\n<p>&nbsp;<\/p>\n","protected":false},"featured_media":2975,"comment_status":"open","ping_status":"closed","template":"","meta":[],"product_brand":[],"product_cat":[95,1703,364],"product_tag":[96,156,377,372],"class_list":{"0":"post-2889","1":"product","2":"type-product","3":"status-publish","4":"has-post-thumbnail","6":"product_cat-lo-nuong","7":"product_cat-lo-nuong-tomate","8":"product_cat-thuong-hieu-tomate","9":"product_tag-lo-nuong","10":"product_tag-lo-nuong-am-tu","11":"product_tag-lo-nuong-tomate","12":"product_tag-tomate","14":"first","15":"instock","16":"sale","17":"shipping-taxable","18":"purchasable","19":"product-type-simple"},"_links":{"self":[{"href":"https:\/\/livinghome.vn\/thiet-bi\/wp-json\/wp\/v2\/product\/2889","targetHints":{"allow":["GET"]}}],"collection":[{"href":"https:\/\/livinghome.vn\/thiet-bi\/wp-json\/wp\/v2\/product"}],"about":[{"href":"https:\/\/livinghome.vn\/thiet-bi\/wp-json\/wp\/v2\/types\/product"}],"replies":[{"embeddable":true,"href":"https:\/\/livinghome.vn\/thiet-bi\/wp-json\/wp\/v2\/comments?post=2889"}],"wp:featuredmedia":[{"embeddable":true,"href":"https:\/\/livinghome.vn\/thiet-bi\/wp-json\/wp\/v2\/media\/2975"}],"wp:attachment":[{"href":"https:\/\/livinghome.vn\/thiet-bi\/wp-json\/wp\/v2\/media?parent=2889"}],"wp:term":[{"taxonomy":"product_brand","embeddable":true,"href":"https:\/\/livinghome.vn\/thiet-bi\/wp-json\/wp\/v2\/product_brand?post=2889"},{"taxonomy":"product_cat","embeddable":true,"href":"https:\/\/livinghome.vn\/thiet-bi\/wp-json\/wp\/v2\/product_cat?post=2889"},{"taxonomy":"product_tag","embeddable":true,"href":"https:\/\/livinghome.vn\/thiet-bi\/wp-json\/wp\/v2\/product_tag?post=2889"}],"curies":[{"name":"wp","href":"https:\/\/api.w.org\/{rel}","templated":true}]}}