{"id":288,"date":"2023-01-12T10:05:52","date_gmt":"2023-01-12T10:05:52","guid":{"rendered":"https:\/\/livinghome.vn\/thiet-bi\/?post_type=product&#038;p=288"},"modified":"2024-11-29T14:21:07","modified_gmt":"2024-11-29T07:21:07","slug":"bep-tu-dmestik-ml-288-dki-73cm-2-tu-mat-kinh-kanger-bo-vien","status":"publish","type":"product","link":"https:\/\/livinghome.vn\/thiet-bi\/bep-tu-dmestik-ml-288-dki-73cm-2-tu-mat-kinh-kanger-bo-vien\/","title":{"rendered":"B\u1ebfp t\u1eeb Dmestik ML 288 DKI, 73cm, 2 T\u1eeb, M\u1eb7t K\u00ednh Kanger Bo Vi\u1ec1n"},"content":{"rendered":"<h2>B\u1ebfp t\u1eeb Dmestik ML 288 DKI &#8211; Made in Malaysia<\/h2>\n<p>Bo vi\u1ec1n 4 c\u1ea1nh ch\u1ecbu nhi\u1ec7t, ch\u1ed1ng tr\u1ea7y x\u01b0\u1edbc cao c\u1ea5p<\/p>\n<h3>Gi\u1eddi thi\u1ec7u s\u1ea3n ph\u1ea9m<\/h3>\n<ul>\n<li><strong><a href=\"https:\/\/livinghome.vn\/thiet-bi\/bep-tu\/\">B\u1ebfp t\u1eeb<\/a><\/strong> Dmestik ML288 DKI c\u00f3 02 v\u00f9ng n\u1ea5u t\u1eeb<\/li>\n<li>M\u1eb7t k\u00ednh Kanger ch\u1ecbu l\u1ef1c, ch\u1ecbu nhi\u1ec7t, ch\u1ed1ng tr\u1ea7y x\u01b0\u1edbc cao<\/li>\n<li>Thi\u1ebft k\u1ebf v\u00e1t 4 c\u1ea1nh bo vi\u1ec1n inox sang tr\u1ecdng<\/li>\n<li>B\u1ea3ng \u0111i\u1ec1u khi\u1ec3n c\u1ea3m \u1ee9ng d\u1ea1ng tr\u01b0\u1ee3t \u201cSlide\u201d.<\/li>\n<li>09 m\u1ee9c \u0111i\u1ec1u ch\u1ec9nh nhi\u1ec7t \u0111\u1ed9 tr\u00ean m\u1ed7i v\u00f9ng n\u1ea5u + \u201cBooster\u201d (n\u1ea5u si\u00eau nhanh).<\/li>\n<li>T\u00ednh n\u0103ng t\u1ef1 \u0111\u1ed9ng nh\u1eadn di\u1ec7n n\u1ed3i v\u00e0 k\u00edch c\u1ee1 n\u1ed3i t\u1eeb.<\/li>\n<li>T\u00ednh n\u0103ng chi\u00ean, x\u00e0o th\u00f4ng minh.<\/li>\n<li>Ch\u1ee9c n\u0103ng c\u1ea3nh b\u00e1o ch\u1ed1ng tr\u00e0n.<\/li>\n<li>Ch\u1ee9c n\u0103ng t\u1ea1m d\u1eebng \u201cPause\u201d.<\/li>\n<li>Ch\u1ee9c n\u0103ng \u1ee7 \u1ea5m.<\/li>\n<li>Ch\u1ee9c n\u0103ng h\u1eb9n gi\u1edd n\u1ea5u tr\u00ean t\u1eebng b\u1ebfp.<\/li>\n<li>C\u00f4ng ngh\u1ec7 Inverter ti\u1ebft ki\u1ec7m \u0111i\u1ec7n.<\/li>\n<li>C\u1ea3nh b\u00e1o nhi\u1ec7t d\u01b0 tr\u00ean m\u1eb7t b\u1ebfp sau n\u1ea5u.<\/li>\n<li>Kh\u00f3a an to\u00e0n cho tr\u1ebb em.<\/li>\n<li>T\u1ef1 \u0111\u1ed9ng t\u1eaft b\u1ebfp khi qu\u00e1 nhi\u1ec7t, qu\u00e1 \u00e1p<\/li>\n<li>Kh\u00f4ng chia s\u1ebb c\u00f4ng su\u1ea5t<\/li>\n<\/ul>\n<p><a href=\"https:\/\/livinghome.vn\/thiet-bi\/bep-tu-dmestik\/\"><strong>B\u1ebfp t\u1eeb D\u2019mestik<\/strong><\/a> ML288 DKI\u00a0l\u00e0 d\u00f2ng b\u1ebfp t\u1eeb \u0111\u01b0\u01a1\u0323c nh\u00e2\u0323p kh\u00e2\u0309u nguy\u00ean chi\u00ea\u0301c ta\u0323i Malaysia thi\u1ebft k\u1ebf sang tr\u1ecdng hi\u1ec7n \u0111\u1ea1i nhi\u1ec1u t\u00ednh n\u0103ng th\u00f4ng minh v\u1edbi m\u1ee9c gi\u00e1 t\u1ea7m trung \u0111\u00e2y ch\u1eafc ch\u1eafn l\u00e0 chi\u1ebfc b\u1ebfp t\u1eeb \u0111\u00f4i \u0111\u00e1ng \u0111\u1ec3 b\u1ea1n tham kh\u1ea3o.<\/p>\n<figure id=\"attachment_53398\" aria-describedby=\"caption-attachment-53398\" style=\"width: 533px\" class=\"wp-caption aligncenter\"><img loading=\"lazy\" decoding=\"async\" class=\"size-medium wp-image-53398\" src=\"https:\/\/livinghome.vn\/thiet-bi\/wp-content\/uploads\/nha-bep\/dmestik\/bep-tu\/bep-tu-dmestik-ml-288-dki-bo-vien\/bep-tu-dmestik-ml-288-dki-bo-vien-1-2-533x400.jpg\" alt=\"B\u1ebfp t\u1eeb Dmestik ML288 DKI bo vi\u1ec1n 4 c\u1ea1nh ch\u1ecbu nhi\u1ec7t, ch\u1ed1ng tr\u1ea7y x\u01b0\u1edbc cao c\u1ea5p\" width=\"533\" height=\"400\" title=\"\"><figcaption id=\"caption-attachment-53398\" class=\"wp-caption-text\">B\u1ebfp t\u1eeb Dmestik ML288 DKI bo vi\u1ec1n 4 c\u1ea1nh ch\u1ecbu nhi\u1ec7t, ch\u1ed1ng tr\u1ea7y x\u01b0\u1edbc cao c\u1ea5p<\/figcaption><\/figure>\n<h3>Th\u00f4ng s\u1ed1 k\u1ef9 thu\u1eadt<\/h3>\n<ul>\n<li>K\u00edch th\u01b0\u1edbc b\u1ec1 m\u1eb7t: 730mm x 430mm<\/li>\n<li>K\u00edch th\u01b0\u1edbc kho\u00e9t \u0111\u00e1: 680mm x 380mm<\/li>\n<li>T\u1ed5ng c\u00f4ng xu\u1ea5t t\u1ed1i \u0111a: 4.8kw<\/li>\n<li>B\u1ebfp tr\u00e1i: 2.0kw, booster 2.4kw.\u00a0\u00a0\u00d8220<\/li>\n<li>B\u1ebfp ph\u1ea3i: 2.0kw, booster 2.4kw.\u00a0\u00a0\u00d8220<\/li>\n<li>V\u00f9ng n\u1ea5u: 2 t\u1eeb<\/li>\n<li>Xu\u1ea5t x\u1ee9: Malaysia<\/li>\n<li>B\u1ea3o h\u00e0nh: ch\u00ednh h\u00e3ng 3 n\u0103m<\/li>\n<\/ul>\n<figure id=\"attachment_53397\" aria-describedby=\"caption-attachment-53397\" style=\"width: 533px\" class=\"wp-caption aligncenter\"><img loading=\"lazy\" decoding=\"async\" class=\"size-medium wp-image-53397\" src=\"https:\/\/livinghome.vn\/thiet-bi\/wp-content\/uploads\/nha-bep\/dmestik\/bep-tu\/bep-tu-dmestik-ml-288-dki-bo-vien\/bep-tu-dmestik-ml-288-dki-bo-vien-1-3-533x400.jpg\" alt=\"B\u1ebfp t\u1eeb Dmestik ML288 DKI bo vi\u1ec1n 4 c\u1ea1nh ch\u1ecbu nhi\u1ec7t, ch\u1ed1ng tr\u1ea7y x\u01b0\u1edbc cao c\u1ea5p\" width=\"533\" height=\"400\" title=\"\"><figcaption id=\"caption-attachment-53397\" class=\"wp-caption-text\">B\u1ebfp t\u1eeb Dmestik ML288 DKI bo vi\u1ec1n 4 c\u1ea1nh ch\u1ecbu nhi\u1ec7t, ch\u1ed1ng tr\u1ea7y x\u01b0\u1edbc cao c\u1ea5p<\/figcaption><\/figure>\n","protected":false},"excerpt":{"rendered":"<p>&nbsp;<\/p>\n<ul>\n<li>B\u1ea3ng \u0111i\u1ec1u khi\u1ec3n c\u1ea3m \u1ee9ng d\u1ea1ng tr\u01b0\u1ee3t \u201cSlide\u201d.<\/li>\n<li>09 m\u1ee9c \u0111i\u1ec1u ch\u1ec9nh nhi\u1ec7t \u0111\u1ed9 tr\u00ean m\u1ed7i v\u00f9ng n\u1ea5u + \u201cBooster\u201d (n\u1ea5u si\u00eau nhanh).<\/li>\n<li>Kh\u00f3a an to\u00e0n cho tr\u1ebb em.<\/li>\n<li>T\u1ef1 \u0111\u1ed9ng t\u1eaft b\u1ebfp khi qu\u00e1 nhi\u1ec7t, qu\u00e1 \u00e1p<\/li>\n<li>K\u00edch th\u01b0\u1edbc b\u1ec1 m\u1eb7t: 730mm x 430mm<\/li>\n<li>T\u1ed5ng c\u00f4ng xu\u1ea5t t\u1ed1i \u0111a: 4.8kw<\/li>\n<\/ul>\n","protected":false},"featured_media":342,"comment_status":"open","ping_status":"closed","template":"","meta":[],"product_brand":[],"product_cat":[745,794,813,796,799,810,75,713,795,72],"product_tag":[76,77,168,738,74],"class_list":{"0":"post-288","1":"product","2":"type-product","3":"status-publish","4":"has-post-thumbnail","6":"product_cat-bep-dien-tu","7":"product_cat-bep-2-tu","8":"product_cat-bep-dien-tu-chung-cu","9":"product_cat-bep-dien-tu-doi","10":"product_cat-bep-dien-tu-hinh-chu-nhat","11":"product_cat-bep-dien-tu-malaysia","12":"product_cat-bep-tu","13":"product_cat-bep-tu-dmestik","14":"product_cat-bep-tu-doi","15":"product_cat-thuong-hieu-dmestik","16":"product_tag-bep-tu","17":"product_tag-bep-tu-2-vung-nau","18":"product_tag-bep-tu-am","19":"product_tag-bep-tu-dmestik","20":"product_tag-dmestik","22":"first","23":"instock","24":"sale","25":"shipping-taxable","26":"purchasable","27":"product-type-simple"},"_links":{"self":[{"href":"https:\/\/livinghome.vn\/thiet-bi\/wp-json\/wp\/v2\/product\/288","targetHints":{"allow":["GET"]}}],"collection":[{"href":"https:\/\/livinghome.vn\/thiet-bi\/wp-json\/wp\/v2\/product"}],"about":[{"href":"https:\/\/livinghome.vn\/thiet-bi\/wp-json\/wp\/v2\/types\/product"}],"replies":[{"embeddable":true,"href":"https:\/\/livinghome.vn\/thiet-bi\/wp-json\/wp\/v2\/comments?post=288"}],"wp:featuredmedia":[{"embeddable":true,"href":"https:\/\/livinghome.vn\/thiet-bi\/wp-json\/wp\/v2\/media\/342"}],"wp:attachment":[{"href":"https:\/\/livinghome.vn\/thiet-bi\/wp-json\/wp\/v2\/media?parent=288"}],"wp:term":[{"taxonomy":"product_brand","embeddable":true,"href":"https:\/\/livinghome.vn\/thiet-bi\/wp-json\/wp\/v2\/product_brand?post=288"},{"taxonomy":"product_cat","embeddable":true,"href":"https:\/\/livinghome.vn\/thiet-bi\/wp-json\/wp\/v2\/product_cat?post=288"},{"taxonomy":"product_tag","embeddable":true,"href":"https:\/\/livinghome.vn\/thiet-bi\/wp-json\/wp\/v2\/product_tag?post=288"}],"curies":[{"name":"wp","href":"https:\/\/api.w.org\/{rel}","templated":true}]}}