{"id":2870,"date":"2023-01-12T17:04:21","date_gmt":"2023-01-12T17:04:21","guid":{"rendered":"https:\/\/livinghome.vn\/thiet-bi\/?post_type=product&#038;p=2870"},"modified":"2025-07-24T00:44:49","modified_gmt":"2025-07-23T17:44:49","slug":"lo-nuong-tomate-tom-234-thiet-ke-chuan-chau-au","status":"publish","type":"product","link":"https:\/\/livinghome.vn\/thiet-bi\/lo-nuong-tomate-tom-234-thiet-ke-chuan-chau-au\/","title":{"rendered":"L\u00f2 n\u01b0\u1edbng Tomate Tom 234 thi\u1ebft k\u1ebf chu\u1ea9n Ch\u00e2u \u00c2u"},"content":{"rendered":"<h2><strong>L\u00f2 n\u01b0\u1edbng Tomate Tom 234 9 thi\u1ebft k\u1ebf chu\u1ea9n Ch\u00e2u \u00c2u\u00a0c\u00f3 nh\u1eefng g\u00ec<\/strong><\/h2>\n<p>L\u00f2 n\u01b0\u1edbng Tomate TOM 234 v\u1edbi 9 ch\u1ee9c n\u0103ng ti\u1ec7n d\u1ee5ng, s\u1eed d\u1ee5ng m\u1ee9c n\u0103ng l\u01b0\u1ee3ng A gi\u00fap ti\u1ebft ki\u1ec7m 20% \u0111i\u1ec7n n\u0103ng. S\u1ea3n xu\u1ea5t t\u1ea1i Ch\u00e2u \u00c2u theo ti\u00eau chu\u1ea9n c\u1ee7a Tomate Electrodom\u00e9sticos.<\/p>\n<p>L\u00f2 n\u01b0\u1edbng TOM 234, l\u00e0 lo\u1ea1i l\u00f2 n\u01b0\u1edbng \u00e2m t\u1ee7 s\u1edf h\u1eefu nhi\u1ec1u ch\u01b0\u01a1ng tr\u00ecnh n\u01b0\u1edbng linh ho\u1ea1t, d\u1ec5 s\u1eed d\u1ee5ng v\u1edbi \u0111i\u1ec1u khi\u1ec3n \u0111\u01a1n gi\u1ea3n. H\u1ec7 th\u1ed1ng t\u1ea3n nhi\u1ec7t c\u1ee7a l\u00f2 theo thi\u1ebft k\u1ebf ti\u00eau chu\u1ea9n Ch\u00e2u \u00c2u \u0111\u1ea3m b\u1ea3o t\u1ea1o nhi\u1ec7t \u0111\u1ec1u cho to\u00e0n khoang l\u00f2. \u0110\u1eb7c bi\u1ec7t, s\u1ea3n ph\u1ea9m c\u00f3 \u0111\u1ed9 an to\u00e0n cao v\u1edbi c\u1eeda k\u00ednh cao c\u1ea5p 2 l\u1edbp, qu\u1ea1t l\u00e0m m\u00e1t c\u00f9ng ch\u1ee9c n\u0103ng h\u1eb9n gi\u1edd. S\u1edf h\u1eefu s\u1ea3n ph\u1ea9m trong gian b\u1ebfp s\u1ebd gi\u00fap b\u1ea1n d\u1ec5 d\u00e0ng ch\u1ebf bi\u1ebfn \u0111\u01b0\u1ee3c nhi\u1ec1u m\u00f3n \u0103n ngon cho m\u1ecdi gia \u0111\u00ecnh.<\/p>\n<figure id=\"attachment_44671\" aria-describedby=\"caption-attachment-44671\" style=\"width: 800px\" class=\"wp-caption alignnone\"><img loading=\"lazy\" decoding=\"async\" class=\"wp-image-44671 size-large\" src=\"https:\/\/livinghome.vn\/thiet-bi\/wp-content\/uploads\/nha-bep\/tomate\/lo-nuong\/lo-nuong-am-tu\/lo-nuong-am-tu-tomate-tom-234\/lo-nuong-tomate-tom-234-800x800.jpg\" alt=\"L\u00f2 n\u01b0\u1edbng Tomate Tom 234 9 ch\u1ee9c n\u0103ng\" width=\"800\" height=\"800\" title=\"\"><figcaption id=\"caption-attachment-44671\" class=\"wp-caption-text\">Ki\u1ec3u d\u00e1ng : L\u00f2 n\u01b0\u1edbng Tomate Tom 234 thi\u1ebft k\u1ebf chu\u1ea9n Ch\u00e2u \u00c2u<\/figcaption><\/figure>\n<h3><strong>Th\u00f4ng tin s\u1ea3n ph\u1ea9m <\/strong><\/h3>\n<ul>\n<li>Ph\u00e2n lo\u1ea1i : <a href=\"https:\/\/livinghome.vn\/product-category\/nha-bep\/lo-nuong-am\/\">L\u00f2 n\u01b0\u1edbng<\/a> \u00e2m t\u1ee7<\/li>\n<li>K\u00edch th\u01b0\u1edbc : 60cm<\/li>\n<li>K\u00ednh c\u01b0\u1eddng l\u1ef1c m\u00e0u \u0111en ph\u1ed1i inox kh\u00f4ng g\u1ec9<\/li>\n<li>9 ch\u1ee9c n\u0103ng<\/li>\n<li>H\u1ec7 th\u1ed1ng \u0111i\u1ec1u khi\u1ec3n \u0111i\u1ec7n t\u1eed s\u1eed d\u1ee5ng m\u1ed9t n\u00fat v\u1eb7n ti\u1ec7n d\u1ee5ng<\/li>\n<li>M\u00e0n h\u00ecnh hi\u1ec3n th\u1ecb LCD<\/li>\n<li>Ch\u1ee9c n\u0103ng h\u1eb9n gi\u1edd<\/li>\n<li>Kh\u00f3a an to\u00e0n tr\u1ebb em<\/li>\n<li>Qu\u1ea1t t\u1ea3n nhi\u1ec7t, l\u00e0m m\u00e1t<\/li>\n<li>Qu\u1ea1t tu\u1ea7n ho\u00e0n<\/li>\n<li>Khoang l\u00f2 tr\u00e1ng men tr\u01a1n<\/li>\n<li>Khay n\u01b0\u1edbng s\u1eed d\u1ee5ng Telescopic Arm ti\u1ec7n d\u1ee5ng \u0111\u1eb7t\/l\u1ea5y th\u1ee9c \u0103n<\/li>\n<li>S\u1ea3n xu\u1ea5t t\u1ea1i Th\u1ed5 Nh\u1ef9 K\u1ef3 theo thi\u1ebft k\u1ebf v\u00e0 \u1ee7y quy\u1ec1n TOMATE Electrodom\u00e9sticos T\u00e2y Ban Nha.<\/li>\n<\/ul>\n<h3><strong>Th\u00f4ng s\u1ed1 k\u1ef9 thu\u1eadt<\/strong><\/h3>\n<ul>\n<li>Dung t\u00edch: 64l<\/li>\n<li>\u0110i\u1ec7n \u00e1p: 220-240\/50Hz<\/li>\n<li>C\u00f4ng su\u1ea5t: 2869W<\/li>\n<li>K\u00edch th\u01b0\u1edbc: W596 x D547 x H597mm<\/li>\n<li>M\u1ee9c n\u0103ng l\u01b0\u1ee3ng A, ti\u1ebft ki\u1ec7m 20% \u0111i\u1ec7n n\u0103ng<\/li>\n<\/ul>\n","protected":false},"excerpt":{"rendered":"<p>K\u00edch th\u01b0\u1edbc : 60cm<\/p>\n<p>9 ch\u1ee9c n\u0103ng<\/p>\n<p>Dung t\u00edch: 64l<\/p>\n<p>\u0110i\u1ec7n \u00e1p: 220-240\/50Hz<\/p>\n<p>C\u00f4ng su\u1ea5t: 2869W<\/p>\n<p>K\u00edch th\u01b0\u1edbc: W596 x D547 x H597mm<\/p>\n<p>Kh\u00f3a an to\u00e0n tr\u1ebb em<\/p>\n<p>&nbsp;<\/p>\n","protected":false},"featured_media":2974,"comment_status":"open","ping_status":"closed","template":"","meta":[],"product_brand":[],"product_cat":[95,1703,364],"product_tag":[96,156,377,372],"class_list":{"0":"post-2870","1":"product","2":"type-product","3":"status-publish","4":"has-post-thumbnail","6":"product_cat-lo-nuong","7":"product_cat-lo-nuong-tomate","8":"product_cat-thuong-hieu-tomate","9":"product_tag-lo-nuong","10":"product_tag-lo-nuong-am-tu","11":"product_tag-lo-nuong-tomate","12":"product_tag-tomate","14":"first","15":"instock","16":"sale","17":"shipping-taxable","18":"purchasable","19":"product-type-simple"},"_links":{"self":[{"href":"https:\/\/livinghome.vn\/thiet-bi\/wp-json\/wp\/v2\/product\/2870","targetHints":{"allow":["GET"]}}],"collection":[{"href":"https:\/\/livinghome.vn\/thiet-bi\/wp-json\/wp\/v2\/product"}],"about":[{"href":"https:\/\/livinghome.vn\/thiet-bi\/wp-json\/wp\/v2\/types\/product"}],"replies":[{"embeddable":true,"href":"https:\/\/livinghome.vn\/thiet-bi\/wp-json\/wp\/v2\/comments?post=2870"}],"wp:featuredmedia":[{"embeddable":true,"href":"https:\/\/livinghome.vn\/thiet-bi\/wp-json\/wp\/v2\/media\/2974"}],"wp:attachment":[{"href":"https:\/\/livinghome.vn\/thiet-bi\/wp-json\/wp\/v2\/media?parent=2870"}],"wp:term":[{"taxonomy":"product_brand","embeddable":true,"href":"https:\/\/livinghome.vn\/thiet-bi\/wp-json\/wp\/v2\/product_brand?post=2870"},{"taxonomy":"product_cat","embeddable":true,"href":"https:\/\/livinghome.vn\/thiet-bi\/wp-json\/wp\/v2\/product_cat?post=2870"},{"taxonomy":"product_tag","embeddable":true,"href":"https:\/\/livinghome.vn\/thiet-bi\/wp-json\/wp\/v2\/product_tag?post=2870"}],"curies":[{"name":"wp","href":"https:\/\/api.w.org\/{rel}","templated":true}]}}