{"id":2847,"date":"2023-01-12T17:03:44","date_gmt":"2023-01-12T17:03:44","guid":{"rendered":"https:\/\/livinghome.vn\/thiet-bi\/?post_type=product&#038;p=2847"},"modified":"2025-07-24T00:44:03","modified_gmt":"2025-07-23T17:44:03","slug":"lo-vi-song-tomate-tom-mw-220-am-tu-20-lit-5-chuc-nang","status":"publish","type":"product","link":"https:\/\/livinghome.vn\/thiet-bi\/lo-vi-song-tomate-tom-mw-220-am-tu-20-lit-5-chuc-nang\/","title":{"rendered":"L\u00f2 vi s\u00f3ng Tomate TOM MW-220 \u00c2m t\u1ee7 20 l\u00edt 5 ch\u1ee9c n\u0103ng"},"content":{"rendered":"<h2>L\u00f2 vi s\u00f3ng Tomate TOM MW-220 v\u01b0\u1edbi thi\u1ebft k\u1ebf hi\u1ec7n \u0111\u1ea1i \u0111\u1ea7y m\u1ea1nh m\u1ebd<\/h2>\n<figure id=\"attachment_44659\" aria-describedby=\"caption-attachment-44659\" style=\"width: 800px\" class=\"wp-caption alignnone\"><img loading=\"lazy\" decoding=\"async\" class=\"wp-image-44659 size-large\" src=\"https:\/\/livinghome.vn\/thiet-bi\/wp-content\/uploads\/nha-bep\/tomate\/lo-nuong\/lo-vi-song-am-tu\/lo-vi-song-am-tu-tomate-tom-mw-220\/lo-vi-song-am-tu-tomate-tom-mw-220-1-800x800.jpg\" alt=\"L\u00f2 vi s\u00f3ng Tomate TOM MW-220 \u00c2m t\u1ee7 20 l\u00edt 5 ch\u1ee9c n\u0103ng\" width=\"800\" height=\"800\" title=\"\"><figcaption id=\"caption-attachment-44659\" class=\"wp-caption-text\">L\u00f2 vi s\u00f3ng Tomate TOM MW-220 c\u00f3 dung t\u00edch 20 l\u00edt thu\u1ed9c h\u00e0ng ti\u00eau chu\u1ea9n hi\u1ec7n nay tr\u00ean th\u1ecb tr\u01b0\u1eddng<\/figcaption><\/figure>\n<h3><strong>Th\u00f4ng tin s\u1ea3n ph\u1ea9m<\/strong><\/h3>\n<ul>\n<li>Ph\u00e2n lo\u1ea1i : <a href=\"https:\/\/livinghome.vn\/product-category\/nha-bep\/lo-vi-song\/\">L\u00f2 vi s\u00f3ng<\/a> \u00e2m t\u1ee7<\/li>\n<li>M\u1eb7t k\u00ednh m\u00e0u \u0111en<\/li>\n<li>Khoan l\u00f2 b\u1eb1ng th\u00e9p kh\u00f4ng g\u1ec9<\/li>\n<li>05 m\u1ee9c c\u00f4ng su\u1ea5t vi s\u00f3ng<\/li>\n<li>H\u1ec7 th\u1ed1ng \u0111i\u1ec1u khi\u1ec3n \u0111i\u1ec7n t\u1eed s\u1eed d\u1ee5ng n\u00fam v\u1eb7n ti\u1ec7n d\u1ee5ng<\/li>\n<li>Ch\u1ee9c n\u0103ng vi s\u00f3ng K\u1ebeT H\u1ee2P ch\u1ee9c n\u0103ng n\u01b0\u1edbng (grill)<\/li>\n<li>Ch\u1ee9c n\u0103ng h\u1eb9n gi\u1edd<\/li>\n<li>Kh\u00f3a an to\u00e0n tr\u1ebb em<\/li>\n<li>Ch\u1ee9c n\u0103ng r\u1ea3 \u0111\u00f4ng b\u1eb1ng tr\u1ecdng l\u01b0\u1ee3ng<\/li>\n<li>Ch\u1ee9c n\u0103ng r\u1ea3 \u0111\u00f4ng b\u1eb1ng th\u1eddi gian<\/li>\n<li>Ch\u1ee9c n\u0103ng n\u1ea5u nhanh (Quick Start)<\/li>\n<li>Ch\u1ebf \u0111\u1ed9\u00a0<strong><em>Grill.Combi<\/em><\/strong>\u00a0\u0111\u1ec3 k\u1ebft h\u1ee3p ch\u1ebf \u0111\u1ed9 vi s\u00f3ng ch\u1ebf \u0111\u1ed9 n\u01b0\u1edbng ti\u1ec7n l\u1ee3i h\u01a1n<\/li>\n<\/ul>\n<figure id=\"attachment_44663\" aria-describedby=\"caption-attachment-44663\" style=\"width: 800px\" class=\"wp-caption alignnone\"><img loading=\"lazy\" decoding=\"async\" class=\"wp-image-44663 size-large\" src=\"https:\/\/livinghome.vn\/thiet-bi\/wp-content\/uploads\/nha-bep\/tomate\/lo-nuong\/lo-vi-song-am-tu\/lo-vi-song-am-tu-tomate-tom-mw-220\/lo-vi-song-am-tu-tomate-tom-mw-220-5-800x800.jpg\" alt=\"L\u00f2 vi s\u00f3ng Tomate TOM MW-220 \u00c2m t\u1ee7 20 l\u00edt 5 ch\u1ee9c n\u0103ng\" width=\"800\" height=\"800\" title=\"\"><figcaption id=\"caption-attachment-44663\" class=\"wp-caption-text\">B\u00ean trong trong khoang L\u00f2 vi s\u00f3ng Tomate TOM MW-220 nh\u00ecn r\u1ea5t ch\u1ea5t l\u01b0\u1ee3ng v\u1edbi \u0111\u0129a xoay<\/figcaption><\/figure>\n<h3><strong>Th\u00f4ng s\u1ed1 k\u1ef9 thu\u1eadt:<\/strong><\/h3>\n<ul>\n<li>Dung t\u00edch 20 l\u00edt<\/li>\n<li>\u0110i\u1ec7n \u00e1p: 220 -240\/50Hz<\/li>\n<li>C\u00f4ng su\u1ea5t: Vi s\u00f3ng 800W \u2013 N\u01b0\u1edbng 1.000W<\/li>\n<li>K\u00edch th\u01b0\u1edbc: W595*D400*H388mm<\/li>\n<\/ul>\n","protected":false},"excerpt":{"rendered":"<p>05 m\u1ee9c c\u00f4ng su\u1ea5t vi s\u00f3ng<\/p>\n<p>Dung t\u00edch 20 L<\/p>\n<p>\u0110i\u1ec7n \u00e1p: 220 -240\/50Hz<\/p>\n<p>C\u00f4ng su\u1ea5t: Vi s\u00f3ng 800W \u2013 N\u01b0\u1edbng 1.000W<\/p>\n<p>Khoan l\u00f2 b\u1eb1ng th\u00e9p kh\u00f4ng g\u1ec9<\/p>\n<p>&nbsp;<\/p>\n","protected":false},"featured_media":2966,"comment_status":"open","ping_status":"closed","template":"","meta":[],"product_brand":[],"product_cat":[159,1704,364],"product_tag":[158,160,376,372],"class_list":{"0":"post-2847","1":"product","2":"type-product","3":"status-publish","4":"has-post-thumbnail","6":"product_cat-lo-vi-song","7":"product_cat-lo-vi-song-tomate","8":"product_cat-thuong-hieu-tomate","9":"product_tag-lo-vi-song","10":"product_tag-lo-vi-song-am-tu","11":"product_tag-lo-vi-song-tomate","12":"product_tag-tomate","14":"first","15":"instock","16":"sale","17":"shipping-taxable","18":"purchasable","19":"product-type-simple"},"_links":{"self":[{"href":"https:\/\/livinghome.vn\/thiet-bi\/wp-json\/wp\/v2\/product\/2847","targetHints":{"allow":["GET"]}}],"collection":[{"href":"https:\/\/livinghome.vn\/thiet-bi\/wp-json\/wp\/v2\/product"}],"about":[{"href":"https:\/\/livinghome.vn\/thiet-bi\/wp-json\/wp\/v2\/types\/product"}],"replies":[{"embeddable":true,"href":"https:\/\/livinghome.vn\/thiet-bi\/wp-json\/wp\/v2\/comments?post=2847"}],"wp:featuredmedia":[{"embeddable":true,"href":"https:\/\/livinghome.vn\/thiet-bi\/wp-json\/wp\/v2\/media\/2966"}],"wp:attachment":[{"href":"https:\/\/livinghome.vn\/thiet-bi\/wp-json\/wp\/v2\/media?parent=2847"}],"wp:term":[{"taxonomy":"product_brand","embeddable":true,"href":"https:\/\/livinghome.vn\/thiet-bi\/wp-json\/wp\/v2\/product_brand?post=2847"},{"taxonomy":"product_cat","embeddable":true,"href":"https:\/\/livinghome.vn\/thiet-bi\/wp-json\/wp\/v2\/product_cat?post=2847"},{"taxonomy":"product_tag","embeddable":true,"href":"https:\/\/livinghome.vn\/thiet-bi\/wp-json\/wp\/v2\/product_tag?post=2847"}],"curies":[{"name":"wp","href":"https:\/\/api.w.org\/{rel}","templated":true}]}}